{"id":101822,"date":"2024-07-04T14:07:25","date_gmt":"2024-07-04T11:07:25","guid":{"rendered":"https:\/\/help.freeplanetvpn.com\/anonymous-browsing\/"},"modified":"2025-07-18T11:08:46","modified_gmt":"2025-07-18T08:08:46","slug":"anonymous-browsing","status":"publish","type":"page","link":"https:\/\/freevpnplanet.com\/pl\/anonymous-browsing\/","title":{"rendered":"Anonymous Browsing"},"content":{"rendered":"\n<div class=\"wp-block-group alignfull has-background is-layout-constrained wp-block-group-is-layout-constrained\" style=\"background:linear-gradient(135deg,rgb(16,33,84) 0%,rgb(3,7,17) 100%)\">\n<section class=\"image-text custom-block align-full bg-circle anonymous-browsing__banner  mobile-image-bottom mobile-title-center  header-size-medium text-size-small   content-left\" style='overflow: hidden;;--background-color:var(--none); --text-color:var(--white);--min-height-mobile:400px;--min-height-desktop:676px;--content-width:50%'>\n\n    <div class=\"gutenberg-block-background\"><img decoding=\"async\" width=\"1366\" height=\"684\" src=\"https:\/\/freevpnplanet.com\/wp-content\/uploads\/2024\/07\/rvpn-rays.d1295b71-20240714_163037_604254.svg\" class=\"gutenberg-block-background__image-desktop background-image\" alt=\"bg-image-desktop\" title=\"bg-image-desktop\" \/><\/div>\n    <div class=\"image-text__inner inner-container\">\n\n        \n                    <div class=\"image-text__content\">\n\n                <h1>Anonimowe surfowanie i przegl\u0105danie Internetu z darmow\u0105 sieci\u0105 VPN<\/h1>\n\n\n\n<p>Przegl\u0105daj strony anonimowo z Planet VPN. Dzi\u0119ki Planet VPN Twoje dzia\u0142ania w Internecie nie mog\u0105 by\u0107 \u015bledzone, a Twoja prywatno\u015b\u0107 jest chroniona!<\/p>\n                                    <div class=\"image-text__cta\">\n                        <a href=\"\/pl\/plans\/\" target=\"_self\" id=\"qa-hero-cta-btn\" class=\"cta download-by-platform cta--with-border cta-size--small cta-mt--initial icon-position--icon-left\" style=\"--border-radius:40px\"><span class=\"cta__name\">Pobierz za darmo<\/span><\/a>                    <\/div>\n                \n            <\/div>\n        \n                    <div class=\"bg-image-wrapper bg-image-wrapper--desktop custom image-align--right\">\n                <figure style='--image-max-width:1293px;--image-opacity:1.00;width: calc(100% - 20px);left:5%;top:53%'>\n                    <img decoding=\"async\" width=\"1293\" height=\"636\" src=\"https:\/\/freevpnplanet.com\/wp-content\/uploads\/2024\/07\/rvpn-illustration.7b55dbd1-20240704_160606_363858.svg\" class=\"bg-image\" alt=\"Background Image for Desktop\" \/>                <\/figure>\n            <\/div>\n        \n                    <div class=\"bg-image-wrapper bg-image-wrapper--mobile regular-image\">\n                <figure style='width: 150%;max-width: 570px;opacity: 1.00;margin-top: 24px'>\n                    <img decoding=\"async\" width=\"1293\" height=\"636\" src=\"https:\/\/freevpnplanet.com\/wp-content\/uploads\/2024\/07\/rvpn-illustration.7b55dbd1-20240704_160606_363858.svg\" class=\"bg-image\" alt=\"Background Image for Mobile\" \/>                <\/figure>\n            <\/div>\n            <\/div>\n<\/section><\/div>\n\n\n\n<section class=\"image-text-static-image custom-block align-none  mobile-image-bottom   header-size-small text-size-small  \" style=''>\n\n    <div class=\"gutenberg-block-background\"><\/div>\n    <div class=\"image-text-static-image__inner inner-container\">\n                    <div class=\"image-text-static-image__content content-right\" style='--content-width: 50%'>\n                                    <div class=\"image-text-static-image__title\">\n                        <h2 >DLACZEGO POTRZEBUJEMY ANONIMOWO\u015aCI PODCZAS SURFOWANIA PO INTERNECIE?<\/h2>                    <\/div>\n                \n                <p>Przypu\u015b\u0107my, \u017ce zdecydujesz si\u0119 kupi\u0107 co\u015b online w sklepie internetowym i wprowadzisz dane swojej karty kredytowej\/debetowej, zar\u00f3wno dostawca, jak i cyber-atakuj\u0105cy mog\u0105 \u0142atwo przechwyci\u0107 Twoje dane i wykorzysta\u0107 je do w\u0142asnych cel\u00f3w. To samo dotyczy wype\u0142niania jakichkolwiek formularzy z danymi osobowymi.<\/p>\n<p>Nawet proste wiadomo\u015bci online na portalach randkowych lub portalach spo\u0142eczno\u015bciowych mog\u0105 zosta\u0107 upublicznione, je\u015bli po\u0142\u0105czenie mi\u0119dzy u\u017cytkownikiem a us\u0142ug\u0105 internetow\u0105 nie jest bezpiecznie szyfrowane.<\/p>\n                                    <div class=\"image-text-static-image__cta\">\n                                                    <a href=\"\/pl\/plans\/\" target=\"_self\" id=\"qa-cta-btn-why\" class=\"cta download-by-platform cta--with-border cta-size--small cta-mt--initial icon-position--icon-left\" style=\"--border-radius:40px\"><span class=\"cta__name\">Pobierz za darmo<\/span><\/a>                                            <\/div>\n                \n                \n\n            <\/div>\n        \n                    <div class=\"bg-image-wrapper bg-image-wrapper--desktop  left image-align--center\" style='--image-max-width: 50%'>\n                <figure>\n                    <img width=\"436\" height=\"449\" src=\"https:\/\/freevpnplanet.com\/wp-content\/uploads\/2024\/07\/rvpn-anon.610c0fb1-20240704_161721_585357.svg\" class=\"attachment-full size-full\" alt=\"\" loading=\"lazy\" decoding=\"sync\" fetchpriority=\"low\" style=\"max-width:436px\" sizes=\"auto, (max-width: 436px) 100vw, 436px\" aria-hidden=\"true\" \/>                    <!-- <img decoding=\"async\" width=\"436\" height=\"449\" src=\"https:\/\/freevpnplanet.com\/wp-content\/uploads\/2024\/07\/rvpn-anon.610c0fb1-20240704_161721_585357.svg\" class=\"attachment-full size-full\" alt=\"\" style=\"max-width:436px\" \/> -->\n                <\/figure>\n            <\/div>\n        \n            <\/div>\n<\/section>\n\n\n<div class=\"wp-block-group alignfull has-background is-layout-constrained wp-block-group-is-layout-constrained\" style=\"background-color:#2f77d4\">\n<section class=\"image-text custom-block align-full   mobile-image-bottom mobile-title-center  header-size-medium text-size-small   content-left\" style='overflow: hidden;;--background-color:var(--none); --text-color:var(--white);--min-height-mobile:400px;--min-height-desktop:650px;--content-width:52%'>\n\n    <div class=\"gutenberg-block-background\"><\/div>\n    <div class=\"image-text__inner inner-container\">\n\n        \n                    <div class=\"image-text__content\">\n\n                <h2><span data-sheets-root=\"1\">PLANET VPN &#8211; NAJLEPSZA ANONIMOWA US\u0141UGA VPN<\/span><\/h2>\n\n\n<p>Stworzyli\u015bmy zaawansowan\u0105 us\u0142ug\u0119 VPN z szybkimi serwerami i silnym szyfrowaniem danych. Wiele naszych serwer\u00f3w znajduje si\u0119 w r\u00f3\u017cnych krajach \u015bwiata. Szybkie, szerokie kana\u0142y i ca\u0142kowity brak rejestrowania informacji. A tak\u017ce anonimowo\u015b\u0107 p\u0142atno\u015bci &#8211; to w\u0142a\u015bnie odr\u00f3\u017cnia Planet VPN od wszystkich innych konkurent\u00f3w.<br \/>Nigdy nie rejestrujemy Twojego ruchu internetowego w \u017caden spos\u00f3b, uniemo\u017cliwiaj\u0105c identyfikacj\u0119 po adresie IP lub znaczniku czasu<\/p>\n<p>Planet VPN nie udost\u0119pnia nikomu informacji o u\u017cytkowniku. Co wi\u0119cej, poniewa\u017c nie przechowujemy \u017cadnych danych ani dziennik\u00f3w, nikt nie b\u0119dzie w stanie uzyska\u0107 Twoich danych.<\/p>\n                                    <div class=\"image-text__cta\">\n                        <a href=\"\/pl\/download\/\" target=\"\" id=\"qa-cta-does-vpn-btn\" class=\"cta cta-size--small cta-mt--initial icon-position--icon-left\" style=\"--border-radius:25px;--border-width:3px;--button-width:320px\"><span class=\"cta__name\">Pobierz za darmo<\/span><\/a>                    <\/div>\n                \n            <\/div>\n        \n                    <div class=\"bg-image-wrapper bg-image-wrapper--desktop custom image-align--left\">\n                <figure style='--image-max-width:1500px;--image-opacity:1.00;width: calc(70% - 20px);left:42%;top:50%'>\n                    <img decoding=\"async\" width=\"1140\" height=\"1140\" src=\"https:\/\/freevpnplanet.com\/wp-content\/uploads\/2024\/05\/rvpn-rvpn-map-20240410-114426-568830-20240507_185226_366905.png\" class=\"bg-image\" alt=\"Background Image for Desktop\" \/>                <\/figure>\n            <\/div>\n        \n                    <div class=\"bg-image-wrapper bg-image-wrapper--mobile background-image\">\n                <figure style='width: 140%;max-width: 1000px;opacity: 0.20;margin-top: 24px'>\n                    <img decoding=\"async\" width=\"1140\" height=\"1140\" src=\"https:\/\/freevpnplanet.com\/wp-content\/uploads\/2024\/05\/rvpn-rvpn-map-20240410-114426-568830-20240507_185226_366905.png\" class=\"bg-image\" alt=\"Background Image for Mobile\" \/>                <\/figure>\n            <\/div>\n            <\/div>\n<\/section><\/div>\n\n\n\n<div class=\"wp-block-group alignfull has-background-blue-background-color has-background is-content-justification-center is-nowrap is-layout-flex wp-container-core-group-is-layout-3 wp-block-group-is-layout-flex\">\n<div class=\"wp-block-columns wp-container-content-1 is-layout-flex wp-container-core-columns-is-layout-1 wp-block-columns-is-layout-flex row-gap--20 stack-breakpoint--768\">\n<div class=\"wp-block-column is-layout-flow wp-block-column-is-layout-flow\">\n<section class=\"advanced-steps custom-block align-none  align-desktop-left align-mobile-left font-normal three-columns title-small image-shadow\" style='--background-color:var(--dark-blue-8)'>\n\n    <div class=\"gutenberg-block-background\"><\/div>\n    <div class=\"advanced-steps__container inner-container\">\n                    <div class=\"advanced-steps__intro\">\n                <h2 style=\"text-align: center;\" data-mce-style=\"text-align: center;\">JAK ZACZ\u0104\u0106 PRZEGL\u0104DA\u0106 STRONY ANONIMOWO?<\/h2>            <\/div>\n        \n        <ul class=\"advanced-steps__list advanced-steps__list--download-steps\" style='--columns-gap:50px'>\n                            <li style='--max-width:px'>\n                                            <h2 class=\"step-title\">1. Pobierz<\/h2>\n                    \n                                            <div class=\"image-wrapper\">\n                            <img decoding=\"async\" width=\"219\" height=\"170\" src=\"https:\/\/freevpnplanet.com\/wp-content\/uploads\/2024\/05\/rvpn-download.df91dd21-20240524_114147_333777.svg\" class=\"attachment-full size-full\" alt=\"Step 1\" \/>                        <\/div>\n\n                                                    <p><a href=\"https:\/\/freevpnplanet.com\/pl\/download\/\" id=\"qa-advanced-step-content-link\">Pobierz <\/a><span data-sheets-root=\"1\">i zainstaluj aplikacj\u0119 na swoim urz\u0105dzeniu.<\/span><\/p>                                                            <\/li>\n                                <li style='--max-width:px'>\n                                            <h2 class=\"step-title\">2. Po\u0142\u0105cz<\/h2>\n                    \n                                            <div class=\"image-wrapper\">\n                            <img decoding=\"async\" width=\"220\" height=\"171\" src=\"https:\/\/freevpnplanet.com\/wp-content\/uploads\/2024\/05\/rvpn-login.60a645a1-20240524_114327_062578.svg\" class=\"attachment-full size-full\" alt=\"Step 1\" \/>                        <\/div>\n\n                                                    <p><span data-sheets-root=\"1\">Po\u0142\u0105cz si\u0119 z jednym z naszych serwer\u00f3w.<\/span><\/p>                                                            <\/li>\n                                <li style='--max-width:px'>\n                                            <h2 class=\"step-title\">3. Odwied\u017a<\/h2>\n                    \n                                            <div class=\"image-wrapper\">\n                            <img decoding=\"async\" width=\"219\" height=\"170\" src=\"https:\/\/freevpnplanet.com\/wp-content\/uploads\/2024\/05\/rvpn-connect.12ef9ce1-20240524_114733_838401.svg\" class=\"attachment-full size-full\" alt=\"Step 3\" \/>                        <\/div>\n\n                                                    <p><span data-sheets-root=\"1\">Odwied\u017a dowoln\u0105 stron\u0119 internetow\u0105 bez ogranicze\u0144<\/span><\/p>                                                            <\/li>\n                        <\/ul>\n\n                    <div class=\"advanced-steps__cta\">\n                <a href=\"\/pl\/plans\/\" target=\"_self\" id=\"qa-steps-btn-cta\" class=\"cta download-by-platform cta--with-border cta-size--small cta-mt--initial icon-position--icon-left\" style=\"--border-radius:40px\"><span class=\"cta__name\">Pobierz za darmo<\/span><\/a>            <\/div>\n        \n        \n        \n\n    <\/div>\n<\/section>\n<\/div>\n<\/div>\n<\/div>\n\n\n\n<section class=\"wrapper custom-block align-none    \" style=''>\n\n    <div class=\"gutenberg-block-background\"><\/div>\n    <div class=\"wrapper__inner inner-container\">\n        \n\n<section class=\"image-text-static-image custom-block align-none  mobile-image-bottom   header-size-small text-size-small  pb-0--desktop\" style=''>\n\n    <div class=\"gutenberg-block-background\"><\/div>\n    <div class=\"image-text-static-image__inner inner-container\">\n                    <div class=\"image-text-static-image__content content-right\" style='--content-width: 50%'>\n                                    <div class=\"image-text-static-image__title\">\n                        <h2 >OCHRONA DANYCH OSOBOWYCH PRZED NIECHCIANYMI INTRUZAMI<\/h2>                    <\/div>\n                \n                <p>Je\u015bli nie korzystasz z VPN, bardzo \u0142atwo jest \u015bledzi\u0107 i przechwytywa\u0107 Twoje dane. Dostawcy Internetu \u015bledz\u0105 i rejestruj\u0105 dzia\u0142ania u\u017cytkownik\u00f3w oraz udost\u0119pniaj\u0105 te informacje innym organizacjom.<\/p>\n<p>Organizacje te wykorzystuj\u0105 dane u\u017cytkownika w celu ograniczenia dost\u0119pu do okre\u015blonych tre\u015bci, a na podstawie analizy mog\u0105 wy\u015bwietla\u0107 zawy\u017cone ceny. Nie wspominaj\u0105c ju\u017c o podatno\u015bci na cyberprzest\u0119pczo\u015b\u0107 i inwigilacj\u0119, zw\u0142aszcza w przypadku po\u0142\u0105czenia z publicznymi sieciami Wi-Fi.<\/p>\n<p>U\u017cyj Planet VPN, aby anonimowo surfowa\u0107 po Internecie i nie pozwoli\u0107 nikomu ingerowa\u0107 w Twoje osobiste sprawy.<\/p>\n                \n                \n\n            <\/div>\n        \n                    <div class=\"bg-image-wrapper bg-image-wrapper--desktop  left image-align--center\" style='--image-max-width: 50%'>\n                <figure>\n                    <img width=\"491\" height=\"436\" src=\"https:\/\/freevpnplanet.com\/wp-content\/uploads\/2024\/07\/rvpn-prot.d6581c71-20240704_192646_132779.svg\" class=\"attachment-full size-full\" alt=\"\" loading=\"lazy\" decoding=\"sync\" fetchpriority=\"low\" style=\"max-width:491px\" sizes=\"auto, (max-width: 491px) 100vw, 491px\" aria-hidden=\"true\" \/>                    <!-- <img decoding=\"async\" width=\"491\" height=\"436\" src=\"https:\/\/freevpnplanet.com\/wp-content\/uploads\/2024\/07\/rvpn-prot.d6581c71-20240704_192646_132779.svg\" class=\"attachment-full size-full\" alt=\"\" style=\"max-width:491px\" \/> -->\n                <\/figure>\n            <\/div>\n        \n            <\/div>\n<\/section>\n\n\n<section class=\"image-text-static-image custom-block align-none  mobile-image-bottom   header-size-small text-size-small  \" style=''>\n\n    <div class=\"gutenberg-block-background\"><\/div>\n    <div class=\"image-text-static-image__inner inner-container\">\n                    <div class=\"image-text-static-image__content content-left\" style='--content-width: 52%'>\n                                    <div class=\"image-text-static-image__title\">\n                        <h2 >UKRYJ SWOJ\u0104 LOKALIZACJ\u0118 I PRZEGL\u0104DAJ STRONY ANONIMOWO.<\/h2>                    <\/div>\n                \n                <p>Zar\u00f3wno du\u017ce, jak i ma\u0142e firmy wydaj\u0105 ogromne sumy pieni\u0119dzy, aby zapewni\u0107, \u017ce ich zasoby sieciowe i po\u0142\u0105czenia internetowe s\u0105 wykorzystywane zgodnie z ich przeznaczeniem.<\/p>\n<p>Firmy zatrudniaj\u0105 najlepszych specjalist\u00f3w IT, ale nawet najbardziej podstawowy u\u017cytkownik mo\u017ce teraz omin\u0105\u0107 zasady zapory sieciowej Planet VPN, ukry\u0107 swoj\u0105 lokalizacj\u0119 i uzyska\u0107 anonimowy dost\u0119p do Internetu i zablokowanych stron internetowych.<\/p>\n                \n                \n\n            <\/div>\n        \n                    <div class=\"bg-image-wrapper bg-image-wrapper--desktop  right image-align--center\" style='--image-max-width: 48%'>\n                <figure>\n                    <img width=\"436\" height=\"449\" src=\"https:\/\/freevpnplanet.com\/wp-content\/uploads\/2024\/07\/rvpn-anon.610c0fb1-20240704_161721_585357.svg\" class=\"attachment-full size-full\" alt=\"\" loading=\"lazy\" decoding=\"sync\" fetchpriority=\"low\" style=\"max-width:436px\" sizes=\"auto, (max-width: 436px) 100vw, 436px\" aria-hidden=\"true\" \/>                    <!-- <img decoding=\"async\" width=\"436\" height=\"449\" src=\"https:\/\/freevpnplanet.com\/wp-content\/uploads\/2024\/07\/rvpn-anon.610c0fb1-20240704_161721_585357.svg\" class=\"attachment-full size-full\" alt=\"\" style=\"max-width:436px\" \/> -->\n                <\/figure>\n            <\/div>\n        \n            <\/div>\n<\/section>\n\n\n<div class=\"buttons custom-block align-center \">\n                        <a href=\"\/pl\/plans\/\" target=\"_self\" id=\"qa-btn-why-bottom-cta\" class=\"cta download-by-platform cta--with-border cta-size--small cta-mt--initial icon-position--icon-left\" style=\"--border-radius:40px\"><span class=\"cta__name\">Pobierz za darmo<\/span><\/a>            <\/div>\n\n    <\/div>\n\n<\/section>","protected":false},"excerpt":{"rendered":"","protected":false},"author":39,"featured_media":0,"parent":0,"menu_order":0,"comment_status":"closed","ping_status":"closed","template":"templates\/page_template-basic_for_gutenberg.php","meta":{"_acf_changed":false,"inline_featured_image":false,"footnotes":""},"download_by_lite_tag":[],"class_list":["post-101822","page","type-page","status-publish","hentry"],"yoast_head":"<!-- This site is optimized with the Yoast SEO plugin v22.6 - https:\/\/yoast.com\/wordpress\/plugins\/seo\/ -->\n<title>Darmowy VPN do anonimowego przegl\u0105dania i surfowania | Planet VPN<\/title>\n<meta name=\"description\" content=\"Bezpiecznie szyfruj ruch i ukryj sw\u00f3j prawdziwy adres IP dzi\u0119ki VPN. Ukryj swoj\u0105 aktywno\u015b\u0107 online dzi\u0119ki Planet VPN.\" \/>\n<meta name=\"robots\" content=\"index, follow, max-snippet:-1, max-image-preview:large, max-video-preview:-1\" \/>\n<link rel=\"canonical\" href=\"https:\/\/freevpnplanet.com\/pl\/anonymous-browsing\/\" \/>\n<meta property=\"og:locale\" content=\"pl_PL\" \/>\n<meta property=\"og:type\" content=\"article\" \/>\n<meta property=\"og:title\" content=\"Darmowy VPN do anonimowego przegl\u0105dania i surfowania | Planet VPN\" \/>\n<meta property=\"og:description\" content=\"Bezpiecznie szyfruj ruch i ukryj sw\u00f3j prawdziwy adres IP dzi\u0119ki VPN. Ukryj swoj\u0105 aktywno\u015b\u0107 online dzi\u0119ki Planet VPN.\" \/>\n<meta property=\"og:url\" content=\"https:\/\/freevpnplanet.com\/pl\/anonymous-browsing\/\" \/>\n<meta property=\"og:site_name\" content=\"Planet VPN\" \/>\n<meta property=\"article:modified_time\" content=\"2025-07-18T08:08:46+00:00\" \/>\n<meta name=\"twitter:card\" content=\"summary_large_image\" \/>\n<script type=\"application\/ld+json\" class=\"yoast-schema-graph\">{\"@context\":\"https:\/\/schema.org\",\"@graph\":[{\"@type\":\"WebPage\",\"@id\":\"https:\/\/freevpnplanet.com\/pl\/anonymous-browsing\/\",\"url\":\"https:\/\/freevpnplanet.com\/pl\/anonymous-browsing\/\",\"name\":\"Darmowy VPN do anonimowego przegl\u0105dania i surfowania | Planet VPN\",\"isPartOf\":{\"@id\":\"https:\/\/freevpnplanet.com\/pl\/#website\"},\"datePublished\":\"2024-07-04T11:07:25+00:00\",\"dateModified\":\"2025-07-18T08:08:46+00:00\",\"description\":\"Bezpiecznie szyfruj ruch i ukryj sw\u00f3j prawdziwy adres IP dzi\u0119ki VPN. Ukryj swoj\u0105 aktywno\u015b\u0107 online dzi\u0119ki Planet VPN.\",\"breadcrumb\":{\"@id\":\"https:\/\/freevpnplanet.com\/pl\/anonymous-browsing\/#breadcrumb\"},\"inLanguage\":\"pl\",\"potentialAction\":[{\"@type\":\"ReadAction\",\"target\":[\"https:\/\/freevpnplanet.com\/pl\/anonymous-browsing\/\"]}]},{\"@type\":\"BreadcrumbList\",\"@id\":\"https:\/\/freevpnplanet.com\/pl\/anonymous-browsing\/#breadcrumb\",\"itemListElement\":[{\"@type\":\"ListItem\",\"position\":1,\"name\":\"Home\",\"item\":\"https:\/\/freevpnplanet.com\/pl\/\"},{\"@type\":\"ListItem\",\"position\":2,\"name\":\"Anonymous Browsing\"}]},{\"@type\":\"WebSite\",\"@id\":\"https:\/\/freevpnplanet.com\/pl\/#website\",\"url\":\"https:\/\/freevpnplanet.com\/pl\/\",\"name\":\"Planet VPN \ud83d\udee1\ufe0f\ud83c\udf10 Free VPN\",\"description\":\"Free VPN\",\"potentialAction\":[{\"@type\":\"SearchAction\",\"target\":{\"@type\":\"EntryPoint\",\"urlTemplate\":\"https:\/\/freevpnplanet.com\/pl\/?s={search_term_string}\"},\"query-input\":\"required name=search_term_string\"}],\"inLanguage\":\"pl\",\"publisher\":{\"@id\":\"https:\/\/freevpnplanet.com\/pl\/#organization\"}},{\"@context\":\"https:\/\/schema.org\/\",\"@type\":\"SoftwareApplication\",\"name\":\"Planet VPN \ud83d\udee1\ufe0f\ud83c\udf10 Free VPN\",\"operatingSystem\":\"Windows, macOS, iOS, Android, Linux, Chrome\",\"applicationCategory\":\"SecurityApplication\",\"offers\":{\"@type\":\"AggregateOffer\",\"priceCurrency\":\"USD\",\"price\":\"0\",\"lowPrice\":\"0\",\"availability\":\"https:\/\/schema.org\/InStock\"},\"aggregateRating\":{\"@type\":\"AggregateRating\",\"ratingValue\":\"4.8\",\"bestRating\":\"5\",\"ratingCount\":\"12476\"}},{\"@type\":\"Organization\",\"@id\":\"https:\/\/freevpnplanet.com\/pl\/#organization\",\"url\":\"https:\/\/freevpnplanet.com\/pl\/\",\"name\":\"Planet VPN \ud83d\udee1\ufe0f\ud83c\udf10 Free VPN\"}]}<\/script>\n<!-- \/ Yoast SEO plugin. -->","yoast_head_json":{"title":"Darmowy VPN do anonimowego przegl\u0105dania i surfowania | Planet VPN","description":"Bezpiecznie szyfruj ruch i ukryj sw\u00f3j prawdziwy adres IP dzi\u0119ki VPN. Ukryj swoj\u0105 aktywno\u015b\u0107 online dzi\u0119ki Planet VPN.","robots":{"index":"index","follow":"follow","max-snippet":"max-snippet:-1","max-image-preview":"max-image-preview:large","max-video-preview":"max-video-preview:-1"},"canonical":"https:\/\/freevpnplanet.com\/pl\/anonymous-browsing\/","og_locale":"pl_PL","og_type":"article","og_title":"Darmowy VPN do anonimowego przegl\u0105dania i surfowania | Planet VPN","og_description":"Bezpiecznie szyfruj ruch i ukryj sw\u00f3j prawdziwy adres IP dzi\u0119ki VPN. Ukryj swoj\u0105 aktywno\u015b\u0107 online dzi\u0119ki Planet VPN.","og_url":"https:\/\/freevpnplanet.com\/pl\/anonymous-browsing\/","og_site_name":"Planet VPN","article_modified_time":"2025-07-18T08:08:46+00:00","twitter_card":"summary_large_image","schema":{"@context":"https:\/\/schema.org","@graph":[{"@type":"WebPage","@id":"https:\/\/freevpnplanet.com\/pl\/anonymous-browsing\/","url":"https:\/\/freevpnplanet.com\/pl\/anonymous-browsing\/","name":"Darmowy VPN do anonimowego przegl\u0105dania i surfowania | Planet VPN","isPartOf":{"@id":"https:\/\/freevpnplanet.com\/pl\/#website"},"datePublished":"2024-07-04T11:07:25+00:00","dateModified":"2025-07-18T08:08:46+00:00","description":"Bezpiecznie szyfruj ruch i ukryj sw\u00f3j prawdziwy adres IP dzi\u0119ki VPN. Ukryj swoj\u0105 aktywno\u015b\u0107 online dzi\u0119ki Planet VPN.","breadcrumb":{"@id":"https:\/\/freevpnplanet.com\/pl\/anonymous-browsing\/#breadcrumb"},"inLanguage":"pl","potentialAction":[{"@type":"ReadAction","target":["https:\/\/freevpnplanet.com\/pl\/anonymous-browsing\/"]}]},{"@type":"BreadcrumbList","@id":"https:\/\/freevpnplanet.com\/pl\/anonymous-browsing\/#breadcrumb","itemListElement":[{"@type":"ListItem","position":1,"name":"Home","item":"https:\/\/freevpnplanet.com\/pl\/"},{"@type":"ListItem","position":2,"name":"Anonymous Browsing"}]},{"@type":"WebSite","@id":"https:\/\/freevpnplanet.com\/pl\/#website","url":"https:\/\/freevpnplanet.com\/pl\/","name":"Planet VPN \ud83d\udee1\ufe0f\ud83c\udf10 Free VPN","description":"Free VPN","potentialAction":[{"@type":"SearchAction","target":{"@type":"EntryPoint","urlTemplate":"https:\/\/freevpnplanet.com\/pl\/?s={search_term_string}"},"query-input":"required name=search_term_string"}],"inLanguage":"pl","publisher":{"@id":"https:\/\/freevpnplanet.com\/pl\/#organization"}},{"@context":"https:\/\/schema.org\/","@type":"SoftwareApplication","name":"Planet VPN \ud83d\udee1\ufe0f\ud83c\udf10 Free VPN","operatingSystem":"Windows, macOS, iOS, Android, Linux, Chrome","applicationCategory":"SecurityApplication","offers":{"@type":"AggregateOffer","priceCurrency":"USD","price":"0","lowPrice":"0","availability":"https:\/\/schema.org\/InStock"},"aggregateRating":{"@type":"AggregateRating","ratingValue":"4.8","bestRating":"5","ratingCount":"12476"}},{"@type":"Organization","@id":"https:\/\/freevpnplanet.com\/pl\/#organization","url":"https:\/\/freevpnplanet.com\/pl\/","name":"Planet VPN \ud83d\udee1\ufe0f\ud83c\udf10 Free VPN"}]}},"acf":[],"_links":{"self":[{"href":"https:\/\/freevpnplanet.com\/pl\/wp-json\/wp\/v2\/pages\/101822","targetHints":{"allow":["GET"]}}],"collection":[{"href":"https:\/\/freevpnplanet.com\/pl\/wp-json\/wp\/v2\/pages"}],"about":[{"href":"https:\/\/freevpnplanet.com\/pl\/wp-json\/wp\/v2\/types\/page"}],"author":[{"embeddable":true,"href":"https:\/\/freevpnplanet.com\/pl\/wp-json\/wp\/v2\/users\/39"}],"replies":[{"embeddable":true,"href":"https:\/\/freevpnplanet.com\/pl\/wp-json\/wp\/v2\/comments?post=101822"}],"version-history":[{"count":8,"href":"https:\/\/freevpnplanet.com\/pl\/wp-json\/wp\/v2\/pages\/101822\/revisions"}],"predecessor-version":[{"id":171403,"href":"https:\/\/freevpnplanet.com\/pl\/wp-json\/wp\/v2\/pages\/101822\/revisions\/171403"}],"wp:attachment":[{"href":"https:\/\/freevpnplanet.com\/pl\/wp-json\/wp\/v2\/media?parent=101822"}],"wp:term":[{"taxonomy":"download_by_lite_tag","embeddable":true,"href":"https:\/\/freevpnplanet.com\/pl\/wp-json\/wp\/v2\/download_by_lite_tag?post=101822"}],"curies":[{"name":"wp","href":"https:\/\/api.w.org\/{rel}","templated":true}]}}