{"id":102368,"date":"2024-07-01T18:45:04","date_gmt":"2024-07-01T15:45:04","guid":{"rendered":"https:\/\/help.freeplanetvpn.com\/encryption-of-internet-connection\/"},"modified":"2025-07-18T11:55:08","modified_gmt":"2025-07-18T08:55:08","slug":"encryption-of-internet-connection","status":"publish","type":"page","link":"https:\/\/freevpnplanet.com\/pl\/encryption-of-internet-connection\/","title":{"rendered":"Encryption of internet connection"},"content":{"rendered":"\n<section class=\"image-text-static-image custom-block align-none  mobile-image-bottom   header-size-small text-size-small  \" style='--background-color:var(--dark-blue-0); --text-color:var(--white)'>\n\n    <div class=\"gutenberg-block-background\"><\/div>\n    <div class=\"image-text-static-image__inner inner-container\">\n                    <div class=\"image-text-static-image__content content-left\" style='--content-width: 50%'>\n                                    <div class=\"image-text-static-image__title\">\n                        <h1 >Szyfrowanie i bezpiecze\u0144stwo danych z darmow\u0105 sieci\u0105 VPN<\/h1>                    <\/div>\n                \n                <p>Planet VPN nie tylko ukrywa twoje prawdziwe IP, ale tak\u017ce bezpiecznie szyfruje ruch przechodz\u0105cy przez Internet. Nikt, nawet dostawca us\u0142ug internetowych lub gospodarz publicznego hotspotu WiFi, nie mo\u017ce uzyska\u0107 dost\u0119pu do wysy\u0142anych i odbieranych danych.<\/p>\n                                    <div class=\"image-text-static-image__cta\">\n                                                    <a href=\"\/pl\/plans\/\" target=\"_self\" id=\"qa-hero-cta-btn\" class=\"cta download-by-platform cta--with-border cta-size--small cta-mt--initial icon-position--icon-left\" style=\"--border-radius:40px\"><span class=\"cta__name\">Pobierz za darmo<\/span><\/a>                                            <\/div>\n                \n                \n\n            <\/div>\n        \n                    <div class=\"bg-image-wrapper bg-image-wrapper--desktop  right image-align--center\" style='--image-max-width: 50%'>\n                <figure>\n                    <img width=\"581\" height=\"581\" src=\"https:\/\/freevpnplanet.com\/wp-content\/uploads\/2024\/07\/rvpn-illustration.96354e01-20240701_184724_295398.svg\" class=\"attachment-full size-full\" alt=\"\" loading=\"lazy\" decoding=\"sync\" fetchpriority=\"low\" style=\"max-width:600px\" sizes=\"auto, (max-width: 600px) 100vw, 600px\" aria-hidden=\"true\" \/>                    <!-- <img decoding=\"async\" width=\"581\" height=\"581\" src=\"https:\/\/freevpnplanet.com\/wp-content\/uploads\/2024\/07\/rvpn-illustration.96354e01-20240701_184724_295398.svg\" class=\"attachment-full size-full\" alt=\"\" style=\"max-width:600px\" \/> -->\n                <\/figure>\n            <\/div>\n        \n            <\/div>\n<\/section>\n\n\n<section class=\"image-text-static-image custom-block align-none  mobile-image-bottom  pb-0 header-size-small text-size-small  pb-0--desktop\" style=''>\n\n    <div class=\"gutenberg-block-background\"><\/div>\n    <div class=\"image-text-static-image__inner inner-container\">\n                    <div class=\"image-text-static-image__content content-right\" style='--content-width: 59%'>\n                \n                <h2>JAK DZIA\u0141A SZYFROWANIE VPN?<\/h2>\n<p>Gdy urz\u0105dzenie \u0142\u0105czy si\u0119 z sieci\u0105 Planet VPN, wszystkie dane przesy\u0142ane przez Internet s\u0105 szyfrowane za pomoc\u0105 niezawodnego 256-bitowego szyfrowania i s\u0105 odszyfrowywane tylko na serwerach VPN. Ten format szyfrowania zapewnia poufno\u015b\u0107 transmisji danych przez Internet.<\/p>\n<p>Szyfrowanie to proces kodowania danych w taki spos\u00f3b, \u017ce tylko zamierzony odbiorca, kt\u00f3ry ma odpowiednie \u015brodki do odszyfrowania, mo\u017ce odczyta\u0107 i wykorzysta\u0107 dane.<\/p>\n                \n                \n\n            <\/div>\n        \n                    <div class=\"bg-image-wrapper bg-image-wrapper--desktop  left image-align--center\" style='--image-max-width: 41%'>\n                <figure>\n                    <img width=\"436\" height=\"436\" src=\"https:\/\/freevpnplanet.com\/wp-content\/uploads\/2024\/06\/rvpn-zoom.97114291-20240628_180539_548832.svg\" class=\"attachment-full size-full\" alt=\"\" loading=\"lazy\" decoding=\"sync\" fetchpriority=\"low\" style=\"max-width:440px\" sizes=\"auto, (max-width: 440px) 100vw, 440px\" aria-hidden=\"true\" \/>                    <!-- <img decoding=\"async\" width=\"436\" height=\"436\" src=\"https:\/\/freevpnplanet.com\/wp-content\/uploads\/2024\/06\/rvpn-zoom.97114291-20240628_180539_548832.svg\" class=\"attachment-full size-full\" alt=\"\" style=\"max-width:440px\" \/> -->\n                <\/figure>\n            <\/div>\n        \n            <\/div>\n<\/section>\n\n\n<section class=\"image-text-static-image custom-block align-none  mobile-image-bottom   header-size-small text-size-small  \" style=''>\n\n    <div class=\"gutenberg-block-background\"><\/div>\n    <div class=\"image-text-static-image__inner inner-container\">\n                    <div class=\"image-text-static-image__content content-left\" style='--content-width: 59%'>\n                \n                <p>Aktywne po\u0142\u0105czenie VPN jest jak rura w rurze; nikt z zewn\u0105trz nie mo\u017ce dosta\u0107 si\u0119 do \u015brodka i dowiedzie\u0107 si\u0119, co tam jest. Nawet je\u015bli kto\u015b w jaki\u015b spos\u00f3b odbierze pakiety danych, nie b\u0119dzie w stanie nic z nimi zrobi\u0107 bez unikalnego klucza, kt\u00f3ry jest generowany w momencie wymiany danych mi\u0119dzy urz\u0105dzeniem a serwerem VPN.<\/p>\n<p>Gwarantuje to pe\u0142n\u0105 anonimowo\u015b\u0107, bezpiecze\u0144stwo i integralno\u015b\u0107 danych wysy\u0142anych i odbieranych przez u\u017cytkownika za po\u015brednictwem Internetu przy u\u017cyciu us\u0142ugi Planet VPN.<\/p>\n                \n                \n\n            <\/div>\n        \n                    <div class=\"bg-image-wrapper bg-image-wrapper--desktop  right image-align--center\" style='--image-max-width: 41%'>\n                <figure>\n                    <img width=\"328\" height=\"400\" src=\"https:\/\/freevpnplanet.com\/wp-content\/uploads\/2024\/07\/rvpn-crypt.b03ccf11-20240701_185224_014234.svg\" class=\"attachment-full size-full\" alt=\"\" loading=\"lazy\" decoding=\"sync\" fetchpriority=\"low\" style=\"max-width:330px\" sizes=\"auto, (max-width: 330px) 100vw, 330px\" aria-hidden=\"true\" \/>                    <!-- <img decoding=\"async\" width=\"328\" height=\"400\" src=\"https:\/\/freevpnplanet.com\/wp-content\/uploads\/2024\/07\/rvpn-crypt.b03ccf11-20240701_185224_014234.svg\" class=\"attachment-full size-full\" alt=\"\" style=\"max-width:330px\" \/> -->\n                <\/figure>\n            <\/div>\n        \n            <\/div>\n<\/section>\n\n\n<div class=\"wp-block-group alignfull has-background-blue-background-color has-background is-content-justification-center is-nowrap is-layout-flex wp-container-core-group-is-layout-1 wp-block-group-is-layout-flex\" style=\"padding-right:0;padding-left:0\">\n<div class=\"wp-block-columns wp-container-content-1 is-layout-flex wp-container-core-columns-is-layout-1 wp-block-columns-is-layout-flex row-gap--20 stack-breakpoint--768\" style=\"padding-right:var(--wp--preset--spacing--40);padding-left:var(--wp--preset--spacing--40)\">\n<div class=\"wp-block-column is-layout-flow wp-block-column-is-layout-flow\">\n<section class=\"advanced-steps custom-block align-center  align-desktop-left align-mobile-left font-normal three-columns title-small image-shadow\" style=''>\n\n    <div class=\"gutenberg-block-background\"><\/div>\n    <div class=\"advanced-steps__container inner-container\">\n                    <div class=\"advanced-steps__intro\">\n                <h2 style=\"text-align: center;\">JAK SZYFROWA\u0106 RUCH SIECIOWY?<\/h2>            <\/div>\n        \n        <ul class=\"advanced-steps__list advanced-steps__list--download-steps\" style='--columns-gap:50px'>\n                            <li style='--max-width:px'>\n                                            <h2 class=\"step-title\">Pobierz<\/h2>\n                    \n                                            <div class=\"image-wrapper\">\n                            <img decoding=\"async\" width=\"219\" height=\"170\" src=\"https:\/\/freevpnplanet.com\/wp-content\/uploads\/2024\/05\/rvpn-download.df91dd21-20240524_114147_333777.svg\" class=\"attachment-full size-full\" alt=\"Step 1\" \/>                        <\/div>\n\n                                                    <p><a href=\"https:\/\/freevpnplanet.com\/pl\/download\/\" id=\"qa-advanced-step-content-link\">Pobierz<\/a> i zainstaluj aplikacj\u0119 na swoim urz\u0105dzeniu.<\/p>                                                            <\/li>\n                                <li style='--max-width:px'>\n                                            <h2 class=\"step-title\">Po\u0142\u0105cz<\/h2>\n                    \n                                            <div class=\"image-wrapper\">\n                            <img decoding=\"async\" width=\"220\" height=\"171\" src=\"https:\/\/freevpnplanet.com\/wp-content\/uploads\/2024\/05\/rvpn-login.60a645a1-20240524_114327_062578.svg\" class=\"attachment-full size-full\" alt=\"Step 1\" \/>                        <\/div>\n\n                                                    <p>Po\u0142\u0105cz si\u0119 z jednym z naszych serwer\u00f3w.<\/p>                                                            <\/li>\n                                <li style='--max-width:px'>\n                                            <h2 class=\"step-title\">Odwied\u017a<\/h2>\n                    \n                                            <div class=\"image-wrapper\">\n                            <img decoding=\"async\" width=\"219\" height=\"170\" src=\"https:\/\/freevpnplanet.com\/wp-content\/uploads\/2024\/05\/rvpn-connect.12ef9ce1-20240524_114733_838401.svg\" class=\"attachment-full size-full\" alt=\"Step 3\" \/>                        <\/div>\n\n                                                    <p>Odwied\u017a dowoln\u0105 stron\u0119 internetow\u0105 bez ogranicze\u0144<\/p>                                                            <\/li>\n                        <\/ul>\n\n                    <div class=\"advanced-steps__cta\">\n                <a href=\"\/pl\/plans\/\" target=\"_self\" id=\"qa-steps-btn-cta\" class=\"cta download-by-platform cta--with-border cta-size--small cta-mt--initial icon-position--icon-left\" style=\"--border-radius:40px\"><span class=\"cta__name\">Pobierz za darmo<\/span><\/a>            <\/div>\n        \n        \n        \n\n    <\/div>\n<\/section>\n<\/div>\n<\/div>\n<\/div>\n\n\n\n<section class=\"image-text-static-image custom-block align-none  mobile-image-top   header-size-small text-size-small  \" style=''>\n\n    <div class=\"gutenberg-block-background\"><\/div>\n    <div class=\"image-text-static-image__inner inner-container\">\n                    <div class=\"image-text-static-image__content content-left\" style='--content-width: 50%'>\n                                    <div class=\"image-text-static-image__title\">\n                        <h2 >ZNACZENIE SZYFROWANIA VPN<\/h2>                    <\/div>\n                \n                <p>Dostawcy Internetu, pracodawcy, w\u0142a\u015bciciele publicznych punkt\u00f3w dost\u0119pu WiFi, w\u0142a\u015bciciele witryn &#8211; to tylko kr\u00f3tka lista tych, kt\u00f3rzy stale monitoruj\u0105 ruch internetowy w r\u00f3\u017cnych celach.<\/p>\n<p>Niekt\u00f3rzy w celu cenzurowania odwiedzanych zasob\u00f3w. Inni, aby \u015bledzi\u0107, jak\u0105 prac\u0119 wykonuj\u0105 ich pracownicy, a jeszcze inni monitoruj\u0105 po\u0142\u0105czenia z czystej ciekawo\u015bci. Jednym z g\u0142\u00f3wnych powod\u00f3w, dla kt\u00f3rych monitorowanie aktywno\u015bci internetowej jest tak powszechne, jest warto\u015b\u0107 danych. Informacje te s\u0105 cz\u0119sto sprzedawane przedsi\u0119biorcom, gotowym zap\u0142aci\u0107 najwi\u0119ksz\u0105 sum\u0119.<\/p>\n<p>Dzi\u0119ki nowoczesnej technologii VPN i niezawodnemu 256-bitowemu szyfrowaniu, Planet VPN uchroni Ci\u0119 przed nadzorem i innymi k\u0142opotami zwi\u0105zanymi z przechwytywaniem Twoich danych.<\/p>\n                                    <div class=\"image-text-static-image__cta\">\n                                                    <a href=\"\/pl\/plans\/\" target=\"_self\" id=\"qa-cta-content-btn\" class=\"cta download-by-platform cta--with-border cta-size--small cta-mt--initial icon-position--icon-left\" style=\"--border-radius:40px\"><span class=\"cta__name\">Pobierz za darmo<\/span><\/a>                                            <\/div>\n                \n                \n\n            <\/div>\n        \n                    <div class=\"bg-image-wrapper bg-image-wrapper--desktop  right image-align--center\" style='--image-max-width: 50%'>\n                <figure>\n                    <img width=\"434\" height=\"484\" src=\"https:\/\/freevpnplanet.com\/wp-content\/uploads\/2024\/07\/rvpn-crackmen.cda31d31-20240701_190109_785249.svg\" class=\"attachment-full size-full\" alt=\"\" loading=\"lazy\" decoding=\"sync\" fetchpriority=\"low\" style=\"max-width:440px\" sizes=\"auto, (max-width: 440px) 100vw, 440px\" aria-hidden=\"true\" \/>                    <!-- <img decoding=\"async\" width=\"434\" height=\"484\" src=\"https:\/\/freevpnplanet.com\/wp-content\/uploads\/2024\/07\/rvpn-crackmen.cda31d31-20240701_190109_785249.svg\" class=\"attachment-full size-full\" alt=\"\" style=\"max-width:440px\" \/> -->\n                <\/figure>\n            <\/div>\n        \n            <\/div>\n<\/section>","protected":false},"excerpt":{"rendered":"","protected":false},"author":39,"featured_media":0,"parent":0,"menu_order":0,"comment_status":"closed","ping_status":"closed","template":"templates\/page_template-basic_for_gutenberg.php","meta":{"_acf_changed":false,"inline_featured_image":false,"footnotes":""},"download_by_lite_tag":[],"class_list":["post-102368","page","type-page","status-publish","hentry"],"yoast_head":"<!-- This site is optimized with the Yoast SEO plugin v22.6 - https:\/\/yoast.com\/wordpress\/plugins\/seo\/ -->\n<title>Szyfrowanie danych z darmow\u0105 sieci\u0105 VPN - Planet VPN<\/title>\n<meta name=\"description\" content=\"Czym jest szyfrowanie VPN? Jak to dzia\u0142a? Wypr\u00f3buj szyfrowanie Planet VPN, chro\u0144 swoje dane przed oszustami.\" \/>\n<meta name=\"robots\" content=\"index, follow, max-snippet:-1, max-image-preview:large, max-video-preview:-1\" \/>\n<link rel=\"canonical\" href=\"https:\/\/freevpnplanet.com\/pl\/encryption-of-internet-connection\/\" \/>\n<meta property=\"og:locale\" content=\"pl_PL\" \/>\n<meta property=\"og:type\" content=\"article\" \/>\n<meta property=\"og:title\" content=\"Szyfrowanie danych z darmow\u0105 sieci\u0105 VPN - Planet VPN\" \/>\n<meta property=\"og:description\" content=\"Czym jest szyfrowanie VPN? Jak to dzia\u0142a? Wypr\u00f3buj szyfrowanie Planet VPN, chro\u0144 swoje dane przed oszustami.\" \/>\n<meta property=\"og:url\" content=\"https:\/\/freevpnplanet.com\/pl\/encryption-of-internet-connection\/\" \/>\n<meta property=\"og:site_name\" content=\"Planet VPN\" \/>\n<meta property=\"article:modified_time\" content=\"2025-07-18T08:55:08+00:00\" \/>\n<meta name=\"twitter:card\" content=\"summary_large_image\" \/>\n<script type=\"application\/ld+json\" class=\"yoast-schema-graph\">{\"@context\":\"https:\/\/schema.org\",\"@graph\":[{\"@type\":\"WebPage\",\"@id\":\"https:\/\/freevpnplanet.com\/pl\/encryption-of-internet-connection\/\",\"url\":\"https:\/\/freevpnplanet.com\/pl\/encryption-of-internet-connection\/\",\"name\":\"Szyfrowanie danych z darmow\u0105 sieci\u0105 VPN - Planet VPN\",\"isPartOf\":{\"@id\":\"https:\/\/freevpnplanet.com\/pl\/#website\"},\"datePublished\":\"2024-07-01T15:45:04+00:00\",\"dateModified\":\"2025-07-18T08:55:08+00:00\",\"description\":\"Czym jest szyfrowanie VPN? Jak to dzia\u0142a? Wypr\u00f3buj szyfrowanie Planet VPN, chro\u0144 swoje dane przed oszustami.\",\"breadcrumb\":{\"@id\":\"https:\/\/freevpnplanet.com\/pl\/encryption-of-internet-connection\/#breadcrumb\"},\"inLanguage\":\"pl\",\"potentialAction\":[{\"@type\":\"ReadAction\",\"target\":[\"https:\/\/freevpnplanet.com\/pl\/encryption-of-internet-connection\/\"]}]},{\"@type\":\"BreadcrumbList\",\"@id\":\"https:\/\/freevpnplanet.com\/pl\/encryption-of-internet-connection\/#breadcrumb\",\"itemListElement\":[{\"@type\":\"ListItem\",\"position\":1,\"name\":\"Home\",\"item\":\"https:\/\/freevpnplanet.com\/pl\/\"},{\"@type\":\"ListItem\",\"position\":2,\"name\":\"Encryption of internet connection\"}]},{\"@type\":\"WebSite\",\"@id\":\"https:\/\/freevpnplanet.com\/pl\/#website\",\"url\":\"https:\/\/freevpnplanet.com\/pl\/\",\"name\":\"Planet VPN \ud83d\udee1\ufe0f\ud83c\udf10 Free VPN\",\"description\":\"Free VPN\",\"potentialAction\":[{\"@type\":\"SearchAction\",\"target\":{\"@type\":\"EntryPoint\",\"urlTemplate\":\"https:\/\/freevpnplanet.com\/pl\/?s={search_term_string}\"},\"query-input\":\"required name=search_term_string\"}],\"inLanguage\":\"pl\",\"publisher\":{\"@id\":\"https:\/\/freevpnplanet.com\/pl\/#organization\"}},{\"@context\":\"https:\/\/schema.org\/\",\"@type\":\"SoftwareApplication\",\"name\":\"Planet VPN \ud83d\udee1\ufe0f\ud83c\udf10 Free VPN\",\"operatingSystem\":\"Windows, macOS, iOS, Android, Linux, Chrome\",\"applicationCategory\":\"SecurityApplication\",\"offers\":{\"@type\":\"AggregateOffer\",\"priceCurrency\":\"USD\",\"price\":\"0\",\"lowPrice\":\"0\",\"availability\":\"https:\/\/schema.org\/InStock\"},\"aggregateRating\":{\"@type\":\"AggregateRating\",\"ratingValue\":\"4.8\",\"bestRating\":\"5\",\"ratingCount\":\"12476\"}},{\"@type\":\"Organization\",\"@id\":\"https:\/\/freevpnplanet.com\/pl\/#organization\",\"url\":\"https:\/\/freevpnplanet.com\/pl\/\",\"name\":\"Planet VPN \ud83d\udee1\ufe0f\ud83c\udf10 Free VPN\"}]}<\/script>\n<!-- \/ Yoast SEO plugin. -->","yoast_head_json":{"title":"Szyfrowanie danych z darmow\u0105 sieci\u0105 VPN - Planet VPN","description":"Czym jest szyfrowanie VPN? Jak to dzia\u0142a? Wypr\u00f3buj szyfrowanie Planet VPN, chro\u0144 swoje dane przed oszustami.","robots":{"index":"index","follow":"follow","max-snippet":"max-snippet:-1","max-image-preview":"max-image-preview:large","max-video-preview":"max-video-preview:-1"},"canonical":"https:\/\/freevpnplanet.com\/pl\/encryption-of-internet-connection\/","og_locale":"pl_PL","og_type":"article","og_title":"Szyfrowanie danych z darmow\u0105 sieci\u0105 VPN - Planet VPN","og_description":"Czym jest szyfrowanie VPN? Jak to dzia\u0142a? Wypr\u00f3buj szyfrowanie Planet VPN, chro\u0144 swoje dane przed oszustami.","og_url":"https:\/\/freevpnplanet.com\/pl\/encryption-of-internet-connection\/","og_site_name":"Planet VPN","article_modified_time":"2025-07-18T08:55:08+00:00","twitter_card":"summary_large_image","schema":{"@context":"https:\/\/schema.org","@graph":[{"@type":"WebPage","@id":"https:\/\/freevpnplanet.com\/pl\/encryption-of-internet-connection\/","url":"https:\/\/freevpnplanet.com\/pl\/encryption-of-internet-connection\/","name":"Szyfrowanie danych z darmow\u0105 sieci\u0105 VPN - Planet VPN","isPartOf":{"@id":"https:\/\/freevpnplanet.com\/pl\/#website"},"datePublished":"2024-07-01T15:45:04+00:00","dateModified":"2025-07-18T08:55:08+00:00","description":"Czym jest szyfrowanie VPN? Jak to dzia\u0142a? Wypr\u00f3buj szyfrowanie Planet VPN, chro\u0144 swoje dane przed oszustami.","breadcrumb":{"@id":"https:\/\/freevpnplanet.com\/pl\/encryption-of-internet-connection\/#breadcrumb"},"inLanguage":"pl","potentialAction":[{"@type":"ReadAction","target":["https:\/\/freevpnplanet.com\/pl\/encryption-of-internet-connection\/"]}]},{"@type":"BreadcrumbList","@id":"https:\/\/freevpnplanet.com\/pl\/encryption-of-internet-connection\/#breadcrumb","itemListElement":[{"@type":"ListItem","position":1,"name":"Home","item":"https:\/\/freevpnplanet.com\/pl\/"},{"@type":"ListItem","position":2,"name":"Encryption of internet connection"}]},{"@type":"WebSite","@id":"https:\/\/freevpnplanet.com\/pl\/#website","url":"https:\/\/freevpnplanet.com\/pl\/","name":"Planet VPN \ud83d\udee1\ufe0f\ud83c\udf10 Free VPN","description":"Free VPN","potentialAction":[{"@type":"SearchAction","target":{"@type":"EntryPoint","urlTemplate":"https:\/\/freevpnplanet.com\/pl\/?s={search_term_string}"},"query-input":"required name=search_term_string"}],"inLanguage":"pl","publisher":{"@id":"https:\/\/freevpnplanet.com\/pl\/#organization"}},{"@context":"https:\/\/schema.org\/","@type":"SoftwareApplication","name":"Planet VPN \ud83d\udee1\ufe0f\ud83c\udf10 Free VPN","operatingSystem":"Windows, macOS, iOS, Android, Linux, Chrome","applicationCategory":"SecurityApplication","offers":{"@type":"AggregateOffer","priceCurrency":"USD","price":"0","lowPrice":"0","availability":"https:\/\/schema.org\/InStock"},"aggregateRating":{"@type":"AggregateRating","ratingValue":"4.8","bestRating":"5","ratingCount":"12476"}},{"@type":"Organization","@id":"https:\/\/freevpnplanet.com\/pl\/#organization","url":"https:\/\/freevpnplanet.com\/pl\/","name":"Planet VPN \ud83d\udee1\ufe0f\ud83c\udf10 Free VPN"}]}},"acf":[],"_links":{"self":[{"href":"https:\/\/freevpnplanet.com\/pl\/wp-json\/wp\/v2\/pages\/102368","targetHints":{"allow":["GET"]}}],"collection":[{"href":"https:\/\/freevpnplanet.com\/pl\/wp-json\/wp\/v2\/pages"}],"about":[{"href":"https:\/\/freevpnplanet.com\/pl\/wp-json\/wp\/v2\/types\/page"}],"author":[{"embeddable":true,"href":"https:\/\/freevpnplanet.com\/pl\/wp-json\/wp\/v2\/users\/39"}],"replies":[{"embeddable":true,"href":"https:\/\/freevpnplanet.com\/pl\/wp-json\/wp\/v2\/comments?post=102368"}],"version-history":[{"count":5,"href":"https:\/\/freevpnplanet.com\/pl\/wp-json\/wp\/v2\/pages\/102368\/revisions"}],"predecessor-version":[{"id":171441,"href":"https:\/\/freevpnplanet.com\/pl\/wp-json\/wp\/v2\/pages\/102368\/revisions\/171441"}],"wp:attachment":[{"href":"https:\/\/freevpnplanet.com\/pl\/wp-json\/wp\/v2\/media?parent=102368"}],"wp:term":[{"taxonomy":"download_by_lite_tag","embeddable":true,"href":"https:\/\/freevpnplanet.com\/pl\/wp-json\/wp\/v2\/download_by_lite_tag?post=102368"}],"curies":[{"name":"wp","href":"https:\/\/api.w.org\/{rel}","templated":true}]}}