{"id":109562,"date":"2024-05-02T18:08:20","date_gmt":"2024-05-02T15:08:20","guid":{"rendered":"https:\/\/help.freeplanetvpn.com\/change-ip\/"},"modified":"2025-07-18T12:19:05","modified_gmt":"2025-07-18T09:19:05","slug":"change-ip","status":"publish","type":"page","link":"https:\/\/freevpnplanet.com\/pl\/change-ip\/","title":{"rendered":"Change IP"},"content":{"rendered":"\n<section class=\"image-text-static-image custom-block align-none  mobile-image-bottom   header-size-small text-size-small  \" style='--background-color:var(--dark-blue-0); --text-color:var(--white)'>\n\n    <div class=\"gutenberg-block-background\"><\/div>\n    <div class=\"image-text-static-image__inner inner-container\">\n                    <div class=\"image-text-static-image__content content-left\" style='--content-width: 51%'>\n                                    <div class=\"image-text-static-image__title\">\n                        <h1 >Jak zmieni\u0107 i ukry\u0107 adres IP za pomoc\u0105 Planet VPN<\/h1>                    <\/div>\n                \n                <p>Skorzystaj z Planet VPN, dzi\u0119ki technologii VPN Tw\u00f3j adres IP zostanie bezpiecznie ukryty, a zewn\u0119trzne serwisy zobacz\u0105 adres kraju, kt\u00f3ry wybra\u0142e\u015b po po\u0142\u0105czeniu!<\/p>\n                                    <div class=\"image-text-static-image__cta\">\n                                                    <a href=\"\/pl\/plans\/\" target=\"_self\" id=\"qa-hero-btn-cta\" class=\"cta download-by-platform cta--with-border cta-size--small cta-mt--initial icon-position--icon-left\" style=\"--border-radius:40px\"><span class=\"cta__name\">Pobierz za darmo<\/span><\/a>                                            <\/div>\n                \n                \n\n            <\/div>\n        \n                    <div class=\"bg-image-wrapper bg-image-wrapper--desktop  right image-align--center\" style='--image-max-width: 49%'>\n                <figure>\n                    <img width=\"729\" height=\"581\" src=\"https:\/\/freevpnplanet.com\/wp-content\/uploads\/2024\/05\/rvpn-rvpn-3fa20f81-20240409-160252-504726-20240507_185215_511732.svg\" class=\"attachment-full size-full\" alt=\"\" loading=\"lazy\" decoding=\"sync\" fetchpriority=\"low\" style=\"max-width:700px\" sizes=\"auto, (max-width: 700px) 100vw, 700px\" aria-hidden=\"true\" \/>                    <!-- <img decoding=\"async\" width=\"729\" height=\"581\" src=\"https:\/\/freevpnplanet.com\/wp-content\/uploads\/2024\/05\/rvpn-rvpn-3fa20f81-20240409-160252-504726-20240507_185215_511732.svg\" class=\"attachment-full size-full\" alt=\"\" style=\"max-width:700px\" \/> -->\n                <\/figure>\n            <\/div>\n        \n            <\/div>\n<\/section>\n\n\n<section class=\"image-text-static-image custom-block align-none  mobile-image-bottom   header-size-small text-size-small  \" style=''>\n\n    <div class=\"gutenberg-block-background\"><\/div>\n    <div class=\"image-text-static-image__inner inner-container\">\n                    <div class=\"image-text-static-image__content content-right\" style='--content-width: 45%'>\n                                    <div class=\"image-text-static-image__title\">\n                        <h2 >WHY SHOULD I CHANGE OR HIDE MY IP ADDRESS?<\/h2>                    <\/div>\n                \n                <p>DLACZEGO POWINIENEM ZMIENI\u0106 LUB UKRY\u0106 SW\u00d3J ADRES IP?<\/p>\n<p>Adres IP mo\u017ce wiele powiedzie\u0107 o u\u017cytkowniku. Na podstawie adresu IP mo\u017cna pozna\u0107 lokalizacj\u0119 u\u017cytkownika, jego imi\u0119 i nazwisko oraz nazw\u0119 dostawcy Internetu. Gdy cyberprzest\u0119pcy znaj\u0105 Tw\u00f3j adres IP, mog\u0105 zaatakowa\u0107 Twoje urz\u0105dzenie, pr\u00f3bowa\u0107 je zhakowa\u0107 lub u\u017cy\u0107 specjalnych metod, aby uniemo\u017cliwi\u0107 urz\u0105dzeniu przesy\u0142anie lub odbieranie informacji. Mo\u017cesz r\u00f3wnie\u017c dowiedzie\u0107 si\u0119, gdzie jeste\u015b fizycznie z wystarczaj\u0105c\u0105 dok\u0142adno\u015bci\u0105 za pomoc\u0105 adresu IP, co mo\u017ce r\u00f3wnie\u017c powodowa\u0107 sporo k\u0142opot\u00f3w. Je\u015bli nie ukryjesz swojego adresu IP, otworzy to dost\u0119p do du\u017cej ilo\u015bci informacji, w tym danych osobowych, informacji o Twojej lokalizacji, a tak\u017ce aktywno\u015bci online, umo\u017cliwiaj\u0105c stronom trzecim monitorowanie i kontrolowanie Twojej aktywno\u015bci online.<\/p>\n                \n                \n\n            <\/div>\n        \n                    <div class=\"bg-image-wrapper bg-image-wrapper--desktop  left image-align--center\" style='--image-max-width: 55%'>\n                <figure>\n                    <img width=\"483\" height=\"493\" src=\"https:\/\/freevpnplanet.com\/wp-content\/uploads\/2024\/05\/rvpn-rvpn-db2904e1-20240409-162209-702854-20240507_185223_606342.svg\" class=\"attachment-full size-full\" alt=\"\" loading=\"lazy\" decoding=\"sync\" fetchpriority=\"low\" style=\"max-width:483px\" sizes=\"auto, (max-width: 483px) 100vw, 483px\" aria-hidden=\"true\" \/>                    <!-- <img decoding=\"async\" width=\"483\" height=\"493\" src=\"https:\/\/freevpnplanet.com\/wp-content\/uploads\/2024\/05\/rvpn-rvpn-db2904e1-20240409-162209-702854-20240507_185223_606342.svg\" class=\"attachment-full size-full\" alt=\"\" style=\"max-width:483px\" \/> -->\n                <\/figure>\n            <\/div>\n        \n            <\/div>\n<\/section>\n\n\n<section class=\"wrapper custom-block align-full    \" style='--background-color:var(--background-blue)'>\n\n    <div class=\"gutenberg-block-background\"><\/div>\n    <div class=\"wrapper__inner inner-container\">\n        \n\n<section class=\"image-text-static-image custom-block align-none  mobile-image-bottom   header-size-small text-size-small  \" style=''>\n\n    <div class=\"gutenberg-block-background\"><\/div>\n    <div class=\"image-text-static-image__inner inner-container\">\n                    <div class=\"image-text-static-image__content content-right\" style='--content-width: 49%'>\n                                    <div class=\"image-text-static-image__title\">\n                        <h2 >JAK ZMIENI\u0106 LUB UKRY\u0106 SW\u00d3J ADRES IP?<\/h2>                    <\/div>\n                \n                <p>To bardzo proste, wystarczy po\u0142\u0105czy\u0107 si\u0119 z VPN za pomoc\u0105 Planet VPN. VPN to bezpieczny tunel mi\u0119dzy dwoma lub wi\u0119cej urz\u0105dzeniami. Sieci VPN s\u0142u\u017c\u0105 do ochrony ruchu internetowego przed pods\u0142uchem, ingerencj\u0105 z zewn\u0105trz i cenzur\u0105. \u0141\u0105cz\u0105c si\u0119 z naszymi serwerami, bezpiecznie ukrywasz swoje IP i szyfrujesz wszystkie dane. Do zmiany i ukrycia adresu IP potrzebne s\u0105 tylko 3 kroki:<\/p>\n                \n                \n\n            <\/div>\n        \n                    <div class=\"bg-image-wrapper bg-image-wrapper--desktop  left image-align--center\" style='--image-max-width: 51%'>\n                <figure>\n                    <img width=\"518\" height=\"479\" src=\"https:\/\/freevpnplanet.com\/wp-content\/uploads\/2024\/05\/rvpn-rvpn-79c6c873-20240409-164508-364135-20240507_185221_234590.svg\" class=\"attachment-full size-full\" alt=\"\" loading=\"lazy\" decoding=\"sync\" fetchpriority=\"low\" style=\"max-width:518px\" sizes=\"auto, (max-width: 518px) 100vw, 518px\" aria-hidden=\"true\" \/>                    <!-- <img decoding=\"async\" width=\"518\" height=\"479\" src=\"https:\/\/freevpnplanet.com\/wp-content\/uploads\/2024\/05\/rvpn-rvpn-79c6c873-20240409-164508-364135-20240507_185221_234590.svg\" class=\"attachment-full size-full\" alt=\"\" style=\"max-width:518px\" \/> -->\n                <\/figure>\n            <\/div>\n        \n            <\/div>\n<\/section>\n\n\n<div class=\"wp-block-group is-content-justification-center is-nowrap is-layout-flex wp-container-core-group-is-layout-2 wp-block-group-is-layout-flex\">\n<div class=\"wp-block-group wp-container-content-1 is-layout-constrained wp-block-group-is-layout-constrained\">\n<section class=\"advanced-steps custom-block align-none pt-0 align-desktop-left align-mobile-left font-normal three-columns title-small image-shadow\" style='--background-color:var(--dark-blue-8)'>\n\n    <div class=\"gutenberg-block-background\"><\/div>\n    <div class=\"advanced-steps__container inner-container\">\n        \n        <ul class=\"advanced-steps__list advanced-steps__list--download-steps\" style='--columns-gap:50px'>\n                            <li style='--max-width:px'>\n                                            <h2 class=\"step-title\">1. Pobierz<\/h2>\n                    \n                                            <div class=\"image-wrapper\">\n                            <img decoding=\"async\" width=\"219\" height=\"170\" src=\"https:\/\/freevpnplanet.com\/wp-content\/uploads\/2024\/05\/rvpn-download.df91dd21-20240524_114147_333777.svg\" class=\"attachment-full size-full\" alt=\"Step 1\" \/>                        <\/div>\n\n                                                    <p><a class=\"\" href=\"https:\/\/freevpnplanet.com\/pl\/download\/\" id=\"qa-advanced-step-content-link\">Pobierz<\/a> i zainstaluj aplikacj\u0119 na swoim urz\u0105dzeniu<\/p>                                                            <\/li>\n                                <li style='--max-width:px'>\n                                            <h2 class=\"step-title\">2. Pod\u0142\u0105cz<\/h2>\n                    \n                                            <div class=\"image-wrapper\">\n                            <img decoding=\"async\" width=\"220\" height=\"171\" src=\"https:\/\/freevpnplanet.com\/wp-content\/uploads\/2024\/05\/rvpn-login.60a645a1-20240524_114327_062578.svg\" class=\"attachment-full size-full\" alt=\"Step 1\" \/>                        <\/div>\n\n                                                    <p>Po\u0142\u0105cz si\u0119 z jednym z naszych serwer\u00f3w<\/p>                                                            <\/li>\n                                <li style='--max-width:px'>\n                                            <h2 class=\"step-title\">3. Wizyta<\/h2>\n                    \n                                            <div class=\"image-wrapper\">\n                            <img decoding=\"async\" width=\"219\" height=\"170\" src=\"https:\/\/freevpnplanet.com\/wp-content\/uploads\/2024\/05\/rvpn-connect.12ef9ce1-20240524_114733_838401.svg\" class=\"attachment-full size-full\" alt=\"Step 3\" \/>                        <\/div>\n\n                                                    <p>Odwied\u017a dowoln\u0105 stron\u0119 internetow\u0105 bez ogranicze\u0144<\/p>                                                            <\/li>\n                        <\/ul>\n\n                    <div class=\"advanced-steps__cta\">\n                <a href=\"\/pl\/plans\/\" target=\"_self\" id=\"qa-steps-btn-cta\" class=\"cta download-by-platform cta--with-border cta-size--small cta-mt--initial icon-position--icon-left\" style=\"--border-radius:40px\"><span class=\"cta__name\">Pobierz za darmo<\/span><\/a>            <\/div>\n        \n        \n        \n\n    <\/div>\n<\/section>\n<\/div>\n<\/div>\n\n\n    <\/div>\n\n<\/section>\n\n\n<section class=\"image-text-static-image custom-block align-none  mobile-image-bottom   header-size-small text-size-small  \" style=''>\n\n    <div class=\"gutenberg-block-background\"><\/div>\n    <div class=\"image-text-static-image__inner inner-container\">\n                    <div class=\"image-text-static-image__content content-right\" style='--content-width: 50%'>\n                                    <div class=\"image-text-static-image__title\">\n                        <h2 >JAK ZMIENIA SI\u0118 ADRES IP?<\/h2>                    <\/div>\n                \n                <p>Kiedy \u0142\u0105czysz si\u0119 z sieci\u0105 Planet VPN, Tw\u00f3j adres IP jest zast\u0119powany innym, a wszystko wygl\u0105da tak, jakby\u015b by\u0142 w innym miejscu. Podczas korzystania z VPN ruch internetowy przechodzi przez zaszyfrowany tunel, dzi\u0119ki czemu nikt, w tym dostawca us\u0142ug internetowych, nie mo\u017ce zobaczy\u0107, co robisz w Internecie. Dlatego te\u017c, je\u015bli po\u0142\u0105czysz si\u0119 z sieci\u0105 VPN, strony internetowe, aplikacje i us\u0142ugi b\u0119d\u0105 widzie\u0107 publiczny adres IP serwera VPN zamiast adresu Twojego urz\u0105dzenia &#8211; oznacza to, \u017ce &#8220;ukry\u0142e\u015b sw\u00f3j adres IP&#8221; lub &#8220;zmieni\u0142e\u015b sw\u00f3j adres IP&#8221;.<\/p>\n                                    <div class=\"image-text-static-image__cta\">\n                                                    <a href=\"\/pl\/plans\/\" target=\"_self\" id=\"qa-cta-content-btn\" class=\"cta download-by-platform cta--with-border cta-size--small cta-mt--initial icon-position--icon-left\" style=\"--border-radius:40px\"><span class=\"cta__name\">Pobierz za darmo<\/span><\/a>                                            <\/div>\n                \n                \n\n            <\/div>\n        \n                    <div class=\"bg-image-wrapper bg-image-wrapper--desktop  left image-align--center\" style='--image-max-width: 50%'>\n                <figure>\n                    <img width=\"436\" height=\"436\" src=\"https:\/\/freevpnplanet.com\/wp-content\/uploads\/2024\/05\/rvpn-rvpn-rvpn-7d778d01-20240408-215431-1200701-20240409-170411-885201-20240507_185229_084591.svg\" class=\"attachment-full size-full\" alt=\"\" loading=\"lazy\" decoding=\"sync\" fetchpriority=\"low\" style=\"max-width:437px\" sizes=\"auto, (max-width: 437px) 100vw, 437px\" aria-hidden=\"true\" \/>                    <!-- <img decoding=\"async\" width=\"436\" height=\"436\" src=\"https:\/\/freevpnplanet.com\/wp-content\/uploads\/2024\/05\/rvpn-rvpn-rvpn-7d778d01-20240408-215431-1200701-20240409-170411-885201-20240507_185229_084591.svg\" class=\"attachment-full size-full\" alt=\"\" style=\"max-width:437px\" \/> -->\n                <\/figure>\n            <\/div>\n        \n            <\/div>\n<\/section>\n\n\n<div class=\"wp-block-group alignfull has-background is-layout-constrained wp-block-group-is-layout-constrained\" style=\"background-color:#2f77d4\">\n<section class=\"image-text custom-block align-full   mobile-image-bottom mobile-title-center  header-size-medium text-size-small   content-left\" style='overflow: hidden;;--background-color:var(--none); --text-color:var(--white);--min-height-mobile:400px;--min-height-desktop:500px;--content-width:52%'>\n\n    <div class=\"gutenberg-block-background\"><\/div>\n    <div class=\"image-text__inner inner-container\">\n\n        \n                    <div class=\"image-text__content\">\n\n                <h2>JAKIE S\u0104 ZALETY PLANET VPN DO UKRYWANIA I ZMIANY ADRESU IP?<\/h2>\n<p>Korzystamy z najnowocze\u015bniejszych i najbardziej niezawodnych metod szyfrowania danych. Wiele z naszych szybkich i nowoczesnych serwer\u00f3w VPN znajduje si\u0119 na ca\u0142ym \u015bwiecie, daj\u0105c u\u017cytkownikowi ogromny wyb\u00f3r lokalizacji w celu ukrycia lub zmiany adresu IP. Istniej\u0105 rozszerzenia proxy dla przegl\u0105darek, gdzie w trybie darmowym mo\u017cna przetestowa\u0107 dzia\u0142anie naszej us\u0142ugi i faktycznie zobaczy\u0107, jak odbywa si\u0119 zmiana IP. Aby niezawodnie chroni\u0107 dane przesy\u0142ane przez Internet, stworzyli\u015bmy programy dla popularnych system\u00f3w operacyjnych, a tak\u017ce zapewniamy mo\u017cliwo\u015b\u0107 pod\u0142\u0105czenia nieograniczonej liczby urz\u0105dze\u0144 obs\u0142uguj\u0105cych VPN. Mimo to nie \u015bledzimy ani nie przechowujemy dziennik\u00f3w aktywno\u015bci. Zapewniamy du\u017c\u0105 liczb\u0119 opcji p\u0142atno\u015bci, w tym metody anonimowe.<\/p>\n<p>&nbsp;<\/p>\n                                    <div class=\"image-text__cta\">\n                        <a href=\"\/pl\/plans\/\" target=\"_self\" id=\"qa-advanced-cta-bta\" class=\"cta download-by-platform cta--with-border cta-size--small cta-mt--initial icon-position--icon-left\" style=\"--border-radius:40px\"><span class=\"cta__name\">Pobierz za darmo<\/span><\/a>                    <\/div>\n                \n            <\/div>\n        \n                    <div class=\"bg-image-wrapper bg-image-wrapper--desktop custom image-align--left\">\n                <figure style='--image-max-width:1500px;--image-opacity:1.00;width: calc(70% - 20px);left:42%;top:50%'>\n                    <img decoding=\"async\" width=\"1140\" height=\"1140\" src=\"https:\/\/freevpnplanet.com\/wp-content\/uploads\/2024\/05\/rvpn-rvpn-map-20240410-114426-568830-20240507_185226_366905.png\" class=\"bg-image\" alt=\"Background Image for Desktop\" \/>                <\/figure>\n            <\/div>\n        \n                    <div class=\"bg-image-wrapper bg-image-wrapper--mobile background-image\">\n                <figure style='width: 140%;max-width: 1000px;opacity: 0.20;margin-top: 24px'>\n                    <img decoding=\"async\" width=\"1140\" height=\"1140\" src=\"https:\/\/freevpnplanet.com\/wp-content\/uploads\/2024\/05\/rvpn-rvpn-map-20240410-114426-568830-20240507_185226_366905.png\" class=\"bg-image\" alt=\"Background Image for Mobile\" \/>                <\/figure>\n            <\/div>\n            <\/div>\n<\/section><\/div>\n","protected":false},"excerpt":{"rendered":"","protected":false},"author":39,"featured_media":0,"parent":0,"menu_order":0,"comment_status":"closed","ping_status":"closed","template":"templates\/page_template-basic_for_gutenberg.php","meta":{"_acf_changed":false,"inline_featured_image":false,"footnotes":""},"download_by_lite_tag":[],"class_list":["post-109562","page","type-page","status-publish","hentry"],"yoast_head":"<!-- This site is optimized with the Yoast SEO plugin v22.6 - https:\/\/yoast.com\/wordpress\/plugins\/seo\/ -->\n<title>Jak zmieni\u0107 i ukry\u0107 adres IP za pomoc\u0105 darmowej sieci VPN - Planet VPN<\/title>\n<meta name=\"description\" content=\"Zmiana adresu IP za pomoc\u0105 VPN jest \u0142atwa. Uzyskaj dost\u0119p do nieograniczonego Internetu. Chro\u0144 swoj\u0105 anonimowo\u015b\u0107 dzi\u0119ki Planet VPN.\" \/>\n<meta name=\"robots\" content=\"index, follow, max-snippet:-1, max-image-preview:large, max-video-preview:-1\" \/>\n<link rel=\"canonical\" href=\"https:\/\/freevpnplanet.com\/pl\/change-ip\/\" \/>\n<meta property=\"og:locale\" content=\"pl_PL\" \/>\n<meta property=\"og:type\" content=\"article\" \/>\n<meta property=\"og:title\" content=\"Jak zmieni\u0107 i ukry\u0107 adres IP za pomoc\u0105 darmowej sieci VPN - Planet VPN\" \/>\n<meta property=\"og:description\" content=\"Zmiana adresu IP za pomoc\u0105 VPN jest \u0142atwa. Uzyskaj dost\u0119p do nieograniczonego Internetu. Chro\u0144 swoj\u0105 anonimowo\u015b\u0107 dzi\u0119ki Planet VPN.\" \/>\n<meta property=\"og:url\" content=\"https:\/\/freevpnplanet.com\/pl\/change-ip\/\" \/>\n<meta property=\"og:site_name\" content=\"Planet VPN\" \/>\n<meta property=\"article:modified_time\" content=\"2025-07-18T09:19:05+00:00\" \/>\n<meta name=\"twitter:card\" content=\"summary_large_image\" \/>\n<script type=\"application\/ld+json\" class=\"yoast-schema-graph\">{\"@context\":\"https:\/\/schema.org\",\"@graph\":[{\"@type\":\"WebPage\",\"@id\":\"https:\/\/freevpnplanet.com\/pl\/change-ip\/\",\"url\":\"https:\/\/freevpnplanet.com\/pl\/change-ip\/\",\"name\":\"Jak zmieni\u0107 i ukry\u0107 adres IP za pomoc\u0105 darmowej sieci VPN - Planet VPN\",\"isPartOf\":{\"@id\":\"https:\/\/freevpnplanet.com\/pl\/#website\"},\"datePublished\":\"2024-05-02T15:08:20+00:00\",\"dateModified\":\"2025-07-18T09:19:05+00:00\",\"description\":\"Zmiana adresu IP za pomoc\u0105 VPN jest \u0142atwa. Uzyskaj dost\u0119p do nieograniczonego Internetu. Chro\u0144 swoj\u0105 anonimowo\u015b\u0107 dzi\u0119ki Planet VPN.\",\"breadcrumb\":{\"@id\":\"https:\/\/freevpnplanet.com\/pl\/change-ip\/#breadcrumb\"},\"inLanguage\":\"pl\",\"potentialAction\":[{\"@type\":\"ReadAction\",\"target\":[\"https:\/\/freevpnplanet.com\/pl\/change-ip\/\"]}]},{\"@type\":\"BreadcrumbList\",\"@id\":\"https:\/\/freevpnplanet.com\/pl\/change-ip\/#breadcrumb\",\"itemListElement\":[{\"@type\":\"ListItem\",\"position\":1,\"name\":\"Home\",\"item\":\"https:\/\/freevpnplanet.com\/pl\/\"},{\"@type\":\"ListItem\",\"position\":2,\"name\":\"Change IP\"}]},{\"@type\":\"WebSite\",\"@id\":\"https:\/\/freevpnplanet.com\/pl\/#website\",\"url\":\"https:\/\/freevpnplanet.com\/pl\/\",\"name\":\"Planet VPN \ud83d\udee1\ufe0f\ud83c\udf10 Free VPN\",\"description\":\"Free VPN\",\"potentialAction\":[{\"@type\":\"SearchAction\",\"target\":{\"@type\":\"EntryPoint\",\"urlTemplate\":\"https:\/\/freevpnplanet.com\/pl\/?s={search_term_string}\"},\"query-input\":\"required name=search_term_string\"}],\"inLanguage\":\"pl\",\"publisher\":{\"@id\":\"https:\/\/freevpnplanet.com\/pl\/#organization\"}},{\"@context\":\"https:\/\/schema.org\/\",\"@type\":\"SoftwareApplication\",\"name\":\"Planet VPN \ud83d\udee1\ufe0f\ud83c\udf10 Free VPN\",\"operatingSystem\":\"Windows, macOS, iOS, Android, Linux, Chrome\",\"applicationCategory\":\"SecurityApplication\",\"offers\":{\"@type\":\"AggregateOffer\",\"priceCurrency\":\"USD\",\"price\":\"0\",\"lowPrice\":\"0\",\"availability\":\"https:\/\/schema.org\/InStock\"},\"aggregateRating\":{\"@type\":\"AggregateRating\",\"ratingValue\":\"4.8\",\"bestRating\":\"5\",\"ratingCount\":\"12476\"}},{\"@type\":\"Organization\",\"@id\":\"https:\/\/freevpnplanet.com\/pl\/#organization\",\"url\":\"https:\/\/freevpnplanet.com\/pl\/\",\"name\":\"Planet VPN \ud83d\udee1\ufe0f\ud83c\udf10 Free VPN\"}]}<\/script>\n<!-- \/ Yoast SEO plugin. -->","yoast_head_json":{"title":"Jak zmieni\u0107 i ukry\u0107 adres IP za pomoc\u0105 darmowej sieci VPN - Planet VPN","description":"Zmiana adresu IP za pomoc\u0105 VPN jest \u0142atwa. Uzyskaj dost\u0119p do nieograniczonego Internetu. Chro\u0144 swoj\u0105 anonimowo\u015b\u0107 dzi\u0119ki Planet VPN.","robots":{"index":"index","follow":"follow","max-snippet":"max-snippet:-1","max-image-preview":"max-image-preview:large","max-video-preview":"max-video-preview:-1"},"canonical":"https:\/\/freevpnplanet.com\/pl\/change-ip\/","og_locale":"pl_PL","og_type":"article","og_title":"Jak zmieni\u0107 i ukry\u0107 adres IP za pomoc\u0105 darmowej sieci VPN - Planet VPN","og_description":"Zmiana adresu IP za pomoc\u0105 VPN jest \u0142atwa. Uzyskaj dost\u0119p do nieograniczonego Internetu. Chro\u0144 swoj\u0105 anonimowo\u015b\u0107 dzi\u0119ki Planet VPN.","og_url":"https:\/\/freevpnplanet.com\/pl\/change-ip\/","og_site_name":"Planet VPN","article_modified_time":"2025-07-18T09:19:05+00:00","twitter_card":"summary_large_image","schema":{"@context":"https:\/\/schema.org","@graph":[{"@type":"WebPage","@id":"https:\/\/freevpnplanet.com\/pl\/change-ip\/","url":"https:\/\/freevpnplanet.com\/pl\/change-ip\/","name":"Jak zmieni\u0107 i ukry\u0107 adres IP za pomoc\u0105 darmowej sieci VPN - Planet VPN","isPartOf":{"@id":"https:\/\/freevpnplanet.com\/pl\/#website"},"datePublished":"2024-05-02T15:08:20+00:00","dateModified":"2025-07-18T09:19:05+00:00","description":"Zmiana adresu IP za pomoc\u0105 VPN jest \u0142atwa. Uzyskaj dost\u0119p do nieograniczonego Internetu. Chro\u0144 swoj\u0105 anonimowo\u015b\u0107 dzi\u0119ki Planet VPN.","breadcrumb":{"@id":"https:\/\/freevpnplanet.com\/pl\/change-ip\/#breadcrumb"},"inLanguage":"pl","potentialAction":[{"@type":"ReadAction","target":["https:\/\/freevpnplanet.com\/pl\/change-ip\/"]}]},{"@type":"BreadcrumbList","@id":"https:\/\/freevpnplanet.com\/pl\/change-ip\/#breadcrumb","itemListElement":[{"@type":"ListItem","position":1,"name":"Home","item":"https:\/\/freevpnplanet.com\/pl\/"},{"@type":"ListItem","position":2,"name":"Change IP"}]},{"@type":"WebSite","@id":"https:\/\/freevpnplanet.com\/pl\/#website","url":"https:\/\/freevpnplanet.com\/pl\/","name":"Planet VPN \ud83d\udee1\ufe0f\ud83c\udf10 Free VPN","description":"Free VPN","potentialAction":[{"@type":"SearchAction","target":{"@type":"EntryPoint","urlTemplate":"https:\/\/freevpnplanet.com\/pl\/?s={search_term_string}"},"query-input":"required name=search_term_string"}],"inLanguage":"pl","publisher":{"@id":"https:\/\/freevpnplanet.com\/pl\/#organization"}},{"@context":"https:\/\/schema.org\/","@type":"SoftwareApplication","name":"Planet VPN \ud83d\udee1\ufe0f\ud83c\udf10 Free VPN","operatingSystem":"Windows, macOS, iOS, Android, Linux, Chrome","applicationCategory":"SecurityApplication","offers":{"@type":"AggregateOffer","priceCurrency":"USD","price":"0","lowPrice":"0","availability":"https:\/\/schema.org\/InStock"},"aggregateRating":{"@type":"AggregateRating","ratingValue":"4.8","bestRating":"5","ratingCount":"12476"}},{"@type":"Organization","@id":"https:\/\/freevpnplanet.com\/pl\/#organization","url":"https:\/\/freevpnplanet.com\/pl\/","name":"Planet VPN \ud83d\udee1\ufe0f\ud83c\udf10 Free VPN"}]}},"acf":[],"_links":{"self":[{"href":"https:\/\/freevpnplanet.com\/pl\/wp-json\/wp\/v2\/pages\/109562","targetHints":{"allow":["GET"]}}],"collection":[{"href":"https:\/\/freevpnplanet.com\/pl\/wp-json\/wp\/v2\/pages"}],"about":[{"href":"https:\/\/freevpnplanet.com\/pl\/wp-json\/wp\/v2\/types\/page"}],"author":[{"embeddable":true,"href":"https:\/\/freevpnplanet.com\/pl\/wp-json\/wp\/v2\/users\/39"}],"replies":[{"embeddable":true,"href":"https:\/\/freevpnplanet.com\/pl\/wp-json\/wp\/v2\/comments?post=109562"}],"version-history":[{"count":5,"href":"https:\/\/freevpnplanet.com\/pl\/wp-json\/wp\/v2\/pages\/109562\/revisions"}],"predecessor-version":[{"id":171460,"href":"https:\/\/freevpnplanet.com\/pl\/wp-json\/wp\/v2\/pages\/109562\/revisions\/171460"}],"wp:attachment":[{"href":"https:\/\/freevpnplanet.com\/pl\/wp-json\/wp\/v2\/media?parent=109562"}],"wp:term":[{"taxonomy":"download_by_lite_tag","embeddable":true,"href":"https:\/\/freevpnplanet.com\/pl\/wp-json\/wp\/v2\/download_by_lite_tag?post=109562"}],"curies":[{"name":"wp","href":"https:\/\/api.w.org\/{rel}","templated":true}]}}