{"id":79984,"date":"2024-03-01T13:16:37","date_gmt":"2024-03-01T10:16:37","guid":{"rendered":"https:\/\/content.freeplanetvpn.com\/?page_id=79984"},"modified":"2025-09-08T12:15:22","modified_gmt":"2025-09-08T09:15:22","slug":"popular","status":"publish","type":"page","link":"https:\/\/freevpnplanet.com\/pl\/popular\/","title":{"rendered":"Popularne wpisy"},"content":{"rendered":"","protected":false},"excerpt":{"rendered":"","protected":false},"author":13,"featured_media":0,"parent":0,"menu_order":0,"comment_status":"closed","ping_status":"closed","template":"","meta":{"_acf_changed":false,"inline_featured_image":false,"footnotes":""},"download_by_lite_tag":[],"class_list":["post-79984","page","type-page","status-publish","hentry"],"yoast_head":"<!-- This site is optimized with the Yoast SEO plugin v22.6 - https:\/\/yoast.com\/wordpress\/plugins\/seo\/ -->\n<title>Popularne wpisy - Planet VPN<\/title>\n<meta name=\"description\" content=\"Odwied\u017a blog PlanetVPN, najlepszej darmowej us\u0142ugi VPN. Znajdziesz tu przydatne artyku\u0142y na temat konfiguracji i korzystania z VPN, zapewnienia bezpiecze\u0144stwa w internecie oraz ochrony swoich urz\u0105dze\u0144.\" \/>\n<meta name=\"robots\" content=\"index, follow, max-snippet:-1, max-image-preview:large, max-video-preview:-1\" \/>\n<link rel=\"canonical\" href=\"https:\/\/freevpnplanet.com\/pl\/blog\/popular\/\" \/>\n<meta property=\"og:locale\" content=\"pl_PL\" \/>\n<meta property=\"og:type\" content=\"article\" \/>\n<meta property=\"og:title\" content=\"Popularne wpisy - Planet VPN\" \/>\n<meta property=\"og:description\" content=\"Odwied\u017a blog PlanetVPN, najlepszej darmowej us\u0142ugi VPN. Znajdziesz tu przydatne artyku\u0142y na temat konfiguracji i korzystania z VPN, zapewnienia bezpiecze\u0144stwa w internecie oraz ochrony swoich urz\u0105dze\u0144.\" \/>\n<meta property=\"og:url\" content=\"https:\/\/freevpnplanet.com\/pl\/blog\/popular\/\" \/>\n<meta property=\"og:site_name\" content=\"Planet VPN\" \/>\n<meta property=\"article:modified_time\" content=\"2025-09-08T09:15:22+00:00\" \/>\n<meta name=\"twitter:card\" content=\"summary_large_image\" \/>\n<script type=\"application\/ld+json\" class=\"yoast-schema-graph\">{\"@context\":\"https:\/\/schema.org\",\"@graph\":[{\"@type\":\"WebPage\",\"@id\":\"https:\/\/freevpnplanet.com\/pl\/popular\/\",\"url\":\"https:\/\/freevpnplanet.com\/pl\/blog\/popular\/\",\"name\":\"Popularne wpisy - Planet VPN\",\"isPartOf\":{\"@id\":\"https:\/\/freevpnplanet.com\/pl\/#website\"},\"datePublished\":\"2024-03-01T10:16:37+00:00\",\"dateModified\":\"2025-09-08T09:15:22+00:00\",\"description\":\"Odwied\u017a blog PlanetVPN, najlepszej darmowej us\u0142ugi VPN. Znajdziesz tu przydatne artyku\u0142y na temat konfiguracji i korzystania z VPN, zapewnienia bezpiecze\u0144stwa w internecie oraz ochrony swoich urz\u0105dze\u0144.\",\"breadcrumb\":{\"@id\":\"https:\/\/freevpnplanet.com\/pl\/blog\/popular\/#breadcrumb\"},\"inLanguage\":\"pl\",\"potentialAction\":[{\"@type\":\"ReadAction\",\"target\":[\"https:\/\/freevpnplanet.com\/pl\/blog\/popular\/\"]}]},{\"@type\":\"BreadcrumbList\",\"@id\":\"https:\/\/freevpnplanet.com\/pl\/blog\/popular\/#breadcrumb\",\"itemListElement\":[{\"@type\":\"ListItem\",\"position\":1,\"name\":\"Home\",\"item\":\"https:\/\/freevpnplanet.com\/pl\/\"},{\"@type\":\"ListItem\",\"position\":2,\"name\":\"Popularne wpisy\"}]},{\"@type\":\"WebSite\",\"@id\":\"https:\/\/freevpnplanet.com\/pl\/#website\",\"url\":\"https:\/\/freevpnplanet.com\/pl\/\",\"name\":\"Planet VPN \ud83d\udee1\ufe0f\ud83c\udf10 Free VPN\",\"description\":\"Free VPN\",\"potentialAction\":[{\"@type\":\"SearchAction\",\"target\":{\"@type\":\"EntryPoint\",\"urlTemplate\":\"https:\/\/freevpnplanet.com\/pl\/?s={search_term_string}\"},\"query-input\":\"required name=search_term_string\"}],\"inLanguage\":\"pl\",\"publisher\":{\"@id\":\"https:\/\/freevpnplanet.com\/pl\/#organization\"}},{\"@context\":\"https:\/\/schema.org\/\",\"@type\":\"SoftwareApplication\",\"name\":\"Planet VPN \ud83d\udee1\ufe0f\ud83c\udf10 Free VPN\",\"operatingSystem\":\"Windows, macOS, iOS, Android, Linux, Chrome\",\"applicationCategory\":\"SecurityApplication\",\"offers\":{\"@type\":\"AggregateOffer\",\"priceCurrency\":\"USD\",\"price\":\"0\",\"lowPrice\":\"0\",\"availability\":\"https:\/\/schema.org\/InStock\"},\"aggregateRating\":{\"@type\":\"AggregateRating\",\"ratingValue\":\"4.8\",\"bestRating\":\"5\",\"ratingCount\":\"12476\"}},{\"@type\":\"Organization\",\"@id\":\"https:\/\/freevpnplanet.com\/pl\/#organization\",\"url\":\"https:\/\/freevpnplanet.com\/pl\/\",\"name\":\"Planet VPN \ud83d\udee1\ufe0f\ud83c\udf10 Free VPN\"}]}<\/script>\n<!-- \/ Yoast SEO plugin. -->","yoast_head_json":{"title":"Popularne wpisy - Planet VPN","description":"Odwied\u017a blog PlanetVPN, najlepszej darmowej us\u0142ugi VPN. Znajdziesz tu przydatne artyku\u0142y na temat konfiguracji i korzystania z VPN, zapewnienia bezpiecze\u0144stwa w internecie oraz ochrony swoich urz\u0105dze\u0144.","robots":{"index":"index","follow":"follow","max-snippet":"max-snippet:-1","max-image-preview":"max-image-preview:large","max-video-preview":"max-video-preview:-1"},"canonical":"https:\/\/freevpnplanet.com\/pl\/blog\/popular\/","og_locale":"pl_PL","og_type":"article","og_title":"Popularne wpisy - Planet VPN","og_description":"Odwied\u017a blog PlanetVPN, najlepszej darmowej us\u0142ugi VPN. Znajdziesz tu przydatne artyku\u0142y na temat konfiguracji i korzystania z VPN, zapewnienia bezpiecze\u0144stwa w internecie oraz ochrony swoich urz\u0105dze\u0144.","og_url":"https:\/\/freevpnplanet.com\/pl\/blog\/popular\/","og_site_name":"Planet VPN","article_modified_time":"2025-09-08T09:15:22+00:00","twitter_card":"summary_large_image","schema":{"@context":"https:\/\/schema.org","@graph":[{"@type":"WebPage","@id":"https:\/\/freevpnplanet.com\/pl\/popular\/","url":"https:\/\/freevpnplanet.com\/pl\/blog\/popular\/","name":"Popularne wpisy - Planet VPN","isPartOf":{"@id":"https:\/\/freevpnplanet.com\/pl\/#website"},"datePublished":"2024-03-01T10:16:37+00:00","dateModified":"2025-09-08T09:15:22+00:00","description":"Odwied\u017a blog PlanetVPN, najlepszej darmowej us\u0142ugi VPN. Znajdziesz tu przydatne artyku\u0142y na temat konfiguracji i korzystania z VPN, zapewnienia bezpiecze\u0144stwa w internecie oraz ochrony swoich urz\u0105dze\u0144.","breadcrumb":{"@id":"https:\/\/freevpnplanet.com\/pl\/blog\/popular\/#breadcrumb"},"inLanguage":"pl","potentialAction":[{"@type":"ReadAction","target":["https:\/\/freevpnplanet.com\/pl\/blog\/popular\/"]}]},{"@type":"BreadcrumbList","@id":"https:\/\/freevpnplanet.com\/pl\/blog\/popular\/#breadcrumb","itemListElement":[{"@type":"ListItem","position":1,"name":"Home","item":"https:\/\/freevpnplanet.com\/pl\/"},{"@type":"ListItem","position":2,"name":"Popularne wpisy"}]},{"@type":"WebSite","@id":"https:\/\/freevpnplanet.com\/pl\/#website","url":"https:\/\/freevpnplanet.com\/pl\/","name":"Planet VPN \ud83d\udee1\ufe0f\ud83c\udf10 Free VPN","description":"Free VPN","potentialAction":[{"@type":"SearchAction","target":{"@type":"EntryPoint","urlTemplate":"https:\/\/freevpnplanet.com\/pl\/?s={search_term_string}"},"query-input":"required name=search_term_string"}],"inLanguage":"pl","publisher":{"@id":"https:\/\/freevpnplanet.com\/pl\/#organization"}},{"@context":"https:\/\/schema.org\/","@type":"SoftwareApplication","name":"Planet VPN \ud83d\udee1\ufe0f\ud83c\udf10 Free VPN","operatingSystem":"Windows, macOS, iOS, Android, Linux, Chrome","applicationCategory":"SecurityApplication","offers":{"@type":"AggregateOffer","priceCurrency":"USD","price":"0","lowPrice":"0","availability":"https:\/\/schema.org\/InStock"},"aggregateRating":{"@type":"AggregateRating","ratingValue":"4.8","bestRating":"5","ratingCount":"12476"}},{"@type":"Organization","@id":"https:\/\/freevpnplanet.com\/pl\/#organization","url":"https:\/\/freevpnplanet.com\/pl\/","name":"Planet VPN \ud83d\udee1\ufe0f\ud83c\udf10 Free VPN"}]}},"acf":[],"_links":{"self":[{"href":"https:\/\/freevpnplanet.com\/pl\/wp-json\/wp\/v2\/pages\/79984","targetHints":{"allow":["GET"]}}],"collection":[{"href":"https:\/\/freevpnplanet.com\/pl\/wp-json\/wp\/v2\/pages"}],"about":[{"href":"https:\/\/freevpnplanet.com\/pl\/wp-json\/wp\/v2\/types\/page"}],"author":[{"embeddable":true,"href":"https:\/\/freevpnplanet.com\/pl\/wp-json\/wp\/v2\/users\/13"}],"replies":[{"embeddable":true,"href":"https:\/\/freevpnplanet.com\/pl\/wp-json\/wp\/v2\/comments?post=79984"}],"version-history":[{"count":1,"href":"https:\/\/freevpnplanet.com\/pl\/wp-json\/wp\/v2\/pages\/79984\/revisions"}],"predecessor-version":[{"id":158589,"href":"https:\/\/freevpnplanet.com\/pl\/wp-json\/wp\/v2\/pages\/79984\/revisions\/158589"}],"wp:attachment":[{"href":"https:\/\/freevpnplanet.com\/pl\/wp-json\/wp\/v2\/media?parent=79984"}],"wp:term":[{"taxonomy":"download_by_lite_tag","embeddable":true,"href":"https:\/\/freevpnplanet.com\/pl\/wp-json\/wp\/v2\/download_by_lite_tag?post=79984"}],"curies":[{"name":"wp","href":"https:\/\/api.w.org\/{rel}","templated":true}]}}