{"id":96360,"date":"2024-07-01T10:13:33","date_gmt":"2024-07-01T07:13:33","guid":{"rendered":"https:\/\/help.freeplanetvpn.com\/cookies\/"},"modified":"2025-09-15T08:55:37","modified_gmt":"2025-09-15T05:55:37","slug":"cookies","status":"publish","type":"page","link":"https:\/\/freevpnplanet.com\/pl\/cookies\/","title":{"rendered":"Cookies"},"content":{"rendered":"\n<style>.entry-content{margin-bottom:100px}.entry-content,.entry-content p,.entry-content h1,.entry-content h4,.entry-content ul li{color:var(--black)}.entry-content h1{font-size:40px;font-weight:700;margin-bottom:50px}.entry-content h4{font-size:30px;font-weight: 500;margin:40px 0 30px}.entry-content a{color:var(--green)}<\/style>\n\n\n\n<h1 class=\"wp-block-heading\">Polityka plik\u00f3w cookie<\/h1>\n\n\n\n<p class=\"\">Plik cookie to plik zawieraj\u0105cy unikalny identyfikator. Identyfikator ten jest wysy\u0142any przez serwer do przegl\u0105darki i nast\u0119pnie zapisywany w pami\u0119ci urz\u0105dzenia. Dzi\u0119ki temu identyfikator ten jest przesy\u0142any do serwera za ka\u017cdym razem, gdy otrzyma on \u017c\u0105danie z serwera do strony przegl\u0105darki.<\/p>\n\n\n\n<p class=\"\">Pliki te s\u0105 podzielone na 2 r\u00f3\u017cne kategorie:<\/p>\n\n\n\n<ul class=\"wp-block-list\">\n<li>Sta\u0142e pliki cookie<\/li>\n\n\n\n<li>Sesyjne pliki cookie<\/li>\n<\/ul>\n\n\n\n<p class=\"\">Przegl\u0105darka b\u0119dzie przechowywa\u0107 pliki cookies pierwszej kategorii do czasu ich usuni\u0119cia (automatycznego lub r\u0119cznego).<\/p>\n\n\n\n<p class=\"\">Cookies sesyjne usuwaj\u0105 si\u0119 automatycznie po zako\u0144czeniu sesji u\u017cytkownika (po zamkni\u0119ciu przegl\u0105darki)<\/p>\n\n\n\n<p class=\"\">Pliki cookie gromadzone w Planet VPN nie zawieraj\u0105 \u017cadnych poufnych ani osobistych informacji o kliencie.<\/p>\n\n\n\n<h4 class=\"wp-block-heading\">W jaki spos\u00f3b Planet VPN wykorzystuje pliki cookie<\/h4>\n\n\n\n<p class=\"\">Planet VPN wykorzystuje na swojej stronie internetowej plik cookie (dost\u0119pne pod adresem: https:\/\/www.freevpnpplanet.com). Opis i zasady wyja\u015bniono na odpowiedniej stronie.<\/p>\n\n\n\n<p class=\"\">Zak\u0142adaj\u0105c konto na naszej platformie, u\u017cytkownicy wyra\u017caj\u0105 zgod\u0119 na u\u017cywanie plik\u00f3w cookies w celach og\u00f3lnej administracji platformy, a w szczeg\u00f3lno\u015bci procesu rejestracji. Stosowanie plik\u00f3w cookies pozwala na uproszczenie procesu autoryzacji poprzez eliminacj\u0119 konieczno\u015bci ka\u017cdorazowego logowania si\u0119 w Serwisie oraz zapisywanie preferencji podczas korzystania z Serwisu. Te pliki cookies s\u0105 automatycznie usuwane po \u201ewylogowaniu si\u0119\u201d u\u017cytkownika.<\/p>\n\n\n\n<p class=\"\">Handel elektroniczny i metody p\u0142atno\u015bci prezentowane s\u0105 na stronie internetowej. Pliki cookies s\u0105 niezb\u0119dne do prawid\u0142owego przetworzenia p\u0142atno\u015bci.<\/p>\n\n\n\n<p class=\"\">Planet VPN oferuje u\u017cytkownikom wype\u0142nianie formularzy lub udzia\u0142 w r\u00f3\u017cnych ankietach w celu edukowania klient\u00f3w us\u0142ug, dostarczania przydatnych informacji lub prezentowania przydatnych narz\u0119dzi umo\u017cliwiaj\u0105cych lepsz\u0105 interakcj\u0119 z u\u017cytkownikami. Te ankiety i badania mog\u0105 wykorzystywa\u0107 pliki cookie, aby unikn\u0105\u0107 udzia\u0142u tej samej osoby w wielu ankietach.<\/p>\n\n\n\n<p class=\"\">Kiedy piszesz komentarz na blogu lub wype\u0142niasz jakiekolwiek formularze\/wnioski, Planet VPN u\u017cywa plik\u00f3w cookie, aby zapisa\u0107 informacje o u\u017cytkowniku w celu prawid\u0142owego przetwarzania w przysz\u0142o\u015bci.<\/p>\n\n\n\n<p class=\"\">Podczas korzystania z Witryny Planet VPN gromadzi pliki cookie w celu zapewnienia najlepszej obs\u0142ugi u\u017cytkownika na platformie.<\/p>\n\n\n\n<h4 class=\"wp-block-heading\">Wy\u0142\u0105czenie plik\u00f3w cookie<\/h4>\n\n\n\n<p class=\"\">Mo\u017cesz wy\u0142\u0105czy\u0107 gromadzenie i u\u017cywanie plik\u00f3w cookie (aby uzyska\u0107 bardziej szczeg\u00f3\u0142owe informacje, odwied\u017a stron\u0119 Ustawienia w preferowanej przegl\u0105darce). Nale\u017cy mie\u0107 na uwadze, \u017ce wy\u0142\u0105czenie plik\u00f3w cookies mo\u017ce mie\u0107 wp\u0142yw na og\u00f3lne funkcjonowanie zasob\u00f3w internetowych. Dlatego nie zaleca si\u0119 wy\u0142\u0105czania plik\u00f3w cookies.<\/p>\n\n\n\n<p class=\"\">Sposoby wy\u0142\u0105czenia plik\u00f3w cookie zale\u017c\u0105 od r\u00f3\u017cnych przegl\u0105darek, dlatego Planet VPN prezentuje list\u0119 stron dla r\u00f3\u017cnych przegl\u0105darek.<\/p>\n\n\n\n<ul class=\"wp-block-list\">\n<li>Chrome<br><a href=\"https:\/\/support.google.com\/chrome\/answer\/95647\">https:\/\/support.google.com\/chrome\/answer\/95647<\/a><\/li>\n\n\n\n<li>Safari<br><a href=\"https:\/\/support.apple.com\/en-gb\/guide\/safari\/manage-cookies-and-website-data-sfri11471\/mac\">https:\/\/support.apple.com\/en-gb\/guide\/safari\/manage-cookies-and-website-data-sfri11471\/mac<\/a><\/li>\n\n\n\n<li>Firefox<br><a href=\"https:\/\/support.mozilla.org\/en-US\/kb\/enable-and-disable-cookies-website-preferences\">https:\/\/support.mozilla.org\/en-US\/kb\/enable-and-disable-cookies-website-preferences<\/a><\/li>\n\n\n\n<li>Opera<br><a href=\"http:\/\/www.opera.com\/help\/tutorials\/security\/cookies\">http:\/\/www.opera.com\/help\/tutorials\/security\/cookies<\/a><\/li>\n\n\n\n<li>Internet Explorer<br><a href=\"https:\/\/support.microsoft.com\/en-gb\/help\/17442\/windows-internet-explorer-delete-manage-cookies\">https:\/\/support.microsoft.com\/en-gb\/help\/17442\/windows-internet-explorer-delete-manage-cookies<\/a><\/li>\n\n\n\n<li>Edge<br><a href=\"https:\/\/privacy.microsoft.com\/en-us\/windows-10-microsoft-edge-and-privacy\">https:\/\/privacy.microsoft.com\/en-us\/windows-10-microsoft-edge-and-privacy<\/a><\/li>\n<\/ul>\n\n\n\n<h4 class=\"wp-block-heading\">Lista plik\u00f3w cookie u\u017cywanych w Planet VPN<\/h4>\n\n\n\n<p class=\"\">Ta lista wy\u015bwietli wszystkie pliki cookie gromadzone i dostarczane przez wiarygodne strony trzecie. Wymienione poni\u017cej pliki cookie to te, z kt\u00f3rymi b\u0119dziesz si\u0119 spotyka\u0107 podczas korzystania ze strony internetowej<\/p>\n\n\n\n<h4 class=\"wp-block-heading\">Google Analytics:<\/h4>\n\n\n\n<p class=\"\">Pliki te s\u0105 jednymi z najbardziej niezawodnych, ich u\u017cycie pozwala na analiz\u0119 ca\u0142o\u015bci funkcjonowania platformy i podpowiada, jak j\u0105 zoptymalizowa\u0107. Gromadzone informacje obejmuj\u0105 czas sp\u0119dzony przez u\u017cytkownika na stronie, na ca\u0142ym serwisie oraz czynno\u015bci wykonywane na platformie<\/p>\n\n\n\n<p class=\"\">Wi\u0119cej szczeg\u00f3\u0142owych informacji o Google Analytics znajdziesz na&nbsp;<a href=\"https:\/\/developers.google.com\/analytics\/devguides\/collection\/analyticsjs\/cookie-usage\">oficjalnej stronie:<\/a><\/p>\n\n\n\n<h4 class=\"wp-block-heading\">Matomo:<\/h4>\n\n\n\n<p class=\"\">Te pliki cookies s\u0105 jednymi z najbardziej zaufanych i niezawodnych, ich u\u017cycie pomaga jako\u015bciowo analizowa\u0107 dzia\u0142anie serwisu i odpowiednio optymalizowa\u0107 jego u\u017cytkowanie dla klient\u00f3w i u\u017cytkownik\u00f3w platformy. Gromadzone informacje obejmuj\u0105 czas sp\u0119dzony przez u\u017cytkownika na stronie, og\u00f3lnie czas sp\u0119dzony w Serwisie oraz dzia\u0142ania podejmowane na platformie.<\/p>\n\n\n\n<p class=\"\">Aby uzyska\u0107 bardziej szczeg\u00f3\u0142owe informacje zwi\u0105zane z Matomo, odwied\u017a&nbsp;<a href=\"https:\/\/matomo.org\/privacy\/\">oficjaln\u0105 stron\u0119:<\/a><\/p>\n\n\n\n<h4 class=\"wp-block-heading\">Zendesk:<\/h4>\n\n\n\n<p class=\"\">Aby zapewni\u0107 ci niezb\u0119dn\u0105 pomoc w czatach online i stworzy\u0107 &#8220;Baz\u0119 wiedzy&#8221;, korzystamy z Zendesk. Zendesk mo\u017ce umie\u015bci\u0107 pliki cookie w twojej przegl\u0105darce. S\u0105 one znane jako pliki pierwotne i s\u0105 niezb\u0119dne do przechowywania informacji o sesji. U\u017cywamy plik\u00f3w cookie na przyk\u0142ad na naszych stronach internetowych, aby zrozumie\u0107 preferencje odwiedzaj\u0105cych i u\u017cytkownik\u00f3w, poprawi\u0107 ich do\u015bwiadczenia, \u015bledzi\u0107 i analizowa\u0107 u\u017cytkowanie, nawigacj\u0119 i inne niezb\u0119dne informacje statystyczne.<\/p>\n\n\n\n<p class=\"\">Polityka prywatno\u015bci dost\u0119pna jest&nbsp;<a href=\"https:\/\/www.zendesk.com\/company\/customers-partners\/privacy-policy\/\">do wgl\u0105du pod adresem:<\/a><\/p>\n\n\n\n<h4 class=\"wp-block-heading\">Mo\u017cesz skontaktowa\u0107 si\u0119 z nami<\/h4>\n\n\n\n<ul class=\"wp-block-list\">\n<li>Za po\u015brednictwem naszej strony<br><a href=\"https:\/\/freevpnplanet.com\/pl\/contact-us\/\">Dane kontaktowe<\/a><\/li>\n\n\n\n<li>Przez e-mail, pod adresem<br><a href=\"mailto:support@freevpnplanet.com\">support@freevpnplanet.com<\/a><\/li>\n<\/ul>\n","protected":false},"excerpt":{"rendered":"<p>Polityka plik\u00f3w cookie Plik cookie to plik zawieraj\u0105cy unikalny identyfikator. Identyfikator ten jest wysy\u0142any przez serwer do przegl\u0105darki i nast\u0119pnie zapisywany w pami\u0119ci urz\u0105dzenia. Dzi\u0119ki temu identyfikator ten jest przesy\u0142any do serwera za ka\u017cdym razem, gdy otrzyma on \u017c\u0105danie z serwera do strony przegl\u0105darki. Pliki te s\u0105 podzielone na 2 r\u00f3\u017cne kategorie: Przegl\u0105darka b\u0119dzie przechowywa\u0107&#8230;<\/p>\n","protected":false},"author":13,"featured_media":0,"parent":0,"menu_order":0,"comment_status":"closed","ping_status":"closed","template":"templates\/page_template-basic_for_gutenberg.php","meta":{"_acf_changed":false,"inline_featured_image":false,"footnotes":""},"download_by_lite_tag":[],"class_list":["post-96360","page","type-page","status-publish","hentry"],"yoast_head":"<!-- This site is optimized with the Yoast SEO plugin v22.6 - https:\/\/yoast.com\/wordpress\/plugins\/seo\/ -->\n<title>Polityka plik\u00f3w cookie - Planet VPN<\/title>\n<meta name=\"description\" content=\"Nasze zasady dotycz\u0105ce plik\u00f3w cookie: jakich plik\u00f3w cookie u\u017cywamy, aby zapewni\u0107 najwy\u017csz\u0105 wydajno\u015b\u0107. Bez obaw: wszystkie dane dotycz\u0105ce korzystania z serwisu s\u0105 anonimowe.\" \/>\n<meta name=\"robots\" content=\"index, follow, max-snippet:-1, max-image-preview:large, max-video-preview:-1\" \/>\n<link rel=\"canonical\" href=\"https:\/\/freevpnplanet.com\/pl\/cookies\/\" \/>\n<meta property=\"og:locale\" content=\"pl_PL\" \/>\n<meta property=\"og:type\" content=\"article\" \/>\n<meta property=\"og:title\" content=\"Polityka plik\u00f3w cookie - Planet VPN\" \/>\n<meta property=\"og:description\" content=\"Nasze zasady dotycz\u0105ce plik\u00f3w cookie: jakich plik\u00f3w cookie u\u017cywamy, aby zapewni\u0107 najwy\u017csz\u0105 wydajno\u015b\u0107. Bez obaw: wszystkie dane dotycz\u0105ce korzystania z serwisu s\u0105 anonimowe.\" \/>\n<meta property=\"og:url\" content=\"https:\/\/freevpnplanet.com\/pl\/cookies\/\" \/>\n<meta property=\"og:site_name\" content=\"Planet VPN\" \/>\n<meta property=\"article:modified_time\" content=\"2025-09-15T05:55:37+00:00\" \/>\n<meta name=\"twitter:card\" content=\"summary_large_image\" \/>\n<meta name=\"twitter:label1\" content=\"Est. reading time\" \/>\n\t<meta name=\"twitter:data1\" content=\"3 minutes\" \/>\n<script type=\"application\/ld+json\" class=\"yoast-schema-graph\">{\"@context\":\"https:\/\/schema.org\",\"@graph\":[{\"@type\":\"WebPage\",\"@id\":\"https:\/\/freevpnplanet.com\/pl\/cookies\/\",\"url\":\"https:\/\/freevpnplanet.com\/pl\/cookies\/\",\"name\":\"Polityka plik\u00f3w cookie - Planet VPN\",\"isPartOf\":{\"@id\":\"https:\/\/freevpnplanet.com\/pl\/#website\"},\"datePublished\":\"2024-07-01T07:13:33+00:00\",\"dateModified\":\"2025-09-15T05:55:37+00:00\",\"description\":\"Nasze zasady dotycz\u0105ce plik\u00f3w cookie: jakich plik\u00f3w cookie u\u017cywamy, aby zapewni\u0107 najwy\u017csz\u0105 wydajno\u015b\u0107. Bez obaw: wszystkie dane dotycz\u0105ce korzystania z serwisu s\u0105 anonimowe.\",\"breadcrumb\":{\"@id\":\"https:\/\/freevpnplanet.com\/pl\/cookies\/#breadcrumb\"},\"inLanguage\":\"pl\",\"potentialAction\":[{\"@type\":\"ReadAction\",\"target\":[\"https:\/\/freevpnplanet.com\/pl\/cookies\/\"]}]},{\"@type\":\"BreadcrumbList\",\"@id\":\"https:\/\/freevpnplanet.com\/pl\/cookies\/#breadcrumb\",\"itemListElement\":[{\"@type\":\"ListItem\",\"position\":1,\"name\":\"Home\",\"item\":\"https:\/\/freevpnplanet.com\/pl\/\"},{\"@type\":\"ListItem\",\"position\":2,\"name\":\"Cookies\"}]},{\"@type\":\"WebSite\",\"@id\":\"https:\/\/freevpnplanet.com\/pl\/#website\",\"url\":\"https:\/\/freevpnplanet.com\/pl\/\",\"name\":\"Planet VPN \ud83d\udee1\ufe0f\ud83c\udf10 Free VPN\",\"description\":\"Free VPN\",\"potentialAction\":[{\"@type\":\"SearchAction\",\"target\":{\"@type\":\"EntryPoint\",\"urlTemplate\":\"https:\/\/freevpnplanet.com\/pl\/?s={search_term_string}\"},\"query-input\":\"required name=search_term_string\"}],\"inLanguage\":\"pl\",\"publisher\":{\"@id\":\"https:\/\/freevpnplanet.com\/pl\/#organization\"}},{\"@context\":\"https:\/\/schema.org\/\",\"@type\":\"SoftwareApplication\",\"name\":\"Planet VPN \ud83d\udee1\ufe0f\ud83c\udf10 Free VPN\",\"operatingSystem\":\"Windows, macOS, iOS, Android, Linux, Chrome\",\"applicationCategory\":\"SecurityApplication\",\"offers\":{\"@type\":\"AggregateOffer\",\"priceCurrency\":\"USD\",\"price\":\"0\",\"lowPrice\":\"0\",\"availability\":\"https:\/\/schema.org\/InStock\"},\"aggregateRating\":{\"@type\":\"AggregateRating\",\"ratingValue\":\"4.8\",\"bestRating\":\"5\",\"ratingCount\":\"12476\"}},{\"@type\":\"Organization\",\"@id\":\"https:\/\/freevpnplanet.com\/pl\/#organization\",\"url\":\"https:\/\/freevpnplanet.com\/pl\/\",\"name\":\"Planet VPN \ud83d\udee1\ufe0f\ud83c\udf10 Free VPN\"}]}<\/script>\n<!-- \/ Yoast SEO plugin. -->","yoast_head_json":{"title":"Polityka plik\u00f3w cookie - Planet VPN","description":"Nasze zasady dotycz\u0105ce plik\u00f3w cookie: jakich plik\u00f3w cookie u\u017cywamy, aby zapewni\u0107 najwy\u017csz\u0105 wydajno\u015b\u0107. Bez obaw: wszystkie dane dotycz\u0105ce korzystania z serwisu s\u0105 anonimowe.","robots":{"index":"index","follow":"follow","max-snippet":"max-snippet:-1","max-image-preview":"max-image-preview:large","max-video-preview":"max-video-preview:-1"},"canonical":"https:\/\/freevpnplanet.com\/pl\/cookies\/","og_locale":"pl_PL","og_type":"article","og_title":"Polityka plik\u00f3w cookie - Planet VPN","og_description":"Nasze zasady dotycz\u0105ce plik\u00f3w cookie: jakich plik\u00f3w cookie u\u017cywamy, aby zapewni\u0107 najwy\u017csz\u0105 wydajno\u015b\u0107. Bez obaw: wszystkie dane dotycz\u0105ce korzystania z serwisu s\u0105 anonimowe.","og_url":"https:\/\/freevpnplanet.com\/pl\/cookies\/","og_site_name":"Planet VPN","article_modified_time":"2025-09-15T05:55:37+00:00","twitter_card":"summary_large_image","twitter_misc":{"Est. reading time":"3 minutes"},"schema":{"@context":"https:\/\/schema.org","@graph":[{"@type":"WebPage","@id":"https:\/\/freevpnplanet.com\/pl\/cookies\/","url":"https:\/\/freevpnplanet.com\/pl\/cookies\/","name":"Polityka plik\u00f3w cookie - Planet VPN","isPartOf":{"@id":"https:\/\/freevpnplanet.com\/pl\/#website"},"datePublished":"2024-07-01T07:13:33+00:00","dateModified":"2025-09-15T05:55:37+00:00","description":"Nasze zasady dotycz\u0105ce plik\u00f3w cookie: jakich plik\u00f3w cookie u\u017cywamy, aby zapewni\u0107 najwy\u017csz\u0105 wydajno\u015b\u0107. Bez obaw: wszystkie dane dotycz\u0105ce korzystania z serwisu s\u0105 anonimowe.","breadcrumb":{"@id":"https:\/\/freevpnplanet.com\/pl\/cookies\/#breadcrumb"},"inLanguage":"pl","potentialAction":[{"@type":"ReadAction","target":["https:\/\/freevpnplanet.com\/pl\/cookies\/"]}]},{"@type":"BreadcrumbList","@id":"https:\/\/freevpnplanet.com\/pl\/cookies\/#breadcrumb","itemListElement":[{"@type":"ListItem","position":1,"name":"Home","item":"https:\/\/freevpnplanet.com\/pl\/"},{"@type":"ListItem","position":2,"name":"Cookies"}]},{"@type":"WebSite","@id":"https:\/\/freevpnplanet.com\/pl\/#website","url":"https:\/\/freevpnplanet.com\/pl\/","name":"Planet VPN \ud83d\udee1\ufe0f\ud83c\udf10 Free VPN","description":"Free VPN","potentialAction":[{"@type":"SearchAction","target":{"@type":"EntryPoint","urlTemplate":"https:\/\/freevpnplanet.com\/pl\/?s={search_term_string}"},"query-input":"required name=search_term_string"}],"inLanguage":"pl","publisher":{"@id":"https:\/\/freevpnplanet.com\/pl\/#organization"}},{"@context":"https:\/\/schema.org\/","@type":"SoftwareApplication","name":"Planet VPN \ud83d\udee1\ufe0f\ud83c\udf10 Free VPN","operatingSystem":"Windows, macOS, iOS, Android, Linux, Chrome","applicationCategory":"SecurityApplication","offers":{"@type":"AggregateOffer","priceCurrency":"USD","price":"0","lowPrice":"0","availability":"https:\/\/schema.org\/InStock"},"aggregateRating":{"@type":"AggregateRating","ratingValue":"4.8","bestRating":"5","ratingCount":"12476"}},{"@type":"Organization","@id":"https:\/\/freevpnplanet.com\/pl\/#organization","url":"https:\/\/freevpnplanet.com\/pl\/","name":"Planet VPN \ud83d\udee1\ufe0f\ud83c\udf10 Free VPN"}]}},"acf":[],"_links":{"self":[{"href":"https:\/\/freevpnplanet.com\/pl\/wp-json\/wp\/v2\/pages\/96360","targetHints":{"allow":["GET"]}}],"collection":[{"href":"https:\/\/freevpnplanet.com\/pl\/wp-json\/wp\/v2\/pages"}],"about":[{"href":"https:\/\/freevpnplanet.com\/pl\/wp-json\/wp\/v2\/types\/page"}],"author":[{"embeddable":true,"href":"https:\/\/freevpnplanet.com\/pl\/wp-json\/wp\/v2\/users\/13"}],"replies":[{"embeddable":true,"href":"https:\/\/freevpnplanet.com\/pl\/wp-json\/wp\/v2\/comments?post=96360"}],"version-history":[{"count":2,"href":"https:\/\/freevpnplanet.com\/pl\/wp-json\/wp\/v2\/pages\/96360\/revisions"}],"predecessor-version":[{"id":181681,"href":"https:\/\/freevpnplanet.com\/pl\/wp-json\/wp\/v2\/pages\/96360\/revisions\/181681"}],"wp:attachment":[{"href":"https:\/\/freevpnplanet.com\/pl\/wp-json\/wp\/v2\/media?parent=96360"}],"wp:term":[{"taxonomy":"download_by_lite_tag","embeddable":true,"href":"https:\/\/freevpnplanet.com\/pl\/wp-json\/wp\/v2\/download_by_lite_tag?post=96360"}],"curies":[{"name":"wp","href":"https:\/\/api.w.org\/{rel}","templated":true}]}}