{"id":96937,"date":"2024-05-16T18:58:36","date_gmt":"2024-05-16T15:58:36","guid":{"rendered":"https:\/\/help.freeplanetvpn.com\/instagram\/"},"modified":"2025-02-18T17:29:09","modified_gmt":"2025-02-18T14:29:09","slug":"instagram","status":"publish","type":"page","link":"https:\/\/freevpnplanet.com\/pl\/instagram\/","title":{"rendered":"Instagram"},"content":{"rendered":"\n<section class=\"image-text custom-block align-full   mobile-image-top mobile-title-center  header-size-medium text-size-small   content-left\" style='overflow: hidden;;--background-color:var(--white); --text-color:var(--black);--min-height-mobile:400px;--min-height-desktop:580px;--content-width:50%'>\n\n    <div class=\"gutenberg-block-background\"><\/div>\n    <div class=\"image-text__inner inner-container\">\n\n        \n                    <div class=\"image-text__content\">\n\n                <h1>Najlepszy darmowy VPN dla Instagrama w 2025 roku<\/h1>\n<p>Teraz zawsze mo\u017cesz uzyska\u0107 dost\u0119p do Instagrama, aby kontynuowa\u0107 dzia\u0142alno\u015b\u0107 za po\u015brednictwem swojego konta i komunikowa\u0107 si\u0119 ze znajomymi i obserwuj\u0105cymi jak zwykle. A Twoje dane s\u0105 szyfrowane, poniewa\u017c korzystaj\u0105c z bezpiecznego po\u0142\u0105czenia, b\u0119dziesz w stanie unikn\u0105\u0107 ingerencji os\u00f3b trzecich.<\/p>\n                                    <div class=\"image-text__cta\">\n                        <a href=\"\/pl\/plans\/\" target=\"_self\" id=\"qa-hero-cta-btn\" class=\"cta download-by-platform cta--with-border cta-size--small cta-mt--initial has-icon icon-position--icon-right\" style=\"--button-background-color: var(--red);--button-background-color-hover: var(--red-hover);--button-background-color-pressed: var(--red-pressed);--border-radius:40px\"><svg width=\"23\" height=\"18\" viewBox=\"0 0 23 18\" fill=\"none\" xmlns=\"http:\/\/www.w3.org\/2000\/svg\">\n<path d=\"M17.7836 6.6595C17.7398 3.68266 15.1238 1.27338 11.9145 1.27338C10.4869 1.27338 9.11155 1.75662 8.04185 2.6341C7.08715 3.4172 6.43407 4.4637 6.17544 5.61266C6.15654 5.61247 6.13782 5.61232 6.11913 5.61232C3.37727 5.61236 1.14648 7.68815 1.14648 10.2396C1.14648 12.7911 3.37727 14.8668 6.11917 14.8668H7.94424C8.19131 14.8668 8.39171 14.6804 8.39171 14.4505C8.39171 14.2205 8.19131 14.0341 7.94424 14.0341H6.11917C3.87068 14.0341 2.04144 12.3319 2.04144 10.2396C2.04144 8.14733 3.87068 6.44515 6.11917 6.44515C6.23896 6.44515 6.36559 6.45114 6.50636 6.46345C6.74496 6.48405 6.95917 6.32632 6.99166 6.10514C7.1528 5.00609 7.73593 3.99525 8.63367 3.25883C9.53981 2.5155 10.7049 2.10617 11.9145 2.10617C14.6576 2.10617 16.8892 4.1828 16.8892 6.73532C16.8892 6.82722 16.8708 7.06488 16.8708 7.06488C16.8615 7.18737 16.9107 7.30745 17.0055 7.39299C17.1001 7.47853 17.2304 7.5207 17.3619 7.50854C17.4809 7.49736 17.601 7.49176 17.7188 7.49176C19.6571 7.49176 21.2341 8.95919 21.2341 10.7629C21.2341 12.5666 19.6571 14.034 17.7188 14.034H15.7147C15.4676 14.034 15.2672 14.2204 15.2672 14.4504C15.2672 14.6804 15.4676 14.8668 15.7147 14.8668H17.7188C20.1506 14.8668 22.129 13.0258 22.129 10.7629C22.129 8.52026 20.1856 6.69192 17.7836 6.6595Z\" fill=\"white\"\/>\n<path d=\"M12.7449 4.39177C10.8737 4.39177 9.27203 5.69297 9.01909 7.41842C8.98569 7.64627 9.15724 7.85552 9.40198 7.88729C9.66295 7.92115 9.87523 7.73974 9.90585 7.53099C10.0985 6.21614 11.3191 5.2246 12.7449 5.2246C12.992 5.2246 13.1924 5.0382 13.1924 4.80821C13.1924 4.57818 12.992 4.39177 12.7449 4.39177Z\" fill=\"white\"\/>\n<path d=\"M13.9851 15.1566C13.8205 14.9851 13.5376 14.9702 13.3532 15.1235L12.2769 16.0182V10.8955C12.2769 10.6656 12.0765 10.4791 11.8294 10.4791C11.5822 10.4791 11.3819 10.6656 11.3819 10.8955V16.0182L10.3056 15.1234C10.1213 14.9702 9.83834 14.9851 9.67376 15.1565C9.5091 15.3281 9.525 15.5912 9.70934 15.7445L11.337 17.0976C11.4774 17.2144 11.6533 17.2727 11.8293 17.2727C12.0053 17.2727 12.1813 17.2143 12.3217 17.0977L13.9494 15.7445C14.1338 15.5914 14.1497 15.3281 13.9851 15.1566Z\" fill=\"white\"\/>\n<path d=\"M17.7836 6.6595C17.7398 3.68266 15.1238 1.27338 11.9145 1.27338C10.4869 1.27338 9.11155 1.75662 8.04185 2.6341C7.08715 3.4172 6.43407 4.4637 6.17544 5.61266C6.15654 5.61247 6.13782 5.61232 6.11913 5.61232C3.37727 5.61236 1.14648 7.68815 1.14648 10.2396C1.14648 12.7911 3.37727 14.8668 6.11917 14.8668H7.94424C8.19131 14.8668 8.39171 14.6804 8.39171 14.4505C8.39171 14.2205 8.19131 14.0341 7.94424 14.0341H6.11917C3.87068 14.0341 2.04144 12.3319 2.04144 10.2396C2.04144 8.14733 3.87068 6.44515 6.11917 6.44515C6.23896 6.44515 6.36559 6.45114 6.50636 6.46345C6.74496 6.48405 6.95917 6.32632 6.99166 6.10514C7.1528 5.00609 7.73593 3.99525 8.63367 3.25883C9.53981 2.5155 10.7049 2.10617 11.9145 2.10617C14.6576 2.10617 16.8892 4.1828 16.8892 6.73532C16.8892 6.82722 16.8708 7.06488 16.8708 7.06488C16.8615 7.18737 16.9107 7.30745 17.0055 7.39299C17.1001 7.47853 17.2304 7.5207 17.3619 7.50854C17.4809 7.49736 17.601 7.49176 17.7188 7.49176C19.6571 7.49176 21.2341 8.95919 21.2341 10.7629C21.2341 12.5666 19.6571 14.034 17.7188 14.034H15.7147C15.4676 14.034 15.2672 14.2204 15.2672 14.4504C15.2672 14.6804 15.4676 14.8668 15.7147 14.8668H17.7188C20.1506 14.8668 22.129 13.0258 22.129 10.7629C22.129 8.52026 20.1856 6.69192 17.7836 6.6595Z\" stroke=\"white\"\/>\n<path d=\"M12.7449 4.39177C10.8737 4.39177 9.27203 5.69297 9.01909 7.41842C8.98569 7.64627 9.15724 7.85552 9.40198 7.88729C9.66295 7.92115 9.87523 7.73974 9.90585 7.53099C10.0985 6.21614 11.3191 5.2246 12.7449 5.2246C12.992 5.2246 13.1924 5.0382 13.1924 4.80821C13.1924 4.57818 12.992 4.39177 12.7449 4.39177Z\" stroke=\"white\"\/>\n<path d=\"M13.9851 15.1566C13.8205 14.9851 13.5376 14.9702 13.3532 15.1235L12.2769 16.0182V10.8955C12.2769 10.6656 12.0765 10.4791 11.8294 10.4791C11.5822 10.4791 11.3819 10.6656 11.3819 10.8955V16.0182L10.3056 15.1234C10.1213 14.9702 9.83834 14.9851 9.67376 15.1565C9.5091 15.3281 9.525 15.5912 9.70934 15.7445L11.337 17.0976C11.4774 17.2144 11.6533 17.2727 11.8293 17.2727C12.0053 17.2727 12.1813 17.2143 12.3217 17.0977L13.9494 15.7445C14.1338 15.5914 14.1497 15.3281 13.9851 15.1566Z\" stroke=\"white\"\/>\n<\/svg>\n<span class=\"cta__name\">Darmowa sie\u0107 VPN dla <span class=\"download-by-platform__platform-name\">Windows<\/span><\/span><\/a>                    <\/div>\n                \n            <\/div>\n        \n                    <div class=\"bg-image-wrapper bg-image-wrapper--desktop right image-align--center\">\n                <figure style='--image-max-width:1000px;--image-opacity:1.00;width: calc(44% - 20px)'>\n                    <img decoding=\"async\" width=\"582\" height=\"450\" src=\"https:\/\/freevpnplanet.com\/wp-content\/uploads\/2024\/05\/rvpn-hero-image.5c71b051-20240519_002205_480771.png\" class=\"bg-image\" alt=\"Background Image for Desktop\" \/>                <\/figure>\n            <\/div>\n        \n                    <div class=\"bg-image-wrapper bg-image-wrapper--mobile regular-image\">\n                <figure style='width: 90%;max-width: 480px;opacity: 1.00;margin-top: 24px'>\n                    <img decoding=\"async\" width=\"582\" height=\"450\" src=\"https:\/\/freevpnplanet.com\/wp-content\/uploads\/2024\/05\/rvpn-hero-image.5c71b051-20240519_002205_480771.png\" class=\"bg-image\" alt=\"Background Image for Mobile\" \/>                <\/figure>\n            <\/div>\n            <\/div>\n<\/section>\n\n\n<section class=\"wrapper custom-block align-full    \" style='--background-color:var(--dark-blue-8)'>\n\n    <div class=\"gutenberg-block-background\"><\/div>\n    <div class=\"wrapper__inner inner-container\">\n        \n\n<p>Korzystanie z Instagrama przez VPN to mo\u017cliwo\u015b\u0107 pozostawania w kontakcie ze swoimi obserwatorami i przyjaci\u00f3\u0142mi na ca\u0142ym \u015bwiecie. Jest to mo\u017cliwo\u015b\u0107 kontynuowania dzia\u0142alno\u015bci za po\u015brednictwem konta, tworzenia historii, przegl\u0105dania i publikowania rolek oraz pracy z kontem reklamowym. Dzi\u0119ki Planet VPN mo\u017cesz blogowa\u0107, promowa\u0107 swoje konto w spos\u00f3b, do kt\u00f3rego jeste\u015b zwykle przyzwyczajony, a jednocze\u015bnie masz kilka zalet. The registration and entry of personal data is not needed.<\/p>\n\n\n\n<p>Ze wzgl\u0119du na obecne zakazy, korzystanie z naszej darmowej sieci VPN dla Instagrama jest jedynym sposobem na uzyskanie dost\u0119pu do ulubionej sieci spo\u0142eczno\u015bciowej. Mo\u017cesz go pobra\u0107 bezpo\u015brednio na tej stronie, klikaj\u0105c przycisk powy\u017cej. Rejestracja i wprowadzanie danych osobowych nie jest wymagane.<\/p>\n\n\n\n<h2 class=\"wp-block-heading\">Je\u015bli nadal masz w\u0105tpliwo\u015bci, czy Instagram b\u0119dzie dzia\u0142a\u0142 przez VPN, to zapewniamy &#8211; b\u0119dzie!<\/h2>\n\n\n\n<p>Planet VPN to bezpieczny kana\u0142 mi\u0119dzy Internetem a smartfonem, tabletem lub komputerem.<\/p>\n\n\n\n<p>Korzystaj\u0105c z bezpiecznego po\u0142\u0105czenia, mo\u017cna unikn\u0105\u0107 ingerencji os\u00f3b trzecich lub z\u0142o\u015bliwych witryn podczas \u0142\u0105czenia si\u0119 z otwartymi sieciami internetowymi w kawiarniach, na lotniskach, stacjach benzynowych, w centrach handlowych i innych publicznych punktach dost\u0119pu Wi-Fi. B\u0119dziesz m\u00f3g\u0142 korzysta\u0107 z informacji bez cenzury, szyfrowa\u0107 ruch internetowy, a tym samym chroni\u0107 swoj\u0105 prywatno\u015b\u0107.<\/p>\n\n\n\n<section class=\"banner custom-block align-wide \">\n    <div class=\"banner__inner inner-container\">\n        <div class=\"banner__content\">\n                            <div class=\"banner__title\">\n                    <h3>Skonfiguruj Planet VPN dla INSTAGRAM ju\u017c teraz<\/h3>\n                <\/div>\n            \n                            <div class=\"banner__text\">\n                    <ul>\n<li>Szybkie serwery<\/li>\n<li>Brak reklam<\/li>\n<li>Wsparcie techniczne<\/li>\n<\/ul>\n<ul>\n<li>Rejestracja nie jest wymagana<\/li>\n<li>Brak log\u00f3w lub gromadzenia danych osobowych<\/li>\n<li>Aplikacje lub pliki konfiguracyjne dla dowolnego urz\u0105dzenia<\/li>\n<\/ul>                <\/div>\n            \n                            <div class=\"banner__cta\">\n                                            <a href=\"\/pl\/plans\/\" target=\"_self\" id=\"qa-banner-mid-cta\" class=\"cta download-by-platform cta--with-border cta-size--small cta-mt--initial has-icon icon-position--icon-right\" style=\"--button-background-color: var(--red);--button-background-color-hover: var(--red-hover);--button-background-color-pressed: var(--red-pressed);--border-radius:40px\"><svg width=\"23\" height=\"18\" viewBox=\"0 0 23 18\" fill=\"none\" xmlns=\"http:\/\/www.w3.org\/2000\/svg\">\n<path d=\"M17.7836 6.6595C17.7398 3.68266 15.1238 1.27338 11.9145 1.27338C10.4869 1.27338 9.11155 1.75662 8.04185 2.6341C7.08715 3.4172 6.43407 4.4637 6.17544 5.61266C6.15654 5.61247 6.13782 5.61232 6.11913 5.61232C3.37727 5.61236 1.14648 7.68815 1.14648 10.2396C1.14648 12.7911 3.37727 14.8668 6.11917 14.8668H7.94424C8.19131 14.8668 8.39171 14.6804 8.39171 14.4505C8.39171 14.2205 8.19131 14.0341 7.94424 14.0341H6.11917C3.87068 14.0341 2.04144 12.3319 2.04144 10.2396C2.04144 8.14733 3.87068 6.44515 6.11917 6.44515C6.23896 6.44515 6.36559 6.45114 6.50636 6.46345C6.74496 6.48405 6.95917 6.32632 6.99166 6.10514C7.1528 5.00609 7.73593 3.99525 8.63367 3.25883C9.53981 2.5155 10.7049 2.10617 11.9145 2.10617C14.6576 2.10617 16.8892 4.1828 16.8892 6.73532C16.8892 6.82722 16.8708 7.06488 16.8708 7.06488C16.8615 7.18737 16.9107 7.30745 17.0055 7.39299C17.1001 7.47853 17.2304 7.5207 17.3619 7.50854C17.4809 7.49736 17.601 7.49176 17.7188 7.49176C19.6571 7.49176 21.2341 8.95919 21.2341 10.7629C21.2341 12.5666 19.6571 14.034 17.7188 14.034H15.7147C15.4676 14.034 15.2672 14.2204 15.2672 14.4504C15.2672 14.6804 15.4676 14.8668 15.7147 14.8668H17.7188C20.1506 14.8668 22.129 13.0258 22.129 10.7629C22.129 8.52026 20.1856 6.69192 17.7836 6.6595Z\" fill=\"white\"\/>\n<path d=\"M12.7449 4.39177C10.8737 4.39177 9.27203 5.69297 9.01909 7.41842C8.98569 7.64627 9.15724 7.85552 9.40198 7.88729C9.66295 7.92115 9.87523 7.73974 9.90585 7.53099C10.0985 6.21614 11.3191 5.2246 12.7449 5.2246C12.992 5.2246 13.1924 5.0382 13.1924 4.80821C13.1924 4.57818 12.992 4.39177 12.7449 4.39177Z\" fill=\"white\"\/>\n<path d=\"M13.9851 15.1566C13.8205 14.9851 13.5376 14.9702 13.3532 15.1235L12.2769 16.0182V10.8955C12.2769 10.6656 12.0765 10.4791 11.8294 10.4791C11.5822 10.4791 11.3819 10.6656 11.3819 10.8955V16.0182L10.3056 15.1234C10.1213 14.9702 9.83834 14.9851 9.67376 15.1565C9.5091 15.3281 9.525 15.5912 9.70934 15.7445L11.337 17.0976C11.4774 17.2144 11.6533 17.2727 11.8293 17.2727C12.0053 17.2727 12.1813 17.2143 12.3217 17.0977L13.9494 15.7445C14.1338 15.5914 14.1497 15.3281 13.9851 15.1566Z\" fill=\"white\"\/>\n<path d=\"M17.7836 6.6595C17.7398 3.68266 15.1238 1.27338 11.9145 1.27338C10.4869 1.27338 9.11155 1.75662 8.04185 2.6341C7.08715 3.4172 6.43407 4.4637 6.17544 5.61266C6.15654 5.61247 6.13782 5.61232 6.11913 5.61232C3.37727 5.61236 1.14648 7.68815 1.14648 10.2396C1.14648 12.7911 3.37727 14.8668 6.11917 14.8668H7.94424C8.19131 14.8668 8.39171 14.6804 8.39171 14.4505C8.39171 14.2205 8.19131 14.0341 7.94424 14.0341H6.11917C3.87068 14.0341 2.04144 12.3319 2.04144 10.2396C2.04144 8.14733 3.87068 6.44515 6.11917 6.44515C6.23896 6.44515 6.36559 6.45114 6.50636 6.46345C6.74496 6.48405 6.95917 6.32632 6.99166 6.10514C7.1528 5.00609 7.73593 3.99525 8.63367 3.25883C9.53981 2.5155 10.7049 2.10617 11.9145 2.10617C14.6576 2.10617 16.8892 4.1828 16.8892 6.73532C16.8892 6.82722 16.8708 7.06488 16.8708 7.06488C16.8615 7.18737 16.9107 7.30745 17.0055 7.39299C17.1001 7.47853 17.2304 7.5207 17.3619 7.50854C17.4809 7.49736 17.601 7.49176 17.7188 7.49176C19.6571 7.49176 21.2341 8.95919 21.2341 10.7629C21.2341 12.5666 19.6571 14.034 17.7188 14.034H15.7147C15.4676 14.034 15.2672 14.2204 15.2672 14.4504C15.2672 14.6804 15.4676 14.8668 15.7147 14.8668H17.7188C20.1506 14.8668 22.129 13.0258 22.129 10.7629C22.129 8.52026 20.1856 6.69192 17.7836 6.6595Z\" stroke=\"white\"\/>\n<path d=\"M12.7449 4.39177C10.8737 4.39177 9.27203 5.69297 9.01909 7.41842C8.98569 7.64627 9.15724 7.85552 9.40198 7.88729C9.66295 7.92115 9.87523 7.73974 9.90585 7.53099C10.0985 6.21614 11.3191 5.2246 12.7449 5.2246C12.992 5.2246 13.1924 5.0382 13.1924 4.80821C13.1924 4.57818 12.992 4.39177 12.7449 4.39177Z\" stroke=\"white\"\/>\n<path d=\"M13.9851 15.1566C13.8205 14.9851 13.5376 14.9702 13.3532 15.1235L12.2769 16.0182V10.8955C12.2769 10.6656 12.0765 10.4791 11.8294 10.4791C11.5822 10.4791 11.3819 10.6656 11.3819 10.8955V16.0182L10.3056 15.1234C10.1213 14.9702 9.83834 14.9851 9.67376 15.1565C9.5091 15.3281 9.525 15.5912 9.70934 15.7445L11.337 17.0976C11.4774 17.2144 11.6533 17.2727 11.8293 17.2727C12.0053 17.2727 12.1813 17.2143 12.3217 17.0977L13.9494 15.7445C14.1338 15.5914 14.1497 15.3281 13.9851 15.1566Z\" stroke=\"white\"\/>\n<\/svg>\n<span class=\"cta__name\">Darmowa sie\u0107 VPN dla <span class=\"download-by-platform__platform-name\">Windows<\/span><\/span><\/a>                                    <\/div>\n                    <\/div>\n    <\/div>\n<\/section>\n\n\n<p>Nasza us\u0142uga nie \u015bledzi danych i nie przechowuje informacji o po\u0142\u0105czeniach. Us\u0142uga zapewnia 5 serwer\u00f3w do wyboru bez ogranicze\u0144 ruchu i pr\u0119dko\u015bci za darmo.<\/p>\n\n\n\n<p>Mo\u017cesz tak\u017ce w\u0142\u0105czy\u0107 konta Premium z dost\u0119pem do ponad 1260 serwer\u00f3w w ponad 60 krajach.<\/p>\n\n\n\n<p>Pobierz Planet VPN i zainstaluj go na swoim komputerze lub smartfonie bez rejestracji. Nasza us\u0142uga obs\u0142uguje wszystkie systemy operacyjne.<\/p>\n\n\n\n<p>Uruchamiaj\u0105c aplikacj\u0119 darmowego VPN dla Instagrama, b\u0119dziesz musia\u0142 tylko wybra\u0107 jeden z serwer\u00f3w, kt\u00f3re lubisz i zalogowa\u0107 si\u0119 na swoje konto w celu dalszej komunikacji lub pracy.<\/p>\n\n\n    <\/div>\n\n<\/section>","protected":false},"excerpt":{"rendered":"","protected":false},"author":13,"featured_media":0,"parent":0,"menu_order":0,"comment_status":"closed","ping_status":"closed","template":"landing-gaming.php","meta":{"_acf_changed":false,"inline_featured_image":false,"footnotes":""},"download_by_lite_tag":[],"class_list":["post-96937","page","type-page","status-publish","hentry"],"yoast_head":"<!-- This site is optimized with the Yoast SEO plugin v22.6 - https:\/\/yoast.com\/wordpress\/plugins\/seo\/ -->\n<title>Darmowy VPN dla Instagrama - ogl\u0105daj w dowolnym miejscu w 2026 r. | Planet VPN<\/title>\n<meta name=\"description\" content=\"Pobierz Planet VPN i zainstaluj go na swoim komputerze osobistym lub smartfonie bez rejestracji, aby uzyska\u0107 dost\u0119p do Instagrama. Jest to najlepsza darmowa sie\u0107 VPN dla Instagrama w 2026 roku\" \/>\n<meta name=\"robots\" content=\"index, follow, max-snippet:-1, max-image-preview:large, max-video-preview:-1\" \/>\n<link rel=\"canonical\" href=\"https:\/\/freevpnplanet.com\/pl\/instagram\/\" \/>\n<meta property=\"og:locale\" content=\"pl_PL\" \/>\n<meta property=\"og:type\" content=\"article\" \/>\n<meta property=\"og:title\" content=\"Darmowy VPN dla Instagrama - ogl\u0105daj w dowolnym miejscu w 2026 r. | Planet VPN\" \/>\n<meta property=\"og:description\" content=\"Pobierz Planet VPN i zainstaluj go na swoim komputerze osobistym lub smartfonie bez rejestracji, aby uzyska\u0107 dost\u0119p do Instagrama. Jest to najlepsza darmowa sie\u0107 VPN dla Instagrama w 2026 roku\" \/>\n<meta property=\"og:url\" content=\"https:\/\/freevpnplanet.com\/pl\/instagram\/\" \/>\n<meta property=\"og:site_name\" content=\"Planet VPN\" \/>\n<meta property=\"article:modified_time\" content=\"2025-02-18T14:29:09+00:00\" \/>\n<meta name=\"twitter:card\" content=\"summary_large_image\" \/>\n<meta name=\"twitter:label1\" content=\"Est. reading time\" \/>\n\t<meta name=\"twitter:data1\" content=\"2 minutes\" \/>\n<script type=\"application\/ld+json\" class=\"yoast-schema-graph\">{\"@context\":\"https:\/\/schema.org\",\"@graph\":[{\"@type\":\"WebPage\",\"@id\":\"https:\/\/freevpnplanet.com\/pl\/instagram\/\",\"url\":\"https:\/\/freevpnplanet.com\/pl\/instagram\/\",\"name\":\"Darmowy VPN dla Instagrama - ogl\u0105daj w dowolnym miejscu w 2026 r. | Planet VPN\",\"isPartOf\":{\"@id\":\"https:\/\/freevpnplanet.com\/pl\/#website\"},\"datePublished\":\"2024-05-16T15:58:36+00:00\",\"dateModified\":\"2025-02-18T14:29:09+00:00\",\"description\":\"Pobierz Planet VPN i zainstaluj go na swoim komputerze osobistym lub smartfonie bez rejestracji, aby uzyska\u0107 dost\u0119p do Instagrama. Jest to najlepsza darmowa sie\u0107 VPN dla Instagrama w 2026 roku\",\"breadcrumb\":{\"@id\":\"https:\/\/freevpnplanet.com\/pl\/instagram\/#breadcrumb\"},\"inLanguage\":\"pl\",\"potentialAction\":[{\"@type\":\"ReadAction\",\"target\":[\"https:\/\/freevpnplanet.com\/pl\/instagram\/\"]}]},{\"@type\":\"BreadcrumbList\",\"@id\":\"https:\/\/freevpnplanet.com\/pl\/instagram\/#breadcrumb\",\"itemListElement\":[{\"@type\":\"ListItem\",\"position\":1,\"name\":\"Home\",\"item\":\"https:\/\/freevpnplanet.com\/pl\/\"},{\"@type\":\"ListItem\",\"position\":2,\"name\":\"Instagram\"}]},{\"@type\":\"WebSite\",\"@id\":\"https:\/\/freevpnplanet.com\/pl\/#website\",\"url\":\"https:\/\/freevpnplanet.com\/pl\/\",\"name\":\"Planet VPN \ud83d\udee1\ufe0f\ud83c\udf10 Free VPN\",\"description\":\"Free VPN\",\"potentialAction\":[{\"@type\":\"SearchAction\",\"target\":{\"@type\":\"EntryPoint\",\"urlTemplate\":\"https:\/\/freevpnplanet.com\/pl\/?s={search_term_string}\"},\"query-input\":\"required name=search_term_string\"}],\"inLanguage\":\"pl\",\"publisher\":{\"@id\":\"https:\/\/freevpnplanet.com\/pl\/#organization\"}},{\"@context\":\"https:\/\/schema.org\/\",\"@type\":\"SoftwareApplication\",\"name\":\"Planet VPN \ud83d\udee1\ufe0f\ud83c\udf10 Free VPN\",\"operatingSystem\":\"Windows, macOS, iOS, Android, Linux, Chrome\",\"applicationCategory\":\"SecurityApplication\",\"offers\":{\"@type\":\"AggregateOffer\",\"priceCurrency\":\"USD\",\"price\":\"0\",\"lowPrice\":\"0\",\"availability\":\"https:\/\/schema.org\/InStock\"},\"aggregateRating\":{\"@type\":\"AggregateRating\",\"ratingValue\":\"4.8\",\"bestRating\":\"5\",\"ratingCount\":\"12476\"}},{\"@type\":\"Organization\",\"@id\":\"https:\/\/freevpnplanet.com\/pl\/#organization\",\"url\":\"https:\/\/freevpnplanet.com\/pl\/\",\"name\":\"Planet VPN \ud83d\udee1\ufe0f\ud83c\udf10 Free VPN\"}]}<\/script>\n<!-- \/ Yoast SEO plugin. -->","yoast_head_json":{"title":"Darmowy VPN dla Instagrama - ogl\u0105daj w dowolnym miejscu w 2026 r. | Planet VPN","description":"Pobierz Planet VPN i zainstaluj go na swoim komputerze osobistym lub smartfonie bez rejestracji, aby uzyska\u0107 dost\u0119p do Instagrama. Jest to najlepsza darmowa sie\u0107 VPN dla Instagrama w 2026 roku","robots":{"index":"index","follow":"follow","max-snippet":"max-snippet:-1","max-image-preview":"max-image-preview:large","max-video-preview":"max-video-preview:-1"},"canonical":"https:\/\/freevpnplanet.com\/pl\/instagram\/","og_locale":"pl_PL","og_type":"article","og_title":"Darmowy VPN dla Instagrama - ogl\u0105daj w dowolnym miejscu w 2026 r. | Planet VPN","og_description":"Pobierz Planet VPN i zainstaluj go na swoim komputerze osobistym lub smartfonie bez rejestracji, aby uzyska\u0107 dost\u0119p do Instagrama. Jest to najlepsza darmowa sie\u0107 VPN dla Instagrama w 2026 roku","og_url":"https:\/\/freevpnplanet.com\/pl\/instagram\/","og_site_name":"Planet VPN","article_modified_time":"2025-02-18T14:29:09+00:00","twitter_card":"summary_large_image","twitter_misc":{"Est. reading time":"2 minutes"},"schema":{"@context":"https:\/\/schema.org","@graph":[{"@type":"WebPage","@id":"https:\/\/freevpnplanet.com\/pl\/instagram\/","url":"https:\/\/freevpnplanet.com\/pl\/instagram\/","name":"Darmowy VPN dla Instagrama - ogl\u0105daj w dowolnym miejscu w 2026 r. | Planet VPN","isPartOf":{"@id":"https:\/\/freevpnplanet.com\/pl\/#website"},"datePublished":"2024-05-16T15:58:36+00:00","dateModified":"2025-02-18T14:29:09+00:00","description":"Pobierz Planet VPN i zainstaluj go na swoim komputerze osobistym lub smartfonie bez rejestracji, aby uzyska\u0107 dost\u0119p do Instagrama. Jest to najlepsza darmowa sie\u0107 VPN dla Instagrama w 2026 roku","breadcrumb":{"@id":"https:\/\/freevpnplanet.com\/pl\/instagram\/#breadcrumb"},"inLanguage":"pl","potentialAction":[{"@type":"ReadAction","target":["https:\/\/freevpnplanet.com\/pl\/instagram\/"]}]},{"@type":"BreadcrumbList","@id":"https:\/\/freevpnplanet.com\/pl\/instagram\/#breadcrumb","itemListElement":[{"@type":"ListItem","position":1,"name":"Home","item":"https:\/\/freevpnplanet.com\/pl\/"},{"@type":"ListItem","position":2,"name":"Instagram"}]},{"@type":"WebSite","@id":"https:\/\/freevpnplanet.com\/pl\/#website","url":"https:\/\/freevpnplanet.com\/pl\/","name":"Planet VPN \ud83d\udee1\ufe0f\ud83c\udf10 Free VPN","description":"Free VPN","potentialAction":[{"@type":"SearchAction","target":{"@type":"EntryPoint","urlTemplate":"https:\/\/freevpnplanet.com\/pl\/?s={search_term_string}"},"query-input":"required name=search_term_string"}],"inLanguage":"pl","publisher":{"@id":"https:\/\/freevpnplanet.com\/pl\/#organization"}},{"@context":"https:\/\/schema.org\/","@type":"SoftwareApplication","name":"Planet VPN \ud83d\udee1\ufe0f\ud83c\udf10 Free VPN","operatingSystem":"Windows, macOS, iOS, Android, Linux, Chrome","applicationCategory":"SecurityApplication","offers":{"@type":"AggregateOffer","priceCurrency":"USD","price":"0","lowPrice":"0","availability":"https:\/\/schema.org\/InStock"},"aggregateRating":{"@type":"AggregateRating","ratingValue":"4.8","bestRating":"5","ratingCount":"12476"}},{"@type":"Organization","@id":"https:\/\/freevpnplanet.com\/pl\/#organization","url":"https:\/\/freevpnplanet.com\/pl\/","name":"Planet VPN \ud83d\udee1\ufe0f\ud83c\udf10 Free VPN"}]}},"acf":[],"_links":{"self":[{"href":"https:\/\/freevpnplanet.com\/pl\/wp-json\/wp\/v2\/pages\/96937","targetHints":{"allow":["GET"]}}],"collection":[{"href":"https:\/\/freevpnplanet.com\/pl\/wp-json\/wp\/v2\/pages"}],"about":[{"href":"https:\/\/freevpnplanet.com\/pl\/wp-json\/wp\/v2\/types\/page"}],"author":[{"embeddable":true,"href":"https:\/\/freevpnplanet.com\/pl\/wp-json\/wp\/v2\/users\/13"}],"replies":[{"embeddable":true,"href":"https:\/\/freevpnplanet.com\/pl\/wp-json\/wp\/v2\/comments?post=96937"}],"version-history":[{"count":2,"href":"https:\/\/freevpnplanet.com\/pl\/wp-json\/wp\/v2\/pages\/96937\/revisions"}],"predecessor-version":[{"id":152898,"href":"https:\/\/freevpnplanet.com\/pl\/wp-json\/wp\/v2\/pages\/96937\/revisions\/152898"}],"wp:attachment":[{"href":"https:\/\/freevpnplanet.com\/pl\/wp-json\/wp\/v2\/media?parent=96937"}],"wp:term":[{"taxonomy":"download_by_lite_tag","embeddable":true,"href":"https:\/\/freevpnplanet.com\/pl\/wp-json\/wp\/v2\/download_by_lite_tag?post=96937"}],"curies":[{"name":"wp","href":"https:\/\/api.w.org\/{rel}","templated":true}]}}