{"id":97805,"date":"2024-05-13T20:27:17","date_gmt":"2024-05-13T17:27:17","guid":{"rendered":"https:\/\/help.freeplanetvpn.com\/dns-check\/"},"modified":"2024-12-27T17:24:08","modified_gmt":"2024-12-27T14:24:08","slug":"dns-check","status":"publish","type":"page","link":"https:\/\/freevpnplanet.com\/pl\/dns-check\/","title":{"rendered":"DNS check"},"content":{"rendered":"\n<section class=\"tools-hero\">\n  <div class=\"tools-hero__inner container\">\n\n          <h1 class=\"tools-hero__title\">Online sprawdzanie propagacji DNS<\/h1>\n    \n    <div class=\"dns-propagation\">\n        <div class=\"dns-propagation__text\">\n                    <p>Dostawca us\u0142ug internetowych jest w\u0142a\u015bcicielem serwer\u00f3w DNS, z kt\u00f3rymi mo\u017cna si\u0119 \u0142\u0105czy\u0107 i korzysta\u0107 z us\u0142ug. Cz\u0119sto w\u0142a\u015bciciel monitoruje dzia\u0142ania u\u017cytkownik\u00f3w w celu uzyskania dost\u0119pu do danych, monitorowania dzia\u0142a\u0144 i identyfikacji u\u017cywanych aplikacji. Dane te s\u0105 nast\u0119pnie u\u017cywane przez u\u017cytkownika lub osoby trzecie do stworzenia cyfrowego portretu u\u017cytkownika.<\/p>\n<p>Nie zezwalaj na \u015bledzenie w Internecie &#8211; korzystaj z serwer\u00f3w DNS Planet VPN. Sprawd\u017a wycieki i chro\u0144 swoje dane.<\/p>        \n                        <a id=\"qa-avoid-dns\"\n               href=\"https:\/\/account.freevpnplanet.com\/pl\/order\/\"\n               target=\"\"\n              class=\"cta\">Unikaj wyciek\u00f3w DNS            <\/a>\n                  <\/div>\n\n      <div class=\"dns-propagation__context\">\n        <div class=\"dns-propagation__check\">\n          <div class=\"dns-propagation__status dns-propagation__status--undefined\" id=\"status-undefined\">\n            <img decoding=\"async\" src=\"https:\/\/freevpnplanet.com\/wp-content\/themes\/planetvpn\/assets\/images\/pages\/dns-check\/logo-unprotected.svg\" alt=\"Icon undefined\">\n            <span>Checking&#8230;<\/span>\n          <\/div>\n          <div class=\"dns-propagation__status dns-propagation__status--protected\" id=\"status-protected\">\n            <img decoding=\"async\" src=\"https:\/\/freevpnplanet.com\/wp-content\/themes\/planetvpn\/assets\/images\/pages\/dns-check\/logo-protected.svg\" alt=\"Icon Protected\">\n            <span>Twoje zapytania DNS s\u0105 bezpieczne!<\/span>\n          <\/div>\n          <div class=\"dns-propagation__status dns-propagation__status--unprotected\" id=\"status-unprotected\">\n            <img decoding=\"async\" src=\"https:\/\/freevpnplanet.com\/wp-content\/themes\/planetvpn\/assets\/images\/pages\/dns-check\/logo-unprotected.svg\" alt=\"Icon Uprotected\">\n            <span>Twoje DNS mog\u0105 wycieka\u0107!<\/span>\n          <\/div>\n        <\/div>\n\n        <div class=\"dns-propagation__result\">\n          <span>Adres IP:<\/span>\n          <span class=\"dns-propagation__ip\" id=\"dns-propagation-ip\">XXX.XXX.XX.XX<\/span>\n        <\/div>\n\n                  <div class=\"dns-propagation__final-text\">Je\u015bli korzystasz z VPN, ale nadal widzisz adres DNS serwera swojego dostawcy, system jest nara\u017cony na wyciek. W\u0142a\u015bciciele serwer\u00f3w DNS, z kt\u00f3rych korzystasz, mog\u0105 zobaczy\u0107 wszystkie odwiedzane przez Ciebie strony internetowe.<\/div>\n        \n      <\/div>\n    <\/div>\n  <\/div>\n\n  <div class=\"tools-hero__menu\"><ul id=\"menu-tools-menu-polish\" class=\"menu\"><li id=\"menu-item-117471\" class=\"menu-item\"><a id=\"qa-dns-leak-test\" href=\"https:\/\/freevpnplanet.com\/pl\/dns-check\/\">Test wycieku DNS<\/a><\/li>\n<li id=\"menu-item-117472\" class=\"menu-item\"><a id=\"qa-webrtc-leak-test\" href=\"https:\/\/freevpnplanet.com\/pl\/web-rtc\/\">Test wycieku WebRTC<\/a><\/li>\n<li id=\"menu-item-117498\" class=\"menu-item\"><a id=\"qa-virus-scan\" href=\"https:\/\/freevpnplanet.com\/pl\/virus-scan\/\">Skanowanie wirus\u00f3w<\/a><\/li>\n<li id=\"menu-item-117499\" class=\"menu-item\"><a id=\"qa-what-is-my-ip\" href=\"https:\/\/freevpnplanet.com\/pl\/ip-check\/\">Jaki jest m\u00f3j adres IP?<\/a><\/li>\n<li id=\"menu-item-117500\" class=\"menu-item\"><a id=\"qa-generate-password\" href=\"https:\/\/freevpnplanet.com\/pl\/password-generator\/\">Generator hase\u0142<\/a><\/li>\n<\/ul><\/div>\n<\/section>\n\n<section class=\"two-col-content custom-block align-full  rtl ratio-normal image image-visible-on-mobile-yes\" style=''>\n\n    <div class=\"gutenberg-block-background\"><\/div>\n    <div class=\"two-col-content__container inner-container\">\n                    <h2 class=\"two-col-content__title\">CO TO JEST WYCIEK DNS?<\/h2>\n        \n                    <div class=\"two-col-content__description\"><p>Nawet je\u015bli masz najlepsz\u0105 sie\u0107 VPN, niestety jej mo\u017cliwo\u015bci techniczne nie gwarantuj\u0105 ochrony przed wyciekiem DNS z komputera lub urz\u0105dzenia mobilnego. Ten czynnik nie zale\u017cy od niezawodno\u015bci szyfrowania ruchu. Je\u015bli nast\u0105pi wyciek DNS, oznacza to, \u017ce osoby trzecie zobacz\u0105 odwiedzane przez Ciebie strony, jakie dzia\u0142ania wykonujesz oraz jakie aplikacje otwierasz i u\u017cywasz do cel\u00f3w osobistych.<\/p>\n<p>DNS to specjalny system ksi\u0105\u017cek adresowych, kt\u00f3ry jest bezpo\u015brednio powi\u0105zany ze wszystkimi manipulacjami wykonywanymi podczas korzystania z Internetu. Na przyk\u0142ad przegl\u0105darka lub aplikacja wykorzystuje DNS do wyszukiwania serwer\u00f3w w celu wygenerowania kolejnego po\u0142\u0105czenia mi\u0119dzy us\u0142ugami i stronami wymaganymi przez klienta. Urz\u0105dzenie przekazuje \u017c\u0105dania i otrzymuje instrukcje odpowiedzi w celu wyszukania danych docelowych. W zwi\u0105zku z tym to zapytania DNS okre\u015blaj\u0105 og\u00f3lny poziom poufno\u015bci danych u\u017cytkownika i mog\u0105 r\u00f3wnie\u017c stanowi\u0107 zagro\u017cenie dla bezpiecze\u0144stwa. Sprawdzanie DNS jest proste &#8211; pod\u0142\u0105cz Planet VPN i uwolnij si\u0119 od cyberzagro\u017ce\u0144.<\/p><\/div>\n        \n                    <img decoding=\"async\" width=\"436\" height=\"436\" src=\"https:\/\/freevpnplanet.com\/wp-content\/uploads\/2024\/05\/rvpn-dns.8814bf7-20240514_122744_989247.svg\" class=\"two-col-content__image\" alt=\"\" \/>        \n            <\/div>\n<\/section>\n\n\n<section class=\"cta-section custom-block align-full \" style=''>\n\n    <div class=\"gutenberg-block-background\"><\/div>\n    <div class=\"cta-section__inner\">\n                    <div class=\"cta-section__cta\">\n                                    <a href=\"\/pl\/plans\/\" target=\"_self\" id=\"qa-download-free-space\" class=\"cta download-by-platform cta--with-border cta-size--small icon-position--icon-left\" style=\"--button-background-color: var(--green);--button-background-color-hover: var(--green-hover);--button-background-color-pressed: var(--green-pressed);--border-radius:40px\"><span class=\"cta__name\">Pobierz za darmo<\/span><\/a>                            <\/div>\n            <\/div>\n<\/section>\n\n<section class=\"two-col-content custom-block align-full  rtl ratio-normal text image-visible-on-mobile-no\" style='--background-color:var(--background-blue)'>\n\n    <div class=\"gutenberg-block-background\"><\/div>\n    <div class=\"two-col-content__container inner-container\">\n        \n                    <div class=\"two-col-content__description\"><p>Gdy VPN nie jest w\u0142\u0105czony na komputerze u\u017cytkownika, us\u0142uga DNS dostarczona przez dostawc\u0119 us\u0142ug internetowych jest aktywna w trybie bezpiecze\u0144stwa. Jednak po pod\u0142\u0105czeniu Planet VPN aktywowane s\u0105 tylko serwery DNS tej us\u0142ugi. Gwarantuje to pe\u0142n\u0105 ochron\u0119 i minimalizuje ryzyko wycieku informacji. Korzystanie z serwer\u00f3w DNS Planet VPN daje niezaprzeczalne korzy\u015bci:<\/p>\n<ul>\n<li>Wysoka wydajno\u015b\u0107 serwer\u00f3w DNS Planet VPN;<\/li>\n<li>Zapisywanie dziennik\u00f3w aktywno\u015bci i po\u0142\u0105cze\u0144 jest ca\u0142kowicie wyeliminowane;<\/li>\n<li>najbezpieczniejsze szyfrowanie ruchu.<\/li>\n<\/ul>\n<p>Zasada dzia\u0142ania polega na nast\u0119puj\u0105cych czynno\u015bciach:<\/p>\n<ul>\n<li>Kiedy potrzebujesz otworzy\u0107 stron\u0119 w Internecie, wpisujesz konkretne \u017c\u0105danie, a nast\u0119pnie klikasz na docelowy link;<\/li>\n<li>wybrany adres jest wysy\u0142any zaszyfrowanym tunelem do serwera DNS, tworz\u0105c w ten spos\u00f3b dost\u0119p do interesuj\u0105cego zasobu;<\/li>\n<li>serwer otrzymuje odpowied\u017a i jest ona przesy\u0142ana do u\u017cytkownika w celu otwarcia strony.<\/li>\n<\/ul>\n<p>Wszystkie te dzia\u0142ania s\u0105 generowane w bezpiecznym kanale komunikacyjnym, wi\u0119c nie ma ryzyka hakowania lub wycieku. Serwer DNS mo\u017cna sprawdzi\u0107 online na stronie Planet VPN.<\/p><\/div>\n        \n                                    <h2 class=\"two-col-content__text\">JAK UNIKN\u0104\u0106 WYCIEK\u00d3W DNS PRZY U\u017bYCIU US\u0141UGI PLANET VPN<\/h2>\n                    \n                    <div class=\"two-col-content__cta\">\n                            <\/div>\n            <\/div>\n<\/section>\n\n\n<section class=\"image-text-static-image custom-block align-none  mobile-image-bottom   header-size-small text-size-small  pb-0--desktop\" style=''>\n\n    <div class=\"gutenberg-block-background\"><\/div>\n    <div class=\"image-text-static-image__inner inner-container\">\n                    <div class=\"image-text-static-image__content content-left\" style='--content-width: 50%'>\n                \n                <h2>CZY ZAWSZE TRZEBA SPRAWDZA\u0106 WYCIEKI DNS?<\/h2>\n<p>Sprawdzanie serwera DNS jest wa\u017cnym \u015brodkiem bezpiecze\u0144stwa, kt\u00f3ry powinien by\u0107 wykonywany regularnie. Nawet je\u015bli korzystasz ju\u017c z us\u0142ugi VPN, istnieje zagro\u017cenie bezpiecze\u0144stwa zwi\u0105zane z podatno\u015bci\u0105 DNS na ataki. W przypadku wycieku informacji wyst\u0119puj\u0105 nast\u0119puj\u0105ce dzia\u0142ania:<\/p>\n<ol>\n<li>Komputer u\u017cytkownika nie b\u0119dzie przesy\u0142a\u0107 zapyta\u0144 DNS przez tunel Planet VPN, ale przez publiczn\u0105 sie\u0107;<\/li>\n<li>Komputer u\u017cytkownika b\u0119dzie przesy\u0142a\u0107 zapytania DNS przez tunel Planet VPN, ale dotr\u0105 one do zewn\u0119trznego serwera zamiast do chronionego hosta.<\/li>\n<li>W obu tych przypadkach osoby trzecie mog\u0105 zobaczy\u0107 wszystkie strony odwiedzane przez u\u017cytkownika, a tak\u017ce wszystkie jego aplikacje i programy.<\/li>\n<\/ol>\n                \n                \n\n            <\/div>\n        \n                    <div class=\"bg-image-wrapper bg-image-wrapper--desktop  right image-align--center\" style='--image-max-width: 50%'>\n                <figure>\n                    <img width=\"436\" height=\"436\" src=\"https:\/\/freevpnplanet.com\/wp-content\/uploads\/2024\/05\/rvpn-zoom.0cb093a-20240514_130633_582621.svg\" class=\"attachment-full size-full\" alt=\"\" loading=\"lazy\" decoding=\"sync\" fetchpriority=\"low\" style=\"max-width:440px\" sizes=\"auto, (max-width: 440px) 100vw, 440px\" aria-hidden=\"true\" \/>                    <!-- <img decoding=\"async\" width=\"436\" height=\"436\" src=\"https:\/\/freevpnplanet.com\/wp-content\/uploads\/2024\/05\/rvpn-zoom.0cb093a-20240514_130633_582621.svg\" class=\"attachment-full size-full\" alt=\"\" style=\"max-width:440px\" \/> -->\n                <\/figure>\n            <\/div>\n        \n            <\/div>\n<\/section>\n\n\n<section class=\"image-text-static-image custom-block align-none  mobile-image-bottom   header-size-small text-size-small  pb-0--desktop\" style=''>\n\n    <div class=\"gutenberg-block-background\"><\/div>\n    <div class=\"image-text-static-image__inner inner-container\">\n                    <div class=\"image-text-static-image__content content-right\" style='--content-width: 50%'>\n                \n                <h2>DLACZEGO WYST\u0118PUJE WYCIEK DNS, GDY W\u0141\u0104CZONA JEST US\u0141UGA VPN?<\/h2>\n<p>Nawet je\u015bli korzystasz z us\u0142ugi VPN przez ca\u0142y czas, mog\u0105 wyst\u0105pi\u0107 wycieki DNS. Oto popularne przyczyny wyciek\u00f3w DNS:<\/p>\n<ol>\n<li>Sie\u0107 VPN zosta\u0142a skonfigurowana r\u0119cznie \u2013 znacznie zwi\u0119ksza to ryzyko wycieku informacji i danych prywatnych, oraz dodaje czynnik specyficzny dla konfiguracji systemu operacyjnego komputera u\u017cytkownika. W przypadku po\u0142\u0105czenia Planet VPN takie problemy zostaj\u0105 wykluczone, zapewniaj\u0105c u\u017cytkownikowi pe\u0142n\u0105 gwarancj\u0119 bezpiecze\u0144stwa;<\/li>\n<li>Hakerzy przechwycili kontrol\u0119 nad routerem, w wyniku czego \u017c\u0105dania z komputera s\u0105 wysy\u0142ane do sieci og\u00f3lnej, a nie do zaszyfrowanego tunelu \u2013 sytuacja ta najcz\u0119\u015bciej wyst\u0119puje podczas korzystania z po\u0142\u0105czenia Wi-Fi w miejscach publicznych (centrum handlowe, klub sportowy, kawiarnia, park itp.). Wystarczy skorzysta\u0107 z us\u0142ugi Planet VPN, aby wyeliminowa\u0107 wszelkie zagro\u017cenia i potencjalne zagro\u017cenia;<\/li>\n<li>Ustawiono r\u0119cznie DNS i aktywowano komend\u0119 do niekorzystania z po\u0142\u0105czenia przez serwer Planet VPN \u2013 najlepiej jest unika\u0107 takich zdarze\u0144, nawet je\u015bli jeste\u015b do\u015bwiadczonym u\u017cytkownikiem, poniewa\u017c zak\u0142\u00f3ca to og\u00f3ln\u0105 cyberbezpiecze\u0144stwo twojego komputera.<\/li>\n<\/ol>\n                \n                \n\n            <\/div>\n        \n                    <div class=\"bg-image-wrapper bg-image-wrapper--desktop  left image-align--center\" style='--image-max-width: 50%'>\n                <figure>\n                    <img width=\"436\" height=\"436\" src=\"https:\/\/freevpnplanet.com\/wp-content\/uploads\/2024\/05\/rvpn-virus.9f94f39-20240514_130630_667594.svg\" class=\"attachment-full size-full\" alt=\"\" loading=\"lazy\" decoding=\"sync\" fetchpriority=\"low\" style=\"max-width:440px\" sizes=\"auto, (max-width: 440px) 100vw, 440px\" aria-hidden=\"true\" \/>                    <!-- <img decoding=\"async\" width=\"436\" height=\"436\" src=\"https:\/\/freevpnplanet.com\/wp-content\/uploads\/2024\/05\/rvpn-virus.9f94f39-20240514_130630_667594.svg\" class=\"attachment-full size-full\" alt=\"\" style=\"max-width:440px\" \/> -->\n                <\/figure>\n            <\/div>\n        \n            <\/div>\n<\/section>\n\n\n<section class=\"wrapper custom-block align-none    \" style=''>\n\n    <div class=\"gutenberg-block-background\"><\/div>\n    <div class=\"wrapper__inner inner-container\">\n        \n\n<div class=\"buttons custom-block align-center \">\n                        <a href=\"\/pl\/plans\/\" target=\"_self\" id=\"qa-download-free-info\" class=\"cta download-by-platform cta--with-border cta-size--small cta-mt--initial icon-position--icon-left\" style=\"--border-radius:40px\"><span class=\"cta__name\">Pobierz za darmo<\/span><\/a>            <\/div>\n\n    <\/div>\n\n<\/section>","protected":false},"excerpt":{"rendered":"","protected":false},"author":13,"featured_media":0,"parent":0,"menu_order":0,"comment_status":"closed","ping_status":"closed","template":"templates\/page_template-basic_for_gutenberg.php","meta":{"_acf_changed":false,"inline_featured_image":false,"footnotes":""},"download_by_lite_tag":[],"class_list":["post-97805","page","type-page","status-publish","hentry"],"yoast_head":"<!-- This site is optimized with the Yoast SEO plugin v22.6 - https:\/\/yoast.com\/wordpress\/plugins\/seo\/ -->\n<title>Sprawdzanie DNS - Sprawdzanie propagacji DNS online | Planet VPN<\/title>\n<meta name=\"description\" content=\"Je\u015bli tw\u00f3j DNS wycieka, twoje \u017c\u0105dania s\u0105 wysy\u0142ane przez zaszyfrowany tunel VPN. Sprawd\u017a, czy Tw\u00f3j VPN ma wyciek DNS pokazuj\u0105cy Twoj\u0105 prawdziw\u0105 lokalizacj\u0119. Dzi\u0119ki Planet VPN masz zapewnion\u0105 pe\u0142n\u0105 poufno\u015b\u0107 i ochron\u0119 przed wyciekiem DNS.\" \/>\n<meta name=\"robots\" content=\"index, follow, max-snippet:-1, max-image-preview:large, max-video-preview:-1\" \/>\n<link rel=\"canonical\" href=\"https:\/\/freevpnplanet.com\/pl\/dns-check\/\" \/>\n<meta property=\"og:locale\" content=\"pl_PL\" \/>\n<meta property=\"og:type\" content=\"article\" \/>\n<meta property=\"og:title\" content=\"Sprawdzanie DNS - Sprawdzanie propagacji DNS online | Planet VPN\" \/>\n<meta property=\"og:description\" content=\"Je\u015bli tw\u00f3j DNS wycieka, twoje \u017c\u0105dania s\u0105 wysy\u0142ane przez zaszyfrowany tunel VPN. Sprawd\u017a, czy Tw\u00f3j VPN ma wyciek DNS pokazuj\u0105cy Twoj\u0105 prawdziw\u0105 lokalizacj\u0119. Dzi\u0119ki Planet VPN masz zapewnion\u0105 pe\u0142n\u0105 poufno\u015b\u0107 i ochron\u0119 przed wyciekiem DNS.\" \/>\n<meta property=\"og:url\" content=\"https:\/\/freevpnplanet.com\/pl\/dns-check\/\" \/>\n<meta property=\"og:site_name\" content=\"Planet VPN\" \/>\n<meta property=\"article:modified_time\" content=\"2024-12-27T14:24:08+00:00\" \/>\n<meta name=\"twitter:card\" content=\"summary_large_image\" \/>\n<script type=\"application\/ld+json\" class=\"yoast-schema-graph\">{\"@context\":\"https:\/\/schema.org\",\"@graph\":[{\"@type\":\"WebPage\",\"@id\":\"https:\/\/freevpnplanet.com\/pl\/dns-check\/\",\"url\":\"https:\/\/freevpnplanet.com\/pl\/dns-check\/\",\"name\":\"Sprawdzanie DNS - Sprawdzanie propagacji DNS online | Planet VPN\",\"isPartOf\":{\"@id\":\"https:\/\/freevpnplanet.com\/pl\/#website\"},\"datePublished\":\"2024-05-13T17:27:17+00:00\",\"dateModified\":\"2024-12-27T14:24:08+00:00\",\"description\":\"Je\u015bli tw\u00f3j DNS wycieka, twoje \u017c\u0105dania s\u0105 wysy\u0142ane przez zaszyfrowany tunel VPN. Sprawd\u017a, czy Tw\u00f3j VPN ma wyciek DNS pokazuj\u0105cy Twoj\u0105 prawdziw\u0105 lokalizacj\u0119. Dzi\u0119ki Planet VPN masz zapewnion\u0105 pe\u0142n\u0105 poufno\u015b\u0107 i ochron\u0119 przed wyciekiem DNS.\",\"breadcrumb\":{\"@id\":\"https:\/\/freevpnplanet.com\/pl\/dns-check\/#breadcrumb\"},\"inLanguage\":\"pl\",\"potentialAction\":[{\"@type\":\"ReadAction\",\"target\":[\"https:\/\/freevpnplanet.com\/pl\/dns-check\/\"]}]},{\"@type\":\"BreadcrumbList\",\"@id\":\"https:\/\/freevpnplanet.com\/pl\/dns-check\/#breadcrumb\",\"itemListElement\":[{\"@type\":\"ListItem\",\"position\":1,\"name\":\"Home\",\"item\":\"https:\/\/freevpnplanet.com\/pl\/\"},{\"@type\":\"ListItem\",\"position\":2,\"name\":\"DNS check\"}]},{\"@type\":\"WebSite\",\"@id\":\"https:\/\/freevpnplanet.com\/pl\/#website\",\"url\":\"https:\/\/freevpnplanet.com\/pl\/\",\"name\":\"Planet VPN \ud83d\udee1\ufe0f\ud83c\udf10 Free VPN\",\"description\":\"Free VPN\",\"potentialAction\":[{\"@type\":\"SearchAction\",\"target\":{\"@type\":\"EntryPoint\",\"urlTemplate\":\"https:\/\/freevpnplanet.com\/pl\/?s={search_term_string}\"},\"query-input\":\"required name=search_term_string\"}],\"inLanguage\":\"pl\",\"publisher\":{\"@id\":\"https:\/\/freevpnplanet.com\/pl\/#organization\"}},{\"@context\":\"https:\/\/schema.org\/\",\"@type\":\"SoftwareApplication\",\"name\":\"Planet VPN \ud83d\udee1\ufe0f\ud83c\udf10 Free VPN\",\"operatingSystem\":\"Windows, macOS, iOS, Android, Linux, Chrome\",\"applicationCategory\":\"SecurityApplication\",\"offers\":{\"@type\":\"AggregateOffer\",\"priceCurrency\":\"USD\",\"price\":\"0\",\"lowPrice\":\"0\",\"availability\":\"https:\/\/schema.org\/InStock\"},\"aggregateRating\":{\"@type\":\"AggregateRating\",\"ratingValue\":\"4.8\",\"bestRating\":\"5\",\"ratingCount\":\"12476\"}},{\"@type\":\"Organization\",\"@id\":\"https:\/\/freevpnplanet.com\/pl\/#organization\",\"url\":\"https:\/\/freevpnplanet.com\/pl\/\",\"name\":\"Planet VPN \ud83d\udee1\ufe0f\ud83c\udf10 Free VPN\"}]}<\/script>\n<!-- \/ Yoast SEO plugin. -->","yoast_head_json":{"title":"Sprawdzanie DNS - Sprawdzanie propagacji DNS online | Planet VPN","description":"Je\u015bli tw\u00f3j DNS wycieka, twoje \u017c\u0105dania s\u0105 wysy\u0142ane przez zaszyfrowany tunel VPN. Sprawd\u017a, czy Tw\u00f3j VPN ma wyciek DNS pokazuj\u0105cy Twoj\u0105 prawdziw\u0105 lokalizacj\u0119. Dzi\u0119ki Planet VPN masz zapewnion\u0105 pe\u0142n\u0105 poufno\u015b\u0107 i ochron\u0119 przed wyciekiem DNS.","robots":{"index":"index","follow":"follow","max-snippet":"max-snippet:-1","max-image-preview":"max-image-preview:large","max-video-preview":"max-video-preview:-1"},"canonical":"https:\/\/freevpnplanet.com\/pl\/dns-check\/","og_locale":"pl_PL","og_type":"article","og_title":"Sprawdzanie DNS - Sprawdzanie propagacji DNS online | Planet VPN","og_description":"Je\u015bli tw\u00f3j DNS wycieka, twoje \u017c\u0105dania s\u0105 wysy\u0142ane przez zaszyfrowany tunel VPN. Sprawd\u017a, czy Tw\u00f3j VPN ma wyciek DNS pokazuj\u0105cy Twoj\u0105 prawdziw\u0105 lokalizacj\u0119. Dzi\u0119ki Planet VPN masz zapewnion\u0105 pe\u0142n\u0105 poufno\u015b\u0107 i ochron\u0119 przed wyciekiem DNS.","og_url":"https:\/\/freevpnplanet.com\/pl\/dns-check\/","og_site_name":"Planet VPN","article_modified_time":"2024-12-27T14:24:08+00:00","twitter_card":"summary_large_image","schema":{"@context":"https:\/\/schema.org","@graph":[{"@type":"WebPage","@id":"https:\/\/freevpnplanet.com\/pl\/dns-check\/","url":"https:\/\/freevpnplanet.com\/pl\/dns-check\/","name":"Sprawdzanie DNS - Sprawdzanie propagacji DNS online | Planet VPN","isPartOf":{"@id":"https:\/\/freevpnplanet.com\/pl\/#website"},"datePublished":"2024-05-13T17:27:17+00:00","dateModified":"2024-12-27T14:24:08+00:00","description":"Je\u015bli tw\u00f3j DNS wycieka, twoje \u017c\u0105dania s\u0105 wysy\u0142ane przez zaszyfrowany tunel VPN. Sprawd\u017a, czy Tw\u00f3j VPN ma wyciek DNS pokazuj\u0105cy Twoj\u0105 prawdziw\u0105 lokalizacj\u0119. Dzi\u0119ki Planet VPN masz zapewnion\u0105 pe\u0142n\u0105 poufno\u015b\u0107 i ochron\u0119 przed wyciekiem DNS.","breadcrumb":{"@id":"https:\/\/freevpnplanet.com\/pl\/dns-check\/#breadcrumb"},"inLanguage":"pl","potentialAction":[{"@type":"ReadAction","target":["https:\/\/freevpnplanet.com\/pl\/dns-check\/"]}]},{"@type":"BreadcrumbList","@id":"https:\/\/freevpnplanet.com\/pl\/dns-check\/#breadcrumb","itemListElement":[{"@type":"ListItem","position":1,"name":"Home","item":"https:\/\/freevpnplanet.com\/pl\/"},{"@type":"ListItem","position":2,"name":"DNS check"}]},{"@type":"WebSite","@id":"https:\/\/freevpnplanet.com\/pl\/#website","url":"https:\/\/freevpnplanet.com\/pl\/","name":"Planet VPN \ud83d\udee1\ufe0f\ud83c\udf10 Free VPN","description":"Free VPN","potentialAction":[{"@type":"SearchAction","target":{"@type":"EntryPoint","urlTemplate":"https:\/\/freevpnplanet.com\/pl\/?s={search_term_string}"},"query-input":"required name=search_term_string"}],"inLanguage":"pl","publisher":{"@id":"https:\/\/freevpnplanet.com\/pl\/#organization"}},{"@context":"https:\/\/schema.org\/","@type":"SoftwareApplication","name":"Planet VPN \ud83d\udee1\ufe0f\ud83c\udf10 Free VPN","operatingSystem":"Windows, macOS, iOS, Android, Linux, Chrome","applicationCategory":"SecurityApplication","offers":{"@type":"AggregateOffer","priceCurrency":"USD","price":"0","lowPrice":"0","availability":"https:\/\/schema.org\/InStock"},"aggregateRating":{"@type":"AggregateRating","ratingValue":"4.8","bestRating":"5","ratingCount":"12476"}},{"@type":"Organization","@id":"https:\/\/freevpnplanet.com\/pl\/#organization","url":"https:\/\/freevpnplanet.com\/pl\/","name":"Planet VPN \ud83d\udee1\ufe0f\ud83c\udf10 Free VPN"}]}},"acf":[],"_links":{"self":[{"href":"https:\/\/freevpnplanet.com\/pl\/wp-json\/wp\/v2\/pages\/97805","targetHints":{"allow":["GET"]}}],"collection":[{"href":"https:\/\/freevpnplanet.com\/pl\/wp-json\/wp\/v2\/pages"}],"about":[{"href":"https:\/\/freevpnplanet.com\/pl\/wp-json\/wp\/v2\/types\/page"}],"author":[{"embeddable":true,"href":"https:\/\/freevpnplanet.com\/pl\/wp-json\/wp\/v2\/users\/13"}],"replies":[{"embeddable":true,"href":"https:\/\/freevpnplanet.com\/pl\/wp-json\/wp\/v2\/comments?post=97805"}],"version-history":[{"count":2,"href":"https:\/\/freevpnplanet.com\/pl\/wp-json\/wp\/v2\/pages\/97805\/revisions"}],"predecessor-version":[{"id":150595,"href":"https:\/\/freevpnplanet.com\/pl\/wp-json\/wp\/v2\/pages\/97805\/revisions\/150595"}],"wp:attachment":[{"href":"https:\/\/freevpnplanet.com\/pl\/wp-json\/wp\/v2\/media?parent=97805"}],"wp:term":[{"taxonomy":"download_by_lite_tag","embeddable":true,"href":"https:\/\/freevpnplanet.com\/pl\/wp-json\/wp\/v2\/download_by_lite_tag?post=97805"}],"curies":[{"name":"wp","href":"https:\/\/api.w.org\/{rel}","templated":true}]}}