{"id":98605,"date":"2024-05-23T15:29:22","date_gmt":"2024-05-23T12:29:22","guid":{"rendered":"https:\/\/help.freeplanetvpn.com\/no-logs-vpn-policy\/"},"modified":"2026-01-20T14:50:47","modified_gmt":"2026-01-20T11:50:47","slug":"no-logs-vpn-policy","status":"publish","type":"page","link":"https:\/\/freevpnplanet.com\/pl\/no-logs-vpn-policy\/","title":{"rendered":"No logs VPN Policy"},"content":{"rendered":"\n<section class=\"jurisdiction custom-block align-none \" style='--background-color:var(--background-blue)'>\n\n    <div class=\"gutenberg-block-background\"><\/div>\n    <div class=\"jurisdiction__inner inner-container\">\n                    <div class=\"jurisdiction__content\">\n                                    <h1 class=\"jurisdiction__content-title\"> Polityka VPN dotycz\u0105ca braku log\u00f3w <\/h1>\n                \n                <p class=\"jurisdiction__content-desc\"><p>Planet VPN jest zarejestrowany pod jurysdykcj\u0105 Rumunii, co pozwala nam nie przechowywa\u0107 dziennik\u00f3w aktywno\u015bci online u\u017cytkownik\u00f3w, dat po\u0142\u0105cze\u0144 i adres\u00f3w IP, a tak\u017ce \u017cadnych innych wra\u017cliwych danych o naszych u\u017cytkownikach.<\/p>\n<p>Rumunia jest cz\u0119\u015bci\u0105 Unii Europejskiej i nie jest cz\u0142onkiem \u017cadnego sojuszu nadzoru, takiego jak 5 Eyes, 9 Eyes czy 14 Eyes. Rumu\u0144ski Senat jednog\u0142o\u015bnie odrzuci\u0142 ustaw\u0119 o przechowywaniu danych w 2011 roku.<\/p>\n<p>Kiedy korzystaj\u0105 Pa\u0144stwo z Planet VPN, Pa\u0144stwa dane osobowe s\u0105 w 100% bezpieczne. Zgodnie z rumu\u0144skim prawem nie jeste\u015bmy zobowi\u0105zani do monitorowania Pa\u0144stwa u\u017cytkownik\u00f3w.<\/p>\n<p>Nasza firma nie jest zobowi\u0105zana do wsp\u00f3\u0142pracy z \u017cadnymi agencjami wywiadowczymi, co pozwala nam \u015bci\u015ble przestrzega\u0107 polityki prywatno\u015bci naszych u\u017cytkownik\u00f3w.<\/p><\/p>\n\n                                    <div class=\"image-text__cta\">\n                        <a href=\"\/pl\/plans\/\" target=\"_self\" id=\"qa-no-logs-policy-btn\" class=\"cta download-by-platform cta--with-border cta-size--small cta-mt--initial icon-position--icon-left\" style=\"--border-radius:40px\"><span class=\"cta__name\">Pobierz za darmo<\/span><\/a>                    <\/div>\n                            <\/div>\n                            <div class=\"jurisdiction__list\">\n                                    <div class=\"jurisdiction__item\">\n                                                    <figure>\n                                <img decoding=\"async\" width=\"100\" height=\"104\" src=\"https:\/\/freevpnplanet.com\/wp-content\/uploads\/2024\/09\/pasport_4847d96.svg\" class=\"jurisdiction__item-img\" alt=\"\" \/>                            <\/figure>\n                        \n                                                    <p class=\"jurisdiction__item-text\">Nigdy nie poprosimy Pa\u0144stwa o podanie dodatkowych informacji o u\u017cytkowniku z wyj\u0105tkiem adresu EMAIL<\/p>\n                                            <\/div>\n                                    <div class=\"jurisdiction__item\">\n                                                    <figure>\n                                <img decoding=\"async\" width=\"99\" height=\"104\" src=\"https:\/\/freevpnplanet.com\/wp-content\/uploads\/2024\/09\/anon_741e52b.svg\" class=\"jurisdiction__item-img\" alt=\"\" \/>                            <\/figure>\n                        \n                                                    <p class=\"jurisdiction__item-text\">Mamy kilka opcji otrzymywania p\u0142atno\u015bci, w tym ANONYMOUS (kryptowaluta)<\/p>\n                                            <\/div>\n                                    <div class=\"jurisdiction__item\">\n                                                    <figure>\n                                <img decoding=\"async\" width=\"104\" height=\"104\" src=\"https:\/\/freevpnplanet.com\/wp-content\/uploads\/2025\/03\/info.png\" class=\"jurisdiction__item-img\" alt=\"\" \/>                            <\/figure>\n                        \n                                                    <p class=\"jurisdiction__item-text\">Zgodnie z rumu\u0144skim prawem nie jeste\u015bmy zobowi\u0105zani do monitorowania naszych u\u017cytkownik\u00f3w<\/p>\n                                            <\/div>\n                            <\/div>\n            <\/div>\n<\/section>\n\n\n<div class=\"wp-block-group alignfull has-background is-layout-constrained wp-block-group-is-layout-constrained\" style=\"background-color:#2f77d4\">\n<section class=\"image-text custom-block align-none   mobile-image-bottom mobile-title-center  header-size-medium text-size-small   content-right\" style='overflow: hidden;;--text-color:var(--white);--min-height-mobile:400px;--min-height-desktop:617px;--content-width:52%'>\n\n    <div class=\"gutenberg-block-background\"><\/div>\n    <div class=\"image-text__inner inner-container\">\n\n        \n                    <div class=\"image-text__content\">\n\n                <h2>Jakie s\u0105 zalety Planet VPN do omijania zablokowanych witryn?<\/h2>\n\n\n<ul class=\"list-style\">\n<li>Nasze serwery znajduj\u0105 si\u0119 w wielu krajach: Australia, Bu\u0142garia, Kanada, Czechy, Chiny, Estonia, Francja, Niemcy, \u0141otwa, Litwa, Rosja, Singapur, Szwecja, Ukraina, Wielka Brytania, USA.<\/li>\n<li>Ka\u017cdy serwer VPN ma w\u0142asny DNS kraju, w kt\u00f3rym si\u0119 znajduje<\/li>\n<li>Istnieje mo\u017cliwo\u015b\u0107 r\u0119cznej edycji w\u0119z\u0142\u00f3w<\/li>\n<li>Zestaw dost\u0119pnych serwer\u00f3w stale ro\u015bnie<\/li>\n<li>Bezpieczne protoko\u0142y VPN i szyfrowane serwery na ca\u0142ym \u015bwiecie<\/li>\n<\/ul>\n                                    <div class=\"image-text__cta\">\n                        <a href=\"\/pl\/plans\/\" target=\"_self\" id=\"qa-banner-cta\" class=\"cta download-by-platform cta--with-border cta-size--small cta-mt--initial icon-position--icon-left\" style=\"--border-radius:40px\"><span class=\"cta__name\">Pobierz za darmo<\/span><\/a>                    <\/div>\n                \n            <\/div>\n        \n                    <div class=\"bg-image-wrapper bg-image-wrapper--desktop left image-align--center\">\n                <figure style='--image-max-width:1000px;--image-opacity:1.00;width: calc(46% - 20px)'>\n                    <img decoding=\"async\" width=\"620\" height=\"308\" src=\"https:\/\/freevpnplanet.com\/wp-content\/uploads\/2025\/02\/map.png\" class=\"bg-image\" alt=\"Background Image for Desktop\" srcset=\"https:\/\/freevpnplanet.com\/wp-content\/uploads\/2025\/02\/map.png 620w, https:\/\/freevpnplanet.com\/wp-content\/uploads\/2025\/02\/map-300x149.png 300w\" sizes=\"(max-width: 620px) 100vw, 620px\" \/>                <\/figure>\n            <\/div>\n        \n                    <div class=\"bg-image-wrapper bg-image-wrapper--mobile regular-image\">\n                <figure style='width: 100%;max-width: 480px;opacity: 1.00;margin-top: 24px'>\n                    <img decoding=\"async\" width=\"620\" height=\"308\" src=\"https:\/\/freevpnplanet.com\/wp-content\/uploads\/2025\/02\/map.png\" class=\"bg-image\" alt=\"Background Image for Mobile\" srcset=\"https:\/\/freevpnplanet.com\/wp-content\/uploads\/2025\/02\/map.png 620w, https:\/\/freevpnplanet.com\/wp-content\/uploads\/2025\/02\/map-300x149.png 300w\" sizes=\"(max-width: 620px) 100vw, 620px\" \/>                <\/figure>\n            <\/div>\n            <\/div>\n<\/section><\/div>\n","protected":false},"excerpt":{"rendered":"","protected":false},"author":39,"featured_media":0,"parent":0,"menu_order":0,"comment_status":"closed","ping_status":"closed","template":"templates\/page_template-basic_for_gutenberg.php","meta":{"_acf_changed":false,"inline_featured_image":false,"footnotes":""},"download_by_lite_tag":[],"class_list":["post-98605","page","type-page","status-publish","hentry"],"yoast_head":"<!-- This site is optimized with the Yoast SEO plugin v22.6 - https:\/\/yoast.com\/wordpress\/plugins\/seo\/ -->\n<title>Najlepszy VPN bez log\u00f3w - darmowy VPN bez log\u00f3w | Planet VPN<\/title>\n<meta name=\"description\" content=\"Anonimowy VPN bez log\u00f3w. Planet VPN wykorzystuje zaawansowane algorytmy bezpiecznego szyfrowania.\" \/>\n<meta name=\"robots\" content=\"index, follow, max-snippet:-1, max-image-preview:large, max-video-preview:-1\" \/>\n<link rel=\"canonical\" href=\"https:\/\/freevpnplanet.com\/pl\/no-logs-vpn-policy\/\" \/>\n<meta property=\"og:locale\" content=\"pl_PL\" \/>\n<meta property=\"og:type\" content=\"article\" \/>\n<meta property=\"og:title\" content=\"Najlepszy VPN bez log\u00f3w - darmowy VPN bez log\u00f3w | Planet VPN\" \/>\n<meta property=\"og:description\" content=\"Anonimowy VPN bez log\u00f3w. Planet VPN wykorzystuje zaawansowane algorytmy bezpiecznego szyfrowania.\" \/>\n<meta property=\"og:url\" content=\"https:\/\/freevpnplanet.com\/pl\/no-logs-vpn-policy\/\" \/>\n<meta property=\"og:site_name\" content=\"Planet VPN\" \/>\n<meta property=\"article:modified_time\" content=\"2026-01-20T11:50:47+00:00\" \/>\n<meta name=\"twitter:card\" content=\"summary_large_image\" \/>\n<script type=\"application\/ld+json\" class=\"yoast-schema-graph\">{\"@context\":\"https:\/\/schema.org\",\"@graph\":[{\"@type\":\"WebPage\",\"@id\":\"https:\/\/freevpnplanet.com\/pl\/no-logs-vpn-policy\/\",\"url\":\"https:\/\/freevpnplanet.com\/pl\/no-logs-vpn-policy\/\",\"name\":\"Najlepszy VPN bez log\u00f3w - darmowy VPN bez log\u00f3w | Planet VPN\",\"isPartOf\":{\"@id\":\"https:\/\/freevpnplanet.com\/pl\/#website\"},\"datePublished\":\"2024-05-23T12:29:22+00:00\",\"dateModified\":\"2026-01-20T11:50:47+00:00\",\"description\":\"Anonimowy VPN bez log\u00f3w. Planet VPN wykorzystuje zaawansowane algorytmy bezpiecznego szyfrowania.\",\"breadcrumb\":{\"@id\":\"https:\/\/freevpnplanet.com\/pl\/no-logs-vpn-policy\/#breadcrumb\"},\"inLanguage\":\"pl\",\"potentialAction\":[{\"@type\":\"ReadAction\",\"target\":[\"https:\/\/freevpnplanet.com\/pl\/no-logs-vpn-policy\/\"]}]},{\"@type\":\"BreadcrumbList\",\"@id\":\"https:\/\/freevpnplanet.com\/pl\/no-logs-vpn-policy\/#breadcrumb\",\"itemListElement\":[{\"@type\":\"ListItem\",\"position\":1,\"name\":\"Home\",\"item\":\"https:\/\/freevpnplanet.com\/pl\/\"},{\"@type\":\"ListItem\",\"position\":2,\"name\":\"No logs VPN Policy\"}]},{\"@type\":\"WebSite\",\"@id\":\"https:\/\/freevpnplanet.com\/pl\/#website\",\"url\":\"https:\/\/freevpnplanet.com\/pl\/\",\"name\":\"Planet VPN \ud83d\udee1\ufe0f\ud83c\udf10 Free VPN\",\"description\":\"Free VPN\",\"potentialAction\":[{\"@type\":\"SearchAction\",\"target\":{\"@type\":\"EntryPoint\",\"urlTemplate\":\"https:\/\/freevpnplanet.com\/pl\/?s={search_term_string}\"},\"query-input\":\"required name=search_term_string\"}],\"inLanguage\":\"pl\",\"publisher\":{\"@id\":\"https:\/\/freevpnplanet.com\/pl\/#organization\"}},{\"@context\":\"https:\/\/schema.org\/\",\"@type\":\"SoftwareApplication\",\"name\":\"Planet VPN \ud83d\udee1\ufe0f\ud83c\udf10 Free VPN\",\"operatingSystem\":\"Windows, macOS, iOS, Android, Linux, Chrome\",\"applicationCategory\":\"SecurityApplication\",\"offers\":{\"@type\":\"AggregateOffer\",\"priceCurrency\":\"USD\",\"price\":\"0\",\"lowPrice\":\"0\",\"availability\":\"https:\/\/schema.org\/InStock\"},\"aggregateRating\":{\"@type\":\"AggregateRating\",\"ratingValue\":\"4.8\",\"bestRating\":\"5\",\"ratingCount\":\"12476\"}},{\"@type\":\"Organization\",\"@id\":\"https:\/\/freevpnplanet.com\/pl\/#organization\",\"url\":\"https:\/\/freevpnplanet.com\/pl\/\",\"name\":\"Planet VPN \ud83d\udee1\ufe0f\ud83c\udf10 Free VPN\"}]}<\/script>\n<!-- \/ Yoast SEO plugin. -->","yoast_head_json":{"title":"Najlepszy VPN bez log\u00f3w - darmowy VPN bez log\u00f3w | Planet VPN","description":"Anonimowy VPN bez log\u00f3w. Planet VPN wykorzystuje zaawansowane algorytmy bezpiecznego szyfrowania.","robots":{"index":"index","follow":"follow","max-snippet":"max-snippet:-1","max-image-preview":"max-image-preview:large","max-video-preview":"max-video-preview:-1"},"canonical":"https:\/\/freevpnplanet.com\/pl\/no-logs-vpn-policy\/","og_locale":"pl_PL","og_type":"article","og_title":"Najlepszy VPN bez log\u00f3w - darmowy VPN bez log\u00f3w | Planet VPN","og_description":"Anonimowy VPN bez log\u00f3w. Planet VPN wykorzystuje zaawansowane algorytmy bezpiecznego szyfrowania.","og_url":"https:\/\/freevpnplanet.com\/pl\/no-logs-vpn-policy\/","og_site_name":"Planet VPN","article_modified_time":"2026-01-20T11:50:47+00:00","twitter_card":"summary_large_image","schema":{"@context":"https:\/\/schema.org","@graph":[{"@type":"WebPage","@id":"https:\/\/freevpnplanet.com\/pl\/no-logs-vpn-policy\/","url":"https:\/\/freevpnplanet.com\/pl\/no-logs-vpn-policy\/","name":"Najlepszy VPN bez log\u00f3w - darmowy VPN bez log\u00f3w | Planet VPN","isPartOf":{"@id":"https:\/\/freevpnplanet.com\/pl\/#website"},"datePublished":"2024-05-23T12:29:22+00:00","dateModified":"2026-01-20T11:50:47+00:00","description":"Anonimowy VPN bez log\u00f3w. Planet VPN wykorzystuje zaawansowane algorytmy bezpiecznego szyfrowania.","breadcrumb":{"@id":"https:\/\/freevpnplanet.com\/pl\/no-logs-vpn-policy\/#breadcrumb"},"inLanguage":"pl","potentialAction":[{"@type":"ReadAction","target":["https:\/\/freevpnplanet.com\/pl\/no-logs-vpn-policy\/"]}]},{"@type":"BreadcrumbList","@id":"https:\/\/freevpnplanet.com\/pl\/no-logs-vpn-policy\/#breadcrumb","itemListElement":[{"@type":"ListItem","position":1,"name":"Home","item":"https:\/\/freevpnplanet.com\/pl\/"},{"@type":"ListItem","position":2,"name":"No logs VPN Policy"}]},{"@type":"WebSite","@id":"https:\/\/freevpnplanet.com\/pl\/#website","url":"https:\/\/freevpnplanet.com\/pl\/","name":"Planet VPN \ud83d\udee1\ufe0f\ud83c\udf10 Free VPN","description":"Free VPN","potentialAction":[{"@type":"SearchAction","target":{"@type":"EntryPoint","urlTemplate":"https:\/\/freevpnplanet.com\/pl\/?s={search_term_string}"},"query-input":"required name=search_term_string"}],"inLanguage":"pl","publisher":{"@id":"https:\/\/freevpnplanet.com\/pl\/#organization"}},{"@context":"https:\/\/schema.org\/","@type":"SoftwareApplication","name":"Planet VPN \ud83d\udee1\ufe0f\ud83c\udf10 Free VPN","operatingSystem":"Windows, macOS, iOS, Android, Linux, Chrome","applicationCategory":"SecurityApplication","offers":{"@type":"AggregateOffer","priceCurrency":"USD","price":"0","lowPrice":"0","availability":"https:\/\/schema.org\/InStock"},"aggregateRating":{"@type":"AggregateRating","ratingValue":"4.8","bestRating":"5","ratingCount":"12476"}},{"@type":"Organization","@id":"https:\/\/freevpnplanet.com\/pl\/#organization","url":"https:\/\/freevpnplanet.com\/pl\/","name":"Planet VPN \ud83d\udee1\ufe0f\ud83c\udf10 Free VPN"}]}},"acf":[],"_links":{"self":[{"href":"https:\/\/freevpnplanet.com\/pl\/wp-json\/wp\/v2\/pages\/98605","targetHints":{"allow":["GET"]}}],"collection":[{"href":"https:\/\/freevpnplanet.com\/pl\/wp-json\/wp\/v2\/pages"}],"about":[{"href":"https:\/\/freevpnplanet.com\/pl\/wp-json\/wp\/v2\/types\/page"}],"author":[{"embeddable":true,"href":"https:\/\/freevpnplanet.com\/pl\/wp-json\/wp\/v2\/users\/39"}],"replies":[{"embeddable":true,"href":"https:\/\/freevpnplanet.com\/pl\/wp-json\/wp\/v2\/comments?post=98605"}],"version-history":[{"count":6,"href":"https:\/\/freevpnplanet.com\/pl\/wp-json\/wp\/v2\/pages\/98605\/revisions"}],"predecessor-version":[{"id":158717,"href":"https:\/\/freevpnplanet.com\/pl\/wp-json\/wp\/v2\/pages\/98605\/revisions\/158717"}],"wp:attachment":[{"href":"https:\/\/freevpnplanet.com\/pl\/wp-json\/wp\/v2\/media?parent=98605"}],"wp:term":[{"taxonomy":"download_by_lite_tag","embeddable":true,"href":"https:\/\/freevpnplanet.com\/pl\/wp-json\/wp\/v2\/download_by_lite_tag?post=98605"}],"curies":[{"name":"wp","href":"https:\/\/api.w.org\/{rel}","templated":true}]}}