{"id":99244,"date":"2024-06-13T13:55:50","date_gmt":"2024-06-13T10:55:50","guid":{"rendered":"https:\/\/help.freeplanetvpn.com\/policy\/"},"modified":"2025-11-07T14:59:14","modified_gmt":"2025-11-07T11:59:14","slug":"policy","status":"publish","type":"page","link":"https:\/\/freevpnplanet.com\/pl\/policy\/","title":{"rendered":"Polityka"},"content":{"rendered":"\n<section style=\"padding-top:0;padding-bottom:0;padding-left:0;padding-right:0;margin-top:0;margin-bottom:0;margin-left:0;margin-right:0;\" class=\"section custom-blocks-section     alignfull wp-block-gutenberg-custom-blocks-section\">\n        <div class=\"container\">\n        \n\n<h1 class=\"wp-block-heading\">Polityka prywatno\u015bci<\/h1>\n\n\n\n<p class=\"\">FREE PLANET VPN S.R.L. (zwana dalej \u201eSp\u00f3\u0142k\u0105\u201d, \u201emy\u201d lub \u201enasza\u201d) jest w\u0142a\u015bcicielem i operatorem us\u0142ugi VPN znanej pod znakiem towarowym FREE PLANET VPN (zwanej dalej \u201eFREE PLANET VPN\u201d lub \u201eUs\u0142ug\u0105\u201d).<\/p>\n\n\n\n<p style=\"margin-top:0;margin-bottom:0\" class=\"\">W celu zapewnienia jasno\u015bci i sp\u00f3jno\u015bci termin \u201eFREE PLANET VPN\u201d mo\u017ce odnosi\u0107 si\u0119 zar\u00f3wno do znaku towarowego, jak i firmy obs\u0142uguj\u0105cej us\u0142ug\u0119.<\/p>\n\n\n\n<h3 class=\"wp-block-heading title title--h4\">Data wej\u015bcia w \u017cycie:<\/h3>\n\n\n\n<p class=\"\">W FREE PLANET VPN prywatno\u015b\u0107 jest uwa\u017cana za podstawow\u0105 zasad\u0119 wszystkich us\u0142ug i dzia\u0142a\u0144. Niniejsza Polityka prywatno\u015bci opisuje praktyki stosowane przez FREE PLANET VPN w zakresie przetwarzania informacji, gdy u\u017cytkownicy uzyskuj\u0105 dost\u0119p do stron internetowych FREE PLANET VPN (freeplanetvpn.com i powi\u0105zanych domen), aplikacji i powi\u0105zanych us\u0142ug (zwanych \u0142\u0105cznie \u201eUs\u0142ugami\u201d).<\/p>\n\n\n\n<p class=\"\">Podstawowa zasada tego podej\u015bcia jest prosta: gromadzenie danych jest ograniczone do minimum niezb\u0119dnego do zapewnienia bezpiecznego i wydajnego dzia\u0142ania FREE PLANET VPN. Ujawnianie danych osobowych stronom trzecim nie jest praktyk\u0105 stosowan\u0105 przez t\u0119 organizacj\u0119. Ponadto wykorzystanie takich informacji jest \u015bci\u015ble ograniczone do \u015bwiadczenia us\u0142ug opisanych w niniejszym dokumencie.<\/p>\n\n\n\n<p style=\"margin-top:0;margin-bottom:0\" class=\"\">Uzyskuj\u0105c dost\u0119p do FREE PLANET VPN lub korzystaj\u0105c z niego, u\u017cytkownik wyra\u017anie potwierdza, \u017ce przeczyta\u0142, zrozumia\u0142 i akceptuje niniejsz\u0105 Polityk\u0119 prywatno\u015bci. Je\u015bli u\u017cytkownik nie zgadza si\u0119 z kt\u00f3rymkolwiek z postanowie\u0144 niniejszego dokumentu, prosimy o natychmiastowe zaprzestanie korzystania z naszych us\u0142ug.<\/p>\n\n\n\n<h3 class=\"wp-block-heading\">1. Informacje, kt\u00f3re gromadzimy<\/h3>\n\n\n\n<p class=\"\">FREE PLANET VPN dzia\u0142a zgodnie z surow\u0105 polityk\u0105 zerowego logowania, co oznacza, \u017ce nie przechowuje zapis\u00f3w dzia\u0142a\u0144 u\u017cytkownik\u00f3w. W zwi\u0105zku z tym nie \u015bledzi ani nie przechowuje dziennik\u00f3w aktywno\u015bci, w tym historii przegl\u0105dania, danych o ruchu, tre\u015bci lub zapyta\u0144 DNS. Niemniej jednak, aby zapewni\u0107 prawid\u0142owe funkcjonowanie i integralno\u015b\u0107 operacyjn\u0105 Us\u0142ug, mog\u0105 wyst\u0105pi\u0107 ograniczone przypadki, w kt\u00f3rych gromadzone s\u0105 okre\u015blone kategorie informacji.<\/p>\n\n\n\n<h4 class=\"wp-block-heading\">a) Informacje techniczne i dotycz\u0105ce u\u017cytkowania (gromadzenie anonimowe)<\/h4>\n\n\n\n<ul class=\"wp-block-list\">\n<li><strong>Stan po\u0142\u0105czenia VPN (pomy\u015blne lub nieudane).<\/strong><\/li>\n\n\n\n<li><strong>Lokalizacja serwera VPN, z kt\u00f3rym si\u0119 \u0142\u0105czysz.<\/strong><\/li>\n\n\n\n<li><strong>Og\u00f3lna lokalizacja (tylko kraj) i dostawca us\u0142ug internetowych.<\/strong><\/li>\n\n\n\n<li><strong>Szczeg\u00f3\u0142y dotycz\u0105ce urz\u0105dzenia, takie jak model, wersja systemu operacyjnego, wersja aplikacji.<\/strong><\/li>\n\n\n\n<li><strong>Dane diagnostyczne i dotycz\u0105ce wydajno\u015bci (np. testy pr\u0119dko\u015bci, raporty dotycz\u0105ce awarii\/b\u0142\u0119d\u00f3w).<\/strong><\/li>\n<\/ul>\n\n\n\n<h5 class=\"wp-block-heading\">Wa\u017cne:<\/h5>\n\n\n\n<p class=\"\">Wszystkie takie dane s\u0105 natychmiast po zebraniu anonimizowane i nie mog\u0105 by\u0107 powi\u0105zane z \u017cadnym indywidualnym u\u017cytkownikiem ani konkretn\u0105 sesj\u0105 VPN.<\/p>\n\n\n\n<h4 class=\"wp-block-heading\">b) Opcjonalne dane konta<\/h4>\n\n\n\n<p style=\"margin-top:0;margin-bottom:0\" class=\"\">Chocia\u017c utworzenie konta nie jest obowi\u0105zkowe, aby korzysta\u0107 z FREE PLANET VPN, je\u015bli zdecydujesz si\u0119 to zrobi\u0107, mo\u017cemy poprosi\u0107 Ci\u0119 o podanie adresu e-mail. Informacje te s\u0105 wykorzystywane do nast\u0119puj\u0105cych cel\u00f3w:<\/p>\n\n\n\n<ul class=\"wp-block-list\">\n<li><strong>Logowanie i odzyskiwanie konta.<\/strong><\/li>\n\n\n\n<li><strong>Zarz\u0105dzanie subskrypcj\u0105.<\/strong><\/li>\n\n\n\n<li><strong>Obs\u0142uga klienta.<\/strong><\/li>\n\n\n\n<li><strong>Powiadomienia dotycz\u0105ce us\u0142ug lub opcjonalne aktualizacje marketingowe (mo\u017cesz zrezygnowa\u0107 w dowolnym momencie).<\/strong><\/li>\n<\/ul>\n\n\n\n<h4 class=\"wp-block-heading\">c) Dane dotycz\u0105ce subskrypcji i p\u0142atno\u015bci<\/h4>\n\n\n\n<p style=\"margin-top:0;margin-bottom:0\" class=\"\">Kiedy subskrybujesz p\u0142atny plan FREE PLANET VPN, mo\u017cemy gromadzi\u0107 pewne ograniczone informacje, w tym mi\u0119dzy innymi:<\/p>\n\n\n\n<ul class=\"wp-block-list\">\n<li><strong>Tw\u00f3j adres e-mail, plan subskrypcji i status p\u0142atno\u015bci.<\/strong><\/li>\n\n\n\n<li><strong>Informacje zwi\u0105zane z transakcjami (np. waluta, status odnowienia, identyfikator faktury).<\/strong><\/li>\n<\/ul>\n\n\n\n<p style=\"margin-top:0;margin-bottom:0\" class=\"\">Wa\u017cne jest, aby FREE PLANET VPN nie przetwarza\u0142o ani nie przechowywa\u0142o informacji o kartach p\u0142atniczych. Wszystkie transakcje finansowe s\u0105 bezpiecznie obs\u0142ugiwane przez zaufanych dostawc\u00f3w zewn\u0119trznych, w tym Stripe, Airwallex, Payssion i v5pay.<\/p>\n\n\n\n<h4 class=\"wp-block-heading\">d) Pliki cookie i podobne technologie<\/h4>\n\n\n\n<p style=\"margin-top:0;margin-bottom:0\" class=\"\">Nasze strony internetowe mog\u0105 wykorzystywa\u0107 pliki cookie w nast\u0119puj\u0105cych celach:<\/p>\n\n\n\n<ul class=\"wp-block-list\">\n<li><strong>Zapami\u0119tywanie ustawie\u0144 i preferencji u\u017cytkownika.<\/strong><\/li>\n\n\n\n<li><strong>Poprawa wydajno\u015bci i nawigacji.<\/strong><\/li>\n\n\n\n<li><strong>Wspieranie analityki i podstawowych funkcji.<\/strong><\/li>\n<\/ul>\n\n\n\n<p style=\"margin-top:0;margin-bottom:0\" class=\"\">Wi\u0119cej informacji mo\u017cna znale\u017a\u0107 w naszej [Polityce plik\u00f3w cookie].<\/p>\n\n\n\n<h4 class=\"wp-block-heading\">e) Dane komunikacyjne<\/h4>\n\n\n\n<p style=\"margin-top:0;margin-bottom:0\" class=\"\">W przypadku, gdy wy\u017cej wymieniona strona skontaktuje si\u0119 z nami, mo\u017cemy zebra\u0107 imi\u0119 i nazwisko, adres e-mail oraz tre\u015b\u0107 wiadomo\u015bci. Informacje te s\u0105 wykorzystywane wy\u0142\u0105cznie w celu udzielenia odpowiedzi i zapewnienia pomocy.<\/p>\n\n\n\n<h3 class=\"wp-block-heading\">2. Wykorzystanie zebranych danych<\/h3>\n\n\n\n<p style=\"margin-bottom:0\" class=\"\">Przetwarzamy zebrane informacje wy\u0142\u0105cznie w nast\u0119puj\u0105cych celach:<\/p>\n\n\n\n<ul class=\"wp-block-list\">\n<li><strong>Bezpiecze\u0144stwo i uwierzytelnianie<\/strong> \u2013 weryfikacja statusu subskrypcji, zapobieganie oszustwom, blokowanie nadu\u017cy\u0107.<\/li>\n\n\n\n<li><strong>Diagnostyka i optymalizacja<\/strong> \u2013 monitorowanie wydajno\u015bci, rozwi\u0105zywanie problem\u00f3w i poprawa stabilno\u015bci aplikacji.<\/li>\n\n\n\n<li><strong>Obs\u0142uga klienta<\/strong> \u2013 odpowiadanie na zapytania, rozwi\u0105zywanie problem\u00f3w i dostarczanie odpowiednich aktualizacji.<\/li>\n\n\n\n<li><strong>Badania i rozw\u00f3<\/strong>j \u2013 analiza anonimowych trend\u00f3w w celu tworzenia lepszych funkcji i nowych us\u0142ug.<\/li>\n\n\n\n<li><strong>Zgodno\u015b\u0107 z przepisami prawa<\/strong> \u2013 spe\u0142nianie wymog\u00f3w regulacyjnych, zapobieganie nadu\u017cyciom i zapewnienie zgodnego z prawem u\u017cytkowania.<\/li>\n<\/ul>\n\n\n\n<p style=\"margin-bottom:0\" class=\"\">Wykorzystywanie zebranych danych do cel\u00f3w profilowania u\u017cytkownik\u00f3w lub monitorowania aktywno\u015bci przegl\u0105dania jest surowo zabronione przez nasz\u0105 firm\u0119.<\/p>\n\n\n\n<h3 class=\"wp-block-heading\">3. Udost\u0119pnianie i przekazywanie danych<\/h3>\n\n\n\n<p style=\"margin-bottom:0\" class=\"\">FREE PLANET VPN nie zajmuje si\u0119 sprzeda\u017c\u0105 ani wynajmem danych osobowych. Niemniej jednak w okre\u015blonych okoliczno\u015bciach mo\u017ce by\u0107 dozwolone udost\u0119pnianie ograniczonych danych.<\/p>\n\n\n\n<ul class=\"wp-block-list\">\n<li><strong>Us\u0142ugodawcy<\/strong>: Aby zapewni\u0107 p\u0142ynne \u015bwiadczenie i ci\u0105g\u0142\u0105 konserwacj\u0119 naszych Us\u0142ug, wsp\u00f3\u0142pracujemy z zaufanymi partnerami zewn\u0119trznymi, w tym podmiotami obs\u0142uguj\u0105cymi p\u0142atno\u015bci, dostawcami us\u0142ug analitycznych i platformami wsparcia.<\/li>\n\n\n\n<li><strong>Raporty zbiorcze lub anonimowe<\/strong>: Anonimowe dane statystyczne mog\u0105 by\u0107 udost\u0119pniane w spos\u00f3b gwarantuj\u0105cy ca\u0142kowit\u0105 anonimowo\u015b\u0107 os\u00f3b fizycznych.<\/li>\n\n\n\n<li><strong>Przeniesienie dzia\u0142alno\u015bci<\/strong>: W przypadku fuzji, przej\u0119cia lub restrukturyzacji przedsi\u0119biorstwa odpowiednie dane mog\u0105 zosta\u0107 przekazane, z zastrze\u017ceniem \u015bcis\u0142ych zabezpiecze\u0144 prywatno\u015bci.<\/li>\n\n\n\n<li><strong>Wnioski prawne<\/strong>: Je\u015bli ujawnienie ograniczonych danych jest wymagane przez obowi\u0105zuj\u0105ce prawo lub konieczne do ochrony bezpiecze\u0144stwa u\u017cytkownik\u00f3w, takie ujawnienie mo\u017ce nast\u0105pi\u0107 zgodnie z obowi\u0105zkami prawnymi.<\/li>\n<\/ul>\n\n\n\n<p style=\"margin-bottom:0\" class=\"\">Nale\u017cy zauwa\u017cy\u0107, \u017ce dane mog\u0105 by\u0107 przetwarzane poza krajem zamieszkania danej osoby. W takich przypadkach FREE PLANET VPN wdra\u017ca odpowiednie zabezpieczenia w celu zapewnienia poufno\u015bci, integralno\u015bci i dost\u0119pno\u015bci informacji u\u017cytkownik\u00f3w.<\/p>\n\n\n\n<h3 class=\"wp-block-heading\">4. Ochrona danych<\/h3>\n\n\n\n<p style=\"margin-bottom:0\" class=\"\">W celu zapewnienia bezpiecze\u0144stwa wszystkich gromadzonych danych wdro\u017cono rygorystyczny protok\u00f3\u0142, obejmuj\u0105cy nast\u0119puj\u0105ce \u015brodki:<\/p>\n\n\n\n<ul class=\"wp-block-list\">\n<li><strong>Szyfrowanie i kontrola dost\u0119pu<\/strong> w celu ochrony integralno\u015bci i poufno\u015bci danych.<\/li>\n\n\n\n<li><strong>Izolowane systemy przechowywania danych z ograniczonym dost\u0119pem<\/strong>, aby zapobiec nieuprawnionemu dost\u0119powi.<\/li>\n\n\n\n<li><strong>Regularne audyty i ci\u0105g\u0142e monitorowanie<\/strong> w celu wykrywania i ograniczania potencjalnych zagro\u017ce\u0144 bezpiecze\u0144stwa.<\/li>\n<\/ul>\n\n\n\n<p style=\"margin-bottom:0\" class=\"\">Dost\u0119p do danych jest \u015bci\u015ble ograniczony do upowa\u017cnionego personelu na zasadzie \u201ewiedzy niezb\u0119dnej\u201d. W przypadku naruszenia bezpiecze\u0144stwa, u\u017cytkownicy, kt\u00f3rych dotyczy naruszenie, oraz odpowiednie organy regulacyjne zostan\u0105 niezw\u0142ocznie powiadomieni zgodnie z obowi\u0105zuj\u0105cym prawem.<\/p>\n\n\n\n<h3 class=\"wp-block-heading\">5. Przechowywanie i usuwanie danych<\/h3>\n\n\n\n<p style=\"margin-bottom:0\" class=\"\">Dane u\u017cytkownik\u00f3w b\u0119d\u0105 przechowywane wy\u0142\u0105cznie przez okres niezb\u0119dny do \u015bwiadczenia us\u0142ug opisanych w niniejszym dokumencie. Po zako\u0144czeniu tego okresu wszystkie informacje zostan\u0105 bezpiecznie usuni\u0119te lub zanonimizowane.<\/p>\n\n\n\n<ul class=\"wp-block-list\">\n<li>W przypadku usuni\u0119cia konta u\u017cytkownika wszystkie powi\u0105zane dane r\u00f3wnie\u017c zostan\u0105 usuni\u0119te, z wyj\u0105tkiem sytuacji, w kt\u00f3rych przechowywanie danych jest wymagane przez obowi\u0105zuj\u0105ce prawo (w tym mi\u0119dzy innymi obowi\u0105zki podatkowe, ksi\u0119gowe lub regulacyjne).<\/li>\n\n\n\n<li>W sytuacjach, w kt\u00f3rych natychmiastowe usuni\u0119cie nie jest mo\u017cliwe, np. podczas procedur tworzenia kopii zapasowych lub archiwizacji, dane zostan\u0105 bezpiecznie odizolowane i przechowywane do momentu wykonania metody zapewniaj\u0105cej ich ca\u0142kowite i bezpieczne usuni\u0119cie.<\/li>\n<\/ul>\n\n\n\n<h3 class=\"wp-block-heading\">6. Us\u0142ugi stron trzecich, z kt\u00f3rych korzystamy<\/h3>\n\n\n\n<p style=\"margin-bottom:0\" class=\"\">Aby zapewni\u0107 bezpiecze\u0144stwo i niezawodno\u015b\u0107 FREE PLANET VPN, wsp\u00f3\u0142pracujemy ze starannie wybranymi dostawcami zewn\u0119trznymi, w tym mi\u0119dzy innymi:<\/p>\n\n\n\n<ul class=\"wp-block-list\">\n<li><strong>Google Firebase<\/strong> \u2013 raporty o awariach i diagnostyka.<\/li>\n\n\n\n<li><strong>Adjust <\/strong>\u2013 analityka aplikacji i \u015bledzenie wydajno\u015bci.<\/li>\n\n\n\n<li><strong>Zendesk <\/strong>\u2013 system obs\u0142ugi klienta.<\/li>\n\n\n\n<li><strong>Stripe, Airwallex, Payssion, v5pay<\/strong> \u2013 przetwarzanie p\u0142atno\u015bci.<\/li>\n\n\n\n<li><strong>Forter, Rebilly<\/strong> \u2013 wykrywanie oszustw i zarz\u0105dzanie ryzykiem.<\/li>\n\n\n\n<li><strong>Admob, Liftoff, InMobi, Unity, Bigo Ads<\/strong> \u2013 partnerzy reklamowi (dla bezp\u0142atnej wersji VPN).<\/li>\n<\/ul>\n\n\n\n<p style=\"margin-bottom:0\" class=\"\">Partnerzy ci mog\u0105 wykorzystywa\u0107 pliki cookie lub podobne technologie. Nie otrzymuj\u0105 oni dziennik\u00f3w ruchu FREE PLANET VPN ani \u017cadnych wra\u017cliwych danych osobowych.<\/p>\n\n\n\n<h3 class=\"wp-block-heading\">7. Prawa u\u017cytkownika<\/h3>\n\n\n\n<p style=\"margin-bottom:0\" class=\"\">Z zastrze\u017ceniem obowi\u0105zuj\u0105cych przepis\u00f3w prawa w Twoim regionie, mo\u017cesz mie\u0107 okre\u015blone prawa w odniesieniu do swoich danych osobowych:<\/p>\n\n\n\n<ul class=\"wp-block-list\">\n<li><strong>Dost\u0119p <\/strong>\u2013 mo\u017cesz za\u017c\u0105da\u0107 kopii danych, kt\u00f3re posiadamy na Tw\u00f3j temat.<\/li>\n\n\n\n<li><strong>Korekta <\/strong>\u2013 mo\u017cesz aktualizowa\u0107 lub poprawia\u0107 nieprawid\u0142owe informacje.<\/li>\n\n\n\n<li><strong>Usuni\u0119cie <\/strong>\u2013 mo\u017cesz za\u017c\u0105da\u0107 trwa\u0142ego usuni\u0119cia swojego konta i powi\u0105zanych danych.<\/li>\n\n\n\n<li><strong>Ograniczenie\/sprzeciw<\/strong> \u2013 mo\u017cesz ograniczy\u0107 lub sprzeciwi\u0107 si\u0119 niekt\u00f3rym formom przetwarzania danych.<\/li>\n\n\n\n<li><strong>Wycofanie zgody<\/strong> \u2013 zaprzestanie otrzymywania informacji marketingowych lub cofni\u0119cie zgody na opcjonalne wykorzystanie danych.<\/li>\n<\/ul>\n\n\n\n<h5 class=\"wp-block-heading\">W przypadku u\u017cytkownik\u00f3w z EOG\/Wielkiej Brytanii (RODO):<\/h5>\n\n\n\n<p style=\"margin-bottom:0\" class=\"\">Mo\u017cesz skorzysta\u0107 ze swoich praw w dowolnym momencie. Do przetworzenia takich wniosk\u00f3w mo\u017ce by\u0107 wymagana weryfikacja to\u017csamo\u015bci.<\/p>\n\n\n\n<h5 class=\"wp-block-heading\">W przypadku u\u017cytkownik\u00f3w z Kalifornii (CCPA):<\/h5>\n\n\n\n<p style=\"margin-bottom:0\" class=\"\">Mo\u017cesz za\u017c\u0105da\u0107 informacji dotycz\u0105cych danych osobowych, kt\u00f3re gromadzimy lub ujawniamy. FREE PLANET VPN w \u017cadnym wypadku nie sprzedaje danych osobowych.<\/p>\n\n\n\n<h3 class=\"wp-block-heading\">8. Prywatno\u015b\u0107 os\u00f3b niepe\u0142noletnich<\/h3>\n\n\n\n<p class=\"\">FREE PLANET VPN nie jest przeznaczony dla os\u00f3b poni\u017cej 13 roku \u017cycia lub poni\u017cej minimalnego wieku wymaganego przez prawo w kraju zamieszkania u\u017cytkownika. Nie gromadzimy \u015bwiadomie danych osobowych dzieci.<\/p>\n\n\n\n<p style=\"margin-bottom:0\" class=\"\">W przypadku, gdy rodzic lub opiekun uwa\u017ca, \u017ce jego dziecko przekaza\u0142o nam dane osobowe, prosimy o niezw\u0142oczny kontakt. Takie informacje zostan\u0105 bezpiecznie usuni\u0119te po otrzymaniu wniosku.<\/p>\n\n\n\n<h3 class=\"wp-block-heading\">9. Zmiany w niniejszej Polityce prywatno\u015bci<\/h3>\n\n\n\n<p class=\"\">Niniejsza polityka mo\u017ce by\u0107 od czasu do czasu aktualizowana w celu odzwierciedlenia zmian w obowi\u0105zuj\u0105cym prawie, rozwoju technologicznym lub modyfikacji \u015bwiadczonych Us\u0142ug. \u201eData wej\u015bcia w \u017cycie\u201d zawsze wskazuje najnowsz\u0105 wersj\u0119.<\/p>\n\n\n\n<p style=\"margin-bottom:0\" class=\"\">U\u017cytkownicy zostan\u0105 powiadomieni o wszelkich istotnych aktualizacjach za po\u015brednictwem aplikacji firmy, stron internetowych lub wiadomo\u015bci e-mail.<\/p>\n\n\n\n<h3 class=\"wp-block-heading\">10. Kontakt<\/h3>\n\n\n\n<p class=\"\">W przypadku jakichkolwiek pyta\u0144, w\u0105tpliwo\u015bci lub wniosk\u00f3w dotycz\u0105cych niniejszej Polityki prywatno\u015bci, zainteresowane strony proszone s\u0105 o kontakt z wyznaczonym dzia\u0142em, korzystaj\u0105c z poni\u017cszych danych kontaktowych: <a href=\"mailto:support@freevpnplanet.com\" target=\"_blank\" rel=\"noreferrer noopener\">support@freevpnplanet.com<\/a><\/p>\n\n    <\/div>\n<\/section>\n","protected":false},"excerpt":{"rendered":"","protected":false},"author":13,"featured_media":0,"parent":0,"menu_order":0,"comment_status":"closed","ping_status":"closed","template":"templates\/page-policy.php","meta":{"_acf_changed":false,"inline_featured_image":false,"footnotes":""},"download_by_lite_tag":[],"class_list":["post-99244","page","type-page","status-publish","hentry"],"yoast_head":"<!-- This site is optimized with the Yoast SEO plugin v22.6 - https:\/\/yoast.com\/wordpress\/plugins\/seo\/ -->\n<title>Polityka prywatno\u015bci - Planet VPN<\/title>\n<meta name=\"description\" content=\"Planet VPN zobowi\u0105zuje si\u0119 do ochrony Twojej prywatno\u015bci. W niniejszej Polityce prywatno\u015bci podajemy informacje o tym, jak przetwarzamy Twoje dane.\" \/>\n<meta name=\"robots\" content=\"index, follow, max-snippet:-1, max-image-preview:large, max-video-preview:-1\" \/>\n<link rel=\"canonical\" href=\"https:\/\/freevpnplanet.com\/pl\/policy\/\" \/>\n<meta property=\"og:locale\" content=\"pl_PL\" \/>\n<meta property=\"og:type\" content=\"article\" \/>\n<meta property=\"og:title\" content=\"Polityka prywatno\u015bci - Planet VPN\" \/>\n<meta property=\"og:description\" content=\"Planet VPN zobowi\u0105zuje si\u0119 do ochrony Twojej prywatno\u015bci. W niniejszej Polityce prywatno\u015bci podajemy informacje o tym, jak przetwarzamy Twoje dane.\" \/>\n<meta property=\"og:url\" content=\"https:\/\/freevpnplanet.com\/pl\/policy\/\" \/>\n<meta property=\"og:site_name\" content=\"Planet VPN\" \/>\n<meta property=\"article:modified_time\" content=\"2025-11-07T11:59:14+00:00\" \/>\n<meta name=\"twitter:card\" content=\"summary_large_image\" \/>\n<meta name=\"twitter:label1\" content=\"Est. reading time\" \/>\n\t<meta name=\"twitter:data1\" content=\"6 minutes\" \/>\n<script type=\"application\/ld+json\" class=\"yoast-schema-graph\">{\"@context\":\"https:\/\/schema.org\",\"@graph\":[{\"@type\":\"WebPage\",\"@id\":\"https:\/\/freevpnplanet.com\/pl\/policy\/\",\"url\":\"https:\/\/freevpnplanet.com\/pl\/policy\/\",\"name\":\"Polityka prywatno\u015bci - Planet VPN\",\"isPartOf\":{\"@id\":\"https:\/\/freevpnplanet.com\/pl\/#website\"},\"datePublished\":\"2024-06-13T10:55:50+00:00\",\"dateModified\":\"2025-11-07T11:59:14+00:00\",\"description\":\"Planet VPN zobowi\u0105zuje si\u0119 do ochrony Twojej prywatno\u015bci. W niniejszej Polityce prywatno\u015bci podajemy informacje o tym, jak przetwarzamy Twoje dane.\",\"breadcrumb\":{\"@id\":\"https:\/\/freevpnplanet.com\/pl\/policy\/#breadcrumb\"},\"inLanguage\":\"pl\",\"potentialAction\":[{\"@type\":\"ReadAction\",\"target\":[\"https:\/\/freevpnplanet.com\/pl\/policy\/\"]}]},{\"@type\":\"BreadcrumbList\",\"@id\":\"https:\/\/freevpnplanet.com\/pl\/policy\/#breadcrumb\",\"itemListElement\":[{\"@type\":\"ListItem\",\"position\":1,\"name\":\"Home\",\"item\":\"https:\/\/freevpnplanet.com\/pl\/\"},{\"@type\":\"ListItem\",\"position\":2,\"name\":\"Polityka\"}]},{\"@type\":\"WebSite\",\"@id\":\"https:\/\/freevpnplanet.com\/pl\/#website\",\"url\":\"https:\/\/freevpnplanet.com\/pl\/\",\"name\":\"Planet VPN \ud83d\udee1\ufe0f\ud83c\udf10 Free VPN\",\"description\":\"Free VPN\",\"potentialAction\":[{\"@type\":\"SearchAction\",\"target\":{\"@type\":\"EntryPoint\",\"urlTemplate\":\"https:\/\/freevpnplanet.com\/pl\/?s={search_term_string}\"},\"query-input\":\"required name=search_term_string\"}],\"inLanguage\":\"pl\",\"publisher\":{\"@id\":\"https:\/\/freevpnplanet.com\/pl\/#organization\"}},{\"@context\":\"https:\/\/schema.org\/\",\"@type\":\"SoftwareApplication\",\"name\":\"Planet VPN \ud83d\udee1\ufe0f\ud83c\udf10 Free VPN\",\"operatingSystem\":\"Windows, macOS, iOS, Android, Linux, Chrome\",\"applicationCategory\":\"SecurityApplication\",\"offers\":{\"@type\":\"AggregateOffer\",\"priceCurrency\":\"USD\",\"price\":\"0\",\"lowPrice\":\"0\",\"availability\":\"https:\/\/schema.org\/InStock\"},\"aggregateRating\":{\"@type\":\"AggregateRating\",\"ratingValue\":\"4.8\",\"bestRating\":\"5\",\"ratingCount\":\"12476\"}},{\"@type\":\"Organization\",\"@id\":\"https:\/\/freevpnplanet.com\/pl\/#organization\",\"url\":\"https:\/\/freevpnplanet.com\/pl\/\",\"name\":\"Planet VPN \ud83d\udee1\ufe0f\ud83c\udf10 Free VPN\"}]}<\/script>\n<!-- \/ Yoast SEO plugin. -->","yoast_head_json":{"title":"Polityka prywatno\u015bci - Planet VPN","description":"Planet VPN zobowi\u0105zuje si\u0119 do ochrony Twojej prywatno\u015bci. W niniejszej Polityce prywatno\u015bci podajemy informacje o tym, jak przetwarzamy Twoje dane.","robots":{"index":"index","follow":"follow","max-snippet":"max-snippet:-1","max-image-preview":"max-image-preview:large","max-video-preview":"max-video-preview:-1"},"canonical":"https:\/\/freevpnplanet.com\/pl\/policy\/","og_locale":"pl_PL","og_type":"article","og_title":"Polityka prywatno\u015bci - Planet VPN","og_description":"Planet VPN zobowi\u0105zuje si\u0119 do ochrony Twojej prywatno\u015bci. W niniejszej Polityce prywatno\u015bci podajemy informacje o tym, jak przetwarzamy Twoje dane.","og_url":"https:\/\/freevpnplanet.com\/pl\/policy\/","og_site_name":"Planet VPN","article_modified_time":"2025-11-07T11:59:14+00:00","twitter_card":"summary_large_image","twitter_misc":{"Est. reading time":"6 minutes"},"schema":{"@context":"https:\/\/schema.org","@graph":[{"@type":"WebPage","@id":"https:\/\/freevpnplanet.com\/pl\/policy\/","url":"https:\/\/freevpnplanet.com\/pl\/policy\/","name":"Polityka prywatno\u015bci - Planet VPN","isPartOf":{"@id":"https:\/\/freevpnplanet.com\/pl\/#website"},"datePublished":"2024-06-13T10:55:50+00:00","dateModified":"2025-11-07T11:59:14+00:00","description":"Planet VPN zobowi\u0105zuje si\u0119 do ochrony Twojej prywatno\u015bci. W niniejszej Polityce prywatno\u015bci podajemy informacje o tym, jak przetwarzamy Twoje dane.","breadcrumb":{"@id":"https:\/\/freevpnplanet.com\/pl\/policy\/#breadcrumb"},"inLanguage":"pl","potentialAction":[{"@type":"ReadAction","target":["https:\/\/freevpnplanet.com\/pl\/policy\/"]}]},{"@type":"BreadcrumbList","@id":"https:\/\/freevpnplanet.com\/pl\/policy\/#breadcrumb","itemListElement":[{"@type":"ListItem","position":1,"name":"Home","item":"https:\/\/freevpnplanet.com\/pl\/"},{"@type":"ListItem","position":2,"name":"Polityka"}]},{"@type":"WebSite","@id":"https:\/\/freevpnplanet.com\/pl\/#website","url":"https:\/\/freevpnplanet.com\/pl\/","name":"Planet VPN \ud83d\udee1\ufe0f\ud83c\udf10 Free VPN","description":"Free VPN","potentialAction":[{"@type":"SearchAction","target":{"@type":"EntryPoint","urlTemplate":"https:\/\/freevpnplanet.com\/pl\/?s={search_term_string}"},"query-input":"required name=search_term_string"}],"inLanguage":"pl","publisher":{"@id":"https:\/\/freevpnplanet.com\/pl\/#organization"}},{"@context":"https:\/\/schema.org\/","@type":"SoftwareApplication","name":"Planet VPN \ud83d\udee1\ufe0f\ud83c\udf10 Free VPN","operatingSystem":"Windows, macOS, iOS, Android, Linux, Chrome","applicationCategory":"SecurityApplication","offers":{"@type":"AggregateOffer","priceCurrency":"USD","price":"0","lowPrice":"0","availability":"https:\/\/schema.org\/InStock"},"aggregateRating":{"@type":"AggregateRating","ratingValue":"4.8","bestRating":"5","ratingCount":"12476"}},{"@type":"Organization","@id":"https:\/\/freevpnplanet.com\/pl\/#organization","url":"https:\/\/freevpnplanet.com\/pl\/","name":"Planet VPN \ud83d\udee1\ufe0f\ud83c\udf10 Free VPN"}]}},"acf":[],"_links":{"self":[{"href":"https:\/\/freevpnplanet.com\/pl\/wp-json\/wp\/v2\/pages\/99244","targetHints":{"allow":["GET"]}}],"collection":[{"href":"https:\/\/freevpnplanet.com\/pl\/wp-json\/wp\/v2\/pages"}],"about":[{"href":"https:\/\/freevpnplanet.com\/pl\/wp-json\/wp\/v2\/types\/page"}],"author":[{"embeddable":true,"href":"https:\/\/freevpnplanet.com\/pl\/wp-json\/wp\/v2\/users\/13"}],"replies":[{"embeddable":true,"href":"https:\/\/freevpnplanet.com\/pl\/wp-json\/wp\/v2\/comments?post=99244"}],"version-history":[{"count":5,"href":"https:\/\/freevpnplanet.com\/pl\/wp-json\/wp\/v2\/pages\/99244\/revisions"}],"predecessor-version":[{"id":187515,"href":"https:\/\/freevpnplanet.com\/pl\/wp-json\/wp\/v2\/pages\/99244\/revisions\/187515"}],"wp:attachment":[{"href":"https:\/\/freevpnplanet.com\/pl\/wp-json\/wp\/v2\/media?parent=99244"}],"wp:term":[{"taxonomy":"download_by_lite_tag","embeddable":true,"href":"https:\/\/freevpnplanet.com\/pl\/wp-json\/wp\/v2\/download_by_lite_tag?post=99244"}],"curies":[{"name":"wp","href":"https:\/\/api.w.org\/{rel}","templated":true}]}}