{"id":99291,"date":"2024-05-31T15:55:49","date_gmt":"2024-05-31T12:55:49","guid":{"rendered":"https:\/\/help.freeplanetvpn.com\/password-generator\/"},"modified":"2026-01-20T15:54:29","modified_gmt":"2026-01-20T12:54:29","slug":"password-generator","status":"publish","type":"page","link":"https:\/\/freevpnplanet.com\/pl\/password-generator\/","title":{"rendered":"Password generator"},"content":{"rendered":"\n<section class=\"tools-hero\">\n  <div class=\"tools-hero__inner container\">\n\n    <div class=\"password-generator__wrapper\">\n      <div class=\"password-generator\">\n                  <div class=\"password-generator__text\"><h1 class=\"passGen-title\">Generator hase\u0142 online &#8211; bezpieczne, losowe i silne has\u0142a<\/h1>\n<p class=\"passGen-description\">Wygeneruj silne has\u0142o za pomoc\u0105 naszego generatora hase\u0142. Nie odk\u0142adaj tego na p\u00f3\u017aniej, zmniejsz ryzyko zwi\u0105zane z bezpiecze\u0144stwem, generuj\u0105c silne has\u0142o.<\/p><\/div>\n        \n        <div class=\"password-generator__result\">\n          <div class=\"password-generator__password\">\n            <input id=\"password\" type=\"text\" class=\"password-generator__input\" readonly>\n            <button id=\"qa-generate-password\" type=\"button\" class=\"password-generator__generate\" aria-label=\"Generate\"><\/button>\n            <button id=\"qa-copy-password\" type=\"button\" class=\"password-generator__copy\" aria-label=\"Copy\"><\/button>\n          <\/div>\n\n          <div id=\"qa-copied-message\" class=\"password-generator__msg\"><\/div>\n          <script>\n            window.success_copied_message = '';\n            window.error_copied_message = '';\n          <\/script>\n          <div class=\"password-generator__power\">\n            <span>S\u0142aby<\/span>\n            <span>Silny<\/span>\n            <b class=\"password-generator__power-line\" style=\"--width:0\"><\/b>\n          <\/div>\n        <\/div>\n\n        <form name=\"passwordGenerator\" method=\"post\" action=\"\" class=\"password-generator__form\">\n          <h2>Konfiguracje<\/h2>\n          <div class=\"password-generator__characters\">\n            <b>Rodzaj znaku<\/b>\n            <label>\n              <input id=\"upperCaseCheckBox\" type=\"checkbox\" name=\"lettersUppercase\" checked \/>\n              <span>Wielkie litery<\/span>\n            <\/label>\n            <label>\n              <input id=\"lowerCaseCheckBox\" type=\"checkbox\" name=\"lettersLowercase\" checked \/>\n              <span>Ma\u0142e litery<\/span>\n            <\/label>\n          <\/div>\n\n          <div class=\"password-generator__slider\">\n            <b>D\u0142ugo\u015b\u0107 <span class=\"password-generator__lengthValue-span\">12<\/span><\/b>\n            <label>\n              <input id=\"qa-length\" type=\"range\" min=\"6\" max=\"20\" value=\"12\" name=\"lengthValue\" \/>\n            <\/label>\n          <\/div>\n\n          <div class=\"password-generator__slider\">\n            <b>Cyfry <span class=\"password-generator__digitsValue-span\">4<\/span><\/b>\n            <label>\n              <input id=\"qa-digits\" type=\"range\" min=\"0\" max=\"20\" value=\"4\" name=\"digitsValue\" \/>\n            <\/label>\n          <\/div>\n\n          <div class=\"password-generator__slider\">\n            <b>Symbole <span class=\"password-generator__symbolsValue-span\">2<\/span><\/b>\n            <label>\n              <input id=\"qa-symbols\" type=\"range\" min=\"0\" max=\"20\" value=\"2\" name=\"symbolsValue\" \/>\n            <\/label>\n          <\/div>\n\n        <\/form>\n      <\/div>\n\n    <\/div>\n  <\/div>\n\n  <div class=\"tools-hero__menu\"><ul id=\"menu-tools-menu-polish\" class=\"menu\"><li id=\"menu-item-117471\" class=\"menu-item menu-item-type-post_type menu-item-object-page menu-item-117471\"><a href=\"https:\/\/freevpnplanet.com\/pl\/dns-check\/\">Test wycieku DNS<\/a><\/li>\n<li id=\"menu-item-117472\" class=\"menu-item menu-item-type-post_type menu-item-object-page menu-item-117472\"><a href=\"https:\/\/freevpnplanet.com\/pl\/web-rtc\/\">Test wycieku WebRTC<\/a><\/li>\n<li id=\"menu-item-117498\" class=\"menu-item menu-item-type-post_type menu-item-object-page menu-item-117498\"><a href=\"https:\/\/freevpnplanet.com\/pl\/virus-scan\/\">Skanowanie wirus\u00f3w<\/a><\/li>\n<li id=\"menu-item-117499\" class=\"menu-item menu-item-type-post_type menu-item-object-page menu-item-117499\"><a href=\"https:\/\/freevpnplanet.com\/pl\/ip-check\/\">Jaki jest m\u00f3j adres IP?<\/a><\/li>\n<li id=\"menu-item-117500\" class=\"menu-item menu-item-type-post_type menu-item-object-page menu-item-117500\"><a href=\"https:\/\/freevpnplanet.com\/pl\/password-generator\/\">Generator hase\u0142<\/a><\/li>\n<\/ul><\/div>\n<\/section>\n\n<section class=\"two-col-content custom-block align-full  rtl ratio-normal text image-visible-on-mobile-no\" style='--background-color:var(--background-blue)'>\n\n    <div class=\"gutenberg-block-background\"><\/div>\n    <div class=\"two-col-content__container inner-container\">\n        \n                    <div class=\"two-col-content__description\"><p>Generator hase\u0142 online to darmowe narz\u0119dzie do tworzenia unikalnych i trudnych hase\u0142. Idealne dla tych, kt\u00f3rzy chc\u0105 mie\u0107 trudne has\u0142o do rejestracji na stronie, w sklepie internetowym lub w r\u00f3\u017cnych us\u0142ugach online.<\/p>\n<p>Dodatkowo, istnieje mo\u017cliwo\u015b\u0107 dostosowania has\u0142a wy\u0142\u0105cznie do swoich potrzeb, wykorzystuj\u0105c r\u00f3\u017cnorodne ustawienia. Wszystkie has\u0142a s\u0105 generowane losowo, co zapewnia wysoki poziom bezpiecze\u0144stwa.<\/p>\n<p>Skorzystaj z naszego generatora, aby stworzy\u0107 bezpieczne has\u0142o. Najpierw ustaw d\u0142ugo\u015b\u0107 has\u0142a (zalecamy co najmniej 8 znak\u00f3w), a nast\u0119pnie wybierz trudno\u015b\u0107 has\u0142a. Sprawd\u017a, czy b\u0119d\u0105 u\u017cywane tylko wielkie czy ma\u0142e litery. Podaj liczb\u0119 cyfr w ha\u015ble i liczb\u0119 innych znak\u00f3w, je\u015bli s\u0105 potrzebne. Nasz generator hase\u0142 online automatycznie losowo wygeneruje has\u0142o zgodnie z podanymi parametrami, a ty b\u0119dziesz musia\u0142 je tylko skopiowa\u0107.<\/p>\n<p>Je\u015bli nagle oka\u017ce si\u0119, \u017ce has\u0142o jest niezapami\u0119tywalne lub po prostu nie pasuje, zawsze mo\u017cesz klikn\u0105\u0107 przycisk generowania nowego has\u0142a lub zmieni\u0107 ustawienia.<\/p>\n<blockquote>\n<p>Uwaga: has\u0142o jest generowane na urz\u0105dzeniu u\u017cytkownika, wi\u0119c nawet my nie mo\u017cemy go pozna\u0107. Aby nikt nie m\u00f3g\u0142 przechwyci\u0107 Twojego silnego has\u0142a w sieci, gdy wprowadzasz je na dowolnej stronie, skorzystaj z naszej us\u0142ugi VPN z silnym szyfrowaniem.<\/p>\n<\/blockquote><\/div>\n        \n                                    <h2 class=\"two-col-content__text\">JAK UTWORZY\u0106 SILNE HAS\u0141O?<\/h2>\n                    \n            <\/div>\n<\/section>","protected":false},"excerpt":{"rendered":"","protected":false},"author":13,"featured_media":0,"parent":0,"menu_order":0,"comment_status":"closed","ping_status":"closed","template":"templates\/page_template-basic_for_gutenberg.php","meta":{"_acf_changed":false,"inline_featured_image":false,"footnotes":""},"download_by_lite_tag":[],"class_list":["post-99291","page","type-page","status-publish","hentry"],"yoast_head":"<!-- This site is optimized with the Yoast SEO plugin v22.6 - https:\/\/yoast.com\/wordpress\/plugins\/seo\/ -->\n<title>Generator hase\u0142 - losowe i silne has\u0142a | Planet VPN<\/title>\n<meta name=\"description\" content=\"Wygeneruj silne has\u0142o za pomoc\u0105 naszego generatora hase\u0142. Nie odk\u0142adaj tego na p\u00f3\u017aniej, zmniejsz ryzyko zwi\u0105zane z bezpiecze\u0144stwem, generuj\u0105c silne has\u0142o.\" \/>\n<meta name=\"robots\" content=\"index, follow, max-snippet:-1, max-image-preview:large, max-video-preview:-1\" \/>\n<link rel=\"canonical\" href=\"https:\/\/freevpnplanet.com\/pl\/password-generator\/\" \/>\n<meta property=\"og:locale\" content=\"pl_PL\" \/>\n<meta property=\"og:type\" content=\"article\" \/>\n<meta property=\"og:title\" content=\"Generator hase\u0142 - losowe i silne has\u0142a | Planet VPN\" \/>\n<meta property=\"og:description\" content=\"Wygeneruj silne has\u0142o za pomoc\u0105 naszego generatora hase\u0142. Nie odk\u0142adaj tego na p\u00f3\u017aniej, zmniejsz ryzyko zwi\u0105zane z bezpiecze\u0144stwem, generuj\u0105c silne has\u0142o.\" \/>\n<meta property=\"og:url\" content=\"https:\/\/freevpnplanet.com\/pl\/password-generator\/\" \/>\n<meta property=\"og:site_name\" content=\"Planet VPN\" \/>\n<meta property=\"article:modified_time\" content=\"2026-01-20T12:54:29+00:00\" \/>\n<meta name=\"twitter:card\" content=\"summary_large_image\" \/>\n<script type=\"application\/ld+json\" class=\"yoast-schema-graph\">{\"@context\":\"https:\/\/schema.org\",\"@graph\":[{\"@type\":\"WebPage\",\"@id\":\"https:\/\/freevpnplanet.com\/pl\/password-generator\/\",\"url\":\"https:\/\/freevpnplanet.com\/pl\/password-generator\/\",\"name\":\"Generator hase\u0142 - losowe i silne has\u0142a | Planet VPN\",\"isPartOf\":{\"@id\":\"https:\/\/freevpnplanet.com\/pl\/#website\"},\"datePublished\":\"2024-05-31T12:55:49+00:00\",\"dateModified\":\"2026-01-20T12:54:29+00:00\",\"description\":\"Wygeneruj silne has\u0142o za pomoc\u0105 naszego generatora hase\u0142. Nie odk\u0142adaj tego na p\u00f3\u017aniej, zmniejsz ryzyko zwi\u0105zane z bezpiecze\u0144stwem, generuj\u0105c silne has\u0142o.\",\"breadcrumb\":{\"@id\":\"https:\/\/freevpnplanet.com\/pl\/password-generator\/#breadcrumb\"},\"inLanguage\":\"pl\",\"potentialAction\":[{\"@type\":\"ReadAction\",\"target\":[\"https:\/\/freevpnplanet.com\/pl\/password-generator\/\"]}]},{\"@type\":\"BreadcrumbList\",\"@id\":\"https:\/\/freevpnplanet.com\/pl\/password-generator\/#breadcrumb\",\"itemListElement\":[{\"@type\":\"ListItem\",\"position\":1,\"name\":\"Home\",\"item\":\"https:\/\/freevpnplanet.com\/pl\/\"},{\"@type\":\"ListItem\",\"position\":2,\"name\":\"Password generator\"}]},{\"@type\":\"WebSite\",\"@id\":\"https:\/\/freevpnplanet.com\/pl\/#website\",\"url\":\"https:\/\/freevpnplanet.com\/pl\/\",\"name\":\"Planet VPN \ud83d\udee1\ufe0f\ud83c\udf10 Free VPN\",\"description\":\"Free VPN\",\"potentialAction\":[{\"@type\":\"SearchAction\",\"target\":{\"@type\":\"EntryPoint\",\"urlTemplate\":\"https:\/\/freevpnplanet.com\/pl\/?s={search_term_string}\"},\"query-input\":\"required name=search_term_string\"}],\"inLanguage\":\"pl\",\"publisher\":{\"@id\":\"https:\/\/freevpnplanet.com\/pl\/#organization\"}},{\"@context\":\"https:\/\/schema.org\/\",\"@type\":\"SoftwareApplication\",\"name\":\"Planet VPN \ud83d\udee1\ufe0f\ud83c\udf10 Free VPN\",\"operatingSystem\":\"Windows, macOS, iOS, Android, Linux, Chrome\",\"applicationCategory\":\"SecurityApplication\",\"offers\":{\"@type\":\"AggregateOffer\",\"priceCurrency\":\"USD\",\"price\":\"0\",\"lowPrice\":\"0\",\"availability\":\"https:\/\/schema.org\/InStock\"},\"aggregateRating\":{\"@type\":\"AggregateRating\",\"ratingValue\":\"4.8\",\"bestRating\":\"5\",\"ratingCount\":\"12476\"}},{\"@type\":\"Organization\",\"@id\":\"https:\/\/freevpnplanet.com\/pl\/#organization\",\"url\":\"https:\/\/freevpnplanet.com\/pl\/\",\"name\":\"Planet VPN \ud83d\udee1\ufe0f\ud83c\udf10 Free VPN\"}]}<\/script>\n<!-- \/ Yoast SEO plugin. -->","yoast_head_json":{"title":"Generator hase\u0142 - losowe i silne has\u0142a | Planet VPN","description":"Wygeneruj silne has\u0142o za pomoc\u0105 naszego generatora hase\u0142. Nie odk\u0142adaj tego na p\u00f3\u017aniej, zmniejsz ryzyko zwi\u0105zane z bezpiecze\u0144stwem, generuj\u0105c silne has\u0142o.","robots":{"index":"index","follow":"follow","max-snippet":"max-snippet:-1","max-image-preview":"max-image-preview:large","max-video-preview":"max-video-preview:-1"},"canonical":"https:\/\/freevpnplanet.com\/pl\/password-generator\/","og_locale":"pl_PL","og_type":"article","og_title":"Generator hase\u0142 - losowe i silne has\u0142a | Planet VPN","og_description":"Wygeneruj silne has\u0142o za pomoc\u0105 naszego generatora hase\u0142. Nie odk\u0142adaj tego na p\u00f3\u017aniej, zmniejsz ryzyko zwi\u0105zane z bezpiecze\u0144stwem, generuj\u0105c silne has\u0142o.","og_url":"https:\/\/freevpnplanet.com\/pl\/password-generator\/","og_site_name":"Planet VPN","article_modified_time":"2026-01-20T12:54:29+00:00","twitter_card":"summary_large_image","schema":{"@context":"https:\/\/schema.org","@graph":[{"@type":"WebPage","@id":"https:\/\/freevpnplanet.com\/pl\/password-generator\/","url":"https:\/\/freevpnplanet.com\/pl\/password-generator\/","name":"Generator hase\u0142 - losowe i silne has\u0142a | Planet VPN","isPartOf":{"@id":"https:\/\/freevpnplanet.com\/pl\/#website"},"datePublished":"2024-05-31T12:55:49+00:00","dateModified":"2026-01-20T12:54:29+00:00","description":"Wygeneruj silne has\u0142o za pomoc\u0105 naszego generatora hase\u0142. Nie odk\u0142adaj tego na p\u00f3\u017aniej, zmniejsz ryzyko zwi\u0105zane z bezpiecze\u0144stwem, generuj\u0105c silne has\u0142o.","breadcrumb":{"@id":"https:\/\/freevpnplanet.com\/pl\/password-generator\/#breadcrumb"},"inLanguage":"pl","potentialAction":[{"@type":"ReadAction","target":["https:\/\/freevpnplanet.com\/pl\/password-generator\/"]}]},{"@type":"BreadcrumbList","@id":"https:\/\/freevpnplanet.com\/pl\/password-generator\/#breadcrumb","itemListElement":[{"@type":"ListItem","position":1,"name":"Home","item":"https:\/\/freevpnplanet.com\/pl\/"},{"@type":"ListItem","position":2,"name":"Password generator"}]},{"@type":"WebSite","@id":"https:\/\/freevpnplanet.com\/pl\/#website","url":"https:\/\/freevpnplanet.com\/pl\/","name":"Planet VPN \ud83d\udee1\ufe0f\ud83c\udf10 Free VPN","description":"Free VPN","potentialAction":[{"@type":"SearchAction","target":{"@type":"EntryPoint","urlTemplate":"https:\/\/freevpnplanet.com\/pl\/?s={search_term_string}"},"query-input":"required name=search_term_string"}],"inLanguage":"pl","publisher":{"@id":"https:\/\/freevpnplanet.com\/pl\/#organization"}},{"@context":"https:\/\/schema.org\/","@type":"SoftwareApplication","name":"Planet VPN \ud83d\udee1\ufe0f\ud83c\udf10 Free VPN","operatingSystem":"Windows, macOS, iOS, Android, Linux, Chrome","applicationCategory":"SecurityApplication","offers":{"@type":"AggregateOffer","priceCurrency":"USD","price":"0","lowPrice":"0","availability":"https:\/\/schema.org\/InStock"},"aggregateRating":{"@type":"AggregateRating","ratingValue":"4.8","bestRating":"5","ratingCount":"12476"}},{"@type":"Organization","@id":"https:\/\/freevpnplanet.com\/pl\/#organization","url":"https:\/\/freevpnplanet.com\/pl\/","name":"Planet VPN \ud83d\udee1\ufe0f\ud83c\udf10 Free VPN"}]}},"acf":[],"_links":{"self":[{"href":"https:\/\/freevpnplanet.com\/pl\/wp-json\/wp\/v2\/pages\/99291","targetHints":{"allow":["GET"]}}],"collection":[{"href":"https:\/\/freevpnplanet.com\/pl\/wp-json\/wp\/v2\/pages"}],"about":[{"href":"https:\/\/freevpnplanet.com\/pl\/wp-json\/wp\/v2\/types\/page"}],"author":[{"embeddable":true,"href":"https:\/\/freevpnplanet.com\/pl\/wp-json\/wp\/v2\/users\/13"}],"replies":[{"embeddable":true,"href":"https:\/\/freevpnplanet.com\/pl\/wp-json\/wp\/v2\/comments?post=99291"}],"version-history":[{"count":1,"href":"https:\/\/freevpnplanet.com\/pl\/wp-json\/wp\/v2\/pages\/99291\/revisions"}],"predecessor-version":[{"id":189487,"href":"https:\/\/freevpnplanet.com\/pl\/wp-json\/wp\/v2\/pages\/99291\/revisions\/189487"}],"wp:attachment":[{"href":"https:\/\/freevpnplanet.com\/pl\/wp-json\/wp\/v2\/media?parent=99291"}],"wp:term":[{"taxonomy":"download_by_lite_tag","embeddable":true,"href":"https:\/\/freevpnplanet.com\/pl\/wp-json\/wp\/v2\/download_by_lite_tag?post=99291"}],"curies":[{"name":"wp","href":"https:\/\/api.w.org\/{rel}","templated":true}]}}