{"id":99410,"date":"2024-06-13T13:50:50","date_gmt":"2024-06-13T10:50:50","guid":{"rendered":"https:\/\/help.freeplanetvpn.com\/refund\/"},"modified":"2026-03-13T15:27:30","modified_gmt":"2026-03-13T12:27:30","slug":"refund","status":"publish","type":"page","link":"https:\/\/freevpnplanet.com\/pl\/refund\/","title":{"rendered":"Zwroty"},"content":{"rendered":"\n<div class=\"container-box custom-block align-none \" style=''>\n\n    <div class=\"gutenberg-block-background\"><\/div>\n    <div class=\"container-box__inner inner-container\">\n        \n\n<div class=\"wp-block-columns are-vertically-aligned-center is-layout-flex wp-container-core-columns-is-layout-1 wp-block-columns-is-layout-flex row-gap--20 stack-breakpoint--768\">\n<div class=\"wp-block-column is-vertically-aligned-center is-layout-flow wp-block-column-is-layout-flow\" style=\"flex-basis:66%\">\n<h1 class=\"wp-block-heading has-x-large-font-size\">Polityka zwrot\u00f3w koszt\u00f3w<\/h1>\n\n\n\n<p class=\"has-dark-blue-3-color has-text-color has-link-color wp-elements-7be47628503cce74f021c4f28e777e85\">Ostatnia aktualizacja 13 marca 2026 r.<\/p>\n\n\n\n<h2 class=\"wp-block-heading\">Rozwi\u0105zywanie problem\u00f3w<\/h2>\n\n\n\n<p class=\"\">Je\u015bli nie jeste\u015b zadowolony z us\u0142ugi VPN, poinformuj nas o tym, wysy\u0142aj\u0105c wiadomo\u015b\u0107 e-mail na adres&nbsp;<a href=\"mailto:support@freevpnplanet.com\">support@freevpnplanet.com<\/a>. Rozwi\u0105zujemy wi\u0119kszo\u015b\u0107 problem\u00f3w z konfiguracj\u0105 us\u0142ug, kt\u00f3re mog\u0105 utrudnia\u0107 korzystanie z nich. Skuteczn\u0105 praktyk\u0105 jest rozwi\u0105zywanie problem\u00f3w w pierwszej kolejno\u015bci.<\/p>\n<\/div>\n\n\n\n<div class=\"wp-block-column is-vertically-aligned-center is-layout-flow wp-block-column-is-layout-flow\">\n<figure class=\"wp-block-image alignright size-large\"><img decoding=\"async\" width=\"196\" height=\"249\" src=\"https:\/\/freevpnplanet.com\/wp-content\/uploads\/2024\/06\/rvpn-refund.94efaa9-20240613_135146_986598.svg\" alt=\"\" class=\"wp-image-94623\"\/><\/figure>\n<\/div>\n<\/div>\n\n\n\n<h2 class=\"wp-block-heading\">Warunki zwrotu pieni\u0119dzy<\/h2>\n\n\n\n<p class=\"\">U\u017cytkownicy maj\u0105 prawo do odst\u0105pienia od umowy w ci\u0105gu 14 dni od jej zawarcia. Mo\u017cesz z\u0142o\u017cy\u0107 wniosek o zwrot pieni\u0119dzy, kontaktuj\u0105c si\u0119 z naszym zespo\u0142em wsparcia pod adresem <a>support@freevpnplanet.com<\/a>. Aby rozpocz\u0105\u0107 procedur\u0119 zwrotu, nale\u017cy odpowiedzie\u0107 na wiadomo\u015b\u0107 e-mail od zespo\u0142u wsparcia w ci\u0105gu 7 dni kalendarzowych. Prosimy poczeka\u0107 na wiadomo\u015b\u0107 potwierdzaj\u0105c\u0105 od naszego przedstawiciela wsparcia dotycz\u0105c\u0105 zwrotu. Prosimy jasno okre\u015bli\u0107 pow\u00f3d wniosku o zwrot, aby u\u0142atwi\u0107 proces weryfikacji. Wnioski o zwrot bez podania przyczyny nie b\u0119d\u0105 rozpatrywane.<\/p>\n\n\n\n<p class=\"\">Prawo to nie ma zastosowania, je\u015bli us\u0142uga zosta\u0142a w pe\u0142ni wykonana zgodnie z <a href=\"\/pl\/terms\/\">Warunkami \u015bwiadczenia us\u0142ug<\/a> (Sekcja 6). Je\u015bli wniosek zostanie zatwierdzony, zwrot zostanie dokonany w ci\u0105gu 14 dni przy u\u017cyciu pierwotnej metody p\u0142atno\u015bci.<\/p>\n\n\n\n<p class=\"\">W przypadku p\u0142atno\u015bci dokonanych w kryptowalutach zasadniczo nie dokonujemy zwrot\u00f3w w kryptowalutach ze wzgl\u0119du na wymogi przeciwdzia\u0142ania praniu pieni\u0119dzy i oszustwom oraz ze wzgl\u0119du na nieodwracalno\u015b\u0107 transakcji kryptowalutowych. Je\u015bli zwrot zostanie zatwierdzony, zostanie zrealizowany wy\u0142\u0105cznie przelewem bankowym. Aby przetworzy\u0107 zwrot, nale\u017cy poda\u0107 pe\u0142ne dane bankowe (imi\u0119 i nazwisko, IBAN, SWIFT\/BIC, nazw\u0119 i adres banku). Kwota zwrotu w walucie fiat zostanie obliczona na podstawie pierwotnej kwoty p\u0142atno\u015bci przeliczonej wed\u0142ug kursu z dnia otrzymania p\u0142atno\u015bci, pomniejszonej o ewentualne op\u0142aty transakcyjne.<\/p>\n\n\n\n<p class=\"\">Nie ponosimy odpowiedzialno\u015bci za wahania kurs\u00f3w kryptowalut pomi\u0119dzy dat\u0105 p\u0142atno\u015bci a dat\u0105 zwrotu. W przypadku przerw w dzia\u0142aniu us\u0142ugi po stronie dostawcy lub organ\u00f3w rz\u0105dowych zwroty nie s\u0105 dokonywane.<\/p>\n\n\n\n<p class=\"\">P\u0142atno\u015bci dokonane w ramach automatycznego odnowienia subskrypcji r\u00f3wnie\u017c nie podlegaj\u0105 zwrotowi. Po zatwierdzeniu zwrotu nadal b\u0119dzie mo\u017cna korzysta\u0107 z bezp\u0142atnych serwer\u00f3w, jednak dost\u0119p do lokalizacji premium zostanie natychmiast cofni\u0119ty.<\/p>\n\n\n\n<h5 class=\"wp-block-heading\">Zakupy w aplikacji<\/h5>\n\n\n\n<p class=\"\">Zakupy &#8220;w aplikacji&#8221; dokonywane za po\u015brednictwem iTunes\/App Store i Google Play Market podlegaj\u0105 zasadom zwrot\u00f3w iTunes\/App Store lub Google Play Market. Prosimy o bezpo\u015bredni kontakt z obs\u0142ug\u0105 sklepu. Informujemy, \u017ce anulowanie subskrypcji w iTunes\/App Store lub Google Play Market nie oznacza zwrotu pieni\u0119dzy. Nie wahaj si\u0119 dowiedzie\u0107 wi\u0119cej szczeg\u00f3\u0142\u00f3w od obs\u0142ugi sklepu, gdy anulujesz taki zakup.<\/p>\n\n\n\n<p class=\"\">Nale\u017cy pami\u0119ta\u0107, \u017ce zakupy dokonane za pomoc\u0105 Telegram Stars for Planet VPN nie podlegaj\u0105 zwrotowi.<\/p>\n\n\n\n<h5 class=\"wp-block-heading\">Anulowanie subskrypcji<\/h5>\n\n\n\n<p class=\"\">Subskrypcj\u0119 Premium mo\u017cna anulowa\u0107 w dowolnym momencie. Je\u015bli subskrypcja jest wydawana z automatycznym odnawianiem, mo\u017cna j\u0105 anulowa\u0107 samodzielnie za po\u015brednictwem osobistego konta w witrynie lub kontaktuj\u0105c si\u0119 z naszym zespo\u0142em pomocy technicznej pod adresem <a href=\"mailto:support@freevpnplanet.com\">support@freevpnplanet.com<\/a> z powiadomieniem o anulowaniu subskrypcji, co najmniej 24 godziny przed kolejnym terminem obci\u0105\u017cenia. U\u017cytkownik zgadza si\u0119 by\u0107 uprzejmy i przyjazny podczas komunikacji z naszym zespo\u0142em pomocy technicznej za po\u015brednictwem poczty elektronicznej lub czatu online. Je\u015bli uznamy, \u017ce zachowanie u\u017cytkownika stanowi zagro\u017cenie lub jest obra\u017aliwe, zastrzegamy sobie prawo do natychmiastowego umieszczenia u\u017cytkownika na czarnej li\u015bcie i zablokowania mu dost\u0119pu do czatu.<\/p>\n\n\n    <\/div>\n\n<\/div>\n","protected":false},"excerpt":{"rendered":"","protected":false},"author":13,"featured_media":0,"parent":0,"menu_order":0,"comment_status":"closed","ping_status":"closed","template":"templates\/page_template-basic_for_gutenberg.php","meta":{"_acf_changed":false,"inline_featured_image":false,"footnotes":""},"download_by_lite_tag":[],"class_list":["post-99410","page","type-page","status-publish","hentry"],"yoast_head":"<!-- This site is optimized with the Yoast SEO plugin v22.6 - https:\/\/yoast.com\/wordpress\/plugins\/seo\/ -->\n<title>Zwroty<\/title>\n<meta name=\"description\" content=\"Najlepsza sie\u0107 VPN od Planet VPN \u2014 zwroty pieni\u0119dzy\" \/>\n<meta name=\"robots\" content=\"index, follow, max-snippet:-1, max-image-preview:large, max-video-preview:-1\" \/>\n<link rel=\"canonical\" href=\"https:\/\/freevpnplanet.com\/pl\/refund\/\" \/>\n<meta property=\"og:locale\" content=\"pl_PL\" \/>\n<meta property=\"og:type\" content=\"article\" \/>\n<meta property=\"og:title\" content=\"Zwroty\" \/>\n<meta property=\"og:description\" content=\"Najlepsza sie\u0107 VPN od Planet VPN \u2014 zwroty pieni\u0119dzy\" \/>\n<meta property=\"og:url\" content=\"https:\/\/freevpnplanet.com\/pl\/refund\/\" \/>\n<meta property=\"og:site_name\" content=\"Planet VPN\" \/>\n<meta property=\"article:modified_time\" content=\"2026-03-13T12:27:30+00:00\" \/>\n<meta property=\"og:image\" content=\"https:\/\/freevpnplanet.com\/wp-content\/uploads\/2024\/06\/rvpn-refund.94efaa9-20240613_135146_986598.svg\" \/>\n<meta name=\"twitter:card\" content=\"summary_large_image\" \/>\n<meta name=\"twitter:label1\" content=\"Est. reading time\" \/>\n\t<meta name=\"twitter:data1\" content=\"3 minutes\" \/>\n<script type=\"application\/ld+json\" class=\"yoast-schema-graph\">{\"@context\":\"https:\/\/schema.org\",\"@graph\":[{\"@type\":\"WebPage\",\"@id\":\"https:\/\/freevpnplanet.com\/pl\/refund\/\",\"url\":\"https:\/\/freevpnplanet.com\/pl\/refund\/\",\"name\":\"Zwroty\",\"isPartOf\":{\"@id\":\"https:\/\/freevpnplanet.com\/pl\/#website\"},\"primaryImageOfPage\":{\"@id\":\"https:\/\/freevpnplanet.com\/pl\/refund\/#primaryimage\"},\"image\":{\"@id\":\"https:\/\/freevpnplanet.com\/pl\/refund\/#primaryimage\"},\"thumbnailUrl\":\"https:\/\/freevpnplanet.com\/wp-content\/uploads\/2024\/06\/rvpn-refund.94efaa9-20240613_135146_986598.svg\",\"datePublished\":\"2024-06-13T10:50:50+00:00\",\"dateModified\":\"2026-03-13T12:27:30+00:00\",\"description\":\"Najlepsza sie\u0107 VPN od Planet VPN \u2014 zwroty pieni\u0119dzy\",\"breadcrumb\":{\"@id\":\"https:\/\/freevpnplanet.com\/pl\/refund\/#breadcrumb\"},\"inLanguage\":\"pl\",\"potentialAction\":[{\"@type\":\"ReadAction\",\"target\":[\"https:\/\/freevpnplanet.com\/pl\/refund\/\"]}]},{\"@type\":\"ImageObject\",\"inLanguage\":\"pl\",\"@id\":\"https:\/\/freevpnplanet.com\/pl\/refund\/#primaryimage\",\"url\":\"https:\/\/freevpnplanet.com\/wp-content\/uploads\/2024\/06\/rvpn-refund.94efaa9-20240613_135146_986598.svg\",\"contentUrl\":\"https:\/\/freevpnplanet.com\/wp-content\/uploads\/2024\/06\/rvpn-refund.94efaa9-20240613_135146_986598.svg\"},{\"@type\":\"BreadcrumbList\",\"@id\":\"https:\/\/freevpnplanet.com\/pl\/refund\/#breadcrumb\",\"itemListElement\":[{\"@type\":\"ListItem\",\"position\":1,\"name\":\"Home\",\"item\":\"https:\/\/freevpnplanet.com\/pl\/\"},{\"@type\":\"ListItem\",\"position\":2,\"name\":\"Zwroty\"}]},{\"@type\":\"WebSite\",\"@id\":\"https:\/\/freevpnplanet.com\/pl\/#website\",\"url\":\"https:\/\/freevpnplanet.com\/pl\/\",\"name\":\"Planet VPN \ud83d\udee1\ufe0f\ud83c\udf10 Free VPN\",\"description\":\"Free VPN\",\"potentialAction\":[{\"@type\":\"SearchAction\",\"target\":{\"@type\":\"EntryPoint\",\"urlTemplate\":\"https:\/\/freevpnplanet.com\/pl\/?s={search_term_string}\"},\"query-input\":\"required name=search_term_string\"}],\"inLanguage\":\"pl\",\"publisher\":{\"@id\":\"https:\/\/freevpnplanet.com\/pl\/#organization\"}},{\"@context\":\"https:\/\/schema.org\/\",\"@type\":\"SoftwareApplication\",\"name\":\"Planet VPN \ud83d\udee1\ufe0f\ud83c\udf10 Free VPN\",\"operatingSystem\":\"Windows, macOS, iOS, Android, Linux, Chrome\",\"applicationCategory\":\"SecurityApplication\",\"offers\":{\"@type\":\"AggregateOffer\",\"priceCurrency\":\"USD\",\"price\":\"0\",\"lowPrice\":\"0\",\"availability\":\"https:\/\/schema.org\/InStock\"},\"aggregateRating\":{\"@type\":\"AggregateRating\",\"ratingValue\":\"4.8\",\"bestRating\":\"5\",\"ratingCount\":\"12476\"}},{\"@type\":\"Organization\",\"@id\":\"https:\/\/freevpnplanet.com\/pl\/#organization\",\"url\":\"https:\/\/freevpnplanet.com\/pl\/\",\"name\":\"Planet VPN \ud83d\udee1\ufe0f\ud83c\udf10 Free VPN\"}]}<\/script>\n<!-- \/ Yoast SEO plugin. -->","yoast_head_json":{"title":"Zwroty","description":"Najlepsza sie\u0107 VPN od Planet VPN \u2014 zwroty pieni\u0119dzy","robots":{"index":"index","follow":"follow","max-snippet":"max-snippet:-1","max-image-preview":"max-image-preview:large","max-video-preview":"max-video-preview:-1"},"canonical":"https:\/\/freevpnplanet.com\/pl\/refund\/","og_locale":"pl_PL","og_type":"article","og_title":"Zwroty","og_description":"Najlepsza sie\u0107 VPN od Planet VPN \u2014 zwroty pieni\u0119dzy","og_url":"https:\/\/freevpnplanet.com\/pl\/refund\/","og_site_name":"Planet VPN","article_modified_time":"2026-03-13T12:27:30+00:00","og_image":[{"url":"https:\/\/freevpnplanet.com\/wp-content\/uploads\/2024\/06\/rvpn-refund.94efaa9-20240613_135146_986598.svg"}],"twitter_card":"summary_large_image","twitter_misc":{"Est. reading time":"3 minutes"},"schema":{"@context":"https:\/\/schema.org","@graph":[{"@type":"WebPage","@id":"https:\/\/freevpnplanet.com\/pl\/refund\/","url":"https:\/\/freevpnplanet.com\/pl\/refund\/","name":"Zwroty","isPartOf":{"@id":"https:\/\/freevpnplanet.com\/pl\/#website"},"primaryImageOfPage":{"@id":"https:\/\/freevpnplanet.com\/pl\/refund\/#primaryimage"},"image":{"@id":"https:\/\/freevpnplanet.com\/pl\/refund\/#primaryimage"},"thumbnailUrl":"https:\/\/freevpnplanet.com\/wp-content\/uploads\/2024\/06\/rvpn-refund.94efaa9-20240613_135146_986598.svg","datePublished":"2024-06-13T10:50:50+00:00","dateModified":"2026-03-13T12:27:30+00:00","description":"Najlepsza sie\u0107 VPN od Planet VPN \u2014 zwroty pieni\u0119dzy","breadcrumb":{"@id":"https:\/\/freevpnplanet.com\/pl\/refund\/#breadcrumb"},"inLanguage":"pl","potentialAction":[{"@type":"ReadAction","target":["https:\/\/freevpnplanet.com\/pl\/refund\/"]}]},{"@type":"ImageObject","inLanguage":"pl","@id":"https:\/\/freevpnplanet.com\/pl\/refund\/#primaryimage","url":"https:\/\/freevpnplanet.com\/wp-content\/uploads\/2024\/06\/rvpn-refund.94efaa9-20240613_135146_986598.svg","contentUrl":"https:\/\/freevpnplanet.com\/wp-content\/uploads\/2024\/06\/rvpn-refund.94efaa9-20240613_135146_986598.svg"},{"@type":"BreadcrumbList","@id":"https:\/\/freevpnplanet.com\/pl\/refund\/#breadcrumb","itemListElement":[{"@type":"ListItem","position":1,"name":"Home","item":"https:\/\/freevpnplanet.com\/pl\/"},{"@type":"ListItem","position":2,"name":"Zwroty"}]},{"@type":"WebSite","@id":"https:\/\/freevpnplanet.com\/pl\/#website","url":"https:\/\/freevpnplanet.com\/pl\/","name":"Planet VPN \ud83d\udee1\ufe0f\ud83c\udf10 Free VPN","description":"Free VPN","potentialAction":[{"@type":"SearchAction","target":{"@type":"EntryPoint","urlTemplate":"https:\/\/freevpnplanet.com\/pl\/?s={search_term_string}"},"query-input":"required name=search_term_string"}],"inLanguage":"pl","publisher":{"@id":"https:\/\/freevpnplanet.com\/pl\/#organization"}},{"@context":"https:\/\/schema.org\/","@type":"SoftwareApplication","name":"Planet VPN \ud83d\udee1\ufe0f\ud83c\udf10 Free VPN","operatingSystem":"Windows, macOS, iOS, Android, Linux, Chrome","applicationCategory":"SecurityApplication","offers":{"@type":"AggregateOffer","priceCurrency":"USD","price":"0","lowPrice":"0","availability":"https:\/\/schema.org\/InStock"},"aggregateRating":{"@type":"AggregateRating","ratingValue":"4.8","bestRating":"5","ratingCount":"12476"}},{"@type":"Organization","@id":"https:\/\/freevpnplanet.com\/pl\/#organization","url":"https:\/\/freevpnplanet.com\/pl\/","name":"Planet VPN \ud83d\udee1\ufe0f\ud83c\udf10 Free VPN"}]}},"acf":[],"_links":{"self":[{"href":"https:\/\/freevpnplanet.com\/pl\/wp-json\/wp\/v2\/pages\/99410","targetHints":{"allow":["GET"]}}],"collection":[{"href":"https:\/\/freevpnplanet.com\/pl\/wp-json\/wp\/v2\/pages"}],"about":[{"href":"https:\/\/freevpnplanet.com\/pl\/wp-json\/wp\/v2\/types\/page"}],"author":[{"embeddable":true,"href":"https:\/\/freevpnplanet.com\/pl\/wp-json\/wp\/v2\/users\/13"}],"replies":[{"embeddable":true,"href":"https:\/\/freevpnplanet.com\/pl\/wp-json\/wp\/v2\/comments?post=99410"}],"version-history":[{"count":8,"href":"https:\/\/freevpnplanet.com\/pl\/wp-json\/wp\/v2\/pages\/99410\/revisions"}],"predecessor-version":[{"id":195841,"href":"https:\/\/freevpnplanet.com\/pl\/wp-json\/wp\/v2\/pages\/99410\/revisions\/195841"}],"wp:attachment":[{"href":"https:\/\/freevpnplanet.com\/pl\/wp-json\/wp\/v2\/media?parent=99410"}],"wp:term":[{"taxonomy":"download_by_lite_tag","embeddable":true,"href":"https:\/\/freevpnplanet.com\/pl\/wp-json\/wp\/v2\/download_by_lite_tag?post=99410"}],"curies":[{"name":"wp","href":"https:\/\/api.w.org\/{rel}","templated":true}]}}