{"id":99979,"date":"2024-05-30T10:37:13","date_gmt":"2024-05-30T07:37:13","guid":{"rendered":"https:\/\/help.freeplanetvpn.com\/listen-to-music-radio-online-download-mp3\/"},"modified":"2025-07-22T11:05:29","modified_gmt":"2025-07-22T08:05:29","slug":"listen-to-music-radio-online-download-mp3","status":"publish","type":"page","link":"https:\/\/freevpnplanet.com\/pl\/listen-to-music-radio-online-download-mp3\/","title":{"rendered":"Listen to music radio online download mp3"},"content":{"rendered":"\n<section class=\"image-text custom-block align-full bg-circle  mobile-image-bottom mobile-title-center  header-size-medium text-size-small   content-left\" style='overflow: hidden;;--background-color:var(--dark-blue-0); --text-color:var(--white);--min-height-mobile:400px;--min-height-desktop:676px;--content-width:50%'>\n\n    <div class=\"gutenberg-block-background\"><\/div>\n    <div class=\"image-text__inner inner-container\">\n\n        \n                    <div class=\"image-text__content\">\n\n                <h1><span data-sheets-root=\"1\">Darmowy VPN do pobierania i s\u0142uchania muzyki<\/span><\/h1>\n<p>Czy Tw\u00f3j dostawca lub administrator systemu zablokowa\u0142 dost\u0119p do Twojej ulubionej internetowej stacji radiowej? Czy dost\u0119p do pobierania muzyki MP3 zosta\u0142 ograniczony?<\/p>\n<p>&#8211;\u00a0Nie martw si\u0119! Dzi\u015b zawsze mo\u017cesz mie\u0107 Planet VPN! Nasza us\u0142uga bezpiecznie zaszyfruje Twoje dane, aby zapewni\u0107 Ci wszystkie niezb\u0119dne narz\u0119dzia bez utraty pr\u0119dko\u015bci!<\/p>\n                                    <div class=\"image-text__cta\">\n                        <a href=\"\/pl\/plans\/\" target=\"_self\" id=\"qa-hero-btn-cta\" class=\"cta download-by-platform cta--with-border cta-size--small cta-mt--initial icon-position--icon-left\" style=\"--border-radius:40px\"><span class=\"cta__name\">Pobierz za darmo<\/span><\/a>                    <\/div>\n                \n            <\/div>\n        \n                    <div class=\"bg-image-wrapper bg-image-wrapper--desktop right image-align--center\">\n                <figure style='--image-max-width:1000px;--image-opacity:1.00;width: calc(46% - 20px)'>\n                    <img decoding=\"async\" width=\"608\" height=\"459\" src=\"https:\/\/freevpnplanet.com\/wp-content\/uploads\/2024\/05\/rvpn-music-main-image-20240530_104212_904697.svg\" class=\"bg-image\" alt=\"Background Image for Desktop\" \/>                <\/figure>\n            <\/div>\n        \n                    <div class=\"bg-image-wrapper bg-image-wrapper--mobile regular-image\">\n                <figure style='width: 100%;max-width: 480px;opacity: 1.00;margin-top: 24px'>\n                    <img decoding=\"async\" width=\"608\" height=\"459\" src=\"https:\/\/freevpnplanet.com\/wp-content\/uploads\/2024\/05\/rvpn-music-main-image-20240530_104212_904697.svg\" class=\"bg-image\" alt=\"Background Image for Mobile\" \/>                <\/figure>\n            <\/div>\n            <\/div>\n<\/section>\n\n\n<section class=\"image-text-static-image custom-block align-none  mobile-image-bottom   header-size-small text-size-small  \" style=''>\n\n    <div class=\"gutenberg-block-background\"><\/div>\n    <div class=\"image-text-static-image__inner inner-container\">\n                    <div class=\"image-text-static-image__content content-right\" style='--content-width: 50%'>\n                                    <div class=\"image-text-static-image__title\">\n                        <h2 >CZY MO\u017bNA S\u0141UCHA\u0106 MUZYKI I RADIA ONLINE BEZ OGRANICZE\u0143?<\/h2>                    <\/div>\n                \n                <p>Wcze\u015bniej u\u017cytkownik Internetu mia\u0142 dost\u0119p do praktycznie dowolnej muzyki i dowolnego radia online. Jednak wraz z wprowadzeniem ogranicze\u0144 przeci\u0119tny cz\u0142owiek na ulicy mo\u017ce s\u0142ucha\u0107 tylko tych \u015bcie\u017cek d\u017awi\u0119kowych i stacji radiowych, kt\u00f3re s\u0105 dozwolone w jego kraju.<\/p>\n<p>Przy takich ograniczeniach u\u017cytkownik otrzymuje odpowiedni komunikat, gdy pr\u00f3buje w\u0142\u0105czy\u0107 zablokowany utw\u00f3r lub pr\u00f3buje po\u0142\u0105czy\u0107 si\u0119 z radiem internetowym. Korzystaj\u0105c z VPN, bezpiecznie szyfrujesz wszystkie przesy\u0142ane i odbierane dane, a tak\u017ce zmieniasz sw\u00f3j adres IP, dzi\u0119ki czemu omijasz ograniczenia i s\u0142uchasz radia internetowego i muzyki bez ogranicze\u0144 i utraty pr\u0119dko\u015bci.<\/p>\n                \n                \n\n            <\/div>\n        \n                    <div class=\"bg-image-wrapper bg-image-wrapper--desktop  left image-align--center\" style='--image-max-width: 50%'>\n                <figure>\n                    <img width=\"545\" height=\"457\" src=\"https:\/\/freevpnplanet.com\/wp-content\/uploads\/2024\/05\/rvpn-music-party-20240530_104215_523471.svg\" class=\"attachment-full size-full\" alt=\"\" loading=\"lazy\" decoding=\"sync\" fetchpriority=\"low\" style=\"max-width:545px\" sizes=\"auto, (max-width: 545px) 100vw, 545px\" aria-hidden=\"true\" \/>                    <!-- <img decoding=\"async\" width=\"545\" height=\"457\" src=\"https:\/\/freevpnplanet.com\/wp-content\/uploads\/2024\/05\/rvpn-music-party-20240530_104215_523471.svg\" class=\"attachment-full size-full\" alt=\"\" style=\"max-width:545px\" \/> -->\n                <\/figure>\n            <\/div>\n        \n            <\/div>\n<\/section>\n\n\n<section class=\"cta-section custom-block align-full \" style=''>\n\n    <div class=\"gutenberg-block-background\"><\/div>\n    <div class=\"cta-section__inner\">\n                    <div class=\"cta-section__cta\">\n                                    <a href=\"\/pl\/plans\/\" target=\"_self\" id=\"qa-banner-middle-cta\" class=\"cta download-by-platform cta--with-border cta-size--small cta-mt--initial icon-position--icon-left\" style=\"--border-radius:40px\"><span class=\"cta__name\">Pobierz za darmo<\/span><\/a>                            <\/div>\n            <\/div>\n<\/section>\n\n\n<div class=\"wp-block-group alignfull has-background-blue-background-color has-background is-content-justification-center is-nowrap is-layout-flex wp-container-core-group-is-layout-1 wp-block-group-is-layout-flex\">\n<div class=\"wp-block-columns wp-container-content-1 is-layout-flex wp-container-core-columns-is-layout-1 wp-block-columns-is-layout-flex row-gap--20 stack-breakpoint--768\">\n<div class=\"wp-block-column is-layout-flow wp-block-column-is-layout-flow\">\n<section class=\"advanced-steps custom-block align-none  align-desktop-left align-mobile-left font-normal three-columns title-small image-shadow\" style='--background-color:var(--dark-blue-8); --text-color:var(--dark-blue-1)'>\n\n    <div class=\"gutenberg-block-background\"><\/div>\n    <div class=\"advanced-steps__container inner-container\">\n                    <div class=\"advanced-steps__intro\">\n                <h2><span data-sheets-root=\"1\">JAK S\u0141UCHA\u0106 MUZYKI I RADIA ONLINE, POBIERA\u0106 PLIKI MP3 BEZ BLOKOWANIA?<\/span><\/h2>\n<p><span data-sheets-root=\"1\">Istniej\u0105 tylko 3 proste kroki, aby uzyska\u0107 dost\u0119p do wszystkich preferowanych stacji radiowych, serwis\u00f3w muzycznych i stron internetowych do pobierania muzyki MP3.<\/span><\/p>            <\/div>\n        \n        <ul class=\"advanced-steps__list advanced-steps__list--download-steps\" style='--columns-gap:50px'>\n                            <li style='--max-width:px'>\n                                            <h2 class=\"step-title\">1. Pobierz<\/h2>\n                    \n                                            <div class=\"image-wrapper\">\n                            <img decoding=\"async\" width=\"220\" height=\"171\" src=\"https:\/\/freevpnplanet.com\/wp-content\/uploads\/2024\/05\/rvpn-steps-2-20240530_105342_800846.svg\" class=\"attachment-full size-full\" alt=\"Step 2\" \/>                        <\/div>\n\n                                                    <p><a href=\"https:\/\/freevpnplanet.com\/pl\/download\/\" target=\"_blank\" rel=\"noopener\" id=\"qa-advanced-step-content-link\"><span data-sheets-root=\"1\">Pobierz <\/span><\/a><span data-sheets-root=\"1\">i\u00a0zainstaluj aplikacj\u0119 na swoim urz\u0105dzeniu.<\/span><\/p>                                                            <\/li>\n                                <li style='--max-width:px'>\n                                            <h2 class=\"step-title\">2. Po\u0142\u0105cz<\/h2>\n                    \n                                            <div class=\"image-wrapper\">\n                            <img decoding=\"async\" width=\"219\" height=\"170\" src=\"https:\/\/freevpnplanet.com\/wp-content\/uploads\/2024\/05\/rvpn-steps-1-20240530_105340_042416.svg\" class=\"attachment-full size-full\" alt=\"Step 1\" \/>                        <\/div>\n\n                                                    <p><span data-sheets-root=\"1\">Po\u0142\u0105cz si\u0119 z jednym z naszych serwer\u00f3w.<\/span><\/p>                                                            <\/li>\n                                <li style='--max-width:px'>\n                                            <h2 class=\"step-title\">3. Odwied\u017a<\/h2>\n                    \n                                            <div class=\"image-wrapper\">\n                            <img decoding=\"async\" width=\"219\" height=\"170\" src=\"https:\/\/freevpnplanet.com\/wp-content\/uploads\/2024\/05\/rvpn-steps-3-20240530_105345_576093.svg\" class=\"attachment-full size-full\" alt=\"Step 3\" \/>                        <\/div>\n\n                                                    <p><span data-sheets-root=\"1\">Odwied\u017a dowoln\u0105 stron\u0119 internetow\u0105 bez ogranicze\u0144<\/span><\/p>                                                            <\/li>\n                        <\/ul>\n\n                    <div class=\"advanced-steps__cta\">\n                <a href=\"\/pl\/plans\/\" target=\"_self\" id=\"qa-btn-advanced-steps-cta\" class=\"cta download-by-platform cta--with-border cta-size--small cta-mt--initial icon-position--icon-left\" style=\"--border-radius:40px\"><span class=\"cta__name\">Pobierz za darmo<\/span><\/a>            <\/div>\n        \n        \n        \n\n    <\/div>\n<\/section>\n<\/div>\n<\/div>\n<\/div>\n\n\n\n<section class=\"image-text-static-image custom-block align-none  mobile-image-bottom   header-size-small text-size-small  pb-0--desktop\" style=''>\n\n    <div class=\"gutenberg-block-background\"><\/div>\n    <div class=\"image-text-static-image__inner inner-container\">\n                    <div class=\"image-text-static-image__content content-left\" style='--content-width: 50%'>\n                                    <div class=\"image-text-static-image__title\">\n                        <h2 >CZY MO\u017bLIWE JEST POBIERANIE \u015aCIE\u017bEK D\u0179WI\u0118KOWYCH MP3, JE\u015aLI STRONA INTERNETOWA NIE JEST DOST\u0118PNA?<\/h2>                    <\/div>\n                \n                <p>\u2013 Tak, nawet teraz, w dobie ogranicze\u0144 w Internecie, ka\u017cdy mo\u017ce s\u0142ucha\u0107 i pobiera\u0107 dowolne utwory. Mo\u017cna to zrobi\u0107 za pomoc\u0105 naszej us\u0142ugi VPN. VPN to bezpieczny kana\u0142 danych mi\u0119dzy wieloma urz\u0105dzeniami. Sieci VPN s\u0142u\u017c\u0105 do ochrony ruchu internetowego przed intruzami i cenzur\u0105. Dzi\u0119ki Planet VPN mo\u017cesz s\u0142ucha\u0107 muzyki online i pobiera\u0107 pliki MP3 z zablokowanych zasob\u00f3w na dowolnym urz\u0105dzeniu.<\/p>\n<p>Stale ulepszamy nasz\u0105 sie\u0107, aby zapewni\u0107 najwy\u017csz\u0105 mo\u017cliw\u0105 pr\u0119dko\u015b\u0107 i nieograniczon\u0105 przepustowo\u015b\u0107.<\/p>\n                \n                \n\n            <\/div>\n        \n                    <div class=\"bg-image-wrapper bg-image-wrapper--desktop  right image-align--center\" style='--image-max-width: 50%'>\n                <figure>\n                    <img width=\"479\" height=\"479\" src=\"https:\/\/freevpnplanet.com\/wp-content\/uploads\/2024\/05\/rvpn-blocked.9e861a11-20240529_094058_811851.svg\" class=\"attachment-full size-full\" alt=\"\" loading=\"lazy\" decoding=\"sync\" fetchpriority=\"low\" style=\"max-width:480px\" sizes=\"auto, (max-width: 480px) 100vw, 480px\" aria-hidden=\"true\" \/>                    <!-- <img decoding=\"async\" width=\"479\" height=\"479\" src=\"https:\/\/freevpnplanet.com\/wp-content\/uploads\/2024\/05\/rvpn-blocked.9e861a11-20240529_094058_811851.svg\" class=\"attachment-full size-full\" alt=\"\" style=\"max-width:480px\" \/> -->\n                <\/figure>\n            <\/div>\n        \n            <\/div>\n<\/section>\n\n\n<section class=\"image-text-static-image custom-block align-none  mobile-image-bottom   header-size-small text-size-small  \" style=''>\n\n    <div class=\"gutenberg-block-background\"><\/div>\n    <div class=\"image-text-static-image__inner inner-container\">\n                    <div class=\"image-text-static-image__content content-right\" style='--content-width: 50%'>\n                                    <div class=\"image-text-static-image__title\">\n                        <h2 >PLANET VPN POKONUJE BANY!<\/h2>                    <\/div>\n                \n                <p>Je\u015bli chcesz s\u0142ucha\u0107 muzyki online na dowolnym urz\u0105dzeniu bez op\u00f3\u017anie\u0144 i\/lub pobiera\u0107 utwory w formie MP3, Planet VPN jest stworzony dla Ciebie!<\/p>\n<p>Planet VPN spe\u0142nia kilka funkcji jednocze\u015bnie: szyfrowanie sieci, ochrona przesy\u0142anych danych i odbieranie ruchu internetowego przed z\u0142o\u015bliwymi sprawcami, zachowanie anonimowo\u015bci i zapewnienie dost\u0119pu do wszystkich zasob\u00f3w online poprzez omini\u0119cie ogranicze\u0144.<\/p>\n                                    <div class=\"image-text-static-image__cta\">\n                                                    <a href=\"\/pl\/plans\/\" target=\"_self\" id=\"qa-btn-bottom-cta\" class=\"cta download-by-platform cta--with-border cta-size--small cta-mt--initial icon-position--icon-left\" style=\"--border-radius:40px\"><span class=\"cta__name\">Pobierz za darmo<\/span><\/a>                                            <\/div>\n                \n                \n\n            <\/div>\n        \n                    <div class=\"bg-image-wrapper bg-image-wrapper--desktop  left image-align--center\" style='--image-max-width: 50%'>\n                <figure>\n                    <img width=\"585\" height=\"401\" src=\"https:\/\/freevpnplanet.com\/wp-content\/uploads\/2024\/05\/rvpn-music-dance-20240530_104209_519514.svg\" class=\"attachment-full size-full\" alt=\"\" loading=\"lazy\" decoding=\"sync\" fetchpriority=\"low\" style=\"max-width:585px\" sizes=\"auto, (max-width: 585px) 100vw, 585px\" aria-hidden=\"true\" \/>                    <!-- <img decoding=\"async\" width=\"585\" height=\"401\" src=\"https:\/\/freevpnplanet.com\/wp-content\/uploads\/2024\/05\/rvpn-music-dance-20240530_104209_519514.svg\" class=\"attachment-full size-full\" alt=\"\" style=\"max-width:585px\" \/> -->\n                <\/figure>\n            <\/div>\n        \n            <\/div>\n<\/section>","protected":false},"excerpt":{"rendered":"","protected":false},"author":13,"featured_media":0,"parent":0,"menu_order":0,"comment_status":"closed","ping_status":"closed","template":"templates\/page_template-basic_for_gutenberg.php","meta":{"_acf_changed":false,"inline_featured_image":false,"footnotes":""},"download_by_lite_tag":[],"class_list":["post-99979","page","type-page","status-publish","hentry"],"yoast_head":"<!-- This site is optimized with the Yoast SEO plugin v22.6 - https:\/\/yoast.com\/wordpress\/plugins\/seo\/ -->\n<title>VPN do pobierania i s\u0142uchania muzyki - ulubiona muzyka z VPN<\/title>\n<meta name=\"description\" content=\"Planet VPN pomo\u017ce ci rozwi\u0105za\u0107 problemy zwi\u0105zane z ograniczeniami w dost\u0119pie do tre\u015bci muzycznych. Korzystaj\u0105c z VPN, mo\u017cesz s\u0142ucha\u0107 muzyki w serwisach, kt\u00f3re nie s\u0105 dost\u0119pne w twoim kraju.\" \/>\n<meta name=\"robots\" content=\"index, follow, max-snippet:-1, max-image-preview:large, max-video-preview:-1\" \/>\n<link rel=\"canonical\" href=\"https:\/\/freevpnplanet.com\/pl\/listen-to-music-radio-online-download-mp3\/\" \/>\n<meta property=\"og:locale\" content=\"pl_PL\" \/>\n<meta property=\"og:type\" content=\"article\" \/>\n<meta property=\"og:title\" content=\"VPN do pobierania i s\u0142uchania muzyki - ulubiona muzyka z VPN\" \/>\n<meta property=\"og:description\" content=\"Planet VPN pomo\u017ce ci rozwi\u0105za\u0107 problemy zwi\u0105zane z ograniczeniami w dost\u0119pie do tre\u015bci muzycznych. Korzystaj\u0105c z VPN, mo\u017cesz s\u0142ucha\u0107 muzyki w serwisach, kt\u00f3re nie s\u0105 dost\u0119pne w twoim kraju.\" \/>\n<meta property=\"og:url\" content=\"https:\/\/freevpnplanet.com\/pl\/listen-to-music-radio-online-download-mp3\/\" \/>\n<meta property=\"og:site_name\" content=\"Planet VPN\" \/>\n<meta property=\"article:modified_time\" content=\"2025-07-22T08:05:29+00:00\" \/>\n<meta name=\"twitter:card\" content=\"summary_large_image\" \/>\n<script type=\"application\/ld+json\" class=\"yoast-schema-graph\">{\"@context\":\"https:\/\/schema.org\",\"@graph\":[{\"@type\":\"WebPage\",\"@id\":\"https:\/\/freevpnplanet.com\/pl\/listen-to-music-radio-online-download-mp3\/\",\"url\":\"https:\/\/freevpnplanet.com\/pl\/listen-to-music-radio-online-download-mp3\/\",\"name\":\"VPN do pobierania i s\u0142uchania muzyki - ulubiona muzyka z VPN\",\"isPartOf\":{\"@id\":\"https:\/\/freevpnplanet.com\/pl\/#website\"},\"datePublished\":\"2024-05-30T07:37:13+00:00\",\"dateModified\":\"2025-07-22T08:05:29+00:00\",\"description\":\"Planet VPN pomo\u017ce ci rozwi\u0105za\u0107 problemy zwi\u0105zane z ograniczeniami w dost\u0119pie do tre\u015bci muzycznych. Korzystaj\u0105c z VPN, mo\u017cesz s\u0142ucha\u0107 muzyki w serwisach, kt\u00f3re nie s\u0105 dost\u0119pne w twoim kraju.\",\"breadcrumb\":{\"@id\":\"https:\/\/freevpnplanet.com\/pl\/listen-to-music-radio-online-download-mp3\/#breadcrumb\"},\"inLanguage\":\"pl\",\"potentialAction\":[{\"@type\":\"ReadAction\",\"target\":[\"https:\/\/freevpnplanet.com\/pl\/listen-to-music-radio-online-download-mp3\/\"]}]},{\"@type\":\"BreadcrumbList\",\"@id\":\"https:\/\/freevpnplanet.com\/pl\/listen-to-music-radio-online-download-mp3\/#breadcrumb\",\"itemListElement\":[{\"@type\":\"ListItem\",\"position\":1,\"name\":\"Home\",\"item\":\"https:\/\/freevpnplanet.com\/pl\/\"},{\"@type\":\"ListItem\",\"position\":2,\"name\":\"Listen to music radio online download mp3\"}]},{\"@type\":\"WebSite\",\"@id\":\"https:\/\/freevpnplanet.com\/pl\/#website\",\"url\":\"https:\/\/freevpnplanet.com\/pl\/\",\"name\":\"Planet VPN \ud83d\udee1\ufe0f\ud83c\udf10 Free VPN\",\"description\":\"Free VPN\",\"potentialAction\":[{\"@type\":\"SearchAction\",\"target\":{\"@type\":\"EntryPoint\",\"urlTemplate\":\"https:\/\/freevpnplanet.com\/pl\/?s={search_term_string}\"},\"query-input\":\"required name=search_term_string\"}],\"inLanguage\":\"pl\",\"publisher\":{\"@id\":\"https:\/\/freevpnplanet.com\/pl\/#organization\"}},{\"@context\":\"https:\/\/schema.org\/\",\"@type\":\"SoftwareApplication\",\"name\":\"Planet VPN \ud83d\udee1\ufe0f\ud83c\udf10 Free VPN\",\"operatingSystem\":\"Windows, macOS, iOS, Android, Linux, Chrome\",\"applicationCategory\":\"SecurityApplication\",\"offers\":{\"@type\":\"AggregateOffer\",\"priceCurrency\":\"USD\",\"price\":\"0\",\"lowPrice\":\"0\",\"availability\":\"https:\/\/schema.org\/InStock\"},\"aggregateRating\":{\"@type\":\"AggregateRating\",\"ratingValue\":\"4.8\",\"bestRating\":\"5\",\"ratingCount\":\"12476\"}},{\"@type\":\"Organization\",\"@id\":\"https:\/\/freevpnplanet.com\/pl\/#organization\",\"url\":\"https:\/\/freevpnplanet.com\/pl\/\",\"name\":\"Planet VPN \ud83d\udee1\ufe0f\ud83c\udf10 Free VPN\"}]}<\/script>\n<!-- \/ Yoast SEO plugin. -->","yoast_head_json":{"title":"VPN do pobierania i s\u0142uchania muzyki - ulubiona muzyka z VPN","description":"Planet VPN pomo\u017ce ci rozwi\u0105za\u0107 problemy zwi\u0105zane z ograniczeniami w dost\u0119pie do tre\u015bci muzycznych. Korzystaj\u0105c z VPN, mo\u017cesz s\u0142ucha\u0107 muzyki w serwisach, kt\u00f3re nie s\u0105 dost\u0119pne w twoim kraju.","robots":{"index":"index","follow":"follow","max-snippet":"max-snippet:-1","max-image-preview":"max-image-preview:large","max-video-preview":"max-video-preview:-1"},"canonical":"https:\/\/freevpnplanet.com\/pl\/listen-to-music-radio-online-download-mp3\/","og_locale":"pl_PL","og_type":"article","og_title":"VPN do pobierania i s\u0142uchania muzyki - ulubiona muzyka z VPN","og_description":"Planet VPN pomo\u017ce ci rozwi\u0105za\u0107 problemy zwi\u0105zane z ograniczeniami w dost\u0119pie do tre\u015bci muzycznych. Korzystaj\u0105c z VPN, mo\u017cesz s\u0142ucha\u0107 muzyki w serwisach, kt\u00f3re nie s\u0105 dost\u0119pne w twoim kraju.","og_url":"https:\/\/freevpnplanet.com\/pl\/listen-to-music-radio-online-download-mp3\/","og_site_name":"Planet VPN","article_modified_time":"2025-07-22T08:05:29+00:00","twitter_card":"summary_large_image","schema":{"@context":"https:\/\/schema.org","@graph":[{"@type":"WebPage","@id":"https:\/\/freevpnplanet.com\/pl\/listen-to-music-radio-online-download-mp3\/","url":"https:\/\/freevpnplanet.com\/pl\/listen-to-music-radio-online-download-mp3\/","name":"VPN do pobierania i s\u0142uchania muzyki - ulubiona muzyka z VPN","isPartOf":{"@id":"https:\/\/freevpnplanet.com\/pl\/#website"},"datePublished":"2024-05-30T07:37:13+00:00","dateModified":"2025-07-22T08:05:29+00:00","description":"Planet VPN pomo\u017ce ci rozwi\u0105za\u0107 problemy zwi\u0105zane z ograniczeniami w dost\u0119pie do tre\u015bci muzycznych. Korzystaj\u0105c z VPN, mo\u017cesz s\u0142ucha\u0107 muzyki w serwisach, kt\u00f3re nie s\u0105 dost\u0119pne w twoim kraju.","breadcrumb":{"@id":"https:\/\/freevpnplanet.com\/pl\/listen-to-music-radio-online-download-mp3\/#breadcrumb"},"inLanguage":"pl","potentialAction":[{"@type":"ReadAction","target":["https:\/\/freevpnplanet.com\/pl\/listen-to-music-radio-online-download-mp3\/"]}]},{"@type":"BreadcrumbList","@id":"https:\/\/freevpnplanet.com\/pl\/listen-to-music-radio-online-download-mp3\/#breadcrumb","itemListElement":[{"@type":"ListItem","position":1,"name":"Home","item":"https:\/\/freevpnplanet.com\/pl\/"},{"@type":"ListItem","position":2,"name":"Listen to music radio online download mp3"}]},{"@type":"WebSite","@id":"https:\/\/freevpnplanet.com\/pl\/#website","url":"https:\/\/freevpnplanet.com\/pl\/","name":"Planet VPN \ud83d\udee1\ufe0f\ud83c\udf10 Free VPN","description":"Free VPN","potentialAction":[{"@type":"SearchAction","target":{"@type":"EntryPoint","urlTemplate":"https:\/\/freevpnplanet.com\/pl\/?s={search_term_string}"},"query-input":"required name=search_term_string"}],"inLanguage":"pl","publisher":{"@id":"https:\/\/freevpnplanet.com\/pl\/#organization"}},{"@context":"https:\/\/schema.org\/","@type":"SoftwareApplication","name":"Planet VPN \ud83d\udee1\ufe0f\ud83c\udf10 Free VPN","operatingSystem":"Windows, macOS, iOS, Android, Linux, Chrome","applicationCategory":"SecurityApplication","offers":{"@type":"AggregateOffer","priceCurrency":"USD","price":"0","lowPrice":"0","availability":"https:\/\/schema.org\/InStock"},"aggregateRating":{"@type":"AggregateRating","ratingValue":"4.8","bestRating":"5","ratingCount":"12476"}},{"@type":"Organization","@id":"https:\/\/freevpnplanet.com\/pl\/#organization","url":"https:\/\/freevpnplanet.com\/pl\/","name":"Planet VPN \ud83d\udee1\ufe0f\ud83c\udf10 Free VPN"}]}},"acf":[],"_links":{"self":[{"href":"https:\/\/freevpnplanet.com\/pl\/wp-json\/wp\/v2\/pages\/99979","targetHints":{"allow":["GET"]}}],"collection":[{"href":"https:\/\/freevpnplanet.com\/pl\/wp-json\/wp\/v2\/pages"}],"about":[{"href":"https:\/\/freevpnplanet.com\/pl\/wp-json\/wp\/v2\/types\/page"}],"author":[{"embeddable":true,"href":"https:\/\/freevpnplanet.com\/pl\/wp-json\/wp\/v2\/users\/13"}],"replies":[{"embeddable":true,"href":"https:\/\/freevpnplanet.com\/pl\/wp-json\/wp\/v2\/comments?post=99979"}],"version-history":[{"count":4,"href":"https:\/\/freevpnplanet.com\/pl\/wp-json\/wp\/v2\/pages\/99979\/revisions"}],"predecessor-version":[{"id":171578,"href":"https:\/\/freevpnplanet.com\/pl\/wp-json\/wp\/v2\/pages\/99979\/revisions\/171578"}],"wp:attachment":[{"href":"https:\/\/freevpnplanet.com\/pl\/wp-json\/wp\/v2\/media?parent=99979"}],"wp:term":[{"taxonomy":"download_by_lite_tag","embeddable":true,"href":"https:\/\/freevpnplanet.com\/pl\/wp-json\/wp\/v2\/download_by_lite_tag?post=99979"}],"curies":[{"name":"wp","href":"https:\/\/api.w.org\/{rel}","templated":true}]}}