{"id":101823,"date":"2024-07-04T14:07:25","date_gmt":"2024-07-04T11:07:25","guid":{"rendered":"https:\/\/help.freeplanetvpn.com\/anonymous-browsing\/"},"modified":"2025-07-18T11:10:55","modified_gmt":"2025-07-18T08:10:55","slug":"anonymous-browsing","status":"publish","type":"page","link":"https:\/\/freevpnplanet.com\/pt\/anonymous-browsing\/","title":{"rendered":"Anonymous Browsing"},"content":{"rendered":"\n<div class=\"wp-block-group alignfull has-background is-layout-constrained wp-block-group-is-layout-constrained\" style=\"background:linear-gradient(135deg,rgb(16,33,84) 0%,rgb(3,7,17) 100%)\">\n<section class=\"image-text custom-block align-full bg-circle anonymous-browsing__banner  mobile-image-bottom mobile-title-center  header-size-medium text-size-small   content-left\" style='overflow: hidden;;--background-color:var(--none); --text-color:var(--white);--min-height-mobile:400px;--min-height-desktop:676px;--content-width:50%'>\n\n    <div class=\"gutenberg-block-background\"><img decoding=\"async\" width=\"1366\" height=\"684\" src=\"https:\/\/freevpnplanet.com\/wp-content\/uploads\/2024\/07\/rvpn-rays.d1295b71-20240714_163037_604254.svg\" class=\"gutenberg-block-background__image-desktop background-image\" alt=\"bg-image-desktop\" title=\"bg-image-desktop\" \/><\/div>\n    <div class=\"image-text__inner inner-container\">\n\n        \n                    <div class=\"image-text__content\">\n\n                <h1>Navegue na Internet de forma an\u00f4nima com a VPN gratuita<\/h1>\n\n\n\n<p><span data-sheets-root=\"1\">Navegue por sites anonimamente com a Planet VPN. Agora suas a\u00e7\u00f5es na Internet n\u00e3o podem ser rastreadas e sua privacidade est\u00e1 protegida!<\/span><\/p>\n                                    <div class=\"image-text__cta\">\n                        <a href=\"\/pt\/plans\/\" target=\"_self\" id=\"qa-hero-cta-btn\" class=\"cta download-by-platform cta--with-border cta-size--small cta-mt--initial icon-position--icon-left\" style=\"--border-radius:40px\"><span class=\"cta__name\">Download gr\u00e1tis<\/span><\/a>                    <\/div>\n                \n            <\/div>\n        \n                    <div class=\"bg-image-wrapper bg-image-wrapper--desktop custom image-align--right\">\n                <figure style='--image-max-width:1293px;--image-opacity:1.00;width: calc(100% - 20px);left:5%;top:53%'>\n                    <img decoding=\"async\" width=\"1293\" height=\"636\" src=\"https:\/\/freevpnplanet.com\/wp-content\/uploads\/2024\/07\/rvpn-illustration.7b55dbd1-20240704_160606_363858.svg\" class=\"bg-image\" alt=\"Background Image for Desktop\" \/>                <\/figure>\n            <\/div>\n        \n                    <div class=\"bg-image-wrapper bg-image-wrapper--mobile regular-image\">\n                <figure style='width: 150%;max-width: 570px;opacity: 1.00;margin-top: 24px'>\n                    <img decoding=\"async\" width=\"1293\" height=\"636\" src=\"https:\/\/freevpnplanet.com\/wp-content\/uploads\/2024\/07\/rvpn-illustration.7b55dbd1-20240704_160606_363858.svg\" class=\"bg-image\" alt=\"Background Image for Mobile\" \/>                <\/figure>\n            <\/div>\n            <\/div>\n<\/section><\/div>\n\n\n\n<section class=\"image-text-static-image custom-block align-none  mobile-image-bottom   header-size-small text-size-small  \" style=''>\n\n    <div class=\"gutenberg-block-background\"><\/div>\n    <div class=\"image-text-static-image__inner inner-container\">\n                    <div class=\"image-text-static-image__content content-right\" style='--content-width: 50%'>\n                                    <div class=\"image-text-static-image__title\">\n                        <h2 >Por que precisamos de anonimato ao navegar na Internet?<\/h2>                    <\/div>\n                \n                <p>Digamos que voc\u00ea decida comprar algo em uma loja on-line e insira os detalhes do seu cart\u00e3o; tanto o fornecedor quanto o invasor podem facilmente interceptar seus dados e us\u00e1-los para seus pr\u00f3prios fins. O mesmo vale para o preenchimento de qualquer formul\u00e1rio com informa\u00e7\u00f5es pessoais.<\/p>\n<p>Mesmo a correspond\u00eancia online simples em sites de namoro ou redes sociais pode ser tornada p\u00fablica se a conex\u00e3o entre voc\u00ea e o servi\u00e7o da web n\u00e3o estiver criptografada com seguran\u00e7a.<\/p>\n                                    <div class=\"image-text-static-image__cta\">\n                                                    <a href=\"\/pt\/plans\/\" target=\"_self\" id=\"qa-cta-btn-why\" class=\"cta download-by-platform cta--with-border cta-size--small cta-mt--initial icon-position--icon-left\" style=\"--border-radius:40px\"><span class=\"cta__name\">Download gr\u00e1tis<\/span><\/a>                                            <\/div>\n                \n                \n\n            <\/div>\n        \n                    <div class=\"bg-image-wrapper bg-image-wrapper--desktop  left image-align--center\" style='--image-max-width: 50%'>\n                <figure>\n                    <img width=\"436\" height=\"449\" src=\"https:\/\/freevpnplanet.com\/wp-content\/uploads\/2024\/07\/rvpn-anon.610c0fb1-20240704_161721_585357.svg\" class=\"attachment-full size-full\" alt=\"\" loading=\"lazy\" decoding=\"sync\" fetchpriority=\"low\" style=\"max-width:436px\" sizes=\"auto, (max-width: 436px) 100vw, 436px\" aria-hidden=\"true\" \/>                    <!-- <img decoding=\"async\" width=\"436\" height=\"449\" src=\"https:\/\/freevpnplanet.com\/wp-content\/uploads\/2024\/07\/rvpn-anon.610c0fb1-20240704_161721_585357.svg\" class=\"attachment-full size-full\" alt=\"\" style=\"max-width:436px\" \/> -->\n                <\/figure>\n            <\/div>\n        \n            <\/div>\n<\/section>\n\n\n<div class=\"wp-block-group alignfull has-background is-layout-constrained wp-block-group-is-layout-constrained\" style=\"background-color:#2f77d4\">\n<section class=\"image-text custom-block align-full   mobile-image-bottom mobile-title-center  header-size-medium text-size-small   content-left\" style='overflow: hidden;;--background-color:var(--none); --text-color:var(--white);--min-height-mobile:400px;--min-height-desktop:650px;--content-width:52%'>\n\n    <div class=\"gutenberg-block-background\"><\/div>\n    <div class=\"image-text__inner inner-container\">\n\n        \n                    <div class=\"image-text__content\">\n\n                <h2>PLANET VPN: O MELHOR SERVI\u00c7O DE VPN AN\u00d4NIMO<\/h2>\n\n\n<p><span data-sheets-root=\"1\">Criamos um servi\u00e7o VPN avan\u00e7ado com servidores r\u00e1pidos e forte criptografia de dados. Muitos de nossos servidores est\u00e3o localizados em diferentes pa\u00edses do mundo, canais amplos e r\u00e1pidos e a total aus\u00eancia de registros, al\u00e9m do anonimato do pagamento, e \u00e9 isso que distingue a Planet VPN de todos os concorrentes.<\/span><\/p>\n<p>Nunca registramos seu tr\u00e1fego de Internet de forma alguma, de modo que ningu\u00e9m pode identific\u00e1-lo pelo seu endere\u00e7o IP ou registro de data e hora.<\/p>\n<p><span data-sheets-root=\"1\">A Planet VPN n\u00e3o compartilha suas informa\u00e7\u00f5es com ningu\u00e9m. E como n\u00e3o armazenamos nenhum registro ou registro, seus dados n\u00e3o estar\u00e3o acess\u00edveis a ningu\u00e9m.<\/span><\/p>\n                                    <div class=\"image-text__cta\">\n                        <a href=\"\/pt\/download\/\" target=\"\" id=\"qa-cta-does-vpn-btn\" class=\"cta cta-size--small cta-mt--initial icon-position--icon-left\" style=\"--border-radius:25px;--border-width:3px;--button-width:320px\"><span class=\"cta__name\">Download gr\u00e1tis<\/span><\/a>                    <\/div>\n                \n            <\/div>\n        \n                    <div class=\"bg-image-wrapper bg-image-wrapper--desktop custom image-align--left\">\n                <figure style='--image-max-width:1500px;--image-opacity:1.00;width: calc(70% - 20px);left:42%;top:50%'>\n                    <img decoding=\"async\" width=\"1140\" height=\"1140\" src=\"https:\/\/freevpnplanet.com\/wp-content\/uploads\/2024\/05\/rvpn-rvpn-map-20240410-114426-568830-20240507_185226_366905.png\" class=\"bg-image\" alt=\"Background Image for Desktop\" \/>                <\/figure>\n            <\/div>\n        \n                    <div class=\"bg-image-wrapper bg-image-wrapper--mobile background-image\">\n                <figure style='width: 140%;max-width: 1000px;opacity: 0.20;margin-top: 24px'>\n                    <img decoding=\"async\" width=\"1140\" height=\"1140\" src=\"https:\/\/freevpnplanet.com\/wp-content\/uploads\/2024\/05\/rvpn-rvpn-map-20240410-114426-568830-20240507_185226_366905.png\" class=\"bg-image\" alt=\"Background Image for Mobile\" \/>                <\/figure>\n            <\/div>\n            <\/div>\n<\/section><\/div>\n\n\n\n<div class=\"wp-block-group alignfull has-background-blue-background-color has-background is-content-justification-center is-nowrap is-layout-flex wp-container-core-group-is-layout-3 wp-block-group-is-layout-flex\">\n<div class=\"wp-block-columns wp-container-content-1 is-layout-flex wp-container-core-columns-is-layout-1 wp-block-columns-is-layout-flex row-gap--20 stack-breakpoint--768\">\n<div class=\"wp-block-column is-layout-flow wp-block-column-is-layout-flow\">\n<section class=\"advanced-steps custom-block align-none  align-desktop-left align-mobile-left font-normal three-columns title-small image-shadow\" style='--background-color:var(--dark-blue-8)'>\n\n    <div class=\"gutenberg-block-background\"><\/div>\n    <div class=\"advanced-steps__container inner-container\">\n                    <div class=\"advanced-steps__intro\">\n                <h2 style=\"text-align: center;\">Como come\u00e7ar a navegar na web anonimamente?<\/h2>            <\/div>\n        \n        <ul class=\"advanced-steps__list advanced-steps__list--download-steps\" style='--columns-gap:50px'>\n                            <li style='--max-width:px'>\n                                            <h2 class=\"step-title\">1. Baixar<\/h2>\n                    \n                                            <div class=\"image-wrapper\">\n                            <img decoding=\"async\" width=\"219\" height=\"170\" src=\"https:\/\/freevpnplanet.com\/wp-content\/uploads\/2024\/05\/rvpn-download.df91dd21-20240524_114147_333777.svg\" class=\"attachment-full size-full\" alt=\"Step 1\" \/>                        <\/div>\n\n                                                    <p><a href=\"https:\/\/freevpnplanet.com\/pt\/download\/\" id=\"qa-advanced-step-content-link\">Descarregar <\/a>e instalar a aplica\u00e7\u00e3o VPN no seu dispositivo<\/p>                                                            <\/li>\n                                <li style='--max-width:px'>\n                                            <h2 class=\"step-title\">2. Conectar<\/h2>\n                    \n                                            <div class=\"image-wrapper\">\n                            <img decoding=\"async\" width=\"220\" height=\"171\" src=\"https:\/\/freevpnplanet.com\/wp-content\/uploads\/2024\/05\/rvpn-login.60a645a1-20240524_114327_062578.svg\" class=\"attachment-full size-full\" alt=\"Step 1\" \/>                        <\/div>\n\n                                                    <p><span data-sheets-root=\"1\">Estabele\u00e7a conex\u00e3o com um de nossos dispositivos<\/span><\/p>                                                            <\/li>\n                                <li style='--max-width:px'>\n                                            <h2 class=\"step-title\">3. Usar<\/h2>\n                    \n                                            <div class=\"image-wrapper\">\n                            <img decoding=\"async\" width=\"219\" height=\"170\" src=\"https:\/\/freevpnplanet.com\/wp-content\/uploads\/2024\/05\/rvpn-connect.12ef9ce1-20240524_114733_838401.svg\" class=\"attachment-full size-full\" alt=\"Step 3\" \/>                        <\/div>\n\n                                                    <p><span data-sheets-root=\"1\">Visite qualquer site sem restri\u00e7\u00f5es<\/span><\/p>                                                            <\/li>\n                        <\/ul>\n\n                    <div class=\"advanced-steps__cta\">\n                <a href=\"\/pt\/plans\/\" target=\"_self\" id=\"qa-steps-btn-cta\" class=\"cta download-by-platform cta--with-border cta-size--small cta-mt--initial icon-position--icon-left\" style=\"--border-radius:40px\"><span class=\"cta__name\">Download gr\u00e1tis<\/span><\/a>            <\/div>\n        \n        \n        \n\n    <\/div>\n<\/section>\n<\/div>\n<\/div>\n<\/div>\n\n\n\n<section class=\"wrapper custom-block align-none    \" style=''>\n\n    <div class=\"gutenberg-block-background\"><\/div>\n    <div class=\"wrapper__inner inner-container\">\n        \n\n<section class=\"image-text-static-image custom-block align-none  mobile-image-bottom   header-size-small text-size-small  pb-0--desktop\" style=''>\n\n    <div class=\"gutenberg-block-background\"><\/div>\n    <div class=\"image-text-static-image__inner inner-container\">\n                    <div class=\"image-text-static-image__content content-right\" style='--content-width: 50%'>\n                                    <div class=\"image-text-static-image__title\">\n                        <h2 >PROTECT PERSONAL DATA FROM UNWANTED INTRUDERS<\/h2>                    <\/div>\n                \n                <p>Se voc\u00ea n\u00e3o estiver usando uma VPN, \u00e9 muito f\u00e1cil rastrear e interceptar seus dados. Os provedores de Internet rastreiam e registram suas a\u00e7\u00f5es e compartilham informa\u00e7\u00f5es com outras organiza\u00e7\u00f5es.<\/p>\n<p>Essas organiza\u00e7\u00f5es usam seus dados para restringir o acesso ao conte\u00fado e, com base na an\u00e1lise, podem mostrar pre\u00e7os altos. Sem mencionar a vulnerabilidade ao cibercrime e \u00e0 vigil\u00e2ncia, especialmente quando conectado a redes Wi-Fi p\u00fablicas.<\/p>\n<p>Use a Planet VPN para navegar anonimamente na Internet e n\u00e3o deixe ningu\u00e9m interferir nos seus assuntos pessoais.<\/p>\n                \n                \n\n            <\/div>\n        \n                    <div class=\"bg-image-wrapper bg-image-wrapper--desktop  left image-align--center\" style='--image-max-width: 50%'>\n                <figure>\n                    <img width=\"491\" height=\"436\" src=\"https:\/\/freevpnplanet.com\/wp-content\/uploads\/2024\/07\/rvpn-prot.d6581c71-20240704_192646_132779.svg\" class=\"attachment-full size-full\" alt=\"\" loading=\"lazy\" decoding=\"sync\" fetchpriority=\"low\" style=\"max-width:491px\" sizes=\"auto, (max-width: 491px) 100vw, 491px\" aria-hidden=\"true\" \/>                    <!-- <img decoding=\"async\" width=\"491\" height=\"436\" src=\"https:\/\/freevpnplanet.com\/wp-content\/uploads\/2024\/07\/rvpn-prot.d6581c71-20240704_192646_132779.svg\" class=\"attachment-full size-full\" alt=\"\" style=\"max-width:491px\" \/> -->\n                <\/figure>\n            <\/div>\n        \n            <\/div>\n<\/section>\n\n\n<section class=\"image-text-static-image custom-block align-none  mobile-image-bottom   header-size-small text-size-small  \" style=''>\n\n    <div class=\"gutenberg-block-background\"><\/div>\n    <div class=\"image-text-static-image__inner inner-container\">\n                    <div class=\"image-text-static-image__content content-left\" style='--content-width: 52%'>\n                                    <div class=\"image-text-static-image__title\">\n                        <h2 >Oculte sua localiza\u00e7\u00e3o e navegue em sites anonimamente.<\/h2>                    <\/div>\n                \n                <p>Empresas grandes e pequenas gastam grandes quantias de dinheiro para estarem seguras: seus recursos de rede e conex\u00f5es de Internet s\u00e3o usados para os fins pretendidos.<\/p>\n<p>As empresas contratam os melhores profissionais de tecnologia de TI, mas mesmo o usu\u00e1rio menos t\u00e9cnico pode ignorar as pol\u00edticas de firewall com a Planet VPN, ocultar sua localiza\u00e7\u00e3o e obter acesso an\u00f4nimo \u00e0 Internet e sites bloqueados.<\/p>\n                \n                \n\n            <\/div>\n        \n                    <div class=\"bg-image-wrapper bg-image-wrapper--desktop  right image-align--center\" style='--image-max-width: 48%'>\n                <figure>\n                    <img width=\"436\" height=\"449\" src=\"https:\/\/freevpnplanet.com\/wp-content\/uploads\/2024\/07\/rvpn-anon.610c0fb1-20240704_161721_585357.svg\" class=\"attachment-full size-full\" alt=\"\" loading=\"lazy\" decoding=\"sync\" fetchpriority=\"low\" style=\"max-width:436px\" sizes=\"auto, (max-width: 436px) 100vw, 436px\" aria-hidden=\"true\" \/>                    <!-- <img decoding=\"async\" width=\"436\" height=\"449\" src=\"https:\/\/freevpnplanet.com\/wp-content\/uploads\/2024\/07\/rvpn-anon.610c0fb1-20240704_161721_585357.svg\" class=\"attachment-full size-full\" alt=\"\" style=\"max-width:436px\" \/> -->\n                <\/figure>\n            <\/div>\n        \n            <\/div>\n<\/section>\n\n\n<div class=\"buttons custom-block align-center \">\n                        <a href=\"\/pt\/plans\/\" target=\"_self\" id=\"qa-btn-why-bottom-cta\" class=\"cta download-by-platform cta--with-border cta-size--small cta-mt--initial icon-position--icon-left\" style=\"--border-radius:40px\"><span class=\"cta__name\">Download gr\u00e1tis<\/span><\/a>            <\/div>\n\n    <\/div>\n\n<\/section>","protected":false},"excerpt":{"rendered":"","protected":false},"author":39,"featured_media":0,"parent":0,"menu_order":0,"comment_status":"closed","ping_status":"closed","template":"templates\/page_template-basic_for_gutenberg.php","meta":{"_acf_changed":false,"inline_featured_image":false,"footnotes":""},"download_by_lite_tag":[],"class_list":["post-101823","page","type-page","status-publish","hentry"],"yoast_head":"<!-- This site is optimized with the Yoast SEO plugin v22.6 - https:\/\/yoast.com\/wordpress\/plugins\/seo\/ -->\n<title>Free VPN para navega\u00e7\u00e3o e navega\u00e7\u00e3o an\u00f4nimas - Planet VPN<\/title>\n<meta name=\"description\" content=\"Criptografe com seguran\u00e7a o tr\u00e1fego e oculte seu endere\u00e7o IP real com uma VPN. Oculte sua atividade online com Planet VPN.\" \/>\n<meta name=\"robots\" content=\"index, follow, max-snippet:-1, max-image-preview:large, max-video-preview:-1\" \/>\n<link rel=\"canonical\" href=\"https:\/\/freevpnplanet.com\/pt\/anonymous-browsing\/\" \/>\n<meta property=\"og:locale\" content=\"pt_PT\" \/>\n<meta property=\"og:type\" content=\"article\" \/>\n<meta property=\"og:title\" content=\"Free VPN para navega\u00e7\u00e3o e navega\u00e7\u00e3o an\u00f4nimas - Planet VPN\" \/>\n<meta property=\"og:description\" content=\"Criptografe com seguran\u00e7a o tr\u00e1fego e oculte seu endere\u00e7o IP real com uma VPN. Oculte sua atividade online com Planet VPN.\" \/>\n<meta property=\"og:url\" content=\"https:\/\/freevpnplanet.com\/pt\/anonymous-browsing\/\" \/>\n<meta property=\"og:site_name\" content=\"Planet VPN\" \/>\n<meta property=\"article:modified_time\" content=\"2025-07-18T08:10:55+00:00\" \/>\n<meta name=\"twitter:card\" content=\"summary_large_image\" \/>\n<script type=\"application\/ld+json\" class=\"yoast-schema-graph\">{\"@context\":\"https:\/\/schema.org\",\"@graph\":[{\"@type\":\"WebPage\",\"@id\":\"https:\/\/freevpnplanet.com\/pt\/anonymous-browsing\/\",\"url\":\"https:\/\/freevpnplanet.com\/pt\/anonymous-browsing\/\",\"name\":\"Free VPN para navega\u00e7\u00e3o e navega\u00e7\u00e3o an\u00f4nimas - Planet VPN\",\"isPartOf\":{\"@id\":\"https:\/\/freevpnplanet.com\/pt\/#website\"},\"datePublished\":\"2024-07-04T11:07:25+00:00\",\"dateModified\":\"2025-07-18T08:10:55+00:00\",\"description\":\"Criptografe com seguran\u00e7a o tr\u00e1fego e oculte seu endere\u00e7o IP real com uma VPN. Oculte sua atividade online com Planet VPN.\",\"breadcrumb\":{\"@id\":\"https:\/\/freevpnplanet.com\/pt\/anonymous-browsing\/#breadcrumb\"},\"inLanguage\":\"pt\",\"potentialAction\":[{\"@type\":\"ReadAction\",\"target\":[\"https:\/\/freevpnplanet.com\/pt\/anonymous-browsing\/\"]}]},{\"@type\":\"BreadcrumbList\",\"@id\":\"https:\/\/freevpnplanet.com\/pt\/anonymous-browsing\/#breadcrumb\",\"itemListElement\":[{\"@type\":\"ListItem\",\"position\":1,\"name\":\"Home\",\"item\":\"https:\/\/freevpnplanet.com\/pt\/\"},{\"@type\":\"ListItem\",\"position\":2,\"name\":\"Anonymous Browsing\"}]},{\"@type\":\"WebSite\",\"@id\":\"https:\/\/freevpnplanet.com\/pt\/#website\",\"url\":\"https:\/\/freevpnplanet.com\/pt\/\",\"name\":\"Planet VPN \ud83d\udee1\ufe0f\ud83c\udf10 Free VPN\",\"description\":\"Free VPN\",\"potentialAction\":[{\"@type\":\"SearchAction\",\"target\":{\"@type\":\"EntryPoint\",\"urlTemplate\":\"https:\/\/freevpnplanet.com\/pt\/?s={search_term_string}\"},\"query-input\":\"required name=search_term_string\"}],\"inLanguage\":\"pt\",\"publisher\":{\"@id\":\"https:\/\/freevpnplanet.com\/pt\/#organization\"}},{\"@context\":\"https:\/\/schema.org\/\",\"@type\":\"SoftwareApplication\",\"name\":\"Planet VPN \ud83d\udee1\ufe0f\ud83c\udf10 Free VPN\",\"operatingSystem\":\"Windows, macOS, iOS, Android, Linux, Chrome\",\"applicationCategory\":\"SecurityApplication\",\"offers\":{\"@type\":\"AggregateOffer\",\"priceCurrency\":\"USD\",\"price\":\"0\",\"lowPrice\":\"0\",\"availability\":\"https:\/\/schema.org\/InStock\"},\"aggregateRating\":{\"@type\":\"AggregateRating\",\"ratingValue\":\"4.8\",\"bestRating\":\"5\",\"ratingCount\":\"12476\"}},{\"@type\":\"Organization\",\"@id\":\"https:\/\/freevpnplanet.com\/pt\/#organization\",\"url\":\"https:\/\/freevpnplanet.com\/pt\/\",\"name\":\"Planet VPN \ud83d\udee1\ufe0f\ud83c\udf10 Free VPN\"}]}<\/script>\n<!-- \/ Yoast SEO plugin. -->","yoast_head_json":{"title":"Free VPN para navega\u00e7\u00e3o e navega\u00e7\u00e3o an\u00f4nimas - Planet VPN","description":"Criptografe com seguran\u00e7a o tr\u00e1fego e oculte seu endere\u00e7o IP real com uma VPN. Oculte sua atividade online com Planet VPN.","robots":{"index":"index","follow":"follow","max-snippet":"max-snippet:-1","max-image-preview":"max-image-preview:large","max-video-preview":"max-video-preview:-1"},"canonical":"https:\/\/freevpnplanet.com\/pt\/anonymous-browsing\/","og_locale":"pt_PT","og_type":"article","og_title":"Free VPN para navega\u00e7\u00e3o e navega\u00e7\u00e3o an\u00f4nimas - Planet VPN","og_description":"Criptografe com seguran\u00e7a o tr\u00e1fego e oculte seu endere\u00e7o IP real com uma VPN. Oculte sua atividade online com Planet VPN.","og_url":"https:\/\/freevpnplanet.com\/pt\/anonymous-browsing\/","og_site_name":"Planet VPN","article_modified_time":"2025-07-18T08:10:55+00:00","twitter_card":"summary_large_image","schema":{"@context":"https:\/\/schema.org","@graph":[{"@type":"WebPage","@id":"https:\/\/freevpnplanet.com\/pt\/anonymous-browsing\/","url":"https:\/\/freevpnplanet.com\/pt\/anonymous-browsing\/","name":"Free VPN para navega\u00e7\u00e3o e navega\u00e7\u00e3o an\u00f4nimas - Planet VPN","isPartOf":{"@id":"https:\/\/freevpnplanet.com\/pt\/#website"},"datePublished":"2024-07-04T11:07:25+00:00","dateModified":"2025-07-18T08:10:55+00:00","description":"Criptografe com seguran\u00e7a o tr\u00e1fego e oculte seu endere\u00e7o IP real com uma VPN. Oculte sua atividade online com Planet VPN.","breadcrumb":{"@id":"https:\/\/freevpnplanet.com\/pt\/anonymous-browsing\/#breadcrumb"},"inLanguage":"pt","potentialAction":[{"@type":"ReadAction","target":["https:\/\/freevpnplanet.com\/pt\/anonymous-browsing\/"]}]},{"@type":"BreadcrumbList","@id":"https:\/\/freevpnplanet.com\/pt\/anonymous-browsing\/#breadcrumb","itemListElement":[{"@type":"ListItem","position":1,"name":"Home","item":"https:\/\/freevpnplanet.com\/pt\/"},{"@type":"ListItem","position":2,"name":"Anonymous Browsing"}]},{"@type":"WebSite","@id":"https:\/\/freevpnplanet.com\/pt\/#website","url":"https:\/\/freevpnplanet.com\/pt\/","name":"Planet VPN \ud83d\udee1\ufe0f\ud83c\udf10 Free VPN","description":"Free VPN","potentialAction":[{"@type":"SearchAction","target":{"@type":"EntryPoint","urlTemplate":"https:\/\/freevpnplanet.com\/pt\/?s={search_term_string}"},"query-input":"required name=search_term_string"}],"inLanguage":"pt","publisher":{"@id":"https:\/\/freevpnplanet.com\/pt\/#organization"}},{"@context":"https:\/\/schema.org\/","@type":"SoftwareApplication","name":"Planet VPN \ud83d\udee1\ufe0f\ud83c\udf10 Free VPN","operatingSystem":"Windows, macOS, iOS, Android, Linux, Chrome","applicationCategory":"SecurityApplication","offers":{"@type":"AggregateOffer","priceCurrency":"USD","price":"0","lowPrice":"0","availability":"https:\/\/schema.org\/InStock"},"aggregateRating":{"@type":"AggregateRating","ratingValue":"4.8","bestRating":"5","ratingCount":"12476"}},{"@type":"Organization","@id":"https:\/\/freevpnplanet.com\/pt\/#organization","url":"https:\/\/freevpnplanet.com\/pt\/","name":"Planet VPN \ud83d\udee1\ufe0f\ud83c\udf10 Free VPN"}]}},"acf":[],"_links":{"self":[{"href":"https:\/\/freevpnplanet.com\/pt\/wp-json\/wp\/v2\/pages\/101823","targetHints":{"allow":["GET"]}}],"collection":[{"href":"https:\/\/freevpnplanet.com\/pt\/wp-json\/wp\/v2\/pages"}],"about":[{"href":"https:\/\/freevpnplanet.com\/pt\/wp-json\/wp\/v2\/types\/page"}],"author":[{"embeddable":true,"href":"https:\/\/freevpnplanet.com\/pt\/wp-json\/wp\/v2\/users\/39"}],"replies":[{"embeddable":true,"href":"https:\/\/freevpnplanet.com\/pt\/wp-json\/wp\/v2\/comments?post=101823"}],"version-history":[{"count":10,"href":"https:\/\/freevpnplanet.com\/pt\/wp-json\/wp\/v2\/pages\/101823\/revisions"}],"predecessor-version":[{"id":171405,"href":"https:\/\/freevpnplanet.com\/pt\/wp-json\/wp\/v2\/pages\/101823\/revisions\/171405"}],"wp:attachment":[{"href":"https:\/\/freevpnplanet.com\/pt\/wp-json\/wp\/v2\/media?parent=101823"}],"wp:term":[{"taxonomy":"download_by_lite_tag","embeddable":true,"href":"https:\/\/freevpnplanet.com\/pt\/wp-json\/wp\/v2\/download_by_lite_tag?post=101823"}],"curies":[{"name":"wp","href":"https:\/\/api.w.org\/{rel}","templated":true}]}}