{"id":101908,"date":"2024-07-03T14:00:39","date_gmt":"2024-07-03T11:00:39","guid":{"rendered":"https:\/\/help.freeplanetvpn.com\/connect-to-free-wi-fi\/"},"modified":"2025-07-18T11:34:33","modified_gmt":"2025-07-18T08:34:33","slug":"connect-to-free-wi-fi","status":"publish","type":"page","link":"https:\/\/freevpnplanet.com\/pt\/connect-to-free-wi-fi\/","title":{"rendered":"Connect to free WI-FI"},"content":{"rendered":"\n<div class=\"wp-block-group alignfull has-background is-layout-constrained wp-block-group-is-layout-constrained\" style=\"background-color:#2f77d4\">\n<section class=\"image-text-static-image custom-block align-none  mobile-image-bottom   header-size-small text-size-small  \" style='--text-color:var(--white)'>\n\n    <div class=\"gutenberg-block-background\"><\/div>\n    <div class=\"image-text-static-image__inner inner-container\">\n                    <div class=\"image-text-static-image__content content-left\" style='--content-width: 50%'>\n                                    <div class=\"image-text-static-image__title\">\n                        <h1 >VPN gratuita para Wi-Fi p\u00fablico<\/h1>                    <\/div>\n                \n                <p>Ao usar hotspots Wi-Fi p\u00fablicos, voc\u00ea fica vulner\u00e1vel a ataques. Mas isso n\u00e3o significa que voc\u00ea deva se recusar a passar o tempo on-line em sua cafeteria favorita. Use o servi\u00e7o Planet VPN para proteger seus dados pessoais.<\/p>\n                                    <div class=\"image-text-static-image__cta\">\n                                                    <a href=\"\/pt\/plans\/\" target=\"_self\" id=\"qa-hero-btn-cta\" class=\"cta download-by-platform cta--with-border cta-size--small cta-mt--initial icon-position--icon-left\" style=\"--border-radius:40px\"><span class=\"cta__name\">Download gr\u00e1tis<\/span><\/a>                                            <\/div>\n                \n                \n\n            <\/div>\n        \n                    <div class=\"bg-image-wrapper bg-image-wrapper--desktop  right image-align--center\" style='--image-max-width: 50%'>\n                <figure>\n                    <img width=\"520\" height=\"480\" src=\"https:\/\/freevpnplanet.com\/wp-content\/uploads\/2024\/07\/rvpn-illustration.d43dde01-20240703_185839_908213.svg\" class=\"attachment-full size-full\" alt=\"\" loading=\"lazy\" decoding=\"sync\" fetchpriority=\"low\" style=\"max-width:531px\" sizes=\"auto, (max-width: 531px) 100vw, 531px\" aria-hidden=\"true\" \/>                    <!-- <img decoding=\"async\" width=\"520\" height=\"480\" src=\"https:\/\/freevpnplanet.com\/wp-content\/uploads\/2024\/07\/rvpn-illustration.d43dde01-20240703_185839_908213.svg\" class=\"attachment-full size-full\" alt=\"\" style=\"max-width:531px\" \/> -->\n                <\/figure>\n            <\/div>\n        \n            <\/div>\n<\/section><\/div>\n\n\n\n<section class=\"image-text-static-image custom-block align-none  mobile-image-bottom  pb-0 header-size-small text-size-small  \" style=''>\n\n    <div class=\"gutenberg-block-background\"><\/div>\n    <div class=\"image-text-static-image__inner inner-container\">\n                    <div class=\"image-text-static-image__content content-right\" style='--content-width: 50%'>\n                                    <div class=\"image-text-static-image__title\">\n                        <h2 >Por que o WiFi p\u00fablico \u00e9 perigoso?<\/h2>                    <\/div>\n                \n                <p>Imagine que voc\u00ea controla o dispositivo pelo qual os dados passam. Em outras palavras, voc\u00ea pode determinar o dispositivo espec\u00edfico na rede usando cabe\u00e7alhos de servi\u00e7o IP e, em seguida, ler a correspond\u00eancia e receber qualquer informa\u00e7\u00e3o que o usu\u00e1rio troque pela Internet, al\u00e9m de simplesmente observar sua atividade.<\/p>\n<p>A maioria dos hotspots WiFi p\u00fablicos n\u00e3o \u00e9 protegida e as senhas s\u00e3o facilmente acess\u00edveis. A senha simplesmente n\u00e3o permite que ningu\u00e9m use a rede por meio desse ponto de acesso.<\/p>\n                \n                \n\n            <\/div>\n        \n                    <div class=\"bg-image-wrapper bg-image-wrapper--desktop  left image-align--center\" style='--image-max-width: 50%'>\n                <figure>\n                    <img width=\"502\" height=\"353\" src=\"https:\/\/freevpnplanet.com\/wp-content\/uploads\/2024\/07\/rvpn-what-for.c637ee71-20240703_190103_770740.svg\" class=\"attachment-full size-full\" alt=\"\" loading=\"lazy\" decoding=\"sync\" fetchpriority=\"low\" style=\"max-width:502px\" sizes=\"auto, (max-width: 502px) 100vw, 502px\" aria-hidden=\"true\" \/>                    <!-- <img decoding=\"async\" width=\"502\" height=\"353\" src=\"https:\/\/freevpnplanet.com\/wp-content\/uploads\/2024\/07\/rvpn-what-for.c637ee71-20240703_190103_770740.svg\" class=\"attachment-full size-full\" alt=\"\" style=\"max-width:502px\" \/> -->\n                <\/figure>\n            <\/div>\n        \n            <\/div>\n<\/section>\n\n\n<section class=\"image-text-static-image custom-block align-none  mobile-image-bottom   header-size-small text-size-small  \" style=''>\n\n    <div class=\"gutenberg-block-background\"><\/div>\n    <div class=\"image-text-static-image__inner inner-container\">\n                    <div class=\"image-text-static-image__content content-left\" style='--content-width: 50%'>\n                \n                <p>No entanto, na maioria das vezes, essas senhas s\u00e3o escritas dentro do restaurante ou do hotel onde o WiFi p\u00fablico \u00e9 fornecido. Em 98% dos casos, o WiFi n\u00e3o tem nenhuma prote\u00e7\u00e3o adicional, exceto a senha. Uma pessoa que tenha pelo menos conhecimento de TI pode obter controle sobre o ponto de WiFi e, portanto, sobre os dados que passam por ele. As consequ\u00eancias podem ser muito diversas, desde o vazamento de alguns dados pessoais at\u00e9 o roubo de fundos de contas usadas para pagamento on-line de cart\u00f5es ou o roubo de informa\u00e7\u00f5es comerciais importantes.<\/p>\n<p>Entretanto, isso n\u00e3o significa que os pontos p\u00fablicos de WiFi sejam malignos e devam ser evitados. Com a Planet VPN, voc\u00ea criptografa com seguran\u00e7a sua atividade na Internet de modo que ningu\u00e9m consiga obter suas informa\u00e7\u00f5es!<\/p>\n                \n                \n\n            <\/div>\n        \n                    <div class=\"bg-image-wrapper bg-image-wrapper--desktop  right image-align--center\" style='--image-max-width: 50%'>\n                <figure>\n                    <img width=\"483\" height=\"493\" src=\"https:\/\/freevpnplanet.com\/wp-content\/uploads\/2024\/07\/rvpn-spider.0ddda6d1-20240703_190230_735534.svg\" class=\"attachment-full size-full\" alt=\"\" loading=\"lazy\" decoding=\"sync\" fetchpriority=\"low\" style=\"max-width:483px\" sizes=\"auto, (max-width: 483px) 100vw, 483px\" aria-hidden=\"true\" \/>                    <!-- <img decoding=\"async\" width=\"483\" height=\"493\" src=\"https:\/\/freevpnplanet.com\/wp-content\/uploads\/2024\/07\/rvpn-spider.0ddda6d1-20240703_190230_735534.svg\" class=\"attachment-full size-full\" alt=\"\" style=\"max-width:483px\" \/> -->\n                <\/figure>\n            <\/div>\n        \n            <\/div>\n<\/section>\n\n\n<section class=\"image-text-static-image custom-block align-none  mobile-image-bottom   header-size-small text-size-small  \" style='--background-color:var(--dark-blue-8)'>\n\n    <div class=\"gutenberg-block-background\"><\/div>\n    <div class=\"image-text-static-image__inner inner-container\">\n                    <div class=\"image-text-static-image__content content-right\" style='--content-width: 50%'>\n                                    <div class=\"image-text-static-image__title\">\n                        <h2 >COMO A VPN AJUDA A PROTEGER SEUS DADOS QUANDO VOC\u00ca SE CONECTA VIA WI-FI P\u00daBLICO?<\/h2>                    <\/div>\n                \n                <p>Em linguagem simples, uma VPN \u00e9 um canal absolutamente seguro que conecta seu dispositivo a qualquer outro dispositivo em uma rede global via Internet.<\/p>\n<p>Imagine isso: Se n\u00e3o usar uma VPN, seu dispositivo, quando voc\u00ea acessa a Internet atrav\u00e9s de um ponto Wi-Fi p\u00fablico, \u00e9 como ter uma casa sem portas. A qualquer momento, todos podem entrar no seu jardim ou roubar algo da sua casa. Quando voc\u00ea usa uma VPN, sua casa se torna uma fortaleza inexpugn\u00e1vel e a prote\u00e7\u00e3o \u00e9 imposs\u00edvel de ser quebrada.<\/p>\n                \n                \n\n            <\/div>\n        \n                    <div class=\"bg-image-wrapper bg-image-wrapper--desktop  left image-align--center\" style='--image-max-width: 50%'>\n                <figure>\n                    <img width=\"436\" height=\"436\" src=\"https:\/\/freevpnplanet.com\/wp-content\/uploads\/2024\/07\/rvpn-dataprotect.d1687661-20240703_190704_001945.svg\" class=\"attachment-full size-full\" alt=\"\" loading=\"lazy\" decoding=\"sync\" fetchpriority=\"low\" style=\"max-width:436px\" sizes=\"auto, (max-width: 436px) 100vw, 436px\" aria-hidden=\"true\" \/>                    <!-- <img decoding=\"async\" width=\"436\" height=\"436\" src=\"https:\/\/freevpnplanet.com\/wp-content\/uploads\/2024\/07\/rvpn-dataprotect.d1687661-20240703_190704_001945.svg\" class=\"attachment-full size-full\" alt=\"\" style=\"max-width:436px\" \/> -->\n                <\/figure>\n            <\/div>\n        \n            <\/div>\n<\/section>\n\n\n<div class=\"wp-block-group alignfull is-content-justification-center is-nowrap is-layout-flex wp-container-core-group-is-layout-2 wp-block-group-is-layout-flex\" style=\"padding-right:var(--wp--preset--spacing--40);padding-left:var(--wp--preset--spacing--40)\">\n<div class=\"wp-block-columns wp-container-content-1 is-layout-flex wp-container-core-columns-is-layout-1 wp-block-columns-is-layout-flex row-gap--20 stack-breakpoint--768\">\n<div class=\"wp-block-column is-layout-flow wp-block-column-is-layout-flow\">\n<section class=\"advanced-steps custom-block align-none  align-desktop-left align-mobile-left font-normal three-columns title-small image-shadow\" style='--background-color:var(--none)'>\n\n    <div class=\"gutenberg-block-background\"><\/div>\n    <div class=\"advanced-steps__container inner-container\">\n                    <div class=\"advanced-steps__intro\">\n                <h2 style=\"text-align: center;\">Como proteger o seu dispositivo quando conectado ao Wi-Fi em locais p\u00fablicos?<\/h2>            <\/div>\n        \n        <ul class=\"advanced-steps__list advanced-steps__list--download-steps\" style='--columns-gap:50px'>\n                            <li style='--max-width:px'>\n                                            <h2 class=\"step-title\">Download<\/h2>\n                    \n                                            <div class=\"image-wrapper\">\n                            <img decoding=\"async\" width=\"219\" height=\"170\" src=\"https:\/\/freevpnplanet.com\/wp-content\/uploads\/2024\/05\/rvpn-download.df91dd21-20240524_114147_333777.svg\" class=\"attachment-full size-full\" alt=\"Step 1\" \/>                        <\/div>\n\n                                                    <p><a href=\"https:\/\/freevpnplanet.com\/pt\/download\/\" id=\"qa-advanced-step-content-link\">Baixar<\/a> e instalar o aplicativo VPN em seu dispositivo<\/p>                                                            <\/li>\n                                <li style='--max-width:px'>\n                                            <h2 class=\"step-title\">Conectar<\/h2>\n                    \n                                            <div class=\"image-wrapper\">\n                            <img decoding=\"async\" width=\"220\" height=\"171\" src=\"https:\/\/freevpnplanet.com\/wp-content\/uploads\/2024\/05\/rvpn-login.60a645a1-20240524_114327_062578.svg\" class=\"attachment-full size-full\" alt=\"Step 1\" \/>                        <\/div>\n\n                                                    <p>Estabele\u00e7a conex\u00e3o com um de nossos dispositivos<\/p>                                                            <\/li>\n                                <li style='--max-width:px'>\n                                            <h2 class=\"step-title\">Usar<\/h2>\n                    \n                                            <div class=\"image-wrapper\">\n                            <img decoding=\"async\" width=\"219\" height=\"170\" src=\"https:\/\/freevpnplanet.com\/wp-content\/uploads\/2024\/05\/rvpn-connect.12ef9ce1-20240524_114733_838401.svg\" class=\"attachment-full size-full\" alt=\"Step 3\" \/>                        <\/div>\n\n                                                    <p>Visite qualquer site sem restri\u00e7\u00f5es<\/p>                                                            <\/li>\n                        <\/ul>\n\n                    <div class=\"advanced-steps__cta\">\n                <a href=\"\/pt\/plans\/\" target=\"_self\" id=\"qa-steps-btn-cta\" class=\"cta download-by-platform cta--with-border cta-size--small cta-mt--initial icon-position--icon-left\" style=\"--border-radius:40px\"><span class=\"cta__name\">Download gr\u00e1tis<\/span><\/a>            <\/div>\n        \n        \n        \n\n    <\/div>\n<\/section>\n<\/div>\n<\/div>\n<\/div>\n\n\n\n<div class=\"wp-block-group alignfull has-background is-layout-constrained wp-block-group-is-layout-constrained\" style=\"background-color:#2f77d4\">\n<section class=\"image-text-static-image custom-block align-none  mobile-image-bottom  pb-0 header-size-small text-size-small  pb-0--desktop\" style='--background-color:var(--none); --text-color:var(--white)'>\n\n    <div class=\"gutenberg-block-background\"><\/div>\n    <div class=\"image-text-static-image__inner inner-container\">\n                    <div class=\"image-text-static-image__content content-left\" style='--content-width: 52%'>\n                                    <div class=\"image-text-static-image__title\">\n                        <h2 >COMO FUNCIONA O PLANET VPN?<\/h2>                    <\/div>\n                \n                <p>O princ\u00edpio de opera\u00e7\u00e3o do servi\u00e7o Planet VPN \u00e9 simples para o usu\u00e1rio final. Quando voc\u00ea ativa o Planet VPN, um t\u00fanel virtual \u00e9 criado entre o dispositivo e o resto da Internet, bloqueando qualquer tentativa de hackear a rede.<\/p>\n<p>Sua correspond\u00eancia pessoal e comercial, bem como as conversas do Skype n\u00e3o podem ser interceptadas ou ouvidas de forma alguma. Todos os seus dados s\u00e3o criptografados com um algoritmo moderno e fi\u00e1vel, que \u00e9 quase imposs\u00edvel de violar.<\/p>\n                \n                \n\n            <\/div>\n        \n                    <div class=\"bg-image-wrapper bg-image-wrapper--desktop  right image-align--center\" style='--image-max-width: 48%'>\n                <figure>\n                    <img width=\"367\" height=\"369\" src=\"https:\/\/freevpnplanet.com\/wp-content\/uploads\/2024\/07\/rvpn-twoseat.cbaff5d1-20240704_125530_690840.svg\" class=\"attachment-full size-full\" alt=\"\" loading=\"lazy\" decoding=\"sync\" fetchpriority=\"low\" style=\"max-width:370px\" sizes=\"auto, (max-width: 370px) 100vw, 370px\" aria-hidden=\"true\" \/>                    <!-- <img decoding=\"async\" width=\"367\" height=\"369\" src=\"https:\/\/freevpnplanet.com\/wp-content\/uploads\/2024\/07\/rvpn-twoseat.cbaff5d1-20240704_125530_690840.svg\" class=\"attachment-full size-full\" alt=\"\" style=\"max-width:370px\" \/> -->\n                <\/figure>\n            <\/div>\n        \n            <\/div>\n<\/section>\n\n\n<section class=\"image-text-static-image custom-block align-none  mobile-image-bottom  pb-0 header-size-small text-size-small  pb-0--desktop\" style='--background-color:var(--none); --text-color:var(--white)'>\n\n    <div class=\"gutenberg-block-background\"><\/div>\n    <div class=\"image-text-static-image__inner inner-container\">\n                    <div class=\"image-text-static-image__content content-right\" style='--content-width: 52%'>\n                \n                <p>Al\u00e9m da prote\u00e7\u00e3o contra invas\u00f5es externas, o Planet VPN oferece a possibilidade de conectar-se a servidores VPN em diferentes pa\u00edses do mundo e usar seus recursos de rede, o que significa assistir a canais de TV anteriormente indispon\u00edveis.<\/p>\n<p>O Planet VPN substituir\u00e1 seu endere\u00e7o IP por qualquer outro. Para fazer isso, voc\u00ea s\u00f3 precisa escolher um pa\u00eds da lista e todas as p\u00e1ginas e servi\u00e7os da web que voc\u00ea usar\u00e1 determinar\u00e3o automaticamente que voc\u00ea est\u00e1 nesse pa\u00eds.<\/p>\n                \n                \n\n            <\/div>\n        \n                    <div class=\"bg-image-wrapper bg-image-wrapper--desktop  left image-align--left\" style='--image-max-width: 48%'>\n                <figure>\n                    <img width=\"635\" height=\"496\" src=\"https:\/\/freevpnplanet.com\/wp-content\/uploads\/2024\/07\/rvpn-twoworld.9cf60601-20240704_125818_698023.svg\" class=\"attachment-full size-full\" alt=\"\" loading=\"lazy\" decoding=\"sync\" fetchpriority=\"low\" style=\"max-width:635px\" sizes=\"auto, (max-width: 635px) 100vw, 635px\" aria-hidden=\"true\" \/>                    <!-- <img decoding=\"async\" width=\"635\" height=\"496\" src=\"https:\/\/freevpnplanet.com\/wp-content\/uploads\/2024\/07\/rvpn-twoworld.9cf60601-20240704_125818_698023.svg\" class=\"attachment-full size-full\" alt=\"\" style=\"max-width:635px\" \/> -->\n                <\/figure>\n            <\/div>\n        \n            <\/div>\n<\/section>\n\n\n<section class=\"wrapper custom-block align-none    \" style=''>\n\n    <div class=\"gutenberg-block-background\"><\/div>\n    <div class=\"wrapper__inner inner-container\">\n        \n\n<div class=\"buttons custom-block align-center \">\n                        <a href=\"\/pt\/plans\/\" target=\"_self\" id=\"qa-cta-btn-content\" class=\"cta download-by-platform cta--with-border cta-size--small cta-mt--initial icon-position--icon-left\" style=\"--border-radius:40px\"><span class=\"cta__name\">Download gr\u00e1tis<\/span><\/a>            <\/div>\n\n    <\/div>\n\n<\/section><\/div>\n","protected":false},"excerpt":{"rendered":"","protected":false},"author":39,"featured_media":0,"parent":0,"menu_order":0,"comment_status":"closed","ping_status":"closed","template":"templates\/page_template-basic_for_gutenberg.php","meta":{"_acf_changed":false,"inline_featured_image":false,"footnotes":""},"download_by_lite_tag":[],"class_list":["post-101908","page","type-page","status-publish","hentry"],"yoast_head":"<!-- This site is optimized with the Yoast SEO plugin v22.6 - https:\/\/yoast.com\/wordpress\/plugins\/seo\/ -->\n<title>Free VPN para WiFi p\u00fablico - Proteja sua conex\u00e3o Wi-Fi - Planet VPN<\/title>\n<meta name=\"description\" content=\"Melhore a seguran\u00e7a da sua conex\u00e3o sem fio com uma VPN para Wi-Fi. Estabele\u00e7a uma conex\u00e3o Wi-Fi segura e use a Internet em particular e com prote\u00e7\u00e3o.\" \/>\n<meta name=\"robots\" content=\"index, follow, max-snippet:-1, max-image-preview:large, max-video-preview:-1\" \/>\n<link rel=\"canonical\" href=\"https:\/\/freevpnplanet.com\/pt\/connect-to-free-wi-fi\/\" \/>\n<meta property=\"og:locale\" content=\"pt_PT\" \/>\n<meta property=\"og:type\" content=\"article\" \/>\n<meta property=\"og:title\" content=\"Free VPN para WiFi p\u00fablico - Proteja sua conex\u00e3o Wi-Fi - Planet VPN\" \/>\n<meta property=\"og:description\" content=\"Melhore a seguran\u00e7a da sua conex\u00e3o sem fio com uma VPN para Wi-Fi. Estabele\u00e7a uma conex\u00e3o Wi-Fi segura e use a Internet em particular e com prote\u00e7\u00e3o.\" \/>\n<meta property=\"og:url\" content=\"https:\/\/freevpnplanet.com\/pt\/connect-to-free-wi-fi\/\" \/>\n<meta property=\"og:site_name\" content=\"Planet VPN\" \/>\n<meta property=\"article:modified_time\" content=\"2025-07-18T08:34:33+00:00\" \/>\n<meta name=\"twitter:card\" content=\"summary_large_image\" \/>\n<script type=\"application\/ld+json\" class=\"yoast-schema-graph\">{\"@context\":\"https:\/\/schema.org\",\"@graph\":[{\"@type\":\"WebPage\",\"@id\":\"https:\/\/freevpnplanet.com\/pt\/connect-to-free-wi-fi\/\",\"url\":\"https:\/\/freevpnplanet.com\/pt\/connect-to-free-wi-fi\/\",\"name\":\"Free VPN para WiFi p\u00fablico - Proteja sua conex\u00e3o Wi-Fi - Planet VPN\",\"isPartOf\":{\"@id\":\"https:\/\/freevpnplanet.com\/pt\/#website\"},\"datePublished\":\"2024-07-03T11:00:39+00:00\",\"dateModified\":\"2025-07-18T08:34:33+00:00\",\"description\":\"Melhore a seguran\u00e7a da sua conex\u00e3o sem fio com uma VPN para Wi-Fi. Estabele\u00e7a uma conex\u00e3o Wi-Fi segura e use a Internet em particular e com prote\u00e7\u00e3o.\",\"breadcrumb\":{\"@id\":\"https:\/\/freevpnplanet.com\/pt\/connect-to-free-wi-fi\/#breadcrumb\"},\"inLanguage\":\"pt\",\"potentialAction\":[{\"@type\":\"ReadAction\",\"target\":[\"https:\/\/freevpnplanet.com\/pt\/connect-to-free-wi-fi\/\"]}]},{\"@type\":\"BreadcrumbList\",\"@id\":\"https:\/\/freevpnplanet.com\/pt\/connect-to-free-wi-fi\/#breadcrumb\",\"itemListElement\":[{\"@type\":\"ListItem\",\"position\":1,\"name\":\"Home\",\"item\":\"https:\/\/freevpnplanet.com\/pt\/\"},{\"@type\":\"ListItem\",\"position\":2,\"name\":\"Connect to free WI-FI\"}]},{\"@type\":\"WebSite\",\"@id\":\"https:\/\/freevpnplanet.com\/pt\/#website\",\"url\":\"https:\/\/freevpnplanet.com\/pt\/\",\"name\":\"Planet VPN \ud83d\udee1\ufe0f\ud83c\udf10 Free VPN\",\"description\":\"Free VPN\",\"potentialAction\":[{\"@type\":\"SearchAction\",\"target\":{\"@type\":\"EntryPoint\",\"urlTemplate\":\"https:\/\/freevpnplanet.com\/pt\/?s={search_term_string}\"},\"query-input\":\"required name=search_term_string\"}],\"inLanguage\":\"pt\",\"publisher\":{\"@id\":\"https:\/\/freevpnplanet.com\/pt\/#organization\"}},{\"@context\":\"https:\/\/schema.org\/\",\"@type\":\"SoftwareApplication\",\"name\":\"Planet VPN \ud83d\udee1\ufe0f\ud83c\udf10 Free VPN\",\"operatingSystem\":\"Windows, macOS, iOS, Android, Linux, Chrome\",\"applicationCategory\":\"SecurityApplication\",\"offers\":{\"@type\":\"AggregateOffer\",\"priceCurrency\":\"USD\",\"price\":\"0\",\"lowPrice\":\"0\",\"availability\":\"https:\/\/schema.org\/InStock\"},\"aggregateRating\":{\"@type\":\"AggregateRating\",\"ratingValue\":\"4.8\",\"bestRating\":\"5\",\"ratingCount\":\"12476\"}},{\"@type\":\"Organization\",\"@id\":\"https:\/\/freevpnplanet.com\/pt\/#organization\",\"url\":\"https:\/\/freevpnplanet.com\/pt\/\",\"name\":\"Planet VPN \ud83d\udee1\ufe0f\ud83c\udf10 Free VPN\"}]}<\/script>\n<!-- \/ Yoast SEO plugin. -->","yoast_head_json":{"title":"Free VPN para WiFi p\u00fablico - Proteja sua conex\u00e3o Wi-Fi - Planet VPN","description":"Melhore a seguran\u00e7a da sua conex\u00e3o sem fio com uma VPN para Wi-Fi. Estabele\u00e7a uma conex\u00e3o Wi-Fi segura e use a Internet em particular e com prote\u00e7\u00e3o.","robots":{"index":"index","follow":"follow","max-snippet":"max-snippet:-1","max-image-preview":"max-image-preview:large","max-video-preview":"max-video-preview:-1"},"canonical":"https:\/\/freevpnplanet.com\/pt\/connect-to-free-wi-fi\/","og_locale":"pt_PT","og_type":"article","og_title":"Free VPN para WiFi p\u00fablico - Proteja sua conex\u00e3o Wi-Fi - Planet VPN","og_description":"Melhore a seguran\u00e7a da sua conex\u00e3o sem fio com uma VPN para Wi-Fi. Estabele\u00e7a uma conex\u00e3o Wi-Fi segura e use a Internet em particular e com prote\u00e7\u00e3o.","og_url":"https:\/\/freevpnplanet.com\/pt\/connect-to-free-wi-fi\/","og_site_name":"Planet VPN","article_modified_time":"2025-07-18T08:34:33+00:00","twitter_card":"summary_large_image","schema":{"@context":"https:\/\/schema.org","@graph":[{"@type":"WebPage","@id":"https:\/\/freevpnplanet.com\/pt\/connect-to-free-wi-fi\/","url":"https:\/\/freevpnplanet.com\/pt\/connect-to-free-wi-fi\/","name":"Free VPN para WiFi p\u00fablico - Proteja sua conex\u00e3o Wi-Fi - Planet VPN","isPartOf":{"@id":"https:\/\/freevpnplanet.com\/pt\/#website"},"datePublished":"2024-07-03T11:00:39+00:00","dateModified":"2025-07-18T08:34:33+00:00","description":"Melhore a seguran\u00e7a da sua conex\u00e3o sem fio com uma VPN para Wi-Fi. Estabele\u00e7a uma conex\u00e3o Wi-Fi segura e use a Internet em particular e com prote\u00e7\u00e3o.","breadcrumb":{"@id":"https:\/\/freevpnplanet.com\/pt\/connect-to-free-wi-fi\/#breadcrumb"},"inLanguage":"pt","potentialAction":[{"@type":"ReadAction","target":["https:\/\/freevpnplanet.com\/pt\/connect-to-free-wi-fi\/"]}]},{"@type":"BreadcrumbList","@id":"https:\/\/freevpnplanet.com\/pt\/connect-to-free-wi-fi\/#breadcrumb","itemListElement":[{"@type":"ListItem","position":1,"name":"Home","item":"https:\/\/freevpnplanet.com\/pt\/"},{"@type":"ListItem","position":2,"name":"Connect to free WI-FI"}]},{"@type":"WebSite","@id":"https:\/\/freevpnplanet.com\/pt\/#website","url":"https:\/\/freevpnplanet.com\/pt\/","name":"Planet VPN \ud83d\udee1\ufe0f\ud83c\udf10 Free VPN","description":"Free VPN","potentialAction":[{"@type":"SearchAction","target":{"@type":"EntryPoint","urlTemplate":"https:\/\/freevpnplanet.com\/pt\/?s={search_term_string}"},"query-input":"required name=search_term_string"}],"inLanguage":"pt","publisher":{"@id":"https:\/\/freevpnplanet.com\/pt\/#organization"}},{"@context":"https:\/\/schema.org\/","@type":"SoftwareApplication","name":"Planet VPN \ud83d\udee1\ufe0f\ud83c\udf10 Free VPN","operatingSystem":"Windows, macOS, iOS, Android, Linux, Chrome","applicationCategory":"SecurityApplication","offers":{"@type":"AggregateOffer","priceCurrency":"USD","price":"0","lowPrice":"0","availability":"https:\/\/schema.org\/InStock"},"aggregateRating":{"@type":"AggregateRating","ratingValue":"4.8","bestRating":"5","ratingCount":"12476"}},{"@type":"Organization","@id":"https:\/\/freevpnplanet.com\/pt\/#organization","url":"https:\/\/freevpnplanet.com\/pt\/","name":"Planet VPN \ud83d\udee1\ufe0f\ud83c\udf10 Free VPN"}]}},"acf":[],"_links":{"self":[{"href":"https:\/\/freevpnplanet.com\/pt\/wp-json\/wp\/v2\/pages\/101908","targetHints":{"allow":["GET"]}}],"collection":[{"href":"https:\/\/freevpnplanet.com\/pt\/wp-json\/wp\/v2\/pages"}],"about":[{"href":"https:\/\/freevpnplanet.com\/pt\/wp-json\/wp\/v2\/types\/page"}],"author":[{"embeddable":true,"href":"https:\/\/freevpnplanet.com\/pt\/wp-json\/wp\/v2\/users\/39"}],"replies":[{"embeddable":true,"href":"https:\/\/freevpnplanet.com\/pt\/wp-json\/wp\/v2\/comments?post=101908"}],"version-history":[{"count":4,"href":"https:\/\/freevpnplanet.com\/pt\/wp-json\/wp\/v2\/pages\/101908\/revisions"}],"predecessor-version":[{"id":171424,"href":"https:\/\/freevpnplanet.com\/pt\/wp-json\/wp\/v2\/pages\/101908\/revisions\/171424"}],"wp:attachment":[{"href":"https:\/\/freevpnplanet.com\/pt\/wp-json\/wp\/v2\/media?parent=101908"}],"wp:term":[{"taxonomy":"download_by_lite_tag","embeddable":true,"href":"https:\/\/freevpnplanet.com\/pt\/wp-json\/wp\/v2\/download_by_lite_tag?post=101908"}],"curies":[{"name":"wp","href":"https:\/\/api.w.org\/{rel}","templated":true}]}}