{"id":101959,"date":"2024-06-28T17:47:49","date_gmt":"2024-06-28T14:47:49","guid":{"rendered":"https:\/\/help.freeplanetvpn.com\/data-protection-security\/"},"modified":"2025-07-18T10:51:38","modified_gmt":"2025-07-18T07:51:38","slug":"data-protection-security","status":"publish","type":"page","link":"https:\/\/freevpnplanet.com\/pt\/data-protection-security\/","title":{"rendered":"Data Protection Security"},"content":{"rendered":"\n<section class=\"image-text-static-image custom-block align-none data-protection-security__banner mobile-image-bottom   header-size-small text-size-small  \" style='--background-color:var(--dark-blue-0); --text-color:var(--white)'>\n\n    <div class=\"gutenberg-block-background\"><\/div>\n    <div class=\"image-text-static-image__inner inner-container\">\n                    <div class=\"image-text-static-image__content content-left\" style='--content-width: 39%'>\n                                    <div class=\"image-text-static-image__title\">\n                        <h1 >Navega\u00e7\u00e3o an\u00f4nima na Internet com VPN gr\u00e1tis<\/h1>                    <\/div>\n                \n                <p>Preocupado em ser seguido? Com a tecnologia Planet VPN, ningu\u00e9m pode rastrear e interceptar seus dados!<\/p>\n                                    <div class=\"image-text-static-image__cta\">\n                                                    <a href=\"\/pt\/plans\/\" target=\"_self\" id=\"qa-hero-cta-btn\" class=\"cta download-by-platform cta--with-border cta-size--small cta-mt--initial icon-position--icon-left\" style=\"--border-radius:40px\"><span class=\"cta__name\">Download gr\u00e1tis<\/span><\/a>                                            <\/div>\n                \n                \n\n            <\/div>\n        \n                    <div class=\"bg-image-wrapper bg-image-wrapper--desktop  right image-align--center\" style='--image-max-width: 61%'>\n                <figure>\n                    <img width=\"783\" height=\"734\" src=\"https:\/\/freevpnplanet.com\/wp-content\/uploads\/2024\/06\/rvpn-illustration.626d9081-20240628_175014_032621.svg\" class=\"attachment-full size-full\" alt=\"\" loading=\"lazy\" decoding=\"sync\" fetchpriority=\"low\" style=\"max-width:784px\" sizes=\"auto, (max-width: 784px) 100vw, 784px\" aria-hidden=\"true\" \/>                    <!-- <img decoding=\"async\" width=\"783\" height=\"734\" src=\"https:\/\/freevpnplanet.com\/wp-content\/uploads\/2024\/06\/rvpn-illustration.626d9081-20240628_175014_032621.svg\" class=\"attachment-full size-full\" alt=\"\" style=\"max-width:784px\" \/> -->\n                <\/figure>\n            <\/div>\n        \n            <\/div>\n<\/section>\n\n\n<section class=\"image-text-static-image custom-block align-none  mobile-image-bottom   header-size-small text-size-small  pb-0--desktop\" style=''>\n\n    <div class=\"gutenberg-block-background\"><\/div>\n    <div class=\"image-text-static-image__inner inner-container\">\n                    <div class=\"image-text-static-image__content content-right\" style='--content-width: 49%'>\n                                    <div class=\"image-text-static-image__title\">\n                        <h2 >Quem fica vigiando voc\u00ea na internet?<\/h2>                    <\/div>\n                \n                <p>Suponha que voc\u00ea decide comprar algo em uma loja online e insere os detalhes do seu cart\u00e3o. Tanto o provedor quanto o atacante podem interceptar facilmente seus dados e us\u00e1-los para seus pr\u00f3prios fins.<\/p>\n<p>O mesmo acontece ao preencher qualquer formul\u00e1rio com informa\u00e7\u00f5es pessoais.<\/p>\n                \n                \n\n            <\/div>\n        \n                    <div class=\"bg-image-wrapper bg-image-wrapper--desktop  left image-align--center\" style='--image-max-width: 51%'>\n                <figure>\n                    <img width=\"472\" height=\"436\" src=\"https:\/\/freevpnplanet.com\/wp-content\/uploads\/2024\/06\/rvpn-surv.6d002b11-20240628_175357_751526.svg\" class=\"attachment-full size-full\" alt=\"\" loading=\"lazy\" decoding=\"sync\" fetchpriority=\"low\" style=\"max-width:472px\" sizes=\"auto, (max-width: 472px) 100vw, 472px\" aria-hidden=\"true\" \/>                    <!-- <img decoding=\"async\" width=\"472\" height=\"436\" src=\"https:\/\/freevpnplanet.com\/wp-content\/uploads\/2024\/06\/rvpn-surv.6d002b11-20240628_175357_751526.svg\" class=\"attachment-full size-full\" alt=\"\" style=\"max-width:472px\" \/> -->\n                <\/figure>\n            <\/div>\n        \n            <\/div>\n<\/section>\n\n\n<section class=\"image-text-static-image custom-block align-none  mobile-image-bottom   header-size-small text-size-small  \" style=''>\n\n    <div class=\"gutenberg-block-background\"><\/div>\n    <div class=\"image-text-static-image__inner inner-container\">\n                    <div class=\"image-text-static-image__content content-left\" style='--content-width: 49%'>\n                \n                <p>Os propriet\u00e1rios das p\u00e1ginas da web est\u00e3o vendo de onde o IP chegou ao site. Al\u00e9m disso, os mecanismos de pesquisa e v\u00e1rios servi\u00e7os estat\u00edsticos coletam o m\u00e1ximo de informa\u00e7\u00f5es poss\u00edvel sobre voc\u00ea. Sem mencionar o grande n\u00famero de invasores que tentam interceptar todos os dados confidenciais, sejam os detalhes de seus cart\u00f5es de pagamento, dados pessoais ou correspond\u00eancia.<\/p>\n<p>Quem obt\u00e9m suas informa\u00e7\u00f5es pode fazer qualquer coisa, e isso \u00e9 desagrad\u00e1vel e inaceit\u00e1vel. Mas h\u00e1 uma sa\u00edda &#8211; Planet VPN! Gra\u00e7as \u00e0 criptografia confi\u00e1vel, n\u00e3o \u00e9 poss\u00edvel interceptar seus dados, e nossos amplos canais e servidores r\u00e1pidos tornam o trabalho na Internet n\u00e3o apenas seguro, mas tamb\u00e9m conveniente.<\/p>\n                \n                \n\n            <\/div>\n        \n                    <div class=\"bg-image-wrapper bg-image-wrapper--desktop  right image-align--center\" style='--image-max-width: 51%'>\n                <figure>\n                    <img width=\"436\" height=\"436\" src=\"https:\/\/freevpnplanet.com\/wp-content\/uploads\/2024\/06\/rvpn-watch.c8e51db1-20240628_175545_400134.svg\" class=\"attachment-full size-full\" alt=\"\" loading=\"lazy\" decoding=\"sync\" fetchpriority=\"low\" style=\"max-width:472px\" sizes=\"auto, (max-width: 472px) 100vw, 472px\" aria-hidden=\"true\" \/>                    <!-- <img decoding=\"async\" width=\"436\" height=\"436\" src=\"https:\/\/freevpnplanet.com\/wp-content\/uploads\/2024\/06\/rvpn-watch.c8e51db1-20240628_175545_400134.svg\" class=\"attachment-full size-full\" alt=\"\" style=\"max-width:472px\" \/> -->\n                <\/figure>\n            <\/div>\n        \n            <\/div>\n<\/section>\n\n\n<div class=\"wp-block-group alignfull has-background-blue-background-color has-background is-content-justification-center is-nowrap is-layout-flex wp-container-core-group-is-layout-1 wp-block-group-is-layout-flex\">\n<div class=\"wp-block-columns wp-container-content-1 is-layout-flex wp-container-core-columns-is-layout-1 wp-block-columns-is-layout-flex row-gap--20 stack-breakpoint--768\">\n<div class=\"wp-block-column is-layout-flow wp-block-column-is-layout-flow\" style=\"padding-right:var(--wp--preset--spacing--50);padding-left:var(--wp--preset--spacing--50)\">\n<section class=\"advanced-steps custom-block align-center  align-desktop-left align-mobile-left font-normal three-columns title-small image-shadow\" style=''>\n\n    <div class=\"gutenberg-block-background\"><\/div>\n    <div class=\"advanced-steps__container inner-container\">\n                    <div class=\"advanced-steps__intro\">\n                <h2 style=\"text-align: center;\">COMO PROTEGER-SE CONTRA A VIGIL\u00c2NCIA NA INTERNET?<\/h2>            <\/div>\n        \n        <ul class=\"advanced-steps__list advanced-steps__list--download-steps\" style='--columns-gap:50px'>\n                            <li style='--max-width:px'>\n                                            <h2 class=\"step-title\">Download<\/h2>\n                    \n                                            <div class=\"image-wrapper\">\n                            <img decoding=\"async\" width=\"219\" height=\"170\" src=\"https:\/\/freevpnplanet.com\/wp-content\/uploads\/2024\/05\/rvpn-download.df91dd21-20240524_114147_333777.svg\" class=\"attachment-full size-full\" alt=\"Step 1\" \/>                        <\/div>\n\n                                                    <p><a href=\"https:\/\/freevpnplanet.com\/pt\/download\/\" target=\"_blank\" rel=\"noopener\" id=\"qa-advanced-step-content-link\">Baixar<\/a> e instalar o aplicativo VPN em seu dispositivo<\/p>                                                            <\/li>\n                                <li style='--max-width:px'>\n                                            <h2 class=\"step-title\">Conectar<\/h2>\n                    \n                                            <div class=\"image-wrapper\">\n                            <img decoding=\"async\" width=\"220\" height=\"171\" src=\"https:\/\/freevpnplanet.com\/wp-content\/uploads\/2024\/05\/rvpn-login.60a645a1-20240524_114327_062578.svg\" class=\"attachment-full size-full\" alt=\"Step 1\" \/>                        <\/div>\n\n                                                    <p>Estabele\u00e7a conex\u00e3o com um de nossos dispositivos<\/p>                                                            <\/li>\n                                <li style='--max-width:px'>\n                                            <h2 class=\"step-title\">Usar<\/h2>\n                    \n                                            <div class=\"image-wrapper\">\n                            <img decoding=\"async\" width=\"219\" height=\"170\" src=\"https:\/\/freevpnplanet.com\/wp-content\/uploads\/2024\/05\/rvpn-connect.12ef9ce1-20240524_114733_838401.svg\" class=\"attachment-full size-full\" alt=\"Step 3\" \/>                        <\/div>\n\n                                                    <p>Visite qualquer site sem restri\u00e7\u00f5es<\/p>                                                            <\/li>\n                        <\/ul>\n\n                    <div class=\"advanced-steps__cta\">\n                <a href=\"\/pt\/plans\/\" target=\"_self\" id=\"qa-cta-steps-btn\" class=\"cta download-by-platform cta--with-border cta-size--small cta-mt--initial icon-position--icon-left\" style=\"--border-radius:40px\"><span class=\"cta__name\">Download gr\u00e1tis<\/span><\/a>            <\/div>\n        \n        \n        \n\n    <\/div>\n<\/section>\n<\/div>\n<\/div>\n<\/div>\n\n\n\n<section class=\"image-text-static-image custom-block align-none  mobile-image-bottom   header-size-small text-size-small  pb-0--desktop\" style=''>\n\n    <div class=\"gutenberg-block-background\"><\/div>\n    <div class=\"image-text-static-image__inner inner-container\">\n                    <div class=\"image-text-static-image__content content-left\" style='--content-width: 49%'>\n                                    <div class=\"image-text-static-image__title\">\n                        <h2 >COMO VOC\u00ca EST\u00c1 SENDO VIGIADO ONLINE?<\/h2>                    <\/div>\n                \n                <p>Qualquer dispositivo na rede tem seu pr\u00f3prio endere\u00e7o IP, mesmo que voc\u00ea acesse a internet por meio de uma rede p\u00fablica e seu endere\u00e7o IP externo n\u00e3o seja \u00fanico. Tamb\u00e9m h\u00e1 um endere\u00e7o local dentro da rede. O provedor ou o propriet\u00e1rio da rede mapeia facilmente os endere\u00e7os IP locais e externos para monitorar suas a\u00e7\u00f5es.<\/p>\n<p>Todas as suas a\u00e7\u00f5es e mensagens n\u00e3o criptografadas na rede s\u00e3o registradas, processadas e armazenadas por per\u00edodos que variam de v\u00e1rios meses a v\u00e1rios anos.<\/p>\n                \n                \n\n            <\/div>\n        \n                    <div class=\"bg-image-wrapper bg-image-wrapper--desktop  right image-align--center\" style='--image-max-width: 51%'>\n                <figure>\n                    <img width=\"436\" height=\"436\" src=\"https:\/\/freevpnplanet.com\/wp-content\/uploads\/2024\/06\/rvpn-zoom.97114291-20240628_180539_548832.svg\" class=\"attachment-full size-full\" alt=\"\" loading=\"lazy\" decoding=\"sync\" fetchpriority=\"low\" style=\"max-width:472px\" sizes=\"auto, (max-width: 472px) 100vw, 472px\" aria-hidden=\"true\" \/>                    <!-- <img decoding=\"async\" width=\"436\" height=\"436\" src=\"https:\/\/freevpnplanet.com\/wp-content\/uploads\/2024\/06\/rvpn-zoom.97114291-20240628_180539_548832.svg\" class=\"attachment-full size-full\" alt=\"\" style=\"max-width:472px\" \/> -->\n                <\/figure>\n            <\/div>\n        \n            <\/div>\n<\/section>\n\n\n<section class=\"image-text-static-image custom-block align-none  mobile-image-bottom   header-size-small text-size-small  \" style=''>\n\n    <div class=\"gutenberg-block-background\"><\/div>\n    <div class=\"image-text-static-image__inner inner-container\">\n                    <div class=\"image-text-static-image__content content-right\" style='--content-width: 49%'>\n                \n                <p>Existem muitas outras tecnologias de rastreamento na rede, mas todas s\u00e3o impotentes diante da tecnologia VPN, que cria um t\u00fanel criptografado entre voc\u00ea e o servidor, tornando imposs\u00edvel interceptar sua atividade na internet.<\/p>\n<p>Portanto, ningu\u00e9m pode usar suas informa\u00e7\u00f5es para qualquer prop\u00f3sito. O Planet VPN oferece uma criptografia robusta, canais de transfer\u00eancia r\u00e1pidos entre os dados e o servidor, al\u00e9m da completa aus\u00eancia de registro e armazenamento de dados.<\/p>\n                \n                \n\n            <\/div>\n        \n                    <div class=\"bg-image-wrapper bg-image-wrapper--desktop  left image-align--center\" style='--image-max-width: 51%'>\n                <figure>\n                    <img width=\"436\" height=\"436\" src=\"https:\/\/freevpnplanet.com\/wp-content\/uploads\/2024\/06\/rvpn-tech.7ca10ed1-20240628_180601_644317.svg\" class=\"attachment-full size-full\" alt=\"\" loading=\"lazy\" decoding=\"sync\" fetchpriority=\"low\" style=\"max-width:472px\" sizes=\"auto, (max-width: 472px) 100vw, 472px\" aria-hidden=\"true\" \/>                    <!-- <img decoding=\"async\" width=\"436\" height=\"436\" src=\"https:\/\/freevpnplanet.com\/wp-content\/uploads\/2024\/06\/rvpn-tech.7ca10ed1-20240628_180601_644317.svg\" class=\"attachment-full size-full\" alt=\"\" style=\"max-width:472px\" \/> -->\n                <\/figure>\n            <\/div>\n        \n            <\/div>\n<\/section>\n\n\n<section class=\"image-text-static-image custom-block align-none  mobile-image-bottom   header-size-small text-size-small  \" style='--background-color:var(--dark-blue-0); --text-color:var(--white)'>\n\n    <div class=\"gutenberg-block-background\"><\/div>\n    <div class=\"image-text-static-image__inner inner-container\">\n                    <div class=\"image-text-static-image__content content-right\" style='--content-width: 51%'>\n                                    <div class=\"image-text-static-image__title\">\n                        <h2 >VOC\u00ca N\u00c3O EST\u00c1 MAIS SENDO VIGIADO<\/h2>                    <\/div>\n                \n                <p>Hoje em dia, motores de busca, provedores e sites t\u00eam a capacidade de ler dados sobre cada usu\u00e1rio com diferentes objetivos. O mais inofensivo deles \u00e9 a distribui\u00e7\u00e3o de an\u00fancios irritantes. No entanto, essas informa\u00e7\u00f5es podem estar nas m\u00e3os de golpistas, o que leva, na maioria das vezes, ao roubo de dados pessoais e financeiros.<\/p>\n<p>Utilizamos uma criptografia forte de 256 bits para proteg\u00ea-lo de qualquer intruso e\/ou vigil\u00e2ncia da sua atividade na internet. Usando o Planet VPN, voc\u00ea oculta seu endere\u00e7o IP, tornando sua navega\u00e7\u00e3o completamente an\u00f4nima.<\/p>\n<p>N\u00e3o mantemos nenhum registro da sua atividade na internet. Portanto, todas as suas a\u00e7\u00f5es permanecer\u00e3o completamente an\u00f4nimas. A navega\u00e7\u00e3o an\u00f4nima permitir\u00e1 proteger dados de contas banc\u00e1rias e cart\u00f5es de cr\u00e9dito, informa\u00e7\u00f5es pessoais e comerciais, mensagens online e muito mais contra intrusos.<\/p>\n                                    <div class=\"image-text-static-image__cta\">\n                                                    <a href=\"\/pt\/plans\/\" target=\"_self\" id=\"qa-cta-ready-btn\" class=\"cta download-by-platform cta--with-border cta-size--small cta-mt--initial icon-position--icon-left\" style=\"--border-radius:40px\"><span class=\"cta__name\">Download gr\u00e1tis<\/span><\/a>                                            <\/div>\n                \n                \n\n            <\/div>\n        \n                    <div class=\"bg-image-wrapper bg-image-wrapper--desktop  left image-align--center\" style='--image-max-width: 49%'>\n                <figure>\n                    <img width=\"444\" height=\"444\" src=\"https:\/\/freevpnplanet.com\/wp-content\/uploads\/2024\/07\/rvpn-no-spy.345c7111-20240701_151227_904235.svg\" class=\"attachment-full size-full\" alt=\"\" loading=\"lazy\" decoding=\"sync\" fetchpriority=\"low\" style=\"max-width:444px\" sizes=\"auto, (max-width: 444px) 100vw, 444px\" aria-hidden=\"true\" \/>                    <!-- <img decoding=\"async\" width=\"444\" height=\"444\" src=\"https:\/\/freevpnplanet.com\/wp-content\/uploads\/2024\/07\/rvpn-no-spy.345c7111-20240701_151227_904235.svg\" class=\"attachment-full size-full\" alt=\"\" style=\"max-width:444px\" \/> -->\n                <\/figure>\n            <\/div>\n        \n            <\/div>\n<\/section>","protected":false},"excerpt":{"rendered":"","protected":false},"author":39,"featured_media":0,"parent":0,"menu_order":0,"comment_status":"closed","ping_status":"closed","template":"templates\/page_template-basic_for_gutenberg.php","meta":{"_acf_changed":false,"inline_featured_image":false,"footnotes":""},"download_by_lite_tag":[],"class_list":["post-101959","page","type-page","status-publish","hentry"],"yoast_head":"<!-- This site is optimized with the Yoast SEO plugin v22.6 - https:\/\/yoast.com\/wordpress\/plugins\/seo\/ -->\n<title>VPN gratuita para prote\u00e7\u00e3o da Internet - Proteja seus dados online<\/title>\n<meta name=\"description\" content=\"Proteja-se contra bisbilhoteiros online. Oculte sua atividade on-line de pessoas n\u00e3o autorizadas usando Planet VPN, prote\u00e7\u00e3o confi\u00e1vel.\" \/>\n<meta name=\"robots\" content=\"index, follow, max-snippet:-1, max-image-preview:large, max-video-preview:-1\" \/>\n<link rel=\"canonical\" href=\"https:\/\/freevpnplanet.com\/pt\/data-protection-security\/\" \/>\n<meta property=\"og:locale\" content=\"pt_PT\" \/>\n<meta property=\"og:type\" content=\"article\" \/>\n<meta property=\"og:title\" content=\"VPN gratuita para prote\u00e7\u00e3o da Internet - Proteja seus dados online\" \/>\n<meta property=\"og:description\" content=\"Proteja-se contra bisbilhoteiros online. Oculte sua atividade on-line de pessoas n\u00e3o autorizadas usando Planet VPN, prote\u00e7\u00e3o confi\u00e1vel.\" \/>\n<meta property=\"og:url\" content=\"https:\/\/freevpnplanet.com\/pt\/data-protection-security\/\" \/>\n<meta property=\"og:site_name\" content=\"Planet VPN\" \/>\n<meta property=\"article:modified_time\" content=\"2025-07-18T07:51:38+00:00\" \/>\n<meta name=\"twitter:card\" content=\"summary_large_image\" \/>\n<script type=\"application\/ld+json\" class=\"yoast-schema-graph\">{\"@context\":\"https:\/\/schema.org\",\"@graph\":[{\"@type\":\"WebPage\",\"@id\":\"https:\/\/freevpnplanet.com\/pt\/data-protection-security\/\",\"url\":\"https:\/\/freevpnplanet.com\/pt\/data-protection-security\/\",\"name\":\"VPN gratuita para prote\u00e7\u00e3o da Internet - Proteja seus dados online\",\"isPartOf\":{\"@id\":\"https:\/\/freevpnplanet.com\/pt\/#website\"},\"datePublished\":\"2024-06-28T14:47:49+00:00\",\"dateModified\":\"2025-07-18T07:51:38+00:00\",\"description\":\"Proteja-se contra bisbilhoteiros online. Oculte sua atividade on-line de pessoas n\u00e3o autorizadas usando Planet VPN, prote\u00e7\u00e3o confi\u00e1vel.\",\"breadcrumb\":{\"@id\":\"https:\/\/freevpnplanet.com\/pt\/data-protection-security\/#breadcrumb\"},\"inLanguage\":\"pt\",\"potentialAction\":[{\"@type\":\"ReadAction\",\"target\":[\"https:\/\/freevpnplanet.com\/pt\/data-protection-security\/\"]}]},{\"@type\":\"BreadcrumbList\",\"@id\":\"https:\/\/freevpnplanet.com\/pt\/data-protection-security\/#breadcrumb\",\"itemListElement\":[{\"@type\":\"ListItem\",\"position\":1,\"name\":\"Home\",\"item\":\"https:\/\/freevpnplanet.com\/pt\/\"},{\"@type\":\"ListItem\",\"position\":2,\"name\":\"Data Protection Security\"}]},{\"@type\":\"WebSite\",\"@id\":\"https:\/\/freevpnplanet.com\/pt\/#website\",\"url\":\"https:\/\/freevpnplanet.com\/pt\/\",\"name\":\"Planet VPN \ud83d\udee1\ufe0f\ud83c\udf10 Free VPN\",\"description\":\"Free VPN\",\"potentialAction\":[{\"@type\":\"SearchAction\",\"target\":{\"@type\":\"EntryPoint\",\"urlTemplate\":\"https:\/\/freevpnplanet.com\/pt\/?s={search_term_string}\"},\"query-input\":\"required name=search_term_string\"}],\"inLanguage\":\"pt\",\"publisher\":{\"@id\":\"https:\/\/freevpnplanet.com\/pt\/#organization\"}},{\"@context\":\"https:\/\/schema.org\/\",\"@type\":\"SoftwareApplication\",\"name\":\"Planet VPN \ud83d\udee1\ufe0f\ud83c\udf10 Free VPN\",\"operatingSystem\":\"Windows, macOS, iOS, Android, Linux, Chrome\",\"applicationCategory\":\"SecurityApplication\",\"offers\":{\"@type\":\"AggregateOffer\",\"priceCurrency\":\"USD\",\"price\":\"0\",\"lowPrice\":\"0\",\"availability\":\"https:\/\/schema.org\/InStock\"},\"aggregateRating\":{\"@type\":\"AggregateRating\",\"ratingValue\":\"4.8\",\"bestRating\":\"5\",\"ratingCount\":\"12476\"}},{\"@type\":\"Organization\",\"@id\":\"https:\/\/freevpnplanet.com\/pt\/#organization\",\"url\":\"https:\/\/freevpnplanet.com\/pt\/\",\"name\":\"Planet VPN \ud83d\udee1\ufe0f\ud83c\udf10 Free VPN\"}]}<\/script>\n<!-- \/ Yoast SEO plugin. -->","yoast_head_json":{"title":"VPN gratuita para prote\u00e7\u00e3o da Internet - Proteja seus dados online","description":"Proteja-se contra bisbilhoteiros online. Oculte sua atividade on-line de pessoas n\u00e3o autorizadas usando Planet VPN, prote\u00e7\u00e3o confi\u00e1vel.","robots":{"index":"index","follow":"follow","max-snippet":"max-snippet:-1","max-image-preview":"max-image-preview:large","max-video-preview":"max-video-preview:-1"},"canonical":"https:\/\/freevpnplanet.com\/pt\/data-protection-security\/","og_locale":"pt_PT","og_type":"article","og_title":"VPN gratuita para prote\u00e7\u00e3o da Internet - Proteja seus dados online","og_description":"Proteja-se contra bisbilhoteiros online. Oculte sua atividade on-line de pessoas n\u00e3o autorizadas usando Planet VPN, prote\u00e7\u00e3o confi\u00e1vel.","og_url":"https:\/\/freevpnplanet.com\/pt\/data-protection-security\/","og_site_name":"Planet VPN","article_modified_time":"2025-07-18T07:51:38+00:00","twitter_card":"summary_large_image","schema":{"@context":"https:\/\/schema.org","@graph":[{"@type":"WebPage","@id":"https:\/\/freevpnplanet.com\/pt\/data-protection-security\/","url":"https:\/\/freevpnplanet.com\/pt\/data-protection-security\/","name":"VPN gratuita para prote\u00e7\u00e3o da Internet - Proteja seus dados online","isPartOf":{"@id":"https:\/\/freevpnplanet.com\/pt\/#website"},"datePublished":"2024-06-28T14:47:49+00:00","dateModified":"2025-07-18T07:51:38+00:00","description":"Proteja-se contra bisbilhoteiros online. Oculte sua atividade on-line de pessoas n\u00e3o autorizadas usando Planet VPN, prote\u00e7\u00e3o confi\u00e1vel.","breadcrumb":{"@id":"https:\/\/freevpnplanet.com\/pt\/data-protection-security\/#breadcrumb"},"inLanguage":"pt","potentialAction":[{"@type":"ReadAction","target":["https:\/\/freevpnplanet.com\/pt\/data-protection-security\/"]}]},{"@type":"BreadcrumbList","@id":"https:\/\/freevpnplanet.com\/pt\/data-protection-security\/#breadcrumb","itemListElement":[{"@type":"ListItem","position":1,"name":"Home","item":"https:\/\/freevpnplanet.com\/pt\/"},{"@type":"ListItem","position":2,"name":"Data Protection Security"}]},{"@type":"WebSite","@id":"https:\/\/freevpnplanet.com\/pt\/#website","url":"https:\/\/freevpnplanet.com\/pt\/","name":"Planet VPN \ud83d\udee1\ufe0f\ud83c\udf10 Free VPN","description":"Free VPN","potentialAction":[{"@type":"SearchAction","target":{"@type":"EntryPoint","urlTemplate":"https:\/\/freevpnplanet.com\/pt\/?s={search_term_string}"},"query-input":"required name=search_term_string"}],"inLanguage":"pt","publisher":{"@id":"https:\/\/freevpnplanet.com\/pt\/#organization"}},{"@context":"https:\/\/schema.org\/","@type":"SoftwareApplication","name":"Planet VPN \ud83d\udee1\ufe0f\ud83c\udf10 Free VPN","operatingSystem":"Windows, macOS, iOS, Android, Linux, Chrome","applicationCategory":"SecurityApplication","offers":{"@type":"AggregateOffer","priceCurrency":"USD","price":"0","lowPrice":"0","availability":"https:\/\/schema.org\/InStock"},"aggregateRating":{"@type":"AggregateRating","ratingValue":"4.8","bestRating":"5","ratingCount":"12476"}},{"@type":"Organization","@id":"https:\/\/freevpnplanet.com\/pt\/#organization","url":"https:\/\/freevpnplanet.com\/pt\/","name":"Planet VPN \ud83d\udee1\ufe0f\ud83c\udf10 Free VPN"}]}},"acf":[],"_links":{"self":[{"href":"https:\/\/freevpnplanet.com\/pt\/wp-json\/wp\/v2\/pages\/101959","targetHints":{"allow":["GET"]}}],"collection":[{"href":"https:\/\/freevpnplanet.com\/pt\/wp-json\/wp\/v2\/pages"}],"about":[{"href":"https:\/\/freevpnplanet.com\/pt\/wp-json\/wp\/v2\/types\/page"}],"author":[{"embeddable":true,"href":"https:\/\/freevpnplanet.com\/pt\/wp-json\/wp\/v2\/users\/39"}],"replies":[{"embeddable":true,"href":"https:\/\/freevpnplanet.com\/pt\/wp-json\/wp\/v2\/comments?post=101959"}],"version-history":[{"count":5,"href":"https:\/\/freevpnplanet.com\/pt\/wp-json\/wp\/v2\/pages\/101959\/revisions"}],"predecessor-version":[{"id":171386,"href":"https:\/\/freevpnplanet.com\/pt\/wp-json\/wp\/v2\/pages\/101959\/revisions\/171386"}],"wp:attachment":[{"href":"https:\/\/freevpnplanet.com\/pt\/wp-json\/wp\/v2\/media?parent=101959"}],"wp:term":[{"taxonomy":"download_by_lite_tag","embeddable":true,"href":"https:\/\/freevpnplanet.com\/pt\/wp-json\/wp\/v2\/download_by_lite_tag?post=101959"}],"curies":[{"name":"wp","href":"https:\/\/api.w.org\/{rel}","templated":true}]}}