{"id":79985,"date":"2024-03-01T13:18:24","date_gmt":"2024-03-01T10:18:24","guid":{"rendered":"https:\/\/content.freeplanetvpn.com\/?page_id=79985"},"modified":"2025-05-04T10:22:24","modified_gmt":"2025-05-04T07:22:24","slug":"popular","status":"publish","type":"page","link":"https:\/\/freevpnplanet.com\/pt\/blog\/popular\/","title":{"rendered":"Postagens populares"},"content":{"rendered":"","protected":false},"excerpt":{"rendered":"","protected":false},"author":13,"featured_media":0,"parent":128579,"menu_order":0,"comment_status":"closed","ping_status":"closed","template":"","meta":{"_acf_changed":false,"inline_featured_image":false,"footnotes":""},"download_by_lite_tag":[],"class_list":["post-79985","page","type-page","status-publish","hentry"],"yoast_head":"<!-- This site is optimized with the Yoast SEO plugin v22.6 - https:\/\/yoast.com\/wordpress\/plugins\/seo\/ -->\n<title>Postagens populares - Planet VPN<\/title>\n<meta name=\"description\" content=\"Explore o blog da PlanetVPN, o melhor servi\u00e7o de VPN gratuito. Aqui voc\u00ea encontrar\u00e1 artigos \u00fateis sobre como configurar e usar VPNs, garantir a seguran\u00e7a da sua internet e proteger seus dispositivos.\" \/>\n<meta name=\"robots\" content=\"index, follow, max-snippet:-1, max-image-preview:large, max-video-preview:-1\" \/>\n<link rel=\"canonical\" href=\"https:\/\/freevpnplanet.com\/pt\/blog\/popular\/\" \/>\n<meta property=\"og:locale\" content=\"pt_PT\" \/>\n<meta property=\"og:type\" content=\"article\" \/>\n<meta property=\"og:title\" content=\"Postagens populares - Planet VPN\" \/>\n<meta property=\"og:description\" content=\"Explore o blog da PlanetVPN, o melhor servi\u00e7o de VPN gratuito. Aqui voc\u00ea encontrar\u00e1 artigos \u00fateis sobre como configurar e usar VPNs, garantir a seguran\u00e7a da sua internet e proteger seus dispositivos.\" \/>\n<meta property=\"og:url\" content=\"https:\/\/freevpnplanet.com\/pt\/blog\/popular\/\" \/>\n<meta property=\"og:site_name\" content=\"Planet VPN\" \/>\n<meta property=\"article:modified_time\" content=\"2025-05-04T07:22:24+00:00\" \/>\n<meta name=\"twitter:card\" content=\"summary_large_image\" \/>\n<script type=\"application\/ld+json\" class=\"yoast-schema-graph\">{\"@context\":\"https:\/\/schema.org\",\"@graph\":[{\"@type\":\"WebPage\",\"@id\":\"https:\/\/freevpnplanet.com\/pt\/blog\/popular\/\",\"url\":\"https:\/\/freevpnplanet.com\/pt\/blog\/popular\/\",\"name\":\"Postagens populares - Planet VPN\",\"isPartOf\":{\"@id\":\"https:\/\/freevpnplanet.com\/pt\/#website\"},\"datePublished\":\"2024-03-01T10:18:24+00:00\",\"dateModified\":\"2025-05-04T07:22:24+00:00\",\"description\":\"Explore o blog da PlanetVPN, o melhor servi\u00e7o de VPN gratuito. Aqui voc\u00ea encontrar\u00e1 artigos \u00fateis sobre como configurar e usar VPNs, garantir a seguran\u00e7a da sua internet e proteger seus dispositivos.\",\"breadcrumb\":{\"@id\":\"https:\/\/freevpnplanet.com\/pt\/blog\/popular\/#breadcrumb\"},\"inLanguage\":\"pt\",\"potentialAction\":[{\"@type\":\"ReadAction\",\"target\":[\"https:\/\/freevpnplanet.com\/pt\/blog\/popular\/\"]}]},{\"@type\":\"BreadcrumbList\",\"@id\":\"https:\/\/freevpnplanet.com\/pt\/blog\/popular\/#breadcrumb\",\"itemListElement\":[{\"@type\":\"ListItem\",\"position\":1,\"name\":\"Home\",\"item\":\"https:\/\/freevpnplanet.com\/pt\/\"},{\"@type\":\"ListItem\",\"position\":2,\"name\":\"Blogue PlanetVPN: Guias \u00fateis e dicas de seguran\u00e7a\",\"item\":\"https:\/\/freevpnplanet.com\/pt\/blog\/\"},{\"@type\":\"ListItem\",\"position\":3,\"name\":\"Postagens populares\"}]},{\"@type\":\"WebSite\",\"@id\":\"https:\/\/freevpnplanet.com\/pt\/#website\",\"url\":\"https:\/\/freevpnplanet.com\/pt\/\",\"name\":\"Planet VPN \ud83d\udee1\ufe0f\ud83c\udf10 Free VPN\",\"description\":\"Free VPN\",\"potentialAction\":[{\"@type\":\"SearchAction\",\"target\":{\"@type\":\"EntryPoint\",\"urlTemplate\":\"https:\/\/freevpnplanet.com\/pt\/?s={search_term_string}\"},\"query-input\":\"required name=search_term_string\"}],\"inLanguage\":\"pt\",\"publisher\":{\"@id\":\"https:\/\/freevpnplanet.com\/pt\/#organization\"}},{\"@context\":\"https:\/\/schema.org\/\",\"@type\":\"SoftwareApplication\",\"name\":\"Planet VPN \ud83d\udee1\ufe0f\ud83c\udf10 Free VPN\",\"operatingSystem\":\"Windows, macOS, iOS, Android, Linux, Chrome\",\"applicationCategory\":\"SecurityApplication\",\"offers\":{\"@type\":\"AggregateOffer\",\"priceCurrency\":\"USD\",\"price\":\"0\",\"lowPrice\":\"0\",\"availability\":\"https:\/\/schema.org\/InStock\"},\"aggregateRating\":{\"@type\":\"AggregateRating\",\"ratingValue\":\"4.8\",\"bestRating\":\"5\",\"ratingCount\":\"12476\"}},{\"@type\":\"Organization\",\"@id\":\"https:\/\/freevpnplanet.com\/pt\/#organization\",\"url\":\"https:\/\/freevpnplanet.com\/pt\/\",\"name\":\"Planet VPN \ud83d\udee1\ufe0f\ud83c\udf10 Free VPN\"}]}<\/script>\n<!-- \/ Yoast SEO plugin. -->","yoast_head_json":{"title":"Postagens populares - Planet VPN","description":"Explore o blog da PlanetVPN, o melhor servi\u00e7o de VPN gratuito. Aqui voc\u00ea encontrar\u00e1 artigos \u00fateis sobre como configurar e usar VPNs, garantir a seguran\u00e7a da sua internet e proteger seus dispositivos.","robots":{"index":"index","follow":"follow","max-snippet":"max-snippet:-1","max-image-preview":"max-image-preview:large","max-video-preview":"max-video-preview:-1"},"canonical":"https:\/\/freevpnplanet.com\/pt\/blog\/popular\/","og_locale":"pt_PT","og_type":"article","og_title":"Postagens populares - Planet VPN","og_description":"Explore o blog da PlanetVPN, o melhor servi\u00e7o de VPN gratuito. Aqui voc\u00ea encontrar\u00e1 artigos \u00fateis sobre como configurar e usar VPNs, garantir a seguran\u00e7a da sua internet e proteger seus dispositivos.","og_url":"https:\/\/freevpnplanet.com\/pt\/blog\/popular\/","og_site_name":"Planet VPN","article_modified_time":"2025-05-04T07:22:24+00:00","twitter_card":"summary_large_image","schema":{"@context":"https:\/\/schema.org","@graph":[{"@type":"WebPage","@id":"https:\/\/freevpnplanet.com\/pt\/blog\/popular\/","url":"https:\/\/freevpnplanet.com\/pt\/blog\/popular\/","name":"Postagens populares - Planet VPN","isPartOf":{"@id":"https:\/\/freevpnplanet.com\/pt\/#website"},"datePublished":"2024-03-01T10:18:24+00:00","dateModified":"2025-05-04T07:22:24+00:00","description":"Explore o blog da PlanetVPN, o melhor servi\u00e7o de VPN gratuito. Aqui voc\u00ea encontrar\u00e1 artigos \u00fateis sobre como configurar e usar VPNs, garantir a seguran\u00e7a da sua internet e proteger seus dispositivos.","breadcrumb":{"@id":"https:\/\/freevpnplanet.com\/pt\/blog\/popular\/#breadcrumb"},"inLanguage":"pt","potentialAction":[{"@type":"ReadAction","target":["https:\/\/freevpnplanet.com\/pt\/blog\/popular\/"]}]},{"@type":"BreadcrumbList","@id":"https:\/\/freevpnplanet.com\/pt\/blog\/popular\/#breadcrumb","itemListElement":[{"@type":"ListItem","position":1,"name":"Home","item":"https:\/\/freevpnplanet.com\/pt\/"},{"@type":"ListItem","position":2,"name":"Blogue PlanetVPN: Guias \u00fateis e dicas de seguran\u00e7a","item":"https:\/\/freevpnplanet.com\/pt\/blog\/"},{"@type":"ListItem","position":3,"name":"Postagens populares"}]},{"@type":"WebSite","@id":"https:\/\/freevpnplanet.com\/pt\/#website","url":"https:\/\/freevpnplanet.com\/pt\/","name":"Planet VPN \ud83d\udee1\ufe0f\ud83c\udf10 Free VPN","description":"Free VPN","potentialAction":[{"@type":"SearchAction","target":{"@type":"EntryPoint","urlTemplate":"https:\/\/freevpnplanet.com\/pt\/?s={search_term_string}"},"query-input":"required name=search_term_string"}],"inLanguage":"pt","publisher":{"@id":"https:\/\/freevpnplanet.com\/pt\/#organization"}},{"@context":"https:\/\/schema.org\/","@type":"SoftwareApplication","name":"Planet VPN \ud83d\udee1\ufe0f\ud83c\udf10 Free VPN","operatingSystem":"Windows, macOS, iOS, Android, Linux, Chrome","applicationCategory":"SecurityApplication","offers":{"@type":"AggregateOffer","priceCurrency":"USD","price":"0","lowPrice":"0","availability":"https:\/\/schema.org\/InStock"},"aggregateRating":{"@type":"AggregateRating","ratingValue":"4.8","bestRating":"5","ratingCount":"12476"}},{"@type":"Organization","@id":"https:\/\/freevpnplanet.com\/pt\/#organization","url":"https:\/\/freevpnplanet.com\/pt\/","name":"Planet VPN \ud83d\udee1\ufe0f\ud83c\udf10 Free VPN"}]}},"acf":[],"_links":{"self":[{"href":"https:\/\/freevpnplanet.com\/pt\/wp-json\/wp\/v2\/pages\/79985","targetHints":{"allow":["GET"]}}],"collection":[{"href":"https:\/\/freevpnplanet.com\/pt\/wp-json\/wp\/v2\/pages"}],"about":[{"href":"https:\/\/freevpnplanet.com\/pt\/wp-json\/wp\/v2\/types\/page"}],"author":[{"embeddable":true,"href":"https:\/\/freevpnplanet.com\/pt\/wp-json\/wp\/v2\/users\/13"}],"replies":[{"embeddable":true,"href":"https:\/\/freevpnplanet.com\/pt\/wp-json\/wp\/v2\/comments?post=79985"}],"version-history":[{"count":1,"href":"https:\/\/freevpnplanet.com\/pt\/wp-json\/wp\/v2\/pages\/79985\/revisions"}],"predecessor-version":[{"id":158988,"href":"https:\/\/freevpnplanet.com\/pt\/wp-json\/wp\/v2\/pages\/79985\/revisions\/158988"}],"up":[{"embeddable":true,"href":"https:\/\/freevpnplanet.com\/pt\/wp-json\/wp\/v2\/pages\/128579"}],"wp:attachment":[{"href":"https:\/\/freevpnplanet.com\/pt\/wp-json\/wp\/v2\/media?parent=79985"}],"wp:term":[{"taxonomy":"download_by_lite_tag","embeddable":true,"href":"https:\/\/freevpnplanet.com\/pt\/wp-json\/wp\/v2\/download_by_lite_tag?post=79985"}],"curies":[{"name":"wp","href":"https:\/\/api.w.org\/{rel}","templated":true}]}}