{"id":96938,"date":"2024-05-16T18:58:36","date_gmt":"2024-05-16T15:58:36","guid":{"rendered":"https:\/\/help.freeplanetvpn.com\/instagram\/"},"modified":"2025-02-18T17:31:25","modified_gmt":"2025-02-18T14:31:25","slug":"instagram","status":"publish","type":"page","link":"https:\/\/freevpnplanet.com\/pt\/instagram\/","title":{"rendered":"Instagram"},"content":{"rendered":"\n<section class=\"image-text custom-block align-full   mobile-image-top mobile-title-center  header-size-medium text-size-small   content-left\" style='overflow: hidden;;--background-color:var(--white); --text-color:var(--black);--min-height-mobile:400px;--min-height-desktop:580px;--content-width:50%'>\n\n    <div class=\"gutenberg-block-background\"><\/div>\n    <div class=\"image-text__inner inner-container\">\n\n        \n                    <div class=\"image-text__content\">\n\n                <h1>A melhor VPN gr\u00e1tis para Instagram em 2026<\/h1>\n<p>Agora voc\u00ea sempre pode acessar o Instagram para continuar os neg\u00f3cios por meio de sua conta e se comunicar com amigos e seguidores como de costume. E seus dados s\u00e3o criptografados porque usando uma conex\u00e3o segura, voc\u00ea ser\u00e1 capaz de evitar a interfer\u00eancia de terceiros.<\/p>\n                                    <div class=\"image-text__cta\">\n                        <a href=\"\/pt\/plans\/\" target=\"_self\" id=\"qa-hero-cta-btn\" class=\"cta download-by-platform cta--with-border cta-size--small cta-mt--initial has-icon icon-position--icon-right\" style=\"--button-background-color: var(--red);--button-background-color-hover: var(--red-hover);--button-background-color-pressed: var(--red-pressed);--border-radius:40px\"><svg width=\"23\" height=\"18\" viewBox=\"0 0 23 18\" fill=\"none\" xmlns=\"http:\/\/www.w3.org\/2000\/svg\">\n<path d=\"M17.7836 6.6595C17.7398 3.68266 15.1238 1.27338 11.9145 1.27338C10.4869 1.27338 9.11155 1.75662 8.04185 2.6341C7.08715 3.4172 6.43407 4.4637 6.17544 5.61266C6.15654 5.61247 6.13782 5.61232 6.11913 5.61232C3.37727 5.61236 1.14648 7.68815 1.14648 10.2396C1.14648 12.7911 3.37727 14.8668 6.11917 14.8668H7.94424C8.19131 14.8668 8.39171 14.6804 8.39171 14.4505C8.39171 14.2205 8.19131 14.0341 7.94424 14.0341H6.11917C3.87068 14.0341 2.04144 12.3319 2.04144 10.2396C2.04144 8.14733 3.87068 6.44515 6.11917 6.44515C6.23896 6.44515 6.36559 6.45114 6.50636 6.46345C6.74496 6.48405 6.95917 6.32632 6.99166 6.10514C7.1528 5.00609 7.73593 3.99525 8.63367 3.25883C9.53981 2.5155 10.7049 2.10617 11.9145 2.10617C14.6576 2.10617 16.8892 4.1828 16.8892 6.73532C16.8892 6.82722 16.8708 7.06488 16.8708 7.06488C16.8615 7.18737 16.9107 7.30745 17.0055 7.39299C17.1001 7.47853 17.2304 7.5207 17.3619 7.50854C17.4809 7.49736 17.601 7.49176 17.7188 7.49176C19.6571 7.49176 21.2341 8.95919 21.2341 10.7629C21.2341 12.5666 19.6571 14.034 17.7188 14.034H15.7147C15.4676 14.034 15.2672 14.2204 15.2672 14.4504C15.2672 14.6804 15.4676 14.8668 15.7147 14.8668H17.7188C20.1506 14.8668 22.129 13.0258 22.129 10.7629C22.129 8.52026 20.1856 6.69192 17.7836 6.6595Z\" fill=\"white\"\/>\n<path d=\"M12.7449 4.39177C10.8737 4.39177 9.27203 5.69297 9.01909 7.41842C8.98569 7.64627 9.15724 7.85552 9.40198 7.88729C9.66295 7.92115 9.87523 7.73974 9.90585 7.53099C10.0985 6.21614 11.3191 5.2246 12.7449 5.2246C12.992 5.2246 13.1924 5.0382 13.1924 4.80821C13.1924 4.57818 12.992 4.39177 12.7449 4.39177Z\" fill=\"white\"\/>\n<path d=\"M13.9851 15.1566C13.8205 14.9851 13.5376 14.9702 13.3532 15.1235L12.2769 16.0182V10.8955C12.2769 10.6656 12.0765 10.4791 11.8294 10.4791C11.5822 10.4791 11.3819 10.6656 11.3819 10.8955V16.0182L10.3056 15.1234C10.1213 14.9702 9.83834 14.9851 9.67376 15.1565C9.5091 15.3281 9.525 15.5912 9.70934 15.7445L11.337 17.0976C11.4774 17.2144 11.6533 17.2727 11.8293 17.2727C12.0053 17.2727 12.1813 17.2143 12.3217 17.0977L13.9494 15.7445C14.1338 15.5914 14.1497 15.3281 13.9851 15.1566Z\" fill=\"white\"\/>\n<path d=\"M17.7836 6.6595C17.7398 3.68266 15.1238 1.27338 11.9145 1.27338C10.4869 1.27338 9.11155 1.75662 8.04185 2.6341C7.08715 3.4172 6.43407 4.4637 6.17544 5.61266C6.15654 5.61247 6.13782 5.61232 6.11913 5.61232C3.37727 5.61236 1.14648 7.68815 1.14648 10.2396C1.14648 12.7911 3.37727 14.8668 6.11917 14.8668H7.94424C8.19131 14.8668 8.39171 14.6804 8.39171 14.4505C8.39171 14.2205 8.19131 14.0341 7.94424 14.0341H6.11917C3.87068 14.0341 2.04144 12.3319 2.04144 10.2396C2.04144 8.14733 3.87068 6.44515 6.11917 6.44515C6.23896 6.44515 6.36559 6.45114 6.50636 6.46345C6.74496 6.48405 6.95917 6.32632 6.99166 6.10514C7.1528 5.00609 7.73593 3.99525 8.63367 3.25883C9.53981 2.5155 10.7049 2.10617 11.9145 2.10617C14.6576 2.10617 16.8892 4.1828 16.8892 6.73532C16.8892 6.82722 16.8708 7.06488 16.8708 7.06488C16.8615 7.18737 16.9107 7.30745 17.0055 7.39299C17.1001 7.47853 17.2304 7.5207 17.3619 7.50854C17.4809 7.49736 17.601 7.49176 17.7188 7.49176C19.6571 7.49176 21.2341 8.95919 21.2341 10.7629C21.2341 12.5666 19.6571 14.034 17.7188 14.034H15.7147C15.4676 14.034 15.2672 14.2204 15.2672 14.4504C15.2672 14.6804 15.4676 14.8668 15.7147 14.8668H17.7188C20.1506 14.8668 22.129 13.0258 22.129 10.7629C22.129 8.52026 20.1856 6.69192 17.7836 6.6595Z\" stroke=\"white\"\/>\n<path d=\"M12.7449 4.39177C10.8737 4.39177 9.27203 5.69297 9.01909 7.41842C8.98569 7.64627 9.15724 7.85552 9.40198 7.88729C9.66295 7.92115 9.87523 7.73974 9.90585 7.53099C10.0985 6.21614 11.3191 5.2246 12.7449 5.2246C12.992 5.2246 13.1924 5.0382 13.1924 4.80821C13.1924 4.57818 12.992 4.39177 12.7449 4.39177Z\" stroke=\"white\"\/>\n<path d=\"M13.9851 15.1566C13.8205 14.9851 13.5376 14.9702 13.3532 15.1235L12.2769 16.0182V10.8955C12.2769 10.6656 12.0765 10.4791 11.8294 10.4791C11.5822 10.4791 11.3819 10.6656 11.3819 10.8955V16.0182L10.3056 15.1234C10.1213 14.9702 9.83834 14.9851 9.67376 15.1565C9.5091 15.3281 9.525 15.5912 9.70934 15.7445L11.337 17.0976C11.4774 17.2144 11.6533 17.2727 11.8293 17.2727C12.0053 17.2727 12.1813 17.2143 12.3217 17.0977L13.9494 15.7445C14.1338 15.5914 14.1497 15.3281 13.9851 15.1566Z\" stroke=\"white\"\/>\n<\/svg>\n<span class=\"cta__name\">VPN gr\u00e1tis para <span class=\"download-by-platform__platform-name\">Windows<\/span><\/span><\/a>                    <\/div>\n                \n            <\/div>\n        \n                    <div class=\"bg-image-wrapper bg-image-wrapper--desktop right image-align--center\">\n                <figure style='--image-max-width:1000px;--image-opacity:1.00;width: calc(44% - 20px)'>\n                    <img decoding=\"async\" width=\"582\" height=\"450\" src=\"https:\/\/freevpnplanet.com\/wp-content\/uploads\/2024\/05\/rvpn-hero-image.5c71b051-20240519_002205_480771.png\" class=\"bg-image\" alt=\"Background Image for Desktop\" \/>                <\/figure>\n            <\/div>\n        \n                    <div class=\"bg-image-wrapper bg-image-wrapper--mobile regular-image\">\n                <figure style='width: 90%;max-width: 480px;opacity: 1.00;margin-top: 24px'>\n                    <img decoding=\"async\" width=\"582\" height=\"450\" src=\"https:\/\/freevpnplanet.com\/wp-content\/uploads\/2024\/05\/rvpn-hero-image.5c71b051-20240519_002205_480771.png\" class=\"bg-image\" alt=\"Background Image for Mobile\" \/>                <\/figure>\n            <\/div>\n            <\/div>\n<\/section>\n\n\n<section class=\"wrapper custom-block align-full    \" style='--background-color:var(--dark-blue-8)'>\n\n    <div class=\"gutenberg-block-background\"><\/div>\n    <div class=\"wrapper__inner inner-container\">\n        \n\n<p>Utilizar o Instagram atrav\u00e9s de VPN \u00e9 a capacidade de se manter em contacto com os seus seguidores e amigos em todo o mundo. \u00c9 a capacidade de continuar os neg\u00f3cios atrav\u00e9s da sua conta, fazer hist\u00f3rias, ver e publicar bobinas, e trabalhar com a conta de publicidade. Com o Planet VPN, pode fazer um blogue, promover a sua conta da forma a que est\u00e1 habitualmente habituado e, ao mesmo tempo, tem v\u00e1rias vantagens.<\/p>\n\n\n\n<p>Devido \u00e0s proibi\u00e7\u00f5es actuais, utilizar a nossa VPN gratuita para instagram \u00e9 a \u00fanica forma de aceder \u00e0 sua rede social favorita. Pode fazer o download diretamente nesta p\u00e1gina, clicando no bot\u00e3o acima. O registo e a introdu\u00e7\u00e3o de dados pessoais n\u00e3o s\u00e3o necess\u00e1rios.<\/p>\n\n\n\n<h2 class=\"wp-block-heading\">Se ainda duvida que o Instagram vai funcionar via VPN, ent\u00e3o garantimos-lhe &#8211; vai funcionar!<\/h2>\n\n\n\n<p>O Planet VPN \u00e9 um canal seguro entre a Internet e o seu smartphone, tablet ou PC.<\/p>\n\n\n\n<p>Ao utilizar uma liga\u00e7\u00e3o segura, pode evitar interfer\u00eancias de terceiros ou s\u00edtios maliciosos quando se liga a redes de Internet abertas em caf\u00e9s, aeroportos, esta\u00e7\u00f5es de servi\u00e7o, centros comerciais e outros pontos de acesso Wi-Fi p\u00fablicos. Poder\u00e1 utilizar as informa\u00e7\u00f5es sem censura, encriptar o seu tr\u00e1fego na Internet e, assim, proteger a sua privacidade.<\/p>\n\n\n\n<section class=\"banner custom-block align-wide \">\n    <div class=\"banner__inner inner-container\">\n        <div class=\"banner__content\">\n                            <div class=\"banner__title\">\n                    <h3>Configure o Planet VPN para INSTAGRAM agora<\/h3>\n                <\/div>\n            \n                            <div class=\"banner__text\">\n                    <ul>\n<li>Servidores r\u00e1pidos<\/li>\n<li>Sem an\u00fancios<\/li>\n<li>Suporte t\u00e9cnico<\/li>\n<\/ul>\n<ul>\n<li>N\u00e3o \u00e9 necess\u00e1rio registro<\/li>\n<li>Sem registros ou coleta de dados pessoais<\/li>\n<li>Aplicativos ou arquivos de configura\u00e7\u00e3o para qualquer dispositivo<\/li>\n<\/ul>                <\/div>\n            \n                            <div class=\"banner__cta\">\n                                            <a href=\"\/pt\/plans\/\" target=\"_self\" id=\"qa-banner-mid-cta\" class=\"cta download-by-platform cta--with-border cta-size--small cta-mt--initial has-icon icon-position--icon-right\" style=\"--button-background-color: var(--red);--button-background-color-hover: var(--red-hover);--button-background-color-pressed: var(--red-pressed);--border-radius:40px\"><svg width=\"23\" height=\"18\" viewBox=\"0 0 23 18\" fill=\"none\" xmlns=\"http:\/\/www.w3.org\/2000\/svg\">\n<path d=\"M17.7836 6.6595C17.7398 3.68266 15.1238 1.27338 11.9145 1.27338C10.4869 1.27338 9.11155 1.75662 8.04185 2.6341C7.08715 3.4172 6.43407 4.4637 6.17544 5.61266C6.15654 5.61247 6.13782 5.61232 6.11913 5.61232C3.37727 5.61236 1.14648 7.68815 1.14648 10.2396C1.14648 12.7911 3.37727 14.8668 6.11917 14.8668H7.94424C8.19131 14.8668 8.39171 14.6804 8.39171 14.4505C8.39171 14.2205 8.19131 14.0341 7.94424 14.0341H6.11917C3.87068 14.0341 2.04144 12.3319 2.04144 10.2396C2.04144 8.14733 3.87068 6.44515 6.11917 6.44515C6.23896 6.44515 6.36559 6.45114 6.50636 6.46345C6.74496 6.48405 6.95917 6.32632 6.99166 6.10514C7.1528 5.00609 7.73593 3.99525 8.63367 3.25883C9.53981 2.5155 10.7049 2.10617 11.9145 2.10617C14.6576 2.10617 16.8892 4.1828 16.8892 6.73532C16.8892 6.82722 16.8708 7.06488 16.8708 7.06488C16.8615 7.18737 16.9107 7.30745 17.0055 7.39299C17.1001 7.47853 17.2304 7.5207 17.3619 7.50854C17.4809 7.49736 17.601 7.49176 17.7188 7.49176C19.6571 7.49176 21.2341 8.95919 21.2341 10.7629C21.2341 12.5666 19.6571 14.034 17.7188 14.034H15.7147C15.4676 14.034 15.2672 14.2204 15.2672 14.4504C15.2672 14.6804 15.4676 14.8668 15.7147 14.8668H17.7188C20.1506 14.8668 22.129 13.0258 22.129 10.7629C22.129 8.52026 20.1856 6.69192 17.7836 6.6595Z\" fill=\"white\"\/>\n<path d=\"M12.7449 4.39177C10.8737 4.39177 9.27203 5.69297 9.01909 7.41842C8.98569 7.64627 9.15724 7.85552 9.40198 7.88729C9.66295 7.92115 9.87523 7.73974 9.90585 7.53099C10.0985 6.21614 11.3191 5.2246 12.7449 5.2246C12.992 5.2246 13.1924 5.0382 13.1924 4.80821C13.1924 4.57818 12.992 4.39177 12.7449 4.39177Z\" fill=\"white\"\/>\n<path d=\"M13.9851 15.1566C13.8205 14.9851 13.5376 14.9702 13.3532 15.1235L12.2769 16.0182V10.8955C12.2769 10.6656 12.0765 10.4791 11.8294 10.4791C11.5822 10.4791 11.3819 10.6656 11.3819 10.8955V16.0182L10.3056 15.1234C10.1213 14.9702 9.83834 14.9851 9.67376 15.1565C9.5091 15.3281 9.525 15.5912 9.70934 15.7445L11.337 17.0976C11.4774 17.2144 11.6533 17.2727 11.8293 17.2727C12.0053 17.2727 12.1813 17.2143 12.3217 17.0977L13.9494 15.7445C14.1338 15.5914 14.1497 15.3281 13.9851 15.1566Z\" fill=\"white\"\/>\n<path d=\"M17.7836 6.6595C17.7398 3.68266 15.1238 1.27338 11.9145 1.27338C10.4869 1.27338 9.11155 1.75662 8.04185 2.6341C7.08715 3.4172 6.43407 4.4637 6.17544 5.61266C6.15654 5.61247 6.13782 5.61232 6.11913 5.61232C3.37727 5.61236 1.14648 7.68815 1.14648 10.2396C1.14648 12.7911 3.37727 14.8668 6.11917 14.8668H7.94424C8.19131 14.8668 8.39171 14.6804 8.39171 14.4505C8.39171 14.2205 8.19131 14.0341 7.94424 14.0341H6.11917C3.87068 14.0341 2.04144 12.3319 2.04144 10.2396C2.04144 8.14733 3.87068 6.44515 6.11917 6.44515C6.23896 6.44515 6.36559 6.45114 6.50636 6.46345C6.74496 6.48405 6.95917 6.32632 6.99166 6.10514C7.1528 5.00609 7.73593 3.99525 8.63367 3.25883C9.53981 2.5155 10.7049 2.10617 11.9145 2.10617C14.6576 2.10617 16.8892 4.1828 16.8892 6.73532C16.8892 6.82722 16.8708 7.06488 16.8708 7.06488C16.8615 7.18737 16.9107 7.30745 17.0055 7.39299C17.1001 7.47853 17.2304 7.5207 17.3619 7.50854C17.4809 7.49736 17.601 7.49176 17.7188 7.49176C19.6571 7.49176 21.2341 8.95919 21.2341 10.7629C21.2341 12.5666 19.6571 14.034 17.7188 14.034H15.7147C15.4676 14.034 15.2672 14.2204 15.2672 14.4504C15.2672 14.6804 15.4676 14.8668 15.7147 14.8668H17.7188C20.1506 14.8668 22.129 13.0258 22.129 10.7629C22.129 8.52026 20.1856 6.69192 17.7836 6.6595Z\" stroke=\"white\"\/>\n<path d=\"M12.7449 4.39177C10.8737 4.39177 9.27203 5.69297 9.01909 7.41842C8.98569 7.64627 9.15724 7.85552 9.40198 7.88729C9.66295 7.92115 9.87523 7.73974 9.90585 7.53099C10.0985 6.21614 11.3191 5.2246 12.7449 5.2246C12.992 5.2246 13.1924 5.0382 13.1924 4.80821C13.1924 4.57818 12.992 4.39177 12.7449 4.39177Z\" stroke=\"white\"\/>\n<path d=\"M13.9851 15.1566C13.8205 14.9851 13.5376 14.9702 13.3532 15.1235L12.2769 16.0182V10.8955C12.2769 10.6656 12.0765 10.4791 11.8294 10.4791C11.5822 10.4791 11.3819 10.6656 11.3819 10.8955V16.0182L10.3056 15.1234C10.1213 14.9702 9.83834 14.9851 9.67376 15.1565C9.5091 15.3281 9.525 15.5912 9.70934 15.7445L11.337 17.0976C11.4774 17.2144 11.6533 17.2727 11.8293 17.2727C12.0053 17.2727 12.1813 17.2143 12.3217 17.0977L13.9494 15.7445C14.1338 15.5914 14.1497 15.3281 13.9851 15.1566Z\" stroke=\"white\"\/>\n<\/svg>\n<span class=\"cta__name\">VPN gr\u00e1tis para <span class=\"download-by-platform__platform-name\">Windows<\/span><\/span><\/a>                                    <\/div>\n                    <\/div>\n    <\/div>\n<\/section>\n\n\n<p>O nosso servi\u00e7o n\u00e3o rastreia dados e n\u00e3o armazena informa\u00e7\u00f5es sobre as liga\u00e7\u00f5es. O servi\u00e7o fornece-lhe gratuitamente 5 servidores \u00e0 sua escolha, sem limites de tr\u00e1fego e de velocidade.<\/p>\n\n\n\n<p>Pode tamb\u00e9m ativar contas Premium com acesso a mais de 1260 servidores em mais de 60 pa\u00edses.<\/p>\n\n\n\n<p>Descarregue o Planet VPN e instale-o no seu computador pessoal ou smartphone sem registo. O nosso servi\u00e7o suporta todos os sistemas operativos.<\/p>\n\n\n\n<p>Ao iniciar a aplica\u00e7\u00e3o da VPN gratuita para o Instagram, s\u00f3 ter\u00e1 de escolher um dos servidores de que gosta e iniciar sess\u00e3o na sua conta para continuar a comunicar ou trabalhar.<\/p>\n\n\n    <\/div>\n\n<\/section>","protected":false},"excerpt":{"rendered":"","protected":false},"author":13,"featured_media":0,"parent":0,"menu_order":0,"comment_status":"closed","ping_status":"closed","template":"landing-gaming.php","meta":{"_acf_changed":false,"inline_featured_image":false,"footnotes":""},"download_by_lite_tag":[],"class_list":["post-96938","page","type-page","status-publish","hentry"],"yoast_head":"<!-- This site is optimized with the Yoast SEO plugin v22.6 - https:\/\/yoast.com\/wordpress\/plugins\/seo\/ -->\n<title>A melhor VPN gr\u00e1tis para Instagram em 2026<\/title>\n<meta name=\"description\" content=\"Fa\u00e7a o download da Planet VPN e instale-o no seu computador pessoal ou smartphone sem registro para acessar o Instagram. \u00c9 a melhor VPN gratuita para Instagram em 2026\" \/>\n<meta name=\"robots\" content=\"index, follow, max-snippet:-1, max-image-preview:large, max-video-preview:-1\" \/>\n<link rel=\"canonical\" href=\"https:\/\/freevpnplanet.com\/pt\/instagram\/\" \/>\n<meta property=\"og:locale\" content=\"pt_PT\" \/>\n<meta property=\"og:type\" content=\"article\" \/>\n<meta property=\"og:title\" content=\"A melhor VPN gr\u00e1tis para Instagram em 2026\" \/>\n<meta property=\"og:description\" content=\"Fa\u00e7a o download da Planet VPN e instale-o no seu computador pessoal ou smartphone sem registro para acessar o Instagram. \u00c9 a melhor VPN gratuita para Instagram em 2026\" \/>\n<meta property=\"og:url\" content=\"https:\/\/freevpnplanet.com\/pt\/instagram\/\" \/>\n<meta property=\"og:site_name\" content=\"Planet VPN\" \/>\n<meta property=\"article:modified_time\" content=\"2025-02-18T14:31:25+00:00\" \/>\n<meta name=\"twitter:card\" content=\"summary_large_image\" \/>\n<meta name=\"twitter:label1\" content=\"Est. reading time\" \/>\n\t<meta name=\"twitter:data1\" content=\"2 minutes\" \/>\n<script type=\"application\/ld+json\" class=\"yoast-schema-graph\">{\"@context\":\"https:\/\/schema.org\",\"@graph\":[{\"@type\":\"WebPage\",\"@id\":\"https:\/\/freevpnplanet.com\/pt\/instagram\/\",\"url\":\"https:\/\/freevpnplanet.com\/pt\/instagram\/\",\"name\":\"A melhor VPN gr\u00e1tis para Instagram em 2026\",\"isPartOf\":{\"@id\":\"https:\/\/freevpnplanet.com\/pt\/#website\"},\"datePublished\":\"2024-05-16T15:58:36+00:00\",\"dateModified\":\"2025-02-18T14:31:25+00:00\",\"description\":\"Fa\u00e7a o download da Planet VPN e instale-o no seu computador pessoal ou smartphone sem registro para acessar o Instagram. \u00c9 a melhor VPN gratuita para Instagram em 2026\",\"breadcrumb\":{\"@id\":\"https:\/\/freevpnplanet.com\/pt\/instagram\/#breadcrumb\"},\"inLanguage\":\"pt\",\"potentialAction\":[{\"@type\":\"ReadAction\",\"target\":[\"https:\/\/freevpnplanet.com\/pt\/instagram\/\"]}]},{\"@type\":\"BreadcrumbList\",\"@id\":\"https:\/\/freevpnplanet.com\/pt\/instagram\/#breadcrumb\",\"itemListElement\":[{\"@type\":\"ListItem\",\"position\":1,\"name\":\"Home\",\"item\":\"https:\/\/freevpnplanet.com\/pt\/\"},{\"@type\":\"ListItem\",\"position\":2,\"name\":\"Instagram\"}]},{\"@type\":\"WebSite\",\"@id\":\"https:\/\/freevpnplanet.com\/pt\/#website\",\"url\":\"https:\/\/freevpnplanet.com\/pt\/\",\"name\":\"Planet VPN \ud83d\udee1\ufe0f\ud83c\udf10 Free VPN\",\"description\":\"Free VPN\",\"potentialAction\":[{\"@type\":\"SearchAction\",\"target\":{\"@type\":\"EntryPoint\",\"urlTemplate\":\"https:\/\/freevpnplanet.com\/pt\/?s={search_term_string}\"},\"query-input\":\"required name=search_term_string\"}],\"inLanguage\":\"pt\",\"publisher\":{\"@id\":\"https:\/\/freevpnplanet.com\/pt\/#organization\"}},{\"@context\":\"https:\/\/schema.org\/\",\"@type\":\"SoftwareApplication\",\"name\":\"Planet VPN \ud83d\udee1\ufe0f\ud83c\udf10 Free VPN\",\"operatingSystem\":\"Windows, macOS, iOS, Android, Linux, Chrome\",\"applicationCategory\":\"SecurityApplication\",\"offers\":{\"@type\":\"AggregateOffer\",\"priceCurrency\":\"USD\",\"price\":\"0\",\"lowPrice\":\"0\",\"availability\":\"https:\/\/schema.org\/InStock\"},\"aggregateRating\":{\"@type\":\"AggregateRating\",\"ratingValue\":\"4.8\",\"bestRating\":\"5\",\"ratingCount\":\"12476\"}},{\"@type\":\"Organization\",\"@id\":\"https:\/\/freevpnplanet.com\/pt\/#organization\",\"url\":\"https:\/\/freevpnplanet.com\/pt\/\",\"name\":\"Planet VPN \ud83d\udee1\ufe0f\ud83c\udf10 Free VPN\"}]}<\/script>\n<!-- \/ Yoast SEO plugin. -->","yoast_head_json":{"title":"A melhor VPN gr\u00e1tis para Instagram em 2026","description":"Fa\u00e7a o download da Planet VPN e instale-o no seu computador pessoal ou smartphone sem registro para acessar o Instagram. \u00c9 a melhor VPN gratuita para Instagram em 2026","robots":{"index":"index","follow":"follow","max-snippet":"max-snippet:-1","max-image-preview":"max-image-preview:large","max-video-preview":"max-video-preview:-1"},"canonical":"https:\/\/freevpnplanet.com\/pt\/instagram\/","og_locale":"pt_PT","og_type":"article","og_title":"A melhor VPN gr\u00e1tis para Instagram em 2026","og_description":"Fa\u00e7a o download da Planet VPN e instale-o no seu computador pessoal ou smartphone sem registro para acessar o Instagram. \u00c9 a melhor VPN gratuita para Instagram em 2026","og_url":"https:\/\/freevpnplanet.com\/pt\/instagram\/","og_site_name":"Planet VPN","article_modified_time":"2025-02-18T14:31:25+00:00","twitter_card":"summary_large_image","twitter_misc":{"Est. reading time":"2 minutes"},"schema":{"@context":"https:\/\/schema.org","@graph":[{"@type":"WebPage","@id":"https:\/\/freevpnplanet.com\/pt\/instagram\/","url":"https:\/\/freevpnplanet.com\/pt\/instagram\/","name":"A melhor VPN gr\u00e1tis para Instagram em 2026","isPartOf":{"@id":"https:\/\/freevpnplanet.com\/pt\/#website"},"datePublished":"2024-05-16T15:58:36+00:00","dateModified":"2025-02-18T14:31:25+00:00","description":"Fa\u00e7a o download da Planet VPN e instale-o no seu computador pessoal ou smartphone sem registro para acessar o Instagram. \u00c9 a melhor VPN gratuita para Instagram em 2026","breadcrumb":{"@id":"https:\/\/freevpnplanet.com\/pt\/instagram\/#breadcrumb"},"inLanguage":"pt","potentialAction":[{"@type":"ReadAction","target":["https:\/\/freevpnplanet.com\/pt\/instagram\/"]}]},{"@type":"BreadcrumbList","@id":"https:\/\/freevpnplanet.com\/pt\/instagram\/#breadcrumb","itemListElement":[{"@type":"ListItem","position":1,"name":"Home","item":"https:\/\/freevpnplanet.com\/pt\/"},{"@type":"ListItem","position":2,"name":"Instagram"}]},{"@type":"WebSite","@id":"https:\/\/freevpnplanet.com\/pt\/#website","url":"https:\/\/freevpnplanet.com\/pt\/","name":"Planet VPN \ud83d\udee1\ufe0f\ud83c\udf10 Free VPN","description":"Free VPN","potentialAction":[{"@type":"SearchAction","target":{"@type":"EntryPoint","urlTemplate":"https:\/\/freevpnplanet.com\/pt\/?s={search_term_string}"},"query-input":"required name=search_term_string"}],"inLanguage":"pt","publisher":{"@id":"https:\/\/freevpnplanet.com\/pt\/#organization"}},{"@context":"https:\/\/schema.org\/","@type":"SoftwareApplication","name":"Planet VPN \ud83d\udee1\ufe0f\ud83c\udf10 Free VPN","operatingSystem":"Windows, macOS, iOS, Android, Linux, Chrome","applicationCategory":"SecurityApplication","offers":{"@type":"AggregateOffer","priceCurrency":"USD","price":"0","lowPrice":"0","availability":"https:\/\/schema.org\/InStock"},"aggregateRating":{"@type":"AggregateRating","ratingValue":"4.8","bestRating":"5","ratingCount":"12476"}},{"@type":"Organization","@id":"https:\/\/freevpnplanet.com\/pt\/#organization","url":"https:\/\/freevpnplanet.com\/pt\/","name":"Planet VPN \ud83d\udee1\ufe0f\ud83c\udf10 Free VPN"}]}},"acf":[],"_links":{"self":[{"href":"https:\/\/freevpnplanet.com\/pt\/wp-json\/wp\/v2\/pages\/96938","targetHints":{"allow":["GET"]}}],"collection":[{"href":"https:\/\/freevpnplanet.com\/pt\/wp-json\/wp\/v2\/pages"}],"about":[{"href":"https:\/\/freevpnplanet.com\/pt\/wp-json\/wp\/v2\/types\/page"}],"author":[{"embeddable":true,"href":"https:\/\/freevpnplanet.com\/pt\/wp-json\/wp\/v2\/users\/13"}],"replies":[{"embeddable":true,"href":"https:\/\/freevpnplanet.com\/pt\/wp-json\/wp\/v2\/comments?post=96938"}],"version-history":[{"count":2,"href":"https:\/\/freevpnplanet.com\/pt\/wp-json\/wp\/v2\/pages\/96938\/revisions"}],"predecessor-version":[{"id":152901,"href":"https:\/\/freevpnplanet.com\/pt\/wp-json\/wp\/v2\/pages\/96938\/revisions\/152901"}],"wp:attachment":[{"href":"https:\/\/freevpnplanet.com\/pt\/wp-json\/wp\/v2\/media?parent=96938"}],"wp:term":[{"taxonomy":"download_by_lite_tag","embeddable":true,"href":"https:\/\/freevpnplanet.com\/pt\/wp-json\/wp\/v2\/download_by_lite_tag?post=96938"}],"curies":[{"name":"wp","href":"https:\/\/api.w.org\/{rel}","templated":true}]}}