{"id":97806,"date":"2024-05-13T20:27:17","date_gmt":"2024-05-13T17:27:17","guid":{"rendered":"https:\/\/help.freeplanetvpn.com\/dns-check\/"},"modified":"2024-11-28T13:01:45","modified_gmt":"2024-11-28T10:01:45","slug":"dns-check","status":"publish","type":"page","link":"https:\/\/freevpnplanet.com\/pt\/dns-check\/","title":{"rendered":"DNS check"},"content":{"rendered":"\n<section class=\"tools-hero\">\n  <div class=\"tools-hero__inner container\">\n\n          <h1 class=\"tools-hero__title\">Verifica\u00e7\u00e3o de propaga\u00e7\u00e3o de dns online<\/h1>\n    \n    <div class=\"dns-propagation\">\n        <div class=\"dns-propagation__text\">\n                    <p>O seu fornecedor de servi\u00e7os Internet tem servidores DNS aos quais se pode ligar e utilizar servi\u00e7os. Muitas vezes, o propriet\u00e1rio monitoriza os utilizadores para ler dados, seguir ac\u00e7\u00f5es, e determinar que aplica\u00e7\u00f5es s\u00e3o utilizadas. Os dados s\u00e3o utilizados pelo utilizador, ou por terceiros, para criar um retrato digital do utilizador.<\/p>\n<p>N\u00e3o permita a auto-monitoriza\u00e7\u00e3o na Internet &#8211; utilize os servidores DNS do Planet VPN. Verifique as fugas e proteja os seus dados.<\/p>        \n                        <a id=\"qa-avoid-dns\"\n               href=\"https:\/\/account.freevpnplanet.com\/pt\/order\/\"\n               target=\"\"\n              class=\"cta\">Baixar gr\u00e1tis            <\/a>\n                  <\/div>\n\n      <div class=\"dns-propagation__context\">\n        <div class=\"dns-propagation__check\">\n          <div class=\"dns-propagation__status dns-propagation__status--undefined\" id=\"status-undefined\">\n            <img decoding=\"async\" src=\"https:\/\/freevpnplanet.com\/wp-content\/themes\/planetvpn\/assets\/images\/pages\/dns-check\/logo-unprotected.svg\" alt=\"Icon undefined\">\n            <span>Checking&#8230;<\/span>\n          <\/div>\n          <div class=\"dns-propagation__status dns-propagation__status--protected\" id=\"status-protected\">\n            <img decoding=\"async\" src=\"https:\/\/freevpnplanet.com\/wp-content\/themes\/planetvpn\/assets\/images\/pages\/dns-check\/logo-protected.svg\" alt=\"Icon Protected\">\n            <span>As suas consultas DNS s\u00e3o seguras!<\/span>\n          <\/div>\n          <div class=\"dns-propagation__status dns-propagation__status--unprotected\" id=\"status-unprotected\">\n            <img decoding=\"async\" src=\"https:\/\/freevpnplanet.com\/wp-content\/themes\/planetvpn\/assets\/images\/pages\/dns-check\/logo-unprotected.svg\" alt=\"Icon Uprotected\">\n            <span>As suas consultas DNS poderiam ser filtradas!<\/span>\n          <\/div>\n        <\/div>\n\n        <div class=\"dns-propagation__result\">\n          <span>Endere\u00e7o IP:<\/span>\n          <span class=\"dns-propagation__ip\" id=\"dns-propagation-ip\">XXX.XXX.XX.XX<\/span>\n        <\/div>\n\n                  <div class=\"dns-propagation__final-text\">Se est\u00e1 utilizando VPN, mas continua vendo o endere\u00e7o DNS do servidor do seu fornecedor, o sistema foi filtrado. Os propriet\u00e1rios dos servidores DNS que utiliza podem ver todos os websites que voc\u00ea visita.<\/div>\n        \n      <\/div>\n    <\/div>\n  <\/div>\n\n  <div class=\"tools-hero__menu\"><ul id=\"menu-tools-menu-portuguese-portugal\" class=\"menu\"><li id=\"menu-item-117473\" class=\"menu-item\"><a id=\"qa-dns-leak-test\" href=\"https:\/\/freevpnplanet.com\/pt\/dns-check\/\">DNS check<\/a><\/li>\n<li id=\"menu-item-117474\" class=\"menu-item\"><a id=\"qa-webrtc-leak-test\" href=\"https:\/\/freevpnplanet.com\/pt\/web-rtc\/\">Web RTC<\/a><\/li>\n<li id=\"menu-item-117501\" class=\"menu-item\"><a id=\"qa-virus-scan\" href=\"https:\/\/freevpnplanet.com\/pt\/virus-scan\/\">Virus scan<\/a><\/li>\n<li id=\"menu-item-117502\" class=\"menu-item\"><a id=\"qa-what-is-my-ip\" href=\"https:\/\/freevpnplanet.com\/pt\/ip-check\/\">IP Check<\/a><\/li>\n<li id=\"menu-item-117503\" class=\"menu-item\"><a id=\"qa-generate-password\" href=\"https:\/\/freevpnplanet.com\/pt\/password-generator\/\">Password generator<\/a><\/li>\n<\/ul><\/div>\n<\/section>\n\n<section class=\"two-col-content custom-block align-full  rtl ratio-normal image image-visible-on-mobile-yes\" style=''>\n\n    <div class=\"gutenberg-block-background\"><\/div>\n    <div class=\"two-col-content__container inner-container\">\n                    <h2 class=\"two-col-content__title\">O QUE \u00c9 A FUGA DE DNS?<\/h2>\n        \n                    <div class=\"two-col-content__description\"><p>Mesmo que tenha a melhor VPN ligada, infelizmente, as suas capacidades t\u00e9cnicas n\u00e3o garantem a prote\u00e7\u00e3o das consultas DNS a partir do seu computador ou dispositivo m\u00f3vel. E este factor n\u00e3o depende da fiabilidade da encripta\u00e7\u00e3o do tr\u00e1fego. Se ocorrer uma fuga de DNS, significa que os estranhos ver\u00e3o os recursos web que visitar, as ac\u00e7\u00f5es que tomar, e as aplica\u00e7\u00f5es que abrir e utilizar para fins pessoais.<\/p>\n<p>O DNS \u00e9 um sistema especial de livro de endere\u00e7os, que est\u00e1 directamente relacionado com todas as manipula\u00e7\u00f5es que s\u00e3o feitas durante a visita \u00e0 Internet. Por exemplo, um navegador ou uma aplica\u00e7\u00e3o utiliza o DNS para efectuar uma pesquisa no servidor para gerar uma liga\u00e7\u00e3o subsequente entre os servi\u00e7os e os s\u00edtios que o cliente necessita. O dispositivo encaminha os pedidos e recebe instru\u00e7\u00f5es de resposta para pesquisar os dados de destino. Consequentemente, s\u00e3o as consultas DNS que determinam o n\u00edvel geral de confidencialidade dos dados do utilizador e podem tamb\u00e9m representar um risco de seguran\u00e7a. Verificar o DNS \u00e9 f\u00e1cil &#8211; ligue o Planet VPN e liberte-se das amea\u00e7as cibern\u00e9ticas.<\/p><\/div>\n        \n                    <img decoding=\"async\" width=\"436\" height=\"436\" src=\"https:\/\/freevpnplanet.com\/wp-content\/uploads\/2024\/05\/rvpn-dns.8814bf7-20240514_122744_989247.svg\" class=\"two-col-content__image\" alt=\"\" \/>        \n            <\/div>\n<\/section>\n\n\n<section class=\"cta-section custom-block align-full \" style=''>\n\n    <div class=\"gutenberg-block-background\"><\/div>\n    <div class=\"cta-section__inner\">\n                    <div class=\"cta-section__cta\">\n                                    <a href=\"\/pt\/plans\/\" target=\"_self\" id=\"qa-download-free-space\" class=\"cta download-by-platform cta--with-border cta-size--small icon-position--icon-left\" style=\"--button-background-color: var(--green);--button-background-color-hover: var(--green-hover);--button-background-color-pressed: var(--green-pressed);--border-radius:40px\"><span class=\"cta__name\">Baixar gr\u00e1tis<\/span><\/a>                            <\/div>\n            <\/div>\n<\/section>\n\n<section class=\"two-col-content custom-block align-full  rtl ratio-normal text image-visible-on-mobile-no\" style='--background-color:var(--background-blue)'>\n\n    <div class=\"gutenberg-block-background\"><\/div>\n    <div class=\"two-col-content__container inner-container\">\n        \n                    <div class=\"two-col-content__description\"><p>Consequentemente, s\u00e3o as consultas DNS que determinam o n\u00edvel geral de confidencialidade dos dados do utilizador e podem tamb\u00e9m constituir um risco de seguran\u00e7a. Verificar o DNS \u00e9 f\u00e1cil: ligue o Planet VPN e liberte-se de amea\u00e7as cibern\u00e9ticas.<\/p>\n<ul>\n<li>Servidores DNS de elevado desempenho Planet VPN;<\/li>\n<li>A grava\u00e7\u00e3o de registos de atividade e de liga\u00e7\u00e3o \u00e9 completamente eliminada;<\/li>\n<li>A encripta\u00e7\u00e3o mais segura do tr\u00e1fego.<\/li>\n<\/ul>\n<p>O princ\u00edpio de funcionamento consiste nessas a\u00e7\u00f5es:<\/p>\n<ul>\n<li>Quando precisa de abrir uma p\u00e1gina na Internet, introduz um pedido espec\u00edfico e depois clica na liga\u00e7\u00e3o de destino;<\/li>\n<li>O endere\u00e7o selecionado \u00e9 enviado para um t\u00fanel encriptado para o servidor DNS, formando assim um acesso ao recurso de interesse;<\/li>\n<li>O servidor recebe uma resposta e esta \u00e9 transmitida ao utilizador para abrir o site.<\/li>\n<\/ul>\n<p>Todas estas ac\u00e7\u00f5es s\u00e3o geradas num canal de comunica\u00e7\u00e3o seguro, pelo que n\u00e3o existe qualquer risco de pirataria ou fuga de informa\u00e7\u00e3o. Pode verificar o servidor DNS online no site do Planet VPN.<\/p><\/div>\n        \n                                    <h2 class=\"two-col-content__text\">COMO EVITAR FUGAS DE DNS UTILIZANDO O SERVI\u00c7O PLANET VPN<\/h2>\n                    \n                    <div class=\"two-col-content__cta\">\n                            <\/div>\n            <\/div>\n<\/section>\n\n\n<section class=\"image-text-static-image custom-block align-none  mobile-image-bottom   header-size-small text-size-small  pb-0--desktop\" style=''>\n\n    <div class=\"gutenberg-block-background\"><\/div>\n    <div class=\"image-text-static-image__inner inner-container\">\n                    <div class=\"image-text-static-image__content content-left\" style='--content-width: 50%'>\n                \n                <h2>\u00c9 SEMPRE NECESS\u00c1RIO VERIFICAR SE EXISTEM FUGAS DE DNS?<\/h2>\n<p>A verifica\u00e7\u00e3o do servidor DNS \u00e9 uma medida de seguran\u00e7a importante que deve ser efectuada regularmente. Mesmo que j\u00e1 esteja a utilizar o servi\u00e7o VPN, existe um risco de seguran\u00e7a associado \u00e0 vulnerabilidade do DNS. Se ocorrer uma fuga de informa\u00e7\u00e3o, esta \u00e9 acompanhada por tais ac\u00e7\u00f5es:<\/p>\n<ol>\n<li>O computador do utilizador n\u00e3o enviar\u00e1 consultas DNS para o t\u00fanel Planet VPN, mas sim para a rede p\u00fablica;<\/li>\n<li>O computador do utilizador enviar\u00e1 consultas DNS atrav\u00e9s do t\u00fanel Planet VPN, mas estas chegar\u00e3o ao servidor externo em vez de ao anfitri\u00e3o protegido;<\/li>\n<li>Em ambos os casos, os passantes podem ver todos os s\u00edtios que o utilizador ir\u00e1 visitar, bem como todas as aplica\u00e7\u00f5es e programas que s\u00e3o utilizados no seu trabalho.<\/li>\n<\/ol>\n                \n                \n\n            <\/div>\n        \n                    <div class=\"bg-image-wrapper bg-image-wrapper--desktop  right image-align--center\" style='--image-max-width: 50%'>\n                <figure>\n                    <img width=\"436\" height=\"436\" src=\"https:\/\/freevpnplanet.com\/wp-content\/uploads\/2024\/05\/rvpn-zoom.0cb093a-20240514_130633_582621.svg\" class=\"attachment-full size-full\" alt=\"\" loading=\"lazy\" decoding=\"sync\" fetchpriority=\"low\" style=\"max-width:440px\" sizes=\"auto, (max-width: 440px) 100vw, 440px\" aria-hidden=\"true\" \/>                    <!-- <img decoding=\"async\" width=\"436\" height=\"436\" src=\"https:\/\/freevpnplanet.com\/wp-content\/uploads\/2024\/05\/rvpn-zoom.0cb093a-20240514_130633_582621.svg\" class=\"attachment-full size-full\" alt=\"\" style=\"max-width:440px\" \/> -->\n                <\/figure>\n            <\/div>\n        \n            <\/div>\n<\/section>\n\n\n<section class=\"image-text-static-image custom-block align-none  mobile-image-bottom   header-size-small text-size-small  pb-0--desktop\" style=''>\n\n    <div class=\"gutenberg-block-background\"><\/div>\n    <div class=\"image-text-static-image__inner inner-container\">\n                    <div class=\"image-text-static-image__content content-right\" style='--content-width: 50%'>\n                \n                <h2>PORQUE \u00c9 QUE EXISTE UMA FUGA DNS QUANDO A VPN \u00c9 ACTIVADA?<\/h2>\n<p>Mesmo que utilize o servi\u00e7o VPN a toda a hora, pode haver fugas DNS. Destacar as seguintes causas populares de fugas de DNS:<\/p>\n<ol>\n<li>A rede VPN foi configurada manualmente &#8211; isto aumenta significativamente o risco de fuga de informa\u00e7\u00e3o e dados privados, e acrescenta um factor espec\u00edfico \u00e0 configura\u00e7\u00e3o do sistema operativo do PC do utilizador. Se ligar o Planet VPN, estes problemas s\u00e3o exclu\u00eddos e \u00e9-lhe fornecida uma prote\u00e7\u00e3o total;<\/li>\n<li>Os atacantes interceptaram o controlo do seu router, pelo que os pedidos do seu PC s\u00e3o enviados para a rede geral, em vez de para um t\u00fanel encriptado &#8211; esta situa\u00e7\u00e3o ocorre mais frequentemente quando se utiliza uma liga\u00e7\u00e3o Wi-Fi em locais p\u00fablicos (centro comercial, clube desportivo, caf\u00e9, parque, etc.). Basta utilizar o servi\u00e7o Planet VPN para eliminar todos os riscos e poss\u00edveis vulnerabilidades;<\/li>\n<li>O DNS foi configurado manualmente e o comando para n\u00e3o utilizar uma liga\u00e7\u00e3o atrav\u00e9s do servidor Planet VPN foi activado &#8211; \u00e9 melhor evitar tais eventos mesmo que seja um utilizador experiente, pois perturbam a ciberseguran\u00e7a geral do seu computador.<\/li>\n<\/ol>\n                \n                \n\n            <\/div>\n        \n                    <div class=\"bg-image-wrapper bg-image-wrapper--desktop  left image-align--center\" style='--image-max-width: 50%'>\n                <figure>\n                    <img width=\"436\" height=\"436\" src=\"https:\/\/freevpnplanet.com\/wp-content\/uploads\/2024\/05\/rvpn-virus.9f94f39-20240514_130630_667594.svg\" class=\"attachment-full size-full\" alt=\"\" loading=\"lazy\" decoding=\"sync\" fetchpriority=\"low\" style=\"max-width:440px\" sizes=\"auto, (max-width: 440px) 100vw, 440px\" aria-hidden=\"true\" \/>                    <!-- <img decoding=\"async\" width=\"436\" height=\"436\" src=\"https:\/\/freevpnplanet.com\/wp-content\/uploads\/2024\/05\/rvpn-virus.9f94f39-20240514_130630_667594.svg\" class=\"attachment-full size-full\" alt=\"\" style=\"max-width:440px\" \/> -->\n                <\/figure>\n            <\/div>\n        \n            <\/div>\n<\/section>\n\n\n<section class=\"wrapper custom-block align-none    \" style=''>\n\n    <div class=\"gutenberg-block-background\"><\/div>\n    <div class=\"wrapper__inner inner-container\">\n        \n\n<div class=\"buttons custom-block align-center \">\n                        <a href=\"\/pt\/plans\/\" target=\"_self\" id=\"qa-download-free-info\" class=\"cta download-by-platform cta--with-border cta-size--small cta-mt--initial icon-position--icon-left\" style=\"--border-radius:40px\"><span class=\"cta__name\">Baixar gr\u00e1tis<\/span><\/a>            <\/div>\n\n    <\/div>\n\n<\/section>","protected":false},"excerpt":{"rendered":"","protected":false},"author":13,"featured_media":0,"parent":0,"menu_order":0,"comment_status":"closed","ping_status":"closed","template":"templates\/page_template-basic_for_gutenberg.php","meta":{"_acf_changed":false,"inline_featured_image":false,"footnotes":""},"download_by_lite_tag":[],"class_list":["post-97806","page","type-page","status-publish","hentry"],"yoast_head":"<!-- This site is optimized with the Yoast SEO plugin v22.6 - https:\/\/yoast.com\/wordpress\/plugins\/seo\/ -->\n<title>Verifica\u00e7\u00e3o de DNS - Verifica\u00e7\u00e3o de propaga\u00e7\u00e3o de DNS online - Planet VPN<\/title>\n<meta name=\"description\" content=\"Se o seu DNS tem fugas, os seus pedidos s\u00e3o enviados atrav\u00e9s de um t\u00fanel VPN encriptado. Verifique se a sua VPN tem uma fuga de DNS que mostre a sua verdadeira localiza\u00e7\u00e3o. Com a Planet VPN tem a garantia de total confidencialidade e protec\u00e7\u00e3o contra fugas DNS.\" \/>\n<meta name=\"robots\" content=\"index, follow, max-snippet:-1, max-image-preview:large, max-video-preview:-1\" \/>\n<link rel=\"canonical\" href=\"https:\/\/freevpnplanet.com\/pt\/dns-check\/\" \/>\n<meta property=\"og:locale\" content=\"pt_PT\" \/>\n<meta property=\"og:type\" content=\"article\" \/>\n<meta property=\"og:title\" content=\"Verifica\u00e7\u00e3o de DNS - Verifica\u00e7\u00e3o de propaga\u00e7\u00e3o de DNS online - Planet VPN\" \/>\n<meta property=\"og:description\" content=\"Se o seu DNS tem fugas, os seus pedidos s\u00e3o enviados atrav\u00e9s de um t\u00fanel VPN encriptado. Verifique se a sua VPN tem uma fuga de DNS que mostre a sua verdadeira localiza\u00e7\u00e3o. Com a Planet VPN tem a garantia de total confidencialidade e protec\u00e7\u00e3o contra fugas DNS.\" \/>\n<meta property=\"og:url\" content=\"https:\/\/freevpnplanet.com\/pt\/dns-check\/\" \/>\n<meta property=\"og:site_name\" content=\"Planet VPN\" \/>\n<meta property=\"article:modified_time\" content=\"2024-11-28T10:01:45+00:00\" \/>\n<meta name=\"twitter:card\" content=\"summary_large_image\" \/>\n<script type=\"application\/ld+json\" class=\"yoast-schema-graph\">{\"@context\":\"https:\/\/schema.org\",\"@graph\":[{\"@type\":\"WebPage\",\"@id\":\"https:\/\/freevpnplanet.com\/pt\/dns-check\/\",\"url\":\"https:\/\/freevpnplanet.com\/pt\/dns-check\/\",\"name\":\"Verifica\u00e7\u00e3o de DNS - Verifica\u00e7\u00e3o de propaga\u00e7\u00e3o de DNS online - Planet VPN\",\"isPartOf\":{\"@id\":\"https:\/\/freevpnplanet.com\/pt\/#website\"},\"datePublished\":\"2024-05-13T17:27:17+00:00\",\"dateModified\":\"2024-11-28T10:01:45+00:00\",\"description\":\"Se o seu DNS tem fugas, os seus pedidos s\u00e3o enviados atrav\u00e9s de um t\u00fanel VPN encriptado. Verifique se a sua VPN tem uma fuga de DNS que mostre a sua verdadeira localiza\u00e7\u00e3o. Com a Planet VPN tem a garantia de total confidencialidade e protec\u00e7\u00e3o contra fugas DNS.\",\"breadcrumb\":{\"@id\":\"https:\/\/freevpnplanet.com\/pt\/dns-check\/#breadcrumb\"},\"inLanguage\":\"pt\",\"potentialAction\":[{\"@type\":\"ReadAction\",\"target\":[\"https:\/\/freevpnplanet.com\/pt\/dns-check\/\"]}]},{\"@type\":\"BreadcrumbList\",\"@id\":\"https:\/\/freevpnplanet.com\/pt\/dns-check\/#breadcrumb\",\"itemListElement\":[{\"@type\":\"ListItem\",\"position\":1,\"name\":\"Home\",\"item\":\"https:\/\/freevpnplanet.com\/pt\/\"},{\"@type\":\"ListItem\",\"position\":2,\"name\":\"DNS check\"}]},{\"@type\":\"WebSite\",\"@id\":\"https:\/\/freevpnplanet.com\/pt\/#website\",\"url\":\"https:\/\/freevpnplanet.com\/pt\/\",\"name\":\"Planet VPN \ud83d\udee1\ufe0f\ud83c\udf10 Free VPN\",\"description\":\"Free VPN\",\"potentialAction\":[{\"@type\":\"SearchAction\",\"target\":{\"@type\":\"EntryPoint\",\"urlTemplate\":\"https:\/\/freevpnplanet.com\/pt\/?s={search_term_string}\"},\"query-input\":\"required name=search_term_string\"}],\"inLanguage\":\"pt\",\"publisher\":{\"@id\":\"https:\/\/freevpnplanet.com\/pt\/#organization\"}},{\"@context\":\"https:\/\/schema.org\/\",\"@type\":\"SoftwareApplication\",\"name\":\"Planet VPN \ud83d\udee1\ufe0f\ud83c\udf10 Free VPN\",\"operatingSystem\":\"Windows, macOS, iOS, Android, Linux, Chrome\",\"applicationCategory\":\"SecurityApplication\",\"offers\":{\"@type\":\"AggregateOffer\",\"priceCurrency\":\"USD\",\"price\":\"0\",\"lowPrice\":\"0\",\"availability\":\"https:\/\/schema.org\/InStock\"},\"aggregateRating\":{\"@type\":\"AggregateRating\",\"ratingValue\":\"4.8\",\"bestRating\":\"5\",\"ratingCount\":\"12476\"}},{\"@type\":\"Organization\",\"@id\":\"https:\/\/freevpnplanet.com\/pt\/#organization\",\"url\":\"https:\/\/freevpnplanet.com\/pt\/\",\"name\":\"Planet VPN \ud83d\udee1\ufe0f\ud83c\udf10 Free VPN\"}]}<\/script>\n<!-- \/ Yoast SEO plugin. -->","yoast_head_json":{"title":"Verifica\u00e7\u00e3o de DNS - Verifica\u00e7\u00e3o de propaga\u00e7\u00e3o de DNS online - Planet VPN","description":"Se o seu DNS tem fugas, os seus pedidos s\u00e3o enviados atrav\u00e9s de um t\u00fanel VPN encriptado. Verifique se a sua VPN tem uma fuga de DNS que mostre a sua verdadeira localiza\u00e7\u00e3o. Com a Planet VPN tem a garantia de total confidencialidade e protec\u00e7\u00e3o contra fugas DNS.","robots":{"index":"index","follow":"follow","max-snippet":"max-snippet:-1","max-image-preview":"max-image-preview:large","max-video-preview":"max-video-preview:-1"},"canonical":"https:\/\/freevpnplanet.com\/pt\/dns-check\/","og_locale":"pt_PT","og_type":"article","og_title":"Verifica\u00e7\u00e3o de DNS - Verifica\u00e7\u00e3o de propaga\u00e7\u00e3o de DNS online - Planet VPN","og_description":"Se o seu DNS tem fugas, os seus pedidos s\u00e3o enviados atrav\u00e9s de um t\u00fanel VPN encriptado. Verifique se a sua VPN tem uma fuga de DNS que mostre a sua verdadeira localiza\u00e7\u00e3o. Com a Planet VPN tem a garantia de total confidencialidade e protec\u00e7\u00e3o contra fugas DNS.","og_url":"https:\/\/freevpnplanet.com\/pt\/dns-check\/","og_site_name":"Planet VPN","article_modified_time":"2024-11-28T10:01:45+00:00","twitter_card":"summary_large_image","schema":{"@context":"https:\/\/schema.org","@graph":[{"@type":"WebPage","@id":"https:\/\/freevpnplanet.com\/pt\/dns-check\/","url":"https:\/\/freevpnplanet.com\/pt\/dns-check\/","name":"Verifica\u00e7\u00e3o de DNS - Verifica\u00e7\u00e3o de propaga\u00e7\u00e3o de DNS online - Planet VPN","isPartOf":{"@id":"https:\/\/freevpnplanet.com\/pt\/#website"},"datePublished":"2024-05-13T17:27:17+00:00","dateModified":"2024-11-28T10:01:45+00:00","description":"Se o seu DNS tem fugas, os seus pedidos s\u00e3o enviados atrav\u00e9s de um t\u00fanel VPN encriptado. Verifique se a sua VPN tem uma fuga de DNS que mostre a sua verdadeira localiza\u00e7\u00e3o. Com a Planet VPN tem a garantia de total confidencialidade e protec\u00e7\u00e3o contra fugas DNS.","breadcrumb":{"@id":"https:\/\/freevpnplanet.com\/pt\/dns-check\/#breadcrumb"},"inLanguage":"pt","potentialAction":[{"@type":"ReadAction","target":["https:\/\/freevpnplanet.com\/pt\/dns-check\/"]}]},{"@type":"BreadcrumbList","@id":"https:\/\/freevpnplanet.com\/pt\/dns-check\/#breadcrumb","itemListElement":[{"@type":"ListItem","position":1,"name":"Home","item":"https:\/\/freevpnplanet.com\/pt\/"},{"@type":"ListItem","position":2,"name":"DNS check"}]},{"@type":"WebSite","@id":"https:\/\/freevpnplanet.com\/pt\/#website","url":"https:\/\/freevpnplanet.com\/pt\/","name":"Planet VPN \ud83d\udee1\ufe0f\ud83c\udf10 Free VPN","description":"Free VPN","potentialAction":[{"@type":"SearchAction","target":{"@type":"EntryPoint","urlTemplate":"https:\/\/freevpnplanet.com\/pt\/?s={search_term_string}"},"query-input":"required name=search_term_string"}],"inLanguage":"pt","publisher":{"@id":"https:\/\/freevpnplanet.com\/pt\/#organization"}},{"@context":"https:\/\/schema.org\/","@type":"SoftwareApplication","name":"Planet VPN \ud83d\udee1\ufe0f\ud83c\udf10 Free VPN","operatingSystem":"Windows, macOS, iOS, Android, Linux, Chrome","applicationCategory":"SecurityApplication","offers":{"@type":"AggregateOffer","priceCurrency":"USD","price":"0","lowPrice":"0","availability":"https:\/\/schema.org\/InStock"},"aggregateRating":{"@type":"AggregateRating","ratingValue":"4.8","bestRating":"5","ratingCount":"12476"}},{"@type":"Organization","@id":"https:\/\/freevpnplanet.com\/pt\/#organization","url":"https:\/\/freevpnplanet.com\/pt\/","name":"Planet VPN \ud83d\udee1\ufe0f\ud83c\udf10 Free VPN"}]}},"acf":[],"_links":{"self":[{"href":"https:\/\/freevpnplanet.com\/pt\/wp-json\/wp\/v2\/pages\/97806","targetHints":{"allow":["GET"]}}],"collection":[{"href":"https:\/\/freevpnplanet.com\/pt\/wp-json\/wp\/v2\/pages"}],"about":[{"href":"https:\/\/freevpnplanet.com\/pt\/wp-json\/wp\/v2\/types\/page"}],"author":[{"embeddable":true,"href":"https:\/\/freevpnplanet.com\/pt\/wp-json\/wp\/v2\/users\/13"}],"replies":[{"embeddable":true,"href":"https:\/\/freevpnplanet.com\/pt\/wp-json\/wp\/v2\/comments?post=97806"}],"version-history":[{"count":1,"href":"https:\/\/freevpnplanet.com\/pt\/wp-json\/wp\/v2\/pages\/97806\/revisions"}],"predecessor-version":[{"id":133669,"href":"https:\/\/freevpnplanet.com\/pt\/wp-json\/wp\/v2\/pages\/97806\/revisions\/133669"}],"wp:attachment":[{"href":"https:\/\/freevpnplanet.com\/pt\/wp-json\/wp\/v2\/media?parent=97806"}],"wp:term":[{"taxonomy":"download_by_lite_tag","embeddable":true,"href":"https:\/\/freevpnplanet.com\/pt\/wp-json\/wp\/v2\/download_by_lite_tag?post=97806"}],"curies":[{"name":"wp","href":"https:\/\/api.w.org\/{rel}","templated":true}]}}