{"id":98506,"date":"2024-06-03T19:16:22","date_gmt":"2024-06-03T16:16:22","guid":{"rendered":"https:\/\/help.freeplanetvpn.com\/virus-scan\/"},"modified":"2026-01-20T15:35:44","modified_gmt":"2026-01-20T12:35:44","slug":"virus-scan","status":"publish","type":"page","link":"https:\/\/freevpnplanet.com\/pt\/virus-scan\/","title":{"rendered":"Virus scan"},"content":{"rendered":"\n<section class=\"virus-scan-hero\">\n  <div class=\"virus-scan-hero__inner container\">\n    <div class=\"virus-scan\">\n\n              <h1 class=\"virus-scan__title\">Verifica\u00e7\u00e3o de v\u00edrus gratuita online &#8211; Arquivo ou URL<\/h1>\n      \n              <div class=\"virus-scan__text\"><p>O servi\u00e7o Planet VPN \u00e9 uma solu\u00e7\u00e3o eficiente e rent\u00e1vel para examinar rapidamente todos os arquivos suspeitos e tratar links, identificar amea\u00e7as potenciais e a presen\u00e7a de v\u00edrus e objetos maliciosos. Verifica\u00e7\u00e3o do v\u00edrus Planet VPN &#8211; seguro e r\u00e1pido.<\/p><\/div>\n      \n      <div class=\"virus-scan__content\">\n        <div class=\"virus-scan__tab\">\n\n          <button class=\"virus-scan__tab-button virus-scan__tab-button--selected\" id=\"qa-file-tab\" data-tab=\"file\">\n            <img decoding=\"async\" src=\"\/wp-content\/themes\/planetvpn\/assets\/images\/pages\/virus-scan\/doc.svg\" alt=\"document icon\" >\n            Arquivo          <\/button>\n\n          <button class=\"virus-scan__tab-button\" id=\"qa-url-tab\" data-tab=\"url\">\n            <img decoding=\"async\" src=\"\/wp-content\/themes\/planetvpn\/assets\/images\/pages\/virus-scan\/file.svg\" alt=\"file icon\" >\n            Url          <\/button>\n\n          <form name=\"virus-scan-file-form\" method=\"post\" class=\"virus-scan__form virus-scan__form--active\" data-target-tab=\"file\">\n            <div class=\"virus-scan__form-group\">\n              <label class=\"virus-scan__label\">\n                <span>Selecionar arquivo<\/span>\n                <u class=\"virus-scan__filename-inner\">Nenhum arquivo selecionado<\/u>\n                <input type=\"file\" name=\"file_upload\" class=\"virus-scan__input-file\" id=\"qa-upload-field\" required \/>\n              <\/label>\n\n              <button type=\"submit\" class=\"virus-scan__submit-button\">\n                <img decoding=\"async\" src=\"\/wp-content\/themes\/planetvpn\/assets\/images\/pages\/virus-scan\/dow.svg\" alt=\"download icon\" >\n              <\/button>\n            <\/div>\n\n            <div class=\"virus-scan__results\"><\/div>\n\n            <button id=\"qa-scan-button\" type=\"submit\" class=\"cta CTA main-btn-file\">\n              <span>Verificar<\/span>\n            <\/button>\n          <\/form>\n\n          <form name=\"virus-scan-url-form\" method=\"post\" class=\"virus-scan__form\" data-target-tab=\"url\">\n            <div class=\"virus-scan__form-group\">\n              <label class=\"virus-scan__label\">\n                <span>Url<\/span>\n                <input type=\"url\" name=\"url_input\" class=\"virus-scan__input-url\" required \/>\n              <\/label>\n\n              <button type=\"submit\" class=\"virus-scan__submit-button\">\n                <img decoding=\"async\" src=\"\/wp-content\/themes\/planetvpn\/assets\/images\/pages\/virus-scan\/dow.svg\" alt=\"download icon\" >\n              <\/button>\n            <\/div>\n\n            <div class=\"virus-scan__results\"><\/div>\n\n            <button id=\"main-btn-url\" type=\"submit\" class=\"cta CTA\">\n              <span>Verificar<\/span>\n            <\/button>\n          <\/form>\n        <\/div>\n      <\/div>\n    <\/div>\n  <\/div>\n\n  <div class=\"virus-scan-hero__menu\"><ul id=\"menu-tools-menu-portuguese-portugal\" class=\"menu\"><li id=\"menu-item-117473\" class=\"menu-item\"><a id=\"qa-dns-leak-test\" href=\"https:\/\/freevpnplanet.com\/pt\/dns-check\/\">DNS check<\/a><\/li>\n<li id=\"menu-item-117474\" class=\"menu-item\"><a id=\"qa-webrtc-leak-test\" href=\"https:\/\/freevpnplanet.com\/pt\/web-rtc\/\">Web RTC<\/a><\/li>\n<li id=\"menu-item-117501\" class=\"menu-item\"><a id=\"qa-virus-scan\" href=\"https:\/\/freevpnplanet.com\/pt\/virus-scan\/\">Virus scan<\/a><\/li>\n<li id=\"menu-item-117502\" class=\"menu-item\"><a id=\"qa-what-is-my-ip\" href=\"https:\/\/freevpnplanet.com\/pt\/ip-check\/\">IP Check<\/a><\/li>\n<li id=\"menu-item-117503\" class=\"menu-item\"><a id=\"qa-generate-password\" href=\"https:\/\/freevpnplanet.com\/pt\/password-generator\/\">Password generator<\/a><\/li>\n<\/ul><\/div>\n<\/section>\n\n<section class=\"two-col-content custom-block align-full  rtl ratio-normal text image-visible-on-mobile-no\" style='--background-color:var(--background-blue)'>\n\n    <div class=\"gutenberg-block-background\"><\/div>\n    <div class=\"two-col-content__container inner-container\">\n        \n                    <div class=\"two-col-content__description\"><p>O maior n\u00famero de amea\u00e7as aos usu\u00e1rios de computador est\u00e1 \u00e0 espera na Internet quando acessamos sites, clicamos em banners de publicidade ou em caixas de di\u00e1logo adicionais ou baixamos arquivos. Voc\u00ea nunca sabe quando um objeto malicioso aparecer\u00e1 no seu computador, especialmente se a prote\u00e7\u00e3o antiv\u00edrus ou a VPN n\u00e3o estiver ativa no seu dispositivo.<\/p>\n<p>At\u00e9 \u00e0 data, entre os perigos da Internet que amea\u00e7am prejudicar o sistema, destacam-se os seguintes:<\/p>\n<ul>\n<li>V\u00edrus Trojan;<\/li>\n<li>Carregamento de objetos;<\/li>\n<li>Ataques DNS e fugas de dados.<\/li>\n<\/ul>\n<p>Se navegar na Internet sem descarregar quaisquer ficheiros, continua a correr um grande risco, uma elevada probabilidade de uma falha de seguran\u00e7a devido a:<\/p>\n<ul>\n<li>Roubo de dados durante a transmiss\u00e3o atrav\u00e9s da rede;<\/li>\n<li>Bloqueios e restri\u00e7\u00f5es em seu pa\u00eds ou regi\u00e3o;<\/li>\n<li>Spammers que tentam enganar e comprometer voc\u00ea.<\/li>\n<\/ul><\/div>\n        \n                                    <h2 class=\"two-col-content__text\">A IMPORT\u00c2NCIA DE VERIFICAR SEU PC PARA V\u00cdRUS<\/h2>\n                    \n            <\/div>\n<\/section>\n\n\n<div class=\"container-box custom-block align-full \" style='--background-color:var(--dark-blue-0); --text-color:var(--white)'>\n\n    <div class=\"gutenberg-block-background\"><img decoding=\"async\" width=\"1366\" height=\"312\" src=\"https:\/\/freevpnplanet.com\/wp-content\/uploads\/2024\/05\/rvpn-galactic.8e29189-20240514_122917_086039.svg\" class=\"gutenberg-block-background__image-desktop background-image\" alt=\"bg-image-desktop\" title=\"bg-image-desktop\" \/><img decoding=\"async\" width=\"1366\" height=\"312\" src=\"https:\/\/freevpnplanet.com\/wp-content\/uploads\/2024\/05\/rvpn-galactic.8e29189-20240514_122917_086039.svg\" class=\"gutenberg-block-background__image-mobile background-image\" alt=\"bg-image-mobile\" title=\"bg-image-mobile\" \/><\/div>\n    <div class=\"container-box__inner inner-container\">\n        \n\n<div class=\"buttons custom-block align-center \">\n                        <a href=\"\/pt\/plans\/\" target=\"_self\" id=\"qa-download-free-space\" class=\"cta download-by-platform cta--with-border cta-size--small cta-mt--initial icon-position--icon-left\" style=\"--border-radius:40px\"><span class=\"cta__name\">Download gr\u00e1tis<\/span><\/a>            <\/div>\n\n    <\/div>\n\n<\/div>\n\n\n\n<section class=\"image-text custom-block align-none   mobile-image-bottom mobile-title-center  header-size-medium text-size-small   content-right\" style='overflow: hidden;;;--min-height-mobile:400px;--min-height-desktop:600px;--content-width:50%'>\n\n    <div class=\"gutenberg-block-background\"><\/div>\n    <div class=\"image-text__inner inner-container\">\n\n        \n                    <div class=\"image-text__content\">\n\n                <h2>ONDE OS V\u00cdRUS S\u00c3O VERIFICADOS<\/h2>\n\n\n\n<p>A seguran\u00e7a do s\u00edtio que visita \u00e9 um factor importante para cada usu\u00e1rio que navega na Internet. Mas como assegurar que o recurso web de que necessita para ir e obter a informa\u00e7\u00e3o que procura est\u00e1 livre de v\u00edrus e n\u00e3o representa qualquer amea\u00e7a? Para o pr\u00f3prio s\u00edtio, isto tamb\u00e9m \u00e9 importante, uma vez que afecta a sua fiabilidade e classifica\u00e7\u00e3o.<\/p>\n<ol>\n<li>O antiv\u00edrus bloqueou um website potencialmente perigoso;<\/li>\n<li>H\u00e1 um redireccionamento sem qualquer raz\u00e3o;<\/li>\n<li>O tr\u00e1fego do website foi reduzido;<\/li>\n<li>Foi recebido um alerta de v\u00edrus de outros usu\u00e1rios;<\/li>\n<li>O correio \u00e9 bloqueado pelo fornecedor de alojamento.<\/li>\n<\/ol>\n<p>O servi\u00e7o Planet VPN permite um r\u00e1pido scan de v\u00edrus online de qualquer recurso web para detectar a sua presen\u00e7a:<\/p>\n<ol>\n<li>C\u00f3digos maliciosos;<\/li>\n<li>Worms;<\/li>\n<li>Programas de Trojan;<\/li>\n<li>Outros objetos maliciosos.<\/li>\n<\/ol>\n<p>A fim de proteger a privacidade do usu\u00e1rio, a VPN procura e elimina os seguintes perigos:<\/p>\n<p><a id=\"qa-dns-link\" class=\"\" href=\"https:\/\/freevpnplanet.com\/pt\/dns-check\/\">Verifica\u00e7\u00e3o de fugas DNS<\/a><br \/><a id=\"qa-ip-address-link\" href=\"https:\/\/freevpnplanet.com\/pt\/ip-check\/\">Verifica\u00e7\u00e3o do endere\u00e7o IP<\/a><\/p>\n                \n            <\/div>\n        \n                    <div class=\"bg-image-wrapper bg-image-wrapper--desktop left image-align--center\">\n                <figure style='--image-max-width:437px;--image-opacity:1.00;width: calc(50% - 20px)'>\n                    <img decoding=\"async\" width=\"436\" height=\"436\" src=\"https:\/\/freevpnplanet.com\/wp-content\/uploads\/2024\/05\/rvpn-virus.b86bc7a1-20240528_152401_495798.svg\" class=\"bg-image\" alt=\"Background Image for Desktop\" \/>                <\/figure>\n            <\/div>\n        \n                    <div class=\"bg-image-wrapper bg-image-wrapper--mobile regular-image\">\n                <figure style='width: 100%;max-width: 480px;opacity: 1.00;margin-top: 24px'>\n                    <img decoding=\"async\" width=\"436\" height=\"436\" src=\"https:\/\/freevpnplanet.com\/wp-content\/uploads\/2024\/05\/rvpn-virus.b86bc7a1-20240528_152401_495798.svg\" class=\"bg-image\" alt=\"Background Image for Mobile\" \/>                <\/figure>\n            <\/div>\n            <\/div>\n<\/section>\n\n<section class=\"two-col-content custom-block align-full  rtl ratio-normal text image-visible-on-mobile-no\" style='--background-color:var(--background-blue)'>\n\n    <div class=\"gutenberg-block-background\"><\/div>\n    <div class=\"two-col-content__container inner-container\">\n        \n                    <div class=\"two-col-content__description\"><p>Quando seu computador ou dispositivo m\u00f3vel est\u00e1 protegido, n\u00e3o h\u00e1 mais ataques e os riscos para o sistema operacional s\u00e3o aterrorizantes. Entretanto, n\u00e3o \u00e9 suficiente utilizar somente software anti-v\u00edrus, que \u00e9 respons\u00e1vel pela seguran\u00e7a de superf\u00edcie. O princ\u00edpio de trabalho da Planet VPN est\u00e1 organizado de tal forma que n\u00e3o apenas o endere\u00e7o IP real do usu\u00e1rio \u00e9 escondido, mas tamb\u00e9m o tr\u00e1fego de informa\u00e7\u00f5es \u00e9 totalmente criptografado. Voc\u00ea poder\u00e1 aplicar a fun\u00e7\u00e3o de verifica\u00e7\u00e3o de v\u00edrus ou o URL da verifica\u00e7\u00e3o de v\u00edrus separadamente, a fim de evitar visitar sites suspeitos ou perigosos para manter sua pr\u00f3pria seguran\u00e7a.<\/p>\n<p>O verificador de v\u00edrus em linha Planet VPN oferece prote\u00e7\u00e3o total e privacidade dos dados do usu\u00e1rio e do dispositivo ao usar a Internet. O tr\u00e1fego \u00e9 criptografado e direcionado para um t\u00fanel seguro, uma tecnologia especial para garantir a seguran\u00e7a de seus dados quando eles s\u00e3o transmitidos atrav\u00e9s da rede.<\/p>\n<p>Use uma Rede Privada Virtual para criar um modo an\u00f4nimo combinado com software anti-v\u00edrus para fornecer multi-prote\u00e7\u00e3o para seu PC e n\u00e3o se preocupar com a seguran\u00e7a cibern\u00e9tica em sua rede.<\/p><\/div>\n        \n                                    <h2 class=\"two-col-content__text\">COMO ANALISAR O V\u00cdRUS DE UM SITE ONLINE ATRAV\u00c9S DA PLANETA VPN<\/h2>\n                    \n            <\/div>\n<\/section>\n\n\n<section class=\"image-text custom-block align-full   mobile-image-bottom mobile-title-center  header-size-medium text-size-small   content-right\" style='overflow: hidden;;;--min-height-mobile:400px;--min-height-desktop:600px;--content-width:60%'>\n\n    <div class=\"gutenberg-block-background\"><\/div>\n    <div class=\"image-text__inner inner-container\">\n\n        \n                    <div class=\"image-text__content\">\n\n                <h2>COMO PROTEGER SEU CELULAR DOS V\u00cdRUS &#8211; MEDIDAS DE SEGURAN\u00c7A<\/h2>\n\n\n\n<p>Os Smartphones est\u00e3o ganhando popularidade e superioridade sobre os computadores. \u00c9 conveniente conectar-se a Wi-Fi em uma academia, um caf\u00e9, um mall de compras e qualquer outro lugar p\u00fablico se voc\u00ea precisar urgentemente encontrar informa\u00e7\u00f5es importantes ou se informar nas redes sociais. Entretanto, a comunica\u00e7\u00e3o ocorre atrav\u00e9s de um t\u00fanel sem seguran\u00e7a e pessoas n\u00e3o autorizadas podem facilmente interceptar seus dados, prejudicando drasticamente sua privacidade e seguran\u00e7a de dados.<\/p>\n<p>Quando conectado \u00e0 VPN, um t\u00fanel de conex\u00e3o seguro \u00e9 gerado para que os dados possam ser transferidos secretamente de pessoas n\u00e3o autorizadas. Todos os arquivos estar\u00e3o seguros e n\u00e3o haver\u00e1 risco de pirataria ou roubo.<\/p>\n<p>A Planet VPN \u00e9 uma solu\u00e7\u00e3o \u00fanica para proteger seus dados enquanto cuida da prote\u00e7\u00e3o do seu dispositivo m\u00f3vel contra v\u00edrus. Voc\u00ea pode conectar \u00e0 Internet de forma an\u00f4nima e simultaneamente verificar a exist\u00eancia de v\u00edrus e amea\u00e7as \u00f3bvias ou potenciais.<\/p>\n                \n            <\/div>\n        \n                    <div class=\"bg-image-wrapper bg-image-wrapper--desktop left image-align--left\">\n                <figure style='--image-max-width:450px;--image-opacity:1.00;width: calc(40% - 20px)'>\n                    <img decoding=\"async\" width=\"451\" height=\"438\" src=\"https:\/\/freevpnplanet.com\/wp-content\/uploads\/2024\/06\/rvpn-phone-shild.af3491b-20240614_135258_408328.svg\" class=\"bg-image\" alt=\"Background Image for Desktop\" \/>                <\/figure>\n            <\/div>\n        \n                    <div class=\"bg-image-wrapper bg-image-wrapper--mobile regular-image\">\n                <figure style='width: 100%;max-width: 480px;opacity: 1.00;margin-top: 24px'>\n                    <img decoding=\"async\" width=\"451\" height=\"438\" src=\"https:\/\/freevpnplanet.com\/wp-content\/uploads\/2024\/06\/rvpn-phone-shild.af3491b-20240614_135258_408328.svg\" class=\"bg-image\" alt=\"Background Image for Mobile\" \/>                <\/figure>\n            <\/div>\n            <\/div>\n<\/section>\n\n<section class=\"two-col-content custom-block align-full  rtl ratio-normal text image-visible-on-mobile-no\" style='--background-color:var(--background-blue)'>\n\n    <div class=\"gutenberg-block-background\"><\/div>\n    <div class=\"two-col-content__container inner-container\">\n        \n                    <div class=\"two-col-content__description\"><p>Embora os smartphones s\u00e3o tecnologicamente avan\u00e7ados e superiores aos computadores, eles permanecem vulner\u00e1veis a v\u00edrus e objetos perigosos que podem facilmente penetrar no sistema a partir da rede. Spyware e Trojans podem ler discretamente os dados dos usu\u00e1rios e pass\u00e1-los para os hackers para atividades ilegais. Em particular, objetos maliciosos s\u00e3o destinados a roubar senhas, c\u00f3digos de acesso, cart\u00f5es de pagamento e endere\u00e7os de e-mail. Um dispositivo infectado funciona mais lentamente e o tr\u00e1fego aumenta consideravelmente.<\/p>\n<p>O verificador de v\u00edrus Planet VPN permite um controle r\u00e1pido e qualitativo &#8211; basta conectar seu smartphone ao seu PC:<\/p>\n<p>criar uma conex\u00e3o entre o PC e o smartphone atrav\u00e9s do cabo USB e selecionar o modo MTP\/acumula\u00e7\u00e3o atrav\u00e9s do menu de configura\u00e7\u00f5es.<\/p>\n<p>Copie o arquivo de seu telefone para seu computador e digitalize-o para a p\u00e1gina de digitaliza\u00e7\u00e3o.<\/p><\/div>\n        \n                                    <h2 class=\"two-col-content__text\">COMO VERIFICAR SE SEU TELEFONE EST\u00c1 INFECTADO POR V\u00cdRUS ATRAV\u00c9S DE SEU COMPUTADOR<\/h2>\n                    \n                    <div class=\"two-col-content__cta\">\n                            <\/div>\n            <\/div>\n<\/section>","protected":false},"excerpt":{"rendered":"","protected":false},"author":13,"featured_media":0,"parent":0,"menu_order":0,"comment_status":"closed","ping_status":"closed","template":"templates\/page_template-basic_for_gutenberg.php","meta":{"_acf_changed":false,"inline_featured_image":false,"footnotes":""},"download_by_lite_tag":[],"class_list":["post-98506","page","type-page","status-publish","hentry"],"yoast_head":"<!-- This site is optimized with the Yoast SEO plugin v22.6 - https:\/\/yoast.com\/wordpress\/plugins\/seo\/ -->\n<title>Verifica\u00e7\u00e3o de v\u00edrus gratuita - verifique se h\u00e1 v\u00edrus por arquivo ou url - Planet VPN<\/title>\n<meta name=\"description\" content=\"Verifica\u00e7\u00e3o de ficheiros\/links para v\u00edrus em linha via Planet VPN\" \/>\n<meta name=\"robots\" content=\"index, follow, max-snippet:-1, max-image-preview:large, max-video-preview:-1\" \/>\n<link rel=\"canonical\" href=\"https:\/\/freevpnplanet.com\/pt\/virus-scan\/\" \/>\n<meta property=\"og:locale\" content=\"pt_PT\" \/>\n<meta property=\"og:type\" content=\"article\" \/>\n<meta property=\"og:title\" content=\"Verifica\u00e7\u00e3o de v\u00edrus gratuita - verifique se h\u00e1 v\u00edrus por arquivo ou url - Planet VPN\" \/>\n<meta property=\"og:description\" content=\"Verifica\u00e7\u00e3o de ficheiros\/links para v\u00edrus em linha via Planet VPN\" \/>\n<meta property=\"og:url\" content=\"https:\/\/freevpnplanet.com\/pt\/virus-scan\/\" \/>\n<meta property=\"og:site_name\" content=\"Planet VPN\" \/>\n<meta property=\"article:modified_time\" content=\"2026-01-20T12:35:44+00:00\" \/>\n<meta name=\"twitter:card\" content=\"summary_large_image\" \/>\n<script type=\"application\/ld+json\" class=\"yoast-schema-graph\">{\"@context\":\"https:\/\/schema.org\",\"@graph\":[{\"@type\":\"WebPage\",\"@id\":\"https:\/\/freevpnplanet.com\/pt\/virus-scan\/\",\"url\":\"https:\/\/freevpnplanet.com\/pt\/virus-scan\/\",\"name\":\"Verifica\u00e7\u00e3o de v\u00edrus gratuita - verifique se h\u00e1 v\u00edrus por arquivo ou url - Planet VPN\",\"isPartOf\":{\"@id\":\"https:\/\/freevpnplanet.com\/pt\/#website\"},\"datePublished\":\"2024-06-03T16:16:22+00:00\",\"dateModified\":\"2026-01-20T12:35:44+00:00\",\"description\":\"Verifica\u00e7\u00e3o de ficheiros\/links para v\u00edrus em linha via Planet VPN\",\"breadcrumb\":{\"@id\":\"https:\/\/freevpnplanet.com\/pt\/virus-scan\/#breadcrumb\"},\"inLanguage\":\"pt\",\"potentialAction\":[{\"@type\":\"ReadAction\",\"target\":[\"https:\/\/freevpnplanet.com\/pt\/virus-scan\/\"]}]},{\"@type\":\"BreadcrumbList\",\"@id\":\"https:\/\/freevpnplanet.com\/pt\/virus-scan\/#breadcrumb\",\"itemListElement\":[{\"@type\":\"ListItem\",\"position\":1,\"name\":\"Home\",\"item\":\"https:\/\/freevpnplanet.com\/pt\/\"},{\"@type\":\"ListItem\",\"position\":2,\"name\":\"Virus scan\"}]},{\"@type\":\"WebSite\",\"@id\":\"https:\/\/freevpnplanet.com\/pt\/#website\",\"url\":\"https:\/\/freevpnplanet.com\/pt\/\",\"name\":\"Planet VPN \ud83d\udee1\ufe0f\ud83c\udf10 Free VPN\",\"description\":\"Free VPN\",\"potentialAction\":[{\"@type\":\"SearchAction\",\"target\":{\"@type\":\"EntryPoint\",\"urlTemplate\":\"https:\/\/freevpnplanet.com\/pt\/?s={search_term_string}\"},\"query-input\":\"required name=search_term_string\"}],\"inLanguage\":\"pt\",\"publisher\":{\"@id\":\"https:\/\/freevpnplanet.com\/pt\/#organization\"}},{\"@context\":\"https:\/\/schema.org\/\",\"@type\":\"SoftwareApplication\",\"name\":\"Planet VPN \ud83d\udee1\ufe0f\ud83c\udf10 Free VPN\",\"operatingSystem\":\"Windows, macOS, iOS, Android, Linux, Chrome\",\"applicationCategory\":\"SecurityApplication\",\"offers\":{\"@type\":\"AggregateOffer\",\"priceCurrency\":\"USD\",\"price\":\"0\",\"lowPrice\":\"0\",\"availability\":\"https:\/\/schema.org\/InStock\"},\"aggregateRating\":{\"@type\":\"AggregateRating\",\"ratingValue\":\"4.8\",\"bestRating\":\"5\",\"ratingCount\":\"12476\"}},{\"@type\":\"Organization\",\"@id\":\"https:\/\/freevpnplanet.com\/pt\/#organization\",\"url\":\"https:\/\/freevpnplanet.com\/pt\/\",\"name\":\"Planet VPN \ud83d\udee1\ufe0f\ud83c\udf10 Free VPN\"}]}<\/script>\n<!-- \/ Yoast SEO plugin. -->","yoast_head_json":{"title":"Verifica\u00e7\u00e3o de v\u00edrus gratuita - verifique se h\u00e1 v\u00edrus por arquivo ou url - Planet VPN","description":"Verifica\u00e7\u00e3o de ficheiros\/links para v\u00edrus em linha via Planet VPN","robots":{"index":"index","follow":"follow","max-snippet":"max-snippet:-1","max-image-preview":"max-image-preview:large","max-video-preview":"max-video-preview:-1"},"canonical":"https:\/\/freevpnplanet.com\/pt\/virus-scan\/","og_locale":"pt_PT","og_type":"article","og_title":"Verifica\u00e7\u00e3o de v\u00edrus gratuita - verifique se h\u00e1 v\u00edrus por arquivo ou url - Planet VPN","og_description":"Verifica\u00e7\u00e3o de ficheiros\/links para v\u00edrus em linha via Planet VPN","og_url":"https:\/\/freevpnplanet.com\/pt\/virus-scan\/","og_site_name":"Planet VPN","article_modified_time":"2026-01-20T12:35:44+00:00","twitter_card":"summary_large_image","schema":{"@context":"https:\/\/schema.org","@graph":[{"@type":"WebPage","@id":"https:\/\/freevpnplanet.com\/pt\/virus-scan\/","url":"https:\/\/freevpnplanet.com\/pt\/virus-scan\/","name":"Verifica\u00e7\u00e3o de v\u00edrus gratuita - verifique se h\u00e1 v\u00edrus por arquivo ou url - Planet VPN","isPartOf":{"@id":"https:\/\/freevpnplanet.com\/pt\/#website"},"datePublished":"2024-06-03T16:16:22+00:00","dateModified":"2026-01-20T12:35:44+00:00","description":"Verifica\u00e7\u00e3o de ficheiros\/links para v\u00edrus em linha via Planet VPN","breadcrumb":{"@id":"https:\/\/freevpnplanet.com\/pt\/virus-scan\/#breadcrumb"},"inLanguage":"pt","potentialAction":[{"@type":"ReadAction","target":["https:\/\/freevpnplanet.com\/pt\/virus-scan\/"]}]},{"@type":"BreadcrumbList","@id":"https:\/\/freevpnplanet.com\/pt\/virus-scan\/#breadcrumb","itemListElement":[{"@type":"ListItem","position":1,"name":"Home","item":"https:\/\/freevpnplanet.com\/pt\/"},{"@type":"ListItem","position":2,"name":"Virus scan"}]},{"@type":"WebSite","@id":"https:\/\/freevpnplanet.com\/pt\/#website","url":"https:\/\/freevpnplanet.com\/pt\/","name":"Planet VPN \ud83d\udee1\ufe0f\ud83c\udf10 Free VPN","description":"Free VPN","potentialAction":[{"@type":"SearchAction","target":{"@type":"EntryPoint","urlTemplate":"https:\/\/freevpnplanet.com\/pt\/?s={search_term_string}"},"query-input":"required name=search_term_string"}],"inLanguage":"pt","publisher":{"@id":"https:\/\/freevpnplanet.com\/pt\/#organization"}},{"@context":"https:\/\/schema.org\/","@type":"SoftwareApplication","name":"Planet VPN \ud83d\udee1\ufe0f\ud83c\udf10 Free VPN","operatingSystem":"Windows, macOS, iOS, Android, Linux, Chrome","applicationCategory":"SecurityApplication","offers":{"@type":"AggregateOffer","priceCurrency":"USD","price":"0","lowPrice":"0","availability":"https:\/\/schema.org\/InStock"},"aggregateRating":{"@type":"AggregateRating","ratingValue":"4.8","bestRating":"5","ratingCount":"12476"}},{"@type":"Organization","@id":"https:\/\/freevpnplanet.com\/pt\/#organization","url":"https:\/\/freevpnplanet.com\/pt\/","name":"Planet VPN \ud83d\udee1\ufe0f\ud83c\udf10 Free VPN"}]}},"acf":[],"_links":{"self":[{"href":"https:\/\/freevpnplanet.com\/pt\/wp-json\/wp\/v2\/pages\/98506","targetHints":{"allow":["GET"]}}],"collection":[{"href":"https:\/\/freevpnplanet.com\/pt\/wp-json\/wp\/v2\/pages"}],"about":[{"href":"https:\/\/freevpnplanet.com\/pt\/wp-json\/wp\/v2\/types\/page"}],"author":[{"embeddable":true,"href":"https:\/\/freevpnplanet.com\/pt\/wp-json\/wp\/v2\/users\/13"}],"replies":[{"embeddable":true,"href":"https:\/\/freevpnplanet.com\/pt\/wp-json\/wp\/v2\/comments?post=98506"}],"version-history":[{"count":3,"href":"https:\/\/freevpnplanet.com\/pt\/wp-json\/wp\/v2\/pages\/98506\/revisions"}],"predecessor-version":[{"id":155568,"href":"https:\/\/freevpnplanet.com\/pt\/wp-json\/wp\/v2\/pages\/98506\/revisions\/155568"}],"wp:attachment":[{"href":"https:\/\/freevpnplanet.com\/pt\/wp-json\/wp\/v2\/media?parent=98506"}],"wp:term":[{"taxonomy":"download_by_lite_tag","embeddable":true,"href":"https:\/\/freevpnplanet.com\/pt\/wp-json\/wp\/v2\/download_by_lite_tag?post=98506"}],"curies":[{"name":"wp","href":"https:\/\/api.w.org\/{rel}","templated":true}]}}