{"id":99292,"date":"2024-05-31T15:55:49","date_gmt":"2024-05-31T12:55:49","guid":{"rendered":"https:\/\/help.freeplanetvpn.com\/password-generator\/"},"modified":"2026-01-20T15:55:04","modified_gmt":"2026-01-20T12:55:04","slug":"password-generator","status":"publish","type":"page","link":"https:\/\/freevpnplanet.com\/pt\/password-generator\/","title":{"rendered":"Password generator"},"content":{"rendered":"\n<section class=\"tools-hero\">\n  <div class=\"tools-hero__inner container\">\n\n    <div class=\"password-generator__wrapper\">\n      <div class=\"password-generator\">\n                  <div class=\"password-generator__text\"><h1 class=\"passGen-title\">Gerador de senhas online &#8211; seguro, aleat\u00f3rio e forte<\/h1>\n<p class=\"passGen-description\">Gere uma senha forte com nosso gerador de senhas. N\u00e3o adie, reduza os riscos de seguran\u00e7a gerando uma senha forte.<\/p><\/div>\n        \n        <div class=\"password-generator__result\">\n          <div class=\"password-generator__password\">\n            <input id=\"password\" type=\"text\" class=\"password-generator__input\" readonly>\n            <button id=\"qa-generate-password\" type=\"button\" class=\"password-generator__generate\" aria-label=\"Gerar\"><\/button>\n            <button id=\"qa-copy-password\" type=\"button\" class=\"password-generator__copy\" aria-label=\"Copiar\"><\/button>\n          <\/div>\n\n          <div id=\"qa-copied-message\" class=\"password-generator__msg\"><\/div>\n          <script>\n            window.success_copied_message = '';\n            window.error_copied_message = '';\n          <\/script>\n          <div class=\"password-generator__power\">\n            <span>Fraco<\/span>\n            <span>Forte<\/span>\n            <b class=\"password-generator__power-line\" style=\"--width:0\"><\/b>\n          <\/div>\n        <\/div>\n\n        <form name=\"passwordGenerator\" method=\"post\" action=\"\" class=\"password-generator__form\">\n          <h2>Configura\u00e7\u00f5es<\/h2>\n          <div class=\"password-generator__characters\">\n            <b>Tipo de caractere<\/b>\n            <label>\n              <input id=\"upperCaseCheckBox\" type=\"checkbox\" name=\"lettersUppercase\" checked \/>\n              <span>Mai\u00fasculas<\/span>\n            <\/label>\n            <label>\n              <input id=\"lowerCaseCheckBox\" type=\"checkbox\" name=\"lettersLowercase\" checked \/>\n              <span>Min\u00fasculas<\/span>\n            <\/label>\n          <\/div>\n\n          <div class=\"password-generator__slider\">\n            <b>Comprimento <span class=\"password-generator__lengthValue-span\">12<\/span><\/b>\n            <label>\n              <input id=\"qa-length\" type=\"range\" min=\"6\" max=\"20\" value=\"12\" name=\"lengthValue\" \/>\n            <\/label>\n          <\/div>\n\n          <div class=\"password-generator__slider\">\n            <b>D\u00edgitos <span class=\"password-generator__digitsValue-span\">4<\/span><\/b>\n            <label>\n              <input id=\"qa-digits\" type=\"range\" min=\"0\" max=\"20\" value=\"4\" name=\"digitsValue\" \/>\n            <\/label>\n          <\/div>\n\n          <div class=\"password-generator__slider\">\n            <b>S\u00edmbolos <span class=\"password-generator__symbolsValue-span\">2<\/span><\/b>\n            <label>\n              <input id=\"qa-symbols\" type=\"range\" min=\"0\" max=\"20\" value=\"2\" name=\"symbolsValue\" \/>\n            <\/label>\n          <\/div>\n\n        <\/form>\n      <\/div>\n\n    <\/div>\n  <\/div>\n\n  <div class=\"tools-hero__menu\"><ul id=\"menu-tools-menu-portuguese-portugal\" class=\"menu\"><li id=\"menu-item-117473\" class=\"menu-item menu-item-type-post_type menu-item-object-page menu-item-117473\"><a href=\"https:\/\/freevpnplanet.com\/pt\/dns-check\/\">DNS check<\/a><\/li>\n<li id=\"menu-item-117474\" class=\"menu-item menu-item-type-post_type menu-item-object-page menu-item-117474\"><a href=\"https:\/\/freevpnplanet.com\/pt\/web-rtc\/\">Web RTC<\/a><\/li>\n<li id=\"menu-item-117501\" class=\"menu-item menu-item-type-post_type menu-item-object-page menu-item-117501\"><a href=\"https:\/\/freevpnplanet.com\/pt\/virus-scan\/\">Virus scan<\/a><\/li>\n<li id=\"menu-item-117502\" class=\"menu-item menu-item-type-post_type menu-item-object-page menu-item-117502\"><a href=\"https:\/\/freevpnplanet.com\/pt\/ip-check\/\">IP Check<\/a><\/li>\n<li id=\"menu-item-117503\" class=\"menu-item menu-item-type-post_type menu-item-object-page menu-item-117503\"><a href=\"https:\/\/freevpnplanet.com\/pt\/password-generator\/\">Password generator<\/a><\/li>\n<\/ul><\/div>\n<\/section>\n\n<section class=\"two-col-content custom-block align-full  rtl ratio-normal text image-visible-on-mobile-no\" style='--background-color:var(--background-blue)'>\n\n    <div class=\"gutenberg-block-background\"><\/div>\n    <div class=\"two-col-content__container inner-container\">\n        \n                    <div class=\"two-col-content__description\"><p>O gerador de senhas online \u00e9 uma ferramenta gratuita para criar senhas exclusivas e complexas. Perfeito para quem deseja ter uma senha complexa para registrar-se no site, em uma loja virtual ou em v\u00e1rios servi\u00e7os online.<\/p>\n<p>Al\u00e9m disso, voc\u00ea pode configurar a senha apenas para si mesmo, usando configura\u00e7\u00f5es diferentes. Todas as senhas s\u00e3o geradas aleatoriamente, o que garante alta seguran\u00e7a.<\/p>\n<p>Use nosso gerador para criar uma senha segura. Primeiro, defina o tamanho da senha (recomendamos pelo menos 8 caracteres) e escolha a dificuldade da senha. Verifique se ser\u00e3o usadas somente letras mai\u00fasculas ou min\u00fasculas. Especifique quantos n\u00fameros estar\u00e3o na senha e quantos outros caracteres, se forem necess\u00e1rios. Nosso gerador de senhas online gerar\u00e1 automaticamente uma senha aleatoriamente de acordo com seus par\u00e2metros e voc\u00ea precisar\u00e1 apenas copi\u00e1-la.<\/p>\n<p>Se de repente a senha lhe pareceu esquec\u00edvel ou simplesmente n\u00e3o se encaixa, voc\u00ea sempre pode clicar no bot\u00e3o de gera\u00e7\u00e3o de nova senha ou alterar as configura\u00e7\u00f5es.<\/p>\n<blockquote>\n<p>Observa\u00e7\u00e3o: a senha \u00e9 gerada no seu dispositivo, ent\u00e3o nem n\u00f3s podemos saber. Para que ningu\u00e9m possa interceptar sua senha forte na rede quando voc\u00ea a digita em qualquer site, use nosso servi\u00e7o VPN com criptografia forte.<\/p>\n<\/blockquote><\/div>\n        \n                                    <h2 class=\"two-col-content__text\">COMO CRIAR UMA SENHA SEGURA?<\/h2>\n                    \n            <\/div>\n<\/section>","protected":false},"excerpt":{"rendered":"","protected":false},"author":13,"featured_media":0,"parent":0,"menu_order":0,"comment_status":"closed","ping_status":"closed","template":"templates\/page_template-basic_for_gutenberg.php","meta":{"_acf_changed":false,"inline_featured_image":false,"footnotes":""},"download_by_lite_tag":[],"class_list":["post-99292","page","type-page","status-publish","hentry"],"yoast_head":"<!-- This site is optimized with the Yoast SEO plugin v22.6 - https:\/\/yoast.com\/wordpress\/plugins\/seo\/ -->\n<title>Gerador de senhas - senha aleat\u00f3ria e forte - Planet VPN<\/title>\n<meta name=\"description\" content=\"Gere uma senha forte com nosso gerador de senhas. N\u00e3o adie, reduza os riscos de seguran\u00e7a gerando uma senha forte.\" \/>\n<meta name=\"robots\" content=\"index, follow, max-snippet:-1, max-image-preview:large, max-video-preview:-1\" \/>\n<link rel=\"canonical\" href=\"https:\/\/freevpnplanet.com\/pt\/password-generator\/\" \/>\n<meta property=\"og:locale\" content=\"pt_PT\" \/>\n<meta property=\"og:type\" content=\"article\" \/>\n<meta property=\"og:title\" content=\"Gerador de senhas - senha aleat\u00f3ria e forte - Planet VPN\" \/>\n<meta property=\"og:description\" content=\"Gere uma senha forte com nosso gerador de senhas. N\u00e3o adie, reduza os riscos de seguran\u00e7a gerando uma senha forte.\" \/>\n<meta property=\"og:url\" content=\"https:\/\/freevpnplanet.com\/pt\/password-generator\/\" \/>\n<meta property=\"og:site_name\" content=\"Planet VPN\" \/>\n<meta property=\"article:modified_time\" content=\"2026-01-20T12:55:04+00:00\" \/>\n<meta name=\"twitter:card\" content=\"summary_large_image\" \/>\n<script type=\"application\/ld+json\" class=\"yoast-schema-graph\">{\"@context\":\"https:\/\/schema.org\",\"@graph\":[{\"@type\":\"WebPage\",\"@id\":\"https:\/\/freevpnplanet.com\/pt\/password-generator\/\",\"url\":\"https:\/\/freevpnplanet.com\/pt\/password-generator\/\",\"name\":\"Gerador de senhas - senha aleat\u00f3ria e forte - Planet VPN\",\"isPartOf\":{\"@id\":\"https:\/\/freevpnplanet.com\/pt\/#website\"},\"datePublished\":\"2024-05-31T12:55:49+00:00\",\"dateModified\":\"2026-01-20T12:55:04+00:00\",\"description\":\"Gere uma senha forte com nosso gerador de senhas. N\u00e3o adie, reduza os riscos de seguran\u00e7a gerando uma senha forte.\",\"breadcrumb\":{\"@id\":\"https:\/\/freevpnplanet.com\/pt\/password-generator\/#breadcrumb\"},\"inLanguage\":\"pt\",\"potentialAction\":[{\"@type\":\"ReadAction\",\"target\":[\"https:\/\/freevpnplanet.com\/pt\/password-generator\/\"]}]},{\"@type\":\"BreadcrumbList\",\"@id\":\"https:\/\/freevpnplanet.com\/pt\/password-generator\/#breadcrumb\",\"itemListElement\":[{\"@type\":\"ListItem\",\"position\":1,\"name\":\"Home\",\"item\":\"https:\/\/freevpnplanet.com\/pt\/\"},{\"@type\":\"ListItem\",\"position\":2,\"name\":\"Password generator\"}]},{\"@type\":\"WebSite\",\"@id\":\"https:\/\/freevpnplanet.com\/pt\/#website\",\"url\":\"https:\/\/freevpnplanet.com\/pt\/\",\"name\":\"Planet VPN \ud83d\udee1\ufe0f\ud83c\udf10 Free VPN\",\"description\":\"Free VPN\",\"potentialAction\":[{\"@type\":\"SearchAction\",\"target\":{\"@type\":\"EntryPoint\",\"urlTemplate\":\"https:\/\/freevpnplanet.com\/pt\/?s={search_term_string}\"},\"query-input\":\"required name=search_term_string\"}],\"inLanguage\":\"pt\",\"publisher\":{\"@id\":\"https:\/\/freevpnplanet.com\/pt\/#organization\"}},{\"@context\":\"https:\/\/schema.org\/\",\"@type\":\"SoftwareApplication\",\"name\":\"Planet VPN \ud83d\udee1\ufe0f\ud83c\udf10 Free VPN\",\"operatingSystem\":\"Windows, macOS, iOS, Android, Linux, Chrome\",\"applicationCategory\":\"SecurityApplication\",\"offers\":{\"@type\":\"AggregateOffer\",\"priceCurrency\":\"USD\",\"price\":\"0\",\"lowPrice\":\"0\",\"availability\":\"https:\/\/schema.org\/InStock\"},\"aggregateRating\":{\"@type\":\"AggregateRating\",\"ratingValue\":\"4.8\",\"bestRating\":\"5\",\"ratingCount\":\"12476\"}},{\"@type\":\"Organization\",\"@id\":\"https:\/\/freevpnplanet.com\/pt\/#organization\",\"url\":\"https:\/\/freevpnplanet.com\/pt\/\",\"name\":\"Planet VPN \ud83d\udee1\ufe0f\ud83c\udf10 Free VPN\"}]}<\/script>\n<!-- \/ Yoast SEO plugin. -->","yoast_head_json":{"title":"Gerador de senhas - senha aleat\u00f3ria e forte - Planet VPN","description":"Gere uma senha forte com nosso gerador de senhas. N\u00e3o adie, reduza os riscos de seguran\u00e7a gerando uma senha forte.","robots":{"index":"index","follow":"follow","max-snippet":"max-snippet:-1","max-image-preview":"max-image-preview:large","max-video-preview":"max-video-preview:-1"},"canonical":"https:\/\/freevpnplanet.com\/pt\/password-generator\/","og_locale":"pt_PT","og_type":"article","og_title":"Gerador de senhas - senha aleat\u00f3ria e forte - Planet VPN","og_description":"Gere uma senha forte com nosso gerador de senhas. N\u00e3o adie, reduza os riscos de seguran\u00e7a gerando uma senha forte.","og_url":"https:\/\/freevpnplanet.com\/pt\/password-generator\/","og_site_name":"Planet VPN","article_modified_time":"2026-01-20T12:55:04+00:00","twitter_card":"summary_large_image","schema":{"@context":"https:\/\/schema.org","@graph":[{"@type":"WebPage","@id":"https:\/\/freevpnplanet.com\/pt\/password-generator\/","url":"https:\/\/freevpnplanet.com\/pt\/password-generator\/","name":"Gerador de senhas - senha aleat\u00f3ria e forte - Planet VPN","isPartOf":{"@id":"https:\/\/freevpnplanet.com\/pt\/#website"},"datePublished":"2024-05-31T12:55:49+00:00","dateModified":"2026-01-20T12:55:04+00:00","description":"Gere uma senha forte com nosso gerador de senhas. N\u00e3o adie, reduza os riscos de seguran\u00e7a gerando uma senha forte.","breadcrumb":{"@id":"https:\/\/freevpnplanet.com\/pt\/password-generator\/#breadcrumb"},"inLanguage":"pt","potentialAction":[{"@type":"ReadAction","target":["https:\/\/freevpnplanet.com\/pt\/password-generator\/"]}]},{"@type":"BreadcrumbList","@id":"https:\/\/freevpnplanet.com\/pt\/password-generator\/#breadcrumb","itemListElement":[{"@type":"ListItem","position":1,"name":"Home","item":"https:\/\/freevpnplanet.com\/pt\/"},{"@type":"ListItem","position":2,"name":"Password generator"}]},{"@type":"WebSite","@id":"https:\/\/freevpnplanet.com\/pt\/#website","url":"https:\/\/freevpnplanet.com\/pt\/","name":"Planet VPN \ud83d\udee1\ufe0f\ud83c\udf10 Free VPN","description":"Free VPN","potentialAction":[{"@type":"SearchAction","target":{"@type":"EntryPoint","urlTemplate":"https:\/\/freevpnplanet.com\/pt\/?s={search_term_string}"},"query-input":"required name=search_term_string"}],"inLanguage":"pt","publisher":{"@id":"https:\/\/freevpnplanet.com\/pt\/#organization"}},{"@context":"https:\/\/schema.org\/","@type":"SoftwareApplication","name":"Planet VPN \ud83d\udee1\ufe0f\ud83c\udf10 Free VPN","operatingSystem":"Windows, macOS, iOS, Android, Linux, Chrome","applicationCategory":"SecurityApplication","offers":{"@type":"AggregateOffer","priceCurrency":"USD","price":"0","lowPrice":"0","availability":"https:\/\/schema.org\/InStock"},"aggregateRating":{"@type":"AggregateRating","ratingValue":"4.8","bestRating":"5","ratingCount":"12476"}},{"@type":"Organization","@id":"https:\/\/freevpnplanet.com\/pt\/#organization","url":"https:\/\/freevpnplanet.com\/pt\/","name":"Planet VPN \ud83d\udee1\ufe0f\ud83c\udf10 Free VPN"}]}},"acf":[],"_links":{"self":[{"href":"https:\/\/freevpnplanet.com\/pt\/wp-json\/wp\/v2\/pages\/99292","targetHints":{"allow":["GET"]}}],"collection":[{"href":"https:\/\/freevpnplanet.com\/pt\/wp-json\/wp\/v2\/pages"}],"about":[{"href":"https:\/\/freevpnplanet.com\/pt\/wp-json\/wp\/v2\/types\/page"}],"author":[{"embeddable":true,"href":"https:\/\/freevpnplanet.com\/pt\/wp-json\/wp\/v2\/users\/13"}],"replies":[{"embeddable":true,"href":"https:\/\/freevpnplanet.com\/pt\/wp-json\/wp\/v2\/comments?post=99292"}],"version-history":[{"count":1,"href":"https:\/\/freevpnplanet.com\/pt\/wp-json\/wp\/v2\/pages\/99292\/revisions"}],"predecessor-version":[{"id":189488,"href":"https:\/\/freevpnplanet.com\/pt\/wp-json\/wp\/v2\/pages\/99292\/revisions\/189488"}],"wp:attachment":[{"href":"https:\/\/freevpnplanet.com\/pt\/wp-json\/wp\/v2\/media?parent=99292"}],"wp:term":[{"taxonomy":"download_by_lite_tag","embeddable":true,"href":"https:\/\/freevpnplanet.com\/pt\/wp-json\/wp\/v2\/download_by_lite_tag?post=99292"}],"curies":[{"name":"wp","href":"https:\/\/api.w.org\/{rel}","templated":true}]}}