{"id":99980,"date":"2024-05-30T10:37:13","date_gmt":"2024-05-30T07:37:13","guid":{"rendered":"https:\/\/help.freeplanetvpn.com\/listen-to-music-radio-online-download-mp3\/"},"modified":"2025-07-22T11:06:57","modified_gmt":"2025-07-22T08:06:57","slug":"listen-to-music-radio-online-download-mp3","status":"publish","type":"page","link":"https:\/\/freevpnplanet.com\/pt\/listen-to-music-radio-online-download-mp3\/","title":{"rendered":"Listen to music radio online download mp3"},"content":{"rendered":"\n<section class=\"image-text custom-block align-full bg-circle  mobile-image-bottom mobile-title-center  header-size-medium text-size-small   content-left\" style='overflow: hidden;;--background-color:var(--dark-blue-0); --text-color:var(--white);--min-height-mobile:400px;--min-height-desktop:676px;--content-width:50%'>\n\n    <div class=\"gutenberg-block-background\"><\/div>\n    <div class=\"image-text__inner inner-container\">\n\n        \n                    <div class=\"image-text__content\">\n\n                <h1>VPN gr\u00e1tis para baixar e ouvir m\u00fasica<\/h1>\n<p><span data-sheets-root=\"1\">O seu provedor ou administrador do sistema bloqueou o acesso \u00e0 sua esta\u00e7\u00e3o de r\u00e1dio online favorita? Seu acesso ao download de m\u00fasicas em MP3 foi restrito?<\/span><\/p>\n<p>&#8211;\u00a0N\u00e3o se preocupe, existe a Planet VPN para isso! Nosso servi\u00e7o criptografar\u00e1 seus dados com seguran\u00e7a, o que ignorar\u00e1 a restri\u00e7\u00e3o sem perder velocidade!<\/p>\n                                    <div class=\"image-text__cta\">\n                        <a href=\"\/pt\/plans\/\" target=\"_self\" id=\"qa-hero-btn-cta\" class=\"cta download-by-platform cta--with-border cta-size--small cta-mt--initial icon-position--icon-left\" style=\"--border-radius:40px\"><span class=\"cta__name\">Download gr\u00e1tis<\/span><\/a>                    <\/div>\n                \n            <\/div>\n        \n                    <div class=\"bg-image-wrapper bg-image-wrapper--desktop right image-align--center\">\n                <figure style='--image-max-width:1000px;--image-opacity:1.00;width: calc(46% - 20px)'>\n                    <img decoding=\"async\" width=\"608\" height=\"459\" src=\"https:\/\/freevpnplanet.com\/wp-content\/uploads\/2024\/05\/rvpn-music-main-image-20240530_104212_904697.svg\" class=\"bg-image\" alt=\"Background Image for Desktop\" \/>                <\/figure>\n            <\/div>\n        \n                    <div class=\"bg-image-wrapper bg-image-wrapper--mobile regular-image\">\n                <figure style='width: 100%;max-width: 480px;opacity: 1.00;margin-top: 24px'>\n                    <img decoding=\"async\" width=\"608\" height=\"459\" src=\"https:\/\/freevpnplanet.com\/wp-content\/uploads\/2024\/05\/rvpn-music-main-image-20240530_104212_904697.svg\" class=\"bg-image\" alt=\"Background Image for Mobile\" \/>                <\/figure>\n            <\/div>\n            <\/div>\n<\/section>\n\n\n<section class=\"image-text-static-image custom-block align-none  mobile-image-bottom   header-size-small text-size-small  \" style=''>\n\n    <div class=\"gutenberg-block-background\"><\/div>\n    <div class=\"image-text-static-image__inner inner-container\">\n                    <div class=\"image-text-static-image__content content-right\" style='--content-width: 50%'>\n                                    <div class=\"image-text-static-image__title\">\n                        <h2 >\u00c9 poss\u00edvel ouvir m\u00fasica e r\u00e1dio online sem restri\u00e7\u00f5es?<\/h2>                    <\/div>\n                \n                <p>Anteriormente, o usu\u00e1rio da Internet tinha acesso a praticamente qualquer m\u00fasica e r\u00e1dio online. No entanto, com a implementa\u00e7\u00e3o de restri\u00e7\u00f5es, a pessoa comum s\u00f3 pode ouvir as trilhas sonoras e as esta\u00e7\u00f5es de r\u00e1dio permitidas em seu pa\u00eds.<\/p>\n<p>Com essas restri\u00e7\u00f5es, o usu\u00e1rio recebe uma mensagem correspondente ao tentar ativar uma m\u00fasica bloqueada ou ao conectar-se a um r\u00e1dio online. Voc\u00ea pode resolver o problema com a ajuda da Planet VPN. Usando uma VPN, voc\u00ea criptografa com seguran\u00e7a todos os dados transmitidos e recebidos, al\u00e9m de alterar seu IP, para contornar a restri\u00e7\u00e3o e ouvir r\u00e1dio e m\u00fasica on-line sem restri\u00e7\u00f5es e perda de velocidade.<\/p>\n                \n                \n\n            <\/div>\n        \n                    <div class=\"bg-image-wrapper bg-image-wrapper--desktop  left image-align--center\" style='--image-max-width: 50%'>\n                <figure>\n                    <img width=\"545\" height=\"457\" src=\"https:\/\/freevpnplanet.com\/wp-content\/uploads\/2024\/05\/rvpn-music-party-20240530_104215_523471.svg\" class=\"attachment-full size-full\" alt=\"\" loading=\"lazy\" decoding=\"sync\" fetchpriority=\"low\" style=\"max-width:545px\" sizes=\"auto, (max-width: 545px) 100vw, 545px\" aria-hidden=\"true\" \/>                    <!-- <img decoding=\"async\" width=\"545\" height=\"457\" src=\"https:\/\/freevpnplanet.com\/wp-content\/uploads\/2024\/05\/rvpn-music-party-20240530_104215_523471.svg\" class=\"attachment-full size-full\" alt=\"\" style=\"max-width:545px\" \/> -->\n                <\/figure>\n            <\/div>\n        \n            <\/div>\n<\/section>\n\n\n<section class=\"cta-section custom-block align-full \" style=''>\n\n    <div class=\"gutenberg-block-background\"><\/div>\n    <div class=\"cta-section__inner\">\n                    <div class=\"cta-section__cta\">\n                                    <a href=\"\/pt\/plans\/\" target=\"_self\" id=\"qa-banner-middle-cta\" class=\"cta download-by-platform cta--with-border cta-size--small cta-mt--initial icon-position--icon-left\" style=\"--border-radius:40px\"><span class=\"cta__name\">Download gr\u00e1tis<\/span><\/a>                            <\/div>\n            <\/div>\n<\/section>\n\n\n<div class=\"wp-block-group alignfull has-background-blue-background-color has-background is-content-justification-center is-nowrap is-layout-flex wp-container-core-group-is-layout-1 wp-block-group-is-layout-flex\">\n<div class=\"wp-block-columns wp-container-content-1 is-layout-flex wp-container-core-columns-is-layout-1 wp-block-columns-is-layout-flex row-gap--20 stack-breakpoint--768\">\n<div class=\"wp-block-column is-layout-flow wp-block-column-is-layout-flow\">\n<section class=\"advanced-steps custom-block align-none  align-desktop-left align-mobile-left font-normal three-columns title-small image-shadow\" style='--background-color:var(--dark-blue-8); --text-color:var(--dark-blue-1)'>\n\n    <div class=\"gutenberg-block-background\"><\/div>\n    <div class=\"advanced-steps__container inner-container\">\n                    <div class=\"advanced-steps__intro\">\n                <h2><span data-sheets-root=\"1\">Como ouvir m\u00fasica e r\u00e1dio online, baixar MP3s sem bloqueio?<\/span><\/h2>\n<p>S\u00e3o necess\u00e1rios apenas tr\u00eas passos para desbloquear uma esta\u00e7\u00e3o de r\u00e1dio online, um servi\u00e7o de m\u00fasica ou um site para baixar m\u00fasicas em MP3!<\/p>            <\/div>\n        \n        <ul class=\"advanced-steps__list advanced-steps__list--download-steps\" style='--columns-gap:50px'>\n                            <li style='--max-width:px'>\n                                            <h2 class=\"step-title\">1. Baixar<\/h2>\n                    \n                                            <div class=\"image-wrapper\">\n                            <img decoding=\"async\" width=\"220\" height=\"171\" src=\"https:\/\/freevpnplanet.com\/wp-content\/uploads\/2024\/05\/rvpn-steps-2-20240530_105342_800846.svg\" class=\"attachment-full size-full\" alt=\"Step 2\" \/>                        <\/div>\n\n                                                    <p><a href=\"https:\/\/freevpnplanet.com\/pt\/download\/\" target=\"_blank\" rel=\"noopener\" id=\"qa-advanced-step-content-link\"><span data-sheets-root=\"1\">Baixar <\/span><\/a><span data-sheets-root=\"1\">e instalar o aplicativo VPN em seu dispositivo<\/span><\/p>                                                            <\/li>\n                                <li style='--max-width:px'>\n                                            <h2 class=\"step-title\">2. Conectar<\/h2>\n                    \n                                            <div class=\"image-wrapper\">\n                            <img decoding=\"async\" width=\"219\" height=\"170\" src=\"https:\/\/freevpnplanet.com\/wp-content\/uploads\/2024\/05\/rvpn-steps-1-20240530_105340_042416.svg\" class=\"attachment-full size-full\" alt=\"Step 1\" \/>                        <\/div>\n\n                                                    <p><span data-sheets-root=\"1\">Estabele\u00e7a conex\u00e3o com um de nossos dispositivos<\/span><\/p>                                                            <\/li>\n                                <li style='--max-width:px'>\n                                            <h2 class=\"step-title\">3. Usar<\/h2>\n                    \n                                            <div class=\"image-wrapper\">\n                            <img decoding=\"async\" width=\"219\" height=\"170\" src=\"https:\/\/freevpnplanet.com\/wp-content\/uploads\/2024\/05\/rvpn-steps-3-20240530_105345_576093.svg\" class=\"attachment-full size-full\" alt=\"Step 3\" \/>                        <\/div>\n\n                                                    <p><span data-sheets-root=\"1\">Visite qualquer site sem restri\u00e7\u00f5es<\/span><\/p>                                                            <\/li>\n                        <\/ul>\n\n                    <div class=\"advanced-steps__cta\">\n                <a href=\"\/pt\/plans\/\" target=\"_self\" id=\"qa-btn-advanced-steps-cta\" class=\"cta download-by-platform cta--with-border cta-size--small cta-mt--initial icon-position--icon-left\" style=\"--border-radius:40px\"><span class=\"cta__name\">Download gr\u00e1tis<\/span><\/a>            <\/div>\n        \n        \n        \n\n    <\/div>\n<\/section>\n<\/div>\n<\/div>\n<\/div>\n\n\n\n<section class=\"image-text-static-image custom-block align-none  mobile-image-bottom   header-size-small text-size-small  pb-0--desktop\" style=''>\n\n    <div class=\"gutenberg-block-background\"><\/div>\n    <div class=\"image-text-static-image__inner inner-container\">\n                    <div class=\"image-text-static-image__content content-left\" style='--content-width: 50%'>\n                                    <div class=\"image-text-static-image__title\">\n                        <h2 >Posso baixar m\u00fasicas em MP3 se o site estiver bloqueado?<\/h2>                    <\/div>\n                \n                <p>Sim, mesmo agora, na era das restri\u00e7\u00f5es na Internet, todos podem ouvir e baixar qualquer m\u00fasica que desejarem. Isso pode ser feito usando nosso servi\u00e7o VPN. VPN \u00e9 um canal de dados seguro entre v\u00e1rios dispositivos. As VPNs s\u00e3o usadas para proteger o tr\u00e1fego da Internet contra intrusos e censura. Com a Planet VPN, voc\u00ea pode ouvir m\u00fasica online e baixar arquivos MP3 de recursos bloqueados em qualquer dispositivo.<\/p>\n<p>Estamos constantemente aprimorando nossa rede para fornecer a maior velocidade poss\u00edvel e banda larga ilimitada para escutar m\u00fasica e baixar arquivos MP3.<\/p>\n                \n                \n\n            <\/div>\n        \n                    <div class=\"bg-image-wrapper bg-image-wrapper--desktop  right image-align--center\" style='--image-max-width: 50%'>\n                <figure>\n                    <img width=\"479\" height=\"479\" src=\"https:\/\/freevpnplanet.com\/wp-content\/uploads\/2024\/05\/rvpn-blocked.9e861a11-20240529_094058_811851.svg\" class=\"attachment-full size-full\" alt=\"\" loading=\"lazy\" decoding=\"sync\" fetchpriority=\"low\" style=\"max-width:480px\" sizes=\"auto, (max-width: 480px) 100vw, 480px\" aria-hidden=\"true\" \/>                    <!-- <img decoding=\"async\" width=\"479\" height=\"479\" src=\"https:\/\/freevpnplanet.com\/wp-content\/uploads\/2024\/05\/rvpn-blocked.9e861a11-20240529_094058_811851.svg\" class=\"attachment-full size-full\" alt=\"\" style=\"max-width:480px\" \/> -->\n                <\/figure>\n            <\/div>\n        \n            <\/div>\n<\/section>\n\n\n<section class=\"image-text-static-image custom-block align-none  mobile-image-bottom   header-size-small text-size-small  \" style=''>\n\n    <div class=\"gutenberg-block-background\"><\/div>\n    <div class=\"image-text-static-image__inner inner-container\">\n                    <div class=\"image-text-static-image__content content-right\" style='--content-width: 50%'>\n                                    <div class=\"image-text-static-image__title\">\n                        <h2 >A PLANET VPN SUPERA AS PROIBI\u00c7\u00d5ES!<\/h2>                    <\/div>\n                \n                <p>Se voc\u00ea quiser ouvir m\u00fasica on-line em qualquer dispositivo sem atraso e \/ ou baixar m\u00fasicas na forma de MP3, a Planet VPN \u00e9 feita para voc\u00ea!<\/p>\n<p>A Planet VPN executa v\u00e1rias fun\u00e7\u00f5es ao mesmo tempo: criptografar a rede, proteger de criminosos maliciosos os dados transmitidos e recebidos por voc\u00ea no tr\u00e1fego da Internet, manter o anonimato e fornecer acesso a todos os recursos on-line, ignorando as restri\u00e7\u00f5es.<\/p>\n                                    <div class=\"image-text-static-image__cta\">\n                                                    <a href=\"\/pt\/plans\/\" target=\"_self\" id=\"qa-btn-bottom-cta\" class=\"cta download-by-platform cta--with-border cta-size--small cta-mt--initial icon-position--icon-left\" style=\"--border-radius:40px\"><span class=\"cta__name\">Download gr\u00e1tis<\/span><\/a>                                            <\/div>\n                \n                \n\n            <\/div>\n        \n                    <div class=\"bg-image-wrapper bg-image-wrapper--desktop  left image-align--center\" style='--image-max-width: 50%'>\n                <figure>\n                    <img width=\"585\" height=\"401\" src=\"https:\/\/freevpnplanet.com\/wp-content\/uploads\/2024\/05\/rvpn-music-dance-20240530_104209_519514.svg\" class=\"attachment-full size-full\" alt=\"\" loading=\"lazy\" decoding=\"sync\" fetchpriority=\"low\" style=\"max-width:585px\" sizes=\"auto, (max-width: 585px) 100vw, 585px\" aria-hidden=\"true\" \/>                    <!-- <img decoding=\"async\" width=\"585\" height=\"401\" src=\"https:\/\/freevpnplanet.com\/wp-content\/uploads\/2024\/05\/rvpn-music-dance-20240530_104209_519514.svg\" class=\"attachment-full size-full\" alt=\"\" style=\"max-width:585px\" \/> -->\n                <\/figure>\n            <\/div>\n        \n            <\/div>\n<\/section>","protected":false},"excerpt":{"rendered":"","protected":false},"author":13,"featured_media":0,"parent":0,"menu_order":0,"comment_status":"closed","ping_status":"closed","template":"templates\/page_template-basic_for_gutenberg.php","meta":{"_acf_changed":false,"inline_featured_image":false,"footnotes":""},"download_by_lite_tag":[],"class_list":["post-99980","page","type-page","status-publish","hentry"],"yoast_head":"<!-- This site is optimized with the Yoast SEO plugin v22.6 - https:\/\/yoast.com\/wordpress\/plugins\/seo\/ -->\n<title>Free VPN para baixar e ouvir m\u00fasica - sua m\u00fasica favorita com VPN gr\u00e1tis<\/title>\n<meta name=\"description\" content=\"A Planet VPN poder\u00e1 ajud\u00e1-loa resolver problemas relacionados a restri\u00e7\u00f5es no acesso ao conte\u00fado musical. Usando uma VPN, voc\u00ea pode ouvir m\u00fasica em servi\u00e7os que n\u00e3o est\u00e3o dispon\u00edveis no seu pa\u00eds.\" \/>\n<meta name=\"robots\" content=\"index, follow, max-snippet:-1, max-image-preview:large, max-video-preview:-1\" \/>\n<link rel=\"canonical\" href=\"https:\/\/freevpnplanet.com\/pt\/listen-to-music-radio-online-download-mp3\/\" \/>\n<meta property=\"og:locale\" content=\"pt_PT\" \/>\n<meta property=\"og:type\" content=\"article\" \/>\n<meta property=\"og:title\" content=\"Free VPN para baixar e ouvir m\u00fasica - sua m\u00fasica favorita com VPN gr\u00e1tis\" \/>\n<meta property=\"og:description\" content=\"A Planet VPN poder\u00e1 ajud\u00e1-loa resolver problemas relacionados a restri\u00e7\u00f5es no acesso ao conte\u00fado musical. Usando uma VPN, voc\u00ea pode ouvir m\u00fasica em servi\u00e7os que n\u00e3o est\u00e3o dispon\u00edveis no seu pa\u00eds.\" \/>\n<meta property=\"og:url\" content=\"https:\/\/freevpnplanet.com\/pt\/listen-to-music-radio-online-download-mp3\/\" \/>\n<meta property=\"og:site_name\" content=\"Planet VPN\" \/>\n<meta property=\"article:modified_time\" content=\"2025-07-22T08:06:57+00:00\" \/>\n<meta name=\"twitter:card\" content=\"summary_large_image\" \/>\n<script type=\"application\/ld+json\" class=\"yoast-schema-graph\">{\"@context\":\"https:\/\/schema.org\",\"@graph\":[{\"@type\":\"WebPage\",\"@id\":\"https:\/\/freevpnplanet.com\/pt\/listen-to-music-radio-online-download-mp3\/\",\"url\":\"https:\/\/freevpnplanet.com\/pt\/listen-to-music-radio-online-download-mp3\/\",\"name\":\"Free VPN para baixar e ouvir m\u00fasica - sua m\u00fasica favorita com VPN gr\u00e1tis\",\"isPartOf\":{\"@id\":\"https:\/\/freevpnplanet.com\/pt\/#website\"},\"datePublished\":\"2024-05-30T07:37:13+00:00\",\"dateModified\":\"2025-07-22T08:06:57+00:00\",\"description\":\"A Planet VPN poder\u00e1 ajud\u00e1-loa resolver problemas relacionados a restri\u00e7\u00f5es no acesso ao conte\u00fado musical. Usando uma VPN, voc\u00ea pode ouvir m\u00fasica em servi\u00e7os que n\u00e3o est\u00e3o dispon\u00edveis no seu pa\u00eds.\",\"breadcrumb\":{\"@id\":\"https:\/\/freevpnplanet.com\/pt\/listen-to-music-radio-online-download-mp3\/#breadcrumb\"},\"inLanguage\":\"pt\",\"potentialAction\":[{\"@type\":\"ReadAction\",\"target\":[\"https:\/\/freevpnplanet.com\/pt\/listen-to-music-radio-online-download-mp3\/\"]}]},{\"@type\":\"BreadcrumbList\",\"@id\":\"https:\/\/freevpnplanet.com\/pt\/listen-to-music-radio-online-download-mp3\/#breadcrumb\",\"itemListElement\":[{\"@type\":\"ListItem\",\"position\":1,\"name\":\"Home\",\"item\":\"https:\/\/freevpnplanet.com\/pt\/\"},{\"@type\":\"ListItem\",\"position\":2,\"name\":\"Listen to music radio online download mp3\"}]},{\"@type\":\"WebSite\",\"@id\":\"https:\/\/freevpnplanet.com\/pt\/#website\",\"url\":\"https:\/\/freevpnplanet.com\/pt\/\",\"name\":\"Planet VPN \ud83d\udee1\ufe0f\ud83c\udf10 Free VPN\",\"description\":\"Free VPN\",\"potentialAction\":[{\"@type\":\"SearchAction\",\"target\":{\"@type\":\"EntryPoint\",\"urlTemplate\":\"https:\/\/freevpnplanet.com\/pt\/?s={search_term_string}\"},\"query-input\":\"required name=search_term_string\"}],\"inLanguage\":\"pt\",\"publisher\":{\"@id\":\"https:\/\/freevpnplanet.com\/pt\/#organization\"}},{\"@context\":\"https:\/\/schema.org\/\",\"@type\":\"SoftwareApplication\",\"name\":\"Planet VPN \ud83d\udee1\ufe0f\ud83c\udf10 Free VPN\",\"operatingSystem\":\"Windows, macOS, iOS, Android, Linux, Chrome\",\"applicationCategory\":\"SecurityApplication\",\"offers\":{\"@type\":\"AggregateOffer\",\"priceCurrency\":\"USD\",\"price\":\"0\",\"lowPrice\":\"0\",\"availability\":\"https:\/\/schema.org\/InStock\"},\"aggregateRating\":{\"@type\":\"AggregateRating\",\"ratingValue\":\"4.8\",\"bestRating\":\"5\",\"ratingCount\":\"12476\"}},{\"@type\":\"Organization\",\"@id\":\"https:\/\/freevpnplanet.com\/pt\/#organization\",\"url\":\"https:\/\/freevpnplanet.com\/pt\/\",\"name\":\"Planet VPN \ud83d\udee1\ufe0f\ud83c\udf10 Free VPN\"}]}<\/script>\n<!-- \/ Yoast SEO plugin. -->","yoast_head_json":{"title":"Free VPN para baixar e ouvir m\u00fasica - sua m\u00fasica favorita com VPN gr\u00e1tis","description":"A Planet VPN poder\u00e1 ajud\u00e1-loa resolver problemas relacionados a restri\u00e7\u00f5es no acesso ao conte\u00fado musical. Usando uma VPN, voc\u00ea pode ouvir m\u00fasica em servi\u00e7os que n\u00e3o est\u00e3o dispon\u00edveis no seu pa\u00eds.","robots":{"index":"index","follow":"follow","max-snippet":"max-snippet:-1","max-image-preview":"max-image-preview:large","max-video-preview":"max-video-preview:-1"},"canonical":"https:\/\/freevpnplanet.com\/pt\/listen-to-music-radio-online-download-mp3\/","og_locale":"pt_PT","og_type":"article","og_title":"Free VPN para baixar e ouvir m\u00fasica - sua m\u00fasica favorita com VPN gr\u00e1tis","og_description":"A Planet VPN poder\u00e1 ajud\u00e1-loa resolver problemas relacionados a restri\u00e7\u00f5es no acesso ao conte\u00fado musical. Usando uma VPN, voc\u00ea pode ouvir m\u00fasica em servi\u00e7os que n\u00e3o est\u00e3o dispon\u00edveis no seu pa\u00eds.","og_url":"https:\/\/freevpnplanet.com\/pt\/listen-to-music-radio-online-download-mp3\/","og_site_name":"Planet VPN","article_modified_time":"2025-07-22T08:06:57+00:00","twitter_card":"summary_large_image","schema":{"@context":"https:\/\/schema.org","@graph":[{"@type":"WebPage","@id":"https:\/\/freevpnplanet.com\/pt\/listen-to-music-radio-online-download-mp3\/","url":"https:\/\/freevpnplanet.com\/pt\/listen-to-music-radio-online-download-mp3\/","name":"Free VPN para baixar e ouvir m\u00fasica - sua m\u00fasica favorita com VPN gr\u00e1tis","isPartOf":{"@id":"https:\/\/freevpnplanet.com\/pt\/#website"},"datePublished":"2024-05-30T07:37:13+00:00","dateModified":"2025-07-22T08:06:57+00:00","description":"A Planet VPN poder\u00e1 ajud\u00e1-loa resolver problemas relacionados a restri\u00e7\u00f5es no acesso ao conte\u00fado musical. Usando uma VPN, voc\u00ea pode ouvir m\u00fasica em servi\u00e7os que n\u00e3o est\u00e3o dispon\u00edveis no seu pa\u00eds.","breadcrumb":{"@id":"https:\/\/freevpnplanet.com\/pt\/listen-to-music-radio-online-download-mp3\/#breadcrumb"},"inLanguage":"pt","potentialAction":[{"@type":"ReadAction","target":["https:\/\/freevpnplanet.com\/pt\/listen-to-music-radio-online-download-mp3\/"]}]},{"@type":"BreadcrumbList","@id":"https:\/\/freevpnplanet.com\/pt\/listen-to-music-radio-online-download-mp3\/#breadcrumb","itemListElement":[{"@type":"ListItem","position":1,"name":"Home","item":"https:\/\/freevpnplanet.com\/pt\/"},{"@type":"ListItem","position":2,"name":"Listen to music radio online download mp3"}]},{"@type":"WebSite","@id":"https:\/\/freevpnplanet.com\/pt\/#website","url":"https:\/\/freevpnplanet.com\/pt\/","name":"Planet VPN \ud83d\udee1\ufe0f\ud83c\udf10 Free VPN","description":"Free VPN","potentialAction":[{"@type":"SearchAction","target":{"@type":"EntryPoint","urlTemplate":"https:\/\/freevpnplanet.com\/pt\/?s={search_term_string}"},"query-input":"required name=search_term_string"}],"inLanguage":"pt","publisher":{"@id":"https:\/\/freevpnplanet.com\/pt\/#organization"}},{"@context":"https:\/\/schema.org\/","@type":"SoftwareApplication","name":"Planet VPN \ud83d\udee1\ufe0f\ud83c\udf10 Free VPN","operatingSystem":"Windows, macOS, iOS, Android, Linux, Chrome","applicationCategory":"SecurityApplication","offers":{"@type":"AggregateOffer","priceCurrency":"USD","price":"0","lowPrice":"0","availability":"https:\/\/schema.org\/InStock"},"aggregateRating":{"@type":"AggregateRating","ratingValue":"4.8","bestRating":"5","ratingCount":"12476"}},{"@type":"Organization","@id":"https:\/\/freevpnplanet.com\/pt\/#organization","url":"https:\/\/freevpnplanet.com\/pt\/","name":"Planet VPN \ud83d\udee1\ufe0f\ud83c\udf10 Free VPN"}]}},"acf":[],"_links":{"self":[{"href":"https:\/\/freevpnplanet.com\/pt\/wp-json\/wp\/v2\/pages\/99980","targetHints":{"allow":["GET"]}}],"collection":[{"href":"https:\/\/freevpnplanet.com\/pt\/wp-json\/wp\/v2\/pages"}],"about":[{"href":"https:\/\/freevpnplanet.com\/pt\/wp-json\/wp\/v2\/types\/page"}],"author":[{"embeddable":true,"href":"https:\/\/freevpnplanet.com\/pt\/wp-json\/wp\/v2\/users\/13"}],"replies":[{"embeddable":true,"href":"https:\/\/freevpnplanet.com\/pt\/wp-json\/wp\/v2\/comments?post=99980"}],"version-history":[{"count":4,"href":"https:\/\/freevpnplanet.com\/pt\/wp-json\/wp\/v2\/pages\/99980\/revisions"}],"predecessor-version":[{"id":171580,"href":"https:\/\/freevpnplanet.com\/pt\/wp-json\/wp\/v2\/pages\/99980\/revisions\/171580"}],"wp:attachment":[{"href":"https:\/\/freevpnplanet.com\/pt\/wp-json\/wp\/v2\/media?parent=99980"}],"wp:term":[{"taxonomy":"download_by_lite_tag","embeddable":true,"href":"https:\/\/freevpnplanet.com\/pt\/wp-json\/wp\/v2\/download_by_lite_tag?post=99980"}],"curies":[{"name":"wp","href":"https:\/\/api.w.org\/{rel}","templated":true}]}}