{"id":100022,"date":"2024-06-14T10:33:16","date_gmt":"2024-06-14T07:33:16","guid":{"rendered":"https:\/\/help.freeplanetvpn.com\/contact-us\/"},"modified":"2025-10-27T14:08:40","modified_gmt":"2025-10-27T11:08:40","slug":"contact-us","status":"publish","type":"page","link":"https:\/\/freevpnplanet.com\/ro\/contact-us\/","title":{"rendered":"Contact us"},"content":{"rendered":"\n<section class=\"hero-contact-us custom-block align-none \" style='--text-color:var(--white)'>\n\n    <div class=\"gutenberg-block-background\"><img decoding=\"async\" width=\"1920\" height=\"568\" src=\"https:\/\/freevpnplanet.com\/wp-content\/uploads\/2024\/09\/rvpn-bg.405430a1-20240614_114129_966776.jpg\" class=\"gutenberg-block-background__image-desktop background-image\" alt=\"bg-image-desktop\" title=\"bg-image-desktop\" \/><img decoding=\"async\" width=\"375\" height=\"400\" src=\"https:\/\/freevpnplanet.com\/wp-content\/uploads\/2024\/09\/bg-375.jpg\" class=\"gutenberg-block-background__image-mobile background-image\" alt=\"bg-image-mobile\" title=\"bg-image-mobile\" \/><\/div>\n    <div class=\"hero-contact-us__inner inner-container\">\n                    <div class=\"hero-contact-us__content\">\n                <h1 class=\"hero-contact-us__title\">Contacta\u021bi echipa Planet VPN<\/h1>\n\n                                    <p class=\"hero-contact-us__description\">AVE\u021aI NEVOIE DE AJUTOR?\r\n<\/p>\n                \n                <div class=\"hero-contact-us__buttons\">\n                                            <button id=\"qa-btn-contact\" class=\"hero-contact-us__cta hero-contact-us__cta-support cta support-btn\">Support<\/button>\n                    \n                    <a href=\"mailto:support@freevpnplanet.com\" id=\"qa-btn-contact-default\" target=\"_blank\" class=\"cta hero-contact-us__cta hero-contact-us__cta--style-default\">E-mail<\/a><a href=\"https:\/\/t.me\/PlanetVPN_bot\" id=\"qa-btn-contact-telegram\" target=\"_blank\" class=\"cta hero-contact-us__cta hero-contact-us__cta--style-telegram\">Telegram<\/a><a href=\"https:\/\/wa.me\/447706813210?text=\" id=\"qa-btn-contact-whatsapp\" target=\"_blank\" class=\"cta hero-contact-us__cta hero-contact-us__cta--style-whatsapp\">WhatsApp<\/a>                <\/div>\n\n            <\/div>\n            <\/div>\n<\/section>\n\n\n\n<section class=\"columns-list custom-block align-full  image-desktop-left image-mobile-left text-desktop-left text-mobile-left column-shadow text-sm fw-500 two-columns\" style=''>\n\n    <div class=\"gutenberg-block-background\"><\/div>\n    <div class=\"columns-list__inner inner-container\">\n\n                    <div class=\"columns-list__header\">\n                <h2 class=\"content__title\">C\u0102UTA\u021aI DATELE DE CONTACT ALE DEPARTAMENTELOR NOASTRE?<\/h2>            <\/div>\n        \n        <div class=\"columns-list__items\" style='--grid-gap:40px'>\n                            <div class=\"list-item\">\n                                                                <div class=\"list-item__text\">\n                            <h4 class=\"content__caption\">\u00centreb\u0103ri frecvente<\/h4>\n<p class=\"content__text\">Dori\u021bi s\u0103 discuta\u021bi despre \u00eentreb\u0103rile comune referitoare la VPN? V\u0103 rug\u0103m s\u0103 trimite\u021bi un e-mail la: <a class=\"content__link\" href=\"mailto:support@freevpnplanet.com\">support@freevpnplanet.com<\/a><\/p>\n<p>&nbsp;<\/p>                        <\/div>\n                                    <\/div>\n                            <div class=\"list-item\">\n                                                                <div class=\"list-item__text\">\n                            <h4 class=\"content__caption\">Afiliat<\/h4>\n<p class=\"content__text\">V\u0103 place produsul nostru \u0219i dori\u021bi s\u0103 r\u0103sp\u00e2ndi\u021bi cuv\u00e2ntul? V\u0103 punem la dispozi\u021bie toate instrumentele pentru un parteneriat partajat, cel mai mare comision, suport dedicat. \u0415mail-ne la: <a class=\"content__link\" href=\"mailto:affiliates@planetfreevpn.com\">affiliates@planetfreevpn.com<\/a><\/p>\n<p>&nbsp;<\/p>                        <\/div>\n                                    <\/div>\n                            <div class=\"list-item\">\n                                                                <div class=\"list-item__text\">\n                            <h4 class=\"content__caption\">Presa<\/h4>\n<p class=\"content__text\">Lucra\u021bi la publicitate sau crea\u021bi materialul \u00een acest domeniu? Pentru a discuta detaliile, v\u0103 rug\u0103m s\u0103 ne trimite\u021bi un e-mail la: <a class=\"content__link\" href=\"mailto:adv@freevpnplanet.com\">adv@freevpnplanet.com<\/a><\/p>\n<p class=\"content__text\">                        <\/div>\n                                    <\/div>\n                            <div class=\"list-item\">\n                                                                <div class=\"list-item__text\">\n                            <h4>Legal<\/h4>\n<p>Pentru \u00eentreb\u0103ri legate de aspecte juridice, termeni de serviciu sau conformitate, v\u0103 rug\u0103m s\u0103 contacta\u021bi echipa noastr\u0103 juridic\u0103 la: <a class=\"decorated-link cursor-pointer\" href=\"mailto:legal@freevpnplanet.com\" rel=\"noopener\" data-start=\"142\" data-end=\"165\" data-is-last-node=\"\">legal@freevpnplanet.com<\/a><\/p>                        <\/div>\n                                    <\/div>\n                    <\/div>\n\n        \n    <\/div>\n<\/section>\n","protected":false},"excerpt":{"rendered":"","protected":false},"author":39,"featured_media":0,"parent":0,"menu_order":0,"comment_status":"closed","ping_status":"closed","template":"templates\/page_template-basic_for_gutenberg.php","meta":{"_acf_changed":false,"inline_featured_image":false,"footnotes":""},"download_by_lite_tag":[],"class_list":["post-100022","page","type-page","status-publish","hentry"],"yoast_head":"<!-- This site is optimized with the Yoast SEO plugin v22.6 - https:\/\/yoast.com\/wordpress\/plugins\/seo\/ -->\n<title>Contacte Planet VPN<\/title>\n<meta name=\"description\" content=\"Contacta\u021bi Planet VPN: colaborare, afiliere, \u00eentreb\u0103ri frecvente despre serviciul VPN.\" \/>\n<meta name=\"robots\" content=\"index, follow, max-snippet:-1, max-image-preview:large, max-video-preview:-1\" \/>\n<link rel=\"canonical\" href=\"https:\/\/freevpnplanet.com\/ro\/contact-us\/\" \/>\n<meta property=\"og:locale\" content=\"ro_RO\" \/>\n<meta property=\"og:type\" content=\"article\" \/>\n<meta property=\"og:title\" content=\"Contacte Planet VPN\" \/>\n<meta property=\"og:description\" content=\"Contacta\u021bi Planet VPN: colaborare, afiliere, \u00eentreb\u0103ri frecvente despre serviciul VPN.\" \/>\n<meta property=\"og:url\" content=\"https:\/\/freevpnplanet.com\/ro\/contact-us\/\" \/>\n<meta property=\"og:site_name\" content=\"Planet VPN\" \/>\n<meta property=\"article:modified_time\" content=\"2025-10-27T11:08:40+00:00\" \/>\n<meta name=\"twitter:card\" content=\"summary_large_image\" \/>\n<script type=\"application\/ld+json\" class=\"yoast-schema-graph\">{\"@context\":\"https:\/\/schema.org\",\"@graph\":[{\"@type\":\"WebPage\",\"@id\":\"https:\/\/freevpnplanet.com\/ro\/contact-us\/\",\"url\":\"https:\/\/freevpnplanet.com\/ro\/contact-us\/\",\"name\":\"Contacte Planet VPN\",\"isPartOf\":{\"@id\":\"https:\/\/freevpnplanet.com\/ro\/#website\"},\"datePublished\":\"2024-06-14T07:33:16+00:00\",\"dateModified\":\"2025-10-27T11:08:40+00:00\",\"description\":\"Contacta\u021bi Planet VPN: colaborare, afiliere, \u00eentreb\u0103ri frecvente despre serviciul VPN.\",\"breadcrumb\":{\"@id\":\"https:\/\/freevpnplanet.com\/ro\/contact-us\/#breadcrumb\"},\"inLanguage\":\"ro\",\"potentialAction\":[{\"@type\":\"ReadAction\",\"target\":[\"https:\/\/freevpnplanet.com\/ro\/contact-us\/\"]}]},{\"@type\":\"BreadcrumbList\",\"@id\":\"https:\/\/freevpnplanet.com\/ro\/contact-us\/#breadcrumb\",\"itemListElement\":[{\"@type\":\"ListItem\",\"position\":1,\"name\":\"Home\",\"item\":\"https:\/\/freevpnplanet.com\/ro\/\"},{\"@type\":\"ListItem\",\"position\":2,\"name\":\"Contact us\"}]},{\"@type\":\"WebSite\",\"@id\":\"https:\/\/freevpnplanet.com\/ro\/#website\",\"url\":\"https:\/\/freevpnplanet.com\/ro\/\",\"name\":\"Planet VPN \ud83d\udee1\ufe0f\ud83c\udf10 Free VPN\",\"description\":\"Free VPN\",\"potentialAction\":[{\"@type\":\"SearchAction\",\"target\":{\"@type\":\"EntryPoint\",\"urlTemplate\":\"https:\/\/freevpnplanet.com\/ro\/?s={search_term_string}\"},\"query-input\":\"required name=search_term_string\"}],\"inLanguage\":\"ro\",\"publisher\":{\"@id\":\"https:\/\/freevpnplanet.com\/ro\/#organization\"}},{\"@context\":\"https:\/\/schema.org\/\",\"@type\":\"SoftwareApplication\",\"name\":\"Planet VPN \ud83d\udee1\ufe0f\ud83c\udf10 Free VPN\",\"operatingSystem\":\"Windows, macOS, iOS, Android, Linux, Chrome\",\"applicationCategory\":\"SecurityApplication\",\"offers\":{\"@type\":\"AggregateOffer\",\"priceCurrency\":\"USD\",\"price\":\"0\",\"lowPrice\":\"0\",\"availability\":\"https:\/\/schema.org\/InStock\"},\"aggregateRating\":{\"@type\":\"AggregateRating\",\"ratingValue\":\"4.8\",\"bestRating\":\"5\",\"ratingCount\":\"12476\"}},{\"@type\":\"Organization\",\"@id\":\"https:\/\/freevpnplanet.com\/ro\/#organization\",\"url\":\"https:\/\/freevpnplanet.com\/ro\/\",\"name\":\"Planet VPN \ud83d\udee1\ufe0f\ud83c\udf10 Free VPN\"}]}<\/script>\n<!-- \/ Yoast SEO plugin. -->","yoast_head_json":{"title":"Contacte Planet VPN","description":"Contacta\u021bi Planet VPN: colaborare, afiliere, \u00eentreb\u0103ri frecvente despre serviciul VPN.","robots":{"index":"index","follow":"follow","max-snippet":"max-snippet:-1","max-image-preview":"max-image-preview:large","max-video-preview":"max-video-preview:-1"},"canonical":"https:\/\/freevpnplanet.com\/ro\/contact-us\/","og_locale":"ro_RO","og_type":"article","og_title":"Contacte Planet VPN","og_description":"Contacta\u021bi Planet VPN: colaborare, afiliere, \u00eentreb\u0103ri frecvente despre serviciul VPN.","og_url":"https:\/\/freevpnplanet.com\/ro\/contact-us\/","og_site_name":"Planet VPN","article_modified_time":"2025-10-27T11:08:40+00:00","twitter_card":"summary_large_image","schema":{"@context":"https:\/\/schema.org","@graph":[{"@type":"WebPage","@id":"https:\/\/freevpnplanet.com\/ro\/contact-us\/","url":"https:\/\/freevpnplanet.com\/ro\/contact-us\/","name":"Contacte Planet VPN","isPartOf":{"@id":"https:\/\/freevpnplanet.com\/ro\/#website"},"datePublished":"2024-06-14T07:33:16+00:00","dateModified":"2025-10-27T11:08:40+00:00","description":"Contacta\u021bi Planet VPN: colaborare, afiliere, \u00eentreb\u0103ri frecvente despre serviciul VPN.","breadcrumb":{"@id":"https:\/\/freevpnplanet.com\/ro\/contact-us\/#breadcrumb"},"inLanguage":"ro","potentialAction":[{"@type":"ReadAction","target":["https:\/\/freevpnplanet.com\/ro\/contact-us\/"]}]},{"@type":"BreadcrumbList","@id":"https:\/\/freevpnplanet.com\/ro\/contact-us\/#breadcrumb","itemListElement":[{"@type":"ListItem","position":1,"name":"Home","item":"https:\/\/freevpnplanet.com\/ro\/"},{"@type":"ListItem","position":2,"name":"Contact us"}]},{"@type":"WebSite","@id":"https:\/\/freevpnplanet.com\/ro\/#website","url":"https:\/\/freevpnplanet.com\/ro\/","name":"Planet VPN \ud83d\udee1\ufe0f\ud83c\udf10 Free VPN","description":"Free VPN","potentialAction":[{"@type":"SearchAction","target":{"@type":"EntryPoint","urlTemplate":"https:\/\/freevpnplanet.com\/ro\/?s={search_term_string}"},"query-input":"required name=search_term_string"}],"inLanguage":"ro","publisher":{"@id":"https:\/\/freevpnplanet.com\/ro\/#organization"}},{"@context":"https:\/\/schema.org\/","@type":"SoftwareApplication","name":"Planet VPN \ud83d\udee1\ufe0f\ud83c\udf10 Free VPN","operatingSystem":"Windows, macOS, iOS, Android, Linux, Chrome","applicationCategory":"SecurityApplication","offers":{"@type":"AggregateOffer","priceCurrency":"USD","price":"0","lowPrice":"0","availability":"https:\/\/schema.org\/InStock"},"aggregateRating":{"@type":"AggregateRating","ratingValue":"4.8","bestRating":"5","ratingCount":"12476"}},{"@type":"Organization","@id":"https:\/\/freevpnplanet.com\/ro\/#organization","url":"https:\/\/freevpnplanet.com\/ro\/","name":"Planet VPN \ud83d\udee1\ufe0f\ud83c\udf10 Free VPN"}]}},"acf":[],"_links":{"self":[{"href":"https:\/\/freevpnplanet.com\/ro\/wp-json\/wp\/v2\/pages\/100022","targetHints":{"allow":["GET"]}}],"collection":[{"href":"https:\/\/freevpnplanet.com\/ro\/wp-json\/wp\/v2\/pages"}],"about":[{"href":"https:\/\/freevpnplanet.com\/ro\/wp-json\/wp\/v2\/types\/page"}],"author":[{"embeddable":true,"href":"https:\/\/freevpnplanet.com\/ro\/wp-json\/wp\/v2\/users\/39"}],"replies":[{"embeddable":true,"href":"https:\/\/freevpnplanet.com\/ro\/wp-json\/wp\/v2\/comments?post=100022"}],"version-history":[{"count":7,"href":"https:\/\/freevpnplanet.com\/ro\/wp-json\/wp\/v2\/pages\/100022\/revisions"}],"predecessor-version":[{"id":186780,"href":"https:\/\/freevpnplanet.com\/ro\/wp-json\/wp\/v2\/pages\/100022\/revisions\/186780"}],"wp:attachment":[{"href":"https:\/\/freevpnplanet.com\/ro\/wp-json\/wp\/v2\/media?parent=100022"}],"wp:term":[{"taxonomy":"download_by_lite_tag","embeddable":true,"href":"https:\/\/freevpnplanet.com\/ro\/wp-json\/wp\/v2\/download_by_lite_tag?post=100022"}],"curies":[{"name":"wp","href":"https:\/\/api.w.org\/{rel}","templated":true}]}}