{"id":100039,"date":"2024-06-11T18:14:08","date_gmt":"2024-06-11T15:14:08","guid":{"rendered":"https:\/\/help.freeplanetvpn.com\/about-us\/"},"modified":"2025-03-26T11:44:48","modified_gmt":"2025-03-26T08:44:48","slug":"about-us","status":"publish","type":"page","link":"https:\/\/freevpnplanet.com\/ro\/about-us\/","title":{"rendered":"About us"},"content":{"rendered":"\n<section class=\"image-text custom-block align-full   mobile-image-bottom mobile-title-center  header-size-medium text-size-small   content-left\" style='overflow: hidden;;;--min-height-mobile:400px;--min-height-desktop:507px;--content-width:36%'>\n\n    <div class=\"gutenberg-block-background\"><\/div>\n    <div class=\"image-text__inner inner-container\">\n\n        \n                    <div class=\"image-text__content\">\n\n                <h1><span data-sheets-root=\"1\">Internet gratuit pentru toat\u0103 lumea!<\/span><\/h1>\n<p class=\"header__descr\"><span data-sheets-root=\"1\">Planet VPN este un serviciu bazat pe principii de calitate, anonimat \u0219i accesibilitate pentru utilizatori. Lucr\u0103m pentru a face internetul mai bun, pentru a v\u0103 proteja de pericole \u0219i pentru a v\u0103 face s\u0103 v\u0103 sim\u021bi\u021bi liberi \u00een navigarea pe internet.<\/span><\/p>\n                \n            <\/div>\n        \n                    <div class=\"bg-image-wrapper bg-image-wrapper--desktop custom image-align--center\">\n                <figure style='--image-max-width:2000px;--image-opacity:1.00;width: calc(90% - 20px);left:34%;top:50%'>\n                    <img decoding=\"async\" width=\"1239\" height=\"588\" src=\"https:\/\/freevpnplanet.com\/wp-content\/uploads\/2024\/06\/rvpn-bg.844f66c1-20240611_181533_011207.png\" class=\"bg-image\" alt=\"Background Image for Desktop\" \/>                <\/figure>\n            <\/div>\n        \n                    <div class=\"bg-image-wrapper bg-image-wrapper--mobile regular-image\">\n                <figure style='width: 100%;max-width: 700px;opacity: 1.00;margin-top: 24px'>\n                    <img decoding=\"async\" width=\"1239\" height=\"588\" src=\"https:\/\/freevpnplanet.com\/wp-content\/uploads\/2024\/06\/rvpn-bg.844f66c1-20240611_181533_011207.png\" class=\"bg-image\" alt=\"Background Image for Mobile\" \/>                <\/figure>\n            <\/div>\n            <\/div>\n<\/section>\n\n\n<section class=\"wrapper custom-block align-full    \" style='--background-color:var(--dark-blue-8)'>\n\n    <div class=\"gutenberg-block-background\"><\/div>\n    <div class=\"wrapper__inner inner-container\">\n        \n\n<h3 class=\"wp-block-heading has-text-align-center\" style=\"font-size:25px\">MISIUNEA NOASTR\u0102<\/h3>\n\n\n\n<p style=\"font-size:18px\">Suntem convin\u0219i c\u0103 fiecare persoan\u0103 are dreptul de a utiliza un internet de calitate. Cu Planet VPN, toate datele dvs. sunt foarte bine protejate \u0219i transferate prin tuneluri virtuale sigure, ceea ce face posibil\u0103 p\u0103strarea anonimatului. Folosim tehnologii OpenVPN pe 256 de bi\u021bi 2048 RSA. Sus\u021binem conexiunea prin IPSec (IKEv1 + IKEv2), care este bine cunoscut\u0103 prin fiabilitate, vitez\u0103 mare de transmisie \u0219i nivel ridicat de protec\u021bie a datelor. Protocoalele PPTP \u0219i L2TP sunt, de asemenea, disponibile. Cu Planet VPN v\u0103 stau la dispozi\u021bie filme, muzic\u0103, transmisiuni sportive \u0219i comunicare gratuit\u0103!<\/p>\n\n\n    <\/div>\n\n<\/section>\n\n\n<section class=\"image-text custom-block align-wide   mobile-image-top mobile-title-center  header-size-small text-size-medium   content-right\" style='overflow: hidden;;;--min-height-mobile:400px;--min-height-desktop:500px;--content-width:62%'>\n\n    <div class=\"gutenberg-block-background\"><\/div>\n    <div class=\"image-text__inner inner-container\">\n\n        \n                    <div class=\"image-text__content\">\n\n                <h2><span data-sheets-root=\"1\">LIBERTATEA PERSONAL\u0102<\/span><\/h2>\n<p class=\"features__descr\"><span data-sheets-root=\"1\">\u00centr-o perioad\u0103 \u00een care cenzura este din ce \u00een ce mai mare, scopul nostru este s\u0103 v\u0103 oferim libertate personal\u0103 \u0219i un sentiment de siguran\u021b\u0103 pe internet. Lucr\u0103m \u00een mod constant la solu\u021bii care s\u0103 v\u0103 p\u0103streze \u00eencrederea \u0219i siguran\u021ba datelor personale, s\u0103 v\u0103 protejeze cererile \u0219i s\u0103 v\u0103 ascund\u0103 activit\u0103\u021bile. V\u0103 oferim acces deplin la orice informa\u021bie de pe internet \u0219i posibilitatea de a o utiliza \u00een mod anonim \u0219i securizat.<\/span><\/p>\n                \n            <\/div>\n        \n                    <div class=\"bg-image-wrapper bg-image-wrapper--desktop left image-align--center\">\n                <figure style='--image-max-width:407px;--image-opacity:1.00;width: calc(35% - 20px)'>\n                    <img decoding=\"async\" width=\"407\" height=\"288\" src=\"https:\/\/freevpnplanet.com\/wp-content\/uploads\/2024\/06\/rvpn-pic-1.0efc1381-20240611_182759_024047.png\" class=\"bg-image\" alt=\"Background Image for Desktop\" \/>                <\/figure>\n            <\/div>\n        \n                    <div class=\"bg-image-wrapper bg-image-wrapper--mobile regular-image\">\n                <figure style='width: 100%;max-width: 407px;opacity: 1.00;margin-top: 24px'>\n                    <img decoding=\"async\" width=\"407\" height=\"288\" src=\"https:\/\/freevpnplanet.com\/wp-content\/uploads\/2024\/06\/rvpn-pic-1.0efc1381-20240611_182759_024047.png\" class=\"bg-image\" alt=\"Background Image for Mobile\" \/>                <\/figure>\n            <\/div>\n            <\/div>\n<\/section>\n\n\n<section class=\"image-text custom-block align-wide   mobile-image-top mobile-title-center  header-size-small text-size-medium   content-left\" style='overflow: hidden;;;--min-height-mobile:400px;--min-height-desktop:400px;--content-width:65%'>\n\n    <div class=\"gutenberg-block-background\"><\/div>\n    <div class=\"image-text__inner inner-container\">\n\n        \n                    <div class=\"image-text__content\">\n\n                <h2><span data-sheets-root=\"1\">PROTEC\u021aIA VIE\u021aII PRIVATE<\/span><\/h2>\n<p class=\"features__descr\"><span data-sheets-root=\"1\">Garant\u0103m criptarea fiabil\u0103 a traficului dumneavoastr\u0103 \u0219i \u00eel transfer\u0103m printr-o conexiune securizat\u0103. Activitatea dvs. online este protejat\u0103 \u00een mod fiabil. Lucr\u0103m 24\/7 pentru a v\u0103 p\u0103stra confiden\u021bialitatea. Politica noastr\u0103 de confiden\u021bialitate este transparent\u0103 \u0219i clar\u0103. Notific\u0103m imediat fiecare utilizator despre orice modificare a acesteia.<\/span><\/p>\n                \n            <\/div>\n        \n                    <div class=\"bg-image-wrapper bg-image-wrapper--desktop right image-align--center\">\n                <figure style='--image-max-width:304px;--image-opacity:1.00;width: calc(35% - 20px)'>\n                    <img decoding=\"async\" width=\"304\" height=\"305\" src=\"https:\/\/freevpnplanet.com\/wp-content\/uploads\/2024\/06\/rvpn-pic-2.e55aedf1-20240611_191503_396014.png\" class=\"bg-image\" alt=\"Background Image for Desktop\" \/>                <\/figure>\n            <\/div>\n        \n                    <div class=\"bg-image-wrapper bg-image-wrapper--mobile regular-image\">\n                <figure style='width: 100%;max-width: 304px;opacity: 1.00;margin-top: 24px'>\n                    <img decoding=\"async\" width=\"304\" height=\"305\" src=\"https:\/\/freevpnplanet.com\/wp-content\/uploads\/2024\/06\/rvpn-pic-2.e55aedf1-20240611_191503_396014.png\" class=\"bg-image\" alt=\"Background Image for Mobile\" \/>                <\/figure>\n            <\/div>\n            <\/div>\n<\/section>\n\n\n<section class=\"image-text custom-block align-wide   mobile-image-top mobile-title-center  header-size-small text-size-medium   content-right\" style='overflow: hidden;;;--min-height-mobile:400px;--min-height-desktop:400px;--content-width:65%'>\n\n    <div class=\"gutenberg-block-background\"><\/div>\n    <div class=\"image-text__inner inner-container\">\n\n        \n                    <div class=\"image-text__content\">\n\n                <h2><span data-sheets-root=\"1\">DREPTURI DIGITALE<\/span><\/h2>\n<p class=\"features__descr\"><span data-sheets-root=\"1\">Nu \u00eenregistr\u0103m niciun jurnal al activit\u0103\u021bii de re\u021bea a clien\u021bilor. Nu v\u0103 cerem s\u0103 furniza\u021bi informa\u021bii suplimentare despre dumneavoastr\u0103. V\u0103 oferim op\u021biuni de plat\u0103 anonime pentru serviciul nostru. Toate informa\u021biile despre utilizarea serviciului Planet VPN r\u0103m\u00e2n anonime \u0219i nu sunt legate de adresa dvs. IP real\u0103.<\/span><\/p>\n                \n            <\/div>\n        \n                    <div class=\"bg-image-wrapper bg-image-wrapper--desktop left image-align--center\">\n                <figure style='--image-max-width:397px;--image-opacity:1.00;width: calc(35% - 20px)'>\n                    <img decoding=\"async\" width=\"397\" height=\"260\" src=\"https:\/\/freevpnplanet.com\/wp-content\/uploads\/2024\/06\/rvpn-pic-3.cbf2ef01-20240611_191648_160765.png\" class=\"bg-image\" alt=\"Background Image for Desktop\" \/>                <\/figure>\n            <\/div>\n        \n                    <div class=\"bg-image-wrapper bg-image-wrapper--mobile regular-image\">\n                <figure style='width: 100%;max-width: 397px;opacity: 1.00;margin-top: 24px'>\n                    <img decoding=\"async\" width=\"397\" height=\"260\" src=\"https:\/\/freevpnplanet.com\/wp-content\/uploads\/2024\/06\/rvpn-pic-3.cbf2ef01-20240611_191648_160765.png\" class=\"bg-image\" alt=\"Background Image for Mobile\" \/>                <\/figure>\n            <\/div>\n            <\/div>\n<\/section>\n\n\n<section class=\"wrapper custom-block align-full    \" style='--background-color:var(--dark-blue-8)'>\n\n    <div class=\"gutenberg-block-background\"><\/div>\n    <div class=\"wrapper__inner inner-container\">\n        \n\n<h3 class=\"wp-block-heading has-text-align-center\" style=\"font-size:25px\">ISTORIA NOASTR\u0102<\/h3>\n\n\n\n<p style=\"font-size:18px\">Am creat Planet VPN \u00een 2017 pentru a oferi securitate digital\u0103 \u0219i libertate personal\u0103 pentru fiecare utilizator de internet. Deoarece suntem, de asemenea, utilizatori activi ai internetului, \u0219tim c\u00e2t de important este sentimentul de securitate pentru fiecare dintre noi. Din p\u0103cate, exist\u0103 multe amenin\u021b\u0103ri pe internet: \u00eencep\u00e2nd cu agen\u021bii de publicitate enervante, escrocii \u0219i chiar agen\u021biile guvernamentale care \u00eencearc\u0103 s\u0103 ob\u021bin\u0103 acces la datele personale ale utilizatorilor.<\/p>\n\n\n\n<p style=\"font-size:18px\">A\u0219a c\u0103 s-a n\u0103scut ideea de a crea o comunitate prietenoas\u0103 de oameni care g\u00e2ndesc la fel, care acum au servere VPN \u00een peste 60 de \u021b\u0103ri de pe cinci continente. Iar \u00een prezent, mii de utilizatori au \u00eencredere \u00een noi securitatea lor online.<\/p>\n\n\n    <\/div>\n\n<\/section>\n\n\n<section class=\"image-text custom-block align-full   mobile-image-top mobile-title-center  header-size-medium text-size-medium   content-right\" style='overflow: hidden;;;--min-height-mobile:400px;--min-height-desktop:500px;--content-width:67%'>\n\n    <div class=\"gutenberg-block-background\"><\/div>\n    <div class=\"image-text__inner inner-container\">\n\n        \n                    <div class=\"image-text__content\">\n\n                <h2><span data-sheets-root=\"1\">VALORILE NOASTRE<\/span><\/h2>\n<p class=\"features__descr\"><span data-sheets-root=\"1\">Planet VPN sus\u021bine ideea de a p\u0103stra libertatea personal\u0103, securitatea online \u0219i dreptul de a alege. Aceasta se refer\u0103 \u0219i la interesele private \u0219i de afaceri. Sus\u021binem echitatea \u0219i \u0219tim c\u0103 toat\u0103 lumea ar trebui s\u0103 aib\u0103 dreptul la acces liber \u0219i la utilizarea \u00een siguran\u021b\u0103 a internetului. \u00cen plus, oferim posibilitatea de a evita discriminarea prin pre\u021b \u0219i trucurile comercian\u021bilor.<\/span><\/p>\n                                    <div class=\"image-text__cta\">\n                        <a href=\"\/ro\/plans\/\" target=\"_self\" id=\"qa-download-button-values\" class=\"cta download-by-platform cta--with-border cta-size--small cta-mt--initial icon-position--icon-left\" style=\"--border-radius:40px\"><span class=\"cta__name\">Desc\u0103rca\u021bi Gratuit<\/span><\/a>                    <\/div>\n                \n            <\/div>\n        \n                    <div class=\"bg-image-wrapper bg-image-wrapper--desktop left image-align--left\">\n                <figure style='--image-max-width:390px;--image-opacity:1.00;width: calc(35% - 20px)'>\n                    <img decoding=\"async\" width=\"393\" height=\"288\" src=\"https:\/\/freevpnplanet.com\/wp-content\/uploads\/2024\/06\/rvpn-pic-4.d8c3f2a1-20240611_192429_140366.png\" class=\"bg-image\" alt=\"Background Image for Desktop\" \/>                <\/figure>\n            <\/div>\n        \n                    <div class=\"bg-image-wrapper bg-image-wrapper--mobile regular-image\">\n                <figure style='width: 100%;max-width: 393px;opacity: 1.00;margin-top: 24px'>\n                    <img decoding=\"async\" width=\"393\" height=\"288\" src=\"https:\/\/freevpnplanet.com\/wp-content\/uploads\/2024\/06\/rvpn-pic-4.d8c3f2a1-20240611_192429_140366.png\" class=\"bg-image\" alt=\"Background Image for Mobile\" \/>                <\/figure>\n            <\/div>\n            <\/div>\n<\/section>","protected":false},"excerpt":{"rendered":"","protected":false},"author":39,"featured_media":0,"parent":0,"menu_order":0,"comment_status":"closed","ping_status":"closed","template":"templates\/page_template-basic_for_gutenberg.php","meta":{"_acf_changed":false,"inline_featured_image":false,"footnotes":""},"download_by_lite_tag":[],"class_list":["post-100039","page","type-page","status-publish","hentry"],"yoast_head":"<!-- This site is optimized with the Yoast SEO plugin v22.6 - https:\/\/yoast.com\/wordpress\/plugins\/seo\/ -->\n<title>Mai multe informa\u021bii | Planet VPN<\/title>\n<meta name=\"description\" content=\"Planet VPN \u00ee\u021bi ofer\u0103 o experien\u021b\u0103 de navigare sigur\u0103 \u0219i de \u00eencredere. Al\u0103tur\u0103-te Planet VPN\" \/>\n<meta name=\"robots\" content=\"index, follow, max-snippet:-1, max-image-preview:large, max-video-preview:-1\" \/>\n<link rel=\"canonical\" href=\"https:\/\/freevpnplanet.com\/ro\/about-us\/\" \/>\n<meta property=\"og:locale\" content=\"ro_RO\" \/>\n<meta property=\"og:type\" content=\"article\" \/>\n<meta property=\"og:title\" content=\"Mai multe informa\u021bii | Planet VPN\" \/>\n<meta property=\"og:description\" content=\"Planet VPN \u00ee\u021bi ofer\u0103 o experien\u021b\u0103 de navigare sigur\u0103 \u0219i de \u00eencredere. Al\u0103tur\u0103-te Planet VPN\" \/>\n<meta property=\"og:url\" content=\"https:\/\/freevpnplanet.com\/ro\/about-us\/\" \/>\n<meta property=\"og:site_name\" content=\"Planet VPN\" \/>\n<meta property=\"article:modified_time\" content=\"2025-03-26T08:44:48+00:00\" \/>\n<meta name=\"twitter:card\" content=\"summary_large_image\" \/>\n<meta name=\"twitter:label1\" content=\"Est. reading time\" \/>\n\t<meta name=\"twitter:data1\" content=\"1 minute\" \/>\n<script type=\"application\/ld+json\" class=\"yoast-schema-graph\">{\"@context\":\"https:\/\/schema.org\",\"@graph\":[{\"@type\":\"WebPage\",\"@id\":\"https:\/\/freevpnplanet.com\/ro\/about-us\/\",\"url\":\"https:\/\/freevpnplanet.com\/ro\/about-us\/\",\"name\":\"Mai multe informa\u021bii | Planet VPN\",\"isPartOf\":{\"@id\":\"https:\/\/freevpnplanet.com\/ro\/#website\"},\"datePublished\":\"2024-06-11T15:14:08+00:00\",\"dateModified\":\"2025-03-26T08:44:48+00:00\",\"description\":\"Planet VPN \u00ee\u021bi ofer\u0103 o experien\u021b\u0103 de navigare sigur\u0103 \u0219i de \u00eencredere. Al\u0103tur\u0103-te Planet VPN\",\"breadcrumb\":{\"@id\":\"https:\/\/freevpnplanet.com\/ro\/about-us\/#breadcrumb\"},\"inLanguage\":\"ro\",\"potentialAction\":[{\"@type\":\"ReadAction\",\"target\":[\"https:\/\/freevpnplanet.com\/ro\/about-us\/\"]}]},{\"@type\":\"BreadcrumbList\",\"@id\":\"https:\/\/freevpnplanet.com\/ro\/about-us\/#breadcrumb\",\"itemListElement\":[{\"@type\":\"ListItem\",\"position\":1,\"name\":\"Home\",\"item\":\"https:\/\/freevpnplanet.com\/ro\/\"},{\"@type\":\"ListItem\",\"position\":2,\"name\":\"About us\"}]},{\"@type\":\"WebSite\",\"@id\":\"https:\/\/freevpnplanet.com\/ro\/#website\",\"url\":\"https:\/\/freevpnplanet.com\/ro\/\",\"name\":\"Planet VPN \ud83d\udee1\ufe0f\ud83c\udf10 Free VPN\",\"description\":\"Free VPN\",\"potentialAction\":[{\"@type\":\"SearchAction\",\"target\":{\"@type\":\"EntryPoint\",\"urlTemplate\":\"https:\/\/freevpnplanet.com\/ro\/?s={search_term_string}\"},\"query-input\":\"required name=search_term_string\"}],\"inLanguage\":\"ro\",\"publisher\":{\"@id\":\"https:\/\/freevpnplanet.com\/ro\/#organization\"}},{\"@context\":\"https:\/\/schema.org\/\",\"@type\":\"SoftwareApplication\",\"name\":\"Planet VPN \ud83d\udee1\ufe0f\ud83c\udf10 Free VPN\",\"operatingSystem\":\"Windows, macOS, iOS, Android, Linux, Chrome\",\"applicationCategory\":\"SecurityApplication\",\"offers\":{\"@type\":\"AggregateOffer\",\"priceCurrency\":\"USD\",\"price\":\"0\",\"lowPrice\":\"0\",\"availability\":\"https:\/\/schema.org\/InStock\"},\"aggregateRating\":{\"@type\":\"AggregateRating\",\"ratingValue\":\"4.8\",\"bestRating\":\"5\",\"ratingCount\":\"12476\"}},{\"@type\":\"Organization\",\"@id\":\"https:\/\/freevpnplanet.com\/ro\/#organization\",\"url\":\"https:\/\/freevpnplanet.com\/ro\/\",\"name\":\"Planet VPN \ud83d\udee1\ufe0f\ud83c\udf10 Free VPN\"}]}<\/script>\n<!-- \/ Yoast SEO plugin. -->","yoast_head_json":{"title":"Mai multe informa\u021bii | Planet VPN","description":"Planet VPN \u00ee\u021bi ofer\u0103 o experien\u021b\u0103 de navigare sigur\u0103 \u0219i de \u00eencredere. Al\u0103tur\u0103-te Planet VPN","robots":{"index":"index","follow":"follow","max-snippet":"max-snippet:-1","max-image-preview":"max-image-preview:large","max-video-preview":"max-video-preview:-1"},"canonical":"https:\/\/freevpnplanet.com\/ro\/about-us\/","og_locale":"ro_RO","og_type":"article","og_title":"Mai multe informa\u021bii | Planet VPN","og_description":"Planet VPN \u00ee\u021bi ofer\u0103 o experien\u021b\u0103 de navigare sigur\u0103 \u0219i de \u00eencredere. Al\u0103tur\u0103-te Planet VPN","og_url":"https:\/\/freevpnplanet.com\/ro\/about-us\/","og_site_name":"Planet VPN","article_modified_time":"2025-03-26T08:44:48+00:00","twitter_card":"summary_large_image","twitter_misc":{"Est. reading time":"1 minute"},"schema":{"@context":"https:\/\/schema.org","@graph":[{"@type":"WebPage","@id":"https:\/\/freevpnplanet.com\/ro\/about-us\/","url":"https:\/\/freevpnplanet.com\/ro\/about-us\/","name":"Mai multe informa\u021bii | Planet VPN","isPartOf":{"@id":"https:\/\/freevpnplanet.com\/ro\/#website"},"datePublished":"2024-06-11T15:14:08+00:00","dateModified":"2025-03-26T08:44:48+00:00","description":"Planet VPN \u00ee\u021bi ofer\u0103 o experien\u021b\u0103 de navigare sigur\u0103 \u0219i de \u00eencredere. Al\u0103tur\u0103-te Planet VPN","breadcrumb":{"@id":"https:\/\/freevpnplanet.com\/ro\/about-us\/#breadcrumb"},"inLanguage":"ro","potentialAction":[{"@type":"ReadAction","target":["https:\/\/freevpnplanet.com\/ro\/about-us\/"]}]},{"@type":"BreadcrumbList","@id":"https:\/\/freevpnplanet.com\/ro\/about-us\/#breadcrumb","itemListElement":[{"@type":"ListItem","position":1,"name":"Home","item":"https:\/\/freevpnplanet.com\/ro\/"},{"@type":"ListItem","position":2,"name":"About us"}]},{"@type":"WebSite","@id":"https:\/\/freevpnplanet.com\/ro\/#website","url":"https:\/\/freevpnplanet.com\/ro\/","name":"Planet VPN \ud83d\udee1\ufe0f\ud83c\udf10 Free VPN","description":"Free VPN","potentialAction":[{"@type":"SearchAction","target":{"@type":"EntryPoint","urlTemplate":"https:\/\/freevpnplanet.com\/ro\/?s={search_term_string}"},"query-input":"required name=search_term_string"}],"inLanguage":"ro","publisher":{"@id":"https:\/\/freevpnplanet.com\/ro\/#organization"}},{"@context":"https:\/\/schema.org\/","@type":"SoftwareApplication","name":"Planet VPN \ud83d\udee1\ufe0f\ud83c\udf10 Free VPN","operatingSystem":"Windows, macOS, iOS, Android, Linux, Chrome","applicationCategory":"SecurityApplication","offers":{"@type":"AggregateOffer","priceCurrency":"USD","price":"0","lowPrice":"0","availability":"https:\/\/schema.org\/InStock"},"aggregateRating":{"@type":"AggregateRating","ratingValue":"4.8","bestRating":"5","ratingCount":"12476"}},{"@type":"Organization","@id":"https:\/\/freevpnplanet.com\/ro\/#organization","url":"https:\/\/freevpnplanet.com\/ro\/","name":"Planet VPN \ud83d\udee1\ufe0f\ud83c\udf10 Free VPN"}]}},"acf":[],"_links":{"self":[{"href":"https:\/\/freevpnplanet.com\/ro\/wp-json\/wp\/v2\/pages\/100039","targetHints":{"allow":["GET"]}}],"collection":[{"href":"https:\/\/freevpnplanet.com\/ro\/wp-json\/wp\/v2\/pages"}],"about":[{"href":"https:\/\/freevpnplanet.com\/ro\/wp-json\/wp\/v2\/types\/page"}],"author":[{"embeddable":true,"href":"https:\/\/freevpnplanet.com\/ro\/wp-json\/wp\/v2\/users\/39"}],"replies":[{"embeddable":true,"href":"https:\/\/freevpnplanet.com\/ro\/wp-json\/wp\/v2\/comments?post=100039"}],"version-history":[{"count":1,"href":"https:\/\/freevpnplanet.com\/ro\/wp-json\/wp\/v2\/pages\/100039\/revisions"}],"predecessor-version":[{"id":150643,"href":"https:\/\/freevpnplanet.com\/ro\/wp-json\/wp\/v2\/pages\/100039\/revisions\/150643"}],"wp:attachment":[{"href":"https:\/\/freevpnplanet.com\/ro\/wp-json\/wp\/v2\/media?parent=100039"}],"wp:term":[{"taxonomy":"download_by_lite_tag","embeddable":true,"href":"https:\/\/freevpnplanet.com\/ro\/wp-json\/wp\/v2\/download_by_lite_tag?post=100039"}],"curies":[{"name":"wp","href":"https:\/\/api.w.org\/{rel}","templated":true}]}}