{"id":101973,"date":"2024-06-28T17:47:49","date_gmt":"2024-06-28T14:47:49","guid":{"rendered":"https:\/\/help.freeplanetvpn.com\/data-protection-security\/"},"modified":"2025-07-18T10:53:15","modified_gmt":"2025-07-18T07:53:15","slug":"data-protection-security","status":"publish","type":"page","link":"https:\/\/freevpnplanet.com\/ro\/data-protection-security\/","title":{"rendered":"Data Protection Security"},"content":{"rendered":"\n<section class=\"image-text-static-image custom-block align-none data-protection-security__banner mobile-image-bottom   header-size-small text-size-small  \" style='--background-color:var(--dark-blue-0); --text-color:var(--white)'>\n\n    <div class=\"gutenberg-block-background\"><\/div>\n    <div class=\"image-text-static-image__inner inner-container\">\n                    <div class=\"image-text-static-image__content content-left\" style='--content-width: 39%'>\n                                    <div class=\"image-text-static-image__title\">\n                        <h1 >VPN gratuit pentru protec\u021bia internetului<\/h1>                    <\/div>\n                \n                <p>V\u0103 face\u021bi griji c\u0103 sunte\u021bi supravegheat? &#8211; Nicio problem\u0103! Cu Planet VPN, nimeni nu v\u0103 poate urm\u0103ri sau intercepta datele!<\/p>\n                                    <div class=\"image-text-static-image__cta\">\n                                                    <a href=\"\/ro\/plans\/\" target=\"_self\" id=\"qa-hero-cta-btn\" class=\"cta download-by-platform cta--with-border cta-size--small cta-mt--initial icon-position--icon-left\" style=\"--border-radius:40px\"><span class=\"cta__name\">Desc\u0103rca\u021bi Gratuit<\/span><\/a>                                            <\/div>\n                \n                \n\n            <\/div>\n        \n                    <div class=\"bg-image-wrapper bg-image-wrapper--desktop  right image-align--center\" style='--image-max-width: 61%'>\n                <figure>\n                    <img width=\"783\" height=\"734\" src=\"https:\/\/freevpnplanet.com\/wp-content\/uploads\/2024\/06\/rvpn-illustration.626d9081-20240628_175014_032621.svg\" class=\"attachment-full size-full\" alt=\"\" loading=\"lazy\" decoding=\"sync\" fetchpriority=\"low\" style=\"max-width:784px\" sizes=\"auto, (max-width: 784px) 100vw, 784px\" aria-hidden=\"true\" \/>                    <!-- <img decoding=\"async\" width=\"783\" height=\"734\" src=\"https:\/\/freevpnplanet.com\/wp-content\/uploads\/2024\/06\/rvpn-illustration.626d9081-20240628_175014_032621.svg\" class=\"attachment-full size-full\" alt=\"\" style=\"max-width:784px\" \/> -->\n                <\/figure>\n            <\/div>\n        \n            <\/div>\n<\/section>\n\n\n<section class=\"image-text-static-image custom-block align-none  mobile-image-bottom   header-size-small text-size-small  pb-0--desktop\" style=''>\n\n    <div class=\"gutenberg-block-background\"><\/div>\n    <div class=\"image-text-static-image__inner inner-container\">\n                    <div class=\"image-text-static-image__content content-right\" style='--content-width: 49%'>\n                                    <div class=\"image-text-static-image__title\">\n                        <h2 >CINE V\u0102 SUPRAVEGHEAZ\u0102 PE INTERNET?<\/h2>                    <\/div>\n                \n                <p>Oricine furnizor de servicii de internet (ISP) stocheaz\u0103 tot ceea ce face\u021bi pe internet, care site-uri web le vizita\u021bi \u0219i care mesaje le trimite\u021bi pe internet, \u0219i trimite aceste informa\u021bii c\u0103tre depozite speciale.<\/p>\n<p>\u00cen birouri, angajatorii monitorizeaz\u0103 \u00eentotdeauna activitatea dvs. pe internet.<\/p>\n                \n                \n\n            <\/div>\n        \n                    <div class=\"bg-image-wrapper bg-image-wrapper--desktop  left image-align--center\" style='--image-max-width: 51%'>\n                <figure>\n                    <img width=\"472\" height=\"436\" src=\"https:\/\/freevpnplanet.com\/wp-content\/uploads\/2024\/06\/rvpn-surv.6d002b11-20240628_175357_751526.svg\" class=\"attachment-full size-full\" alt=\"\" loading=\"lazy\" decoding=\"sync\" fetchpriority=\"low\" style=\"max-width:472px\" sizes=\"auto, (max-width: 472px) 100vw, 472px\" aria-hidden=\"true\" \/>                    <!-- <img decoding=\"async\" width=\"472\" height=\"436\" src=\"https:\/\/freevpnplanet.com\/wp-content\/uploads\/2024\/06\/rvpn-surv.6d002b11-20240628_175357_751526.svg\" class=\"attachment-full size-full\" alt=\"\" style=\"max-width:472px\" \/> -->\n                <\/figure>\n            <\/div>\n        \n            <\/div>\n<\/section>\n\n\n<section class=\"image-text-static-image custom-block align-none  mobile-image-bottom   header-size-small text-size-small  \" style=''>\n\n    <div class=\"gutenberg-block-background\"><\/div>\n    <div class=\"image-text-static-image__inner inner-container\">\n                    <div class=\"image-text-static-image__content content-left\" style='--content-width: 49%'>\n                \n                <p>Proprietarii de site-uri web monitorizeaz\u0103 din ce IP a fost accesat site-ul lor. \u00cen plus, motoarele de c\u0103utare \u0219i diverse servicii statistice adun\u0103 toate informa\u021biile posibile despre tine. \u0218i s\u0103 nu mai vorbim de cantitatea impresionant\u0103 de infractori care \u00eencearc\u0103 tot posibilul s\u0103 ob\u021bin\u0103 informa\u021bii confiden\u021biale, fie c\u0103 este vorba de datele cardului t\u0103u, date personale sau mesaje.<\/p>\n<p>Oricine a adunat informa\u021bii despre tine poate face lucruri nepl\u0103cute \u0219i inacceptabile. Cu toate acestea, exist\u0103 o solu\u021bie &#8211; Planet VPN! Datorit\u0103 criptografiei noastre de \u00eencredere, este imposibil s\u0103-\u021bi extragi informa\u021biile online. Diversitatea noastr\u0103 de canale \u0219i serverele noastre incredibil de rapide asigur\u0103 c\u0103 internetul t\u0103u nu este doar sigur, ci \u0219i confortabil de utilizat.<\/p>\n                \n                \n\n            <\/div>\n        \n                    <div class=\"bg-image-wrapper bg-image-wrapper--desktop  right image-align--center\" style='--image-max-width: 51%'>\n                <figure>\n                    <img width=\"436\" height=\"436\" src=\"https:\/\/freevpnplanet.com\/wp-content\/uploads\/2024\/06\/rvpn-watch.c8e51db1-20240628_175545_400134.svg\" class=\"attachment-full size-full\" alt=\"\" loading=\"lazy\" decoding=\"sync\" fetchpriority=\"low\" style=\"max-width:472px\" sizes=\"auto, (max-width: 472px) 100vw, 472px\" aria-hidden=\"true\" \/>                    <!-- <img decoding=\"async\" width=\"436\" height=\"436\" src=\"https:\/\/freevpnplanet.com\/wp-content\/uploads\/2024\/06\/rvpn-watch.c8e51db1-20240628_175545_400134.svg\" class=\"attachment-full size-full\" alt=\"\" style=\"max-width:472px\" \/> -->\n                <\/figure>\n            <\/div>\n        \n            <\/div>\n<\/section>\n\n\n<div class=\"wp-block-group alignfull has-background-blue-background-color has-background is-content-justification-center is-nowrap is-layout-flex wp-container-core-group-is-layout-1 wp-block-group-is-layout-flex\">\n<div class=\"wp-block-columns wp-container-content-1 is-layout-flex wp-container-core-columns-is-layout-1 wp-block-columns-is-layout-flex row-gap--20 stack-breakpoint--768\">\n<div class=\"wp-block-column is-layout-flow wp-block-column-is-layout-flow\" style=\"padding-right:var(--wp--preset--spacing--50);padding-left:var(--wp--preset--spacing--50)\">\n<section class=\"advanced-steps custom-block align-center  align-desktop-left align-mobile-left font-normal three-columns title-small image-shadow\" style=''>\n\n    <div class=\"gutenberg-block-background\"><\/div>\n    <div class=\"advanced-steps__container inner-container\">\n                    <div class=\"advanced-steps__intro\">\n                <h2 style=\"text-align: center;\">CUM S\u0102 TE PROTEJEZI DE SUPRAVEGHEREA PE INTERNET?<\/h2>            <\/div>\n        \n        <ul class=\"advanced-steps__list advanced-steps__list--download-steps\" style='--columns-gap:50px'>\n                            <li style='--max-width:px'>\n                                            <h2 class=\"step-title\">Desc\u0103rca\u021bi<\/h2>\n                    \n                                            <div class=\"image-wrapper\">\n                            <img decoding=\"async\" width=\"219\" height=\"170\" src=\"https:\/\/freevpnplanet.com\/wp-content\/uploads\/2024\/05\/rvpn-download.df91dd21-20240524_114147_333777.svg\" class=\"attachment-full size-full\" alt=\"Step 1\" \/>                        <\/div>\n\n                                                    <p><a href=\"https:\/\/freevpnplanet.com\/ro\/download\/\" target=\"_blank\" rel=\"noopener\" id=\"qa-advanced-step-content-link\">Desc\u0103rca\u021bi<\/a> \u0219i instaleaz\u0103 aplica\u021bia pe dispozitivul t\u0103u<\/p>                                                            <\/li>\n                                <li style='--max-width:px'>\n                                            <h2 class=\"step-title\">Conecta\u021bi-v\u0103<\/h2>\n                    \n                                            <div class=\"image-wrapper\">\n                            <img decoding=\"async\" width=\"220\" height=\"171\" src=\"https:\/\/freevpnplanet.com\/wp-content\/uploads\/2024\/05\/rvpn-login.60a645a1-20240524_114327_062578.svg\" class=\"attachment-full size-full\" alt=\"Step 1\" \/>                        <\/div>\n\n                                                    <p>Conecta\u021bi-v\u0103 la unul dintre serverele noastre.<\/p>                                                            <\/li>\n                                <li style='--max-width:px'>\n                                            <h2 class=\"step-title\">Vizita\u021bi<\/h2>\n                    \n                                            <div class=\"image-wrapper\">\n                            <img decoding=\"async\" width=\"219\" height=\"170\" src=\"https:\/\/freevpnplanet.com\/wp-content\/uploads\/2024\/05\/rvpn-connect.12ef9ce1-20240524_114733_838401.svg\" class=\"attachment-full size-full\" alt=\"Step 3\" \/>                        <\/div>\n\n                                                    <p>Vizita\u021bi oricare site f\u0103r\u0103 restric\u021bii.<\/p>                                                            <\/li>\n                        <\/ul>\n\n                    <div class=\"advanced-steps__cta\">\n                <a href=\"\/ro\/plans\/\" target=\"_self\" id=\"qa-cta-steps-btn\" class=\"cta download-by-platform cta--with-border cta-size--small cta-mt--initial icon-position--icon-left\" style=\"--border-radius:40px\"><span class=\"cta__name\">Desc\u0103rca\u021bi Gratuit<\/span><\/a>            <\/div>\n        \n        \n        \n\n    <\/div>\n<\/section>\n<\/div>\n<\/div>\n<\/div>\n\n\n\n<section class=\"image-text-static-image custom-block align-none  mobile-image-bottom   header-size-small text-size-small  pb-0--desktop\" style=''>\n\n    <div class=\"gutenberg-block-background\"><\/div>\n    <div class=\"image-text-static-image__inner inner-container\">\n                    <div class=\"image-text-static-image__content content-left\" style='--content-width: 49%'>\n                                    <div class=\"image-text-static-image__title\">\n                        <h2 >CUM SUNTE\u021aI SUPRAVEGHEA\u021aI ONLINE?<\/h2>                    <\/div>\n                \n                <p>Orice dispozitiv de pe re\u021bea are propria sa adres\u0103 IP, chiar dac\u0103 accesa\u021bi internetul printr-o re\u021bea public\u0103 \u0219i adresa dvs. IP extern\u0103 nu este unic\u0103. Exist\u0103, de asemenea, o adres\u0103 local\u0103 \u00een cadrul re\u021belei. Furnizorul sau proprietarul re\u021belei poate mapeaz\u0103 cu u\u0219urin\u021b\u0103 adresele IP locale \u0219i externe pentru a urm\u0103ri ac\u021biunile dvs.<\/p>\n<p>Toate ac\u021biunile \u0219i mesajele dvs. pe re\u021bea care nu sunt criptate sunt \u00eenregistrate, procesate \u0219i stocate pentru perioade cuprinse \u00eentre c\u00e2teva luni \u0219i c\u00e2\u021biva ani.<\/p>\n                \n                \n\n            <\/div>\n        \n                    <div class=\"bg-image-wrapper bg-image-wrapper--desktop  right image-align--center\" style='--image-max-width: 51%'>\n                <figure>\n                    <img width=\"436\" height=\"436\" src=\"https:\/\/freevpnplanet.com\/wp-content\/uploads\/2024\/06\/rvpn-zoom.97114291-20240628_180539_548832.svg\" class=\"attachment-full size-full\" alt=\"\" loading=\"lazy\" decoding=\"sync\" fetchpriority=\"low\" style=\"max-width:472px\" sizes=\"auto, (max-width: 472px) 100vw, 472px\" aria-hidden=\"true\" \/>                    <!-- <img decoding=\"async\" width=\"436\" height=\"436\" src=\"https:\/\/freevpnplanet.com\/wp-content\/uploads\/2024\/06\/rvpn-zoom.97114291-20240628_180539_548832.svg\" class=\"attachment-full size-full\" alt=\"\" style=\"max-width:472px\" \/> -->\n                <\/figure>\n            <\/div>\n        \n            <\/div>\n<\/section>\n\n\n<section class=\"image-text-static-image custom-block align-none  mobile-image-bottom   header-size-small text-size-small  \" style=''>\n\n    <div class=\"gutenberg-block-background\"><\/div>\n    <div class=\"image-text-static-image__inner inner-container\">\n                    <div class=\"image-text-static-image__content content-right\" style='--content-width: 49%'>\n                \n                <p>Exist\u0103 multe alte tehnologii de urm\u0103rire pe re\u021bea, dar sunt neputincioase \u00een fa\u021ba tehnologiei VPN, care creeaz\u0103 un tunel criptat \u00eentre dvs. \u0219i server, f\u0103c\u00e2nd imposibil\u0103 interceptarea activit\u0103\u021bii dvs. pe internet.<\/p>\n<p>Prin urmare, nimeni nu poate utiliza informa\u021biile dvs. \u00een niciun scop. Planet VPN ofer\u0103 o criptare puternic\u0103, canale rapide de transfer \u00eentre date \u0219i server, precum \u0219i absen\u021ba complet\u0103 a \u00eenregistr\u0103rilor \u0219i stoc\u0103rii datelor.<\/p>\n                \n                \n\n            <\/div>\n        \n                    <div class=\"bg-image-wrapper bg-image-wrapper--desktop  left image-align--center\" style='--image-max-width: 51%'>\n                <figure>\n                    <img width=\"436\" height=\"436\" src=\"https:\/\/freevpnplanet.com\/wp-content\/uploads\/2024\/06\/rvpn-tech.7ca10ed1-20240628_180601_644317.svg\" class=\"attachment-full size-full\" alt=\"\" loading=\"lazy\" decoding=\"sync\" fetchpriority=\"low\" style=\"max-width:472px\" sizes=\"auto, (max-width: 472px) 100vw, 472px\" aria-hidden=\"true\" \/>                    <!-- <img decoding=\"async\" width=\"436\" height=\"436\" src=\"https:\/\/freevpnplanet.com\/wp-content\/uploads\/2024\/06\/rvpn-tech.7ca10ed1-20240628_180601_644317.svg\" class=\"attachment-full size-full\" alt=\"\" style=\"max-width:472px\" \/> -->\n                <\/figure>\n            <\/div>\n        \n            <\/div>\n<\/section>\n\n\n<section class=\"image-text-static-image custom-block align-none  mobile-image-bottom   header-size-small text-size-small  \" style='--background-color:var(--dark-blue-0); --text-color:var(--white)'>\n\n    <div class=\"gutenberg-block-background\"><\/div>\n    <div class=\"image-text-static-image__inner inner-container\">\n                    <div class=\"image-text-static-image__content content-right\" style='--content-width: 51%'>\n                                    <div class=\"image-text-static-image__title\">\n                        <h2 >NU MAI SUNTETI URM\u0102RIT<\/h2>                    <\/div>\n                \n                <p>Ast\u0103zi, motoarele de c\u0103utare, furnizorii \u0219i site-urile web au oportunitatea de a colecta date despre fiecare utilizator \u00een scopuri diferite. Cele mai inofensive dintre ele sunt distribuirea de reclame enervante. Cu toate acestea, aceste informa\u021bii pot ajunge \u00een m\u00e2inile infractorilor, ceea ce poate duce cu siguran\u021b\u0103 la furtul de date personale \u0219i financiare.<\/p>\n<p>Folosim o puternic\u0103 criptare de 256 de bi\u021bi pentru a v\u0103 proteja de orice intru\u0219i sau de supravegherea activit\u0103\u021bii dvs. pe internet. Utiliz\u00e2nd Planet VPN, v\u0103 ascunde\u021bi adresa IP, f\u0103c\u00e2ndu-v\u0103 navigarea complet anonim\u0103.<\/p>\n<p>Nu p\u0103str\u0103m \u00eenregistr\u0103ri ale activit\u0103\u021bii dvs. pe internet. Prin urmare, toate ac\u021biunile dvs. vor r\u0103m\u00e2ne complet anonime. Navigarea anonim\u0103 v\u0103 va permite s\u0103 v\u0103 proteja\u021bi contul bancar \u0219i datele de card de credit, informa\u021biile personale \u0219i de afaceri, orice fel de mesaje online \u0219i multe altele de c\u0103tre intru\u0219i.<\/p>\n                                    <div class=\"image-text-static-image__cta\">\n                                                    <a href=\"\/ro\/plans\/\" target=\"_self\" id=\"qa-cta-ready-btn\" class=\"cta download-by-platform cta--with-border cta-size--small cta-mt--initial icon-position--icon-left\" style=\"--border-radius:40px\"><span class=\"cta__name\">Desc\u0103rca\u021bi Gratuit<\/span><\/a>                                            <\/div>\n                \n                \n\n            <\/div>\n        \n                    <div class=\"bg-image-wrapper bg-image-wrapper--desktop  left image-align--center\" style='--image-max-width: 49%'>\n                <figure>\n                    <img width=\"444\" height=\"444\" src=\"https:\/\/freevpnplanet.com\/wp-content\/uploads\/2024\/07\/rvpn-no-spy.345c7111-20240701_151227_904235.svg\" class=\"attachment-full size-full\" alt=\"\" loading=\"lazy\" decoding=\"sync\" fetchpriority=\"low\" style=\"max-width:444px\" sizes=\"auto, (max-width: 444px) 100vw, 444px\" aria-hidden=\"true\" \/>                    <!-- <img decoding=\"async\" width=\"444\" height=\"444\" src=\"https:\/\/freevpnplanet.com\/wp-content\/uploads\/2024\/07\/rvpn-no-spy.345c7111-20240701_151227_904235.svg\" class=\"attachment-full size-full\" alt=\"\" style=\"max-width:444px\" \/> -->\n                <\/figure>\n            <\/div>\n        \n            <\/div>\n<\/section>","protected":false},"excerpt":{"rendered":"","protected":false},"author":39,"featured_media":0,"parent":0,"menu_order":0,"comment_status":"closed","ping_status":"closed","template":"templates\/page_template-basic_for_gutenberg.php","meta":{"_acf_changed":false,"inline_featured_image":false,"footnotes":""},"download_by_lite_tag":[],"class_list":["post-101973","page","type-page","status-publish","hentry"],"yoast_head":"<!-- This site is optimized with the Yoast SEO plugin v22.6 - https:\/\/yoast.com\/wordpress\/plugins\/seo\/ -->\n<title>VPN gratuit pentru protec\u021bia internetului - Proteja\u021bi datele dvs. online<\/title>\n<meta name=\"description\" content=\"Proteja\u021bi-v\u0103 de spionajul online. Ascunde\u021bi activitatea online de persoanele neautorizate folosind Planet VPN, o protec\u021bie de \u00eencredere.\" \/>\n<meta name=\"robots\" content=\"index, follow, max-snippet:-1, max-image-preview:large, max-video-preview:-1\" \/>\n<link rel=\"canonical\" href=\"https:\/\/freevpnplanet.com\/ro\/data-protection-security\/\" \/>\n<meta property=\"og:locale\" content=\"ro_RO\" \/>\n<meta property=\"og:type\" content=\"article\" \/>\n<meta property=\"og:title\" content=\"VPN gratuit pentru protec\u021bia internetului - Proteja\u021bi datele dvs. online\" \/>\n<meta property=\"og:description\" content=\"Proteja\u021bi-v\u0103 de spionajul online. Ascunde\u021bi activitatea online de persoanele neautorizate folosind Planet VPN, o protec\u021bie de \u00eencredere.\" \/>\n<meta property=\"og:url\" content=\"https:\/\/freevpnplanet.com\/ro\/data-protection-security\/\" \/>\n<meta property=\"og:site_name\" content=\"Planet VPN\" \/>\n<meta property=\"article:modified_time\" content=\"2025-07-18T07:53:15+00:00\" \/>\n<meta name=\"twitter:card\" content=\"summary_large_image\" \/>\n<script type=\"application\/ld+json\" class=\"yoast-schema-graph\">{\"@context\":\"https:\/\/schema.org\",\"@graph\":[{\"@type\":\"WebPage\",\"@id\":\"https:\/\/freevpnplanet.com\/ro\/data-protection-security\/\",\"url\":\"https:\/\/freevpnplanet.com\/ro\/data-protection-security\/\",\"name\":\"VPN gratuit pentru protec\u021bia internetului - Proteja\u021bi datele dvs. online\",\"isPartOf\":{\"@id\":\"https:\/\/freevpnplanet.com\/ro\/#website\"},\"datePublished\":\"2024-06-28T14:47:49+00:00\",\"dateModified\":\"2025-07-18T07:53:15+00:00\",\"description\":\"Proteja\u021bi-v\u0103 de spionajul online. Ascunde\u021bi activitatea online de persoanele neautorizate folosind Planet VPN, o protec\u021bie de \u00eencredere.\",\"breadcrumb\":{\"@id\":\"https:\/\/freevpnplanet.com\/ro\/data-protection-security\/#breadcrumb\"},\"inLanguage\":\"ro\",\"potentialAction\":[{\"@type\":\"ReadAction\",\"target\":[\"https:\/\/freevpnplanet.com\/ro\/data-protection-security\/\"]}]},{\"@type\":\"BreadcrumbList\",\"@id\":\"https:\/\/freevpnplanet.com\/ro\/data-protection-security\/#breadcrumb\",\"itemListElement\":[{\"@type\":\"ListItem\",\"position\":1,\"name\":\"Home\",\"item\":\"https:\/\/freevpnplanet.com\/ro\/\"},{\"@type\":\"ListItem\",\"position\":2,\"name\":\"Data Protection Security\"}]},{\"@type\":\"WebSite\",\"@id\":\"https:\/\/freevpnplanet.com\/ro\/#website\",\"url\":\"https:\/\/freevpnplanet.com\/ro\/\",\"name\":\"Planet VPN \ud83d\udee1\ufe0f\ud83c\udf10 Free VPN\",\"description\":\"Free VPN\",\"potentialAction\":[{\"@type\":\"SearchAction\",\"target\":{\"@type\":\"EntryPoint\",\"urlTemplate\":\"https:\/\/freevpnplanet.com\/ro\/?s={search_term_string}\"},\"query-input\":\"required name=search_term_string\"}],\"inLanguage\":\"ro\",\"publisher\":{\"@id\":\"https:\/\/freevpnplanet.com\/ro\/#organization\"}},{\"@context\":\"https:\/\/schema.org\/\",\"@type\":\"SoftwareApplication\",\"name\":\"Planet VPN \ud83d\udee1\ufe0f\ud83c\udf10 Free VPN\",\"operatingSystem\":\"Windows, macOS, iOS, Android, Linux, Chrome\",\"applicationCategory\":\"SecurityApplication\",\"offers\":{\"@type\":\"AggregateOffer\",\"priceCurrency\":\"USD\",\"price\":\"0\",\"lowPrice\":\"0\",\"availability\":\"https:\/\/schema.org\/InStock\"},\"aggregateRating\":{\"@type\":\"AggregateRating\",\"ratingValue\":\"4.8\",\"bestRating\":\"5\",\"ratingCount\":\"12476\"}},{\"@type\":\"Organization\",\"@id\":\"https:\/\/freevpnplanet.com\/ro\/#organization\",\"url\":\"https:\/\/freevpnplanet.com\/ro\/\",\"name\":\"Planet VPN \ud83d\udee1\ufe0f\ud83c\udf10 Free VPN\"}]}<\/script>\n<!-- \/ Yoast SEO plugin. -->","yoast_head_json":{"title":"VPN gratuit pentru protec\u021bia internetului - Proteja\u021bi datele dvs. online","description":"Proteja\u021bi-v\u0103 de spionajul online. Ascunde\u021bi activitatea online de persoanele neautorizate folosind Planet VPN, o protec\u021bie de \u00eencredere.","robots":{"index":"index","follow":"follow","max-snippet":"max-snippet:-1","max-image-preview":"max-image-preview:large","max-video-preview":"max-video-preview:-1"},"canonical":"https:\/\/freevpnplanet.com\/ro\/data-protection-security\/","og_locale":"ro_RO","og_type":"article","og_title":"VPN gratuit pentru protec\u021bia internetului - Proteja\u021bi datele dvs. online","og_description":"Proteja\u021bi-v\u0103 de spionajul online. Ascunde\u021bi activitatea online de persoanele neautorizate folosind Planet VPN, o protec\u021bie de \u00eencredere.","og_url":"https:\/\/freevpnplanet.com\/ro\/data-protection-security\/","og_site_name":"Planet VPN","article_modified_time":"2025-07-18T07:53:15+00:00","twitter_card":"summary_large_image","schema":{"@context":"https:\/\/schema.org","@graph":[{"@type":"WebPage","@id":"https:\/\/freevpnplanet.com\/ro\/data-protection-security\/","url":"https:\/\/freevpnplanet.com\/ro\/data-protection-security\/","name":"VPN gratuit pentru protec\u021bia internetului - Proteja\u021bi datele dvs. online","isPartOf":{"@id":"https:\/\/freevpnplanet.com\/ro\/#website"},"datePublished":"2024-06-28T14:47:49+00:00","dateModified":"2025-07-18T07:53:15+00:00","description":"Proteja\u021bi-v\u0103 de spionajul online. Ascunde\u021bi activitatea online de persoanele neautorizate folosind Planet VPN, o protec\u021bie de \u00eencredere.","breadcrumb":{"@id":"https:\/\/freevpnplanet.com\/ro\/data-protection-security\/#breadcrumb"},"inLanguage":"ro","potentialAction":[{"@type":"ReadAction","target":["https:\/\/freevpnplanet.com\/ro\/data-protection-security\/"]}]},{"@type":"BreadcrumbList","@id":"https:\/\/freevpnplanet.com\/ro\/data-protection-security\/#breadcrumb","itemListElement":[{"@type":"ListItem","position":1,"name":"Home","item":"https:\/\/freevpnplanet.com\/ro\/"},{"@type":"ListItem","position":2,"name":"Data Protection Security"}]},{"@type":"WebSite","@id":"https:\/\/freevpnplanet.com\/ro\/#website","url":"https:\/\/freevpnplanet.com\/ro\/","name":"Planet VPN \ud83d\udee1\ufe0f\ud83c\udf10 Free VPN","description":"Free VPN","potentialAction":[{"@type":"SearchAction","target":{"@type":"EntryPoint","urlTemplate":"https:\/\/freevpnplanet.com\/ro\/?s={search_term_string}"},"query-input":"required name=search_term_string"}],"inLanguage":"ro","publisher":{"@id":"https:\/\/freevpnplanet.com\/ro\/#organization"}},{"@context":"https:\/\/schema.org\/","@type":"SoftwareApplication","name":"Planet VPN \ud83d\udee1\ufe0f\ud83c\udf10 Free VPN","operatingSystem":"Windows, macOS, iOS, Android, Linux, Chrome","applicationCategory":"SecurityApplication","offers":{"@type":"AggregateOffer","priceCurrency":"USD","price":"0","lowPrice":"0","availability":"https:\/\/schema.org\/InStock"},"aggregateRating":{"@type":"AggregateRating","ratingValue":"4.8","bestRating":"5","ratingCount":"12476"}},{"@type":"Organization","@id":"https:\/\/freevpnplanet.com\/ro\/#organization","url":"https:\/\/freevpnplanet.com\/ro\/","name":"Planet VPN \ud83d\udee1\ufe0f\ud83c\udf10 Free VPN"}]}},"acf":[],"_links":{"self":[{"href":"https:\/\/freevpnplanet.com\/ro\/wp-json\/wp\/v2\/pages\/101973","targetHints":{"allow":["GET"]}}],"collection":[{"href":"https:\/\/freevpnplanet.com\/ro\/wp-json\/wp\/v2\/pages"}],"about":[{"href":"https:\/\/freevpnplanet.com\/ro\/wp-json\/wp\/v2\/types\/page"}],"author":[{"embeddable":true,"href":"https:\/\/freevpnplanet.com\/ro\/wp-json\/wp\/v2\/users\/39"}],"replies":[{"embeddable":true,"href":"https:\/\/freevpnplanet.com\/ro\/wp-json\/wp\/v2\/comments?post=101973"}],"version-history":[{"count":5,"href":"https:\/\/freevpnplanet.com\/ro\/wp-json\/wp\/v2\/pages\/101973\/revisions"}],"predecessor-version":[{"id":171388,"href":"https:\/\/freevpnplanet.com\/ro\/wp-json\/wp\/v2\/pages\/101973\/revisions\/171388"}],"wp:attachment":[{"href":"https:\/\/freevpnplanet.com\/ro\/wp-json\/wp\/v2\/media?parent=101973"}],"wp:term":[{"taxonomy":"download_by_lite_tag","embeddable":true,"href":"https:\/\/freevpnplanet.com\/ro\/wp-json\/wp\/v2\/download_by_lite_tag?post=101973"}],"curies":[{"name":"wp","href":"https:\/\/api.w.org\/{rel}","templated":true}]}}