{"id":109564,"date":"2024-05-02T18:08:20","date_gmt":"2024-05-02T15:08:20","guid":{"rendered":"https:\/\/help.freeplanetvpn.com\/change-ip\/"},"modified":"2025-07-18T12:23:15","modified_gmt":"2025-07-18T09:23:15","slug":"change-ip","status":"publish","type":"page","link":"https:\/\/freevpnplanet.com\/ro\/change-ip\/","title":{"rendered":"Change IP"},"content":{"rendered":"\n<section class=\"image-text-static-image custom-block align-none  mobile-image-bottom   header-size-small text-size-small  \" style='--background-color:var(--dark-blue-0); --text-color:var(--white)'>\n\n    <div class=\"gutenberg-block-background\"><\/div>\n    <div class=\"image-text-static-image__inner inner-container\">\n                    <div class=\"image-text-static-image__content content-left\" style='--content-width: 51%'>\n                                    <div class=\"image-text-static-image__title\">\n                        <h1 >Cum s\u0103 schimba\u021bi \u0219i s\u0103 ascunde\u021bi adresa IP cu Planet VPN<\/h1>                    <\/div>\n                \n                <p>Utiliza\u021bi Planet VPN, datorit\u0103 tehnologiei VPN, adresa dvs. de IP va fi ascuns\u0103 \u00een siguran\u021b\u0103, iar serviciile externe vor vedea adresa \u021b\u0103rii pe care a\u021bi selectat-o odat\u0103 ce v\u0103 conecta\u021bi!<\/p>\n                                    <div class=\"image-text-static-image__cta\">\n                                                    <a href=\"\/ro\/plans\/\" target=\"_self\" id=\"qa-hero-btn-cta\" class=\"cta download-by-platform cta--with-border cta-size--small cta-mt--initial icon-position--icon-left\" style=\"--border-radius:40px\"><span class=\"cta__name\">Desc\u0103rcare gratuit\u0103<\/span><\/a>                                            <\/div>\n                \n                \n\n            <\/div>\n        \n                    <div class=\"bg-image-wrapper bg-image-wrapper--desktop  right image-align--center\" style='--image-max-width: 49%'>\n                <figure>\n                    <img width=\"729\" height=\"581\" src=\"https:\/\/freevpnplanet.com\/wp-content\/uploads\/2024\/05\/rvpn-rvpn-3fa20f81-20240409-160252-504726-20240507_185215_511732.svg\" class=\"attachment-full size-full\" alt=\"\" loading=\"lazy\" decoding=\"sync\" fetchpriority=\"low\" style=\"max-width:700px\" sizes=\"auto, (max-width: 700px) 100vw, 700px\" aria-hidden=\"true\" \/>                    <!-- <img decoding=\"async\" width=\"729\" height=\"581\" src=\"https:\/\/freevpnplanet.com\/wp-content\/uploads\/2024\/05\/rvpn-rvpn-3fa20f81-20240409-160252-504726-20240507_185215_511732.svg\" class=\"attachment-full size-full\" alt=\"\" style=\"max-width:700px\" \/> -->\n                <\/figure>\n            <\/div>\n        \n            <\/div>\n<\/section>\n\n\n<section class=\"image-text-static-image custom-block align-none  mobile-image-bottom   header-size-small text-size-small  \" style=''>\n\n    <div class=\"gutenberg-block-background\"><\/div>\n    <div class=\"image-text-static-image__inner inner-container\">\n                    <div class=\"image-text-static-image__content content-right\" style='--content-width: 45%'>\n                                    <div class=\"image-text-static-image__title\">\n                        <h2 >DE CE AR TREBUI S\u0102-MI SCHIMB SAU S\u0102-MI ASCUND ADRESA IP?<\/h2>                    <\/div>\n                \n                <p>Adresa dvs. de IP poate spune multe despre dvs. Prin adresa IP, v\u0103 pute\u021bi afla loca\u021bia, numele \u0219i numele furnizorului dvs. de internet. Atunci c\u00e2nd infractorii cibernetici v\u0103 cunosc IP-ul, ace\u0219tia v\u0103 pot ataca dispozitivul, pot \u00eencerca s\u0103 \u00eel hackuiasc\u0103 sau pot folosi metode speciale pentru a \u00eempiedica dispozitivul s\u0103 transmit\u0103 sau s\u0103 primeasc\u0103 informa\u021bii. De asemenea, prin IP pute\u021bi afla cu suficient\u0103 precizie unde v\u0103 afla\u021bi fizic, ceea ce poate provoca, de asemenea, destule probleme. Dac\u0103 nu v\u0103 ascunde\u021bi adresa IP, aceasta deschide accesul la o cantitate mare de informa\u021bii, inclusiv la datele dvs. personale, la informa\u021bii despre loca\u021bia dvs., precum \u0219i la activitatea dvs. online, permi\u021b\u00e2nd ter\u021bilor s\u0103 monitorizeze \u0219i s\u0103 controleze activit\u0103\u021bile dvs. online.<\/p>\n                \n                \n\n            <\/div>\n        \n                    <div class=\"bg-image-wrapper bg-image-wrapper--desktop  left image-align--center\" style='--image-max-width: 55%'>\n                <figure>\n                    <img width=\"483\" height=\"493\" src=\"https:\/\/freevpnplanet.com\/wp-content\/uploads\/2024\/05\/rvpn-rvpn-db2904e1-20240409-162209-702854-20240507_185223_606342.svg\" class=\"attachment-full size-full\" alt=\"\" loading=\"lazy\" decoding=\"sync\" fetchpriority=\"low\" style=\"max-width:483px\" sizes=\"auto, (max-width: 483px) 100vw, 483px\" aria-hidden=\"true\" \/>                    <!-- <img decoding=\"async\" width=\"483\" height=\"493\" src=\"https:\/\/freevpnplanet.com\/wp-content\/uploads\/2024\/05\/rvpn-rvpn-db2904e1-20240409-162209-702854-20240507_185223_606342.svg\" class=\"attachment-full size-full\" alt=\"\" style=\"max-width:483px\" \/> -->\n                <\/figure>\n            <\/div>\n        \n            <\/div>\n<\/section>\n\n\n<section class=\"wrapper custom-block align-full    \" style='--background-color:var(--background-blue)'>\n\n    <div class=\"gutenberg-block-background\"><\/div>\n    <div class=\"wrapper__inner inner-container\">\n        \n\n<section class=\"image-text-static-image custom-block align-none  mobile-image-bottom   header-size-small text-size-small  \" style=''>\n\n    <div class=\"gutenberg-block-background\"><\/div>\n    <div class=\"image-text-static-image__inner inner-container\">\n                    <div class=\"image-text-static-image__content content-right\" style='--content-width: 49%'>\n                                    <div class=\"image-text-static-image__title\">\n                        <h2 >CUM S\u0102 V\u0102 SCHIMBA\u021aI SAU S\u0102 V\u0102 ASCUNDE\u021aI ADRESA IP?<\/h2>                    <\/div>\n                \n                <p>Este foarte simplu, trebuie doar s\u0103 v\u0103 conecta\u021bi la VPN utiliz\u00e2nd Planet VPN. Un VPN este un tunel securizat \u00eentre dou\u0103 sau mai multe dispozitive. VPN-urile sunt utilizate pentru a proteja traficul web de ascultare, interferen\u021be externe \u0219i cenzur\u0103. Prin conectarea la serverele noastre v\u0103 ascunde\u021bi \u00een siguran\u021b\u0103 IP-ul \u0219i cripta\u021bi toate datele. Sunt necesari doar 3 pa\u0219i pentru a v\u0103 schimba \u0219i ascunde IP-ul:<\/p>\n                \n                \n\n            <\/div>\n        \n                    <div class=\"bg-image-wrapper bg-image-wrapper--desktop  left image-align--center\" style='--image-max-width: 51%'>\n                <figure>\n                    <img width=\"518\" height=\"479\" src=\"https:\/\/freevpnplanet.com\/wp-content\/uploads\/2024\/05\/rvpn-rvpn-79c6c873-20240409-164508-364135-20240507_185221_234590.svg\" class=\"attachment-full size-full\" alt=\"\" loading=\"lazy\" decoding=\"sync\" fetchpriority=\"low\" style=\"max-width:518px\" sizes=\"auto, (max-width: 518px) 100vw, 518px\" aria-hidden=\"true\" \/>                    <!-- <img decoding=\"async\" width=\"518\" height=\"479\" src=\"https:\/\/freevpnplanet.com\/wp-content\/uploads\/2024\/05\/rvpn-rvpn-79c6c873-20240409-164508-364135-20240507_185221_234590.svg\" class=\"attachment-full size-full\" alt=\"\" style=\"max-width:518px\" \/> -->\n                <\/figure>\n            <\/div>\n        \n            <\/div>\n<\/section>\n\n\n<div class=\"wp-block-group is-content-justification-center is-nowrap is-layout-flex wp-container-core-group-is-layout-2 wp-block-group-is-layout-flex\">\n<div class=\"wp-block-group wp-container-content-1 is-layout-constrained wp-block-group-is-layout-constrained\">\n<section class=\"advanced-steps custom-block align-none pt-0 align-desktop-left align-mobile-left font-normal three-columns title-small image-shadow\" style='--background-color:var(--dark-blue-8)'>\n\n    <div class=\"gutenberg-block-background\"><\/div>\n    <div class=\"advanced-steps__container inner-container\">\n        \n        <ul class=\"advanced-steps__list advanced-steps__list--download-steps\" style='--columns-gap:50px'>\n                            <li style='--max-width:px'>\n                                            <h2 class=\"step-title\">1. desc\u0103rcare<\/h2>\n                    \n                                            <div class=\"image-wrapper\">\n                            <img decoding=\"async\" width=\"219\" height=\"170\" src=\"https:\/\/freevpnplanet.com\/wp-content\/uploads\/2024\/05\/rvpn-download.df91dd21-20240524_114147_333777.svg\" class=\"attachment-full size-full\" alt=\"Step 1\" \/>                        <\/div>\n\n                                                    <p><a class=\"\" href=\"https:\/\/freevpnplanet.com\/ro\/download\/\" id=\"qa-advanced-step-content-link\">Desc\u0103rcare<\/a> \u0219i instala\u021bi aplica\u021bia pe dispozitivul dvs.<\/p>                                                            <\/li>\n                                <li style='--max-width:px'>\n                                            <h2 class=\"step-title\">2. Conecta\u021bi<\/h2>\n                    \n                                            <div class=\"image-wrapper\">\n                            <img decoding=\"async\" width=\"220\" height=\"171\" src=\"https:\/\/freevpnplanet.com\/wp-content\/uploads\/2024\/05\/rvpn-login.60a645a1-20240524_114327_062578.svg\" class=\"attachment-full size-full\" alt=\"Step 1\" \/>                        <\/div>\n\n                                                    <p>Conecta\u021bi-v\u0103 la unul dintre serverele noastre<\/p>                                                            <\/li>\n                                <li style='--max-width:px'>\n                                            <h2 class=\"step-title\">3. Vizita<\/h2>\n                    \n                                            <div class=\"image-wrapper\">\n                            <img decoding=\"async\" width=\"219\" height=\"170\" src=\"https:\/\/freevpnplanet.com\/wp-content\/uploads\/2024\/05\/rvpn-connect.12ef9ce1-20240524_114733_838401.svg\" class=\"attachment-full size-full\" alt=\"Step 3\" \/>                        <\/div>\n\n                                                    <p>Vizita\u021bi orice site web f\u0103r\u0103 restric\u021bii<\/p>                                                            <\/li>\n                        <\/ul>\n\n                    <div class=\"advanced-steps__cta\">\n                <a href=\"\/ro\/plans\/\" target=\"_self\" id=\"qa-steps-btn-cta\" class=\"cta download-by-platform cta--with-border cta-size--small cta-mt--initial icon-position--icon-left\" style=\"--border-radius:40px\"><span class=\"cta__name\">Desc\u0103rcare gratuit\u0103<\/span><\/a>            <\/div>\n        \n        \n        \n\n    <\/div>\n<\/section>\n<\/div>\n<\/div>\n\n\n    <\/div>\n\n<\/section>\n\n\n<section class=\"image-text-static-image custom-block align-none  mobile-image-bottom   header-size-small text-size-small  \" style=''>\n\n    <div class=\"gutenberg-block-background\"><\/div>\n    <div class=\"image-text-static-image__inner inner-container\">\n                    <div class=\"image-text-static-image__content content-right\" style='--content-width: 50%'>\n                                    <div class=\"image-text-static-image__title\">\n                        <h2 >CUM SE SCHIMB\u0102 ADRESA IP?<\/h2>                    <\/div>\n                \n                <p>Atunci c\u00e2nd v\u0103 conecta\u021bi la re\u021beaua Planet VPN, adresa dvs. de IP este \u00eenlocuit\u0103 cu o alta \u0219i totul pare ca \u0219i cum v-a\u021bi afla \u00een alt loc. Atunci c\u00e2nd utiliza\u021bi un VPN, traficul dvs. de internet trece printr-un tunel criptat, astfel \u00eenc\u00e2t nimeni, inclusiv furnizorul dvs. de servicii de internet, nu poate vedea ce face\u021bi pe internet. Prin urmare, dac\u0103 v\u0103 conecta\u021bi la o re\u021bea VPN, site-urile web, aplica\u021biile \u0219i serviciile vor vedea adresa IP public\u0103 a serverului VPN \u00een loc de adresa dispozitivului dvs. &#8211; aceasta \u00eenseamn\u0103 c\u0103 v-a\u021bi &#8220;ascuns adresa IP&#8221; sau v-a\u021bi &#8220;schimbat adresa IP&#8221;.<\/p>\n                                    <div class=\"image-text-static-image__cta\">\n                                                    <a href=\"\/ro\/plans\/\" target=\"_self\" id=\"qa-cta-content-btn\" class=\"cta download-by-platform cta--with-border cta-size--small cta-mt--initial icon-position--icon-left\" style=\"--border-radius:40px\"><span class=\"cta__name\">Desc\u0103rcare gratuit\u0103<\/span><\/a>                                            <\/div>\n                \n                \n\n            <\/div>\n        \n                    <div class=\"bg-image-wrapper bg-image-wrapper--desktop  left image-align--center\" style='--image-max-width: 50%'>\n                <figure>\n                    <img width=\"436\" height=\"436\" src=\"https:\/\/freevpnplanet.com\/wp-content\/uploads\/2024\/05\/rvpn-rvpn-rvpn-7d778d01-20240408-215431-1200701-20240409-170411-885201-20240507_185229_084591.svg\" class=\"attachment-full size-full\" alt=\"\" loading=\"lazy\" decoding=\"sync\" fetchpriority=\"low\" style=\"max-width:437px\" sizes=\"auto, (max-width: 437px) 100vw, 437px\" aria-hidden=\"true\" \/>                    <!-- <img decoding=\"async\" width=\"436\" height=\"436\" src=\"https:\/\/freevpnplanet.com\/wp-content\/uploads\/2024\/05\/rvpn-rvpn-rvpn-7d778d01-20240408-215431-1200701-20240409-170411-885201-20240507_185229_084591.svg\" class=\"attachment-full size-full\" alt=\"\" style=\"max-width:437px\" \/> -->\n                <\/figure>\n            <\/div>\n        \n            <\/div>\n<\/section>\n\n\n<div class=\"wp-block-group alignfull has-background is-layout-constrained wp-block-group-is-layout-constrained\" style=\"background-color:#2f77d4\">\n<section class=\"image-text custom-block align-full   mobile-image-bottom mobile-title-center  header-size-medium text-size-small   content-left\" style='overflow: hidden;;--background-color:var(--none); --text-color:var(--white);--min-height-mobile:400px;--min-height-desktop:500px;--content-width:52%'>\n\n    <div class=\"gutenberg-block-background\"><\/div>\n    <div class=\"image-text__inner inner-container\">\n\n        \n                    <div class=\"image-text__content\">\n\n                <h2>CARE SUNT AVANTAJELE PLANET VPN PENTRU ASCUNDEREA \u0218I SCHIMBAREA ADRESEI MELE IP?<\/h2>\n<p>Utiliz\u0103m cele mai moderne \u0219i fiabile metode de criptare a datelor. Multe dintre serverele noastre VPN rapide \u0219i moderne sunt situate \u00een \u00eentreaga lume, oferind utilizatorului o selec\u021bie imens\u0103 de loca\u021bii pentru a v\u0103 ascunde sau schimba adresa IP. Exist\u0103 extensii proxy pentru browsere, unde, \u00een modul gratuit, pute\u021bi testa func\u021bionarea serviciului nostru \u0219i pute\u021bi vedea efectiv cum au loc schimb\u0103rile de IP. Pentru a proteja \u00een mod fiabil datele transmise prin Internet, am creat programe pentru sistemele de operare populare, precum \u0219i pentru a oferi posibilitatea de a conecta un num\u0103r nelimitat de dispozitive care accept\u0103 VPN. Cu toate acestea, nu urm\u0103rim sau nu p\u0103str\u0103m jurnale de activitate. Oferim un num\u0103r mare de op\u021biuni de plat\u0103, inclusiv metode anonime.<\/p>\n<p>&nbsp;<\/p>\n                                    <div class=\"image-text__cta\">\n                        <a href=\"\/ro\/plans\/\" target=\"_self\" id=\"qa-advanced-cta-bta\" class=\"cta download-by-platform cta--with-border cta-size--small cta-mt--initial icon-position--icon-left\" style=\"--border-radius:40px\"><span class=\"cta__name\">Desc\u0103rcare gratuit\u0103<\/span><\/a>                    <\/div>\n                \n            <\/div>\n        \n                    <div class=\"bg-image-wrapper bg-image-wrapper--desktop custom image-align--left\">\n                <figure style='--image-max-width:1500px;--image-opacity:1.00;width: calc(70% - 20px);left:42%;top:50%'>\n                    <img decoding=\"async\" width=\"1140\" height=\"1140\" src=\"https:\/\/freevpnplanet.com\/wp-content\/uploads\/2024\/05\/rvpn-rvpn-map-20240410-114426-568830-20240507_185226_366905.png\" class=\"bg-image\" alt=\"Background Image for Desktop\" \/>                <\/figure>\n            <\/div>\n        \n                    <div class=\"bg-image-wrapper bg-image-wrapper--mobile background-image\">\n                <figure style='width: 140%;max-width: 1000px;opacity: 0.20;margin-top: 24px'>\n                    <img decoding=\"async\" width=\"1140\" height=\"1140\" src=\"https:\/\/freevpnplanet.com\/wp-content\/uploads\/2024\/05\/rvpn-rvpn-map-20240410-114426-568830-20240507_185226_366905.png\" class=\"bg-image\" alt=\"Background Image for Mobile\" \/>                <\/figure>\n            <\/div>\n            <\/div>\n<\/section><\/div>\n","protected":false},"excerpt":{"rendered":"","protected":false},"author":39,"featured_media":0,"parent":0,"menu_order":0,"comment_status":"closed","ping_status":"closed","template":"templates\/page_template-basic_for_gutenberg.php","meta":{"_acf_changed":false,"inline_featured_image":false,"footnotes":""},"download_by_lite_tag":[],"class_list":["post-109564","page","type-page","status-publish","hentry"],"yoast_head":"<!-- This site is optimized with the Yoast SEO plugin v22.6 - https:\/\/yoast.com\/wordpress\/plugins\/seo\/ -->\n<title>Cum s\u0103 schimba\u021bi \u0219i s\u0103 ascunde\u021bi adresa IP cu un VPN gratuit - Planet VPN<\/title>\n<meta name=\"description\" content=\"Este u\u0219or s\u0103 schimba\u021bi adresele IP cu un VPN. Accesa\u021bi internetul f\u0103r\u0103 restric\u021bii. Proteja\u021bi-v\u0103 anonimatul cu Planet VPN\" \/>\n<meta name=\"robots\" content=\"index, follow, max-snippet:-1, max-image-preview:large, max-video-preview:-1\" \/>\n<link rel=\"canonical\" href=\"https:\/\/freevpnplanet.com\/ro\/change-ip\/\" \/>\n<meta property=\"og:locale\" content=\"ro_RO\" \/>\n<meta property=\"og:type\" content=\"article\" \/>\n<meta property=\"og:title\" content=\"Cum s\u0103 schimba\u021bi \u0219i s\u0103 ascunde\u021bi adresa IP cu un VPN gratuit - Planet VPN\" \/>\n<meta property=\"og:description\" content=\"Este u\u0219or s\u0103 schimba\u021bi adresele IP cu un VPN. Accesa\u021bi internetul f\u0103r\u0103 restric\u021bii. Proteja\u021bi-v\u0103 anonimatul cu Planet VPN\" \/>\n<meta property=\"og:url\" content=\"https:\/\/freevpnplanet.com\/ro\/change-ip\/\" \/>\n<meta property=\"og:site_name\" content=\"Planet VPN\" \/>\n<meta property=\"article:modified_time\" content=\"2025-07-18T09:23:15+00:00\" \/>\n<meta name=\"twitter:card\" content=\"summary_large_image\" \/>\n<script type=\"application\/ld+json\" class=\"yoast-schema-graph\">{\"@context\":\"https:\/\/schema.org\",\"@graph\":[{\"@type\":\"WebPage\",\"@id\":\"https:\/\/freevpnplanet.com\/ro\/change-ip\/\",\"url\":\"https:\/\/freevpnplanet.com\/ro\/change-ip\/\",\"name\":\"Cum s\u0103 schimba\u021bi \u0219i s\u0103 ascunde\u021bi adresa IP cu un VPN gratuit - Planet VPN\",\"isPartOf\":{\"@id\":\"https:\/\/freevpnplanet.com\/ro\/#website\"},\"datePublished\":\"2024-05-02T15:08:20+00:00\",\"dateModified\":\"2025-07-18T09:23:15+00:00\",\"description\":\"Este u\u0219or s\u0103 schimba\u021bi adresele IP cu un VPN. Accesa\u021bi internetul f\u0103r\u0103 restric\u021bii. Proteja\u021bi-v\u0103 anonimatul cu Planet VPN\",\"breadcrumb\":{\"@id\":\"https:\/\/freevpnplanet.com\/ro\/change-ip\/#breadcrumb\"},\"inLanguage\":\"ro\",\"potentialAction\":[{\"@type\":\"ReadAction\",\"target\":[\"https:\/\/freevpnplanet.com\/ro\/change-ip\/\"]}]},{\"@type\":\"BreadcrumbList\",\"@id\":\"https:\/\/freevpnplanet.com\/ro\/change-ip\/#breadcrumb\",\"itemListElement\":[{\"@type\":\"ListItem\",\"position\":1,\"name\":\"Home\",\"item\":\"https:\/\/freevpnplanet.com\/ro\/\"},{\"@type\":\"ListItem\",\"position\":2,\"name\":\"Change IP\"}]},{\"@type\":\"WebSite\",\"@id\":\"https:\/\/freevpnplanet.com\/ro\/#website\",\"url\":\"https:\/\/freevpnplanet.com\/ro\/\",\"name\":\"Planet VPN \ud83d\udee1\ufe0f\ud83c\udf10 Free VPN\",\"description\":\"Free VPN\",\"potentialAction\":[{\"@type\":\"SearchAction\",\"target\":{\"@type\":\"EntryPoint\",\"urlTemplate\":\"https:\/\/freevpnplanet.com\/ro\/?s={search_term_string}\"},\"query-input\":\"required name=search_term_string\"}],\"inLanguage\":\"ro\",\"publisher\":{\"@id\":\"https:\/\/freevpnplanet.com\/ro\/#organization\"}},{\"@context\":\"https:\/\/schema.org\/\",\"@type\":\"SoftwareApplication\",\"name\":\"Planet VPN \ud83d\udee1\ufe0f\ud83c\udf10 Free VPN\",\"operatingSystem\":\"Windows, macOS, iOS, Android, Linux, Chrome\",\"applicationCategory\":\"SecurityApplication\",\"offers\":{\"@type\":\"AggregateOffer\",\"priceCurrency\":\"USD\",\"price\":\"0\",\"lowPrice\":\"0\",\"availability\":\"https:\/\/schema.org\/InStock\"},\"aggregateRating\":{\"@type\":\"AggregateRating\",\"ratingValue\":\"4.8\",\"bestRating\":\"5\",\"ratingCount\":\"12476\"}},{\"@type\":\"Organization\",\"@id\":\"https:\/\/freevpnplanet.com\/ro\/#organization\",\"url\":\"https:\/\/freevpnplanet.com\/ro\/\",\"name\":\"Planet VPN \ud83d\udee1\ufe0f\ud83c\udf10 Free VPN\"}]}<\/script>\n<!-- \/ Yoast SEO plugin. -->","yoast_head_json":{"title":"Cum s\u0103 schimba\u021bi \u0219i s\u0103 ascunde\u021bi adresa IP cu un VPN gratuit - Planet VPN","description":"Este u\u0219or s\u0103 schimba\u021bi adresele IP cu un VPN. Accesa\u021bi internetul f\u0103r\u0103 restric\u021bii. Proteja\u021bi-v\u0103 anonimatul cu Planet VPN","robots":{"index":"index","follow":"follow","max-snippet":"max-snippet:-1","max-image-preview":"max-image-preview:large","max-video-preview":"max-video-preview:-1"},"canonical":"https:\/\/freevpnplanet.com\/ro\/change-ip\/","og_locale":"ro_RO","og_type":"article","og_title":"Cum s\u0103 schimba\u021bi \u0219i s\u0103 ascunde\u021bi adresa IP cu un VPN gratuit - Planet VPN","og_description":"Este u\u0219or s\u0103 schimba\u021bi adresele IP cu un VPN. Accesa\u021bi internetul f\u0103r\u0103 restric\u021bii. Proteja\u021bi-v\u0103 anonimatul cu Planet VPN","og_url":"https:\/\/freevpnplanet.com\/ro\/change-ip\/","og_site_name":"Planet VPN","article_modified_time":"2025-07-18T09:23:15+00:00","twitter_card":"summary_large_image","schema":{"@context":"https:\/\/schema.org","@graph":[{"@type":"WebPage","@id":"https:\/\/freevpnplanet.com\/ro\/change-ip\/","url":"https:\/\/freevpnplanet.com\/ro\/change-ip\/","name":"Cum s\u0103 schimba\u021bi \u0219i s\u0103 ascunde\u021bi adresa IP cu un VPN gratuit - Planet VPN","isPartOf":{"@id":"https:\/\/freevpnplanet.com\/ro\/#website"},"datePublished":"2024-05-02T15:08:20+00:00","dateModified":"2025-07-18T09:23:15+00:00","description":"Este u\u0219or s\u0103 schimba\u021bi adresele IP cu un VPN. Accesa\u021bi internetul f\u0103r\u0103 restric\u021bii. Proteja\u021bi-v\u0103 anonimatul cu Planet VPN","breadcrumb":{"@id":"https:\/\/freevpnplanet.com\/ro\/change-ip\/#breadcrumb"},"inLanguage":"ro","potentialAction":[{"@type":"ReadAction","target":["https:\/\/freevpnplanet.com\/ro\/change-ip\/"]}]},{"@type":"BreadcrumbList","@id":"https:\/\/freevpnplanet.com\/ro\/change-ip\/#breadcrumb","itemListElement":[{"@type":"ListItem","position":1,"name":"Home","item":"https:\/\/freevpnplanet.com\/ro\/"},{"@type":"ListItem","position":2,"name":"Change IP"}]},{"@type":"WebSite","@id":"https:\/\/freevpnplanet.com\/ro\/#website","url":"https:\/\/freevpnplanet.com\/ro\/","name":"Planet VPN \ud83d\udee1\ufe0f\ud83c\udf10 Free VPN","description":"Free VPN","potentialAction":[{"@type":"SearchAction","target":{"@type":"EntryPoint","urlTemplate":"https:\/\/freevpnplanet.com\/ro\/?s={search_term_string}"},"query-input":"required name=search_term_string"}],"inLanguage":"ro","publisher":{"@id":"https:\/\/freevpnplanet.com\/ro\/#organization"}},{"@context":"https:\/\/schema.org\/","@type":"SoftwareApplication","name":"Planet VPN \ud83d\udee1\ufe0f\ud83c\udf10 Free VPN","operatingSystem":"Windows, macOS, iOS, Android, Linux, Chrome","applicationCategory":"SecurityApplication","offers":{"@type":"AggregateOffer","priceCurrency":"USD","price":"0","lowPrice":"0","availability":"https:\/\/schema.org\/InStock"},"aggregateRating":{"@type":"AggregateRating","ratingValue":"4.8","bestRating":"5","ratingCount":"12476"}},{"@type":"Organization","@id":"https:\/\/freevpnplanet.com\/ro\/#organization","url":"https:\/\/freevpnplanet.com\/ro\/","name":"Planet VPN \ud83d\udee1\ufe0f\ud83c\udf10 Free VPN"}]}},"acf":[],"_links":{"self":[{"href":"https:\/\/freevpnplanet.com\/ro\/wp-json\/wp\/v2\/pages\/109564","targetHints":{"allow":["GET"]}}],"collection":[{"href":"https:\/\/freevpnplanet.com\/ro\/wp-json\/wp\/v2\/pages"}],"about":[{"href":"https:\/\/freevpnplanet.com\/ro\/wp-json\/wp\/v2\/types\/page"}],"author":[{"embeddable":true,"href":"https:\/\/freevpnplanet.com\/ro\/wp-json\/wp\/v2\/users\/39"}],"replies":[{"embeddable":true,"href":"https:\/\/freevpnplanet.com\/ro\/wp-json\/wp\/v2\/comments?post=109564"}],"version-history":[{"count":6,"href":"https:\/\/freevpnplanet.com\/ro\/wp-json\/wp\/v2\/pages\/109564\/revisions"}],"predecessor-version":[{"id":171465,"href":"https:\/\/freevpnplanet.com\/ro\/wp-json\/wp\/v2\/pages\/109564\/revisions\/171465"}],"wp:attachment":[{"href":"https:\/\/freevpnplanet.com\/ro\/wp-json\/wp\/v2\/media?parent=109564"}],"wp:term":[{"taxonomy":"download_by_lite_tag","embeddable":true,"href":"https:\/\/freevpnplanet.com\/ro\/wp-json\/wp\/v2\/download_by_lite_tag?post=109564"}],"curies":[{"name":"wp","href":"https:\/\/api.w.org\/{rel}","templated":true}]}}