{"id":96362,"date":"2024-07-01T10:13:33","date_gmt":"2024-07-01T07:13:33","guid":{"rendered":"https:\/\/help.freeplanetvpn.com\/cookies\/"},"modified":"2024-09-11T16:03:52","modified_gmt":"2024-09-11T13:03:52","slug":"cookies","status":"publish","type":"page","link":"https:\/\/freevpnplanet.com\/ro\/cookies\/","title":{"rendered":"Cookies"},"content":{"rendered":"\n<style>.entry-content{margin-bottom:100px}.entry-content,.entry-content p,.entry-content h1,.entry-content h4,.entry-content ul li{color:var(--black)}.entry-content h1{font-size:40px;font-weight:700;margin-bottom:50px}.entry-content h4{font-size:30px;font-weight:500;margin:40px 0 30px}.entry-content a{color:var(--green)}<\/style>\n\n\n\n<h1 class=\"wp-block-heading\">Politica privind cookie-urile<\/h1>\n\n\n\n<p>Un cookie este un fi\u0219ier care con\u021bine un identificator unic. Acest identificator este trimis de server c\u0103tre browser \u0219i apoi stocat \u00een suportul de date. Ca rezultat, acest identificator este transmis c\u0103tre server de fiecare dat\u0103 c\u00e2nd prime\u0219te solicitarea de la server c\u0103tre pagina browserului.<\/p>\n\n\n\n<p>Aceste fi\u0219iere sunt \u00eemp\u0103r\u021bite \u00een 2 categorii diferite:<\/p>\n\n\n\n<ul class=\"wp-block-list\">\n<li>Permanent<\/li>\n\n\n\n<li>Cookie-uri de sesiune<\/li>\n<\/ul>\n\n\n\n<p>Browserul va stoca cookie-urile din prima categorie p\u00e2n\u0103 c\u00e2nd acestea sunt \u0219terse (automat sau manual).<\/p>\n\n\n\n<p>Cookie-urile de sesiune sunt \u0219terse automat la sf\u00e2r\u0219itul sesiunii utilizatorului (dup\u0103 \u00eenchiderea browserului).<\/p>\n\n\n\n<p>Cookie-urile colectate pe Planet VPN nu con\u021bin nicio informa\u021bie confiden\u021bial\u0103 sau personal\u0103 despre client.<\/p>\n\n\n\n<h4 class=\"wp-block-heading\">Cum utilizeaz\u0103 Planet VPN fi\u0219ierele cookie<\/h4>\n\n\n\n<p>Planet VPN utilizeaz\u0103 cookie-uri pe site-ul s\u0103u web (disponibil la adresa: https:\/\/www.freevpnplanet.com). Descrierea \u0219i regulile sunt explicate pe pagina relevant\u0103.<\/p>\n\n\n\n<p>Prin crearea unui cont pe platforma noastr\u0103, utilizatorii sunt de acord cu utilizarea cookie-urilor \u00een scopuri de administrare general\u0103 \u0219i \u00een procesul de \u00eenregistrare \u00een mod particular. Utilizarea cookie-urilor permite simplificarea procesului de autorizare, elimin\u00e2nd necesitatea de a v\u0103 autentifica de fiecare dat\u0103 c\u00e2nd vizita\u021bi site-ul \u0219i salv\u00e2nd preferin\u021bele dvs. \u00een timpul utiliz\u0103rii acestuia. \u00cen special, aceste cookie-uri sunt \u0219terse automat dup\u0103 ce utilizatorul se &#8220;Deconecteaz\u0103&#8221;.<\/p>\n\n\n\n<p>Pe site sunt prezentate metode de comer\u021b electronic \u0219i pl\u0103\u021bi. Cookie-urile sunt necesare pentru procesarea corect\u0103 a pl\u0103\u021bilor.<\/p>\n\n\n\n<p>Planet VPN ofer\u0103 utilizatorilor posibilitatea de a completa formulare sau de a participa la diferite sondaje pentru a educa clien\u021bii serviciului, a furniza informa\u021bii utile sau a prezenta instrumente utile pentru a interac\u021biona mai bine cu utilizatorii. Aceste sondaje \u0219i studii pot utiliza cookie-uri pentru a evita ca aceea\u0219i persoan\u0103 s\u0103 completeze mai multe sondaje.<\/p>\n\n\n\n<p>Atunci c\u00e2nd scrie\u021bi un comentariu pe un blog sau completa\u021bi orice formulare\/cereri, Planet VPN utilizeaz\u0103 cookie-uri pentru a salva informa\u021biile utilizatorului \u00een vederea proces\u0103rii corecte \u00een viitor.<\/p>\n\n\n\n<p>\u00cen timpul utiliz\u0103rii site-ului, Planet VPN colecteaz\u0103 cookie-uri pentru a oferi cea mai bun\u0103 experien\u021b\u0103 utilizatorilor pe platform\u0103.<\/p>\n\n\n\n<h4 class=\"wp-block-heading\">Dezactivarea cookie-urilor<\/h4>\n\n\n\n<p>Pute\u021bi dezactiva colectarea \u0219i utilizarea cookie-urilor (pentru informa\u021bii detaliate, vizita\u021bi pagina de Set\u0103ri \u00een browserul preferat). Trebuie men\u021bionat c\u0103 dezactivarea cookie-urilor poate afecta func\u021bionarea general\u0103 a resurselor web. Prin urmare, nu se recomand\u0103 dezactivarea cookie-urilor.<\/p>\n\n\n\n<p>Modalit\u0103\u021bile de dezactivare a cookie-urilor depind de diferitele browsere, motiv pentru care Planet VPN prezint\u0103 o list\u0103 de pagini pentru diferite browsere.<\/p>\n\n\n\n<ul class=\"wp-block-list\">\n<li>Chrome<br><a href=\"https:\/\/support.google.com\/chrome\/answer\/95647\">https:\/\/support.google.com\/chrome\/answer\/95647<\/a><\/li>\n\n\n\n<li>Safari<br><a href=\"https:\/\/support.apple.com\/en-gb\/guide\/safari\/manage-cookies-and-website-data-sfri11471\/mac\">https:\/\/support.apple.com\/en-gb\/guide\/safari\/manage-cookies-and-website-data-sfri11471\/mac<\/a><\/li>\n\n\n\n<li>Firefox<br><a href=\"https:\/\/support.mozilla.org\/en-US\/kb\/enable-and-disable-cookies-website-preferences\">https:\/\/support.mozilla.org\/en-US\/kb\/enable-and-disable-cookies-website-preferences<\/a><\/li>\n\n\n\n<li>Opera<br><a href=\"http:\/\/www.opera.com\/help\/tutorials\/security\/cookies\">http:\/\/www.opera.com\/help\/tutorials\/security\/cookies<\/a><\/li>\n\n\n\n<li>Internet Explorer<br><a href=\"https:\/\/support.microsoft.com\/en-gb\/help\/17442\/windows-internet-explorer-delete-manage-cookies\">https:\/\/support.microsoft.com\/en-gb\/help\/17442\/windows-internet-explorer-delete-manage-cookies<\/a><\/li>\n\n\n\n<li>Edge<br><a href=\"https:\/\/privacy.microsoft.com\/en-us\/windows-10-microsoft-edge-and-privacy\">https:\/\/privacy.microsoft.com\/en-us\/windows-10-microsoft-edge-and-privacy<\/a><\/li>\n<\/ul>\n\n\n\n<h4 class=\"wp-block-heading\">List\u0103 de Cookie-uri utilizate pe Planet VPN<\/h4>\n\n\n\n<p>Aceasta va enumera cookie-urile care sunt colectate \u0219i furnizate de ter\u021be p\u0103r\u021bi de \u00eencredere. Cookie-urile enumerate mai jos sunt cele cu care v\u0103 ve\u021bi \u00eent\u00e2lni \u00een timp ce utiliza\u021bi site-ul.<\/p>\n\n\n\n<h4 class=\"wp-block-heading\">Google Analytics:<\/h4>\n\n\n\n<p>Aceste fi\u0219iere sunt printre cele mai fiabile, utilizarea lor ajut\u0103 la analizarea \u00eentregii func\u021bion\u0103ri a site-ului \u0219i recomand\u0103 cum s\u0103 o optimizeze. Informa\u021biile colectate includ timpul utilizatorului pe pagin\u0103, pe site \u0219i ac\u021biunile efectuate pe platform\u0103.<\/p>\n\n\n\n<p>Pentru informa\u021bii mai detaliate despre Google Analytics, accesa\u021bi&nbsp;<a href=\"https:\/\/developers.google.com\/analytics\/devguides\/collection\/analyticsjs\/cookie-usage\">pagina oficial\u0103:<\/a><\/p>\n\n\n\n<h4 class=\"wp-block-heading\">Matomo:<\/h4>\n\n\n\n<p>Aceste cookie-uri sunt printre cele mai de \u00eencredere \u0219i fiabile, utilizarea lor ajut\u0103 la analiza calitativ\u0103 a opera\u021biunilor pe site \u0219i la optimizarea corect\u0103 a utiliz\u0103rii pentru clien\u021bi \u0219i utilizatori pe platform\u0103. Informa\u021biile colectate includ timpul utilizatorului pe pagin\u0103, timpul petrecut pe site \u00een general \u0219i ac\u021biunile efectuate pe platform\u0103.<\/p>\n\n\n\n<p>Pentru informa\u021bii mai detaliate despre Matomo, accesa\u021bi&nbsp;<a href=\"https:\/\/matomo.org\/privacy\/\">pagina oficial\u0103:<\/a><\/p>\n\n\n\n<h4 class=\"wp-block-heading\">Zendesk:<\/h4>\n\n\n\n<p>Pentru a v\u0103 oferi asisten\u021ba necesar\u0103 \u00een conversa\u021biile online \u0219i pentru a forma o &#8220;Baz\u0103 de cuno\u0219tin\u021be&#8221;, folosim Zendesk. Zendesk poate plasa anumite fi\u0219iere cookie \u00een browserul dvs. Acestea sunt cunoscute sub denumirea de fi\u0219iere primordiale \u0219i sunt esen\u021biale pentru a stoca informa\u021bii de sesiune. De exemplu, folosim cookie-uri pe site-urile noastre pentru a \u00een\u021belege preferin\u021bele vizitatorilor \u0219i utilizatorilor, pentru a \u00eembun\u0103t\u0103\u021bi experien\u021ba lor, pentru a urm\u0103ri \u0219i analiza utilizarea, navigarea \u0219i alte informa\u021bii statistice necesare.<\/p>\n\n\n\n<p>Politica de confiden\u021bialitate este disponibil\u0103 pentru&nbsp;<a href=\"https:\/\/www.zendesk.com\/company\/customers-partners\/privacy-policy\/\">consultare la:<\/a><\/p>\n\n\n\n<h4 class=\"wp-block-heading\">Pute\u021bi lua leg\u0103tura cu noi<\/h4>\n\n\n\n<ul class=\"wp-block-list\">\n<li>Prin intermediul site-ului nostru<br><a class=\"\" href=\"https:\/\/freevpnplanet.com\/ro\/contact-us\/\">Detalii de contact<\/a><\/li>\n\n\n\n<li>Prin e-mail, folosind<br><a href=\"mailto:support@freevpnplanet.com\">support@freevpnplanet.com<\/a><\/li>\n<\/ul>\n","protected":false},"excerpt":{"rendered":"<p>Politica privind cookie-urile Un cookie este un fi\u0219ier care con\u021bine un identificator unic. Acest identificator este trimis de server c\u0103tre browser \u0219i apoi stocat \u00een suportul de date. Ca rezultat, acest identificator este transmis c\u0103tre server de fiecare dat\u0103 c\u00e2nd prime\u0219te solicitarea de la server c\u0103tre pagina browserului. Aceste fi\u0219iere sunt \u00eemp\u0103r\u021bite \u00een 2 categorii&#8230;<\/p>\n","protected":false},"author":13,"featured_media":0,"parent":0,"menu_order":0,"comment_status":"closed","ping_status":"closed","template":"templates\/page_template-basic_for_gutenberg.php","meta":{"_acf_changed":false,"inline_featured_image":false,"footnotes":""},"download_by_lite_tag":[],"class_list":["post-96362","page","type-page","status-publish","hentry"],"yoast_head":"<!-- This site is optimized with the Yoast SEO plugin v22.6 - https:\/\/yoast.com\/wordpress\/plugins\/seo\/ -->\n<title>Politica privind cookie-urile - Planet VPN<\/title>\n<meta name=\"description\" content=\"Regulile noastre privind cookie-urile: ce cookie-uri folosim pentru a asigura o performan\u021b\u0103 de top. Nu v\u0103 face\u021bi griji: toate datele despre utilizarea serviciului sunt anonime.\" \/>\n<meta name=\"robots\" content=\"index, follow, max-snippet:-1, max-image-preview:large, max-video-preview:-1\" \/>\n<link rel=\"canonical\" href=\"https:\/\/freevpnplanet.com\/ro\/cookies\/\" \/>\n<meta property=\"og:locale\" content=\"ro_RO\" \/>\n<meta property=\"og:type\" content=\"article\" \/>\n<meta property=\"og:title\" content=\"Politica privind cookie-urile - Planet VPN\" \/>\n<meta property=\"og:description\" content=\"Regulile noastre privind cookie-urile: ce cookie-uri folosim pentru a asigura o performan\u021b\u0103 de top. Nu v\u0103 face\u021bi griji: toate datele despre utilizarea serviciului sunt anonime.\" \/>\n<meta property=\"og:url\" content=\"https:\/\/freevpnplanet.com\/ro\/cookies\/\" \/>\n<meta property=\"og:site_name\" content=\"Planet VPN\" \/>\n<meta property=\"article:modified_time\" content=\"2024-09-11T13:03:52+00:00\" \/>\n<meta name=\"twitter:card\" content=\"summary_large_image\" \/>\n<meta name=\"twitter:label1\" content=\"Est. reading time\" \/>\n\t<meta name=\"twitter:data1\" content=\"3 minutes\" \/>\n<script type=\"application\/ld+json\" class=\"yoast-schema-graph\">{\"@context\":\"https:\/\/schema.org\",\"@graph\":[{\"@type\":\"WebPage\",\"@id\":\"https:\/\/freevpnplanet.com\/ro\/cookies\/\",\"url\":\"https:\/\/freevpnplanet.com\/ro\/cookies\/\",\"name\":\"Politica privind cookie-urile - Planet VPN\",\"isPartOf\":{\"@id\":\"https:\/\/freevpnplanet.com\/ro\/#website\"},\"datePublished\":\"2024-07-01T07:13:33+00:00\",\"dateModified\":\"2024-09-11T13:03:52+00:00\",\"description\":\"Regulile noastre privind cookie-urile: ce cookie-uri folosim pentru a asigura o performan\u021b\u0103 de top. Nu v\u0103 face\u021bi griji: toate datele despre utilizarea serviciului sunt anonime.\",\"breadcrumb\":{\"@id\":\"https:\/\/freevpnplanet.com\/ro\/cookies\/#breadcrumb\"},\"inLanguage\":\"ro\",\"potentialAction\":[{\"@type\":\"ReadAction\",\"target\":[\"https:\/\/freevpnplanet.com\/ro\/cookies\/\"]}]},{\"@type\":\"BreadcrumbList\",\"@id\":\"https:\/\/freevpnplanet.com\/ro\/cookies\/#breadcrumb\",\"itemListElement\":[{\"@type\":\"ListItem\",\"position\":1,\"name\":\"Home\",\"item\":\"https:\/\/freevpnplanet.com\/ro\/\"},{\"@type\":\"ListItem\",\"position\":2,\"name\":\"Cookies\"}]},{\"@type\":\"WebSite\",\"@id\":\"https:\/\/freevpnplanet.com\/ro\/#website\",\"url\":\"https:\/\/freevpnplanet.com\/ro\/\",\"name\":\"Planet VPN \ud83d\udee1\ufe0f\ud83c\udf10 Free VPN\",\"description\":\"Free VPN\",\"potentialAction\":[{\"@type\":\"SearchAction\",\"target\":{\"@type\":\"EntryPoint\",\"urlTemplate\":\"https:\/\/freevpnplanet.com\/ro\/?s={search_term_string}\"},\"query-input\":\"required name=search_term_string\"}],\"inLanguage\":\"ro\",\"publisher\":{\"@id\":\"https:\/\/freevpnplanet.com\/ro\/#organization\"}},{\"@context\":\"https:\/\/schema.org\/\",\"@type\":\"SoftwareApplication\",\"name\":\"Planet VPN \ud83d\udee1\ufe0f\ud83c\udf10 Free VPN\",\"operatingSystem\":\"Windows, macOS, iOS, Android, Linux, Chrome\",\"applicationCategory\":\"SecurityApplication\",\"offers\":{\"@type\":\"AggregateOffer\",\"priceCurrency\":\"USD\",\"price\":\"0\",\"lowPrice\":\"0\",\"availability\":\"https:\/\/schema.org\/InStock\"},\"aggregateRating\":{\"@type\":\"AggregateRating\",\"ratingValue\":\"4.8\",\"bestRating\":\"5\",\"ratingCount\":\"12476\"}},{\"@type\":\"Organization\",\"@id\":\"https:\/\/freevpnplanet.com\/ro\/#organization\",\"url\":\"https:\/\/freevpnplanet.com\/ro\/\",\"name\":\"Planet VPN \ud83d\udee1\ufe0f\ud83c\udf10 Free VPN\"}]}<\/script>\n<!-- \/ Yoast SEO plugin. -->","yoast_head_json":{"title":"Politica privind cookie-urile - Planet VPN","description":"Regulile noastre privind cookie-urile: ce cookie-uri folosim pentru a asigura o performan\u021b\u0103 de top. Nu v\u0103 face\u021bi griji: toate datele despre utilizarea serviciului sunt anonime.","robots":{"index":"index","follow":"follow","max-snippet":"max-snippet:-1","max-image-preview":"max-image-preview:large","max-video-preview":"max-video-preview:-1"},"canonical":"https:\/\/freevpnplanet.com\/ro\/cookies\/","og_locale":"ro_RO","og_type":"article","og_title":"Politica privind cookie-urile - Planet VPN","og_description":"Regulile noastre privind cookie-urile: ce cookie-uri folosim pentru a asigura o performan\u021b\u0103 de top. Nu v\u0103 face\u021bi griji: toate datele despre utilizarea serviciului sunt anonime.","og_url":"https:\/\/freevpnplanet.com\/ro\/cookies\/","og_site_name":"Planet VPN","article_modified_time":"2024-09-11T13:03:52+00:00","twitter_card":"summary_large_image","twitter_misc":{"Est. reading time":"3 minutes"},"schema":{"@context":"https:\/\/schema.org","@graph":[{"@type":"WebPage","@id":"https:\/\/freevpnplanet.com\/ro\/cookies\/","url":"https:\/\/freevpnplanet.com\/ro\/cookies\/","name":"Politica privind cookie-urile - Planet VPN","isPartOf":{"@id":"https:\/\/freevpnplanet.com\/ro\/#website"},"datePublished":"2024-07-01T07:13:33+00:00","dateModified":"2024-09-11T13:03:52+00:00","description":"Regulile noastre privind cookie-urile: ce cookie-uri folosim pentru a asigura o performan\u021b\u0103 de top. Nu v\u0103 face\u021bi griji: toate datele despre utilizarea serviciului sunt anonime.","breadcrumb":{"@id":"https:\/\/freevpnplanet.com\/ro\/cookies\/#breadcrumb"},"inLanguage":"ro","potentialAction":[{"@type":"ReadAction","target":["https:\/\/freevpnplanet.com\/ro\/cookies\/"]}]},{"@type":"BreadcrumbList","@id":"https:\/\/freevpnplanet.com\/ro\/cookies\/#breadcrumb","itemListElement":[{"@type":"ListItem","position":1,"name":"Home","item":"https:\/\/freevpnplanet.com\/ro\/"},{"@type":"ListItem","position":2,"name":"Cookies"}]},{"@type":"WebSite","@id":"https:\/\/freevpnplanet.com\/ro\/#website","url":"https:\/\/freevpnplanet.com\/ro\/","name":"Planet VPN \ud83d\udee1\ufe0f\ud83c\udf10 Free VPN","description":"Free VPN","potentialAction":[{"@type":"SearchAction","target":{"@type":"EntryPoint","urlTemplate":"https:\/\/freevpnplanet.com\/ro\/?s={search_term_string}"},"query-input":"required name=search_term_string"}],"inLanguage":"ro","publisher":{"@id":"https:\/\/freevpnplanet.com\/ro\/#organization"}},{"@context":"https:\/\/schema.org\/","@type":"SoftwareApplication","name":"Planet VPN \ud83d\udee1\ufe0f\ud83c\udf10 Free VPN","operatingSystem":"Windows, macOS, iOS, Android, Linux, Chrome","applicationCategory":"SecurityApplication","offers":{"@type":"AggregateOffer","priceCurrency":"USD","price":"0","lowPrice":"0","availability":"https:\/\/schema.org\/InStock"},"aggregateRating":{"@type":"AggregateRating","ratingValue":"4.8","bestRating":"5","ratingCount":"12476"}},{"@type":"Organization","@id":"https:\/\/freevpnplanet.com\/ro\/#organization","url":"https:\/\/freevpnplanet.com\/ro\/","name":"Planet VPN \ud83d\udee1\ufe0f\ud83c\udf10 Free VPN"}]}},"acf":[],"_links":{"self":[{"href":"https:\/\/freevpnplanet.com\/ro\/wp-json\/wp\/v2\/pages\/96362","targetHints":{"allow":["GET"]}}],"collection":[{"href":"https:\/\/freevpnplanet.com\/ro\/wp-json\/wp\/v2\/pages"}],"about":[{"href":"https:\/\/freevpnplanet.com\/ro\/wp-json\/wp\/v2\/types\/page"}],"author":[{"embeddable":true,"href":"https:\/\/freevpnplanet.com\/ro\/wp-json\/wp\/v2\/users\/13"}],"replies":[{"embeddable":true,"href":"https:\/\/freevpnplanet.com\/ro\/wp-json\/wp\/v2\/comments?post=96362"}],"version-history":[{"count":0,"href":"https:\/\/freevpnplanet.com\/ro\/wp-json\/wp\/v2\/pages\/96362\/revisions"}],"wp:attachment":[{"href":"https:\/\/freevpnplanet.com\/ro\/wp-json\/wp\/v2\/media?parent=96362"}],"wp:term":[{"taxonomy":"download_by_lite_tag","embeddable":true,"href":"https:\/\/freevpnplanet.com\/ro\/wp-json\/wp\/v2\/download_by_lite_tag?post=96362"}],"curies":[{"name":"wp","href":"https:\/\/api.w.org\/{rel}","templated":true}]}}