{"id":97807,"date":"2024-05-13T20:27:17","date_gmt":"2024-05-13T17:27:17","guid":{"rendered":"https:\/\/help.freeplanetvpn.com\/dns-check\/"},"modified":"2024-11-28T13:00:16","modified_gmt":"2024-11-28T10:00:16","slug":"dns-check","status":"publish","type":"page","link":"https:\/\/freevpnplanet.com\/ro\/dns-check\/","title":{"rendered":"DNS check"},"content":{"rendered":"\n<section class=\"tools-hero\">\n  <div class=\"tools-hero__inner container\">\n\n          <h1 class=\"tools-hero__title\">Verificarea online a propag\u0103rii DNS<\/h1>\n    \n    <div class=\"dns-propagation\">\n        <div class=\"dns-propagation__text\">\n                    <p>Furnizorul dumneavoastr\u0103 de servicii de internet de\u021bine servere DNS la care v\u0103 pute\u021bi conecta \u0219i utiliza serviciile. Adesea, proprietarul monitorizeaz\u0103 utilizatorii pentru a citi datele, a urm\u0103ri ac\u021biunile \u0219i a determina aplica\u021biile utilizate. Datele sunt apoi folosite de c\u0103tre utilizator sau de c\u0103tre o ter\u021b\u0103 parte pentru a crea un portret digital al utilizatorului.<\/p>\n<p>Nu permite\u021bi urm\u0103rirea automat\u0103 pe internet &#8211; utiliza\u021bi serverele DNS Planet VPN. Verifica\u021bi scurgerile \u0219i proteja\u021bi-v\u0103 datele.<\/p>        \n                        <a id=\"qa-avoid-dns\"\n               href=\"https:\/\/account.freevpnplanet.com\/ro\/order\/\"\n               target=\"\"\n              class=\"cta\">Evita\u021bi scurgerile DNS            <\/a>\n                  <\/div>\n\n      <div class=\"dns-propagation__context\">\n        <div class=\"dns-propagation__check\">\n          <div class=\"dns-propagation__status dns-propagation__status--undefined\" id=\"status-undefined\">\n            <img decoding=\"async\" src=\"https:\/\/freevpnplanet.com\/wp-content\/themes\/planetvpn\/assets\/images\/pages\/dns-check\/logo-unprotected.svg\" alt=\"Icon undefined\">\n            <span>Checking&#8230;<\/span>\n          <\/div>\n          <div class=\"dns-propagation__status dns-propagation__status--protected\" id=\"status-protected\">\n            <img decoding=\"async\" src=\"https:\/\/freevpnplanet.com\/wp-content\/themes\/planetvpn\/assets\/images\/pages\/dns-check\/logo-protected.svg\" alt=\"Icon Protected\">\n            <span>Your DNS queries are secure!<\/span>\n          <\/div>\n          <div class=\"dns-propagation__status dns-propagation__status--unprotected\" id=\"status-unprotected\">\n            <img decoding=\"async\" src=\"https:\/\/freevpnplanet.com\/wp-content\/themes\/planetvpn\/assets\/images\/pages\/dns-check\/logo-unprotected.svg\" alt=\"Icon Uprotected\">\n            <span>Interog\u0103rile dvs. DNS ar putea fi divulgate!<\/span>\n          <\/div>\n        <\/div>\n\n        <div class=\"dns-propagation__result\">\n          <span>Ip address:<\/span>\n          <span class=\"dns-propagation__ip\" id=\"dns-propagation-ip\">XXX.XXX.XX.XX<\/span>\n        <\/div>\n\n                  <div class=\"dns-propagation__final-text\">Dac\u0103 folosi\u021bi VPN, dar \u00eenc\u0103 vede\u021bi adresa DNS a serverului furnizorului dvs., \u00eenseamn\u0103 c\u0103 sistemul este defect. Proprietarii serverelor DNS pe care le utiliza\u021bi pot vedea toate site-urile web pe care le vizita\u021bi.<\/div>\n        \n      <\/div>\n    <\/div>\n  <\/div>\n\n  <div class=\"tools-hero__menu\"><ul id=\"menu-tools-menu-romanian\" class=\"menu\"><li id=\"menu-item-117475\" class=\"menu-item\"><a id=\"qa-dns-leak-test\" href=\"https:\/\/freevpnplanet.com\/ro\/dns-check\/\">Test de scurgere DNS<\/a><\/li>\n<li id=\"menu-item-117476\" class=\"menu-item\"><a id=\"qa-webrtc-leak-test\" href=\"https:\/\/freevpnplanet.com\/ro\/web-rtc\/\">Test de scurgere WebRTC<\/a><\/li>\n<li id=\"menu-item-117504\" class=\"menu-item\"><a id=\"qa-virus-scan\" href=\"https:\/\/freevpnplanet.com\/ro\/virus-scan\/\">Scanare de viru\u0219i<\/a><\/li>\n<li id=\"menu-item-117505\" class=\"menu-item\"><a id=\"qa-what-is-my-ip\" href=\"https:\/\/freevpnplanet.com\/ro\/ip-check\/\">Care este IP-ul meu?<\/a><\/li>\n<li id=\"menu-item-117506\" class=\"menu-item\"><a id=\"qa-generate-password\" href=\"https:\/\/freevpnplanet.com\/ro\/password-generator\/\">Generator de parole<\/a><\/li>\n<\/ul><\/div>\n<\/section>\n\n<section class=\"two-col-content custom-block align-full  rtl ratio-normal image image-visible-on-mobile-yes\" style=''>\n\n    <div class=\"gutenberg-block-background\"><\/div>\n    <div class=\"two-col-content__container inner-container\">\n                    <h2 class=\"two-col-content__title\">CE ESTE O SCURGERE DNS?<\/h2>\n        \n                    <div class=\"two-col-content__description\"><p>Chiar dac\u0103 ave\u021bi cel mai bun VPN conectat, din p\u0103cate, capacit\u0103\u021bile sale tehnice nu garanteaz\u0103 protec\u021bia interog\u0103rilor DNS de pe computerul sau dispozitivul mobil. Iar acest factor nu depinde de fiabilitatea cript\u0103rii traficului. Dac\u0103 exist\u0103 o scurgere DNS, \u00eenseamn\u0103 c\u0103 persoanele din exterior vor vedea resursele web pe care le vizita\u021bi, ce ac\u021biuni efectua\u021bi \u0219i ce aplica\u021bii deschide\u021bi \u0219i utiliza\u021bi \u00een scopuri personale.<\/p>\n<p>DNS este un sistem special de c\u0103r\u021bi de adrese, care este direct legat de toate manipul\u0103rile pe care le face\u021bi \u00een timp ce vizita\u021bi internetul. De exemplu, un browser sau o aplica\u021bie utilizeaz\u0103 DNS pentru a efectua o c\u0103utare pe server pentru a genera o conexiune ulterioar\u0103 \u00eentre serviciile \u0219i site-urile de care clientul are nevoie. Dispozitivul transmite cereri \u0219i prime\u0219te instruc\u021biuni de r\u0103spuns pentru a c\u0103uta datele \u021bint\u0103. Prin urmare, interog\u0103rile DNS sunt cele care determin\u0103 nivelul general de confiden\u021bialitate a datelor utilizatorului \u0219i pot reprezenta, de asemenea, un risc de securitate. Verificarea DNS este u\u0219oar\u0103 &#8211; conecta\u021bi Planet VPN \u0219i elibera\u021bi-v\u0103 de amenin\u021b\u0103rile cibernetice.<\/p><\/div>\n        \n                    <img decoding=\"async\" width=\"436\" height=\"436\" src=\"https:\/\/freevpnplanet.com\/wp-content\/uploads\/2024\/05\/rvpn-dns.8814bf7-20240514_122744_989247.svg\" class=\"two-col-content__image\" alt=\"\" \/>        \n            <\/div>\n<\/section>\n\n\n<section class=\"cta-section custom-block align-full \" style=''>\n\n    <div class=\"gutenberg-block-background\"><\/div>\n    <div class=\"cta-section__inner\">\n                    <div class=\"cta-section__cta\">\n                                    <a href=\"\/ro\/plans\/\" target=\"_self\" id=\"qa-download-free-space\" class=\"cta download-by-platform cta--with-border cta-size--small icon-position--icon-left\" style=\"--button-background-color: var(--green);--button-background-color-hover: var(--green-hover);--button-background-color-pressed: var(--green-pressed);--border-radius:40px\"><span class=\"cta__name\">Descarc\u0103 gratuit<\/span><\/a>                            <\/div>\n            <\/div>\n<\/section>\n\n<section class=\"two-col-content custom-block align-full  rtl ratio-normal text image-visible-on-mobile-no\" style='--background-color:var(--background-blue)'>\n\n    <div class=\"gutenberg-block-background\"><\/div>\n    <div class=\"two-col-content__container inner-container\">\n        \n                    <div class=\"two-col-content__description\"><p>Atunci c\u00e2nd VPN-ul nu este activat pe computerul personal, serviciul DNS furnizat de ISP este responsabil pentru modul de securitate. Dar atunci c\u00e2nd Planet VPN este conectat, sunt activate doar serverele DNS ale acestui serviciu. Este garantat\u0103 protec\u021bia complet\u0103 \u0219i riscurile de scurgere a informa\u021biilor sunt reduse la minimum. Utilizarea serverelor DNS Planet VPN ofer\u0103 avantaje incontestabile:<\/p>\n<ul>\n<li>Servere DNS de \u00eenalt\u0103 performan\u021b\u0103 Planet VPN<\/li>\n<li>Salvarea jurnalelor de activitate \u0219i de conectare este complet eliminat\u0103;<\/li>\n<li>cea mai sigur\u0103 criptare a traficului.<\/li>\n<\/ul>\n<p>Principiul de lucru const\u0103 \u00een urm\u0103toarele ac\u021biuni:<\/p>\n<ul>\n<li>C\u00e2nd ave\u021bi nevoie s\u0103 deschide\u021bi o pagin\u0103 pe Internet, introduce\u021bi o cerere specific\u0103 \u0219i apoi face\u021bi clic pe link-ul \u021bint\u0103;<\/li>\n<li>adresa selectat\u0103 este trimis\u0103 \u00eentr-un tunel criptat c\u0103tre serverul DNS, form\u00e2ndu-se astfel un acces la resursa de interes;<\/li>\n<li>serverul prime\u0219te un r\u0103spuns \u0219i acesta este transmis utilizatorului pentru a deschide site-ul.<\/li>\n<\/ul>\n<p>Toate aceste ac\u021biuni sunt generate \u00eentr-un canal de comunicare securizat, astfel \u00eenc\u00e2t nu exist\u0103 niciun risc de hacking sau de scurgere. Pute\u021bi verifica serverul DNS online pe site-ul Planet VPN.<\/p><\/div>\n        \n                                    <h2 class=\"two-col-content__text\">CUM S\u0102 EVITA\u021aI SCURGERILE DNS FOLOSIND SERVICIUL PLANET VPN<\/h2>\n                    \n                    <div class=\"two-col-content__cta\">\n                            <\/div>\n            <\/div>\n<\/section>\n\n\n<section class=\"image-text-static-image custom-block align-none  mobile-image-bottom   header-size-small text-size-small  pb-0--desktop\" style=''>\n\n    <div class=\"gutenberg-block-background\"><\/div>\n    <div class=\"image-text-static-image__inner inner-container\">\n                    <div class=\"image-text-static-image__content content-left\" style='--content-width: 50%'>\n                \n                <h2>TREBUIE S\u0102 VERIFICA\u021aI \u00ceNTOTDEAUNA DAC\u0102 EXIST\u0102 SCURGERI DNS?<\/h2>\n<p>Verificarea serverului DNS este o m\u0103sur\u0103 de securitate important\u0103 care trebuie efectuat\u0103 \u00een mod regulat. Chiar dac\u0103 utiliza\u021bi deja serviciul VPN, exist\u0103 un risc de securitate asociat cu vulnerabilitatea DNS. \u00cen cazul \u00een care are loc o scurgere de informa\u021bii, aceasta este \u00eenso\u021bit\u0103 de astfel de ac\u021biuni:<\/p>\n<ol>\n<li>Calculatorul utilizatorului nu va trimite interog\u0103ri DNS c\u0103tre tunelul Planet VPN, ci c\u0103tre re\u021beaua public\u0103;<\/li>\n<li>Calculatorul utilizatorului va trimite interog\u0103ri DNS prin tunelul Planet VPN, dar acestea vor ajunge la serverul extern \u00een loc s\u0103 ajung\u0103 la gazda protejat\u0103.<\/li>\n<li>\u00cen aceste dou\u0103 cazuri, trec\u0103torii pot vedea toate site-urile pe care utilizatorul le va vizita, precum \u0219i toate aplica\u021biile \u0219i programele care sunt folosite \u00een activitatea dumneavoastr\u0103.<\/li>\n<\/ol>\n                \n                \n\n            <\/div>\n        \n                    <div class=\"bg-image-wrapper bg-image-wrapper--desktop  right image-align--center\" style='--image-max-width: 50%'>\n                <figure>\n                    <img width=\"436\" height=\"436\" src=\"https:\/\/freevpnplanet.com\/wp-content\/uploads\/2024\/05\/rvpn-zoom.0cb093a-20240514_130633_582621.svg\" class=\"attachment-full size-full\" alt=\"\" loading=\"lazy\" decoding=\"sync\" fetchpriority=\"low\" style=\"max-width:440px\" sizes=\"auto, (max-width: 440px) 100vw, 440px\" aria-hidden=\"true\" \/>                    <!-- <img decoding=\"async\" width=\"436\" height=\"436\" src=\"https:\/\/freevpnplanet.com\/wp-content\/uploads\/2024\/05\/rvpn-zoom.0cb093a-20240514_130633_582621.svg\" class=\"attachment-full size-full\" alt=\"\" style=\"max-width:440px\" \/> -->\n                <\/figure>\n            <\/div>\n        \n            <\/div>\n<\/section>\n\n\n<section class=\"image-text-static-image custom-block align-none  mobile-image-bottom   header-size-small text-size-small  pb-0--desktop\" style=''>\n\n    <div class=\"gutenberg-block-background\"><\/div>\n    <div class=\"image-text-static-image__inner inner-container\">\n                    <div class=\"image-text-static-image__content content-right\" style='--content-width: 50%'>\n                \n                <h2>DE CE EXIST\u0102 O SCURGERE DE DNS ATUNCI C ND VPN-UL ESTE ACTIVAT?<\/h2>\n<p>Chiar dac\u0103 utiliza\u021bi serviciul VPN tot timpul, este posibil s\u0103 existe scurgeri DNS. Eviden\u021bia\u021bi urm\u0103toarele cauze cele mai populare ale scurgerilor DNS:<\/p>\n<ol>\n<li>Re\u021beaua VPN a fost configurat\u0103 manual \u2013 acest lucru cre\u0219te semnificativ riscul de scurgere de informa\u021bii \u0219i date private \u0219i adaug\u0103 un factor specific configura\u021biei sistemului de operare al PC-ului utilizatorului. Dac\u0103 v\u0103 conecta\u021bi Planet VPN, astfel de probleme sunt excluse, vi se ofer\u0103 protec\u021bie complet\u0103;<\/li>\n<li>Atacatorii au interceptat controlul routerului dumneavoastr\u0103, \u00een urma c\u0103ruia solicit\u0103rile de la PC-ul dumneavoastr\u0103 sunt trimise c\u0103tre re\u021beaua general\u0103 \u0219i nu c\u0103tre un tunel criptat \u2013 aceast\u0103 situa\u021bie apare cel mai adesea atunci c\u00e2nd utiliza\u021bi o conexiune Wi-Fi \u00een locuri publice (centru comercial, club sportiv, cafenea, parc etc.). Este suficient s\u0103 folosi\u021bi serviciul Planet VPN pentru a elimina toate riscurile \u0219i vulnerabilit\u0103\u021bile poten\u021biale;<\/li>\n<li>DNS a fost configurat manual \u0219i a fost activat\u0103 comanda de a nu utiliza o conexiune prin intermediul serverului Planet VPN \u2013 este mai bine s\u0103 evita\u021bi astfel de evenimente, chiar dac\u0103 sunte\u021bi un utilizator experimentat, deoarece perturb\u0103 securitatea cibernetic\u0103 general\u0103 a computerului dvs.<\/li>\n<\/ol>\n                \n                \n\n            <\/div>\n        \n                    <div class=\"bg-image-wrapper bg-image-wrapper--desktop  left image-align--center\" style='--image-max-width: 50%'>\n                <figure>\n                    <img width=\"436\" height=\"436\" src=\"https:\/\/freevpnplanet.com\/wp-content\/uploads\/2024\/05\/rvpn-virus.9f94f39-20240514_130630_667594.svg\" class=\"attachment-full size-full\" alt=\"\" loading=\"lazy\" decoding=\"sync\" fetchpriority=\"low\" style=\"max-width:440px\" sizes=\"auto, (max-width: 440px) 100vw, 440px\" aria-hidden=\"true\" \/>                    <!-- <img decoding=\"async\" width=\"436\" height=\"436\" src=\"https:\/\/freevpnplanet.com\/wp-content\/uploads\/2024\/05\/rvpn-virus.9f94f39-20240514_130630_667594.svg\" class=\"attachment-full size-full\" alt=\"\" style=\"max-width:440px\" \/> -->\n                <\/figure>\n            <\/div>\n        \n            <\/div>\n<\/section>\n\n\n<section class=\"wrapper custom-block align-none    \" style=''>\n\n    <div class=\"gutenberg-block-background\"><\/div>\n    <div class=\"wrapper__inner inner-container\">\n        \n\n<div class=\"buttons custom-block align-center \">\n                        <a href=\"\/ro\/plans\/\" target=\"_self\" id=\"qa-download-free-info\" class=\"cta download-by-platform cta--with-border cta-size--small cta-mt--initial icon-position--icon-left\" style=\"--border-radius:40px\"><span class=\"cta__name\">Descarc\u0103 gratuit<\/span><\/a>            <\/div>\n\n    <\/div>\n\n<\/section>","protected":false},"excerpt":{"rendered":"","protected":false},"author":13,"featured_media":0,"parent":0,"menu_order":0,"comment_status":"closed","ping_status":"closed","template":"templates\/page_template-basic_for_gutenberg.php","meta":{"_acf_changed":false,"inline_featured_image":false,"footnotes":""},"download_by_lite_tag":[],"class_list":["post-97807","page","type-page","status-publish","hentry"],"yoast_head":"<!-- This site is optimized with the Yoast SEO plugin v22.6 - https:\/\/yoast.com\/wordpress\/plugins\/seo\/ -->\n<title>Verificare DNS - Verificare online a propag\u0103rii DNS | Planet VPN<\/title>\n<meta name=\"description\" content=\"Dac\u0103 DNS-urile dvs. se scurg, cererile dvs. sunt trimise printr-un tunel VPN criptat. Verifica\u021bi dac\u0103 VPN-ul dvs. prezint\u0103 o scurgere DNS care arat\u0103 loca\u021bia dvs. real\u0103. Cu Planet VPN, sunte\u021bi asigurat de confiden\u021bialitate total\u0103 \u0219i protec\u021bie \u00eempotriva scurgerii DNS-ului.\" \/>\n<meta name=\"robots\" content=\"index, follow, max-snippet:-1, max-image-preview:large, max-video-preview:-1\" \/>\n<link rel=\"canonical\" href=\"https:\/\/freevpnplanet.com\/ro\/dns-check\/\" \/>\n<meta property=\"og:locale\" content=\"ro_RO\" \/>\n<meta property=\"og:type\" content=\"article\" \/>\n<meta property=\"og:title\" content=\"Verificare DNS - Verificare online a propag\u0103rii DNS | Planet VPN\" \/>\n<meta property=\"og:description\" content=\"Dac\u0103 DNS-urile dvs. se scurg, cererile dvs. sunt trimise printr-un tunel VPN criptat. Verifica\u021bi dac\u0103 VPN-ul dvs. prezint\u0103 o scurgere DNS care arat\u0103 loca\u021bia dvs. real\u0103. Cu Planet VPN, sunte\u021bi asigurat de confiden\u021bialitate total\u0103 \u0219i protec\u021bie \u00eempotriva scurgerii DNS-ului.\" \/>\n<meta property=\"og:url\" content=\"https:\/\/freevpnplanet.com\/ro\/dns-check\/\" \/>\n<meta property=\"og:site_name\" content=\"Planet VPN\" \/>\n<meta property=\"article:modified_time\" content=\"2024-11-28T10:00:16+00:00\" \/>\n<meta name=\"twitter:card\" content=\"summary_large_image\" \/>\n<script type=\"application\/ld+json\" class=\"yoast-schema-graph\">{\"@context\":\"https:\/\/schema.org\",\"@graph\":[{\"@type\":\"WebPage\",\"@id\":\"https:\/\/freevpnplanet.com\/ro\/dns-check\/\",\"url\":\"https:\/\/freevpnplanet.com\/ro\/dns-check\/\",\"name\":\"Verificare DNS - Verificare online a propag\u0103rii DNS | Planet VPN\",\"isPartOf\":{\"@id\":\"https:\/\/freevpnplanet.com\/ro\/#website\"},\"datePublished\":\"2024-05-13T17:27:17+00:00\",\"dateModified\":\"2024-11-28T10:00:16+00:00\",\"description\":\"Dac\u0103 DNS-urile dvs. se scurg, cererile dvs. sunt trimise printr-un tunel VPN criptat. Verifica\u021bi dac\u0103 VPN-ul dvs. prezint\u0103 o scurgere DNS care arat\u0103 loca\u021bia dvs. real\u0103. Cu Planet VPN, sunte\u021bi asigurat de confiden\u021bialitate total\u0103 \u0219i protec\u021bie \u00eempotriva scurgerii DNS-ului.\",\"breadcrumb\":{\"@id\":\"https:\/\/freevpnplanet.com\/ro\/dns-check\/#breadcrumb\"},\"inLanguage\":\"ro\",\"potentialAction\":[{\"@type\":\"ReadAction\",\"target\":[\"https:\/\/freevpnplanet.com\/ro\/dns-check\/\"]}]},{\"@type\":\"BreadcrumbList\",\"@id\":\"https:\/\/freevpnplanet.com\/ro\/dns-check\/#breadcrumb\",\"itemListElement\":[{\"@type\":\"ListItem\",\"position\":1,\"name\":\"Home\",\"item\":\"https:\/\/freevpnplanet.com\/ro\/\"},{\"@type\":\"ListItem\",\"position\":2,\"name\":\"DNS check\"}]},{\"@type\":\"WebSite\",\"@id\":\"https:\/\/freevpnplanet.com\/ro\/#website\",\"url\":\"https:\/\/freevpnplanet.com\/ro\/\",\"name\":\"Planet VPN \ud83d\udee1\ufe0f\ud83c\udf10 Free VPN\",\"description\":\"Free VPN\",\"potentialAction\":[{\"@type\":\"SearchAction\",\"target\":{\"@type\":\"EntryPoint\",\"urlTemplate\":\"https:\/\/freevpnplanet.com\/ro\/?s={search_term_string}\"},\"query-input\":\"required name=search_term_string\"}],\"inLanguage\":\"ro\",\"publisher\":{\"@id\":\"https:\/\/freevpnplanet.com\/ro\/#organization\"}},{\"@context\":\"https:\/\/schema.org\/\",\"@type\":\"SoftwareApplication\",\"name\":\"Planet VPN \ud83d\udee1\ufe0f\ud83c\udf10 Free VPN\",\"operatingSystem\":\"Windows, macOS, iOS, Android, Linux, Chrome\",\"applicationCategory\":\"SecurityApplication\",\"offers\":{\"@type\":\"AggregateOffer\",\"priceCurrency\":\"USD\",\"price\":\"0\",\"lowPrice\":\"0\",\"availability\":\"https:\/\/schema.org\/InStock\"},\"aggregateRating\":{\"@type\":\"AggregateRating\",\"ratingValue\":\"4.8\",\"bestRating\":\"5\",\"ratingCount\":\"12476\"}},{\"@type\":\"Organization\",\"@id\":\"https:\/\/freevpnplanet.com\/ro\/#organization\",\"url\":\"https:\/\/freevpnplanet.com\/ro\/\",\"name\":\"Planet VPN \ud83d\udee1\ufe0f\ud83c\udf10 Free VPN\"}]}<\/script>\n<!-- \/ Yoast SEO plugin. -->","yoast_head_json":{"title":"Verificare DNS - Verificare online a propag\u0103rii DNS | Planet VPN","description":"Dac\u0103 DNS-urile dvs. se scurg, cererile dvs. sunt trimise printr-un tunel VPN criptat. Verifica\u021bi dac\u0103 VPN-ul dvs. prezint\u0103 o scurgere DNS care arat\u0103 loca\u021bia dvs. real\u0103. Cu Planet VPN, sunte\u021bi asigurat de confiden\u021bialitate total\u0103 \u0219i protec\u021bie \u00eempotriva scurgerii DNS-ului.","robots":{"index":"index","follow":"follow","max-snippet":"max-snippet:-1","max-image-preview":"max-image-preview:large","max-video-preview":"max-video-preview:-1"},"canonical":"https:\/\/freevpnplanet.com\/ro\/dns-check\/","og_locale":"ro_RO","og_type":"article","og_title":"Verificare DNS - Verificare online a propag\u0103rii DNS | Planet VPN","og_description":"Dac\u0103 DNS-urile dvs. se scurg, cererile dvs. sunt trimise printr-un tunel VPN criptat. Verifica\u021bi dac\u0103 VPN-ul dvs. prezint\u0103 o scurgere DNS care arat\u0103 loca\u021bia dvs. real\u0103. Cu Planet VPN, sunte\u021bi asigurat de confiden\u021bialitate total\u0103 \u0219i protec\u021bie \u00eempotriva scurgerii DNS-ului.","og_url":"https:\/\/freevpnplanet.com\/ro\/dns-check\/","og_site_name":"Planet VPN","article_modified_time":"2024-11-28T10:00:16+00:00","twitter_card":"summary_large_image","schema":{"@context":"https:\/\/schema.org","@graph":[{"@type":"WebPage","@id":"https:\/\/freevpnplanet.com\/ro\/dns-check\/","url":"https:\/\/freevpnplanet.com\/ro\/dns-check\/","name":"Verificare DNS - Verificare online a propag\u0103rii DNS | Planet VPN","isPartOf":{"@id":"https:\/\/freevpnplanet.com\/ro\/#website"},"datePublished":"2024-05-13T17:27:17+00:00","dateModified":"2024-11-28T10:00:16+00:00","description":"Dac\u0103 DNS-urile dvs. se scurg, cererile dvs. sunt trimise printr-un tunel VPN criptat. Verifica\u021bi dac\u0103 VPN-ul dvs. prezint\u0103 o scurgere DNS care arat\u0103 loca\u021bia dvs. real\u0103. Cu Planet VPN, sunte\u021bi asigurat de confiden\u021bialitate total\u0103 \u0219i protec\u021bie \u00eempotriva scurgerii DNS-ului.","breadcrumb":{"@id":"https:\/\/freevpnplanet.com\/ro\/dns-check\/#breadcrumb"},"inLanguage":"ro","potentialAction":[{"@type":"ReadAction","target":["https:\/\/freevpnplanet.com\/ro\/dns-check\/"]}]},{"@type":"BreadcrumbList","@id":"https:\/\/freevpnplanet.com\/ro\/dns-check\/#breadcrumb","itemListElement":[{"@type":"ListItem","position":1,"name":"Home","item":"https:\/\/freevpnplanet.com\/ro\/"},{"@type":"ListItem","position":2,"name":"DNS check"}]},{"@type":"WebSite","@id":"https:\/\/freevpnplanet.com\/ro\/#website","url":"https:\/\/freevpnplanet.com\/ro\/","name":"Planet VPN \ud83d\udee1\ufe0f\ud83c\udf10 Free VPN","description":"Free VPN","potentialAction":[{"@type":"SearchAction","target":{"@type":"EntryPoint","urlTemplate":"https:\/\/freevpnplanet.com\/ro\/?s={search_term_string}"},"query-input":"required name=search_term_string"}],"inLanguage":"ro","publisher":{"@id":"https:\/\/freevpnplanet.com\/ro\/#organization"}},{"@context":"https:\/\/schema.org\/","@type":"SoftwareApplication","name":"Planet VPN \ud83d\udee1\ufe0f\ud83c\udf10 Free VPN","operatingSystem":"Windows, macOS, iOS, Android, Linux, Chrome","applicationCategory":"SecurityApplication","offers":{"@type":"AggregateOffer","priceCurrency":"USD","price":"0","lowPrice":"0","availability":"https:\/\/schema.org\/InStock"},"aggregateRating":{"@type":"AggregateRating","ratingValue":"4.8","bestRating":"5","ratingCount":"12476"}},{"@type":"Organization","@id":"https:\/\/freevpnplanet.com\/ro\/#organization","url":"https:\/\/freevpnplanet.com\/ro\/","name":"Planet VPN \ud83d\udee1\ufe0f\ud83c\udf10 Free VPN"}]}},"acf":[],"_links":{"self":[{"href":"https:\/\/freevpnplanet.com\/ro\/wp-json\/wp\/v2\/pages\/97807","targetHints":{"allow":["GET"]}}],"collection":[{"href":"https:\/\/freevpnplanet.com\/ro\/wp-json\/wp\/v2\/pages"}],"about":[{"href":"https:\/\/freevpnplanet.com\/ro\/wp-json\/wp\/v2\/types\/page"}],"author":[{"embeddable":true,"href":"https:\/\/freevpnplanet.com\/ro\/wp-json\/wp\/v2\/users\/13"}],"replies":[{"embeddable":true,"href":"https:\/\/freevpnplanet.com\/ro\/wp-json\/wp\/v2\/comments?post=97807"}],"version-history":[{"count":2,"href":"https:\/\/freevpnplanet.com\/ro\/wp-json\/wp\/v2\/pages\/97807\/revisions"}],"predecessor-version":[{"id":155552,"href":"https:\/\/freevpnplanet.com\/ro\/wp-json\/wp\/v2\/pages\/97807\/revisions\/155552"}],"wp:attachment":[{"href":"https:\/\/freevpnplanet.com\/ro\/wp-json\/wp\/v2\/media?parent=97807"}],"wp:term":[{"taxonomy":"download_by_lite_tag","embeddable":true,"href":"https:\/\/freevpnplanet.com\/ro\/wp-json\/wp\/v2\/download_by_lite_tag?post=97807"}],"curies":[{"name":"wp","href":"https:\/\/api.w.org\/{rel}","templated":true}]}}