{"id":98507,"date":"2024-06-03T19:16:22","date_gmt":"2024-06-03T16:16:22","guid":{"rendered":"https:\/\/help.freeplanetvpn.com\/virus-scan\/"},"modified":"2026-01-20T15:36:28","modified_gmt":"2026-01-20T12:36:28","slug":"virus-scan","status":"publish","type":"page","link":"https:\/\/freevpnplanet.com\/ro\/virus-scan\/","title":{"rendered":"Virus scan"},"content":{"rendered":"\n<section class=\"virus-scan-hero\">\n  <div class=\"virus-scan-hero__inner container\">\n    <div class=\"virus-scan\">\n\n              <h1 class=\"virus-scan__title\">Scanare online gratuit\u0103 a virusurilor &#8211; Fi\u0219ier sau Url<\/h1>\n      \n              <div class=\"virus-scan__text\"><p>Serviciul Planet VPN este o solu\u021bie eficient\u0103 \u0219i profitabil\u0103 pentru a analiza rapid toate fi\u0219ierele suspecte \u0219i link-urile de adrese, pentru a identifica amenin\u021b\u0103rile poten\u021biale \u0219i prezen\u021ba viru\u0219ilor \u0219i a obiectelor mali\u021bioase. Scanare de viru\u0219i de la Planet VPN &#8211; sigur, securizat, rapid.<\/p><\/div>\n      \n      <div class=\"virus-scan__content\">\n        <div class=\"virus-scan__tab\">\n\n          <button class=\"virus-scan__tab-button virus-scan__tab-button--selected\" id=\"qa-file-tab\" data-tab=\"file\">\n            <img decoding=\"async\" src=\"\/wp-content\/themes\/planetvpn\/assets\/images\/pages\/virus-scan\/doc.svg\" alt=\"document icon\" >\n            Fi\u0219ier          <\/button>\n\n          <button class=\"virus-scan__tab-button\" id=\"qa-url-tab\" data-tab=\"url\">\n            <img decoding=\"async\" src=\"\/wp-content\/themes\/planetvpn\/assets\/images\/pages\/virus-scan\/file.svg\" alt=\"file icon\" >\n            Url          <\/button>\n\n          <form name=\"virus-scan-file-form\" method=\"post\" class=\"virus-scan__form virus-scan__form--active\" data-target-tab=\"file\">\n            <div class=\"virus-scan__form-group\">\n              <label class=\"virus-scan__label\">\n                <span>Selecteaz\u0103 fi\u0219ierul<\/span>\n                <u class=\"virus-scan__filename-inner\">Niciun fi\u0219ier selectat<\/u>\n                <input type=\"file\" name=\"file_upload\" class=\"virus-scan__input-file\" id=\"qa-upload-field\" required \/>\n              <\/label>\n\n              <button type=\"submit\" class=\"virus-scan__submit-button\">\n                <img decoding=\"async\" src=\"\/wp-content\/themes\/planetvpn\/assets\/images\/pages\/virus-scan\/dow.svg\" alt=\"download icon\" >\n              <\/button>\n            <\/div>\n\n            <div class=\"virus-scan__results\"><\/div>\n\n            <button id=\"qa-scan-button\" type=\"submit\" class=\"cta CTA main-btn-file\">\n              <span>Verific\u0103<\/span>\n            <\/button>\n          <\/form>\n\n          <form name=\"virus-scan-url-form\" method=\"post\" class=\"virus-scan__form\" data-target-tab=\"url\">\n            <div class=\"virus-scan__form-group\">\n              <label class=\"virus-scan__label\">\n                <span>Url<\/span>\n                <input type=\"url\" name=\"url_input\" class=\"virus-scan__input-url\" required \/>\n              <\/label>\n\n              <button type=\"submit\" class=\"virus-scan__submit-button\">\n                <img decoding=\"async\" src=\"\/wp-content\/themes\/planetvpn\/assets\/images\/pages\/virus-scan\/dow.svg\" alt=\"download icon\" >\n              <\/button>\n            <\/div>\n\n            <div class=\"virus-scan__results\"><\/div>\n\n            <button id=\"main-btn-url\" type=\"submit\" class=\"cta CTA\">\n              <span>Verific\u0103<\/span>\n            <\/button>\n          <\/form>\n        <\/div>\n      <\/div>\n    <\/div>\n  <\/div>\n\n  <div class=\"virus-scan-hero__menu\"><ul id=\"menu-tools-menu-romanian\" class=\"menu\"><li id=\"menu-item-117475\" class=\"menu-item\"><a id=\"qa-dns-leak-test\" href=\"https:\/\/freevpnplanet.com\/ro\/dns-check\/\">Test de scurgere DNS<\/a><\/li>\n<li id=\"menu-item-117476\" class=\"menu-item\"><a id=\"qa-webrtc-leak-test\" href=\"https:\/\/freevpnplanet.com\/ro\/web-rtc\/\">Test de scurgere WebRTC<\/a><\/li>\n<li id=\"menu-item-117504\" class=\"menu-item\"><a id=\"qa-virus-scan\" href=\"https:\/\/freevpnplanet.com\/ro\/virus-scan\/\">Scanare de viru\u0219i<\/a><\/li>\n<li id=\"menu-item-117505\" class=\"menu-item\"><a id=\"qa-what-is-my-ip\" href=\"https:\/\/freevpnplanet.com\/ro\/ip-check\/\">Care este IP-ul meu?<\/a><\/li>\n<li id=\"menu-item-117506\" class=\"menu-item\"><a id=\"qa-generate-password\" href=\"https:\/\/freevpnplanet.com\/ro\/password-generator\/\">Generator de parole<\/a><\/li>\n<\/ul><\/div>\n<\/section>\n\n<section class=\"two-col-content custom-block align-full  rtl ratio-normal text image-visible-on-mobile-no\" style='--background-color:var(--background-blue)'>\n\n    <div class=\"gutenberg-block-background\"><\/div>\n    <div class=\"two-col-content__container inner-container\">\n        \n                    <div class=\"two-col-content__description\"><p>Cel mai mare num\u0103r de amenin\u021b\u0103ri la adresa utilizatorilor de calculatoare ne a\u0219teapt\u0103 pe internet atunci c\u00e2nd acces\u0103m site-uri, deschidem bannere publicitare sau facem clic pe casete de dialog suplimentare, desc\u0103rc\u0103m fi\u0219iere \u0219i arhive. Nu se \u0219tie niciodat\u0103 c\u00e2nd va ap\u0103rea un obiect r\u0103u inten\u021bionat pe computerul dumneavoastr\u0103, mai ales dac\u0103 protec\u021bia antivirus sau VPN nu este activ\u0103 pe dispozitivul dumneavoastr\u0103.<\/p>\n<p>P\u00e2n\u0103 \u00een prezent, printre pericolele de pe internet care amenin\u021b\u0103 s\u0103 perturbe sistemul sau hacker hacking, se eviden\u021biaz\u0103 urm\u0103toarele:<\/p>\n<ul>\n<li>Viru\u0219i troieni;<\/li>\n<li>Obiecte de \u00eenc\u0103rcare;<\/li>\n<li>Atacuri DNS \u0219i scurgeri de informa\u021bii.<\/li>\n<\/ul>\n<p>Dac\u0103 naviga\u021bi pe internet f\u0103r\u0103 a desc\u0103rca niciun fi\u0219ier, sunte\u021bi totu\u0219i \u00een mare pericol, o probabilitate mare de \u00eenc\u0103lcare a securit\u0103\u021bii din cauza:<\/p>\n<ul>\n<li>Furtul de date \u00een timp ce acestea sunt transmise prin re\u021bea;<\/li>\n<li>De blocaje \u0219i restric\u021bii \u00een \u021bara sau regiunea dumneavoastr\u0103;<\/li>\n<li>De spammerii care \u00eencearc\u0103 s\u0103 v\u0103 dezorienteze \u0219i s\u0103 v\u0103 compromit\u0103.<\/li>\n<\/ul><\/div>\n        \n                                    <h2 class=\"two-col-content__text\">C T DE IMPORTANT ESTE S\u0102 V\u0102 VERIFICA\u021aI CALCULATORUL PENTRU VIRU\u0218I<\/h2>\n                    \n            <\/div>\n<\/section>\n\n\n<div class=\"container-box custom-block align-full \" style='--background-color:var(--dark-blue-0); --text-color:var(--white)'>\n\n    <div class=\"gutenberg-block-background\"><img decoding=\"async\" width=\"1366\" height=\"312\" src=\"https:\/\/freevpnplanet.com\/wp-content\/uploads\/2024\/05\/rvpn-galactic.8e29189-20240514_122917_086039.svg\" class=\"gutenberg-block-background__image-desktop background-image\" alt=\"bg-image-desktop\" title=\"bg-image-desktop\" \/><img decoding=\"async\" width=\"1366\" height=\"312\" src=\"https:\/\/freevpnplanet.com\/wp-content\/uploads\/2024\/05\/rvpn-galactic.8e29189-20240514_122917_086039.svg\" class=\"gutenberg-block-background__image-mobile background-image\" alt=\"bg-image-mobile\" title=\"bg-image-mobile\" \/><\/div>\n    <div class=\"container-box__inner inner-container\">\n        \n\n<div class=\"buttons custom-block align-center \">\n                        <a href=\"\/ro\/plans\/\" target=\"_self\" id=\"qa-download-free-space\" class=\"cta download-by-platform cta--with-border cta-size--small cta-mt--initial icon-position--icon-left\" style=\"--border-radius:40px\"><span class=\"cta__name\">Descarc\u0103 gratuit<\/span><\/a>            <\/div>\n\n    <\/div>\n\n<\/div>\n\n\n\n<section class=\"image-text custom-block align-none   mobile-image-bottom mobile-title-center  header-size-medium text-size-small   content-right\" style='overflow: hidden;;;--min-height-mobile:400px;--min-height-desktop:600px;--content-width:50%'>\n\n    <div class=\"gutenberg-block-background\"><\/div>\n    <div class=\"image-text__inner inner-container\">\n\n        \n                    <div class=\"image-text__content\">\n\n                <h2>UNDE SUNT VERIFICA\u021aI VIRU\u0218II<\/h2>\n\n\n\n<p>Securitatea site-ului pe care \u00eel vizita\u021bi este un factor important pentru fiecare utilizator care navigheaz\u0103 pe internet. Dar cum v\u0103 asigura\u021bi c\u0103 resursa web pe care trebuie s\u0103 o accesa\u021bi \u0219i s\u0103 ob\u021bine\u021bi informa\u021biile vizate nu con\u021bine viru\u0219i \u0219i nu reprezint\u0103 o amenin\u021bare? Pentru site-ul \u00een sine, acest lucru este, de asemenea, important, deoarece \u00eei afecteaz\u0103 fiabilitatea \u0219i ratingul.<\/p>\n<ol>\n<li>Antivirusul a blocat un site web poten\u021bial periculos;<\/li>\n<li>Exist\u0103 o redirec\u021bionare f\u0103r\u0103 motiv;<\/li>\n<li>Traficul site-ului a sc\u0103zut vertiginos;<\/li>\n<li>A fost primit\u0103 o alert\u0103 de virus de la al\u021bi utilizatori;<\/li>\n<li>Po\u0219ta electronic\u0103 este blocat\u0103 de c\u0103tre furnizorul de g\u0103zduire.<\/li>\n<\/ol>\n<p>Serviciul Planet VPN v\u0103 permite s\u0103 efectua\u021bi o scanare rapid\u0103 online a viru\u0219ilor din orice resurs\u0103 web pentru a verifica prezen\u021ba acestora:<\/p>\n<ol>\n<li>Coduri mali\u021bioase;<\/li>\n<li>Viermi;<\/li>\n<li>Programe troiene;<\/li>\n<li>Alte obiecte mali\u021bioase.<\/li>\n<\/ol>\n<p>Pentru a proteja confiden\u021bialitatea utilizatorului, VPN-ul caut\u0103 \u0219i elimin\u0103 urm\u0103toarele pericole:<\/p>\n<p><a id=\"qa-dns-link\" class=\"\" href=\"https:\/\/freevpnplanet.com\/ro\/dns-check\/\">Verificarea scurgerilor DNS<\/a><br \/><a id=\"qa-ip-address-link\" href=\"https:\/\/freevpnplanet.com\/ro\/ip-check\/\">Verificarea adresei IP<\/a><\/p>\n                \n            <\/div>\n        \n                    <div class=\"bg-image-wrapper bg-image-wrapper--desktop left image-align--center\">\n                <figure style='--image-max-width:437px;--image-opacity:1.00;width: calc(50% - 20px)'>\n                    <img decoding=\"async\" width=\"436\" height=\"436\" src=\"https:\/\/freevpnplanet.com\/wp-content\/uploads\/2024\/05\/rvpn-virus.b86bc7a1-20240528_152401_495798.svg\" class=\"bg-image\" alt=\"Background Image for Desktop\" \/>                <\/figure>\n            <\/div>\n        \n                    <div class=\"bg-image-wrapper bg-image-wrapper--mobile regular-image\">\n                <figure style='width: 100%;max-width: 480px;opacity: 1.00;margin-top: 24px'>\n                    <img decoding=\"async\" width=\"436\" height=\"436\" src=\"https:\/\/freevpnplanet.com\/wp-content\/uploads\/2024\/05\/rvpn-virus.b86bc7a1-20240528_152401_495798.svg\" class=\"bg-image\" alt=\"Background Image for Mobile\" \/>                <\/figure>\n            <\/div>\n            <\/div>\n<\/section>\n\n<section class=\"two-col-content custom-block align-full  rtl ratio-normal text image-visible-on-mobile-no\" style='--background-color:var(--background-blue)'>\n\n    <div class=\"gutenberg-block-background\"><\/div>\n    <div class=\"two-col-content__container inner-container\">\n        \n                    <div class=\"two-col-content__description\"><p>Atunci c\u00e2nd calculatorul sau dispozitivul mobil este protejat, nu mai exist\u0103 atacuri \u0219i riscurile la adresa sistemului de operare sunt \u00eensp\u0103im\u00e2nt\u0103toare. Cu toate acestea, nu este suficient s\u0103 folosi\u021bi doar un software antivirus, care este responsabil pentru o securitate superficial\u0103. Principiul de func\u021bionare a Planet VPN este aranjat \u00een a\u0219a fel \u00eenc\u00e2t nu numai c\u0103 adresa IP real\u0103 a utilizatorului este ascuns\u0103, dar \u0219i traficul de informa\u021bii este complet criptat. Ve\u021bi putea aplica separat func\u021bia de scanare a viru\u0219ilor sau URL-ul de scanare a viru\u0219ilor pentru a preveni vizitarea site-urilor suspecte sau periculoase, pentru a v\u0103 p\u0103stra propria securitate.<\/p>\n<p>Scanerul de viru\u0219i online de la Planet VPN asigur\u0103 protec\u021bia complet\u0103 \u0219i confiden\u021bialitatea datelor \u0219i a dispozitivului utilizatorului atunci c\u00e2nd utiliza\u021bi internetul. Traficul este criptat \u0219i direc\u021bionat c\u0103tre un tunel securizat &#8211; o tehnologie special\u0103 pentru a garanta securitatea datelor dvs. atunci c\u00e2nd acestea sunt transmise prin re\u021bea. Atunci c\u00e2nd ave\u021bi activat VPN-ul, nu trebuie s\u0103 v\u0103 face\u021bi griji cu privire la atacurile de viru\u0219i \u0219i naviga\u021bi confortabil atunci c\u00e2nd vizita\u021bi site-urile vizate.<\/p>\n<p>Folosi\u021bi o re\u021bea privat\u0103 virtual\u0103 pentru a crea un mod anonim, combinat\u0103 cu un software antivirus pentru a asigura o protec\u021bie multipl\u0103 pentru PC-ul dumneavoastr\u0103 \u0219i pentru a nu v\u0103 mai face griji cu privire la securitatea cibernetic\u0103 \u00een re\u021bea.<\/p><\/div>\n        \n                                    <h2 class=\"two-col-content__text\">CUM S\u0102 FACI O SCANARE ANTIVIRUS A UNUI SITE ONLINE PRIN INTERMEDIUL PLANET VPN<\/h2>\n                    \n            <\/div>\n<\/section>\n\n\n<section class=\"image-text custom-block align-full   mobile-image-bottom mobile-title-center  header-size-medium text-size-small   content-right\" style='overflow: hidden;;;--min-height-mobile:400px;--min-height-desktop:600px;--content-width:60%'>\n\n    <div class=\"gutenberg-block-background\"><\/div>\n    <div class=\"image-text__inner inner-container\">\n\n        \n                    <div class=\"image-text__content\">\n\n                <h2>CUM S\u0102 V\u0102 PROTEJA\u021aI TELEFONUL DE VIRU\u0218I &#8211; M\u0102SURI DE SECURITATE<\/h2>\n\n\n\n<p>Telefoanele inteligente c\u00e2\u0219tig\u0103 \u00een popularitate \u0219i superioritate fa\u021b\u0103 de PC-urile desktop. Este deosebit de convenabil s\u0103 v\u0103 conecta\u021bi la Wi-Fi \u00eentr-un club sportiv, cafenea, mall \u0219i \u00een orice alt loc public, dac\u0103 trebuie s\u0103 g\u0103si\u021bi urgent informa\u021bii importante sau s\u0103 comunica\u021bi \u00een re\u021belele sociale. Cu toate acestea, comunicarea are loc printr-un tunel nesecurizat, iar persoanele neautorizate v\u0103 pot intercepta cu u\u0219urin\u021b\u0103 datele, ceea ce submineaz\u0103 \u00een mod dramatic confiden\u021bialitatea \u0219i securitatea datelor dumneavoastr\u0103.<\/p>\n<p>Atunci c\u00e2nd v\u0103 conecta\u021bi la VPN, se genereaz\u0103 un tunel de conexiune securizat, astfel \u00eenc\u00e2t datele s\u0103 poat\u0103 fi transferate \u00een secret fa\u021b\u0103 de persoanele neautorizate. Toate fi\u0219ierele vor fi \u00een siguran\u021b\u0103 \u0219i nu va exista niciun risc de piraterie sau furt.<\/p>\n<p>Planet VPN este o solu\u021bie unic\u0103 pentru a v\u0103 securiza simultan datele \u0219i a avea grij\u0103 de protec\u021bia antivirus pe dispozitivul dvs. mobil. Ve\u021bi putea s\u0103 v\u0103 conecta\u021bi la internet \u00een mod anonim \u0219i s\u0103 verifica\u021bi simultan dac\u0103 exist\u0103 viru\u0219i \u0219i dac\u0103 exist\u0103 amenin\u021b\u0103ri evidente sau poten\u021biale.<\/p>\n                \n            <\/div>\n        \n                    <div class=\"bg-image-wrapper bg-image-wrapper--desktop left image-align--left\">\n                <figure style='--image-max-width:450px;--image-opacity:1.00;width: calc(40% - 20px)'>\n                    <img decoding=\"async\" width=\"451\" height=\"438\" src=\"https:\/\/freevpnplanet.com\/wp-content\/uploads\/2024\/06\/rvpn-phone-shild.af3491b-20240614_135258_408328.svg\" class=\"bg-image\" alt=\"Background Image for Desktop\" \/>                <\/figure>\n            <\/div>\n        \n                    <div class=\"bg-image-wrapper bg-image-wrapper--mobile regular-image\">\n                <figure style='width: 100%;max-width: 480px;opacity: 1.00;margin-top: 24px'>\n                    <img decoding=\"async\" width=\"451\" height=\"438\" src=\"https:\/\/freevpnplanet.com\/wp-content\/uploads\/2024\/06\/rvpn-phone-shild.af3491b-20240614_135258_408328.svg\" class=\"bg-image\" alt=\"Background Image for Mobile\" \/>                <\/figure>\n            <\/div>\n            <\/div>\n<\/section>\n\n<section class=\"two-col-content custom-block align-full  rtl ratio-normal text image-visible-on-mobile-no\" style='--background-color:var(--background-blue)'>\n\n    <div class=\"gutenberg-block-background\"><\/div>\n    <div class=\"two-col-content__container inner-container\">\n        \n                    <div class=\"two-col-content__description\"><p>De\u0219i telefoanele inteligente sunt avansate din punct de vedere tehnologic \u0219i superioare computerelor, ele r\u0103m\u00e2n totu\u0219i vulnerabile la viru\u0219i \u0219i obiecte periculoase care pot p\u0103trunde cu u\u0219urin\u021b\u0103 \u00een sistem din re\u021bea. Programele spyware \u0219i troienii pot citi discret datele utilizatorului \u0219i le pot transmite hackerilor pentru activit\u0103\u021bi ilegale. \u00cen special, obiectele mali\u021bioase au ca scop furtul parolelor, codurilor de acces, cardurilor de plat\u0103 \u0219i adreselor de e-mail. Un dispozitiv infectat func\u021bioneaz\u0103 mai lent, iar traficul cre\u0219te semnificativ.<\/p>\n<p>Scanerul de viru\u0219i de la Planet VPN permite efectuarea unei verific\u0103ri rapide \u0219i calitative &#8211; trebuie doar s\u0103 v\u0103 conecta\u021bi smartphone-ul la PC:<\/p>\n<p>Crea\u021bi o conexiune \u00eentre PC \u0219i smartphone prin intermediul unui cablu USB \u0219i selecta\u021bi modul MTP\/acumulare prin meniul de set\u0103ri;<\/p>\n<p>Copia\u021bi fi\u0219ierul de pe telefon pe computer \u0219i scana\u021bi-l pe pagina de scanare.<\/p><\/div>\n        \n                                    <h2 class=\"two-col-content__text\">CUM S\u0102 VERIFICA\u021aI DAC\u0102 TELEFONUL DUMNEAVOASTR\u0102 ARE VIRU\u0218I PRIN INTERMEDIUL COMPUTERULUI<\/h2>\n                    \n                    <div class=\"two-col-content__cta\">\n                            <\/div>\n            <\/div>\n<\/section>","protected":false},"excerpt":{"rendered":"","protected":false},"author":13,"featured_media":0,"parent":0,"menu_order":0,"comment_status":"closed","ping_status":"closed","template":"templates\/page_template-basic_for_gutenberg.php","meta":{"_acf_changed":false,"inline_featured_image":false,"footnotes":""},"download_by_lite_tag":[],"class_list":["post-98507","page","type-page","status-publish","hentry"],"yoast_head":"<!-- This site is optimized with the Yoast SEO plugin v22.6 - https:\/\/yoast.com\/wordpress\/plugins\/seo\/ -->\n<title>Scanare gratuit\u0103 pentru viru\u0219i - verifica\u021bi fi\u0219iere sau URL-uri pentru viru\u0219i - Planet VPN<\/title>\n<meta name=\"description\" content=\"Verificarea fi\u0219ierelor\/link-urilor pentru viru\u0219i online prin intermediul Planet VPN\" \/>\n<meta name=\"robots\" content=\"index, follow, max-snippet:-1, max-image-preview:large, max-video-preview:-1\" \/>\n<link rel=\"canonical\" href=\"https:\/\/freevpnplanet.com\/ro\/virus-scan\/\" \/>\n<meta property=\"og:locale\" content=\"ro_RO\" \/>\n<meta property=\"og:type\" content=\"article\" \/>\n<meta property=\"og:title\" content=\"Scanare gratuit\u0103 pentru viru\u0219i - verifica\u021bi fi\u0219iere sau URL-uri pentru viru\u0219i - Planet VPN\" \/>\n<meta property=\"og:description\" content=\"Verificarea fi\u0219ierelor\/link-urilor pentru viru\u0219i online prin intermediul Planet VPN\" \/>\n<meta property=\"og:url\" content=\"https:\/\/freevpnplanet.com\/ro\/virus-scan\/\" \/>\n<meta property=\"og:site_name\" content=\"Planet VPN\" \/>\n<meta property=\"article:modified_time\" content=\"2026-01-20T12:36:28+00:00\" \/>\n<meta name=\"twitter:card\" content=\"summary_large_image\" \/>\n<script type=\"application\/ld+json\" class=\"yoast-schema-graph\">{\"@context\":\"https:\/\/schema.org\",\"@graph\":[{\"@type\":\"WebPage\",\"@id\":\"https:\/\/freevpnplanet.com\/ro\/virus-scan\/\",\"url\":\"https:\/\/freevpnplanet.com\/ro\/virus-scan\/\",\"name\":\"Scanare gratuit\u0103 pentru viru\u0219i - verifica\u021bi fi\u0219iere sau URL-uri pentru viru\u0219i - Planet VPN\",\"isPartOf\":{\"@id\":\"https:\/\/freevpnplanet.com\/ro\/#website\"},\"datePublished\":\"2024-06-03T16:16:22+00:00\",\"dateModified\":\"2026-01-20T12:36:28+00:00\",\"description\":\"Verificarea fi\u0219ierelor\/link-urilor pentru viru\u0219i online prin intermediul Planet VPN\",\"breadcrumb\":{\"@id\":\"https:\/\/freevpnplanet.com\/ro\/virus-scan\/#breadcrumb\"},\"inLanguage\":\"ro\",\"potentialAction\":[{\"@type\":\"ReadAction\",\"target\":[\"https:\/\/freevpnplanet.com\/ro\/virus-scan\/\"]}]},{\"@type\":\"BreadcrumbList\",\"@id\":\"https:\/\/freevpnplanet.com\/ro\/virus-scan\/#breadcrumb\",\"itemListElement\":[{\"@type\":\"ListItem\",\"position\":1,\"name\":\"Home\",\"item\":\"https:\/\/freevpnplanet.com\/ro\/\"},{\"@type\":\"ListItem\",\"position\":2,\"name\":\"Virus scan\"}]},{\"@type\":\"WebSite\",\"@id\":\"https:\/\/freevpnplanet.com\/ro\/#website\",\"url\":\"https:\/\/freevpnplanet.com\/ro\/\",\"name\":\"Planet VPN \ud83d\udee1\ufe0f\ud83c\udf10 Free VPN\",\"description\":\"Free VPN\",\"potentialAction\":[{\"@type\":\"SearchAction\",\"target\":{\"@type\":\"EntryPoint\",\"urlTemplate\":\"https:\/\/freevpnplanet.com\/ro\/?s={search_term_string}\"},\"query-input\":\"required name=search_term_string\"}],\"inLanguage\":\"ro\",\"publisher\":{\"@id\":\"https:\/\/freevpnplanet.com\/ro\/#organization\"}},{\"@context\":\"https:\/\/schema.org\/\",\"@type\":\"SoftwareApplication\",\"name\":\"Planet VPN \ud83d\udee1\ufe0f\ud83c\udf10 Free VPN\",\"operatingSystem\":\"Windows, macOS, iOS, Android, Linux, Chrome\",\"applicationCategory\":\"SecurityApplication\",\"offers\":{\"@type\":\"AggregateOffer\",\"priceCurrency\":\"USD\",\"price\":\"0\",\"lowPrice\":\"0\",\"availability\":\"https:\/\/schema.org\/InStock\"},\"aggregateRating\":{\"@type\":\"AggregateRating\",\"ratingValue\":\"4.8\",\"bestRating\":\"5\",\"ratingCount\":\"12476\"}},{\"@type\":\"Organization\",\"@id\":\"https:\/\/freevpnplanet.com\/ro\/#organization\",\"url\":\"https:\/\/freevpnplanet.com\/ro\/\",\"name\":\"Planet VPN \ud83d\udee1\ufe0f\ud83c\udf10 Free VPN\"}]}<\/script>\n<!-- \/ Yoast SEO plugin. -->","yoast_head_json":{"title":"Scanare gratuit\u0103 pentru viru\u0219i - verifica\u021bi fi\u0219iere sau URL-uri pentru viru\u0219i - Planet VPN","description":"Verificarea fi\u0219ierelor\/link-urilor pentru viru\u0219i online prin intermediul Planet VPN","robots":{"index":"index","follow":"follow","max-snippet":"max-snippet:-1","max-image-preview":"max-image-preview:large","max-video-preview":"max-video-preview:-1"},"canonical":"https:\/\/freevpnplanet.com\/ro\/virus-scan\/","og_locale":"ro_RO","og_type":"article","og_title":"Scanare gratuit\u0103 pentru viru\u0219i - verifica\u021bi fi\u0219iere sau URL-uri pentru viru\u0219i - Planet VPN","og_description":"Verificarea fi\u0219ierelor\/link-urilor pentru viru\u0219i online prin intermediul Planet VPN","og_url":"https:\/\/freevpnplanet.com\/ro\/virus-scan\/","og_site_name":"Planet VPN","article_modified_time":"2026-01-20T12:36:28+00:00","twitter_card":"summary_large_image","schema":{"@context":"https:\/\/schema.org","@graph":[{"@type":"WebPage","@id":"https:\/\/freevpnplanet.com\/ro\/virus-scan\/","url":"https:\/\/freevpnplanet.com\/ro\/virus-scan\/","name":"Scanare gratuit\u0103 pentru viru\u0219i - verifica\u021bi fi\u0219iere sau URL-uri pentru viru\u0219i - Planet VPN","isPartOf":{"@id":"https:\/\/freevpnplanet.com\/ro\/#website"},"datePublished":"2024-06-03T16:16:22+00:00","dateModified":"2026-01-20T12:36:28+00:00","description":"Verificarea fi\u0219ierelor\/link-urilor pentru viru\u0219i online prin intermediul Planet VPN","breadcrumb":{"@id":"https:\/\/freevpnplanet.com\/ro\/virus-scan\/#breadcrumb"},"inLanguage":"ro","potentialAction":[{"@type":"ReadAction","target":["https:\/\/freevpnplanet.com\/ro\/virus-scan\/"]}]},{"@type":"BreadcrumbList","@id":"https:\/\/freevpnplanet.com\/ro\/virus-scan\/#breadcrumb","itemListElement":[{"@type":"ListItem","position":1,"name":"Home","item":"https:\/\/freevpnplanet.com\/ro\/"},{"@type":"ListItem","position":2,"name":"Virus scan"}]},{"@type":"WebSite","@id":"https:\/\/freevpnplanet.com\/ro\/#website","url":"https:\/\/freevpnplanet.com\/ro\/","name":"Planet VPN \ud83d\udee1\ufe0f\ud83c\udf10 Free VPN","description":"Free VPN","potentialAction":[{"@type":"SearchAction","target":{"@type":"EntryPoint","urlTemplate":"https:\/\/freevpnplanet.com\/ro\/?s={search_term_string}"},"query-input":"required name=search_term_string"}],"inLanguage":"ro","publisher":{"@id":"https:\/\/freevpnplanet.com\/ro\/#organization"}},{"@context":"https:\/\/schema.org\/","@type":"SoftwareApplication","name":"Planet VPN \ud83d\udee1\ufe0f\ud83c\udf10 Free VPN","operatingSystem":"Windows, macOS, iOS, Android, Linux, Chrome","applicationCategory":"SecurityApplication","offers":{"@type":"AggregateOffer","priceCurrency":"USD","price":"0","lowPrice":"0","availability":"https:\/\/schema.org\/InStock"},"aggregateRating":{"@type":"AggregateRating","ratingValue":"4.8","bestRating":"5","ratingCount":"12476"}},{"@type":"Organization","@id":"https:\/\/freevpnplanet.com\/ro\/#organization","url":"https:\/\/freevpnplanet.com\/ro\/","name":"Planet VPN \ud83d\udee1\ufe0f\ud83c\udf10 Free VPN"}]}},"acf":[],"_links":{"self":[{"href":"https:\/\/freevpnplanet.com\/ro\/wp-json\/wp\/v2\/pages\/98507","targetHints":{"allow":["GET"]}}],"collection":[{"href":"https:\/\/freevpnplanet.com\/ro\/wp-json\/wp\/v2\/pages"}],"about":[{"href":"https:\/\/freevpnplanet.com\/ro\/wp-json\/wp\/v2\/types\/page"}],"author":[{"embeddable":true,"href":"https:\/\/freevpnplanet.com\/ro\/wp-json\/wp\/v2\/users\/13"}],"replies":[{"embeddable":true,"href":"https:\/\/freevpnplanet.com\/ro\/wp-json\/wp\/v2\/comments?post=98507"}],"version-history":[{"count":1,"href":"https:\/\/freevpnplanet.com\/ro\/wp-json\/wp\/v2\/pages\/98507\/revisions"}],"predecessor-version":[{"id":130938,"href":"https:\/\/freevpnplanet.com\/ro\/wp-json\/wp\/v2\/pages\/98507\/revisions\/130938"}],"wp:attachment":[{"href":"https:\/\/freevpnplanet.com\/ro\/wp-json\/wp\/v2\/media?parent=98507"}],"wp:term":[{"taxonomy":"download_by_lite_tag","embeddable":true,"href":"https:\/\/freevpnplanet.com\/ro\/wp-json\/wp\/v2\/download_by_lite_tag?post=98507"}],"curies":[{"name":"wp","href":"https:\/\/api.w.org\/{rel}","templated":true}]}}