{"id":98616,"date":"2024-05-23T15:29:22","date_gmt":"2024-05-23T12:29:22","guid":{"rendered":"https:\/\/help.freeplanetvpn.com\/no-logs-vpn-policy\/"},"modified":"2026-01-20T14:51:13","modified_gmt":"2026-01-20T11:51:13","slug":"no-logs-vpn-policy","status":"publish","type":"page","link":"https:\/\/freevpnplanet.com\/ro\/no-logs-vpn-policy\/","title":{"rendered":"No logs VPN Policy"},"content":{"rendered":"\n<section class=\"jurisdiction custom-block align-none \" style='--background-color:var(--background-blue)'>\n\n    <div class=\"gutenberg-block-background\"><\/div>\n    <div class=\"jurisdiction__inner inner-container\">\n                    <div class=\"jurisdiction__content\">\n                                    <h1 class=\"jurisdiction__content-title\"> Politica VPN f\u0103r\u0103 jurnale <\/h1>\n                \n                <p class=\"jurisdiction__content-desc\"><p>Planet VPN este \u00eenregistrat sub jurisdic\u021bia Rom\u00e2niei, ceea ce ne permite s\u0103 nu stoc\u0103m jurnale ale activit\u0103\u021bii online a utilizatorilor, datele de conectare \u0219i adresele IP, precum \u0219i orice alte date sensibile despre utilizatorii no\u0219tri.<\/p>\n<p>Rom\u00e2nia face parte din Uniunea European\u0103 \u0219i nu este membr\u0103 a niciunei alian\u021be de supraveghere, cum ar fi alian\u021bele 5 Eyes, 9 Eyes sau 14 Eyes. Senatul Rom\u00e2niei a respins \u00een unanimitate un proiect de lege privind stocarea datelor \u00een 2011.<\/p>\n<p>Atunci c\u00e2nd utiliza\u021bi Planet VPN, datele dvs. personale sunt 100% securizate. Conform legisla\u021biei rom\u00e2ne\u0219ti, nu suntem obliga\u021bi s\u0103 ne monitoriz\u0103m utilizatorii.<\/p>\n<p>Compania noastr\u0103 nu este obligat\u0103 s\u0103 coopereze cu nicio agen\u021bie de informa\u021bii, aceasta ne permite s\u0103 respect\u0103m cu stricte\u021be politica de confiden\u021bialitate a utilizatorilor no\u0219tri.<\/p><\/p>\n\n                                    <div class=\"image-text__cta\">\n                        <a href=\"\/ro\/plans\/\" target=\"_self\" id=\"qa-no-logs-policy-btn\" class=\"cta download-by-platform cta--with-border cta-size--small cta-mt--initial icon-position--icon-left\" style=\"--border-radius:40px\"><span class=\"cta__name\">Desc\u0103rca\u021bi Gratuit<\/span><\/a>                    <\/div>\n                            <\/div>\n                            <div class=\"jurisdiction__list\">\n                                    <div class=\"jurisdiction__item\">\n                                                    <figure>\n                                <img decoding=\"async\" width=\"100\" height=\"104\" src=\"https:\/\/freevpnplanet.com\/wp-content\/uploads\/2024\/09\/pasport_4847d96.svg\" class=\"jurisdiction__item-img\" alt=\"\" \/>                            <\/figure>\n                        \n                                                    <p class=\"jurisdiction__item-text\">Nu v\u0103 vom cere niciodat\u0103 s\u0103 furniza\u021bi informa\u021bii suplimentare despre utilizator, cu excep\u021bia adresei de EMAIL<\/p>\n                                            <\/div>\n                                    <div class=\"jurisdiction__item\">\n                                                    <figure>\n                                <img decoding=\"async\" width=\"99\" height=\"104\" src=\"https:\/\/freevpnplanet.com\/wp-content\/uploads\/2024\/09\/anon_741e52b.svg\" class=\"jurisdiction__item-img\" alt=\"\" \/>                            <\/figure>\n                        \n                                                    <p class=\"jurisdiction__item-text\">Avem mai multe op\u021biuni pentru primirea pl\u0103\u021bilor, inclusiv ANONIM\u0102 (Criptomonede)<\/p>\n                                            <\/div>\n                                    <div class=\"jurisdiction__item\">\n                                                    <figure>\n                                <img decoding=\"async\" width=\"104\" height=\"104\" src=\"https:\/\/freevpnplanet.com\/wp-content\/uploads\/2025\/03\/info.png\" class=\"jurisdiction__item-img\" alt=\"\" \/>                            <\/figure>\n                        \n                                                    <p class=\"jurisdiction__item-text\">\u00cen conformitate cu legisla\u021bia rom\u00e2n\u0103, nu suntem obliga\u021bi s\u0103 monitoriz\u0103m utilizatorii no\u0219tri<\/p>\n                                            <\/div>\n                            <\/div>\n            <\/div>\n<\/section>\n\n\n<div class=\"wp-block-group alignfull has-background is-layout-constrained wp-block-group-is-layout-constrained\" style=\"background-color:#2f77d4\">\n<section class=\"image-text custom-block align-none   mobile-image-bottom mobile-title-center  header-size-medium text-size-small   content-right\" style='overflow: hidden;;--text-color:var(--white);--min-height-mobile:400px;--min-height-desktop:617px;--content-width:52%'>\n\n    <div class=\"gutenberg-block-background\"><\/div>\n    <div class=\"image-text__inner inner-container\">\n\n        \n                    <div class=\"image-text__content\">\n\n                <h2>CARE SUNT BENEFICIILE PLANET VPN PENTRU A EVITA BLOCAREA SITE-URILOR?<\/h2>\n\n\n<ul class=\"list-style\">\n<li>Serverele noastre sunt plasate \u00een multe \u021b\u0103ri: Australia, Bulgaria, Canada, Republica Ceh\u0103, China, Estonia, Fran\u021ba, Germania, Letonia, Lituania, Rusia, Singapore, Suedia, Ucraina, Marea Britanie, SUA<\/li>\n<li>Fiecare server VPN are propriul s\u0103u DNS al \u021b\u0103rii \u00een care se afl\u0103<\/li>\n<li>Exist\u0103 posibilitatea edit\u0103rii manuale a leg\u0103turilor<\/li>\n<li>Setul de servere disponibile cre\u0219te constant<\/li>\n<li>Protocoale VPN securizate \u0219i servere criptate \u00een \u00eentreaga lume<\/li>\n<\/ul>\n                                    <div class=\"image-text__cta\">\n                        <a href=\"\/ro\/plans\/\" target=\"_self\" id=\"qa-banner-cta\" class=\"cta download-by-platform cta--with-border cta-size--small cta-mt--initial icon-position--icon-left\" style=\"--border-radius:40px\"><span class=\"cta__name\">Desc\u0103rca\u021bi Gratuit<\/span><\/a>                    <\/div>\n                \n            <\/div>\n        \n                    <div class=\"bg-image-wrapper bg-image-wrapper--desktop left image-align--center\">\n                <figure style='--image-max-width:1000px;--image-opacity:1.00;width: calc(46% - 20px)'>\n                    <img decoding=\"async\" width=\"620\" height=\"308\" src=\"https:\/\/freevpnplanet.com\/wp-content\/uploads\/2025\/02\/map.png\" class=\"bg-image\" alt=\"Background Image for Desktop\" srcset=\"https:\/\/freevpnplanet.com\/wp-content\/uploads\/2025\/02\/map.png 620w, https:\/\/freevpnplanet.com\/wp-content\/uploads\/2025\/02\/map-300x149.png 300w\" sizes=\"(max-width: 620px) 100vw, 620px\" \/>                <\/figure>\n            <\/div>\n        \n                    <div class=\"bg-image-wrapper bg-image-wrapper--mobile regular-image\">\n                <figure style='width: 100%;max-width: 480px;opacity: 1.00;margin-top: 24px'>\n                    <img decoding=\"async\" width=\"620\" height=\"308\" src=\"https:\/\/freevpnplanet.com\/wp-content\/uploads\/2025\/02\/map.png\" class=\"bg-image\" alt=\"Background Image for Mobile\" srcset=\"https:\/\/freevpnplanet.com\/wp-content\/uploads\/2025\/02\/map.png 620w, https:\/\/freevpnplanet.com\/wp-content\/uploads\/2025\/02\/map-300x149.png 300w\" sizes=\"(max-width: 620px) 100vw, 620px\" \/>                <\/figure>\n            <\/div>\n            <\/div>\n<\/section><\/div>\n","protected":false},"excerpt":{"rendered":"","protected":false},"author":39,"featured_media":0,"parent":0,"menu_order":0,"comment_status":"closed","ping_status":"closed","template":"templates\/page_template-basic_for_gutenberg.php","meta":{"_acf_changed":false,"inline_featured_image":false,"footnotes":""},"download_by_lite_tag":[],"class_list":["post-98616","page","type-page","status-publish","hentry"],"yoast_head":"<!-- This site is optimized with the Yoast SEO plugin v22.6 - https:\/\/yoast.com\/wordpress\/plugins\/seo\/ -->\n<title>Cel mai bun VPN f\u0103r\u0103 \u00eenregistr\u0103ri - VPN gratuit f\u0103r\u0103 \u00eenregistr\u0103ri - Planet VPN<\/title>\n<meta name=\"description\" content=\"VPN anonim f\u0103r\u0103 \u00eenregistr\u0103ri. Planet VPN utilizeaz\u0103 algoritmi avansa\u021bi de criptare sigur\u0103.\" \/>\n<meta name=\"robots\" content=\"index, follow, max-snippet:-1, max-image-preview:large, max-video-preview:-1\" \/>\n<link rel=\"canonical\" href=\"https:\/\/freevpnplanet.com\/ro\/no-logs-vpn-policy\/\" \/>\n<meta property=\"og:locale\" content=\"ro_RO\" \/>\n<meta property=\"og:type\" content=\"article\" \/>\n<meta property=\"og:title\" content=\"Cel mai bun VPN f\u0103r\u0103 \u00eenregistr\u0103ri - VPN gratuit f\u0103r\u0103 \u00eenregistr\u0103ri - Planet VPN\" \/>\n<meta property=\"og:description\" content=\"VPN anonim f\u0103r\u0103 \u00eenregistr\u0103ri. Planet VPN utilizeaz\u0103 algoritmi avansa\u021bi de criptare sigur\u0103.\" \/>\n<meta property=\"og:url\" content=\"https:\/\/freevpnplanet.com\/ro\/no-logs-vpn-policy\/\" \/>\n<meta property=\"og:site_name\" content=\"Planet VPN\" \/>\n<meta property=\"article:modified_time\" content=\"2026-01-20T11:51:13+00:00\" \/>\n<meta name=\"twitter:card\" content=\"summary_large_image\" \/>\n<script type=\"application\/ld+json\" class=\"yoast-schema-graph\">{\"@context\":\"https:\/\/schema.org\",\"@graph\":[{\"@type\":\"WebPage\",\"@id\":\"https:\/\/freevpnplanet.com\/ro\/no-logs-vpn-policy\/\",\"url\":\"https:\/\/freevpnplanet.com\/ro\/no-logs-vpn-policy\/\",\"name\":\"Cel mai bun VPN f\u0103r\u0103 \u00eenregistr\u0103ri - VPN gratuit f\u0103r\u0103 \u00eenregistr\u0103ri - Planet VPN\",\"isPartOf\":{\"@id\":\"https:\/\/freevpnplanet.com\/ro\/#website\"},\"datePublished\":\"2024-05-23T12:29:22+00:00\",\"dateModified\":\"2026-01-20T11:51:13+00:00\",\"description\":\"VPN anonim f\u0103r\u0103 \u00eenregistr\u0103ri. Planet VPN utilizeaz\u0103 algoritmi avansa\u021bi de criptare sigur\u0103.\",\"breadcrumb\":{\"@id\":\"https:\/\/freevpnplanet.com\/ro\/no-logs-vpn-policy\/#breadcrumb\"},\"inLanguage\":\"ro\",\"potentialAction\":[{\"@type\":\"ReadAction\",\"target\":[\"https:\/\/freevpnplanet.com\/ro\/no-logs-vpn-policy\/\"]}]},{\"@type\":\"BreadcrumbList\",\"@id\":\"https:\/\/freevpnplanet.com\/ro\/no-logs-vpn-policy\/#breadcrumb\",\"itemListElement\":[{\"@type\":\"ListItem\",\"position\":1,\"name\":\"Home\",\"item\":\"https:\/\/freevpnplanet.com\/ro\/\"},{\"@type\":\"ListItem\",\"position\":2,\"name\":\"No logs VPN Policy\"}]},{\"@type\":\"WebSite\",\"@id\":\"https:\/\/freevpnplanet.com\/ro\/#website\",\"url\":\"https:\/\/freevpnplanet.com\/ro\/\",\"name\":\"Planet VPN \ud83d\udee1\ufe0f\ud83c\udf10 Free VPN\",\"description\":\"Free VPN\",\"potentialAction\":[{\"@type\":\"SearchAction\",\"target\":{\"@type\":\"EntryPoint\",\"urlTemplate\":\"https:\/\/freevpnplanet.com\/ro\/?s={search_term_string}\"},\"query-input\":\"required name=search_term_string\"}],\"inLanguage\":\"ro\",\"publisher\":{\"@id\":\"https:\/\/freevpnplanet.com\/ro\/#organization\"}},{\"@context\":\"https:\/\/schema.org\/\",\"@type\":\"SoftwareApplication\",\"name\":\"Planet VPN \ud83d\udee1\ufe0f\ud83c\udf10 Free VPN\",\"operatingSystem\":\"Windows, macOS, iOS, Android, Linux, Chrome\",\"applicationCategory\":\"SecurityApplication\",\"offers\":{\"@type\":\"AggregateOffer\",\"priceCurrency\":\"USD\",\"price\":\"0\",\"lowPrice\":\"0\",\"availability\":\"https:\/\/schema.org\/InStock\"},\"aggregateRating\":{\"@type\":\"AggregateRating\",\"ratingValue\":\"4.8\",\"bestRating\":\"5\",\"ratingCount\":\"12476\"}},{\"@type\":\"Organization\",\"@id\":\"https:\/\/freevpnplanet.com\/ro\/#organization\",\"url\":\"https:\/\/freevpnplanet.com\/ro\/\",\"name\":\"Planet VPN \ud83d\udee1\ufe0f\ud83c\udf10 Free VPN\"}]}<\/script>\n<!-- \/ Yoast SEO plugin. -->","yoast_head_json":{"title":"Cel mai bun VPN f\u0103r\u0103 \u00eenregistr\u0103ri - VPN gratuit f\u0103r\u0103 \u00eenregistr\u0103ri - Planet VPN","description":"VPN anonim f\u0103r\u0103 \u00eenregistr\u0103ri. Planet VPN utilizeaz\u0103 algoritmi avansa\u021bi de criptare sigur\u0103.","robots":{"index":"index","follow":"follow","max-snippet":"max-snippet:-1","max-image-preview":"max-image-preview:large","max-video-preview":"max-video-preview:-1"},"canonical":"https:\/\/freevpnplanet.com\/ro\/no-logs-vpn-policy\/","og_locale":"ro_RO","og_type":"article","og_title":"Cel mai bun VPN f\u0103r\u0103 \u00eenregistr\u0103ri - VPN gratuit f\u0103r\u0103 \u00eenregistr\u0103ri - Planet VPN","og_description":"VPN anonim f\u0103r\u0103 \u00eenregistr\u0103ri. Planet VPN utilizeaz\u0103 algoritmi avansa\u021bi de criptare sigur\u0103.","og_url":"https:\/\/freevpnplanet.com\/ro\/no-logs-vpn-policy\/","og_site_name":"Planet VPN","article_modified_time":"2026-01-20T11:51:13+00:00","twitter_card":"summary_large_image","schema":{"@context":"https:\/\/schema.org","@graph":[{"@type":"WebPage","@id":"https:\/\/freevpnplanet.com\/ro\/no-logs-vpn-policy\/","url":"https:\/\/freevpnplanet.com\/ro\/no-logs-vpn-policy\/","name":"Cel mai bun VPN f\u0103r\u0103 \u00eenregistr\u0103ri - VPN gratuit f\u0103r\u0103 \u00eenregistr\u0103ri - Planet VPN","isPartOf":{"@id":"https:\/\/freevpnplanet.com\/ro\/#website"},"datePublished":"2024-05-23T12:29:22+00:00","dateModified":"2026-01-20T11:51:13+00:00","description":"VPN anonim f\u0103r\u0103 \u00eenregistr\u0103ri. Planet VPN utilizeaz\u0103 algoritmi avansa\u021bi de criptare sigur\u0103.","breadcrumb":{"@id":"https:\/\/freevpnplanet.com\/ro\/no-logs-vpn-policy\/#breadcrumb"},"inLanguage":"ro","potentialAction":[{"@type":"ReadAction","target":["https:\/\/freevpnplanet.com\/ro\/no-logs-vpn-policy\/"]}]},{"@type":"BreadcrumbList","@id":"https:\/\/freevpnplanet.com\/ro\/no-logs-vpn-policy\/#breadcrumb","itemListElement":[{"@type":"ListItem","position":1,"name":"Home","item":"https:\/\/freevpnplanet.com\/ro\/"},{"@type":"ListItem","position":2,"name":"No logs VPN Policy"}]},{"@type":"WebSite","@id":"https:\/\/freevpnplanet.com\/ro\/#website","url":"https:\/\/freevpnplanet.com\/ro\/","name":"Planet VPN \ud83d\udee1\ufe0f\ud83c\udf10 Free VPN","description":"Free VPN","potentialAction":[{"@type":"SearchAction","target":{"@type":"EntryPoint","urlTemplate":"https:\/\/freevpnplanet.com\/ro\/?s={search_term_string}"},"query-input":"required name=search_term_string"}],"inLanguage":"ro","publisher":{"@id":"https:\/\/freevpnplanet.com\/ro\/#organization"}},{"@context":"https:\/\/schema.org\/","@type":"SoftwareApplication","name":"Planet VPN \ud83d\udee1\ufe0f\ud83c\udf10 Free VPN","operatingSystem":"Windows, macOS, iOS, Android, Linux, Chrome","applicationCategory":"SecurityApplication","offers":{"@type":"AggregateOffer","priceCurrency":"USD","price":"0","lowPrice":"0","availability":"https:\/\/schema.org\/InStock"},"aggregateRating":{"@type":"AggregateRating","ratingValue":"4.8","bestRating":"5","ratingCount":"12476"}},{"@type":"Organization","@id":"https:\/\/freevpnplanet.com\/ro\/#organization","url":"https:\/\/freevpnplanet.com\/ro\/","name":"Planet VPN \ud83d\udee1\ufe0f\ud83c\udf10 Free VPN"}]}},"acf":[],"_links":{"self":[{"href":"https:\/\/freevpnplanet.com\/ro\/wp-json\/wp\/v2\/pages\/98616","targetHints":{"allow":["GET"]}}],"collection":[{"href":"https:\/\/freevpnplanet.com\/ro\/wp-json\/wp\/v2\/pages"}],"about":[{"href":"https:\/\/freevpnplanet.com\/ro\/wp-json\/wp\/v2\/types\/page"}],"author":[{"embeddable":true,"href":"https:\/\/freevpnplanet.com\/ro\/wp-json\/wp\/v2\/users\/39"}],"replies":[{"embeddable":true,"href":"https:\/\/freevpnplanet.com\/ro\/wp-json\/wp\/v2\/comments?post=98616"}],"version-history":[{"count":7,"href":"https:\/\/freevpnplanet.com\/ro\/wp-json\/wp\/v2\/pages\/98616\/revisions"}],"predecessor-version":[{"id":158724,"href":"https:\/\/freevpnplanet.com\/ro\/wp-json\/wp\/v2\/pages\/98616\/revisions\/158724"}],"wp:attachment":[{"href":"https:\/\/freevpnplanet.com\/ro\/wp-json\/wp\/v2\/media?parent=98616"}],"wp:term":[{"taxonomy":"download_by_lite_tag","embeddable":true,"href":"https:\/\/freevpnplanet.com\/ro\/wp-json\/wp\/v2\/download_by_lite_tag?post=98616"}],"curies":[{"name":"wp","href":"https:\/\/api.w.org\/{rel}","templated":true}]}}