{"id":99252,"date":"2024-06-13T13:55:50","date_gmt":"2024-06-13T10:55:50","guid":{"rendered":"https:\/\/help.freeplanetvpn.com\/policy\/"},"modified":"2025-11-07T15:00:39","modified_gmt":"2025-11-07T12:00:39","slug":"policy","status":"publish","type":"page","link":"https:\/\/freevpnplanet.com\/ro\/policy\/","title":{"rendered":"Politica"},"content":{"rendered":"\n<section style=\"padding-top:0;padding-bottom:0;padding-left:0;padding-right:0;margin-top:0;margin-bottom:0;margin-left:0;margin-right:0;\" class=\"section custom-blocks-section     alignfull wp-block-gutenberg-custom-blocks-section\">\n        <div class=\"container\">\n        \n\n<h1 class=\"wp-block-heading\">Politica de confiden\u021bialitate<\/h1>\n\n\n\n<p class=\"\">FREE PLANET VPN S.R.L. (denumit\u0103 \u00een continuare \u201eCompania\u201d, \u201enoi\u201d sau \u201enostru\u201d) este proprietarul \u0219i operatorul serviciului VPN cunoscut sub marca comercial\u0103 FREE PLANET VPN (denumit \u00een continuare \u201eFREE PLANET VPN\u201d, \u201eServiciul\u201d).<\/p>\n\n\n\n<p style=\"margin-top:0;margin-bottom:0\" class=\"\">\u00cen continuare, pentru claritate \u0219i consecven\u021b\u0103, termenul \u201eFREE PLANET VPN\u201d se poate referi fie la marca comercial\u0103, fie la compania care opereaz\u0103 serviciul.<\/p>\n\n\n\n<h3 class=\"wp-block-heading title title--h4\">Data intr\u0103rii \u00een vigoare:<\/h3>\n\n\n\n<p class=\"\">La FREE PLANET VPN, confiden\u021bialitatea este considerat\u0103 un principiu fundamental al tuturor serviciilor \u0219i opera\u021biunilor. Prezenta Politic\u0103 de confiden\u021bialitate descrie practicile utilizate de FREE PLANET VPN \u00een ceea ce prive\u0219te gestionarea informa\u021biilor atunci c\u00e2nd utilizatorii acceseaz\u0103 site-urile web FREE PLANET VPN (freeplanetvpn.com \u0219i domeniile afiliate), aplica\u021biile \u0219i serviciile conexe (denumite colectiv \u201eServiciile\u201d).<\/p>\n\n\n\n<p class=\"\">Principiul de baz\u0103 al acestei abord\u0103ri este simplu: colectarea datelor este limitat\u0103 la minimul necesar pentru a asigura func\u021bionarea sigur\u0103 \u0219i eficient\u0103 a FREE PLANET VPN. Dezv\u0103luirea informa\u021biilor personale c\u0103tre ter\u021bi nu este o practic\u0103 adoptat\u0103 de aceast\u0103 organiza\u021bie. Mai mult, utilizarea acestor informa\u021bii este strict limitat\u0103 la furnizarea serviciilor descrise \u00een prezentul document.<\/p>\n\n\n\n<p style=\"margin-top:0;margin-bottom:0\" class=\"\">Prin accesarea sau utilizarea FREE PLANET VPN, recunoa\u0219te\u021bi \u00een mod expres c\u0103 a\u021bi citit, \u00een\u021beles \u0219i acceptat prezenta Politic\u0103 de confiden\u021bialitate. \u00cen cazul \u00een care nu sunte\u021bi de acord cu orice prevedere din prezentul document, vi se solicit\u0103 s\u0103 \u00eenceta\u021bi imediat utilizarea serviciilor noastre.<\/p>\n\n\n\n<h3 class=\"wp-block-heading\">1. Informa\u021biile pe care le colect\u0103m<\/h3>\n\n\n\n<p class=\"\">FREE PLANET VPN func\u021bioneaz\u0103 \u00een conformitate cu o politic\u0103 strict\u0103 de zero-logging, ceea ce \u00eenseamn\u0103 c\u0103 nu p\u0103streaz\u0103 \u00eenregistr\u0103ri ale activit\u0103\u021bilor utilizatorilor. \u00cen consecin\u021b\u0103, nu se efectueaz\u0103 urm\u0103rirea sau stocarea jurnalelor de activitate, inclusiv istoricul de navigare, datele de trafic, con\u021binutul sau interog\u0103rile DNS. Cu toate acestea, pentru a asigura func\u021bionarea corespunz\u0103toare \u0219i integritatea opera\u021bional\u0103 a Serviciilor, pot exista cazuri limitate \u00een care sunt colectate anumite categorii de informa\u021bii.<\/p>\n\n\n\n<h4 class=\"wp-block-heading\">a) Informa\u021bii tehnice \u0219i de utilizare (colectare anonim\u0103)<\/h4>\n\n\n\n<ul class=\"wp-block-list\">\n<li><strong>Starea conexiunii VPN (reu\u0219it\u0103 sau e\u0219uat\u0103).<\/strong><\/li>\n\n\n\n<li><strong>Loca\u021bia serverului VPN la care v\u0103 conecta\u021bi.<\/strong><\/li>\n\n\n\n<li><strong>Loca\u021bia general\u0103 (numai \u021bara) \u0219i furnizorul dvs. de servicii de internet.<\/strong><\/li>\n\n\n\n<li><strong>Detalii despre dispozitiv, cum ar fi modelul, versiunea sistemului de operare, versiunea aplica\u021biei.<\/strong><\/li>\n\n\n\n<li><strong>Date de diagnosticare \u0219i performan\u021b\u0103 (de exemplu, teste de vitez\u0103, rapoarte de erori\/bloc\u0103ri).<\/strong><\/li>\n<\/ul>\n\n\n\n<h5 class=\"wp-block-heading\">Important:<\/h5>\n\n\n\n<p class=\"\">Toate aceste date sunt anonimizate imediat dup\u0103 colectare \u0219i nu pot fi asociate cu niciun utilizator individual sau sesiune VPN specific\u0103.<\/p>\n\n\n\n<h4 class=\"wp-block-heading\">b) Date op\u021bionale ale contului<\/h4>\n\n\n\n<p style=\"margin-top:0;margin-bottom:0\" class=\"\">De\u0219i crearea unui cont nu este obligatorie pentru a utiliza FREE PLANET VPN, dac\u0103 alege\u021bi s\u0103 face\u021bi acest lucru, este posibil s\u0103 v\u0103 solicit\u0103m o adres\u0103 de e-mail. Aceste informa\u021bii sunt utilizate \u00een urm\u0103toarele scopuri:<\/p>\n\n\n\n<ul class=\"wp-block-list\">\n<li><strong>Autentificarea \u0219i recuperarea contului.<\/strong><\/li>\n\n\n\n<li><strong>Gestionarea abonamentului.<\/strong><\/li>\n\n\n\n<li><strong>Asisten\u021b\u0103 pentru clien\u021bi.<\/strong><\/li>\n\n\n\n<li><strong>Notific\u0103ri privind serviciile sau actualiz\u0103ri de marketing op\u021bionale (v\u0103 pute\u021bi dezabona \u00een orice moment).<\/strong><\/li>\n<\/ul>\n\n\n\n<h4 class=\"wp-block-heading\">c) Date privind abonamentul \u0219i plata<\/h4>\n\n\n\n<p style=\"margin-top:0;margin-bottom:0\" class=\"\">C\u00e2nd v\u0103 abona\u021bi la un plan FREE PLANET VPN cu plat\u0103, este posibil s\u0103 colect\u0103m anumite informa\u021bii limitate, inclusiv, dar f\u0103r\u0103 a se limita la:<\/p>\n\n\n\n<ul class=\"wp-block-list\">\n<li><strong>Adresa dvs. de e-mail, planul de abonament \u0219i starea pl\u0103\u021bii.<\/strong><\/li>\n\n\n\n<li><strong>Informa\u021bii legate de tranzac\u021bii (de exemplu, moneda, starea re\u00eennoirii, ID-ul facturii).<\/strong><\/li>\n<\/ul>\n\n\n\n<p style=\"margin-top:0;margin-bottom:0\" class=\"\">Este important s\u0103 re\u021bine\u021bi c\u0103 FREE PLANET VPN nu prelucreaz\u0103 \u0219i nu p\u0103streaz\u0103 informa\u021biile cardului de plat\u0103. Toate tranzac\u021biile financiare sunt gestionate \u00een siguran\u021b\u0103 de furnizori ter\u021bi de \u00eencredere, inclusiv Stripe, Airwallex, Payssion \u0219i v5pay.<\/p>\n\n\n\n<h4 class=\"wp-block-heading\">d) Cookie-uri \u0219i tehnologii comparabile<\/h4>\n\n\n\n<p style=\"margin-top:0;margin-bottom:0\" class=\"\">Site-urile noastre web pot utiliza cookie-uri \u00een urm\u0103toarele scopuri:<\/p>\n\n\n\n<ul class=\"wp-block-list\">\n<li><strong>Re\u021binerea set\u0103rilor \u0219i preferin\u021belor dvs.<\/strong><\/li>\n\n\n\n<li><strong>\u00cembun\u0103t\u0103\u021birea performan\u021bei \u0219i a navig\u0103rii.<\/strong><\/li>\n\n\n\n<li><strong>Suport pentru analize \u0219i func\u021bionalit\u0103\u021bi esen\u021biale.<\/strong><\/li>\n<\/ul>\n\n\n\n<p style=\"margin-top:0;margin-bottom:0\" class=\"\">Pentru mai multe informa\u021bii, v\u0103 rug\u0103m s\u0103 consulta\u021bi [Politica noastr\u0103 privind cookie-urile].<\/p>\n\n\n\n<h4 class=\"wp-block-heading\">e) Date de comunicare<\/h4>\n\n\n\n<p style=\"margin-top:0;margin-bottom:0\" class=\"\">\u00cen cazul \u00een care partea men\u021bionat\u0103 mai sus ne contacteaz\u0103, putem colecta numele, adresa de e-mail \u0219i con\u021binutul mesajului. Aceste informa\u021bii sunt utilizate exclusiv \u00een scopul de a r\u0103spunde \u0219i de a oferi asisten\u021b\u0103.<\/p>\n\n\n\n<h3 class=\"wp-block-heading\">2. Utilizarea datelor colectate<\/h3>\n\n\n\n<p style=\"margin-bottom:0\" class=\"\">Prelucr\u0103m informa\u021biile colectate exclusiv \u00een urm\u0103toarele scopuri:<\/p>\n\n\n\n<ul class=\"wp-block-list\">\n<li><strong>Securitate \u0219i autentificare<\/strong> \u2013 verificarea st\u0103rii abonamentului, prevenirea fraudei, blocarea utiliz\u0103rii abuzive.<\/li>\n\n\n\n<li><strong>Diagnosticare \u0219i optimizare <\/strong>\u2013 monitorizarea performan\u021bei, depanarea erorilor \u0219i \u00eembun\u0103t\u0103\u021birea stabilit\u0103\u021bii aplica\u021biei.<\/li>\n\n\n\n<li><strong>Asisten\u021b\u0103 pentru clien\u021bi<\/strong> \u2013 r\u0103spuns la \u00eentreb\u0103ri, rezolvarea problemelor \u0219i furnizarea de actualiz\u0103ri relevante.<\/li>\n\n\n\n<li><strong>Cercetare \u0219i dezvoltare<\/strong> \u2013 analizarea tendin\u021belor anonimizate pentru a crea func\u021bii mai bune \u0219i servicii noi.<\/li>\n\n\n\n<li><strong>Conformitate legal\u0103<\/strong> \u2013 \u00eendeplinirea cerin\u021belor de reglementare, prevenirea abuzurilor \u0219i asigurarea utiliz\u0103rii legale.<\/li>\n<\/ul>\n\n\n\n<p style=\"margin-bottom:0\" class=\"\">Utilizarea datelor colectate \u00een scopul profil\u0103rii utilizatorilor sau monitoriz\u0103rii activit\u0103\u021bii de navigare este strict interzis\u0103 de compania noastr\u0103.<\/p>\n\n\n\n<h3 class=\"wp-block-heading\">3. Partajarea \u0219i transferul datelor<\/h3>\n\n\n\n<p style=\"margin-bottom:0\" class=\"\">FREE PLANET VPN nu se va angaja \u00een v\u00e2nzarea sau \u00eenchirierea de informa\u021bii personale. Cu toate acestea, partajarea datelor limitate poate fi permis\u0103 \u00een circumstan\u021be specifice.<\/p>\n\n\n\n<ul class=\"wp-block-list\">\n<li><strong>Furnizori de servicii<\/strong>: Pentru a asigura furnizarea f\u0103r\u0103 \u00eentreruperi \u0219i \u00eentre\u021binerea continu\u0103 a Serviciilor noastre, colabor\u0103m cu parteneri ter\u021bi de \u00eencredere, inclusiv procesatori de pl\u0103\u021bi, furnizori de servicii de analiz\u0103 \u0219i platforme de asisten\u021b\u0103.<\/li>\n\n\n\n<li><strong>Rapoarte agregate sau anonime<\/strong>: Datele statistice anonime pot fi partajate \u00eentr-un mod care garanteaz\u0103 anonimatul complet al persoanelor fizice.<\/li>\n\n\n\n<li><strong>Transferuri comerciale<\/strong>: \u00cen cazul unei fuziuni, achizi\u021bii sau restructur\u0103ri corporative, datele relevante pot fi transferate, sub rezerva unor m\u0103suri stricte de protec\u021bie a confiden\u021bialit\u0103\u021bii.<\/li>\n\n\n\n<li><strong>Solicit\u0103ri legale<\/strong>: Dac\u0103 divulgarea datelor limitate este cerut\u0103 de legea aplicabil\u0103 sau este necesar\u0103 pentru a proteja siguran\u021ba utilizatorilor, aceast\u0103 divulgare poate fi f\u0103cut\u0103 \u00een conformitate cu obliga\u021biile legale.<\/li>\n<\/ul>\n\n\n\n<p style=\"margin-bottom:0\" class=\"\">Trebuie men\u021bionat c\u0103 datele pot fi prelucrate \u00een afara \u021b\u0103rii de re\u0219edin\u021b\u0103 a persoanei fizice. \u00cen astfel de cazuri, FREE PLANET VPN implementeaz\u0103 m\u0103suri de protec\u021bie adecvate pentru a asigura confiden\u021bialitatea, integritatea \u0219i disponibilitatea informa\u021biilor utilizatorilor.<\/p>\n\n\n\n<h3 class=\"wp-block-heading\">4. Protec\u021bia datelor<\/h3>\n\n\n\n<p style=\"margin-bottom:0\" class=\"\">Se implementeaz\u0103 un protocol strict pentru a asigura securitatea tuturor datelor colectate, inclusiv urm\u0103toarele m\u0103suri:<\/p>\n\n\n\n<ul class=\"wp-block-list\">\n<li><strong>Criptare \u0219i controale de acces<\/strong> pentru a proteja integritatea \u0219i confiden\u021bialitatea datelor.<\/li>\n\n\n\n<li>S<strong>isteme de stocare izolate cu acces <\/strong>restric\u021bionat pentru a preveni intrarea neautorizat\u0103.<\/li>\n\n\n\n<li><strong>Audituri periodice \u0219i monitorizare continu\u0103<\/strong> pentru a detecta \u0219i atenua poten\u021bialele riscuri de securitate.<\/li>\n<\/ul>\n\n\n\n<p style=\"margin-bottom:0\" class=\"\">Accesul la date este strict limitat la personalul autorizat, pe baza principiului \u201enecesit\u0103\u021bii de a cunoa\u0219te\u201d. \u00cen cazul unei \u00eenc\u0103lc\u0103ri a securit\u0103\u021bii, utilizatorii afecta\u021bi \u0219i autorit\u0103\u021bile de reglementare relevante vor fi notifica\u021bi prompt, \u00een conformitate cu legisla\u021bia aplicabil\u0103.<\/p>\n\n\n\n<h3 class=\"wp-block-heading\">5. P\u0103strarea \u0219i \u0219tergerea datelor<\/h3>\n\n\n\n<p style=\"margin-bottom:0\" class=\"\">Datele utilizatorilor vor fi p\u0103strate numai pe durata necesar\u0103 pentru furnizarea serviciilor descrise \u00een prezentul document. La \u00eencetarea acestei necesit\u0103\u021bi, toate informa\u021biile vor fi \u0219terse \u00een mod securizat sau anonimizate.<\/p>\n\n\n\n<ul class=\"wp-block-list\">\n<li>\u00cen cazul \u00een care un cont de utilizator este \u0219ters, toate datele asociate vor fi, de asemenea, \u0219terse, cu excep\u021bia cazului \u00een care p\u0103strarea acestora este cerut\u0103 de legisla\u021bia aplicabil\u0103 (inclusiv, dar f\u0103r\u0103 a se limita la, obliga\u021bii fiscale, contabile sau de conformitate cu reglement\u0103rile).<\/li>\n\n\n\n<li>\u00cen circumstan\u021bele \u00een care \u0219tergerea imediat\u0103 nu este posibil\u0103, cum ar fi \u00een timpul procedurilor de backup sau arhivare, datele vor fi izolate \u0219i p\u0103strate \u00een siguran\u021b\u0103 p\u00e2n\u0103 c\u00e2nd se poate executa o metod\u0103 care s\u0103 asigure eliminarea complet\u0103 \u0219i sigur\u0103.<\/li>\n<\/ul>\n\n\n\n<h3 class=\"wp-block-heading\">6. Servicii ter\u021be pe care le utiliz\u0103m<\/h3>\n\n\n\n<p style=\"margin-bottom:0\" class=\"\">Pentru a asigura siguran\u021ba \u0219i fiabilitatea FREE PLANET VPN, colabor\u0103m cu furnizori ter\u021bi selecta\u021bi cu aten\u021bie, inclusiv, dar f\u0103r\u0103 a se limita la:<\/p>\n\n\n\n<ul class=\"wp-block-list\">\n<li><strong>Google Firebase<\/strong> \u2013 rapoarte de erori \u0219i diagnosticare.<\/li>\n\n\n\n<li><strong>Adjust <\/strong>\u2013 analiz\u0103 de aplica\u021bii \u0219i urm\u0103rirea performan\u021bei.<\/li>\n\n\n\n<li><strong>Zendesk <\/strong>\u2013 sistem de asisten\u021b\u0103 pentru clien\u021bi.<\/li>\n\n\n\n<li><strong>Stripe, Airwallex, Payssion, v5pay<\/strong> \u2013 procesarea pl\u0103\u021bilor.<\/li>\n\n\n\n<li><strong>Forter, Rebilly<\/strong> \u2013 detectarea fraudelor \u0219i gestionarea riscurilor.<\/li>\n\n\n\n<li><strong>Admob, Liftoff, InMobi, Unity, Bigo Ads<\/strong> \u2013 parteneri publicitari (pentru versiunea VPN gratuit\u0103).<\/li>\n<\/ul>\n\n\n\n<p style=\"margin-bottom:0\" class=\"\">Ace\u0219ti parteneri pot utiliza cookie-uri sau tehnologii comparabile. Ei nu primesc jurnale de trafic FREE PLANET VPN sau identificatori personali sensibili.<\/p>\n\n\n\n<h3 class=\"wp-block-heading\">7. Drepturile utilizatorului<\/h3>\n\n\n\n<p style=\"margin-bottom:0\" class=\"\">\u00cen conformitate cu legisla\u021bia aplicabil\u0103 \u00een regiunea dvs., pute\u021bi avea dreptul la anumite drepturi cu privire la datele dvs. personale:<\/p>\n\n\n\n<ul class=\"wp-block-list\">\n<li><strong>Acces <\/strong>\u2013 solicita\u021bi o copie a datelor pe care le de\u021binem despre dvs.<\/li>\n\n\n\n<li><strong>Corectare <\/strong>\u2013 actualiza\u021bi sau corecta\u021bi informa\u021biile inexacte.<\/li>\n\n\n\n<li><strong>\u0218tergere <\/strong>\u2013 solicita\u021bi \u0219tergerea definitiv\u0103 a contului dvs. \u0219i a datelor aferente.<\/li>\n\n\n\n<li><strong>Restric\u021bionare\/Obiec\u021bie<\/strong> \u2013 limita\u021bi sau obiecta\u021bi \u00eempotriva anumitor prelucr\u0103ri.<\/li>\n\n\n\n<li><strong>Retragerea consim\u021b\u0103m\u00e2ntului <\/strong>\u2013 opri\u021bi primirea de materiale de marketing sau revoca\u021bi utiliz\u0103rile op\u021bionale ale datelor.<\/li>\n<\/ul>\n\n\n\n<h5 class=\"wp-block-heading\">Pentru utilizatorii din SEE\/Marea Britanie (GDPR):<\/h5>\n\n\n\n<p style=\"margin-bottom:0\" class=\"\">V\u0103 pute\u021bi exercita drepturile \u00een orice moment. Pentru procesarea acestor solicit\u0103ri poate fi necesar\u0103 verificarea identit\u0103\u021bii.<\/p>\n\n\n\n<h5 class=\"wp-block-heading\">Pentru utilizatorii din California (CCPA):<\/h5>\n\n\n\n<p style=\"margin-bottom:0\" class=\"\">Pute\u021bi solicita informa\u021bii cu privire la datele personale pe care le colect\u0103m sau le divulg\u0103m. FREE PLANET VPN nu vinde date personale \u00een niciun caz.<\/p>\n\n\n\n<h3 class=\"wp-block-heading\">8. Confiden\u021bialitatea minorilor<\/h3>\n\n\n\n<p class=\"\">FREE PLANET VPN nu este destinat persoanelor cu v\u00e2rsta sub 13 ani sau sub v\u00e2rsta minim\u0103 legal\u0103 din \u021bara de re\u0219edin\u021b\u0103 a utilizatorului. Nu colect\u0103m \u00een mod inten\u021bionat informa\u021bii personale de la copii.<\/p>\n\n\n\n<p style=\"margin-bottom:0\" class=\"\">\u00cen cazul \u00een care un p\u0103rinte sau tutore consider\u0103 c\u0103 copilul s\u0103u ne-a furnizat informa\u021bii personale, acesta este rugat s\u0103 ne contacteze imediat. Aceste informa\u021bii vor fi \u0219terse \u00een siguran\u021b\u0103 la primirea cererii.<\/p>\n\n\n\n<h3 class=\"wp-block-heading\">9. Modific\u0103ri ale prezentei politici de confiden\u021bialitate<\/h3>\n\n\n\n<p class=\"\">Prezenta politic\u0103 poate fi actualizat\u0103 periodic pentru a reflecta modific\u0103rile legisla\u021biei aplicabile, evolu\u021biile tehnologice sau modific\u0103rile aduse serviciilor furnizate. \u201eData intr\u0103rii \u00een vigoare\u201d va indica \u00eentotdeauna cea mai recent\u0103 versiune.<\/p>\n\n\n\n<p style=\"margin-bottom:0\" class=\"\">Utilizatorii vor fi informa\u021bi cu privire la orice actualiz\u0103ri semnificative prin intermediul aplica\u021biilor companiei, al site-urilor web sau al comunic\u0103rilor prin e-mail.<\/p>\n\n\n\n<h3 class=\"wp-block-heading\">10. Contacta\u021bi-ne<\/h3>\n\n\n\n<p class=\"\">\u00cen cazul \u00een care apar \u00eentreb\u0103ri, nel\u0103muriri sau solicit\u0103ri cu privire la prezenta Politic\u0103 de confiden\u021bialitate, p\u0103r\u021bile interesate sunt invitate s\u0103 contacteze departamentul desemnat prin intermediul datelor de contact furnizate mai jos: <a href=\"mailto:support@freevpnplanet.com\" target=\"_blank\" rel=\"noreferrer noopener\">support@freevpnplanet.com<\/a><\/p>\n\n    <\/div>\n<\/section>\n","protected":false},"excerpt":{"rendered":"","protected":false},"author":13,"featured_media":0,"parent":0,"menu_order":0,"comment_status":"closed","ping_status":"closed","template":"templates\/page-policy.php","meta":{"_acf_changed":false,"inline_featured_image":false,"footnotes":""},"download_by_lite_tag":[],"class_list":["post-99252","page","type-page","status-publish","hentry"],"yoast_head":"<!-- This site is optimized with the Yoast SEO plugin v22.6 - https:\/\/yoast.com\/wordpress\/plugins\/seo\/ -->\n<title>Politica de confiden\u021bialitate - Planet VPN<\/title>\n<meta name=\"description\" content=\"Planet VPN se angajeaz\u0103 s\u0103 protejeze confiden\u021bialitatea dvs. \u00cen aceast\u0103 Politic\u0103 de Confiden\u021bialitate, furniz\u0103m informa\u021bii despre modul \u00een care prelucr\u0103m datele dvs.\" \/>\n<meta name=\"robots\" content=\"index, follow, max-snippet:-1, max-image-preview:large, max-video-preview:-1\" \/>\n<link rel=\"canonical\" href=\"https:\/\/freevpnplanet.com\/ro\/policy\/\" \/>\n<meta property=\"og:locale\" content=\"ro_RO\" \/>\n<meta property=\"og:type\" content=\"article\" \/>\n<meta property=\"og:title\" content=\"Politica de confiden\u021bialitate - Planet VPN\" \/>\n<meta property=\"og:description\" content=\"Planet VPN se angajeaz\u0103 s\u0103 protejeze confiden\u021bialitatea dvs. \u00cen aceast\u0103 Politic\u0103 de Confiden\u021bialitate, furniz\u0103m informa\u021bii despre modul \u00een care prelucr\u0103m datele dvs.\" \/>\n<meta property=\"og:url\" content=\"https:\/\/freevpnplanet.com\/ro\/policy\/\" \/>\n<meta property=\"og:site_name\" content=\"Planet VPN\" \/>\n<meta property=\"article:modified_time\" content=\"2025-11-07T12:00:39+00:00\" \/>\n<meta name=\"twitter:card\" content=\"summary_large_image\" \/>\n<meta name=\"twitter:label1\" content=\"Est. reading time\" \/>\n\t<meta name=\"twitter:data1\" content=\"7 minutes\" \/>\n<script type=\"application\/ld+json\" class=\"yoast-schema-graph\">{\"@context\":\"https:\/\/schema.org\",\"@graph\":[{\"@type\":\"WebPage\",\"@id\":\"https:\/\/freevpnplanet.com\/ro\/policy\/\",\"url\":\"https:\/\/freevpnplanet.com\/ro\/policy\/\",\"name\":\"Politica de confiden\u021bialitate - Planet VPN\",\"isPartOf\":{\"@id\":\"https:\/\/freevpnplanet.com\/ro\/#website\"},\"datePublished\":\"2024-06-13T10:55:50+00:00\",\"dateModified\":\"2025-11-07T12:00:39+00:00\",\"description\":\"Planet VPN se angajeaz\u0103 s\u0103 protejeze confiden\u021bialitatea dvs. \u00cen aceast\u0103 Politic\u0103 de Confiden\u021bialitate, furniz\u0103m informa\u021bii despre modul \u00een care prelucr\u0103m datele dvs.\",\"breadcrumb\":{\"@id\":\"https:\/\/freevpnplanet.com\/ro\/policy\/#breadcrumb\"},\"inLanguage\":\"ro\",\"potentialAction\":[{\"@type\":\"ReadAction\",\"target\":[\"https:\/\/freevpnplanet.com\/ro\/policy\/\"]}]},{\"@type\":\"BreadcrumbList\",\"@id\":\"https:\/\/freevpnplanet.com\/ro\/policy\/#breadcrumb\",\"itemListElement\":[{\"@type\":\"ListItem\",\"position\":1,\"name\":\"Home\",\"item\":\"https:\/\/freevpnplanet.com\/ro\/\"},{\"@type\":\"ListItem\",\"position\":2,\"name\":\"Politica\"}]},{\"@type\":\"WebSite\",\"@id\":\"https:\/\/freevpnplanet.com\/ro\/#website\",\"url\":\"https:\/\/freevpnplanet.com\/ro\/\",\"name\":\"Planet VPN \ud83d\udee1\ufe0f\ud83c\udf10 Free VPN\",\"description\":\"Free VPN\",\"potentialAction\":[{\"@type\":\"SearchAction\",\"target\":{\"@type\":\"EntryPoint\",\"urlTemplate\":\"https:\/\/freevpnplanet.com\/ro\/?s={search_term_string}\"},\"query-input\":\"required name=search_term_string\"}],\"inLanguage\":\"ro\",\"publisher\":{\"@id\":\"https:\/\/freevpnplanet.com\/ro\/#organization\"}},{\"@context\":\"https:\/\/schema.org\/\",\"@type\":\"SoftwareApplication\",\"name\":\"Planet VPN \ud83d\udee1\ufe0f\ud83c\udf10 Free VPN\",\"operatingSystem\":\"Windows, macOS, iOS, Android, Linux, Chrome\",\"applicationCategory\":\"SecurityApplication\",\"offers\":{\"@type\":\"AggregateOffer\",\"priceCurrency\":\"USD\",\"price\":\"0\",\"lowPrice\":\"0\",\"availability\":\"https:\/\/schema.org\/InStock\"},\"aggregateRating\":{\"@type\":\"AggregateRating\",\"ratingValue\":\"4.8\",\"bestRating\":\"5\",\"ratingCount\":\"12476\"}},{\"@type\":\"Organization\",\"@id\":\"https:\/\/freevpnplanet.com\/ro\/#organization\",\"url\":\"https:\/\/freevpnplanet.com\/ro\/\",\"name\":\"Planet VPN \ud83d\udee1\ufe0f\ud83c\udf10 Free VPN\"}]}<\/script>\n<!-- \/ Yoast SEO plugin. -->","yoast_head_json":{"title":"Politica de confiden\u021bialitate - Planet VPN","description":"Planet VPN se angajeaz\u0103 s\u0103 protejeze confiden\u021bialitatea dvs. \u00cen aceast\u0103 Politic\u0103 de Confiden\u021bialitate, furniz\u0103m informa\u021bii despre modul \u00een care prelucr\u0103m datele dvs.","robots":{"index":"index","follow":"follow","max-snippet":"max-snippet:-1","max-image-preview":"max-image-preview:large","max-video-preview":"max-video-preview:-1"},"canonical":"https:\/\/freevpnplanet.com\/ro\/policy\/","og_locale":"ro_RO","og_type":"article","og_title":"Politica de confiden\u021bialitate - Planet VPN","og_description":"Planet VPN se angajeaz\u0103 s\u0103 protejeze confiden\u021bialitatea dvs. \u00cen aceast\u0103 Politic\u0103 de Confiden\u021bialitate, furniz\u0103m informa\u021bii despre modul \u00een care prelucr\u0103m datele dvs.","og_url":"https:\/\/freevpnplanet.com\/ro\/policy\/","og_site_name":"Planet VPN","article_modified_time":"2025-11-07T12:00:39+00:00","twitter_card":"summary_large_image","twitter_misc":{"Est. reading time":"7 minutes"},"schema":{"@context":"https:\/\/schema.org","@graph":[{"@type":"WebPage","@id":"https:\/\/freevpnplanet.com\/ro\/policy\/","url":"https:\/\/freevpnplanet.com\/ro\/policy\/","name":"Politica de confiden\u021bialitate - Planet VPN","isPartOf":{"@id":"https:\/\/freevpnplanet.com\/ro\/#website"},"datePublished":"2024-06-13T10:55:50+00:00","dateModified":"2025-11-07T12:00:39+00:00","description":"Planet VPN se angajeaz\u0103 s\u0103 protejeze confiden\u021bialitatea dvs. \u00cen aceast\u0103 Politic\u0103 de Confiden\u021bialitate, furniz\u0103m informa\u021bii despre modul \u00een care prelucr\u0103m datele dvs.","breadcrumb":{"@id":"https:\/\/freevpnplanet.com\/ro\/policy\/#breadcrumb"},"inLanguage":"ro","potentialAction":[{"@type":"ReadAction","target":["https:\/\/freevpnplanet.com\/ro\/policy\/"]}]},{"@type":"BreadcrumbList","@id":"https:\/\/freevpnplanet.com\/ro\/policy\/#breadcrumb","itemListElement":[{"@type":"ListItem","position":1,"name":"Home","item":"https:\/\/freevpnplanet.com\/ro\/"},{"@type":"ListItem","position":2,"name":"Politica"}]},{"@type":"WebSite","@id":"https:\/\/freevpnplanet.com\/ro\/#website","url":"https:\/\/freevpnplanet.com\/ro\/","name":"Planet VPN \ud83d\udee1\ufe0f\ud83c\udf10 Free VPN","description":"Free VPN","potentialAction":[{"@type":"SearchAction","target":{"@type":"EntryPoint","urlTemplate":"https:\/\/freevpnplanet.com\/ro\/?s={search_term_string}"},"query-input":"required name=search_term_string"}],"inLanguage":"ro","publisher":{"@id":"https:\/\/freevpnplanet.com\/ro\/#organization"}},{"@context":"https:\/\/schema.org\/","@type":"SoftwareApplication","name":"Planet VPN \ud83d\udee1\ufe0f\ud83c\udf10 Free VPN","operatingSystem":"Windows, macOS, iOS, Android, Linux, Chrome","applicationCategory":"SecurityApplication","offers":{"@type":"AggregateOffer","priceCurrency":"USD","price":"0","lowPrice":"0","availability":"https:\/\/schema.org\/InStock"},"aggregateRating":{"@type":"AggregateRating","ratingValue":"4.8","bestRating":"5","ratingCount":"12476"}},{"@type":"Organization","@id":"https:\/\/freevpnplanet.com\/ro\/#organization","url":"https:\/\/freevpnplanet.com\/ro\/","name":"Planet VPN \ud83d\udee1\ufe0f\ud83c\udf10 Free VPN"}]}},"acf":[],"_links":{"self":[{"href":"https:\/\/freevpnplanet.com\/ro\/wp-json\/wp\/v2\/pages\/99252","targetHints":{"allow":["GET"]}}],"collection":[{"href":"https:\/\/freevpnplanet.com\/ro\/wp-json\/wp\/v2\/pages"}],"about":[{"href":"https:\/\/freevpnplanet.com\/ro\/wp-json\/wp\/v2\/types\/page"}],"author":[{"embeddable":true,"href":"https:\/\/freevpnplanet.com\/ro\/wp-json\/wp\/v2\/users\/13"}],"replies":[{"embeddable":true,"href":"https:\/\/freevpnplanet.com\/ro\/wp-json\/wp\/v2\/comments?post=99252"}],"version-history":[{"count":5,"href":"https:\/\/freevpnplanet.com\/ro\/wp-json\/wp\/v2\/pages\/99252\/revisions"}],"predecessor-version":[{"id":187518,"href":"https:\/\/freevpnplanet.com\/ro\/wp-json\/wp\/v2\/pages\/99252\/revisions\/187518"}],"wp:attachment":[{"href":"https:\/\/freevpnplanet.com\/ro\/wp-json\/wp\/v2\/media?parent=99252"}],"wp:term":[{"taxonomy":"download_by_lite_tag","embeddable":true,"href":"https:\/\/freevpnplanet.com\/ro\/wp-json\/wp\/v2\/download_by_lite_tag?post=99252"}],"curies":[{"name":"wp","href":"https:\/\/api.w.org\/{rel}","templated":true}]}}