{"id":99293,"date":"2024-05-31T15:55:49","date_gmt":"2024-05-31T12:55:49","guid":{"rendered":"https:\/\/help.freeplanetvpn.com\/password-generator\/"},"modified":"2026-01-20T15:55:49","modified_gmt":"2026-01-20T12:55:49","slug":"password-generator","status":"publish","type":"page","link":"https:\/\/freevpnplanet.com\/ro\/password-generator\/","title":{"rendered":"Password generator"},"content":{"rendered":"\n<section class=\"tools-hero\">\n  <div class=\"tools-hero__inner container\">\n\n    <div class=\"password-generator__wrapper\">\n      <div class=\"password-generator\">\n                  <div class=\"password-generator__text\"><h1 class=\"passGen-title\">Generator de parole online &#8211; sigur, aleatoriu \u0219i puternic<\/h1>\n<p class=\"passGen-description\">Genera\u021bi o parol\u0103 puternic\u0103 cu generatorul nostru de parole. Nu am\u00e2na\u021bi, reduce\u021bi riscurile de securitate prin generarea unei parole puternice.<\/p><\/div>\n        \n        <div class=\"password-generator__result\">\n          <div class=\"password-generator__password\">\n            <input id=\"password\" type=\"text\" class=\"password-generator__input\" readonly>\n            <button id=\"qa-generate-password\" type=\"button\" class=\"password-generator__generate\" aria-label=\"Genera\u021bi\"><\/button>\n            <button id=\"qa-copy-password\" type=\"button\" class=\"password-generator__copy\" aria-label=\"Copia\u021bi\"><\/button>\n          <\/div>\n\n          <div id=\"qa-copied-message\" class=\"password-generator__msg\"><\/div>\n          <script>\n            window.success_copied_message = '';\n            window.error_copied_message = '';\n          <\/script>\n          <div class=\"password-generator__power\">\n            <span>Slab<\/span>\n            <span>Puternic<\/span>\n            <b class=\"password-generator__power-line\" style=\"--width:0\"><\/b>\n          <\/div>\n        <\/div>\n\n        <form name=\"passwordGenerator\" method=\"post\" action=\"\" class=\"password-generator__form\">\n          <h2>Configura\u021bii<\/h2>\n          <div class=\"password-generator__characters\">\n            <b>Tip de caracter<\/b>\n            <label>\n              <input id=\"upperCaseCheckBox\" type=\"checkbox\" name=\"lettersUppercase\" checked \/>\n              <span>Majuscule<\/span>\n            <\/label>\n            <label>\n              <input id=\"lowerCaseCheckBox\" type=\"checkbox\" name=\"lettersLowercase\" checked \/>\n              <span>Minuscule<\/span>\n            <\/label>\n          <\/div>\n\n          <div class=\"password-generator__slider\">\n            <b>Lungime <span class=\"password-generator__lengthValue-span\">12<\/span><\/b>\n            <label>\n              <input id=\"qa-length\" type=\"range\" min=\"6\" max=\"20\" value=\"12\" name=\"lengthValue\" \/>\n            <\/label>\n          <\/div>\n\n          <div class=\"password-generator__slider\">\n            <b>Cifre <span class=\"password-generator__digitsValue-span\">4<\/span><\/b>\n            <label>\n              <input id=\"qa-digits\" type=\"range\" min=\"0\" max=\"20\" value=\"4\" name=\"digitsValue\" \/>\n            <\/label>\n          <\/div>\n\n          <div class=\"password-generator__slider\">\n            <b>Simboluri <span class=\"password-generator__symbolsValue-span\">2<\/span><\/b>\n            <label>\n              <input id=\"qa-symbols\" type=\"range\" min=\"0\" max=\"20\" value=\"2\" name=\"symbolsValue\" \/>\n            <\/label>\n          <\/div>\n\n        <\/form>\n      <\/div>\n\n    <\/div>\n  <\/div>\n\n  <div class=\"tools-hero__menu\"><ul id=\"menu-tools-menu-romanian\" class=\"menu\"><li id=\"menu-item-117475\" class=\"menu-item menu-item-type-post_type menu-item-object-page menu-item-117475\"><a href=\"https:\/\/freevpnplanet.com\/ro\/dns-check\/\">Test de scurgere DNS<\/a><\/li>\n<li id=\"menu-item-117476\" class=\"menu-item menu-item-type-post_type menu-item-object-page menu-item-117476\"><a href=\"https:\/\/freevpnplanet.com\/ro\/web-rtc\/\">Test de scurgere WebRTC<\/a><\/li>\n<li id=\"menu-item-117504\" class=\"menu-item menu-item-type-post_type menu-item-object-page menu-item-117504\"><a href=\"https:\/\/freevpnplanet.com\/ro\/virus-scan\/\">Scanare de viru\u0219i<\/a><\/li>\n<li id=\"menu-item-117505\" class=\"menu-item menu-item-type-post_type menu-item-object-page menu-item-117505\"><a href=\"https:\/\/freevpnplanet.com\/ro\/ip-check\/\">Care este IP-ul meu?<\/a><\/li>\n<li id=\"menu-item-117506\" class=\"menu-item menu-item-type-post_type menu-item-object-page menu-item-117506\"><a href=\"https:\/\/freevpnplanet.com\/ro\/password-generator\/\">Generator de parole<\/a><\/li>\n<\/ul><\/div>\n<\/section>\n\n<section class=\"two-col-content custom-block align-full  rtl ratio-normal text image-visible-on-mobile-no\" style='--background-color:var(--background-blue)'>\n\n    <div class=\"gutenberg-block-background\"><\/div>\n    <div class=\"two-col-content__container inner-container\">\n        \n                    <div class=\"two-col-content__description\"><p>Generatorul de parole online este un instrument gratuit pentru a crea parole unice \u0219i dificile. Perfect pentru cei care doresc s\u0103 aib\u0103 o parol\u0103 dificil\u0103 pentru a se \u00eenregistra pe site, \u00een magazinul online sau \u00een diverse servicii online.<\/p>\n<p>De asemenea, pute\u021bi configura parola doar pentru dumneavoastr\u0103, folosind diferite set\u0103ri. Toate parolele sunt generate aleatoriu, ceea ce asigur\u0103 o securitate ridicat\u0103.<\/p>\n<p>Folosi\u021bi generatorul nostru pentru a crea o parol\u0103 puternic\u0103. Mai \u00eent\u00e2i, seta\u021bi lungimea parolei (v\u0103 recomand\u0103m cel pu\u021bin 8 caractere), apoi alege\u021bi dificultatea parolei. Verifica\u021bi dac\u0103 vor fi folosite doar majuscule sau \u0219i minuscule. Specifica\u021bi c\u00e2te numere vor fi \u00een parol\u0103 \u0219i c\u00e2te alte caractere, dac\u0103 sunt necesare. Generatorul nostru de parole online va genera automat \u0219i aleatoriu o parol\u0103 \u00een func\u021bie de parametrii dvs. \u0219i va trebui doar s\u0103 o copia\u021bi.<\/p>\n<p>Dac\u0103 brusc parola vi s-a p\u0103rut de neuitat sau pur \u0219i simplu nu se potrive\u0219te, pute\u021bi oric\u00e2nd s\u0103 face\u021bi clic pe butonul de generare a unei noi parole sau s\u0103 modifica\u021bi set\u0103rile.<\/p>\n<blockquote>\n<p>V\u0103 rug\u0103m s\u0103 re\u021bine\u021bi: parola este generat\u0103 pe dispozitivul dvs., astfel \u00eenc\u00e2t nici noi nu o putem cunoa\u0219te. \u0218i pentru ca nimeni s\u0103 nu v\u0103 poat\u0103 intercepta parola puternic\u0103 \u00een re\u021bea atunci c\u00e2nd o introduce\u021bi pe orice site, utiliza\u021bi serviciul nostru VPN cu criptare puternic\u0103.<\/p>\n<\/blockquote><\/div>\n        \n                                    <h2 class=\"two-col-content__text\">CUM S\u0102 CREA\u021aI O PAROL\u0102 PUTERNIC\u0102?<\/h2>\n                    \n            <\/div>\n<\/section>","protected":false},"excerpt":{"rendered":"","protected":false},"author":13,"featured_media":0,"parent":0,"menu_order":0,"comment_status":"closed","ping_status":"closed","template":"templates\/page_template-basic_for_gutenberg.php","meta":{"_acf_changed":false,"inline_featured_image":false,"footnotes":""},"download_by_lite_tag":[],"class_list":["post-99293","page","type-page","status-publish","hentry"],"yoast_head":"<!-- This site is optimized with the Yoast SEO plugin v22.6 - https:\/\/yoast.com\/wordpress\/plugins\/seo\/ -->\n<title>Generator de parole - parol\u0103 aleatoare \u0219i puternic\u0103 - Planet VPN<\/title>\n<meta name=\"description\" content=\"Genera\u021bi o parol\u0103 puternic\u0103 cu generatorul nostru de parole. Nu am\u00e2na\u021bi, reduce\u021bi riscurile de securitate gener\u00e2nd o parol\u0103 puternic\u0103.\" \/>\n<meta name=\"robots\" content=\"index, follow, max-snippet:-1, max-image-preview:large, max-video-preview:-1\" \/>\n<link rel=\"canonical\" href=\"https:\/\/freevpnplanet.com\/ro\/password-generator\/\" \/>\n<meta property=\"og:locale\" content=\"ro_RO\" \/>\n<meta property=\"og:type\" content=\"article\" \/>\n<meta property=\"og:title\" content=\"Generator de parole - parol\u0103 aleatoare \u0219i puternic\u0103 - Planet VPN\" \/>\n<meta property=\"og:description\" content=\"Genera\u021bi o parol\u0103 puternic\u0103 cu generatorul nostru de parole. Nu am\u00e2na\u021bi, reduce\u021bi riscurile de securitate gener\u00e2nd o parol\u0103 puternic\u0103.\" \/>\n<meta property=\"og:url\" content=\"https:\/\/freevpnplanet.com\/ro\/password-generator\/\" \/>\n<meta property=\"og:site_name\" content=\"Planet VPN\" \/>\n<meta property=\"article:modified_time\" content=\"2026-01-20T12:55:49+00:00\" \/>\n<meta name=\"twitter:card\" content=\"summary_large_image\" \/>\n<script type=\"application\/ld+json\" class=\"yoast-schema-graph\">{\"@context\":\"https:\/\/schema.org\",\"@graph\":[{\"@type\":\"WebPage\",\"@id\":\"https:\/\/freevpnplanet.com\/ro\/password-generator\/\",\"url\":\"https:\/\/freevpnplanet.com\/ro\/password-generator\/\",\"name\":\"Generator de parole - parol\u0103 aleatoare \u0219i puternic\u0103 - Planet VPN\",\"isPartOf\":{\"@id\":\"https:\/\/freevpnplanet.com\/ro\/#website\"},\"datePublished\":\"2024-05-31T12:55:49+00:00\",\"dateModified\":\"2026-01-20T12:55:49+00:00\",\"description\":\"Genera\u021bi o parol\u0103 puternic\u0103 cu generatorul nostru de parole. Nu am\u00e2na\u021bi, reduce\u021bi riscurile de securitate gener\u00e2nd o parol\u0103 puternic\u0103.\",\"breadcrumb\":{\"@id\":\"https:\/\/freevpnplanet.com\/ro\/password-generator\/#breadcrumb\"},\"inLanguage\":\"ro\",\"potentialAction\":[{\"@type\":\"ReadAction\",\"target\":[\"https:\/\/freevpnplanet.com\/ro\/password-generator\/\"]}]},{\"@type\":\"BreadcrumbList\",\"@id\":\"https:\/\/freevpnplanet.com\/ro\/password-generator\/#breadcrumb\",\"itemListElement\":[{\"@type\":\"ListItem\",\"position\":1,\"name\":\"Home\",\"item\":\"https:\/\/freevpnplanet.com\/ro\/\"},{\"@type\":\"ListItem\",\"position\":2,\"name\":\"Password generator\"}]},{\"@type\":\"WebSite\",\"@id\":\"https:\/\/freevpnplanet.com\/ro\/#website\",\"url\":\"https:\/\/freevpnplanet.com\/ro\/\",\"name\":\"Planet VPN \ud83d\udee1\ufe0f\ud83c\udf10 Free VPN\",\"description\":\"Free VPN\",\"potentialAction\":[{\"@type\":\"SearchAction\",\"target\":{\"@type\":\"EntryPoint\",\"urlTemplate\":\"https:\/\/freevpnplanet.com\/ro\/?s={search_term_string}\"},\"query-input\":\"required name=search_term_string\"}],\"inLanguage\":\"ro\",\"publisher\":{\"@id\":\"https:\/\/freevpnplanet.com\/ro\/#organization\"}},{\"@context\":\"https:\/\/schema.org\/\",\"@type\":\"SoftwareApplication\",\"name\":\"Planet VPN \ud83d\udee1\ufe0f\ud83c\udf10 Free VPN\",\"operatingSystem\":\"Windows, macOS, iOS, Android, Linux, Chrome\",\"applicationCategory\":\"SecurityApplication\",\"offers\":{\"@type\":\"AggregateOffer\",\"priceCurrency\":\"USD\",\"price\":\"0\",\"lowPrice\":\"0\",\"availability\":\"https:\/\/schema.org\/InStock\"},\"aggregateRating\":{\"@type\":\"AggregateRating\",\"ratingValue\":\"4.8\",\"bestRating\":\"5\",\"ratingCount\":\"12476\"}},{\"@type\":\"Organization\",\"@id\":\"https:\/\/freevpnplanet.com\/ro\/#organization\",\"url\":\"https:\/\/freevpnplanet.com\/ro\/\",\"name\":\"Planet VPN \ud83d\udee1\ufe0f\ud83c\udf10 Free VPN\"}]}<\/script>\n<!-- \/ Yoast SEO plugin. -->","yoast_head_json":{"title":"Generator de parole - parol\u0103 aleatoare \u0219i puternic\u0103 - Planet VPN","description":"Genera\u021bi o parol\u0103 puternic\u0103 cu generatorul nostru de parole. Nu am\u00e2na\u021bi, reduce\u021bi riscurile de securitate gener\u00e2nd o parol\u0103 puternic\u0103.","robots":{"index":"index","follow":"follow","max-snippet":"max-snippet:-1","max-image-preview":"max-image-preview:large","max-video-preview":"max-video-preview:-1"},"canonical":"https:\/\/freevpnplanet.com\/ro\/password-generator\/","og_locale":"ro_RO","og_type":"article","og_title":"Generator de parole - parol\u0103 aleatoare \u0219i puternic\u0103 - Planet VPN","og_description":"Genera\u021bi o parol\u0103 puternic\u0103 cu generatorul nostru de parole. Nu am\u00e2na\u021bi, reduce\u021bi riscurile de securitate gener\u00e2nd o parol\u0103 puternic\u0103.","og_url":"https:\/\/freevpnplanet.com\/ro\/password-generator\/","og_site_name":"Planet VPN","article_modified_time":"2026-01-20T12:55:49+00:00","twitter_card":"summary_large_image","schema":{"@context":"https:\/\/schema.org","@graph":[{"@type":"WebPage","@id":"https:\/\/freevpnplanet.com\/ro\/password-generator\/","url":"https:\/\/freevpnplanet.com\/ro\/password-generator\/","name":"Generator de parole - parol\u0103 aleatoare \u0219i puternic\u0103 - Planet VPN","isPartOf":{"@id":"https:\/\/freevpnplanet.com\/ro\/#website"},"datePublished":"2024-05-31T12:55:49+00:00","dateModified":"2026-01-20T12:55:49+00:00","description":"Genera\u021bi o parol\u0103 puternic\u0103 cu generatorul nostru de parole. Nu am\u00e2na\u021bi, reduce\u021bi riscurile de securitate gener\u00e2nd o parol\u0103 puternic\u0103.","breadcrumb":{"@id":"https:\/\/freevpnplanet.com\/ro\/password-generator\/#breadcrumb"},"inLanguage":"ro","potentialAction":[{"@type":"ReadAction","target":["https:\/\/freevpnplanet.com\/ro\/password-generator\/"]}]},{"@type":"BreadcrumbList","@id":"https:\/\/freevpnplanet.com\/ro\/password-generator\/#breadcrumb","itemListElement":[{"@type":"ListItem","position":1,"name":"Home","item":"https:\/\/freevpnplanet.com\/ro\/"},{"@type":"ListItem","position":2,"name":"Password generator"}]},{"@type":"WebSite","@id":"https:\/\/freevpnplanet.com\/ro\/#website","url":"https:\/\/freevpnplanet.com\/ro\/","name":"Planet VPN \ud83d\udee1\ufe0f\ud83c\udf10 Free VPN","description":"Free VPN","potentialAction":[{"@type":"SearchAction","target":{"@type":"EntryPoint","urlTemplate":"https:\/\/freevpnplanet.com\/ro\/?s={search_term_string}"},"query-input":"required name=search_term_string"}],"inLanguage":"ro","publisher":{"@id":"https:\/\/freevpnplanet.com\/ro\/#organization"}},{"@context":"https:\/\/schema.org\/","@type":"SoftwareApplication","name":"Planet VPN \ud83d\udee1\ufe0f\ud83c\udf10 Free VPN","operatingSystem":"Windows, macOS, iOS, Android, Linux, Chrome","applicationCategory":"SecurityApplication","offers":{"@type":"AggregateOffer","priceCurrency":"USD","price":"0","lowPrice":"0","availability":"https:\/\/schema.org\/InStock"},"aggregateRating":{"@type":"AggregateRating","ratingValue":"4.8","bestRating":"5","ratingCount":"12476"}},{"@type":"Organization","@id":"https:\/\/freevpnplanet.com\/ro\/#organization","url":"https:\/\/freevpnplanet.com\/ro\/","name":"Planet VPN \ud83d\udee1\ufe0f\ud83c\udf10 Free VPN"}]}},"acf":[],"_links":{"self":[{"href":"https:\/\/freevpnplanet.com\/ro\/wp-json\/wp\/v2\/pages\/99293","targetHints":{"allow":["GET"]}}],"collection":[{"href":"https:\/\/freevpnplanet.com\/ro\/wp-json\/wp\/v2\/pages"}],"about":[{"href":"https:\/\/freevpnplanet.com\/ro\/wp-json\/wp\/v2\/types\/page"}],"author":[{"embeddable":true,"href":"https:\/\/freevpnplanet.com\/ro\/wp-json\/wp\/v2\/users\/13"}],"replies":[{"embeddable":true,"href":"https:\/\/freevpnplanet.com\/ro\/wp-json\/wp\/v2\/comments?post=99293"}],"version-history":[{"count":1,"href":"https:\/\/freevpnplanet.com\/ro\/wp-json\/wp\/v2\/pages\/99293\/revisions"}],"predecessor-version":[{"id":189489,"href":"https:\/\/freevpnplanet.com\/ro\/wp-json\/wp\/v2\/pages\/99293\/revisions\/189489"}],"wp:attachment":[{"href":"https:\/\/freevpnplanet.com\/ro\/wp-json\/wp\/v2\/media?parent=99293"}],"wp:term":[{"taxonomy":"download_by_lite_tag","embeddable":true,"href":"https:\/\/freevpnplanet.com\/ro\/wp-json\/wp\/v2\/download_by_lite_tag?post=99293"}],"curies":[{"name":"wp","href":"https:\/\/api.w.org\/{rel}","templated":true}]}}