{"id":99417,"date":"2024-06-13T13:50:50","date_gmt":"2024-06-13T10:50:50","guid":{"rendered":"https:\/\/help.freeplanetvpn.com\/refund\/"},"modified":"2026-03-13T15:29:27","modified_gmt":"2026-03-13T12:29:27","slug":"refund","status":"publish","type":"page","link":"https:\/\/freevpnplanet.com\/ro\/refund\/","title":{"rendered":"Ramburs\u0103ri"},"content":{"rendered":"\n<div class=\"container-box custom-block align-none \" style=''>\n\n    <div class=\"gutenberg-block-background\"><\/div>\n    <div class=\"container-box__inner inner-container\">\n        \n\n<div class=\"wp-block-columns are-vertically-aligned-center is-layout-flex wp-container-core-columns-is-layout-1 wp-block-columns-is-layout-flex row-gap--20 stack-breakpoint--768\">\n<div class=\"wp-block-column is-vertically-aligned-center is-layout-flow wp-block-column-is-layout-flow\" style=\"flex-basis:66%\">\n<h1 class=\"wp-block-heading has-x-large-font-size\">Politica de rambursare<\/h1>\n\n\n\n<p class=\"has-dark-blue-3-color has-text-color has-link-color wp-elements-4d98d305ef23ba27bd547dad1565f31e\">Ultima actualizare 13 martie 2026<\/p>\n\n\n\n<h2 class=\"wp-block-heading\">Depanare<\/h2>\n\n\n\n<p class=\"\">Dac\u0103 nu sunte\u021bi mul\u021bumit de serviciul VPN, v\u0103 rug\u0103m s\u0103 ne informa\u021bi prin e-mail la <a href=\"mailto:support@freevpnplanet.com\">support@freevpnplanet.com<\/a>. Rezolv\u0103m majoritatea problemelor de configurare a serviciului care pot \u00eempiedica serviciile pentru dvs. Exist\u0103 o practic\u0103 de succes conform c\u0103reia noi rezolv\u0103m mai \u00eent\u00e2i o problem\u0103 pe care o \u00eent\u00e2mpina\u021bi dumneavoastr\u0103.<\/p>\n<\/div>\n\n\n\n<div class=\"wp-block-column is-vertically-aligned-center is-layout-flow wp-block-column-is-layout-flow\">\n<figure class=\"wp-block-image alignright size-large\"><img decoding=\"async\" width=\"196\" height=\"249\" src=\"https:\/\/freevpnplanet.com\/wp-content\/uploads\/2024\/06\/rvpn-refund.94efaa9-20240613_135146_986598.svg\" alt=\"\" class=\"wp-image-94623\"\/><\/figure>\n<\/div>\n<\/div>\n\n\n\n<h2 class=\"wp-block-heading\">Condi\u021bii de rambursare<\/h2>\n\n\n\n<p class=\"\">Utilizatorii au dreptul de a se retrage din contract \u00een termen de 14 zile de la \u00eencheierea acestuia. Pute\u021bi solicita o rambursare contact\u00e2nd echipa noastr\u0103 de suport la adresa <a>support@freevpnplanet.com<\/a>. Pentru a ini\u021bia o cerere de rambursare, trebuie s\u0103 r\u0103spunde\u021bi la e-mailul echipei de suport \u00een termen de 7 zile calendaristice. V\u0103 rug\u0103m s\u0103 a\u0219tepta\u021bi un e-mail de confirmare din partea reprezentantului nostru de suport cu privire la rambursarea dvs. Indica\u021bi clar motivul cererii de rambursare pentru a facilita procesul de revizuire. Cererile de rambursare f\u0103r\u0103 un motiv specificat nu vor fi luate \u00een considerare.<\/p>\n\n\n\n<p class=\"\">Acest drept nu se aplic\u0103 dac\u0103 serviciul a fost prestat integral \u00een conformitate cu <a href=\"\/ro\/terms\/\">Termenii de utilizare<\/a> (Sec\u021biunea 6). Dac\u0103 este aprobat\u0103, rambursarea va fi procesat\u0103 \u00een termen de 14 zile folosind metoda de plat\u0103 original\u0103.<\/p>\n\n\n\n<p class=\"\">Pentru pl\u0103\u021bile efectuate \u00een criptomoned\u0103, \u00een general nu emitem ramburs\u0103ri \u00een criptomoned\u0103 din cauza cerin\u021belor de prevenire a sp\u0103l\u0103rii banilor \u0219i a fraudei \u0219i deoarece tranzac\u021biile cu criptomonede sunt ireversibile. Dac\u0103 o rambursare este aprobat\u0103, aceasta va fi procesat\u0103 exclusiv prin transfer bancar. Pentru procesarea ramburs\u0103rii trebuie s\u0103 furniza\u021bi detaliile bancare complete (nume complet, IBAN, SWIFT\/BIC, numele \u0219i adresa b\u0103ncii). Suma rambursat\u0103 \u00een moned\u0103 fiat va fi calculat\u0103 pe baza sumei pl\u0103\u021bii ini\u021biale convertite la cursul de schimb din ziua primirii pl\u0103\u021bii, minus orice taxe aplicabile.<\/p>\n\n\n\n<p class=\"\">Nu suntem responsabili pentru fluctua\u021biile cursului criptomonedelor \u00eentre data pl\u0103\u021bii \u0219i data ramburs\u0103rii. \u00cen cazul \u00eentreruperilor serviciului la nivelul furnizorului sau al autorit\u0103\u021bilor guvernamentale, nu se acord\u0103 ramburs\u0103ri.<br><br>Pl\u0103\u021bile efectuate prin re\u00eennoirea automat\u0103 a abonamentului nu sunt rambursabile. Dup\u0103 aprobarea ramburs\u0103rii, ve\u021bi putea utiliza \u00een continuare serverele gratuite, \u00eens\u0103 accesul la loca\u021biile premium va fi revocat imediat.<br><\/p>\n\n\n\n<h5 class=\"wp-block-heading\">Achizi\u021bii \u00een aplica\u021bie<\/h5>\n\n\n\n<p class=\"\">Achizi\u021biile &#8220;\u00een aplica\u021bie&#8221;, fiind efectuate prin intermediul iTunes\/App Store \u0219i Google Play Market, sunt supuse politicilor de rambursare iTunes\/App Store sau Google Play Market. V\u0103 rug\u0103m s\u0103 contacta\u021bi direct suportul magazinului. V\u0103 rug\u0103m s\u0103 fi\u021bi informat c\u0103 anularea abonamentului \u00een iTunes\/App Store sau Google Play Market nu \u00eenseamn\u0103 rambursare. Nu ezita\u021bi s\u0103 afla\u021bi mai multe detalii de la suportul magazinului, atunci c\u00e2nd anula\u021bi o astfel de achizi\u021bie.<\/p>\n\n\n\n<p class=\"\">V\u0103 rug\u0103m s\u0103 re\u021bine\u021bi c\u0103 achizi\u021biile efectuate cu Telegram Stars pentru Planet VPN nu sunt rambursabile.<\/p>\n\n\n\n<h5 class=\"wp-block-heading\">Anularea abonamentului<\/h5>\n\n\n\n<p class=\"\">V\u0103 pute\u021bi anula abonamentul Premium \u00een orice moment. \u00cen cazul \u00een care abonamentul este emis cu re\u00eennoire automat\u0103, \u00eel pute\u021bi anula singur prin intermediul contului personal de pe site sau contact\u00e2nd echipa noastr\u0103 de asisten\u021b\u0103 la <a href=\"mailto:support@freevpnplanet.com\">support@freevpnplanet.com<\/a> cu o notificare de anulare a abonamentului, cu cel pu\u021bin 24 de ore \u00eenainte de urm\u0103torul termen de debit. Sunte\u021bi de acord s\u0103 fi\u021bi politicos \u0219i prietenos atunci c\u00e2nd comunica\u021bi cu echipa noastr\u0103 de asisten\u021b\u0103 prin e-mail sau prin chat online. \u00cen cazul \u00een care consider\u0103m c\u0103 ave\u021bi un comportament amenin\u021b\u0103tor sau ofensator, ne rezerv\u0103m dreptul de a v\u0103 pune imediat pe lista neagr\u0103 \u0219i de a v\u0103 bloca accesul la chat.<\/p>\n\n\n    <\/div>\n\n<\/div>\n","protected":false},"excerpt":{"rendered":"","protected":false},"author":13,"featured_media":0,"parent":0,"menu_order":0,"comment_status":"closed","ping_status":"closed","template":"templates\/page_template-basic_for_gutenberg.php","meta":{"_acf_changed":false,"inline_featured_image":false,"footnotes":""},"download_by_lite_tag":[],"class_list":["post-99417","page","type-page","status-publish","hentry"],"yoast_head":"<!-- This site is optimized with the Yoast SEO plugin v22.6 - https:\/\/yoast.com\/wordpress\/plugins\/seo\/ -->\n<title>Ramburs\u0103ri<\/title>\n<meta name=\"description\" content=\"Cel mai bun VPN de la Planet VPN - Ramburs\u0103ri\" \/>\n<meta name=\"robots\" content=\"index, follow, max-snippet:-1, max-image-preview:large, max-video-preview:-1\" \/>\n<link rel=\"canonical\" href=\"https:\/\/freevpnplanet.com\/ro\/refund\/\" \/>\n<meta property=\"og:locale\" content=\"ro_RO\" \/>\n<meta property=\"og:type\" content=\"article\" \/>\n<meta property=\"og:title\" content=\"Ramburs\u0103ri\" \/>\n<meta property=\"og:description\" content=\"Cel mai bun VPN de la Planet VPN - Ramburs\u0103ri\" \/>\n<meta property=\"og:url\" content=\"https:\/\/freevpnplanet.com\/ro\/refund\/\" \/>\n<meta property=\"og:site_name\" content=\"Planet VPN\" \/>\n<meta property=\"article:modified_time\" content=\"2026-03-13T12:29:27+00:00\" \/>\n<meta property=\"og:image\" content=\"https:\/\/freevpnplanet.com\/wp-content\/uploads\/2024\/06\/rvpn-refund.94efaa9-20240613_135146_986598.svg\" \/>\n<meta name=\"twitter:card\" content=\"summary_large_image\" \/>\n<meta name=\"twitter:label1\" content=\"Est. reading time\" \/>\n\t<meta name=\"twitter:data1\" content=\"3 minutes\" \/>\n<script type=\"application\/ld+json\" class=\"yoast-schema-graph\">{\"@context\":\"https:\/\/schema.org\",\"@graph\":[{\"@type\":\"WebPage\",\"@id\":\"https:\/\/freevpnplanet.com\/ro\/refund\/\",\"url\":\"https:\/\/freevpnplanet.com\/ro\/refund\/\",\"name\":\"Ramburs\u0103ri\",\"isPartOf\":{\"@id\":\"https:\/\/freevpnplanet.com\/ro\/#website\"},\"primaryImageOfPage\":{\"@id\":\"https:\/\/freevpnplanet.com\/ro\/refund\/#primaryimage\"},\"image\":{\"@id\":\"https:\/\/freevpnplanet.com\/ro\/refund\/#primaryimage\"},\"thumbnailUrl\":\"https:\/\/freevpnplanet.com\/wp-content\/uploads\/2024\/06\/rvpn-refund.94efaa9-20240613_135146_986598.svg\",\"datePublished\":\"2024-06-13T10:50:50+00:00\",\"dateModified\":\"2026-03-13T12:29:27+00:00\",\"description\":\"Cel mai bun VPN de la Planet VPN - Ramburs\u0103ri\",\"breadcrumb\":{\"@id\":\"https:\/\/freevpnplanet.com\/ro\/refund\/#breadcrumb\"},\"inLanguage\":\"ro\",\"potentialAction\":[{\"@type\":\"ReadAction\",\"target\":[\"https:\/\/freevpnplanet.com\/ro\/refund\/\"]}]},{\"@type\":\"ImageObject\",\"inLanguage\":\"ro\",\"@id\":\"https:\/\/freevpnplanet.com\/ro\/refund\/#primaryimage\",\"url\":\"https:\/\/freevpnplanet.com\/wp-content\/uploads\/2024\/06\/rvpn-refund.94efaa9-20240613_135146_986598.svg\",\"contentUrl\":\"https:\/\/freevpnplanet.com\/wp-content\/uploads\/2024\/06\/rvpn-refund.94efaa9-20240613_135146_986598.svg\"},{\"@type\":\"BreadcrumbList\",\"@id\":\"https:\/\/freevpnplanet.com\/ro\/refund\/#breadcrumb\",\"itemListElement\":[{\"@type\":\"ListItem\",\"position\":1,\"name\":\"Home\",\"item\":\"https:\/\/freevpnplanet.com\/ro\/\"},{\"@type\":\"ListItem\",\"position\":2,\"name\":\"Ramburs\u0103ri\"}]},{\"@type\":\"WebSite\",\"@id\":\"https:\/\/freevpnplanet.com\/ro\/#website\",\"url\":\"https:\/\/freevpnplanet.com\/ro\/\",\"name\":\"Planet VPN \ud83d\udee1\ufe0f\ud83c\udf10 Free VPN\",\"description\":\"Free VPN\",\"potentialAction\":[{\"@type\":\"SearchAction\",\"target\":{\"@type\":\"EntryPoint\",\"urlTemplate\":\"https:\/\/freevpnplanet.com\/ro\/?s={search_term_string}\"},\"query-input\":\"required name=search_term_string\"}],\"inLanguage\":\"ro\",\"publisher\":{\"@id\":\"https:\/\/freevpnplanet.com\/ro\/#organization\"}},{\"@context\":\"https:\/\/schema.org\/\",\"@type\":\"SoftwareApplication\",\"name\":\"Planet VPN \ud83d\udee1\ufe0f\ud83c\udf10 Free VPN\",\"operatingSystem\":\"Windows, macOS, iOS, Android, Linux, Chrome\",\"applicationCategory\":\"SecurityApplication\",\"offers\":{\"@type\":\"AggregateOffer\",\"priceCurrency\":\"USD\",\"price\":\"0\",\"lowPrice\":\"0\",\"availability\":\"https:\/\/schema.org\/InStock\"},\"aggregateRating\":{\"@type\":\"AggregateRating\",\"ratingValue\":\"4.8\",\"bestRating\":\"5\",\"ratingCount\":\"12476\"}},{\"@type\":\"Organization\",\"@id\":\"https:\/\/freevpnplanet.com\/ro\/#organization\",\"url\":\"https:\/\/freevpnplanet.com\/ro\/\",\"name\":\"Planet VPN \ud83d\udee1\ufe0f\ud83c\udf10 Free VPN\"}]}<\/script>\n<!-- \/ Yoast SEO plugin. -->","yoast_head_json":{"title":"Ramburs\u0103ri","description":"Cel mai bun VPN de la Planet VPN - Ramburs\u0103ri","robots":{"index":"index","follow":"follow","max-snippet":"max-snippet:-1","max-image-preview":"max-image-preview:large","max-video-preview":"max-video-preview:-1"},"canonical":"https:\/\/freevpnplanet.com\/ro\/refund\/","og_locale":"ro_RO","og_type":"article","og_title":"Ramburs\u0103ri","og_description":"Cel mai bun VPN de la Planet VPN - Ramburs\u0103ri","og_url":"https:\/\/freevpnplanet.com\/ro\/refund\/","og_site_name":"Planet VPN","article_modified_time":"2026-03-13T12:29:27+00:00","og_image":[{"url":"https:\/\/freevpnplanet.com\/wp-content\/uploads\/2024\/06\/rvpn-refund.94efaa9-20240613_135146_986598.svg"}],"twitter_card":"summary_large_image","twitter_misc":{"Est. reading time":"3 minutes"},"schema":{"@context":"https:\/\/schema.org","@graph":[{"@type":"WebPage","@id":"https:\/\/freevpnplanet.com\/ro\/refund\/","url":"https:\/\/freevpnplanet.com\/ro\/refund\/","name":"Ramburs\u0103ri","isPartOf":{"@id":"https:\/\/freevpnplanet.com\/ro\/#website"},"primaryImageOfPage":{"@id":"https:\/\/freevpnplanet.com\/ro\/refund\/#primaryimage"},"image":{"@id":"https:\/\/freevpnplanet.com\/ro\/refund\/#primaryimage"},"thumbnailUrl":"https:\/\/freevpnplanet.com\/wp-content\/uploads\/2024\/06\/rvpn-refund.94efaa9-20240613_135146_986598.svg","datePublished":"2024-06-13T10:50:50+00:00","dateModified":"2026-03-13T12:29:27+00:00","description":"Cel mai bun VPN de la Planet VPN - Ramburs\u0103ri","breadcrumb":{"@id":"https:\/\/freevpnplanet.com\/ro\/refund\/#breadcrumb"},"inLanguage":"ro","potentialAction":[{"@type":"ReadAction","target":["https:\/\/freevpnplanet.com\/ro\/refund\/"]}]},{"@type":"ImageObject","inLanguage":"ro","@id":"https:\/\/freevpnplanet.com\/ro\/refund\/#primaryimage","url":"https:\/\/freevpnplanet.com\/wp-content\/uploads\/2024\/06\/rvpn-refund.94efaa9-20240613_135146_986598.svg","contentUrl":"https:\/\/freevpnplanet.com\/wp-content\/uploads\/2024\/06\/rvpn-refund.94efaa9-20240613_135146_986598.svg"},{"@type":"BreadcrumbList","@id":"https:\/\/freevpnplanet.com\/ro\/refund\/#breadcrumb","itemListElement":[{"@type":"ListItem","position":1,"name":"Home","item":"https:\/\/freevpnplanet.com\/ro\/"},{"@type":"ListItem","position":2,"name":"Ramburs\u0103ri"}]},{"@type":"WebSite","@id":"https:\/\/freevpnplanet.com\/ro\/#website","url":"https:\/\/freevpnplanet.com\/ro\/","name":"Planet VPN \ud83d\udee1\ufe0f\ud83c\udf10 Free VPN","description":"Free VPN","potentialAction":[{"@type":"SearchAction","target":{"@type":"EntryPoint","urlTemplate":"https:\/\/freevpnplanet.com\/ro\/?s={search_term_string}"},"query-input":"required name=search_term_string"}],"inLanguage":"ro","publisher":{"@id":"https:\/\/freevpnplanet.com\/ro\/#organization"}},{"@context":"https:\/\/schema.org\/","@type":"SoftwareApplication","name":"Planet VPN \ud83d\udee1\ufe0f\ud83c\udf10 Free VPN","operatingSystem":"Windows, macOS, iOS, Android, Linux, Chrome","applicationCategory":"SecurityApplication","offers":{"@type":"AggregateOffer","priceCurrency":"USD","price":"0","lowPrice":"0","availability":"https:\/\/schema.org\/InStock"},"aggregateRating":{"@type":"AggregateRating","ratingValue":"4.8","bestRating":"5","ratingCount":"12476"}},{"@type":"Organization","@id":"https:\/\/freevpnplanet.com\/ro\/#organization","url":"https:\/\/freevpnplanet.com\/ro\/","name":"Planet VPN \ud83d\udee1\ufe0f\ud83c\udf10 Free VPN"}]}},"acf":[],"_links":{"self":[{"href":"https:\/\/freevpnplanet.com\/ro\/wp-json\/wp\/v2\/pages\/99417","targetHints":{"allow":["GET"]}}],"collection":[{"href":"https:\/\/freevpnplanet.com\/ro\/wp-json\/wp\/v2\/pages"}],"about":[{"href":"https:\/\/freevpnplanet.com\/ro\/wp-json\/wp\/v2\/types\/page"}],"author":[{"embeddable":true,"href":"https:\/\/freevpnplanet.com\/ro\/wp-json\/wp\/v2\/users\/13"}],"replies":[{"embeddable":true,"href":"https:\/\/freevpnplanet.com\/ro\/wp-json\/wp\/v2\/comments?post=99417"}],"version-history":[{"count":9,"href":"https:\/\/freevpnplanet.com\/ro\/wp-json\/wp\/v2\/pages\/99417\/revisions"}],"predecessor-version":[{"id":195843,"href":"https:\/\/freevpnplanet.com\/ro\/wp-json\/wp\/v2\/pages\/99417\/revisions\/195843"}],"wp:attachment":[{"href":"https:\/\/freevpnplanet.com\/ro\/wp-json\/wp\/v2\/media?parent=99417"}],"wp:term":[{"taxonomy":"download_by_lite_tag","embeddable":true,"href":"https:\/\/freevpnplanet.com\/ro\/wp-json\/wp\/v2\/download_by_lite_tag?post=99417"}],"curies":[{"name":"wp","href":"https:\/\/api.w.org\/{rel}","templated":true}]}}