{"id":99981,"date":"2024-05-30T10:37:13","date_gmt":"2024-05-30T07:37:13","guid":{"rendered":"https:\/\/help.freeplanetvpn.com\/listen-to-music-radio-online-download-mp3\/"},"modified":"2025-07-22T11:07:39","modified_gmt":"2025-07-22T08:07:39","slug":"listen-to-music-radio-online-download-mp3","status":"publish","type":"page","link":"https:\/\/freevpnplanet.com\/ro\/listen-to-music-radio-online-download-mp3\/","title":{"rendered":"Listen to music radio online download mp3"},"content":{"rendered":"\n<section class=\"image-text custom-block align-full bg-circle  mobile-image-bottom mobile-title-center  header-size-medium text-size-small   content-left\" style='overflow: hidden;;--background-color:var(--dark-blue-0); --text-color:var(--white);--min-height-mobile:400px;--min-height-desktop:676px;--content-width:50%'>\n\n    <div class=\"gutenberg-block-background\"><\/div>\n    <div class=\"image-text__inner inner-container\">\n\n        \n                    <div class=\"image-text__content\">\n\n                <h1><span data-sheets-root=\"1\">VPN gratuit pentru desc\u0103rcarea \u0219i ascultarea de muzic\u0103<\/span><\/h1>\n<p><span data-sheets-root=\"1\">Furnizorul dumneavoastr\u0103 sau administratorul sistemului a blocat accesul la sta\u021bia dvs. de radio online preferat\u0103? A fost restric\u021bionat accesul la desc\u0103rcarea muzicii MP3?<\/span><\/p>\n<p>&#8211; Nu v\u0103 face\u021bi griji! Ast\u0103zi pute\u021bi avea \u00eentotdeauna Planet VPN! Serviciul nostru va cripta \u00een siguran\u021b\u0103 datele dumneavoastr\u0103, pentru a v\u0103 oferi toate instrumentele necesare f\u0103r\u0103 a pierde din vitez\u0103!<\/p>\n                                    <div class=\"image-text__cta\">\n                        <a href=\"\/ro\/plans\/\" target=\"_self\" id=\"qa-hero-btn-cta\" class=\"cta download-by-platform cta--with-border cta-size--small cta-mt--initial icon-position--icon-left\" style=\"--border-radius:40px\"><span class=\"cta__name\">Desc\u0103rca\u021bi Gratuit<\/span><\/a>                    <\/div>\n                \n            <\/div>\n        \n                    <div class=\"bg-image-wrapper bg-image-wrapper--desktop right image-align--center\">\n                <figure style='--image-max-width:1000px;--image-opacity:1.00;width: calc(46% - 20px)'>\n                    <img decoding=\"async\" width=\"608\" height=\"459\" src=\"https:\/\/freevpnplanet.com\/wp-content\/uploads\/2024\/05\/rvpn-music-main-image-20240530_104212_904697.svg\" class=\"bg-image\" alt=\"Background Image for Desktop\" \/>                <\/figure>\n            <\/div>\n        \n                    <div class=\"bg-image-wrapper bg-image-wrapper--mobile regular-image\">\n                <figure style='width: 100%;max-width: 480px;opacity: 1.00;margin-top: 24px'>\n                    <img decoding=\"async\" width=\"608\" height=\"459\" src=\"https:\/\/freevpnplanet.com\/wp-content\/uploads\/2024\/05\/rvpn-music-main-image-20240530_104212_904697.svg\" class=\"bg-image\" alt=\"Background Image for Mobile\" \/>                <\/figure>\n            <\/div>\n            <\/div>\n<\/section>\n\n\n<section class=\"image-text-static-image custom-block align-none  mobile-image-bottom   header-size-small text-size-small  \" style=''>\n\n    <div class=\"gutenberg-block-background\"><\/div>\n    <div class=\"image-text-static-image__inner inner-container\">\n                    <div class=\"image-text-static-image__content content-right\" style='--content-width: 50%'>\n                                    <div class=\"image-text-static-image__title\">\n                        <h2 >ESTE POSIBIL S\u0102 ASCULTA\u021aI MUZIC\u0102 \u0218I RADIO ONLINE F\u0102R\u0102 RESTRIC\u021aII?<\/h2>                    <\/div>\n                \n                <p>Anterior, utilizatorul de internet avea acces la practic orice muzic\u0103 \u0219i orice post de radio online. Cu toate acestea, odat\u0103 cu implementarea restric\u021biilor, omul obi\u0219nuit pe strad\u0103 poate asculta doar acele piese muzicale \u0219i sta\u021bii de radio care sunt permise \u00een \u021bara lor.<\/p>\n<p>Cu astfel de restric\u021bii, utilizatorul prime\u0219te un mesaj corespunz\u0103tor atunci c\u00e2nd \u00eencearc\u0103 s\u0103 porneasc\u0103 o melodie blocat\u0103 sau s\u0103 se conecteze la un post de radio online. Utiliz\u00e2nd un VPN, ve\u021bi cripta \u00een siguran\u021b\u0103 toate datele transmise \u0219i primite, precum \u0219i v\u0103 ve\u021bi schimba adresa IP, astfel \u00eenc\u00e2t s\u0103 trece\u021bi peste restric\u021bii \u0219i s\u0103 asculta\u021bi radio online \u0219i muzic\u0103 f\u0103r\u0103 restric\u021bii \u0219i pierdere de vitez\u0103.<\/p>\n                \n                \n\n            <\/div>\n        \n                    <div class=\"bg-image-wrapper bg-image-wrapper--desktop  left image-align--center\" style='--image-max-width: 50%'>\n                <figure>\n                    <img width=\"545\" height=\"457\" src=\"https:\/\/freevpnplanet.com\/wp-content\/uploads\/2024\/05\/rvpn-music-party-20240530_104215_523471.svg\" class=\"attachment-full size-full\" alt=\"\" loading=\"lazy\" decoding=\"sync\" fetchpriority=\"low\" style=\"max-width:545px\" sizes=\"auto, (max-width: 545px) 100vw, 545px\" aria-hidden=\"true\" \/>                    <!-- <img decoding=\"async\" width=\"545\" height=\"457\" src=\"https:\/\/freevpnplanet.com\/wp-content\/uploads\/2024\/05\/rvpn-music-party-20240530_104215_523471.svg\" class=\"attachment-full size-full\" alt=\"\" style=\"max-width:545px\" \/> -->\n                <\/figure>\n            <\/div>\n        \n            <\/div>\n<\/section>\n\n\n<section class=\"cta-section custom-block align-full \" style=''>\n\n    <div class=\"gutenberg-block-background\"><\/div>\n    <div class=\"cta-section__inner\">\n                    <div class=\"cta-section__cta\">\n                                    <a href=\"\/ro\/plans\/\" target=\"_self\" id=\"qa-banner-middle-cta\" class=\"cta download-by-platform cta--with-border cta-size--small cta-mt--initial icon-position--icon-left\" style=\"--border-radius:40px\"><span class=\"cta__name\">Desc\u0103rca\u021bi Gratuit<\/span><\/a>                            <\/div>\n            <\/div>\n<\/section>\n\n\n<div class=\"wp-block-group alignfull has-background-blue-background-color has-background is-content-justification-center is-nowrap is-layout-flex wp-container-core-group-is-layout-1 wp-block-group-is-layout-flex\">\n<div class=\"wp-block-columns wp-container-content-1 is-layout-flex wp-container-core-columns-is-layout-1 wp-block-columns-is-layout-flex row-gap--20 stack-breakpoint--768\">\n<div class=\"wp-block-column is-layout-flow wp-block-column-is-layout-flow\">\n<section class=\"advanced-steps custom-block align-none  align-desktop-left align-mobile-left font-normal three-columns title-small image-shadow\" style='--background-color:var(--dark-blue-8); --text-color:var(--dark-blue-1)'>\n\n    <div class=\"gutenberg-block-background\"><\/div>\n    <div class=\"advanced-steps__container inner-container\">\n                    <div class=\"advanced-steps__intro\">\n                <h2><span data-sheets-root=\"1\">CUM S\u0102 ASCULTA\u021aI MUZIC\u0102 \u0218I RADIO ONLINE, S\u0102 DESC\u0102RCA\u021aI MP3 F\u0102R\u0102 BLOCARE?<\/span><\/h2>\n<p><span data-sheets-root=\"1\">Exist\u0103 doar 3 pa\u0219i simpli pentru a accesa toate posturile de radio preferate, serviciile muzicale \u0219i site-urile pentru desc\u0103rcarea muzicii MP3.<\/span><\/p>            <\/div>\n        \n        <ul class=\"advanced-steps__list advanced-steps__list--download-steps\" style='--columns-gap:50px'>\n                            <li style='--max-width:px'>\n                                            <h2 class=\"step-title\">1. Desc\u0103rca\u021bi<\/h2>\n                    \n                                            <div class=\"image-wrapper\">\n                            <img decoding=\"async\" width=\"220\" height=\"171\" src=\"https:\/\/freevpnplanet.com\/wp-content\/uploads\/2024\/05\/rvpn-steps-2-20240530_105342_800846.svg\" class=\"attachment-full size-full\" alt=\"Step 2\" \/>                        <\/div>\n\n                                                    <p><a href=\"https:\/\/freevpnplanet.com\/ro\/download\/\" target=\"_blank\" rel=\"noopener\" id=\"qa-advanced-step-content-link\"><span data-sheets-root=\"1\">Desc\u0103rca\u021bi <\/span><\/a><span data-sheets-root=\"1\">\u0219i instala\u021bi aplica\u021bia pe dispozitivul dumneavoastr\u0103.<\/span><\/p>                                                            <\/li>\n                                <li style='--max-width:px'>\n                                            <h2 class=\"step-title\">2. Conecta\u021bi-v\u0103<\/h2>\n                    \n                                            <div class=\"image-wrapper\">\n                            <img decoding=\"async\" width=\"219\" height=\"170\" src=\"https:\/\/freevpnplanet.com\/wp-content\/uploads\/2024\/05\/rvpn-steps-1-20240530_105340_042416.svg\" class=\"attachment-full size-full\" alt=\"Step 1\" \/>                        <\/div>\n\n                                                    <p>Conecta\u021bi-v\u0103 la unul dintre serverele noastre.<\/p>                                                            <\/li>\n                                <li style='--max-width:px'>\n                                            <h2 class=\"step-title\">3. Vizita\u021bi<\/h2>\n                    \n                                            <div class=\"image-wrapper\">\n                            <img decoding=\"async\" width=\"219\" height=\"170\" src=\"https:\/\/freevpnplanet.com\/wp-content\/uploads\/2024\/05\/rvpn-steps-3-20240530_105345_576093.svg\" class=\"attachment-full size-full\" alt=\"Step 3\" \/>                        <\/div>\n\n                                                    <p><span data-sheets-root=\"1\">Vizita\u021bi oricare site f\u0103r\u0103 restric\u021bii.<\/span><\/p>                                                            <\/li>\n                        <\/ul>\n\n                    <div class=\"advanced-steps__cta\">\n                <a href=\"\/ro\/plans\/\" target=\"_self\" id=\"qa-btn-advanced-steps-cta\" class=\"cta download-by-platform cta--with-border cta-size--small cta-mt--initial icon-position--icon-left\" style=\"--border-radius:40px\"><span class=\"cta__name\">Desc\u0103rca\u021bi Gratuit<\/span><\/a>            <\/div>\n        \n        \n        \n\n    <\/div>\n<\/section>\n<\/div>\n<\/div>\n<\/div>\n\n\n\n<section class=\"image-text-static-image custom-block align-none  mobile-image-bottom   header-size-small text-size-small  pb-0--desktop\" style=''>\n\n    <div class=\"gutenberg-block-background\"><\/div>\n    <div class=\"image-text-static-image__inner inner-container\">\n                    <div class=\"image-text-static-image__content content-left\" style='--content-width: 50%'>\n                                    <div class=\"image-text-static-image__title\">\n                        <h2 >ESTE POSIBIL S\u0102 DESC\u0102RCA\u021aI MELODII MP3 DAC\u0102 SITE-UL NU ESTE DISPONIBIL?<\/h2>                    <\/div>\n                \n                <p>\u2013 Da, chiar acum, \u00een era restric\u021biilor pe internet, oricine poate asculta \u0219i desc\u0103rca orice melodie dore\u0219te. Acest lucru poate fi realizat utiliz\u00e2nd serviciul nostru VPN. VPN este un canal securizat de date \u00eentre mai multe dispozitive. VPN-urile sunt folosite pentru a proteja traficul de internet de intru\u0219i \u0219i cenzur\u0103. Cu Planet VPN, pute\u021bi asculta muzic\u0103 online \u0219i desc\u0103rca fi\u0219iere MP3 din surse blocate pe orice dispozitiv.<\/p>\n<p>Noi \u00eembun\u0103t\u0103\u021bim \u00een mod constant re\u021beaua noastr\u0103 pentru a v\u0103 oferi cea mai mare vitez\u0103 posibil\u0103 \u0219i l\u0103\u021bime de band\u0103 nelimitat\u0103.<\/p>\n                \n                \n\n            <\/div>\n        \n                    <div class=\"bg-image-wrapper bg-image-wrapper--desktop  right image-align--center\" style='--image-max-width: 50%'>\n                <figure>\n                    <img width=\"479\" height=\"479\" src=\"https:\/\/freevpnplanet.com\/wp-content\/uploads\/2024\/05\/rvpn-blocked.9e861a11-20240529_094058_811851.svg\" class=\"attachment-full size-full\" alt=\"\" loading=\"lazy\" decoding=\"sync\" fetchpriority=\"low\" style=\"max-width:480px\" sizes=\"auto, (max-width: 480px) 100vw, 480px\" aria-hidden=\"true\" \/>                    <!-- <img decoding=\"async\" width=\"479\" height=\"479\" src=\"https:\/\/freevpnplanet.com\/wp-content\/uploads\/2024\/05\/rvpn-blocked.9e861a11-20240529_094058_811851.svg\" class=\"attachment-full size-full\" alt=\"\" style=\"max-width:480px\" \/> -->\n                <\/figure>\n            <\/div>\n        \n            <\/div>\n<\/section>\n\n\n<section class=\"image-text-static-image custom-block align-none  mobile-image-bottom   header-size-small text-size-small  \" style=''>\n\n    <div class=\"gutenberg-block-background\"><\/div>\n    <div class=\"image-text-static-image__inner inner-container\">\n                    <div class=\"image-text-static-image__content content-right\" style='--content-width: 50%'>\n                                    <div class=\"image-text-static-image__title\">\n                        <h2 >PLANET VPN \u00ceNFRUNT\u0102 INTERDIC\u021aIILE!<\/h2>                    <\/div>\n                \n                <p>Dac\u0103 dori\u021bi s\u0103 asculta\u021bi muzic\u0103 online pe orice dispozitiv f\u0103r\u0103 \u00eent\u00e2rzieri \u0219i\/sau s\u0103 desc\u0103rca\u021bi c\u00e2ntece \u00een format MP3, Planet VPN este creat pentru dumneavoastr\u0103!<\/p>\n<p>Planet VPN efectueaz\u0103 mai multe func\u021bii \u00een acela\u0219i timp: criptarea re\u021belei, protejarea datelor transmise \u0219i recep\u021bionate pe internet de c\u0103tre p\u0103r\u021bile malefice, men\u021binerea anonimatului \u0219i asigurarea accesului la toate resursele online prin eliminarea restric\u021biilor.<\/p>\n                                    <div class=\"image-text-static-image__cta\">\n                                                    <a href=\"\/ro\/plans\/\" target=\"_self\" id=\"qa-btn-bottom-cta\" class=\"cta download-by-platform cta--with-border cta-size--small cta-mt--initial icon-position--icon-left\" style=\"--border-radius:40px\"><span class=\"cta__name\">Desc\u0103rca\u021bi Gratuit<\/span><\/a>                                            <\/div>\n                \n                \n\n            <\/div>\n        \n                    <div class=\"bg-image-wrapper bg-image-wrapper--desktop  left image-align--center\" style='--image-max-width: 50%'>\n                <figure>\n                    <img width=\"585\" height=\"401\" src=\"https:\/\/freevpnplanet.com\/wp-content\/uploads\/2024\/05\/rvpn-music-dance-20240530_104209_519514.svg\" class=\"attachment-full size-full\" alt=\"\" loading=\"lazy\" decoding=\"sync\" fetchpriority=\"low\" style=\"max-width:585px\" sizes=\"auto, (max-width: 585px) 100vw, 585px\" aria-hidden=\"true\" \/>                    <!-- <img decoding=\"async\" width=\"585\" height=\"401\" src=\"https:\/\/freevpnplanet.com\/wp-content\/uploads\/2024\/05\/rvpn-music-dance-20240530_104209_519514.svg\" class=\"attachment-full size-full\" alt=\"\" style=\"max-width:585px\" \/> -->\n                <\/figure>\n            <\/div>\n        \n            <\/div>\n<\/section>","protected":false},"excerpt":{"rendered":"","protected":false},"author":13,"featured_media":0,"parent":0,"menu_order":0,"comment_status":"closed","ping_status":"closed","template":"templates\/page_template-basic_for_gutenberg.php","meta":{"_acf_changed":false,"inline_featured_image":false,"footnotes":""},"download_by_lite_tag":[],"class_list":["post-99981","page","type-page","status-publish","hentry"],"yoast_head":"<!-- This site is optimized with the Yoast SEO plugin v22.6 - https:\/\/yoast.com\/wordpress\/plugins\/seo\/ -->\n<title>VPN pentru desc\u0103rcare \u0219i ascultare de muzic\u0103 - muzica ta preferat\u0103 cu VPN<\/title>\n<meta name=\"description\" content=\"Planet VPN v\u0103 va ajuta s\u0103 rezolva\u021bi probleme legate de restric\u021biile de acces la con\u021binutul muzical. Utiliz\u00e2nd un VPN, pute\u021bi asculta muzic\u0103 pe servicii care nu sunt disponibile \u00een \u021bara dvs.\" \/>\n<meta name=\"robots\" content=\"index, follow, max-snippet:-1, max-image-preview:large, max-video-preview:-1\" \/>\n<link rel=\"canonical\" href=\"https:\/\/freevpnplanet.com\/ro\/listen-to-music-radio-online-download-mp3\/\" \/>\n<meta property=\"og:locale\" content=\"ro_RO\" \/>\n<meta property=\"og:type\" content=\"article\" \/>\n<meta property=\"og:title\" content=\"VPN pentru desc\u0103rcare \u0219i ascultare de muzic\u0103 - muzica ta preferat\u0103 cu VPN\" \/>\n<meta property=\"og:description\" content=\"Planet VPN v\u0103 va ajuta s\u0103 rezolva\u021bi probleme legate de restric\u021biile de acces la con\u021binutul muzical. Utiliz\u00e2nd un VPN, pute\u021bi asculta muzic\u0103 pe servicii care nu sunt disponibile \u00een \u021bara dvs.\" \/>\n<meta property=\"og:url\" content=\"https:\/\/freevpnplanet.com\/ro\/listen-to-music-radio-online-download-mp3\/\" \/>\n<meta property=\"og:site_name\" content=\"Planet VPN\" \/>\n<meta property=\"article:modified_time\" content=\"2025-07-22T08:07:39+00:00\" \/>\n<meta name=\"twitter:card\" content=\"summary_large_image\" \/>\n<script type=\"application\/ld+json\" class=\"yoast-schema-graph\">{\"@context\":\"https:\/\/schema.org\",\"@graph\":[{\"@type\":\"WebPage\",\"@id\":\"https:\/\/freevpnplanet.com\/ro\/listen-to-music-radio-online-download-mp3\/\",\"url\":\"https:\/\/freevpnplanet.com\/ro\/listen-to-music-radio-online-download-mp3\/\",\"name\":\"VPN pentru desc\u0103rcare \u0219i ascultare de muzic\u0103 - muzica ta preferat\u0103 cu VPN\",\"isPartOf\":{\"@id\":\"https:\/\/freevpnplanet.com\/ro\/#website\"},\"datePublished\":\"2024-05-30T07:37:13+00:00\",\"dateModified\":\"2025-07-22T08:07:39+00:00\",\"description\":\"Planet VPN v\u0103 va ajuta s\u0103 rezolva\u021bi probleme legate de restric\u021biile de acces la con\u021binutul muzical. Utiliz\u00e2nd un VPN, pute\u021bi asculta muzic\u0103 pe servicii care nu sunt disponibile \u00een \u021bara dvs.\",\"breadcrumb\":{\"@id\":\"https:\/\/freevpnplanet.com\/ro\/listen-to-music-radio-online-download-mp3\/#breadcrumb\"},\"inLanguage\":\"ro\",\"potentialAction\":[{\"@type\":\"ReadAction\",\"target\":[\"https:\/\/freevpnplanet.com\/ro\/listen-to-music-radio-online-download-mp3\/\"]}]},{\"@type\":\"BreadcrumbList\",\"@id\":\"https:\/\/freevpnplanet.com\/ro\/listen-to-music-radio-online-download-mp3\/#breadcrumb\",\"itemListElement\":[{\"@type\":\"ListItem\",\"position\":1,\"name\":\"Home\",\"item\":\"https:\/\/freevpnplanet.com\/ro\/\"},{\"@type\":\"ListItem\",\"position\":2,\"name\":\"Listen to music radio online download mp3\"}]},{\"@type\":\"WebSite\",\"@id\":\"https:\/\/freevpnplanet.com\/ro\/#website\",\"url\":\"https:\/\/freevpnplanet.com\/ro\/\",\"name\":\"Planet VPN \ud83d\udee1\ufe0f\ud83c\udf10 Free VPN\",\"description\":\"Free VPN\",\"potentialAction\":[{\"@type\":\"SearchAction\",\"target\":{\"@type\":\"EntryPoint\",\"urlTemplate\":\"https:\/\/freevpnplanet.com\/ro\/?s={search_term_string}\"},\"query-input\":\"required name=search_term_string\"}],\"inLanguage\":\"ro\",\"publisher\":{\"@id\":\"https:\/\/freevpnplanet.com\/ro\/#organization\"}},{\"@context\":\"https:\/\/schema.org\/\",\"@type\":\"SoftwareApplication\",\"name\":\"Planet VPN \ud83d\udee1\ufe0f\ud83c\udf10 Free VPN\",\"operatingSystem\":\"Windows, macOS, iOS, Android, Linux, Chrome\",\"applicationCategory\":\"SecurityApplication\",\"offers\":{\"@type\":\"AggregateOffer\",\"priceCurrency\":\"USD\",\"price\":\"0\",\"lowPrice\":\"0\",\"availability\":\"https:\/\/schema.org\/InStock\"},\"aggregateRating\":{\"@type\":\"AggregateRating\",\"ratingValue\":\"4.8\",\"bestRating\":\"5\",\"ratingCount\":\"12476\"}},{\"@type\":\"Organization\",\"@id\":\"https:\/\/freevpnplanet.com\/ro\/#organization\",\"url\":\"https:\/\/freevpnplanet.com\/ro\/\",\"name\":\"Planet VPN \ud83d\udee1\ufe0f\ud83c\udf10 Free VPN\"}]}<\/script>\n<!-- \/ Yoast SEO plugin. -->","yoast_head_json":{"title":"VPN pentru desc\u0103rcare \u0219i ascultare de muzic\u0103 - muzica ta preferat\u0103 cu VPN","description":"Planet VPN v\u0103 va ajuta s\u0103 rezolva\u021bi probleme legate de restric\u021biile de acces la con\u021binutul muzical. Utiliz\u00e2nd un VPN, pute\u021bi asculta muzic\u0103 pe servicii care nu sunt disponibile \u00een \u021bara dvs.","robots":{"index":"index","follow":"follow","max-snippet":"max-snippet:-1","max-image-preview":"max-image-preview:large","max-video-preview":"max-video-preview:-1"},"canonical":"https:\/\/freevpnplanet.com\/ro\/listen-to-music-radio-online-download-mp3\/","og_locale":"ro_RO","og_type":"article","og_title":"VPN pentru desc\u0103rcare \u0219i ascultare de muzic\u0103 - muzica ta preferat\u0103 cu VPN","og_description":"Planet VPN v\u0103 va ajuta s\u0103 rezolva\u021bi probleme legate de restric\u021biile de acces la con\u021binutul muzical. Utiliz\u00e2nd un VPN, pute\u021bi asculta muzic\u0103 pe servicii care nu sunt disponibile \u00een \u021bara dvs.","og_url":"https:\/\/freevpnplanet.com\/ro\/listen-to-music-radio-online-download-mp3\/","og_site_name":"Planet VPN","article_modified_time":"2025-07-22T08:07:39+00:00","twitter_card":"summary_large_image","schema":{"@context":"https:\/\/schema.org","@graph":[{"@type":"WebPage","@id":"https:\/\/freevpnplanet.com\/ro\/listen-to-music-radio-online-download-mp3\/","url":"https:\/\/freevpnplanet.com\/ro\/listen-to-music-radio-online-download-mp3\/","name":"VPN pentru desc\u0103rcare \u0219i ascultare de muzic\u0103 - muzica ta preferat\u0103 cu VPN","isPartOf":{"@id":"https:\/\/freevpnplanet.com\/ro\/#website"},"datePublished":"2024-05-30T07:37:13+00:00","dateModified":"2025-07-22T08:07:39+00:00","description":"Planet VPN v\u0103 va ajuta s\u0103 rezolva\u021bi probleme legate de restric\u021biile de acces la con\u021binutul muzical. Utiliz\u00e2nd un VPN, pute\u021bi asculta muzic\u0103 pe servicii care nu sunt disponibile \u00een \u021bara dvs.","breadcrumb":{"@id":"https:\/\/freevpnplanet.com\/ro\/listen-to-music-radio-online-download-mp3\/#breadcrumb"},"inLanguage":"ro","potentialAction":[{"@type":"ReadAction","target":["https:\/\/freevpnplanet.com\/ro\/listen-to-music-radio-online-download-mp3\/"]}]},{"@type":"BreadcrumbList","@id":"https:\/\/freevpnplanet.com\/ro\/listen-to-music-radio-online-download-mp3\/#breadcrumb","itemListElement":[{"@type":"ListItem","position":1,"name":"Home","item":"https:\/\/freevpnplanet.com\/ro\/"},{"@type":"ListItem","position":2,"name":"Listen to music radio online download mp3"}]},{"@type":"WebSite","@id":"https:\/\/freevpnplanet.com\/ro\/#website","url":"https:\/\/freevpnplanet.com\/ro\/","name":"Planet VPN \ud83d\udee1\ufe0f\ud83c\udf10 Free VPN","description":"Free VPN","potentialAction":[{"@type":"SearchAction","target":{"@type":"EntryPoint","urlTemplate":"https:\/\/freevpnplanet.com\/ro\/?s={search_term_string}"},"query-input":"required name=search_term_string"}],"inLanguage":"ro","publisher":{"@id":"https:\/\/freevpnplanet.com\/ro\/#organization"}},{"@context":"https:\/\/schema.org\/","@type":"SoftwareApplication","name":"Planet VPN \ud83d\udee1\ufe0f\ud83c\udf10 Free VPN","operatingSystem":"Windows, macOS, iOS, Android, Linux, Chrome","applicationCategory":"SecurityApplication","offers":{"@type":"AggregateOffer","priceCurrency":"USD","price":"0","lowPrice":"0","availability":"https:\/\/schema.org\/InStock"},"aggregateRating":{"@type":"AggregateRating","ratingValue":"4.8","bestRating":"5","ratingCount":"12476"}},{"@type":"Organization","@id":"https:\/\/freevpnplanet.com\/ro\/#organization","url":"https:\/\/freevpnplanet.com\/ro\/","name":"Planet VPN \ud83d\udee1\ufe0f\ud83c\udf10 Free VPN"}]}},"acf":[],"_links":{"self":[{"href":"https:\/\/freevpnplanet.com\/ro\/wp-json\/wp\/v2\/pages\/99981","targetHints":{"allow":["GET"]}}],"collection":[{"href":"https:\/\/freevpnplanet.com\/ro\/wp-json\/wp\/v2\/pages"}],"about":[{"href":"https:\/\/freevpnplanet.com\/ro\/wp-json\/wp\/v2\/types\/page"}],"author":[{"embeddable":true,"href":"https:\/\/freevpnplanet.com\/ro\/wp-json\/wp\/v2\/users\/13"}],"replies":[{"embeddable":true,"href":"https:\/\/freevpnplanet.com\/ro\/wp-json\/wp\/v2\/comments?post=99981"}],"version-history":[{"count":4,"href":"https:\/\/freevpnplanet.com\/ro\/wp-json\/wp\/v2\/pages\/99981\/revisions"}],"predecessor-version":[{"id":171581,"href":"https:\/\/freevpnplanet.com\/ro\/wp-json\/wp\/v2\/pages\/99981\/revisions\/171581"}],"wp:attachment":[{"href":"https:\/\/freevpnplanet.com\/ro\/wp-json\/wp\/v2\/media?parent=99981"}],"wp:term":[{"taxonomy":"download_by_lite_tag","embeddable":true,"href":"https:\/\/freevpnplanet.com\/ro\/wp-json\/wp\/v2\/download_by_lite_tag?post=99981"}],"curies":[{"name":"wp","href":"https:\/\/api.w.org\/{rel}","templated":true}]}}