{"id":100042,"date":"2024-06-11T18:14:08","date_gmt":"2024-06-11T15:14:08","guid":{"rendered":"https:\/\/help.freeplanetvpn.com\/about-us\/"},"modified":"2026-02-12T10:38:57","modified_gmt":"2026-02-12T07:38:57","slug":"about-us","status":"publish","type":"page","link":"https:\/\/freevpnplanet.com\/sv\/about-us\/","title":{"rendered":"About us"},"content":{"rendered":"\n<section class=\"image-text custom-block align-full   mobile-image-bottom mobile-title-center  header-size-medium text-size-small   content-left\" style='overflow: hidden;;;--min-height-mobile:400px;--min-height-desktop:507px;--content-width:36%'>\n\n    <div class=\"gutenberg-block-background\"><\/div>\n    <div class=\"image-text__inner inner-container\">\n\n        \n                    <div class=\"image-text__content\">\n\n                <h1>Fritt internet f\u00f6r alla!<\/h1>\n<p class=\"header__descr\">Planet VPN \u00e4r en tj\u00e4nst som bygger p\u00e5 principerna om kvalitet, anonymitet och tillg\u00e4nglighet f\u00f6r anv\u00e4ndare. Vi arbetar f\u00f6r att g\u00f6ra internet b\u00e4ttre, skydda dig fr\u00e5n faror och f\u00e5 dig att k\u00e4nna dig fri n\u00e4r du surfar p\u00e5 n\u00e4tet.<\/p>\n                \n            <\/div>\n        \n                    <div class=\"bg-image-wrapper bg-image-wrapper--desktop custom image-align--center\">\n                <figure style='--image-max-width:2000px;--image-opacity:1.00;width: calc(90% - 20px);left:34%;top:50%'>\n                    <img decoding=\"async\" width=\"1239\" height=\"588\" src=\"https:\/\/freevpnplanet.com\/wp-content\/uploads\/2024\/06\/rvpn-bg.844f66c1-20240611_181533_011207.png\" class=\"bg-image\" alt=\"Background Image for Desktop\" \/>                <\/figure>\n            <\/div>\n        \n                    <div class=\"bg-image-wrapper bg-image-wrapper--mobile regular-image\">\n                <figure style='width: 100%;max-width: 700px;opacity: 1.00;margin-top: 24px'>\n                    <img decoding=\"async\" width=\"1239\" height=\"588\" src=\"https:\/\/freevpnplanet.com\/wp-content\/uploads\/2024\/06\/rvpn-bg.844f66c1-20240611_181533_011207.png\" class=\"bg-image\" alt=\"Background Image for Mobile\" \/>                <\/figure>\n            <\/div>\n            <\/div>\n<\/section>\n\n\n<section class=\"wrapper custom-block align-full    \" style='--background-color:var(--dark-blue-8)'>\n\n    <div class=\"gutenberg-block-background\"><\/div>\n    <div class=\"wrapper__inner inner-container\">\n        \n\n<h3 class=\"wp-block-heading has-text-align-center\" style=\"font-size:25px\">V\u00e5r mission<\/h3>\n\n\n\n<p style=\"font-size:18px\" class=\"\">Vi \u00e4r \u00f6vertygade om att varje person har r\u00e4tt att anv\u00e4nda kvalitetsinternet. Med Planet VPN \u00e4r all din data starkt skyddad och \u00f6verf\u00f6rs genom s\u00e4kra virtuella tunnlar, vilket g\u00f6r det m\u00f6jligt att vara anonym. Vi anv\u00e4nder OpenVPN med 256-bitars kryptering och 2048-bitars RSA-teknik. Vi st\u00f6djer anslutning via IPSec (IKEv1 + IKEv2), som \u00e4r v\u00e4lk\u00e4nd f\u00f6r sin tillf\u00f6rlitlighet, h\u00f6ga \u00f6verf\u00f6ringshastighet och h\u00f6ga niv\u00e5 av dataskydd. PPTP- och L2TP-protokoll \u00e4r ocks\u00e5 tillg\u00e4ngliga. Med Planet VPN har du tillg\u00e5ng till filmer, musik, sport\u00f6verf\u00f6ringar och fri kommunikation!<\/p>\n\n\n    <\/div>\n\n<\/section>\n\n\n<section class=\"image-text custom-block align-wide   mobile-image-top mobile-title-center  header-size-small text-size-medium   content-right\" style='overflow: hidden;;;--min-height-mobile:400px;--min-height-desktop:500px;--content-width:62%'>\n\n    <div class=\"gutenberg-block-background\"><\/div>\n    <div class=\"image-text__inner inner-container\">\n\n        \n                    <div class=\"image-text__content\">\n\n                <h2>Personlig frihet<\/h2>\n<p class=\"features__descr\">I en tid av \u00f6kad censur \u00e4r v\u00e5rt m\u00e5l att ge dig personlig frihet och en k\u00e4nsla av trygghet p\u00e5 internet. Vi arbetar st\u00e4ndigt med l\u00f6sningar som h\u00e5ller din personliga data konfidentiell och s\u00e4ker, skyddar dina f\u00f6rfr\u00e5gningar och d\u00f6ljer dina aktiviteter. Vi erbjuder dig full tillg\u00e5ng till all information p\u00e5 internet samt m\u00f6jligheten att anv\u00e4nda den anonymt och s\u00e4kert.<\/p>\n                \n            <\/div>\n        \n                    <div class=\"bg-image-wrapper bg-image-wrapper--desktop left image-align--center\">\n                <figure style='--image-max-width:407px;--image-opacity:1.00;width: calc(35% - 20px)'>\n                    <img decoding=\"async\" width=\"407\" height=\"288\" src=\"https:\/\/freevpnplanet.com\/wp-content\/uploads\/2024\/06\/rvpn-pic-1.0efc1381-20240611_182759_024047.png\" class=\"bg-image\" alt=\"Background Image for Desktop\" \/>                <\/figure>\n            <\/div>\n        \n                    <div class=\"bg-image-wrapper bg-image-wrapper--mobile regular-image\">\n                <figure style='width: 100%;max-width: 407px;opacity: 1.00;margin-top: 24px'>\n                    <img decoding=\"async\" width=\"407\" height=\"288\" src=\"https:\/\/freevpnplanet.com\/wp-content\/uploads\/2024\/06\/rvpn-pic-1.0efc1381-20240611_182759_024047.png\" class=\"bg-image\" alt=\"Background Image for Mobile\" \/>                <\/figure>\n            <\/div>\n            <\/div>\n<\/section>\n\n\n<section class=\"image-text custom-block align-wide   mobile-image-top mobile-title-center  header-size-small text-size-medium   content-left\" style='overflow: hidden;;;--min-height-mobile:400px;--min-height-desktop:400px;--content-width:65%'>\n\n    <div class=\"gutenberg-block-background\"><\/div>\n    <div class=\"image-text__inner inner-container\">\n\n        \n                    <div class=\"image-text__content\">\n\n                <h2>Skydd av integritet<\/h2>\n<p class=\"features__descr\">Vi garanterar tillf\u00f6rlitlig kryptering av din trafik och \u00f6verf\u00f6ring genom en s\u00e4ker anslutning. Din onlineaktivitet \u00e4r under p\u00e5litligt skydd. Vi arbetar dygnet runt f\u00f6r att skydda din integritet. V\u00e5r sekretesspolicy \u00e4r transparent och tydlig. Vi meddelar omedelbart varje anv\u00e4ndare om eventuella f\u00f6r\u00e4ndringar i den.<\/p>\n                \n            <\/div>\n        \n                    <div class=\"bg-image-wrapper bg-image-wrapper--desktop right image-align--center\">\n                <figure style='--image-max-width:304px;--image-opacity:1.00;width: calc(35% - 20px)'>\n                    <img decoding=\"async\" width=\"304\" height=\"305\" src=\"https:\/\/freevpnplanet.com\/wp-content\/uploads\/2024\/06\/rvpn-pic-2.e55aedf1-20240611_191503_396014.png\" class=\"bg-image\" alt=\"Background Image for Desktop\" \/>                <\/figure>\n            <\/div>\n        \n                    <div class=\"bg-image-wrapper bg-image-wrapper--mobile regular-image\">\n                <figure style='width: 100%;max-width: 304px;opacity: 1.00;margin-top: 24px'>\n                    <img decoding=\"async\" width=\"304\" height=\"305\" src=\"https:\/\/freevpnplanet.com\/wp-content\/uploads\/2024\/06\/rvpn-pic-2.e55aedf1-20240611_191503_396014.png\" class=\"bg-image\" alt=\"Background Image for Mobile\" \/>                <\/figure>\n            <\/div>\n            <\/div>\n<\/section>\n\n\n<section class=\"image-text custom-block align-wide   mobile-image-top mobile-title-center  header-size-small text-size-medium   content-right\" style='overflow: hidden;;;--min-height-mobile:400px;--min-height-desktop:400px;--content-width:65%'>\n\n    <div class=\"gutenberg-block-background\"><\/div>\n    <div class=\"image-text__inner inner-container\">\n\n        \n                    <div class=\"image-text__content\">\n\n                <h2>Digitala r\u00e4ttigheter<\/h2>\n<p class=\"features__descr\">Vi registrerar inga loggar \u00f6ver klienters n\u00e4tverksaktivitet. Vi ber dig inte att l\u00e4mna n\u00e5gon ytterligare information om dig sj\u00e4lv. Vi erbjuder anonyma betalningsalternativ f\u00f6r v\u00e5r tj\u00e4nst. All information om anv\u00e4ndning av Planet VPN-tj\u00e4nsten f\u00f6rblir anonym och \u00e4r inte kopplad till din faktiska IP-adress.<\/p>\n                \n            <\/div>\n        \n                    <div class=\"bg-image-wrapper bg-image-wrapper--desktop left image-align--center\">\n                <figure style='--image-max-width:397px;--image-opacity:1.00;width: calc(35% - 20px)'>\n                    <img decoding=\"async\" width=\"397\" height=\"260\" src=\"https:\/\/freevpnplanet.com\/wp-content\/uploads\/2024\/06\/rvpn-pic-3.cbf2ef01-20240611_191648_160765.png\" class=\"bg-image\" alt=\"Background Image for Desktop\" \/>                <\/figure>\n            <\/div>\n        \n                    <div class=\"bg-image-wrapper bg-image-wrapper--mobile regular-image\">\n                <figure style='width: 100%;max-width: 397px;opacity: 1.00;margin-top: 24px'>\n                    <img decoding=\"async\" width=\"397\" height=\"260\" src=\"https:\/\/freevpnplanet.com\/wp-content\/uploads\/2024\/06\/rvpn-pic-3.cbf2ef01-20240611_191648_160765.png\" class=\"bg-image\" alt=\"Background Image for Mobile\" \/>                <\/figure>\n            <\/div>\n            <\/div>\n<\/section>\n\n\n<section class=\"wrapper custom-block align-full    \" style='--background-color:var(--dark-blue-8)'>\n\n    <div class=\"gutenberg-block-background\"><\/div>\n    <div class=\"wrapper__inner inner-container\">\n        \n\n<h3 class=\"wp-block-heading has-text-align-center\" style=\"font-size:25px\">V\u00e5r historia<\/h3>\n\n\n\n<p style=\"font-size:18px\" class=\"\">Vi skapade Planet VPN 2017 f\u00f6r att erbjuda digital s\u00e4kerhet och personlig frihet f\u00f6r varje internetanv\u00e4ndare. Eftersom vi sj\u00e4lva ocks\u00e5 \u00e4r aktiva anv\u00e4ndare av internet vet vi hur viktigt det \u00e4r att k\u00e4nna sig trygg. Tyv\u00e4rr finns det m\u00e5nga hot p\u00e5 n\u00e4tet: allt fr\u00e5n irriterande annons\u00f6rer och bedr\u00e4gare till myndigheter som f\u00f6rs\u00f6ker f\u00e5 tillg\u00e5ng till anv\u00e4ndarnas personliga data.<\/p>\n\n\n\n<p style=\"font-size:18px\" class=\"\">S\u00e5 f\u00f6ddes id\u00e9n att skapa en v\u00e4nlig gemenskap av likasinnade personer, som nu har VPN-servrar i \u00f6ver 60 l\u00e4nder p\u00e5 fem kontinenter. F\u00f6r n\u00e4rvarande litar tusentals anv\u00e4ndare p\u00e5 oss f\u00f6r sin online-s\u00e4kerhet.<\/p>\n\n\n    <\/div>\n\n<\/section>\n\n\n<section class=\"image-text custom-block align-full   mobile-image-top mobile-title-center  header-size-medium text-size-medium   content-right\" style='overflow: hidden;;;--min-height-mobile:400px;--min-height-desktop:500px;--content-width:67%'>\n\n    <div class=\"gutenberg-block-background\"><\/div>\n    <div class=\"image-text__inner inner-container\">\n\n        \n                    <div class=\"image-text__content\">\n\n                <h2>V\u00e5ra v\u00e4rderingar<\/h2>\n<p class=\"features__descr\">Planet VPN st\u00f6der id\u00e9n om att bevara personlig frihet, online-s\u00e4kerhet och r\u00e4tten att v\u00e4lja. Vi st\u00e5r f\u00f6r j\u00e4mlikhet och anser att alla b\u00f6r ha r\u00e4tt till fri tillg\u00e5ng till och s\u00e4ker anv\u00e4ndning av internet. Dessutom erbjuder vi m\u00f6jligheten att undvika prisskillnader och marknadsf\u00f6ringstrick.<\/p>\n                                    <div class=\"image-text__cta\">\n                        <a href=\"\/sv\/plans\/\" target=\"_self\" id=\"qa-download-button-values\" class=\"cta download-by-platform cta--with-border cta-size--small cta-mt--initial icon-position--icon-left\" style=\"--border-radius:40px\"><span class=\"cta__name\">Ladda ner gratis<\/span><\/a>                    <\/div>\n                \n            <\/div>\n        \n                    <div class=\"bg-image-wrapper bg-image-wrapper--desktop left image-align--left\">\n                <figure style='--image-max-width:390px;--image-opacity:1.00;width: calc(35% - 20px)'>\n                    <img decoding=\"async\" width=\"393\" height=\"288\" src=\"https:\/\/freevpnplanet.com\/wp-content\/uploads\/2024\/06\/rvpn-pic-4.d8c3f2a1-20240611_192429_140366.png\" class=\"bg-image\" alt=\"Background Image for Desktop\" \/>                <\/figure>\n            <\/div>\n        \n                    <div class=\"bg-image-wrapper bg-image-wrapper--mobile regular-image\">\n                <figure style='width: 100%;max-width: 393px;opacity: 1.00;margin-top: 24px'>\n                    <img decoding=\"async\" width=\"393\" height=\"288\" src=\"https:\/\/freevpnplanet.com\/wp-content\/uploads\/2024\/06\/rvpn-pic-4.d8c3f2a1-20240611_192429_140366.png\" class=\"bg-image\" alt=\"Background Image for Mobile\" \/>                <\/figure>\n            <\/div>\n            <\/div>\n<\/section>","protected":false},"excerpt":{"rendered":"","protected":false},"author":39,"featured_media":0,"parent":0,"menu_order":0,"comment_status":"closed","ping_status":"closed","template":"templates\/page_template-basic_for_gutenberg.php","meta":{"_acf_changed":false,"inline_featured_image":false,"footnotes":""},"download_by_lite_tag":[],"class_list":["post-100042","page","type-page","status-publish","hentry"],"yoast_head":"<!-- This site is optimized with the Yoast SEO plugin v22.6 - https:\/\/yoast.com\/wordpress\/plugins\/seo\/ -->\n<title>Om oss - Planet VPN<\/title>\n<meta name=\"description\" content=\"L\u00e4s om Planet VPN och hur vi skyddar din s\u00e4kerhet och integritet online. Bli en del av v\u00e5rt n\u00e4tverk f\u00f6r en s\u00e4ker surfupplevelse.\" \/>\n<meta name=\"robots\" content=\"index, follow, max-snippet:-1, max-image-preview:large, max-video-preview:-1\" \/>\n<link rel=\"canonical\" href=\"https:\/\/freevpnplanet.com\/sv\/about-us\/\" \/>\n<meta property=\"og:locale\" content=\"en_US\" \/>\n<meta property=\"og:type\" content=\"article\" \/>\n<meta property=\"og:title\" content=\"Om oss - Planet VPN\" \/>\n<meta property=\"og:description\" content=\"L\u00e4s om Planet VPN och hur vi skyddar din s\u00e4kerhet och integritet online. Bli en del av v\u00e5rt n\u00e4tverk f\u00f6r en s\u00e4ker surfupplevelse.\" \/>\n<meta property=\"og:url\" content=\"https:\/\/freevpnplanet.com\/sv\/about-us\/\" \/>\n<meta property=\"og:site_name\" content=\"Planet VPN\" \/>\n<meta property=\"article:modified_time\" content=\"2026-02-12T07:38:57+00:00\" \/>\n<meta name=\"twitter:card\" content=\"summary_large_image\" \/>\n<meta name=\"twitter:label1\" content=\"Est. reading time\" \/>\n\t<meta name=\"twitter:data1\" content=\"1 minute\" \/>\n<script type=\"application\/ld+json\" class=\"yoast-schema-graph\">{\"@context\":\"https:\/\/schema.org\",\"@graph\":[{\"@type\":\"WebPage\",\"@id\":\"https:\/\/freevpnplanet.com\/sv\/about-us\/\",\"url\":\"https:\/\/freevpnplanet.com\/sv\/about-us\/\",\"name\":\"Om oss - Planet VPN\",\"isPartOf\":{\"@id\":\"https:\/\/freevpnplanet.com\/sv\/#website\"},\"datePublished\":\"2024-06-11T15:14:08+00:00\",\"dateModified\":\"2026-02-12T07:38:57+00:00\",\"description\":\"L\u00e4s om Planet VPN och hur vi skyddar din s\u00e4kerhet och integritet online. Bli en del av v\u00e5rt n\u00e4tverk f\u00f6r en s\u00e4ker surfupplevelse.\",\"breadcrumb\":{\"@id\":\"https:\/\/freevpnplanet.com\/sv\/about-us\/#breadcrumb\"},\"inLanguage\":\"sv\",\"potentialAction\":[{\"@type\":\"ReadAction\",\"target\":[\"https:\/\/freevpnplanet.com\/sv\/about-us\/\"]}]},{\"@type\":\"BreadcrumbList\",\"@id\":\"https:\/\/freevpnplanet.com\/sv\/about-us\/#breadcrumb\",\"itemListElement\":[{\"@type\":\"ListItem\",\"position\":1,\"name\":\"Home\",\"item\":\"https:\/\/freevpnplanet.com\/sv\/\"},{\"@type\":\"ListItem\",\"position\":2,\"name\":\"About us\"}]},{\"@type\":\"WebSite\",\"@id\":\"https:\/\/freevpnplanet.com\/sv\/#website\",\"url\":\"https:\/\/freevpnplanet.com\/sv\/\",\"name\":\"Planet VPN \ud83d\udee1\ufe0f\ud83c\udf10 Free VPN\",\"description\":\"Free VPN\",\"potentialAction\":[{\"@type\":\"SearchAction\",\"target\":{\"@type\":\"EntryPoint\",\"urlTemplate\":\"https:\/\/freevpnplanet.com\/sv\/?s={search_term_string}\"},\"query-input\":\"required name=search_term_string\"}],\"inLanguage\":\"sv\",\"publisher\":{\"@id\":\"https:\/\/freevpnplanet.com\/sv\/#organization\"}},{\"@context\":\"https:\/\/schema.org\/\",\"@type\":\"SoftwareApplication\",\"name\":\"Planet VPN \ud83d\udee1\ufe0f\ud83c\udf10 Free VPN\",\"operatingSystem\":\"Windows, macOS, iOS, Android, Linux, Chrome\",\"applicationCategory\":\"SecurityApplication\",\"offers\":{\"@type\":\"AggregateOffer\",\"priceCurrency\":\"USD\",\"price\":\"0\",\"lowPrice\":\"0\",\"availability\":\"https:\/\/schema.org\/InStock\"},\"aggregateRating\":{\"@type\":\"AggregateRating\",\"ratingValue\":\"4.8\",\"bestRating\":\"5\",\"ratingCount\":\"12476\"}},{\"@type\":\"Organization\",\"@id\":\"https:\/\/freevpnplanet.com\/sv\/#organization\",\"url\":\"https:\/\/freevpnplanet.com\/sv\/\",\"name\":\"Planet VPN \ud83d\udee1\ufe0f\ud83c\udf10 Free VPN\"}]}<\/script>\n<!-- \/ Yoast SEO plugin. -->","yoast_head_json":{"title":"Om oss - Planet VPN","description":"L\u00e4s om Planet VPN och hur vi skyddar din s\u00e4kerhet och integritet online. Bli en del av v\u00e5rt n\u00e4tverk f\u00f6r en s\u00e4ker surfupplevelse.","robots":{"index":"index","follow":"follow","max-snippet":"max-snippet:-1","max-image-preview":"max-image-preview:large","max-video-preview":"max-video-preview:-1"},"canonical":"https:\/\/freevpnplanet.com\/sv\/about-us\/","og_locale":"en_US","og_type":"article","og_title":"Om oss - Planet VPN","og_description":"L\u00e4s om Planet VPN och hur vi skyddar din s\u00e4kerhet och integritet online. Bli en del av v\u00e5rt n\u00e4tverk f\u00f6r en s\u00e4ker surfupplevelse.","og_url":"https:\/\/freevpnplanet.com\/sv\/about-us\/","og_site_name":"Planet VPN","article_modified_time":"2026-02-12T07:38:57+00:00","twitter_card":"summary_large_image","twitter_misc":{"Est. reading time":"1 minute"},"schema":{"@context":"https:\/\/schema.org","@graph":[{"@type":"WebPage","@id":"https:\/\/freevpnplanet.com\/sv\/about-us\/","url":"https:\/\/freevpnplanet.com\/sv\/about-us\/","name":"Om oss - Planet VPN","isPartOf":{"@id":"https:\/\/freevpnplanet.com\/sv\/#website"},"datePublished":"2024-06-11T15:14:08+00:00","dateModified":"2026-02-12T07:38:57+00:00","description":"L\u00e4s om Planet VPN och hur vi skyddar din s\u00e4kerhet och integritet online. Bli en del av v\u00e5rt n\u00e4tverk f\u00f6r en s\u00e4ker surfupplevelse.","breadcrumb":{"@id":"https:\/\/freevpnplanet.com\/sv\/about-us\/#breadcrumb"},"inLanguage":"sv","potentialAction":[{"@type":"ReadAction","target":["https:\/\/freevpnplanet.com\/sv\/about-us\/"]}]},{"@type":"BreadcrumbList","@id":"https:\/\/freevpnplanet.com\/sv\/about-us\/#breadcrumb","itemListElement":[{"@type":"ListItem","position":1,"name":"Home","item":"https:\/\/freevpnplanet.com\/sv\/"},{"@type":"ListItem","position":2,"name":"About us"}]},{"@type":"WebSite","@id":"https:\/\/freevpnplanet.com\/sv\/#website","url":"https:\/\/freevpnplanet.com\/sv\/","name":"Planet VPN \ud83d\udee1\ufe0f\ud83c\udf10 Free VPN","description":"Free VPN","potentialAction":[{"@type":"SearchAction","target":{"@type":"EntryPoint","urlTemplate":"https:\/\/freevpnplanet.com\/sv\/?s={search_term_string}"},"query-input":"required name=search_term_string"}],"inLanguage":"sv","publisher":{"@id":"https:\/\/freevpnplanet.com\/sv\/#organization"}},{"@context":"https:\/\/schema.org\/","@type":"SoftwareApplication","name":"Planet VPN \ud83d\udee1\ufe0f\ud83c\udf10 Free VPN","operatingSystem":"Windows, macOS, iOS, Android, Linux, Chrome","applicationCategory":"SecurityApplication","offers":{"@type":"AggregateOffer","priceCurrency":"USD","price":"0","lowPrice":"0","availability":"https:\/\/schema.org\/InStock"},"aggregateRating":{"@type":"AggregateRating","ratingValue":"4.8","bestRating":"5","ratingCount":"12476"}},{"@type":"Organization","@id":"https:\/\/freevpnplanet.com\/sv\/#organization","url":"https:\/\/freevpnplanet.com\/sv\/","name":"Planet VPN \ud83d\udee1\ufe0f\ud83c\udf10 Free VPN"}]}},"acf":[],"_links":{"self":[{"href":"https:\/\/freevpnplanet.com\/sv\/wp-json\/wp\/v2\/pages\/100042","targetHints":{"allow":["GET"]}}],"collection":[{"href":"https:\/\/freevpnplanet.com\/sv\/wp-json\/wp\/v2\/pages"}],"about":[{"href":"https:\/\/freevpnplanet.com\/sv\/wp-json\/wp\/v2\/types\/page"}],"author":[{"embeddable":true,"href":"https:\/\/freevpnplanet.com\/sv\/wp-json\/wp\/v2\/users\/39"}],"replies":[{"embeddable":true,"href":"https:\/\/freevpnplanet.com\/sv\/wp-json\/wp\/v2\/comments?post=100042"}],"version-history":[{"count":3,"href":"https:\/\/freevpnplanet.com\/sv\/wp-json\/wp\/v2\/pages\/100042\/revisions"}],"predecessor-version":[{"id":190429,"href":"https:\/\/freevpnplanet.com\/sv\/wp-json\/wp\/v2\/pages\/100042\/revisions\/190429"}],"wp:attachment":[{"href":"https:\/\/freevpnplanet.com\/sv\/wp-json\/wp\/v2\/media?parent=100042"}],"wp:term":[{"taxonomy":"download_by_lite_tag","embeddable":true,"href":"https:\/\/freevpnplanet.com\/sv\/wp-json\/wp\/v2\/download_by_lite_tag?post=100042"}],"curies":[{"name":"wp","href":"https:\/\/api.w.org\/{rel}","templated":true}]}}