{"id":101827,"date":"2024-07-04T14:07:25","date_gmt":"2024-07-04T11:07:25","guid":{"rendered":"https:\/\/help.freeplanetvpn.com\/anonymous-browsing\/"},"modified":"2026-02-11T16:43:20","modified_gmt":"2026-02-11T13:43:20","slug":"anonymous-browsing","status":"publish","type":"page","link":"https:\/\/freevpnplanet.com\/sv\/anonymous-browsing\/","title":{"rendered":"Anonymous Browsing"},"content":{"rendered":"\n<div class=\"wp-block-group alignfull has-background is-layout-constrained wp-block-group-is-layout-constrained\" style=\"background:linear-gradient(135deg,rgb(16,33,84) 0%,rgb(3,7,17) 100%)\">\n<section class=\"image-text custom-block align-full bg-circle anonymous-browsing__banner  mobile-image-bottom mobile-title-center  header-size-medium text-size-small   content-left\" style='overflow: hidden;;--background-color:var(--none); --text-color:var(--white);--min-height-mobile:400px;--min-height-desktop:676px;--content-width:50%'>\n\n    <div class=\"gutenberg-block-background\"><img decoding=\"async\" width=\"1366\" height=\"684\" src=\"https:\/\/freevpnplanet.com\/wp-content\/uploads\/2024\/07\/rvpn-rays.d1295b71-20240714_163037_604254.svg\" class=\"gutenberg-block-background__image-desktop background-image\" alt=\"bg-image-desktop\" title=\"bg-image-desktop\" \/><\/div>\n    <div class=\"image-text__inner inner-container\">\n\n        \n                    <div class=\"image-text__content\">\n\n                <h1>Anonym internetsurfning med gratis VPN<\/h1>\n\n\n\n<p>Surfa p\u00e5 webbsidor anonymt med Planet VPN. Tack vare Planet VPN kan dina handlingar p\u00e5 n\u00e4tet inte bli sp\u00e5rade och ditt privatliv f\u00f6rblir skyddat!<\/p>\n                                    <div class=\"image-text__cta\">\n                        <a href=\"\/sv\/plans\/\" target=\"_self\" id=\"qa-hero-cta-btn\" class=\"cta download-by-platform cta--with-border cta-size--small cta-mt--initial icon-position--icon-left\" style=\"--border-radius:40px\"><span class=\"cta__name\">Gratis nedladdning<\/span><\/a>                    <\/div>\n                \n            <\/div>\n        \n                    <div class=\"bg-image-wrapper bg-image-wrapper--desktop custom image-align--right\">\n                <figure style='--image-max-width:1293px;--image-opacity:1.00;width: calc(100% - 20px);left:5%;top:53%'>\n                    <img decoding=\"async\" width=\"1293\" height=\"636\" src=\"https:\/\/freevpnplanet.com\/wp-content\/uploads\/2024\/07\/rvpn-illustration.7b55dbd1-20240704_160606_363858.svg\" class=\"bg-image\" alt=\"Background Image for Desktop\" \/>                <\/figure>\n            <\/div>\n        \n                    <div class=\"bg-image-wrapper bg-image-wrapper--mobile regular-image\">\n                <figure style='width: 150%;max-width: 570px;opacity: 1.00;margin-top: 24px'>\n                    <img decoding=\"async\" width=\"1293\" height=\"636\" src=\"https:\/\/freevpnplanet.com\/wp-content\/uploads\/2024\/07\/rvpn-illustration.7b55dbd1-20240704_160606_363858.svg\" class=\"bg-image\" alt=\"Background Image for Mobile\" \/>                <\/figure>\n            <\/div>\n            <\/div>\n<\/section><\/div>\n\n\n\n<section class=\"image-text-static-image custom-block align-none  mobile-image-bottom   header-size-small text-size-small  \" style=''>\n\n    <div class=\"gutenberg-block-background\"><\/div>\n    <div class=\"image-text-static-image__inner inner-container\">\n                    <div class=\"image-text-static-image__content content-right\" style='--content-width: 50%'>\n                                    <div class=\"image-text-static-image__title\">\n                        <h2 >VARF\u00d6R BEH\u00d6VER VI ANONYMITET N\u00c4R VI ANV\u00c4NDER INTERNET?<\/h2>                    <\/div>\n                \n                <p>Anta att du best\u00e4mmer dig f\u00f6r att k\u00f6pa n\u00e5got i en onlinebutik, och du fyller i dina bankkortsuppgifter. B\u00e5de leverant\u00f6ren och cyber-angripare kan enkelt komma \u00e5t din data och anv\u00e4nda den f\u00f6r sina egna syften. Samma sak g\u00e4ller oavsett vilken personlig information du delar.<\/p>\n<p>\u00c4ven simpla online-meddelanden p\u00e5 dating-sidor eller sociala n\u00e4tverk kan bli delade med allm\u00e4nheten om anslutningen inte \u00e4r s\u00e4kert krypterad.<\/p>\n                                    <div class=\"image-text-static-image__cta\">\n                                                    <a href=\"\/sv\/plans\/\" target=\"_self\" id=\"qa-cta-btn-why\" class=\"cta download-by-platform cta--with-border cta-size--small cta-mt--initial icon-position--icon-left\" style=\"--border-radius:40px\"><span class=\"cta__name\">Gratis nedladdning<\/span><\/a>                                            <\/div>\n                \n                \n\n            <\/div>\n        \n                    <div class=\"bg-image-wrapper bg-image-wrapper--desktop  left image-align--center\" style='--image-max-width: 50%'>\n                <figure>\n                    <img width=\"436\" height=\"449\" src=\"https:\/\/freevpnplanet.com\/wp-content\/uploads\/2024\/07\/rvpn-anon.610c0fb1-20240704_161721_585357.svg\" class=\"attachment-full size-full\" alt=\"\" loading=\"lazy\" decoding=\"sync\" fetchpriority=\"low\" style=\"max-width:436px\" sizes=\"auto, (max-width: 436px) 100vw, 436px\" aria-hidden=\"true\" \/>                    <!-- <img decoding=\"async\" width=\"436\" height=\"449\" src=\"https:\/\/freevpnplanet.com\/wp-content\/uploads\/2024\/07\/rvpn-anon.610c0fb1-20240704_161721_585357.svg\" class=\"attachment-full size-full\" alt=\"\" style=\"max-width:436px\" \/> -->\n                <\/figure>\n            <\/div>\n        \n            <\/div>\n<\/section>\n\n\n<div class=\"wp-block-group alignfull has-background is-layout-constrained wp-block-group-is-layout-constrained\" style=\"background-color:#2f77d4\">\n<section class=\"image-text custom-block align-full   mobile-image-bottom mobile-title-center  header-size-medium text-size-small   content-left\" style='overflow: hidden;;--background-color:var(--none); --text-color:var(--white);--min-height-mobile:400px;--min-height-desktop:650px;--content-width:52%'>\n\n    <div class=\"gutenberg-block-background\"><\/div>\n    <div class=\"image-text__inner inner-container\">\n\n        \n                    <div class=\"image-text__content\">\n\n                <h2><span data-sheets-root=\"1\">PLANET VPN &#8211; DEN B\u00c4STA ANONYMA VPN-TJ\u00c4NSTEN<\/span><\/h2>\n\n\n<p><span data-sheets-root=\"1\">Vi har skapat en avancerad VPN-tj\u00e4nst med snabba servrar och starka krypteringar. M\u00e5nga av v\u00e5ra servrar \u00e4r placerade i olika l\u00e4nder \u00f6ver v\u00e4rlden. Snabba, breda kanaler och en total avsaknad av informations-loggning. Tillsammans med anonymitet av betalningar &#8211; \u00e4r detta var som skiljer Planet VPN fr\u00e5n alla andra konkurrenter. Vi registrerar aldrig din data trafik p\u00e5 n\u00e5got vis, eller g\u00f6r det m\u00f6jligt att identifiera din IP-adress eller tidsst\u00e4mpel.<\/span><br \/>Vi registrerar aldrig din datatrafik p\u00e5 n\u00e5got vis, vilket g\u00f6r det om\u00f6jligt att identifiera dig med din IP-adress eller tidsst\u00e4mpel.<\/p>\n<p>Planet VPN delar inte din information med n\u00e5gon. Dessutom, eftersom vi inte lagrar n\u00e5gon datalogg, kan ingen komma \u00e5t din data.<\/p>\n                                    <div class=\"image-text__cta\">\n                        <a href=\"\/sv\/download\/\" target=\"\" id=\"qa-cta-does-vpn-btn\" class=\"cta cta-size--small cta-mt--initial icon-position--icon-left\" style=\"--border-radius:25px;--border-width:3px;--button-width:320px\"><span class=\"cta__name\">Gratis nedladdning<\/span><\/a>                    <\/div>\n                \n            <\/div>\n        \n                    <div class=\"bg-image-wrapper bg-image-wrapper--desktop custom image-align--left\">\n                <figure style='--image-max-width:1500px;--image-opacity:1.00;width: calc(70% - 20px);left:42%;top:50%'>\n                    <img decoding=\"async\" width=\"1140\" height=\"1140\" src=\"https:\/\/freevpnplanet.com\/wp-content\/uploads\/2024\/05\/rvpn-rvpn-map-20240410-114426-568830-20240507_185226_366905.png\" class=\"bg-image\" alt=\"Background Image for Desktop\" \/>                <\/figure>\n            <\/div>\n        \n                    <div class=\"bg-image-wrapper bg-image-wrapper--mobile background-image\">\n                <figure style='width: 140%;max-width: 1000px;opacity: 0.20;margin-top: 24px'>\n                    <img decoding=\"async\" width=\"1140\" height=\"1140\" src=\"https:\/\/freevpnplanet.com\/wp-content\/uploads\/2024\/05\/rvpn-rvpn-map-20240410-114426-568830-20240507_185226_366905.png\" class=\"bg-image\" alt=\"Background Image for Mobile\" \/>                <\/figure>\n            <\/div>\n            <\/div>\n<\/section><\/div>\n\n\n\n<div class=\"wp-block-group alignfull has-background-blue-background-color has-background is-content-justification-center is-nowrap is-layout-flex wp-container-core-group-is-layout-3 wp-block-group-is-layout-flex\">\n<div class=\"wp-block-columns wp-container-content-1 is-layout-flex wp-container-core-columns-is-layout-1 wp-block-columns-is-layout-flex row-gap--20 stack-breakpoint--768\">\n<div class=\"wp-block-column is-layout-flow wp-block-column-is-layout-flow\">\n<section class=\"advanced-steps custom-block align-none  align-desktop-left align-mobile-left font-normal three-columns title-small image-shadow\" style='--background-color:var(--dark-blue-8)'>\n\n    <div class=\"gutenberg-block-background\"><\/div>\n    <div class=\"advanced-steps__container inner-container\">\n                    <div class=\"advanced-steps__intro\">\n                <h2 style=\"text-align: center;\">Hur b\u00f6rjar jag surfa anonymt?<\/h2>            <\/div>\n        \n        <ul class=\"advanced-steps__list advanced-steps__list--download-steps\" style='--columns-gap:50px'>\n                            <li style='--max-width:px'>\n                                            <h2 class=\"step-title\">1. Ladda ned<\/h2>\n                    \n                                            <div class=\"image-wrapper\">\n                            <img decoding=\"async\" width=\"219\" height=\"170\" src=\"https:\/\/freevpnplanet.com\/wp-content\/uploads\/2024\/05\/rvpn-download.df91dd21-20240524_114147_333777.svg\" class=\"attachment-full size-full\" alt=\"Step 1\" \/>                        <\/div>\n\n                                                    <p><a href=\"https:\/\/freevpnplanet.com\/sv\/download\/\" id=\"qa-advanced-step-content-link\"><span data-sheets-root=\"1\">Ladda ned <\/span><\/a><span data-sheets-root=\"1\">och installera applikationen p\u00e5 din enhet.<\/span><\/p>                                                            <\/li>\n                                <li style='--max-width:px'>\n                                            <h2 class=\"step-title\">2. Anslut<\/h2>\n                    \n                                            <div class=\"image-wrapper\">\n                            <img decoding=\"async\" width=\"220\" height=\"171\" src=\"https:\/\/freevpnplanet.com\/wp-content\/uploads\/2024\/05\/rvpn-login.60a645a1-20240524_114327_062578.svg\" class=\"attachment-full size-full\" alt=\"Step 1\" \/>                        <\/div>\n\n                                                    <p><span data-sheets-root=\"1\">Anslut till en av v\u00e5ra servrar<\/span><\/p>                                                            <\/li>\n                                <li style='--max-width:px'>\n                                            <h2 class=\"step-title\">3. Bes\u00f6k<\/h2>\n                    \n                                            <div class=\"image-wrapper\">\n                            <img decoding=\"async\" width=\"219\" height=\"170\" src=\"https:\/\/freevpnplanet.com\/wp-content\/uploads\/2024\/05\/rvpn-connect.12ef9ce1-20240524_114733_838401.svg\" class=\"attachment-full size-full\" alt=\"Step 3\" \/>                        <\/div>\n\n                                                    <p><span data-sheets-root=\"1\">Bes\u00f6k alla webbplatser utan begr\u00e4nsningar<\/span><\/p>                                                            <\/li>\n                        <\/ul>\n\n                    <div class=\"advanced-steps__cta\">\n                <a href=\"\/sv\/plans\/\" target=\"_self\" id=\"qa-steps-btn-cta\" class=\"cta download-by-platform cta--with-border cta-size--small cta-mt--initial icon-position--icon-left\" style=\"--border-radius:40px\"><span class=\"cta__name\">Gratis nedladdning<\/span><\/a>            <\/div>\n        \n        \n        \n\n    <\/div>\n<\/section>\n<\/div>\n<\/div>\n<\/div>\n\n\n\n<section class=\"wrapper custom-block align-none    \" style=''>\n\n    <div class=\"gutenberg-block-background\"><\/div>\n    <div class=\"wrapper__inner inner-container\">\n        \n\n<section class=\"image-text-static-image custom-block align-none  mobile-image-bottom   header-size-small text-size-small  pb-0--desktop\" style=''>\n\n    <div class=\"gutenberg-block-background\"><\/div>\n    <div class=\"image-text-static-image__inner inner-container\">\n                    <div class=\"image-text-static-image__content content-right\" style='--content-width: 50%'>\n                                    <div class=\"image-text-static-image__title\">\n                        <h2 >SKYDDA PERSONLIG DATA FR\u00c5N O\u00d6NSKADE INKR\u00c4KTARE<\/h2>                    <\/div>\n                \n                <p>Om du inte anv\u00e4nder ett VPN \u00e4r det v\u00e4ldigt l\u00e4tt att sp\u00e5ra och komma \u00e5t din data. Internetleverant\u00f6rer sp\u00e5rar och sparar din aktivitet, och delar den informationen med andra organisationer.<\/p>\n<p>Dessa organisationer anv\u00e4nder din data f\u00f6r att begr\u00e4nsa tillg\u00e5ngen till vissa inneh\u00e5ll och baserat p\u00e5 analysen kan de visa uppbl\u00e5sta priser. F\u00f6r att inte n\u00e4mna s\u00e5rbarheten f\u00f6r kriminalitet p\u00e5 n\u00e4tet och \u00f6vervakning p\u00e5 allm\u00e4nna n\u00e4tverk.<\/p>\n<p>Anv\u00e4nd Planet VPN f\u00f6r att surfa p\u00e5 internet anonymt, och l\u00e5t ingen ta del av eller l\u00e4gga sig i dina personliga aff\u00e4rer.<\/p>\n                \n                \n\n            <\/div>\n        \n                    <div class=\"bg-image-wrapper bg-image-wrapper--desktop  left image-align--center\" style='--image-max-width: 50%'>\n                <figure>\n                    <img width=\"491\" height=\"436\" src=\"https:\/\/freevpnplanet.com\/wp-content\/uploads\/2024\/07\/rvpn-prot.d6581c71-20240704_192646_132779.svg\" class=\"attachment-full size-full\" alt=\"\" loading=\"lazy\" decoding=\"sync\" fetchpriority=\"low\" style=\"max-width:491px\" sizes=\"auto, (max-width: 491px) 100vw, 491px\" aria-hidden=\"true\" \/>                    <!-- <img decoding=\"async\" width=\"491\" height=\"436\" src=\"https:\/\/freevpnplanet.com\/wp-content\/uploads\/2024\/07\/rvpn-prot.d6581c71-20240704_192646_132779.svg\" class=\"attachment-full size-full\" alt=\"\" style=\"max-width:491px\" \/> -->\n                <\/figure>\n            <\/div>\n        \n            <\/div>\n<\/section>\n\n\n<section class=\"image-text-static-image custom-block align-none  mobile-image-bottom   header-size-small text-size-small  \" style=''>\n\n    <div class=\"gutenberg-block-background\"><\/div>\n    <div class=\"image-text-static-image__inner inner-container\">\n                    <div class=\"image-text-static-image__content content-left\" style='--content-width: 52%'>\n                                    <div class=\"image-text-static-image__title\">\n                        <h2 >G\u00f6m din plats och bes\u00f6k webbplatser anonymt<\/h2>                    <\/div>\n                \n                <p>B\u00e5de stora och sm\u00e5 f\u00f6retag spenderar stora summor pengar f\u00f6r att f\u00f6rs\u00e4kra sig om att deras n\u00e4tverksresurser och internetanslutningar anv\u00e4nds till sina avsedda syften.<\/p>\n<p>F\u00f6retag anst\u00e4ller de b\u00e4sta IT proffsen, men \u00e4ven den mest tekniskt oupplysta anv\u00e4ndaren kan nu tack vare Planet VPN g\u00e5 runt brandv\u00e4ggsregler, g\u00f6mma sin plats, och f\u00e5 anonym tillg\u00e5ng till internet och blockerade sidor.<\/p>\n                \n                \n\n            <\/div>\n        \n                    <div class=\"bg-image-wrapper bg-image-wrapper--desktop  right image-align--center\" style='--image-max-width: 48%'>\n                <figure>\n                    <img width=\"436\" height=\"449\" src=\"https:\/\/freevpnplanet.com\/wp-content\/uploads\/2024\/07\/rvpn-anon.610c0fb1-20240704_161721_585357.svg\" class=\"attachment-full size-full\" alt=\"\" loading=\"lazy\" decoding=\"sync\" fetchpriority=\"low\" style=\"max-width:436px\" sizes=\"auto, (max-width: 436px) 100vw, 436px\" aria-hidden=\"true\" \/>                    <!-- <img decoding=\"async\" width=\"436\" height=\"449\" src=\"https:\/\/freevpnplanet.com\/wp-content\/uploads\/2024\/07\/rvpn-anon.610c0fb1-20240704_161721_585357.svg\" class=\"attachment-full size-full\" alt=\"\" style=\"max-width:436px\" \/> -->\n                <\/figure>\n            <\/div>\n        \n            <\/div>\n<\/section>\n\n\n<div class=\"buttons custom-block align-center \">\n                        <a href=\"\/sv\/plans\/\" target=\"_self\" id=\"qa-btn-why-bottom-cta\" class=\"cta download-by-platform cta--with-border cta-size--small cta-mt--initial icon-position--icon-left\" style=\"--border-radius:40px\"><span class=\"cta__name\">Gratis nedladdning<\/span><\/a>            <\/div>\n\n    <\/div>\n\n<\/section>","protected":false},"excerpt":{"rendered":"","protected":false},"author":39,"featured_media":0,"parent":0,"menu_order":0,"comment_status":"closed","ping_status":"closed","template":"templates\/page_template-basic_for_gutenberg.php","meta":{"_acf_changed":false,"inline_featured_image":false,"footnotes":""},"download_by_lite_tag":[],"class_list":["post-101827","page","type-page","status-publish","hentry"],"yoast_head":"<!-- This site is optimized with the Yoast SEO plugin v22.6 - https:\/\/yoast.com\/wordpress\/plugins\/seo\/ -->\n<title>Gratis VPN f\u00f6r anonym och s\u00e4ker surfning \u2013 Planet VPN<\/title>\n<meta name=\"description\" content=\"Klicka h\u00e4r och f\u00e5 svaret p\u00e5 hur man kan surfa anonymt p\u00e5 webben utan n\u00e5gon tredje parts interaktion\" \/>\n<meta name=\"robots\" content=\"index, follow, max-snippet:-1, max-image-preview:large, max-video-preview:-1\" \/>\n<link rel=\"canonical\" href=\"https:\/\/freevpnplanet.com\/sv\/anonymous-browsing\/\" \/>\n<meta property=\"og:locale\" content=\"en_US\" \/>\n<meta property=\"og:type\" content=\"article\" \/>\n<meta property=\"og:title\" content=\"Gratis VPN f\u00f6r anonym och s\u00e4ker surfning \u2013 Planet VPN\" \/>\n<meta property=\"og:description\" content=\"Klicka h\u00e4r och f\u00e5 svaret p\u00e5 hur man kan surfa anonymt p\u00e5 webben utan n\u00e5gon tredje parts interaktion\" \/>\n<meta property=\"og:url\" content=\"https:\/\/freevpnplanet.com\/sv\/anonymous-browsing\/\" \/>\n<meta property=\"og:site_name\" content=\"Planet VPN\" \/>\n<meta property=\"article:modified_time\" content=\"2026-02-11T13:43:20+00:00\" \/>\n<meta name=\"twitter:card\" content=\"summary_large_image\" \/>\n<script type=\"application\/ld+json\" class=\"yoast-schema-graph\">{\"@context\":\"https:\/\/schema.org\",\"@graph\":[{\"@type\":\"WebPage\",\"@id\":\"https:\/\/freevpnplanet.com\/sv\/anonymous-browsing\/\",\"url\":\"https:\/\/freevpnplanet.com\/sv\/anonymous-browsing\/\",\"name\":\"Gratis VPN f\u00f6r anonym och s\u00e4ker surfning \u2013 Planet VPN\",\"isPartOf\":{\"@id\":\"https:\/\/freevpnplanet.com\/sv\/#website\"},\"datePublished\":\"2024-07-04T11:07:25+00:00\",\"dateModified\":\"2026-02-11T13:43:20+00:00\",\"description\":\"Klicka h\u00e4r och f\u00e5 svaret p\u00e5 hur man kan surfa anonymt p\u00e5 webben utan n\u00e5gon tredje parts interaktion\",\"breadcrumb\":{\"@id\":\"https:\/\/freevpnplanet.com\/sv\/anonymous-browsing\/#breadcrumb\"},\"inLanguage\":\"sv\",\"potentialAction\":[{\"@type\":\"ReadAction\",\"target\":[\"https:\/\/freevpnplanet.com\/sv\/anonymous-browsing\/\"]}]},{\"@type\":\"BreadcrumbList\",\"@id\":\"https:\/\/freevpnplanet.com\/sv\/anonymous-browsing\/#breadcrumb\",\"itemListElement\":[{\"@type\":\"ListItem\",\"position\":1,\"name\":\"Home\",\"item\":\"https:\/\/freevpnplanet.com\/sv\/\"},{\"@type\":\"ListItem\",\"position\":2,\"name\":\"Anonymous Browsing\"}]},{\"@type\":\"WebSite\",\"@id\":\"https:\/\/freevpnplanet.com\/sv\/#website\",\"url\":\"https:\/\/freevpnplanet.com\/sv\/\",\"name\":\"Planet VPN \ud83d\udee1\ufe0f\ud83c\udf10 Free VPN\",\"description\":\"Free VPN\",\"potentialAction\":[{\"@type\":\"SearchAction\",\"target\":{\"@type\":\"EntryPoint\",\"urlTemplate\":\"https:\/\/freevpnplanet.com\/sv\/?s={search_term_string}\"},\"query-input\":\"required name=search_term_string\"}],\"inLanguage\":\"sv\",\"publisher\":{\"@id\":\"https:\/\/freevpnplanet.com\/sv\/#organization\"}},{\"@context\":\"https:\/\/schema.org\/\",\"@type\":\"SoftwareApplication\",\"name\":\"Planet VPN \ud83d\udee1\ufe0f\ud83c\udf10 Free VPN\",\"operatingSystem\":\"Windows, macOS, iOS, Android, Linux, Chrome\",\"applicationCategory\":\"SecurityApplication\",\"offers\":{\"@type\":\"AggregateOffer\",\"priceCurrency\":\"USD\",\"price\":\"0\",\"lowPrice\":\"0\",\"availability\":\"https:\/\/schema.org\/InStock\"},\"aggregateRating\":{\"@type\":\"AggregateRating\",\"ratingValue\":\"4.8\",\"bestRating\":\"5\",\"ratingCount\":\"12476\"}},{\"@type\":\"Organization\",\"@id\":\"https:\/\/freevpnplanet.com\/sv\/#organization\",\"url\":\"https:\/\/freevpnplanet.com\/sv\/\",\"name\":\"Planet VPN \ud83d\udee1\ufe0f\ud83c\udf10 Free VPN\"}]}<\/script>\n<!-- \/ Yoast SEO plugin. -->","yoast_head_json":{"title":"Gratis VPN f\u00f6r anonym och s\u00e4ker surfning \u2013 Planet VPN","description":"Klicka h\u00e4r och f\u00e5 svaret p\u00e5 hur man kan surfa anonymt p\u00e5 webben utan n\u00e5gon tredje parts interaktion","robots":{"index":"index","follow":"follow","max-snippet":"max-snippet:-1","max-image-preview":"max-image-preview:large","max-video-preview":"max-video-preview:-1"},"canonical":"https:\/\/freevpnplanet.com\/sv\/anonymous-browsing\/","og_locale":"en_US","og_type":"article","og_title":"Gratis VPN f\u00f6r anonym och s\u00e4ker surfning \u2013 Planet VPN","og_description":"Klicka h\u00e4r och f\u00e5 svaret p\u00e5 hur man kan surfa anonymt p\u00e5 webben utan n\u00e5gon tredje parts interaktion","og_url":"https:\/\/freevpnplanet.com\/sv\/anonymous-browsing\/","og_site_name":"Planet VPN","article_modified_time":"2026-02-11T13:43:20+00:00","twitter_card":"summary_large_image","schema":{"@context":"https:\/\/schema.org","@graph":[{"@type":"WebPage","@id":"https:\/\/freevpnplanet.com\/sv\/anonymous-browsing\/","url":"https:\/\/freevpnplanet.com\/sv\/anonymous-browsing\/","name":"Gratis VPN f\u00f6r anonym och s\u00e4ker surfning \u2013 Planet VPN","isPartOf":{"@id":"https:\/\/freevpnplanet.com\/sv\/#website"},"datePublished":"2024-07-04T11:07:25+00:00","dateModified":"2026-02-11T13:43:20+00:00","description":"Klicka h\u00e4r och f\u00e5 svaret p\u00e5 hur man kan surfa anonymt p\u00e5 webben utan n\u00e5gon tredje parts interaktion","breadcrumb":{"@id":"https:\/\/freevpnplanet.com\/sv\/anonymous-browsing\/#breadcrumb"},"inLanguage":"sv","potentialAction":[{"@type":"ReadAction","target":["https:\/\/freevpnplanet.com\/sv\/anonymous-browsing\/"]}]},{"@type":"BreadcrumbList","@id":"https:\/\/freevpnplanet.com\/sv\/anonymous-browsing\/#breadcrumb","itemListElement":[{"@type":"ListItem","position":1,"name":"Home","item":"https:\/\/freevpnplanet.com\/sv\/"},{"@type":"ListItem","position":2,"name":"Anonymous Browsing"}]},{"@type":"WebSite","@id":"https:\/\/freevpnplanet.com\/sv\/#website","url":"https:\/\/freevpnplanet.com\/sv\/","name":"Planet VPN \ud83d\udee1\ufe0f\ud83c\udf10 Free VPN","description":"Free VPN","potentialAction":[{"@type":"SearchAction","target":{"@type":"EntryPoint","urlTemplate":"https:\/\/freevpnplanet.com\/sv\/?s={search_term_string}"},"query-input":"required name=search_term_string"}],"inLanguage":"sv","publisher":{"@id":"https:\/\/freevpnplanet.com\/sv\/#organization"}},{"@context":"https:\/\/schema.org\/","@type":"SoftwareApplication","name":"Planet VPN \ud83d\udee1\ufe0f\ud83c\udf10 Free VPN","operatingSystem":"Windows, macOS, iOS, Android, Linux, Chrome","applicationCategory":"SecurityApplication","offers":{"@type":"AggregateOffer","priceCurrency":"USD","price":"0","lowPrice":"0","availability":"https:\/\/schema.org\/InStock"},"aggregateRating":{"@type":"AggregateRating","ratingValue":"4.8","bestRating":"5","ratingCount":"12476"}},{"@type":"Organization","@id":"https:\/\/freevpnplanet.com\/sv\/#organization","url":"https:\/\/freevpnplanet.com\/sv\/","name":"Planet VPN \ud83d\udee1\ufe0f\ud83c\udf10 Free VPN"}]}},"acf":[],"_links":{"self":[{"href":"https:\/\/freevpnplanet.com\/sv\/wp-json\/wp\/v2\/pages\/101827","targetHints":{"allow":["GET"]}}],"collection":[{"href":"https:\/\/freevpnplanet.com\/sv\/wp-json\/wp\/v2\/pages"}],"about":[{"href":"https:\/\/freevpnplanet.com\/sv\/wp-json\/wp\/v2\/types\/page"}],"author":[{"embeddable":true,"href":"https:\/\/freevpnplanet.com\/sv\/wp-json\/wp\/v2\/users\/39"}],"replies":[{"embeddable":true,"href":"https:\/\/freevpnplanet.com\/sv\/wp-json\/wp\/v2\/comments?post=101827"}],"version-history":[{"count":8,"href":"https:\/\/freevpnplanet.com\/sv\/wp-json\/wp\/v2\/pages\/101827\/revisions"}],"predecessor-version":[{"id":171410,"href":"https:\/\/freevpnplanet.com\/sv\/wp-json\/wp\/v2\/pages\/101827\/revisions\/171410"}],"wp:attachment":[{"href":"https:\/\/freevpnplanet.com\/sv\/wp-json\/wp\/v2\/media?parent=101827"}],"wp:term":[{"taxonomy":"download_by_lite_tag","embeddable":true,"href":"https:\/\/freevpnplanet.com\/sv\/wp-json\/wp\/v2\/download_by_lite_tag?post=101827"}],"curies":[{"name":"wp","href":"https:\/\/api.w.org\/{rel}","templated":true}]}}