{"id":101912,"date":"2024-07-03T14:00:39","date_gmt":"2024-07-03T11:00:39","guid":{"rendered":"https:\/\/help.freeplanetvpn.com\/connect-to-free-wi-fi\/"},"modified":"2025-07-18T11:40:18","modified_gmt":"2025-07-18T08:40:18","slug":"connect-to-free-wi-fi","status":"publish","type":"page","link":"https:\/\/freevpnplanet.com\/sv\/connect-to-free-wi-fi\/","title":{"rendered":"Connect to free WI-FI"},"content":{"rendered":"\n<div class=\"wp-block-group alignfull has-background is-layout-constrained wp-block-group-is-layout-constrained\" style=\"background-color:#2f77d4\">\n<section class=\"image-text-static-image custom-block align-none  mobile-image-bottom   header-size-small text-size-small  \" style='--text-color:var(--white)'>\n\n    <div class=\"gutenberg-block-background\"><\/div>\n    <div class=\"image-text-static-image__inner inner-container\">\n                    <div class=\"image-text-static-image__content content-left\" style='--content-width: 50%'>\n                                    <div class=\"image-text-static-image__title\">\n                        <h1 >Gratis VPN f\u00f6r offentligt Wi-Fi gratis vpn<\/h1>                    <\/div>\n                \n                <p>N\u00e4r man anv\u00e4nder ett \u00f6ppet n\u00e4tverk blir anv\u00e4ndaren exponerad och s\u00e5rbar f\u00f6r attacker. Men detta betyder inte att du m\u00e5ste ge upp en njutsam stund online p\u00e5 ditt favoritcaf\u00e9 &#8211; anv\u00e4nd Planet VPN f\u00f6r att skydda din personliga data!<\/p>\n                                    <div class=\"image-text-static-image__cta\">\n                                                    <a href=\"\/sv\/plans\/\" target=\"_self\" id=\"qa-hero-btn-cta\" class=\"cta download-by-platform cta--with-border cta-size--small cta-mt--initial icon-position--icon-left\" style=\"--border-radius:40px\"><span class=\"cta__name\">Gratis nedladdning<\/span><\/a>                                            <\/div>\n                \n                \n\n            <\/div>\n        \n                    <div class=\"bg-image-wrapper bg-image-wrapper--desktop  right image-align--center\" style='--image-max-width: 50%'>\n                <figure>\n                    <img width=\"520\" height=\"480\" src=\"https:\/\/freevpnplanet.com\/wp-content\/uploads\/2024\/07\/rvpn-illustration.d43dde01-20240703_185839_908213.svg\" class=\"attachment-full size-full\" alt=\"\" loading=\"lazy\" decoding=\"sync\" fetchpriority=\"low\" style=\"max-width:531px\" sizes=\"auto, (max-width: 531px) 100vw, 531px\" aria-hidden=\"true\" \/>                    <!-- <img decoding=\"async\" width=\"520\" height=\"480\" src=\"https:\/\/freevpnplanet.com\/wp-content\/uploads\/2024\/07\/rvpn-illustration.d43dde01-20240703_185839_908213.svg\" class=\"attachment-full size-full\" alt=\"\" style=\"max-width:531px\" \/> -->\n                <\/figure>\n            <\/div>\n        \n            <\/div>\n<\/section><\/div>\n\n\n\n<section class=\"image-text-static-image custom-block align-none  mobile-image-bottom  pb-0 header-size-small text-size-small  \" style=''>\n\n    <div class=\"gutenberg-block-background\"><\/div>\n    <div class=\"image-text-static-image__inner inner-container\">\n                    <div class=\"image-text-static-image__content content-right\" style='--content-width: 50%'>\n                                    <div class=\"image-text-static-image__title\">\n                        <h2 >VARF\u00d6R \u00c4R OFFENTLIGT WIFI FARLIGT?<\/h2>                    <\/div>\n                \n                <p>F\u00f6rest\u00e4ll dig att du kontrollerar en enhet d\u00e4r all data passerar. Det betyder att du kan se alla specifika enheter p\u00e5 n\u00e4tverket. Med hj\u00e4lp av information om vilken huvudserver samt IP adress n\u00e5gon har kan du l\u00e4sa meddelanden och ta emot den data som enheten utbyter via internet. F\u00f6r att inte n\u00e4mna att du helt enkelt kan observera anv\u00e4ndarens aktivitet online.<\/p>\n<p>De publika WiFi platserna \u00e4r inte skyddade f\u00f6rutom de med l\u00f6senord kopplade till dem, vilka \u00e4r v\u00e4ldigt l\u00e4tta att f\u00e5 tag p\u00e5. L\u00f6senordet hindrar enbart slumpm\u00e4ssiga fr\u00e4mlingar fr\u00e5n att anv\u00e4nda n\u00e4tverket.<\/p>\n                \n                \n\n            <\/div>\n        \n                    <div class=\"bg-image-wrapper bg-image-wrapper--desktop  left image-align--center\" style='--image-max-width: 50%'>\n                <figure>\n                    <img width=\"502\" height=\"353\" src=\"https:\/\/freevpnplanet.com\/wp-content\/uploads\/2024\/07\/rvpn-what-for.c637ee71-20240703_190103_770740.svg\" class=\"attachment-full size-full\" alt=\"\" loading=\"lazy\" decoding=\"sync\" fetchpriority=\"low\" style=\"max-width:502px\" sizes=\"auto, (max-width: 502px) 100vw, 502px\" aria-hidden=\"true\" \/>                    <!-- <img decoding=\"async\" width=\"502\" height=\"353\" src=\"https:\/\/freevpnplanet.com\/wp-content\/uploads\/2024\/07\/rvpn-what-for.c637ee71-20240703_190103_770740.svg\" class=\"attachment-full size-full\" alt=\"\" style=\"max-width:502px\" \/> -->\n                <\/figure>\n            <\/div>\n        \n            <\/div>\n<\/section>\n\n\n<section class=\"image-text-static-image custom-block align-none  mobile-image-bottom   header-size-small text-size-small  \" style=''>\n\n    <div class=\"gutenberg-block-background\"><\/div>\n    <div class=\"image-text-static-image__inner inner-container\">\n                    <div class=\"image-text-static-image__content content-left\" style='--content-width: 50%'>\n                \n                <p>Dessutom \u00e4r dessa l\u00f6senord ofta skrivna mitt i restaurangen eller hotellet d\u00e4r det publika n\u00e4tverket \u00e4r tillg\u00e4ngligt. i 98% av fallen har WiFi-n\u00e4tverket inget annat skydd \u00e4n l\u00f6senordet. En person med \u00e5tminstone lite kunskap om IT kan f\u00e5 kontroll \u00f6ver WiFi-n\u00e4tverket och d\u00e4rf\u00f6r \u00e4ven datan som passerar genom det. Konsekvenserna kan bli v\u00e4ldigt olika, fr\u00e5n l\u00e4ckor av personlig information till st\u00f6ld av konton, anv\u00e4nda till online-betalningar med kort eller f\u00f6rlust av viktig kommersiell information.<\/p>\n<p>Men detta betyder inte att allm\u00e4nna WiFi-n\u00e4tverk \u00e4r onda och m\u00e5ste undvikas. Med Planet VPN kan du s\u00e4kert kryptera din internetaktivitet p\u00e5 ett s\u00e4tt som g\u00f6r att ingen kan f\u00e5 \u00e5tkomst till din information!<\/p>\n                \n                \n\n            <\/div>\n        \n                    <div class=\"bg-image-wrapper bg-image-wrapper--desktop  right image-align--center\" style='--image-max-width: 50%'>\n                <figure>\n                    <img width=\"483\" height=\"493\" src=\"https:\/\/freevpnplanet.com\/wp-content\/uploads\/2024\/07\/rvpn-spider.0ddda6d1-20240703_190230_735534.svg\" class=\"attachment-full size-full\" alt=\"\" loading=\"lazy\" decoding=\"sync\" fetchpriority=\"low\" style=\"max-width:483px\" sizes=\"auto, (max-width: 483px) 100vw, 483px\" aria-hidden=\"true\" \/>                    <!-- <img decoding=\"async\" width=\"483\" height=\"493\" src=\"https:\/\/freevpnplanet.com\/wp-content\/uploads\/2024\/07\/rvpn-spider.0ddda6d1-20240703_190230_735534.svg\" class=\"attachment-full size-full\" alt=\"\" style=\"max-width:483px\" \/> -->\n                <\/figure>\n            <\/div>\n        \n            <\/div>\n<\/section>\n\n\n<section class=\"image-text-static-image custom-block align-none  mobile-image-bottom   header-size-small text-size-small  \" style='--background-color:var(--dark-blue-8)'>\n\n    <div class=\"gutenberg-block-background\"><\/div>\n    <div class=\"image-text-static-image__inner inner-container\">\n                    <div class=\"image-text-static-image__content content-right\" style='--content-width: 50%'>\n                                    <div class=\"image-text-static-image__title\">\n                        <h2 >HUR HJ\u00c4LPER VPN ATT SKYDDA DIN DATA N\u00c4R DU \u00c4R ANSLUTEN TILL ETT OFFENTLIGT WIFI?<\/h2>                    <\/div>\n                \n                <p>I grund och botten \u00e4r ett VPN en absolut s\u00e4ker tunnel som kopplar ihop din enhet med en annan enhet tillg\u00e4nglig p\u00e5 ett globalt n\u00e4tverk via internet.<\/p>\n<p>Som en liknelse, t\u00e4nk p\u00e5 din dator utan VPN som ett hus utan st\u00e4ngsel, n\u00e4r du \u00e4r ansluten till ett offentligt WiFi-n\u00e4tverk. Vilken sekund som helst kan n\u00e5gon med mening eller oavsiktligen g\u00e5 in i ditt hus och skada eller stj\u00e4la n\u00e5got. N\u00e4r du anv\u00e4nder en VPN-tj\u00e4nst blir ditt hus som ett fort som \u00e4r om\u00f6jligt att bryta sig in i.<\/p>\n                \n                \n\n            <\/div>\n        \n                    <div class=\"bg-image-wrapper bg-image-wrapper--desktop  left image-align--center\" style='--image-max-width: 50%'>\n                <figure>\n                    <img width=\"436\" height=\"436\" src=\"https:\/\/freevpnplanet.com\/wp-content\/uploads\/2024\/07\/rvpn-dataprotect.d1687661-20240703_190704_001945.svg\" class=\"attachment-full size-full\" alt=\"\" loading=\"lazy\" decoding=\"sync\" fetchpriority=\"low\" style=\"max-width:436px\" sizes=\"auto, (max-width: 436px) 100vw, 436px\" aria-hidden=\"true\" \/>                    <!-- <img decoding=\"async\" width=\"436\" height=\"436\" src=\"https:\/\/freevpnplanet.com\/wp-content\/uploads\/2024\/07\/rvpn-dataprotect.d1687661-20240703_190704_001945.svg\" class=\"attachment-full size-full\" alt=\"\" style=\"max-width:436px\" \/> -->\n                <\/figure>\n            <\/div>\n        \n            <\/div>\n<\/section>\n\n\n<div class=\"wp-block-group alignfull is-content-justification-center is-nowrap is-layout-flex wp-container-core-group-is-layout-2 wp-block-group-is-layout-flex\" style=\"padding-right:var(--wp--preset--spacing--40);padding-left:var(--wp--preset--spacing--40)\">\n<div class=\"wp-block-columns wp-container-content-1 is-layout-flex wp-container-core-columns-is-layout-1 wp-block-columns-is-layout-flex row-gap--20 stack-breakpoint--768\">\n<div class=\"wp-block-column is-layout-flow wp-block-column-is-layout-flow\">\n<section class=\"advanced-steps custom-block align-none  align-desktop-left align-mobile-left font-normal three-columns title-small image-shadow\" style='--background-color:var(--none)'>\n\n    <div class=\"gutenberg-block-background\"><\/div>\n    <div class=\"advanced-steps__container inner-container\">\n                    <div class=\"advanced-steps__intro\">\n                <h2 style=\"text-align: center;\">Hur skyddar jag min enhet n\u00e4r jag \u00e4r ansluten till Wifi p\u00e5 allm\u00e4nna platser?<\/h2>            <\/div>\n        \n        <ul class=\"advanced-steps__list advanced-steps__list--download-steps\" style='--columns-gap:50px'>\n                            <li style='--max-width:px'>\n                                            <h2 class=\"step-title\">Ladda ned<\/h2>\n                    \n                                            <div class=\"image-wrapper\">\n                            <img decoding=\"async\" width=\"219\" height=\"170\" src=\"https:\/\/freevpnplanet.com\/wp-content\/uploads\/2024\/05\/rvpn-download.df91dd21-20240524_114147_333777.svg\" class=\"attachment-full size-full\" alt=\"Step 1\" \/>                        <\/div>\n\n                                                    <p><a href=\"https:\/\/freevpnplanet.com\/sv\/download\/\" id=\"qa-advanced-step-content-link\">Ladda ned<\/a> och installera applikationen p\u00e5 din enhet.<\/p>                                                            <\/li>\n                                <li style='--max-width:px'>\n                                            <h2 class=\"step-title\">Anslut<\/h2>\n                    \n                                            <div class=\"image-wrapper\">\n                            <img decoding=\"async\" width=\"220\" height=\"171\" src=\"https:\/\/freevpnplanet.com\/wp-content\/uploads\/2024\/05\/rvpn-login.60a645a1-20240524_114327_062578.svg\" class=\"attachment-full size-full\" alt=\"Step 1\" \/>                        <\/div>\n\n                                                    <p>Anslut till en av v\u00e5ra servrar.<\/p>                                                            <\/li>\n                                <li style='--max-width:px'>\n                                            <h2 class=\"step-title\">Bes\u00f6k<\/h2>\n                    \n                                            <div class=\"image-wrapper\">\n                            <img decoding=\"async\" width=\"219\" height=\"170\" src=\"https:\/\/freevpnplanet.com\/wp-content\/uploads\/2024\/05\/rvpn-connect.12ef9ce1-20240524_114733_838401.svg\" class=\"attachment-full size-full\" alt=\"Step 3\" \/>                        <\/div>\n\n                                                    <p>Bes\u00f6k alla webbplatser utan begr\u00e4nsningar<\/p>                                                            <\/li>\n                        <\/ul>\n\n                    <div class=\"advanced-steps__cta\">\n                <a href=\"\/sv\/plans\/\" target=\"_self\" id=\"qa-steps-btn-cta\" class=\"cta download-by-platform cta--with-border cta-size--small cta-mt--initial icon-position--icon-left\" style=\"--border-radius:40px\"><span class=\"cta__name\">Gratis nedladdning<\/span><\/a>            <\/div>\n        \n        \n        \n\n    <\/div>\n<\/section>\n<\/div>\n<\/div>\n<\/div>\n\n\n\n<div class=\"wp-block-group alignfull has-background is-layout-constrained wp-block-group-is-layout-constrained\" style=\"background-color:#2f77d4\">\n<section class=\"image-text-static-image custom-block align-none  mobile-image-bottom  pb-0 header-size-small text-size-small  pb-0--desktop\" style='--background-color:var(--none); --text-color:var(--white)'>\n\n    <div class=\"gutenberg-block-background\"><\/div>\n    <div class=\"image-text-static-image__inner inner-container\">\n                    <div class=\"image-text-static-image__content content-left\" style='--content-width: 52%'>\n                                    <div class=\"image-text-static-image__title\">\n                        <h2 >Hur fungerar Planet VPN?<\/h2>                    <\/div>\n                \n                <p>Planet VPN \u00e4r enkelt f\u00f6r anv\u00e4ndaren. N\u00e4r du s\u00e4tter p\u00e5 Planet VPN blir en virtuell tunnel skapad mellan din enhet och resten av internet. Det blockerar alla f\u00f6rs\u00f6k fr\u00e5n utsidan att ta sig in. Dina personliga eller f\u00f6retags meddelanden och Skype-konversationer kan inte p\u00e5 n\u00e5got s\u00e4tt bli uppsnappade eller \u00f6verh\u00f6rda.<\/p>\n<p>All din data \u00e4r krypterad med en modern krypteringsalgoritm, som \u00e4r n\u00e4st intill om\u00f6jlig att kn\u00e4cka.<\/p>\n                \n                \n\n            <\/div>\n        \n                    <div class=\"bg-image-wrapper bg-image-wrapper--desktop  right image-align--center\" style='--image-max-width: 48%'>\n                <figure>\n                    <img width=\"367\" height=\"369\" src=\"https:\/\/freevpnplanet.com\/wp-content\/uploads\/2024\/07\/rvpn-twoseat.cbaff5d1-20240704_125530_690840.svg\" class=\"attachment-full size-full\" alt=\"\" loading=\"lazy\" decoding=\"sync\" fetchpriority=\"low\" style=\"max-width:370px\" sizes=\"auto, (max-width: 370px) 100vw, 370px\" aria-hidden=\"true\" \/>                    <!-- <img decoding=\"async\" width=\"367\" height=\"369\" src=\"https:\/\/freevpnplanet.com\/wp-content\/uploads\/2024\/07\/rvpn-twoseat.cbaff5d1-20240704_125530_690840.svg\" class=\"attachment-full size-full\" alt=\"\" style=\"max-width:370px\" \/> -->\n                <\/figure>\n            <\/div>\n        \n            <\/div>\n<\/section>\n\n\n<section class=\"image-text-static-image custom-block align-none  mobile-image-bottom  pb-0 header-size-small text-size-small  pb-0--desktop\" style='--background-color:var(--none); --text-color:var(--white)'>\n\n    <div class=\"gutenberg-block-background\"><\/div>\n    <div class=\"image-text-static-image__inner inner-container\">\n                    <div class=\"image-text-static-image__content content-right\" style='--content-width: 52%'>\n                \n                <p>F\u00f6rutom att skydda din enhet fr\u00e5n utomst\u00e5ende, ger Planet VPN m\u00f6jligheten att ansluta till VPN-servrar \u00f6ver hela v\u00e4rlden och anv\u00e4nda deras n\u00e4tverksresurser, vilket betyder att du kan kolla p\u00e5 TV-kanaler som nyss var oanv\u00e4ndbara.<\/p>\n<p>Planet VPN ers\u00e4tter din IP-adress med en annan. F\u00f6r att g\u00f6ra detta beh\u00f6ver du bara v\u00e4lja ett land fr\u00e5n listan s\u00e5 kommer alla sidor och tj\u00e4nster du vill visa p\u00e5 din enhet bli som om du vore i det specifika landet.<\/p>\n                \n                \n\n            <\/div>\n        \n                    <div class=\"bg-image-wrapper bg-image-wrapper--desktop  left image-align--left\" style='--image-max-width: 48%'>\n                <figure>\n                    <img width=\"635\" height=\"496\" src=\"https:\/\/freevpnplanet.com\/wp-content\/uploads\/2024\/07\/rvpn-twoworld.9cf60601-20240704_125818_698023.svg\" class=\"attachment-full size-full\" alt=\"\" loading=\"lazy\" decoding=\"sync\" fetchpriority=\"low\" style=\"max-width:635px\" sizes=\"auto, (max-width: 635px) 100vw, 635px\" aria-hidden=\"true\" \/>                    <!-- <img decoding=\"async\" width=\"635\" height=\"496\" src=\"https:\/\/freevpnplanet.com\/wp-content\/uploads\/2024\/07\/rvpn-twoworld.9cf60601-20240704_125818_698023.svg\" class=\"attachment-full size-full\" alt=\"\" style=\"max-width:635px\" \/> -->\n                <\/figure>\n            <\/div>\n        \n            <\/div>\n<\/section>\n\n\n<section class=\"wrapper custom-block align-none    \" style=''>\n\n    <div class=\"gutenberg-block-background\"><\/div>\n    <div class=\"wrapper__inner inner-container\">\n        \n\n<div class=\"buttons custom-block align-center \">\n                        <a href=\"\/sv\/plans\/\" target=\"_self\" id=\"qa-cta-btn-content\" class=\"cta download-by-platform cta--with-border cta-size--small cta-mt--initial icon-position--icon-left\" style=\"--border-radius:40px\"><span class=\"cta__name\">Gratis nedladdning<\/span><\/a>            <\/div>\n\n    <\/div>\n\n<\/section><\/div>\n","protected":false},"excerpt":{"rendered":"","protected":false},"author":39,"featured_media":0,"parent":0,"menu_order":0,"comment_status":"closed","ping_status":"closed","template":"templates\/page_template-basic_for_gutenberg.php","meta":{"_acf_changed":false,"inline_featured_image":false,"footnotes":""},"download_by_lite_tag":[],"class_list":["post-101912","page","type-page","status-publish","hentry"],"yoast_head":"<!-- This site is optimized with the Yoast SEO plugin v22.6 - https:\/\/yoast.com\/wordpress\/plugins\/seo\/ -->\n<title>Gratis VPN f\u00f6r offentligt Wifi - S\u00e4kra din Wi-Fi-anslutning<\/title>\n<meta name=\"description\" content=\"S\u00e4kra din anslutning p\u00e5 offentligt Wi-Fi med gratis Planet VPN. Kryptera b\u00e5de inkommande och utg\u00e5ende trafik f\u00f6r maximal s\u00e4kerhet.\" \/>\n<meta name=\"robots\" content=\"index, follow, max-snippet:-1, max-image-preview:large, max-video-preview:-1\" \/>\n<link rel=\"canonical\" href=\"https:\/\/freevpnplanet.com\/sv\/connect-to-free-wi-fi\/\" \/>\n<meta property=\"og:locale\" content=\"en_US\" \/>\n<meta property=\"og:type\" content=\"article\" \/>\n<meta property=\"og:title\" content=\"Gratis VPN f\u00f6r offentligt Wifi - S\u00e4kra din Wi-Fi-anslutning\" \/>\n<meta property=\"og:description\" content=\"S\u00e4kra din anslutning p\u00e5 offentligt Wi-Fi med gratis Planet VPN. Kryptera b\u00e5de inkommande och utg\u00e5ende trafik f\u00f6r maximal s\u00e4kerhet.\" \/>\n<meta property=\"og:url\" content=\"https:\/\/freevpnplanet.com\/sv\/connect-to-free-wi-fi\/\" \/>\n<meta property=\"og:site_name\" content=\"Planet VPN\" \/>\n<meta property=\"article:modified_time\" content=\"2025-07-18T08:40:18+00:00\" \/>\n<meta name=\"twitter:card\" content=\"summary_large_image\" \/>\n<script type=\"application\/ld+json\" class=\"yoast-schema-graph\">{\"@context\":\"https:\/\/schema.org\",\"@graph\":[{\"@type\":\"WebPage\",\"@id\":\"https:\/\/freevpnplanet.com\/sv\/connect-to-free-wi-fi\/\",\"url\":\"https:\/\/freevpnplanet.com\/sv\/connect-to-free-wi-fi\/\",\"name\":\"Gratis VPN f\u00f6r offentligt Wifi - S\u00e4kra din Wi-Fi-anslutning\",\"isPartOf\":{\"@id\":\"https:\/\/freevpnplanet.com\/sv\/#website\"},\"datePublished\":\"2024-07-03T11:00:39+00:00\",\"dateModified\":\"2025-07-18T08:40:18+00:00\",\"description\":\"S\u00e4kra din anslutning p\u00e5 offentligt Wi-Fi med gratis Planet VPN. Kryptera b\u00e5de inkommande och utg\u00e5ende trafik f\u00f6r maximal s\u00e4kerhet.\",\"breadcrumb\":{\"@id\":\"https:\/\/freevpnplanet.com\/sv\/connect-to-free-wi-fi\/#breadcrumb\"},\"inLanguage\":\"sv\",\"potentialAction\":[{\"@type\":\"ReadAction\",\"target\":[\"https:\/\/freevpnplanet.com\/sv\/connect-to-free-wi-fi\/\"]}]},{\"@type\":\"BreadcrumbList\",\"@id\":\"https:\/\/freevpnplanet.com\/sv\/connect-to-free-wi-fi\/#breadcrumb\",\"itemListElement\":[{\"@type\":\"ListItem\",\"position\":1,\"name\":\"Home\",\"item\":\"https:\/\/freevpnplanet.com\/sv\/\"},{\"@type\":\"ListItem\",\"position\":2,\"name\":\"Connect to free WI-FI\"}]},{\"@type\":\"WebSite\",\"@id\":\"https:\/\/freevpnplanet.com\/sv\/#website\",\"url\":\"https:\/\/freevpnplanet.com\/sv\/\",\"name\":\"Planet VPN \ud83d\udee1\ufe0f\ud83c\udf10 Free VPN\",\"description\":\"Free VPN\",\"potentialAction\":[{\"@type\":\"SearchAction\",\"target\":{\"@type\":\"EntryPoint\",\"urlTemplate\":\"https:\/\/freevpnplanet.com\/sv\/?s={search_term_string}\"},\"query-input\":\"required name=search_term_string\"}],\"inLanguage\":\"sv\",\"publisher\":{\"@id\":\"https:\/\/freevpnplanet.com\/sv\/#organization\"}},{\"@context\":\"https:\/\/schema.org\/\",\"@type\":\"SoftwareApplication\",\"name\":\"Planet VPN \ud83d\udee1\ufe0f\ud83c\udf10 Free VPN\",\"operatingSystem\":\"Windows, macOS, iOS, Android, Linux, Chrome\",\"applicationCategory\":\"SecurityApplication\",\"offers\":{\"@type\":\"AggregateOffer\",\"priceCurrency\":\"USD\",\"price\":\"0\",\"lowPrice\":\"0\",\"availability\":\"https:\/\/schema.org\/InStock\"},\"aggregateRating\":{\"@type\":\"AggregateRating\",\"ratingValue\":\"4.8\",\"bestRating\":\"5\",\"ratingCount\":\"12476\"}},{\"@type\":\"Organization\",\"@id\":\"https:\/\/freevpnplanet.com\/sv\/#organization\",\"url\":\"https:\/\/freevpnplanet.com\/sv\/\",\"name\":\"Planet VPN \ud83d\udee1\ufe0f\ud83c\udf10 Free VPN\"}]}<\/script>\n<!-- \/ Yoast SEO plugin. -->","yoast_head_json":{"title":"Gratis VPN f\u00f6r offentligt Wifi - S\u00e4kra din Wi-Fi-anslutning","description":"S\u00e4kra din anslutning p\u00e5 offentligt Wi-Fi med gratis Planet VPN. Kryptera b\u00e5de inkommande och utg\u00e5ende trafik f\u00f6r maximal s\u00e4kerhet.","robots":{"index":"index","follow":"follow","max-snippet":"max-snippet:-1","max-image-preview":"max-image-preview:large","max-video-preview":"max-video-preview:-1"},"canonical":"https:\/\/freevpnplanet.com\/sv\/connect-to-free-wi-fi\/","og_locale":"en_US","og_type":"article","og_title":"Gratis VPN f\u00f6r offentligt Wifi - S\u00e4kra din Wi-Fi-anslutning","og_description":"S\u00e4kra din anslutning p\u00e5 offentligt Wi-Fi med gratis Planet VPN. Kryptera b\u00e5de inkommande och utg\u00e5ende trafik f\u00f6r maximal s\u00e4kerhet.","og_url":"https:\/\/freevpnplanet.com\/sv\/connect-to-free-wi-fi\/","og_site_name":"Planet VPN","article_modified_time":"2025-07-18T08:40:18+00:00","twitter_card":"summary_large_image","schema":{"@context":"https:\/\/schema.org","@graph":[{"@type":"WebPage","@id":"https:\/\/freevpnplanet.com\/sv\/connect-to-free-wi-fi\/","url":"https:\/\/freevpnplanet.com\/sv\/connect-to-free-wi-fi\/","name":"Gratis VPN f\u00f6r offentligt Wifi - S\u00e4kra din Wi-Fi-anslutning","isPartOf":{"@id":"https:\/\/freevpnplanet.com\/sv\/#website"},"datePublished":"2024-07-03T11:00:39+00:00","dateModified":"2025-07-18T08:40:18+00:00","description":"S\u00e4kra din anslutning p\u00e5 offentligt Wi-Fi med gratis Planet VPN. Kryptera b\u00e5de inkommande och utg\u00e5ende trafik f\u00f6r maximal s\u00e4kerhet.","breadcrumb":{"@id":"https:\/\/freevpnplanet.com\/sv\/connect-to-free-wi-fi\/#breadcrumb"},"inLanguage":"sv","potentialAction":[{"@type":"ReadAction","target":["https:\/\/freevpnplanet.com\/sv\/connect-to-free-wi-fi\/"]}]},{"@type":"BreadcrumbList","@id":"https:\/\/freevpnplanet.com\/sv\/connect-to-free-wi-fi\/#breadcrumb","itemListElement":[{"@type":"ListItem","position":1,"name":"Home","item":"https:\/\/freevpnplanet.com\/sv\/"},{"@type":"ListItem","position":2,"name":"Connect to free WI-FI"}]},{"@type":"WebSite","@id":"https:\/\/freevpnplanet.com\/sv\/#website","url":"https:\/\/freevpnplanet.com\/sv\/","name":"Planet VPN \ud83d\udee1\ufe0f\ud83c\udf10 Free VPN","description":"Free VPN","potentialAction":[{"@type":"SearchAction","target":{"@type":"EntryPoint","urlTemplate":"https:\/\/freevpnplanet.com\/sv\/?s={search_term_string}"},"query-input":"required name=search_term_string"}],"inLanguage":"sv","publisher":{"@id":"https:\/\/freevpnplanet.com\/sv\/#organization"}},{"@context":"https:\/\/schema.org\/","@type":"SoftwareApplication","name":"Planet VPN \ud83d\udee1\ufe0f\ud83c\udf10 Free VPN","operatingSystem":"Windows, macOS, iOS, Android, Linux, Chrome","applicationCategory":"SecurityApplication","offers":{"@type":"AggregateOffer","priceCurrency":"USD","price":"0","lowPrice":"0","availability":"https:\/\/schema.org\/InStock"},"aggregateRating":{"@type":"AggregateRating","ratingValue":"4.8","bestRating":"5","ratingCount":"12476"}},{"@type":"Organization","@id":"https:\/\/freevpnplanet.com\/sv\/#organization","url":"https:\/\/freevpnplanet.com\/sv\/","name":"Planet VPN \ud83d\udee1\ufe0f\ud83c\udf10 Free VPN"}]}},"acf":[],"_links":{"self":[{"href":"https:\/\/freevpnplanet.com\/sv\/wp-json\/wp\/v2\/pages\/101912","targetHints":{"allow":["GET"]}}],"collection":[{"href":"https:\/\/freevpnplanet.com\/sv\/wp-json\/wp\/v2\/pages"}],"about":[{"href":"https:\/\/freevpnplanet.com\/sv\/wp-json\/wp\/v2\/types\/page"}],"author":[{"embeddable":true,"href":"https:\/\/freevpnplanet.com\/sv\/wp-json\/wp\/v2\/users\/39"}],"replies":[{"embeddable":true,"href":"https:\/\/freevpnplanet.com\/sv\/wp-json\/wp\/v2\/comments?post=101912"}],"version-history":[{"count":6,"href":"https:\/\/freevpnplanet.com\/sv\/wp-json\/wp\/v2\/pages\/101912\/revisions"}],"predecessor-version":[{"id":171429,"href":"https:\/\/freevpnplanet.com\/sv\/wp-json\/wp\/v2\/pages\/101912\/revisions\/171429"}],"wp:attachment":[{"href":"https:\/\/freevpnplanet.com\/sv\/wp-json\/wp\/v2\/media?parent=101912"}],"wp:term":[{"taxonomy":"download_by_lite_tag","embeddable":true,"href":"https:\/\/freevpnplanet.com\/sv\/wp-json\/wp\/v2\/download_by_lite_tag?post=101912"}],"curies":[{"name":"wp","href":"https:\/\/api.w.org\/{rel}","templated":true}]}}