{"id":101992,"date":"2024-06-28T17:47:49","date_gmt":"2024-06-28T14:47:49","guid":{"rendered":"https:\/\/help.freeplanetvpn.com\/data-protection-security\/"},"modified":"2026-02-11T15:16:06","modified_gmt":"2026-02-11T12:16:06","slug":"data-protection-security","status":"publish","type":"page","link":"https:\/\/freevpnplanet.com\/sv\/data-protection-security\/","title":{"rendered":"Data Protection Security"},"content":{"rendered":"\n<section class=\"image-text-static-image custom-block align-none data-protection-security__banner mobile-image-bottom   header-size-small text-size-small  \" style='--background-color:var(--dark-blue-0); --text-color:var(--white)'>\n\n    <div class=\"gutenberg-block-background\"><\/div>\n    <div class=\"image-text-static-image__inner inner-container\">\n                    <div class=\"image-text-static-image__content content-left\" style='--content-width: 39%'>\n                                    <div class=\"image-text-static-image__title\">\n                        <h1 >Gratis VPN f\u00f6r internetskydd<\/h1>                    <\/div>\n                \n                <p>\u00c4r du orolig att du blir \u00f6vervakad? &#8211; Inga problem! Med Planet VPN kan ingen sp\u00e5ra eller f\u00e5nga upp din data!<\/p>\n                                    <div class=\"image-text-static-image__cta\">\n                                                    <a href=\"\/sv\/plans\/\" target=\"_self\" id=\"qa-hero-cta-btn\" class=\"cta download-by-platform cta--with-border cta-size--small cta-mt--initial icon-position--icon-left\" style=\"--border-radius:40px\"><span class=\"cta__name\">Gratis nedladdning<\/span><\/a>                                            <\/div>\n                \n                \n\n            <\/div>\n        \n                    <div class=\"bg-image-wrapper bg-image-wrapper--desktop  right image-align--center\" style='--image-max-width: 61%'>\n                <figure>\n                    <img width=\"783\" height=\"734\" src=\"https:\/\/freevpnplanet.com\/wp-content\/uploads\/2024\/06\/rvpn-illustration.626d9081-20240628_175014_032621.svg\" class=\"attachment-full size-full\" alt=\"\" loading=\"lazy\" decoding=\"sync\" fetchpriority=\"low\" style=\"max-width:784px\" sizes=\"auto, (max-width: 784px) 100vw, 784px\" aria-hidden=\"true\" \/>                    <!-- <img decoding=\"async\" width=\"783\" height=\"734\" src=\"https:\/\/freevpnplanet.com\/wp-content\/uploads\/2024\/06\/rvpn-illustration.626d9081-20240628_175014_032621.svg\" class=\"attachment-full size-full\" alt=\"\" style=\"max-width:784px\" \/> -->\n                <\/figure>\n            <\/div>\n        \n            <\/div>\n<\/section>\n\n\n<section class=\"image-text-static-image custom-block align-none  mobile-image-bottom   header-size-small text-size-small  pb-0--desktop\" style=''>\n\n    <div class=\"gutenberg-block-background\"><\/div>\n    <div class=\"image-text-static-image__inner inner-container\">\n                    <div class=\"image-text-static-image__content content-right\" style='--content-width: 49%'>\n                                    <div class=\"image-text-static-image__title\">\n                        <h2 >Vem ser dig p\u00e5 n\u00e4tet?<\/h2>                    <\/div>\n                \n                <p>Alla internetleverant\u00f6rer sparar allt du g\u00f6r p\u00e5 internet: Vilka hemsidor du bes\u00f6ker och vilka meddelanden du s\u00e4nder \u00f6ver n\u00e4tet. Denna information skickas till ett speciellt f\u00f6rvar. Om du \u00e4r ansluten till ett offentligt n\u00e4tverk kommer all data du s\u00e4nder och tar emot vara tillg\u00e4nglig f\u00f6r \u00e4garen av n\u00e4tverket.<\/p>\n<p>Om du \u00e4r ansluten till ett offentligt Wi-Fi n\u00e4tverk, \u00e4r all data du skickar och tar emot tillg\u00e4nglig f\u00f6r n\u00e4t\u00e4garen.<\/p>\n                \n                \n\n            <\/div>\n        \n                    <div class=\"bg-image-wrapper bg-image-wrapper--desktop  left image-align--center\" style='--image-max-width: 51%'>\n                <figure>\n                    <img width=\"472\" height=\"436\" src=\"https:\/\/freevpnplanet.com\/wp-content\/uploads\/2024\/06\/rvpn-surv.6d002b11-20240628_175357_751526.svg\" class=\"attachment-full size-full\" alt=\"\" loading=\"lazy\" decoding=\"sync\" fetchpriority=\"low\" style=\"max-width:472px\" sizes=\"auto, (max-width: 472px) 100vw, 472px\" aria-hidden=\"true\" \/>                    <!-- <img decoding=\"async\" width=\"472\" height=\"436\" src=\"https:\/\/freevpnplanet.com\/wp-content\/uploads\/2024\/06\/rvpn-surv.6d002b11-20240628_175357_751526.svg\" class=\"attachment-full size-full\" alt=\"\" style=\"max-width:472px\" \/> -->\n                <\/figure>\n            <\/div>\n        \n            <\/div>\n<\/section>\n\n\n<section class=\"image-text-static-image custom-block align-none  mobile-image-bottom   header-size-small text-size-small  \" style=''>\n\n    <div class=\"gutenberg-block-background\"><\/div>\n    <div class=\"image-text-static-image__inner inner-container\">\n                    <div class=\"image-text-static-image__content content-left\" style='--content-width: 49%'>\n                \n                <p>Webbplats\u00e4gare \u00f6vervakar fr\u00e5n vilken IP deras webbplats har bes\u00f6kts. Dessutom samlar s\u00f6kmotorer och olika statistiktj\u00e4nster in all m\u00f6jlig information om dig. F\u00f6r att inte tala om den enorma m\u00e4ngd brottslingar som f\u00f6rs\u00f6ker f\u00e5 tag p\u00e5 konfidentiell information, vare sig det \u00e4r kortuppgifter, personlig data eller meddelanden.<\/p>\n<p>Varje person som har samlat information om dig kan g\u00f6ra obehagliga och oacceptabla saker. Men det finns en l\u00f6sning &#8211; Planet VPN! Tack vare v\u00e5ra p\u00e5litliga krypteringar \u00e4r det om\u00f6jligt att extrahera din information online. V\u00e5rt breda utbud av kanaler och otroligt snabba servrar s\u00e4kerst\u00e4ller att ditt internet inte bara \u00e4r s\u00e4kert, utan ocks\u00e5 bekv\u00e4mt att anv\u00e4nda.<\/p>\n                \n                \n\n            <\/div>\n        \n                    <div class=\"bg-image-wrapper bg-image-wrapper--desktop  right image-align--center\" style='--image-max-width: 51%'>\n                <figure>\n                    <img width=\"436\" height=\"436\" src=\"https:\/\/freevpnplanet.com\/wp-content\/uploads\/2024\/06\/rvpn-watch.c8e51db1-20240628_175545_400134.svg\" class=\"attachment-full size-full\" alt=\"\" loading=\"lazy\" decoding=\"sync\" fetchpriority=\"low\" style=\"max-width:472px\" sizes=\"auto, (max-width: 472px) 100vw, 472px\" aria-hidden=\"true\" \/>                    <!-- <img decoding=\"async\" width=\"436\" height=\"436\" src=\"https:\/\/freevpnplanet.com\/wp-content\/uploads\/2024\/06\/rvpn-watch.c8e51db1-20240628_175545_400134.svg\" class=\"attachment-full size-full\" alt=\"\" style=\"max-width:472px\" \/> -->\n                <\/figure>\n            <\/div>\n        \n            <\/div>\n<\/section>\n\n\n<div class=\"wp-block-group alignfull has-background-blue-background-color has-background is-content-justification-center is-nowrap is-layout-flex wp-container-core-group-is-layout-1 wp-block-group-is-layout-flex\">\n<div class=\"wp-block-columns wp-container-content-1 is-layout-flex wp-container-core-columns-is-layout-1 wp-block-columns-is-layout-flex row-gap--20 stack-breakpoint--768\">\n<div class=\"wp-block-column is-layout-flow wp-block-column-is-layout-flow\" style=\"padding-right:var(--wp--preset--spacing--50);padding-left:var(--wp--preset--spacing--50)\">\n<section class=\"advanced-steps custom-block align-center  align-desktop-left align-mobile-left font-normal three-columns title-small image-shadow\" style=''>\n\n    <div class=\"gutenberg-block-background\"><\/div>\n    <div class=\"advanced-steps__container inner-container\">\n                    <div class=\"advanced-steps__intro\">\n                <h2 style=\"text-align: center;\">Hur skyddar jag mig fr\u00e5n \u00f6vervakning p\u00e5 n\u00e4tet?<\/h2>            <\/div>\n        \n        <ul class=\"advanced-steps__list advanced-steps__list--download-steps\" style='--columns-gap:50px'>\n                            <li style='--max-width:px'>\n                                            <h2 class=\"step-title\">Ladda ned<\/h2>\n                    \n                                            <div class=\"image-wrapper\">\n                            <img decoding=\"async\" width=\"219\" height=\"170\" src=\"https:\/\/freevpnplanet.com\/wp-content\/uploads\/2024\/05\/rvpn-download.df91dd21-20240524_114147_333777.svg\" class=\"attachment-full size-full\" alt=\"Step 1\" \/>                        <\/div>\n\n                                                    <p><a href=\"https:\/\/freevpnplanet.com\/sv\/download\/\" target=\"_blank\" rel=\"noopener\" id=\"qa-advanced-step-content-link\">Ladda ner<\/a> och installera applikationen p\u00e5 din enhet.<\/p>                                                            <\/li>\n                                <li style='--max-width:px'>\n                                            <h2 class=\"step-title\">Anslut<\/h2>\n                    \n                                            <div class=\"image-wrapper\">\n                            <img decoding=\"async\" width=\"220\" height=\"171\" src=\"https:\/\/freevpnplanet.com\/wp-content\/uploads\/2024\/05\/rvpn-login.60a645a1-20240524_114327_062578.svg\" class=\"attachment-full size-full\" alt=\"Step 1\" \/>                        <\/div>\n\n                                                    <p>Anslut till en av v\u00e5ra servrar.<\/p>                                                            <\/li>\n                                <li style='--max-width:px'>\n                                            <h2 class=\"step-title\">Bes\u00f6k<\/h2>\n                    \n                                            <div class=\"image-wrapper\">\n                            <img decoding=\"async\" width=\"219\" height=\"170\" src=\"https:\/\/freevpnplanet.com\/wp-content\/uploads\/2024\/05\/rvpn-connect.12ef9ce1-20240524_114733_838401.svg\" class=\"attachment-full size-full\" alt=\"Step 3\" \/>                        <\/div>\n\n                                                    <p>Bes\u00f6k alla webbplatser utan begr\u00e4nsningar<\/p>                                                            <\/li>\n                        <\/ul>\n\n                    <div class=\"advanced-steps__cta\">\n                <a href=\"\/sv\/plans\/\" target=\"_self\" id=\"qa-cta-steps-btn\" class=\"cta download-by-platform cta--with-border cta-size--small cta-mt--initial icon-position--icon-left\" style=\"--border-radius:40px\"><span class=\"cta__name\">Ladda ner gratis<\/span><\/a>            <\/div>\n        \n        \n        \n\n    <\/div>\n<\/section>\n<\/div>\n<\/div>\n<\/div>\n\n\n\n<section class=\"image-text-static-image custom-block align-none  mobile-image-bottom   header-size-small text-size-small  pb-0--desktop\" style=''>\n\n    <div class=\"gutenberg-block-background\"><\/div>\n    <div class=\"image-text-static-image__inner inner-container\">\n                    <div class=\"image-text-static-image__content content-left\" style='--content-width: 49%'>\n                                    <div class=\"image-text-static-image__title\">\n                        <h2 >HUR BLIR DU \u00d6VERVAKAD ONLINE?<\/h2>                    <\/div>\n                \n                <p>Varje enhet p\u00e5 n\u00e4tverket har en egen IP-adress, \u00e4ven om du ansluter till internet genom ett offentligt n\u00e4tverk och din externa IP inte \u00e4r unik. Det finns ocks\u00e5 en lokal adress i n\u00e4tverket. Leverant\u00f6r eller n\u00e4tverks\u00e4gare kan l\u00e4tt sp\u00e5ra platsen och externa IP-adresser f\u00f6r att f\u00f6lja och sp\u00e5r dina aktiviteter.<\/p>\n<p>Alla dina icke-krypterade handlingar och meddelanden p\u00e5 n\u00e4tverket \u00e4r inspelade, bearbetade och lagrade i flera m\u00e5nader till flera \u00e5r.<\/p>\n                \n                \n\n            <\/div>\n        \n                    <div class=\"bg-image-wrapper bg-image-wrapper--desktop  right image-align--center\" style='--image-max-width: 51%'>\n                <figure>\n                    <img width=\"436\" height=\"436\" src=\"https:\/\/freevpnplanet.com\/wp-content\/uploads\/2024\/06\/rvpn-zoom.97114291-20240628_180539_548832.svg\" class=\"attachment-full size-full\" alt=\"\" loading=\"lazy\" decoding=\"sync\" fetchpriority=\"low\" style=\"max-width:472px\" sizes=\"auto, (max-width: 472px) 100vw, 472px\" aria-hidden=\"true\" \/>                    <!-- <img decoding=\"async\" width=\"436\" height=\"436\" src=\"https:\/\/freevpnplanet.com\/wp-content\/uploads\/2024\/06\/rvpn-zoom.97114291-20240628_180539_548832.svg\" class=\"attachment-full size-full\" alt=\"\" style=\"max-width:472px\" \/> -->\n                <\/figure>\n            <\/div>\n        \n            <\/div>\n<\/section>\n\n\n<section class=\"image-text-static-image custom-block align-none  mobile-image-bottom   header-size-small text-size-small  \" style=''>\n\n    <div class=\"gutenberg-block-background\"><\/div>\n    <div class=\"image-text-static-image__inner inner-container\">\n                    <div class=\"image-text-static-image__content content-right\" style='--content-width: 49%'>\n                \n                <p>Det finns m\u00e5nga fler sp\u00e5rningstekniker p\u00e5 ett n\u00e4tverk, men de \u00e4r alla maktl\u00f6sa mot VPN-teknologin, vilken skapar en krypterad tunnel mellan dig och servern, som g\u00f6r det om\u00f6jligt att sp\u00e5ra din internetaktivitet.<\/p>\n<p>D\u00e4rf\u00f6r, kan ingen anv\u00e4nda din information i n\u00e5got syfte. Planet VPN \u00e4r en stark kryptering, snabba transport kanaler mellan data och servern, och absorberar data historik.<\/p>\n                \n                \n\n            <\/div>\n        \n                    <div class=\"bg-image-wrapper bg-image-wrapper--desktop  left image-align--center\" style='--image-max-width: 51%'>\n                <figure>\n                    <img width=\"436\" height=\"436\" src=\"https:\/\/freevpnplanet.com\/wp-content\/uploads\/2024\/06\/rvpn-tech.7ca10ed1-20240628_180601_644317.svg\" class=\"attachment-full size-full\" alt=\"\" loading=\"lazy\" decoding=\"sync\" fetchpriority=\"low\" style=\"max-width:472px\" sizes=\"auto, (max-width: 472px) 100vw, 472px\" aria-hidden=\"true\" \/>                    <!-- <img decoding=\"async\" width=\"436\" height=\"436\" src=\"https:\/\/freevpnplanet.com\/wp-content\/uploads\/2024\/06\/rvpn-tech.7ca10ed1-20240628_180601_644317.svg\" class=\"attachment-full size-full\" alt=\"\" style=\"max-width:472px\" \/> -->\n                <\/figure>\n            <\/div>\n        \n            <\/div>\n<\/section>\n\n\n<section class=\"image-text-static-image custom-block align-none  mobile-image-bottom   header-size-small text-size-small  \" style='--background-color:var(--dark-blue-0); --text-color:var(--white)'>\n\n    <div class=\"gutenberg-block-background\"><\/div>\n    <div class=\"image-text-static-image__inner inner-container\">\n                    <div class=\"image-text-static-image__content content-right\" style='--content-width: 51%'>\n                                    <div class=\"image-text-static-image__title\">\n                        <h2 >DU \u00c4R INTE L\u00c4NGRE \u00d6VERVAKAD!<\/h2>                    <\/div>\n                \n                <p>Idag har s\u00f6kmotorer, leverant\u00f6rer och webbsidor m\u00f6jlighet att l\u00e4sa av data om varje anv\u00e4ndare med olika m\u00e5l. Den mest ofarliga av dem \u00e4r den som ger tillg\u00e5ng till reklam. Hur som helst, denna information kan komma i h\u00e4nderna av bedragare vilket \u00e4r mest troligt att leda till st\u00f6ld av personlig och ekonomisk data.<\/p>\n<p>Vi anv\u00e4nder en stark 256-bit kryptering f\u00f6r att skydda dig fr\u00e5n inkr\u00e4ktare och\/eller \u00f6vervakare av din internetaktivitet. Anv\u00e4nder du Planet VPN s\u00e5 g\u00f6mmer du din IP-adress och g\u00f6r din surfning fullkomligt anonym.<\/p>\n<p>Vi beh\u00e5ller ingen information om din aktivitet p\u00e5 internet. D\u00e4rf\u00f6r kommer all din aktivitet vara anonym. Anonymt surfande kommer att till\u00e5ta dig att s\u00e4kra dina bank- och kreditkonton, personlig och f\u00f6retagsinformation, alla sorters meddelanden online samt mycket mera fr\u00e5n inkr\u00e4ktare.<\/p>\n                                    <div class=\"image-text-static-image__cta\">\n                                                    <a href=\"\/sv\/plans\/\" target=\"_self\" id=\"qa-cta-ready-btn\" class=\"cta download-by-platform cta--with-border cta-size--small cta-mt--initial icon-position--icon-left\" style=\"--border-radius:40px\"><span class=\"cta__name\">Gratis nedladdning<\/span><\/a>                                            <\/div>\n                \n                \n\n            <\/div>\n        \n                    <div class=\"bg-image-wrapper bg-image-wrapper--desktop  left image-align--center\" style='--image-max-width: 49%'>\n                <figure>\n                    <img width=\"444\" height=\"444\" src=\"https:\/\/freevpnplanet.com\/wp-content\/uploads\/2024\/07\/rvpn-no-spy.345c7111-20240701_151227_904235.svg\" class=\"attachment-full size-full\" alt=\"\" loading=\"lazy\" decoding=\"sync\" fetchpriority=\"low\" style=\"max-width:444px\" sizes=\"auto, (max-width: 444px) 100vw, 444px\" aria-hidden=\"true\" \/>                    <!-- <img decoding=\"async\" width=\"444\" height=\"444\" src=\"https:\/\/freevpnplanet.com\/wp-content\/uploads\/2024\/07\/rvpn-no-spy.345c7111-20240701_151227_904235.svg\" class=\"attachment-full size-full\" alt=\"\" style=\"max-width:444px\" \/> -->\n                <\/figure>\n            <\/div>\n        \n            <\/div>\n<\/section>","protected":false},"excerpt":{"rendered":"","protected":false},"author":39,"featured_media":0,"parent":0,"menu_order":0,"comment_status":"closed","ping_status":"closed","template":"templates\/page_template-basic_for_gutenberg.php","meta":{"_acf_changed":false,"inline_featured_image":false,"footnotes":""},"download_by_lite_tag":[],"class_list":["post-101992","page","type-page","status-publish","hentry"],"yoast_head":"<!-- This site is optimized with the Yoast SEO plugin v22.6 - https:\/\/yoast.com\/wordpress\/plugins\/seo\/ -->\n<title>VPN f\u00f6r Internetskydd \u2013 Skydda dina data online med Gratis VPN<\/title>\n<meta name=\"description\" content=\"VPN \u00e4r en av de v\u00e4xande och snabbaste utvecklings omr\u00e5dena av information av s\u00e4krad teknologi. Vpn tj\u00e4nster fr\u00e5n Planet VPN kommer skydda dig sj\u00e4lv fr\u00e5n \u00f6vervakning p\u00e5 internet och f\u00f6rs\u00f6kra din s\u00e4kerhet!\" \/>\n<meta name=\"robots\" content=\"index, follow, max-snippet:-1, max-image-preview:large, max-video-preview:-1\" \/>\n<link rel=\"canonical\" href=\"https:\/\/freevpnplanet.com\/sv\/data-protection-security\/\" \/>\n<meta property=\"og:locale\" content=\"en_US\" \/>\n<meta property=\"og:type\" content=\"article\" \/>\n<meta property=\"og:title\" content=\"VPN f\u00f6r Internetskydd \u2013 Skydda dina data online med Gratis VPN\" \/>\n<meta property=\"og:description\" content=\"VPN \u00e4r en av de v\u00e4xande och snabbaste utvecklings omr\u00e5dena av information av s\u00e4krad teknologi. Vpn tj\u00e4nster fr\u00e5n Planet VPN kommer skydda dig sj\u00e4lv fr\u00e5n \u00f6vervakning p\u00e5 internet och f\u00f6rs\u00f6kra din s\u00e4kerhet!\" \/>\n<meta property=\"og:url\" content=\"https:\/\/freevpnplanet.com\/sv\/data-protection-security\/\" \/>\n<meta property=\"og:site_name\" content=\"Planet VPN\" \/>\n<meta property=\"article:modified_time\" content=\"2026-02-11T12:16:06+00:00\" \/>\n<meta name=\"twitter:card\" content=\"summary_large_image\" \/>\n<script type=\"application\/ld+json\" class=\"yoast-schema-graph\">{\"@context\":\"https:\/\/schema.org\",\"@graph\":[{\"@type\":\"WebPage\",\"@id\":\"https:\/\/freevpnplanet.com\/sv\/data-protection-security\/\",\"url\":\"https:\/\/freevpnplanet.com\/sv\/data-protection-security\/\",\"name\":\"VPN f\u00f6r Internetskydd \u2013 Skydda dina data online med Gratis VPN\",\"isPartOf\":{\"@id\":\"https:\/\/freevpnplanet.com\/sv\/#website\"},\"datePublished\":\"2024-06-28T14:47:49+00:00\",\"dateModified\":\"2026-02-11T12:16:06+00:00\",\"description\":\"VPN \u00e4r en av de v\u00e4xande och snabbaste utvecklings omr\u00e5dena av information av s\u00e4krad teknologi. Vpn tj\u00e4nster fr\u00e5n Planet VPN kommer skydda dig sj\u00e4lv fr\u00e5n \u00f6vervakning p\u00e5 internet och f\u00f6rs\u00f6kra din s\u00e4kerhet!\",\"breadcrumb\":{\"@id\":\"https:\/\/freevpnplanet.com\/sv\/data-protection-security\/#breadcrumb\"},\"inLanguage\":\"sv\",\"potentialAction\":[{\"@type\":\"ReadAction\",\"target\":[\"https:\/\/freevpnplanet.com\/sv\/data-protection-security\/\"]}]},{\"@type\":\"BreadcrumbList\",\"@id\":\"https:\/\/freevpnplanet.com\/sv\/data-protection-security\/#breadcrumb\",\"itemListElement\":[{\"@type\":\"ListItem\",\"position\":1,\"name\":\"Home\",\"item\":\"https:\/\/freevpnplanet.com\/sv\/\"},{\"@type\":\"ListItem\",\"position\":2,\"name\":\"Data Protection Security\"}]},{\"@type\":\"WebSite\",\"@id\":\"https:\/\/freevpnplanet.com\/sv\/#website\",\"url\":\"https:\/\/freevpnplanet.com\/sv\/\",\"name\":\"Planet VPN \ud83d\udee1\ufe0f\ud83c\udf10 Free VPN\",\"description\":\"Free VPN\",\"potentialAction\":[{\"@type\":\"SearchAction\",\"target\":{\"@type\":\"EntryPoint\",\"urlTemplate\":\"https:\/\/freevpnplanet.com\/sv\/?s={search_term_string}\"},\"query-input\":\"required name=search_term_string\"}],\"inLanguage\":\"sv\",\"publisher\":{\"@id\":\"https:\/\/freevpnplanet.com\/sv\/#organization\"}},{\"@context\":\"https:\/\/schema.org\/\",\"@type\":\"SoftwareApplication\",\"name\":\"Planet VPN \ud83d\udee1\ufe0f\ud83c\udf10 Free VPN\",\"operatingSystem\":\"Windows, macOS, iOS, Android, Linux, Chrome\",\"applicationCategory\":\"SecurityApplication\",\"offers\":{\"@type\":\"AggregateOffer\",\"priceCurrency\":\"USD\",\"price\":\"0\",\"lowPrice\":\"0\",\"availability\":\"https:\/\/schema.org\/InStock\"},\"aggregateRating\":{\"@type\":\"AggregateRating\",\"ratingValue\":\"4.8\",\"bestRating\":\"5\",\"ratingCount\":\"12476\"}},{\"@type\":\"Organization\",\"@id\":\"https:\/\/freevpnplanet.com\/sv\/#organization\",\"url\":\"https:\/\/freevpnplanet.com\/sv\/\",\"name\":\"Planet VPN \ud83d\udee1\ufe0f\ud83c\udf10 Free VPN\"}]}<\/script>\n<!-- \/ Yoast SEO plugin. -->","yoast_head_json":{"title":"VPN f\u00f6r Internetskydd \u2013 Skydda dina data online med Gratis VPN","description":"VPN \u00e4r en av de v\u00e4xande och snabbaste utvecklings omr\u00e5dena av information av s\u00e4krad teknologi. Vpn tj\u00e4nster fr\u00e5n Planet VPN kommer skydda dig sj\u00e4lv fr\u00e5n \u00f6vervakning p\u00e5 internet och f\u00f6rs\u00f6kra din s\u00e4kerhet!","robots":{"index":"index","follow":"follow","max-snippet":"max-snippet:-1","max-image-preview":"max-image-preview:large","max-video-preview":"max-video-preview:-1"},"canonical":"https:\/\/freevpnplanet.com\/sv\/data-protection-security\/","og_locale":"en_US","og_type":"article","og_title":"VPN f\u00f6r Internetskydd \u2013 Skydda dina data online med Gratis VPN","og_description":"VPN \u00e4r en av de v\u00e4xande och snabbaste utvecklings omr\u00e5dena av information av s\u00e4krad teknologi. Vpn tj\u00e4nster fr\u00e5n Planet VPN kommer skydda dig sj\u00e4lv fr\u00e5n \u00f6vervakning p\u00e5 internet och f\u00f6rs\u00f6kra din s\u00e4kerhet!","og_url":"https:\/\/freevpnplanet.com\/sv\/data-protection-security\/","og_site_name":"Planet VPN","article_modified_time":"2026-02-11T12:16:06+00:00","twitter_card":"summary_large_image","schema":{"@context":"https:\/\/schema.org","@graph":[{"@type":"WebPage","@id":"https:\/\/freevpnplanet.com\/sv\/data-protection-security\/","url":"https:\/\/freevpnplanet.com\/sv\/data-protection-security\/","name":"VPN f\u00f6r Internetskydd \u2013 Skydda dina data online med Gratis VPN","isPartOf":{"@id":"https:\/\/freevpnplanet.com\/sv\/#website"},"datePublished":"2024-06-28T14:47:49+00:00","dateModified":"2026-02-11T12:16:06+00:00","description":"VPN \u00e4r en av de v\u00e4xande och snabbaste utvecklings omr\u00e5dena av information av s\u00e4krad teknologi. Vpn tj\u00e4nster fr\u00e5n Planet VPN kommer skydda dig sj\u00e4lv fr\u00e5n \u00f6vervakning p\u00e5 internet och f\u00f6rs\u00f6kra din s\u00e4kerhet!","breadcrumb":{"@id":"https:\/\/freevpnplanet.com\/sv\/data-protection-security\/#breadcrumb"},"inLanguage":"sv","potentialAction":[{"@type":"ReadAction","target":["https:\/\/freevpnplanet.com\/sv\/data-protection-security\/"]}]},{"@type":"BreadcrumbList","@id":"https:\/\/freevpnplanet.com\/sv\/data-protection-security\/#breadcrumb","itemListElement":[{"@type":"ListItem","position":1,"name":"Home","item":"https:\/\/freevpnplanet.com\/sv\/"},{"@type":"ListItem","position":2,"name":"Data Protection Security"}]},{"@type":"WebSite","@id":"https:\/\/freevpnplanet.com\/sv\/#website","url":"https:\/\/freevpnplanet.com\/sv\/","name":"Planet VPN \ud83d\udee1\ufe0f\ud83c\udf10 Free VPN","description":"Free VPN","potentialAction":[{"@type":"SearchAction","target":{"@type":"EntryPoint","urlTemplate":"https:\/\/freevpnplanet.com\/sv\/?s={search_term_string}"},"query-input":"required name=search_term_string"}],"inLanguage":"sv","publisher":{"@id":"https:\/\/freevpnplanet.com\/sv\/#organization"}},{"@context":"https:\/\/schema.org\/","@type":"SoftwareApplication","name":"Planet VPN \ud83d\udee1\ufe0f\ud83c\udf10 Free VPN","operatingSystem":"Windows, macOS, iOS, Android, Linux, Chrome","applicationCategory":"SecurityApplication","offers":{"@type":"AggregateOffer","priceCurrency":"USD","price":"0","lowPrice":"0","availability":"https:\/\/schema.org\/InStock"},"aggregateRating":{"@type":"AggregateRating","ratingValue":"4.8","bestRating":"5","ratingCount":"12476"}},{"@type":"Organization","@id":"https:\/\/freevpnplanet.com\/sv\/#organization","url":"https:\/\/freevpnplanet.com\/sv\/","name":"Planet VPN \ud83d\udee1\ufe0f\ud83c\udf10 Free VPN"}]}},"acf":[],"_links":{"self":[{"href":"https:\/\/freevpnplanet.com\/sv\/wp-json\/wp\/v2\/pages\/101992","targetHints":{"allow":["GET"]}}],"collection":[{"href":"https:\/\/freevpnplanet.com\/sv\/wp-json\/wp\/v2\/pages"}],"about":[{"href":"https:\/\/freevpnplanet.com\/sv\/wp-json\/wp\/v2\/types\/page"}],"author":[{"embeddable":true,"href":"https:\/\/freevpnplanet.com\/sv\/wp-json\/wp\/v2\/users\/39"}],"replies":[{"embeddable":true,"href":"https:\/\/freevpnplanet.com\/sv\/wp-json\/wp\/v2\/comments?post=101992"}],"version-history":[{"count":6,"href":"https:\/\/freevpnplanet.com\/sv\/wp-json\/wp\/v2\/pages\/101992\/revisions"}],"predecessor-version":[{"id":171392,"href":"https:\/\/freevpnplanet.com\/sv\/wp-json\/wp\/v2\/pages\/101992\/revisions\/171392"}],"wp:attachment":[{"href":"https:\/\/freevpnplanet.com\/sv\/wp-json\/wp\/v2\/media?parent=101992"}],"wp:term":[{"taxonomy":"download_by_lite_tag","embeddable":true,"href":"https:\/\/freevpnplanet.com\/sv\/wp-json\/wp\/v2\/download_by_lite_tag?post=101992"}],"curies":[{"name":"wp","href":"https:\/\/api.w.org\/{rel}","templated":true}]}}