{"id":102373,"date":"2024-07-01T18:45:04","date_gmt":"2024-07-01T15:45:04","guid":{"rendered":"https:\/\/help.freeplanetvpn.com\/encryption-of-internet-connection\/"},"modified":"2026-02-11T15:37:34","modified_gmt":"2026-02-11T12:37:34","slug":"encryption-of-internet-connection","status":"publish","type":"page","link":"https:\/\/freevpnplanet.com\/sv\/encryption-of-internet-connection\/","title":{"rendered":"Encryption of internet connection"},"content":{"rendered":"\n<section class=\"image-text-static-image custom-block align-none  mobile-image-bottom   header-size-small text-size-small  \" style='--background-color:var(--dark-blue-0); --text-color:var(--white)'>\n\n    <div class=\"gutenberg-block-background\"><\/div>\n    <div class=\"image-text-static-image__inner inner-container\">\n                    <div class=\"image-text-static-image__content content-left\" style='--content-width: 50%'>\n                                    <div class=\"image-text-static-image__title\">\n                        <h1 >Gratis datakryptering och s\u00e4kerhet med VPN<\/h1>                    <\/div>\n                \n                <p>Planet VPN g\u00f6mmer inte bara din riktiga IP-adress, utan krypterar \u00e4ven din trafik n\u00e4r den g\u00e5r genom internet. Ingen, inte ens din internetleverant\u00f6r eller \u00e4garen av ett \u00f6ppet WiFi kan f\u00e5 \u00e5tkomst till den data du s\u00e4nder och mottar.<\/p>\n                                    <div class=\"image-text-static-image__cta\">\n                                                    <a href=\"\/sv\/plans\/\" target=\"_self\" id=\"qa-hero-cta-btn\" class=\"cta download-by-platform cta--with-border cta-size--small cta-mt--initial icon-position--icon-left\" style=\"--border-radius:40px\"><span class=\"cta__name\">Gratis nedladdning<\/span><\/a>                                            <\/div>\n                \n                \n\n            <\/div>\n        \n                    <div class=\"bg-image-wrapper bg-image-wrapper--desktop  right image-align--center\" style='--image-max-width: 50%'>\n                <figure>\n                    <img width=\"581\" height=\"581\" src=\"https:\/\/freevpnplanet.com\/wp-content\/uploads\/2024\/07\/rvpn-illustration.96354e01-20240701_184724_295398.svg\" class=\"attachment-full size-full\" alt=\"\" loading=\"lazy\" decoding=\"sync\" fetchpriority=\"low\" style=\"max-width:600px\" sizes=\"auto, (max-width: 600px) 100vw, 600px\" aria-hidden=\"true\" \/>                    <!-- <img decoding=\"async\" width=\"581\" height=\"581\" src=\"https:\/\/freevpnplanet.com\/wp-content\/uploads\/2024\/07\/rvpn-illustration.96354e01-20240701_184724_295398.svg\" class=\"attachment-full size-full\" alt=\"\" style=\"max-width:600px\" \/> -->\n                <\/figure>\n            <\/div>\n        \n            <\/div>\n<\/section>\n\n\n<section class=\"image-text-static-image custom-block align-none  mobile-image-bottom  pb-0 header-size-small text-size-small  pb-0--desktop\" style=''>\n\n    <div class=\"gutenberg-block-background\"><\/div>\n    <div class=\"image-text-static-image__inner inner-container\">\n                    <div class=\"image-text-static-image__content content-right\" style='--content-width: 59%'>\n                \n                <h2>HUR FUNGERAR VPN-KRYPTERING?<\/h2>\n<p>N\u00e4r din enhet ansluter till Planet VPN, kommer all den data du s\u00e4nder \u00f6ver internet bli krypterad med en 2048-bits kryptering och endast kopplas \u00f6ver VPN-servrar. Detta krypteringss\u00e4tt s\u00e4kerst\u00e4ller att data\u00f6verf\u00f6ring \u00f6ver internet f\u00f6rblir konfidentiell.<\/p>\n<p>Kryptering \u00e4r en process av att koda data p\u00e5 ett s\u00e4tt som g\u00f6r att endast den avsedda mottagaren, som har den n\u00f6dv\u00e4ndiga nyckeln f\u00f6r avkryptering, kan l\u00e4sa och anv\u00e4nda den.<\/p>\n                \n                \n\n            <\/div>\n        \n                    <div class=\"bg-image-wrapper bg-image-wrapper--desktop  left image-align--center\" style='--image-max-width: 41%'>\n                <figure>\n                    <img width=\"436\" height=\"436\" src=\"https:\/\/freevpnplanet.com\/wp-content\/uploads\/2024\/06\/rvpn-zoom.97114291-20240628_180539_548832.svg\" class=\"attachment-full size-full\" alt=\"\" loading=\"lazy\" decoding=\"sync\" fetchpriority=\"low\" style=\"max-width:440px\" sizes=\"auto, (max-width: 440px) 100vw, 440px\" aria-hidden=\"true\" \/>                    <!-- <img decoding=\"async\" width=\"436\" height=\"436\" src=\"https:\/\/freevpnplanet.com\/wp-content\/uploads\/2024\/06\/rvpn-zoom.97114291-20240628_180539_548832.svg\" class=\"attachment-full size-full\" alt=\"\" style=\"max-width:440px\" \/> -->\n                <\/figure>\n            <\/div>\n        \n            <\/div>\n<\/section>\n\n\n<section class=\"image-text-static-image custom-block align-none  mobile-image-bottom   header-size-small text-size-small  \" style=''>\n\n    <div class=\"gutenberg-block-background\"><\/div>\n    <div class=\"image-text-static-image__inner inner-container\">\n                    <div class=\"image-text-static-image__content content-left\" style='--content-width: 59%'>\n                \n                <p>En aktiv VPN anslutning \u00e4r som ett r\u00f6r i ett r\u00f6r. Ingen fr\u00e5n utsidan kan ta sig in f\u00f6r att se inneh\u00e5llet. \u00c4ven om n\u00e5gon skulle kunna motta din data kommer de inte kunna g\u00f6ra n\u00e5got med den. De beh\u00f6ver den unika nyckel som \u00e4r genererad i den tid utbytet mellan din enhet och VPN-tj\u00e4nsten sker.<\/p>\n<p>Detta garanterar total anonymitet och okr\u00e4nkbar s\u00e4kerhet av datan som s\u00e4nds och mottas av och fr\u00e5n dig via internet, n\u00e4r du anv\u00e4nder Planet VPN-tj\u00e4nsten.<\/p>\n                \n                \n\n            <\/div>\n        \n                    <div class=\"bg-image-wrapper bg-image-wrapper--desktop  right image-align--center\" style='--image-max-width: 41%'>\n                <figure>\n                    <img width=\"328\" height=\"400\" src=\"https:\/\/freevpnplanet.com\/wp-content\/uploads\/2024\/07\/rvpn-crypt.b03ccf11-20240701_185224_014234.svg\" class=\"attachment-full size-full\" alt=\"\" loading=\"lazy\" decoding=\"sync\" fetchpriority=\"low\" style=\"max-width:330px\" sizes=\"auto, (max-width: 330px) 100vw, 330px\" aria-hidden=\"true\" \/>                    <!-- <img decoding=\"async\" width=\"328\" height=\"400\" src=\"https:\/\/freevpnplanet.com\/wp-content\/uploads\/2024\/07\/rvpn-crypt.b03ccf11-20240701_185224_014234.svg\" class=\"attachment-full size-full\" alt=\"\" style=\"max-width:330px\" \/> -->\n                <\/figure>\n            <\/div>\n        \n            <\/div>\n<\/section>\n\n\n<div class=\"wp-block-group alignfull has-background-blue-background-color has-background is-content-justification-center is-nowrap is-layout-flex wp-container-core-group-is-layout-1 wp-block-group-is-layout-flex\" style=\"padding-right:0;padding-left:0\">\n<div class=\"wp-block-columns wp-container-content-1 is-layout-flex wp-container-core-columns-is-layout-1 wp-block-columns-is-layout-flex row-gap--20 stack-breakpoint--768\" style=\"padding-right:var(--wp--preset--spacing--40);padding-left:var(--wp--preset--spacing--40)\">\n<div class=\"wp-block-column is-layout-flow wp-block-column-is-layout-flow\">\n<section class=\"advanced-steps custom-block align-center  align-desktop-left align-mobile-left font-normal three-columns title-small image-shadow\" style=''>\n\n    <div class=\"gutenberg-block-background\"><\/div>\n    <div class=\"advanced-steps__container inner-container\">\n                    <div class=\"advanced-steps__intro\">\n                <h2 style=\"text-align: center;\">Hur krypterar jag min trafik?<\/h2>            <\/div>\n        \n        <ul class=\"advanced-steps__list advanced-steps__list--download-steps\" style='--columns-gap:50px'>\n                            <li style='--max-width:px'>\n                                            <h2 class=\"step-title\">Ladda ned<\/h2>\n                    \n                                            <div class=\"image-wrapper\">\n                            <img decoding=\"async\" width=\"219\" height=\"170\" src=\"https:\/\/freevpnplanet.com\/wp-content\/uploads\/2024\/05\/rvpn-download.df91dd21-20240524_114147_333777.svg\" class=\"attachment-full size-full\" alt=\"Step 1\" \/>                        <\/div>\n\n                                                    <p><a href=\"https:\/\/freevpnplanet.com\/sv\/download\/\" id=\"qa-advanced-step-content-link\">Ladda<\/a> ned och installera applikationen p\u00e5 din enhet.<\/p>                                                            <\/li>\n                                <li style='--max-width:px'>\n                                            <h2 class=\"step-title\">Anslut<\/h2>\n                    \n                                            <div class=\"image-wrapper\">\n                            <img decoding=\"async\" width=\"220\" height=\"171\" src=\"https:\/\/freevpnplanet.com\/wp-content\/uploads\/2024\/05\/rvpn-login.60a645a1-20240524_114327_062578.svg\" class=\"attachment-full size-full\" alt=\"Step 1\" \/>                        <\/div>\n\n                                                    <p>Anslut till en av v\u00e5ra servrar.<\/p>                                                            <\/li>\n                                <li style='--max-width:px'>\n                                            <h2 class=\"step-title\">Bes\u00f6k<\/h2>\n                    \n                                            <div class=\"image-wrapper\">\n                            <img decoding=\"async\" width=\"219\" height=\"170\" src=\"https:\/\/freevpnplanet.com\/wp-content\/uploads\/2024\/05\/rvpn-connect.12ef9ce1-20240524_114733_838401.svg\" class=\"attachment-full size-full\" alt=\"Step 3\" \/>                        <\/div>\n\n                                                    <p>Bes\u00f6k alla webbplatser utan begr\u00e4nsningar<\/p>                                                            <\/li>\n                        <\/ul>\n\n                    <div class=\"advanced-steps__cta\">\n                <a href=\"\/sv\/plans\/\" target=\"_self\" id=\"qa-steps-btn-cta\" class=\"cta download-by-platform cta--with-border cta-size--small cta-mt--initial icon-position--icon-left\" style=\"--border-radius:40px\"><span class=\"cta__name\">Gratis nedladdning<\/span><\/a>            <\/div>\n        \n        \n        \n\n    <\/div>\n<\/section>\n<\/div>\n<\/div>\n<\/div>\n\n\n\n<section class=\"image-text-static-image custom-block align-none  mobile-image-top   header-size-small text-size-small  \" style=''>\n\n    <div class=\"gutenberg-block-background\"><\/div>\n    <div class=\"image-text-static-image__inner inner-container\">\n                    <div class=\"image-text-static-image__content content-left\" style='--content-width: 50%'>\n                                    <div class=\"image-text-static-image__title\">\n                        <h2 >DET VIKTIGA MED VPN-KRYPTERING<\/h2>                    <\/div>\n                \n                <p>Internetanv\u00e4ndare, anst\u00e4llda, \u00e4gare av \u00f6ppna WiFi platser, hemside\u00e4gare &#8211; alla \u00e4r bara en kort lista av dem som konstant f\u00e5r sin internettrafik \u00f6vervakad, av olika anledningar.<\/p>\n<p>Vissa, f\u00f6r att kunna censurera vissa av deras resurser. Andra, f\u00f6r att h\u00e5lla koll p\u00e5 vilket jobb som blir utf\u00f6rt, och ytterligare andra \u00f6vervakas bara av ren nyfikenhet. Den vanligaste anledningen att personer \u00f6vervakar s\u00f6kningar p\u00e5 n\u00e4tet \u00e4r f\u00f6r att sedan kunna s\u00e4lja detta till h\u00f6gsta budare.<\/p>\n<p>Tack vare dagens moderna VPN-teknologi och en p\u00e5litlig 2048 bits-kryptering, kommer Planet VPN att r\u00e4dda dig fr\u00e5n \u00f6vervakare och annan trubbel relaterad till din data.<\/p>\n                                    <div class=\"image-text-static-image__cta\">\n                                                    <a href=\"\/sv\/plans\/\" target=\"_self\" id=\"qa-cta-content-btn\" class=\"cta download-by-platform cta--with-border cta-size--small cta-mt--initial icon-position--icon-left\" style=\"--border-radius:40px\"><span class=\"cta__name\">Gratis nedladdning<\/span><\/a>                                            <\/div>\n                \n                \n\n            <\/div>\n        \n                    <div class=\"bg-image-wrapper bg-image-wrapper--desktop  right image-align--center\" style='--image-max-width: 50%'>\n                <figure>\n                    <img width=\"434\" height=\"484\" src=\"https:\/\/freevpnplanet.com\/wp-content\/uploads\/2024\/07\/rvpn-crackmen.cda31d31-20240701_190109_785249.svg\" class=\"attachment-full size-full\" alt=\"\" loading=\"lazy\" decoding=\"sync\" fetchpriority=\"low\" style=\"max-width:440px\" sizes=\"auto, (max-width: 440px) 100vw, 440px\" aria-hidden=\"true\" \/>                    <!-- <img decoding=\"async\" width=\"434\" height=\"484\" src=\"https:\/\/freevpnplanet.com\/wp-content\/uploads\/2024\/07\/rvpn-crackmen.cda31d31-20240701_190109_785249.svg\" class=\"attachment-full size-full\" alt=\"\" style=\"max-width:440px\" \/> -->\n                <\/figure>\n            <\/div>\n        \n            <\/div>\n<\/section>","protected":false},"excerpt":{"rendered":"","protected":false},"author":39,"featured_media":0,"parent":0,"menu_order":0,"comment_status":"closed","ping_status":"closed","template":"templates\/page_template-basic_for_gutenberg.php","meta":{"_acf_changed":false,"inline_featured_image":false,"footnotes":""},"download_by_lite_tag":[],"class_list":["post-102373","page","type-page","status-publish","hentry"],"yoast_head":"<!-- This site is optimized with the Yoast SEO plugin v22.6 - https:\/\/yoast.com\/wordpress\/plugins\/seo\/ -->\n<title>Datakryptering och s\u00e4kerhet med gratis VPN<\/title>\n<meta name=\"description\" content=\"Skydda din onlineaktivitet med gratis VPN och kryptera all internettrafik. Bli helt anonym och undvik inkr\u00e4ktare med s\u00e4ker VPN-teknologi.\" \/>\n<meta name=\"robots\" content=\"index, follow, max-snippet:-1, max-image-preview:large, max-video-preview:-1\" \/>\n<link rel=\"canonical\" href=\"https:\/\/freevpnplanet.com\/sv\/encryption-of-internet-connection\/\" \/>\n<meta property=\"og:locale\" content=\"en_US\" \/>\n<meta property=\"og:type\" content=\"article\" \/>\n<meta property=\"og:title\" content=\"Datakryptering och s\u00e4kerhet med gratis VPN\" \/>\n<meta property=\"og:description\" content=\"Skydda din onlineaktivitet med gratis VPN och kryptera all internettrafik. Bli helt anonym och undvik inkr\u00e4ktare med s\u00e4ker VPN-teknologi.\" \/>\n<meta property=\"og:url\" content=\"https:\/\/freevpnplanet.com\/sv\/encryption-of-internet-connection\/\" \/>\n<meta property=\"og:site_name\" content=\"Planet VPN\" \/>\n<meta property=\"article:modified_time\" content=\"2026-02-11T12:37:34+00:00\" \/>\n<meta name=\"twitter:card\" content=\"summary_large_image\" \/>\n<script type=\"application\/ld+json\" class=\"yoast-schema-graph\">{\"@context\":\"https:\/\/schema.org\",\"@graph\":[{\"@type\":\"WebPage\",\"@id\":\"https:\/\/freevpnplanet.com\/sv\/encryption-of-internet-connection\/\",\"url\":\"https:\/\/freevpnplanet.com\/sv\/encryption-of-internet-connection\/\",\"name\":\"Datakryptering och s\u00e4kerhet med gratis VPN\",\"isPartOf\":{\"@id\":\"https:\/\/freevpnplanet.com\/sv\/#website\"},\"datePublished\":\"2024-07-01T15:45:04+00:00\",\"dateModified\":\"2026-02-11T12:37:34+00:00\",\"description\":\"Skydda din onlineaktivitet med gratis VPN och kryptera all internettrafik. Bli helt anonym och undvik inkr\u00e4ktare med s\u00e4ker VPN-teknologi.\",\"breadcrumb\":{\"@id\":\"https:\/\/freevpnplanet.com\/sv\/encryption-of-internet-connection\/#breadcrumb\"},\"inLanguage\":\"sv\",\"potentialAction\":[{\"@type\":\"ReadAction\",\"target\":[\"https:\/\/freevpnplanet.com\/sv\/encryption-of-internet-connection\/\"]}]},{\"@type\":\"BreadcrumbList\",\"@id\":\"https:\/\/freevpnplanet.com\/sv\/encryption-of-internet-connection\/#breadcrumb\",\"itemListElement\":[{\"@type\":\"ListItem\",\"position\":1,\"name\":\"Home\",\"item\":\"https:\/\/freevpnplanet.com\/sv\/\"},{\"@type\":\"ListItem\",\"position\":2,\"name\":\"Encryption of internet connection\"}]},{\"@type\":\"WebSite\",\"@id\":\"https:\/\/freevpnplanet.com\/sv\/#website\",\"url\":\"https:\/\/freevpnplanet.com\/sv\/\",\"name\":\"Planet VPN \ud83d\udee1\ufe0f\ud83c\udf10 Free VPN\",\"description\":\"Free VPN\",\"potentialAction\":[{\"@type\":\"SearchAction\",\"target\":{\"@type\":\"EntryPoint\",\"urlTemplate\":\"https:\/\/freevpnplanet.com\/sv\/?s={search_term_string}\"},\"query-input\":\"required name=search_term_string\"}],\"inLanguage\":\"sv\",\"publisher\":{\"@id\":\"https:\/\/freevpnplanet.com\/sv\/#organization\"}},{\"@context\":\"https:\/\/schema.org\/\",\"@type\":\"SoftwareApplication\",\"name\":\"Planet VPN \ud83d\udee1\ufe0f\ud83c\udf10 Free VPN\",\"operatingSystem\":\"Windows, macOS, iOS, Android, Linux, Chrome\",\"applicationCategory\":\"SecurityApplication\",\"offers\":{\"@type\":\"AggregateOffer\",\"priceCurrency\":\"USD\",\"price\":\"0\",\"lowPrice\":\"0\",\"availability\":\"https:\/\/schema.org\/InStock\"},\"aggregateRating\":{\"@type\":\"AggregateRating\",\"ratingValue\":\"4.8\",\"bestRating\":\"5\",\"ratingCount\":\"12476\"}},{\"@type\":\"Organization\",\"@id\":\"https:\/\/freevpnplanet.com\/sv\/#organization\",\"url\":\"https:\/\/freevpnplanet.com\/sv\/\",\"name\":\"Planet VPN \ud83d\udee1\ufe0f\ud83c\udf10 Free VPN\"}]}<\/script>\n<!-- \/ Yoast SEO plugin. -->","yoast_head_json":{"title":"Datakryptering och s\u00e4kerhet med gratis VPN","description":"Skydda din onlineaktivitet med gratis VPN och kryptera all internettrafik. Bli helt anonym och undvik inkr\u00e4ktare med s\u00e4ker VPN-teknologi.","robots":{"index":"index","follow":"follow","max-snippet":"max-snippet:-1","max-image-preview":"max-image-preview:large","max-video-preview":"max-video-preview:-1"},"canonical":"https:\/\/freevpnplanet.com\/sv\/encryption-of-internet-connection\/","og_locale":"en_US","og_type":"article","og_title":"Datakryptering och s\u00e4kerhet med gratis VPN","og_description":"Skydda din onlineaktivitet med gratis VPN och kryptera all internettrafik. Bli helt anonym och undvik inkr\u00e4ktare med s\u00e4ker VPN-teknologi.","og_url":"https:\/\/freevpnplanet.com\/sv\/encryption-of-internet-connection\/","og_site_name":"Planet VPN","article_modified_time":"2026-02-11T12:37:34+00:00","twitter_card":"summary_large_image","schema":{"@context":"https:\/\/schema.org","@graph":[{"@type":"WebPage","@id":"https:\/\/freevpnplanet.com\/sv\/encryption-of-internet-connection\/","url":"https:\/\/freevpnplanet.com\/sv\/encryption-of-internet-connection\/","name":"Datakryptering och s\u00e4kerhet med gratis VPN","isPartOf":{"@id":"https:\/\/freevpnplanet.com\/sv\/#website"},"datePublished":"2024-07-01T15:45:04+00:00","dateModified":"2026-02-11T12:37:34+00:00","description":"Skydda din onlineaktivitet med gratis VPN och kryptera all internettrafik. Bli helt anonym och undvik inkr\u00e4ktare med s\u00e4ker VPN-teknologi.","breadcrumb":{"@id":"https:\/\/freevpnplanet.com\/sv\/encryption-of-internet-connection\/#breadcrumb"},"inLanguage":"sv","potentialAction":[{"@type":"ReadAction","target":["https:\/\/freevpnplanet.com\/sv\/encryption-of-internet-connection\/"]}]},{"@type":"BreadcrumbList","@id":"https:\/\/freevpnplanet.com\/sv\/encryption-of-internet-connection\/#breadcrumb","itemListElement":[{"@type":"ListItem","position":1,"name":"Home","item":"https:\/\/freevpnplanet.com\/sv\/"},{"@type":"ListItem","position":2,"name":"Encryption of internet connection"}]},{"@type":"WebSite","@id":"https:\/\/freevpnplanet.com\/sv\/#website","url":"https:\/\/freevpnplanet.com\/sv\/","name":"Planet VPN \ud83d\udee1\ufe0f\ud83c\udf10 Free VPN","description":"Free VPN","potentialAction":[{"@type":"SearchAction","target":{"@type":"EntryPoint","urlTemplate":"https:\/\/freevpnplanet.com\/sv\/?s={search_term_string}"},"query-input":"required name=search_term_string"}],"inLanguage":"sv","publisher":{"@id":"https:\/\/freevpnplanet.com\/sv\/#organization"}},{"@context":"https:\/\/schema.org\/","@type":"SoftwareApplication","name":"Planet VPN \ud83d\udee1\ufe0f\ud83c\udf10 Free VPN","operatingSystem":"Windows, macOS, iOS, Android, Linux, Chrome","applicationCategory":"SecurityApplication","offers":{"@type":"AggregateOffer","priceCurrency":"USD","price":"0","lowPrice":"0","availability":"https:\/\/schema.org\/InStock"},"aggregateRating":{"@type":"AggregateRating","ratingValue":"4.8","bestRating":"5","ratingCount":"12476"}},{"@type":"Organization","@id":"https:\/\/freevpnplanet.com\/sv\/#organization","url":"https:\/\/freevpnplanet.com\/sv\/","name":"Planet VPN \ud83d\udee1\ufe0f\ud83c\udf10 Free VPN"}]}},"acf":[],"_links":{"self":[{"href":"https:\/\/freevpnplanet.com\/sv\/wp-json\/wp\/v2\/pages\/102373","targetHints":{"allow":["GET"]}}],"collection":[{"href":"https:\/\/freevpnplanet.com\/sv\/wp-json\/wp\/v2\/pages"}],"about":[{"href":"https:\/\/freevpnplanet.com\/sv\/wp-json\/wp\/v2\/types\/page"}],"author":[{"embeddable":true,"href":"https:\/\/freevpnplanet.com\/sv\/wp-json\/wp\/v2\/users\/39"}],"replies":[{"embeddable":true,"href":"https:\/\/freevpnplanet.com\/sv\/wp-json\/wp\/v2\/comments?post=102373"}],"version-history":[{"count":7,"href":"https:\/\/freevpnplanet.com\/sv\/wp-json\/wp\/v2\/pages\/102373\/revisions"}],"predecessor-version":[{"id":190409,"href":"https:\/\/freevpnplanet.com\/sv\/wp-json\/wp\/v2\/pages\/102373\/revisions\/190409"}],"wp:attachment":[{"href":"https:\/\/freevpnplanet.com\/sv\/wp-json\/wp\/v2\/media?parent=102373"}],"wp:term":[{"taxonomy":"download_by_lite_tag","embeddable":true,"href":"https:\/\/freevpnplanet.com\/sv\/wp-json\/wp\/v2\/download_by_lite_tag?post=102373"}],"curies":[{"name":"wp","href":"https:\/\/api.w.org\/{rel}","templated":true}]}}