{"id":103066,"date":"2024-05-16T18:55:44","date_gmt":"2024-05-16T15:55:44","guid":{"rendered":"https:\/\/help.freeplanetvpn.com\/warzone\/"},"modified":"2026-01-20T16:12:23","modified_gmt":"2026-01-20T13:12:23","slug":"warzone","status":"publish","type":"page","link":"https:\/\/freevpnplanet.com\/sv\/warzone\/","title":{"rendered":"Warzone"},"content":{"rendered":"\n<section class=\"image-text custom-block align-full  complex-gradient-warzone mobile-image-top mobile-title-center  header-size-medium text-size-small   content-left\" style='overflow-x: clip; overflow-y: visible;--background-color:var(--black); --text-color:var(--white);--min-height-mobile:400px;--min-height-desktop:580px;--content-width:44%'>\n\n    <div class=\"gutenberg-block-background\"><\/div>\n    <div class=\"image-text__inner inner-container\">\n\n        \n                    <div class=\"image-text__content\">\n\n                <h1>Den b\u00e4sta gratis VPN f\u00f6r Warzone 2026<\/h1>\n<p>Vem som helst kan spela Warzone och njuta av det med hundratals miljoner spelare genom att anv\u00e4nda en s\u00e4ker anslutning och krypterad personlig data.<\/p>\n                                    <div class=\"image-text__cta\">\n                        <a href=\"\/sv\/plans\/\" target=\"_self\" id=\"qa-hero-cta-btn\" class=\"cta download-by-platform cta--with-border cta-size--small cta-mt--initial has-icon icon-position--icon-right\" style=\"--button-background-color: var(--red);--button-background-color-hover: var(--red-hover);--button-background-color-pressed: var(--red-pressed);--border-radius:40px\"><svg width=\"23\" height=\"18\" viewBox=\"0 0 23 18\" fill=\"none\" xmlns=\"http:\/\/www.w3.org\/2000\/svg\">\n<path d=\"M17.7836 6.6595C17.7398 3.68266 15.1238 1.27338 11.9145 1.27338C10.4869 1.27338 9.11155 1.75662 8.04185 2.6341C7.08715 3.4172 6.43407 4.4637 6.17544 5.61266C6.15654 5.61247 6.13782 5.61232 6.11913 5.61232C3.37727 5.61236 1.14648 7.68815 1.14648 10.2396C1.14648 12.7911 3.37727 14.8668 6.11917 14.8668H7.94424C8.19131 14.8668 8.39171 14.6804 8.39171 14.4505C8.39171 14.2205 8.19131 14.0341 7.94424 14.0341H6.11917C3.87068 14.0341 2.04144 12.3319 2.04144 10.2396C2.04144 8.14733 3.87068 6.44515 6.11917 6.44515C6.23896 6.44515 6.36559 6.45114 6.50636 6.46345C6.74496 6.48405 6.95917 6.32632 6.99166 6.10514C7.1528 5.00609 7.73593 3.99525 8.63367 3.25883C9.53981 2.5155 10.7049 2.10617 11.9145 2.10617C14.6576 2.10617 16.8892 4.1828 16.8892 6.73532C16.8892 6.82722 16.8708 7.06488 16.8708 7.06488C16.8615 7.18737 16.9107 7.30745 17.0055 7.39299C17.1001 7.47853 17.2304 7.5207 17.3619 7.50854C17.4809 7.49736 17.601 7.49176 17.7188 7.49176C19.6571 7.49176 21.2341 8.95919 21.2341 10.7629C21.2341 12.5666 19.6571 14.034 17.7188 14.034H15.7147C15.4676 14.034 15.2672 14.2204 15.2672 14.4504C15.2672 14.6804 15.4676 14.8668 15.7147 14.8668H17.7188C20.1506 14.8668 22.129 13.0258 22.129 10.7629C22.129 8.52026 20.1856 6.69192 17.7836 6.6595Z\" fill=\"white\"\/>\n<path d=\"M12.7449 4.39177C10.8737 4.39177 9.27203 5.69297 9.01909 7.41842C8.98569 7.64627 9.15724 7.85552 9.40198 7.88729C9.66295 7.92115 9.87523 7.73974 9.90585 7.53099C10.0985 6.21614 11.3191 5.2246 12.7449 5.2246C12.992 5.2246 13.1924 5.0382 13.1924 4.80821C13.1924 4.57818 12.992 4.39177 12.7449 4.39177Z\" fill=\"white\"\/>\n<path d=\"M13.9851 15.1566C13.8205 14.9851 13.5376 14.9702 13.3532 15.1235L12.2769 16.0182V10.8955C12.2769 10.6656 12.0765 10.4791 11.8294 10.4791C11.5822 10.4791 11.3819 10.6656 11.3819 10.8955V16.0182L10.3056 15.1234C10.1213 14.9702 9.83834 14.9851 9.67376 15.1565C9.5091 15.3281 9.525 15.5912 9.70934 15.7445L11.337 17.0976C11.4774 17.2144 11.6533 17.2727 11.8293 17.2727C12.0053 17.2727 12.1813 17.2143 12.3217 17.0977L13.9494 15.7445C14.1338 15.5914 14.1497 15.3281 13.9851 15.1566Z\" fill=\"white\"\/>\n<path d=\"M17.7836 6.6595C17.7398 3.68266 15.1238 1.27338 11.9145 1.27338C10.4869 1.27338 9.11155 1.75662 8.04185 2.6341C7.08715 3.4172 6.43407 4.4637 6.17544 5.61266C6.15654 5.61247 6.13782 5.61232 6.11913 5.61232C3.37727 5.61236 1.14648 7.68815 1.14648 10.2396C1.14648 12.7911 3.37727 14.8668 6.11917 14.8668H7.94424C8.19131 14.8668 8.39171 14.6804 8.39171 14.4505C8.39171 14.2205 8.19131 14.0341 7.94424 14.0341H6.11917C3.87068 14.0341 2.04144 12.3319 2.04144 10.2396C2.04144 8.14733 3.87068 6.44515 6.11917 6.44515C6.23896 6.44515 6.36559 6.45114 6.50636 6.46345C6.74496 6.48405 6.95917 6.32632 6.99166 6.10514C7.1528 5.00609 7.73593 3.99525 8.63367 3.25883C9.53981 2.5155 10.7049 2.10617 11.9145 2.10617C14.6576 2.10617 16.8892 4.1828 16.8892 6.73532C16.8892 6.82722 16.8708 7.06488 16.8708 7.06488C16.8615 7.18737 16.9107 7.30745 17.0055 7.39299C17.1001 7.47853 17.2304 7.5207 17.3619 7.50854C17.4809 7.49736 17.601 7.49176 17.7188 7.49176C19.6571 7.49176 21.2341 8.95919 21.2341 10.7629C21.2341 12.5666 19.6571 14.034 17.7188 14.034H15.7147C15.4676 14.034 15.2672 14.2204 15.2672 14.4504C15.2672 14.6804 15.4676 14.8668 15.7147 14.8668H17.7188C20.1506 14.8668 22.129 13.0258 22.129 10.7629C22.129 8.52026 20.1856 6.69192 17.7836 6.6595Z\" stroke=\"white\"\/>\n<path d=\"M12.7449 4.39177C10.8737 4.39177 9.27203 5.69297 9.01909 7.41842C8.98569 7.64627 9.15724 7.85552 9.40198 7.88729C9.66295 7.92115 9.87523 7.73974 9.90585 7.53099C10.0985 6.21614 11.3191 5.2246 12.7449 5.2246C12.992 5.2246 13.1924 5.0382 13.1924 4.80821C13.1924 4.57818 12.992 4.39177 12.7449 4.39177Z\" stroke=\"white\"\/>\n<path d=\"M13.9851 15.1566C13.8205 14.9851 13.5376 14.9702 13.3532 15.1235L12.2769 16.0182V10.8955C12.2769 10.6656 12.0765 10.4791 11.8294 10.4791C11.5822 10.4791 11.3819 10.6656 11.3819 10.8955V16.0182L10.3056 15.1234C10.1213 14.9702 9.83834 14.9851 9.67376 15.1565C9.5091 15.3281 9.525 15.5912 9.70934 15.7445L11.337 17.0976C11.4774 17.2144 11.6533 17.2727 11.8293 17.2727C12.0053 17.2727 12.1813 17.2143 12.3217 17.0977L13.9494 15.7445C14.1338 15.5914 14.1497 15.3281 13.9851 15.1566Z\" stroke=\"white\"\/>\n<\/svg>\n<span class=\"cta__name\">Gratis VPN f\u00f6r <span class=\"download-by-platform__platform-name\">Windows<\/span><\/span><\/a>                    <\/div>\n                \n            <\/div>\n        \n                    <div class=\"bg-image-wrapper bg-image-wrapper--desktop right image-align--center\">\n                <figure style='--image-max-width:1000px;--image-opacity:1.00;width: calc(50% - 20px)'>\n                    <img decoding=\"async\" width=\"673\" height=\"515\" src=\"https:\/\/freevpnplanet.com\/wp-content\/uploads\/2024\/05\/rvpn-rvpn-hero-image.420d1291-20240515-141535-9762801-20240517_112607_675010.png\" class=\"bg-image\" alt=\"Background Image for Desktop\" \/>                <\/figure>\n            <\/div>\n        \n                    <div class=\"bg-image-wrapper bg-image-wrapper--mobile regular-image\">\n                <figure style='width: 90%;max-width: 480px;opacity: 1.00;margin-top: 24px'>\n                    <img decoding=\"async\" width=\"673\" height=\"515\" src=\"https:\/\/freevpnplanet.com\/wp-content\/uploads\/2024\/05\/rvpn-rvpn-hero-image.420d1291-20240515-141535-9762801-20240517_112607_675010.png\" class=\"bg-image\" alt=\"Background Image for Mobile\" \/>                <\/figure>\n            <\/div>\n            <\/div>\n<\/section>\n\n\n<section class=\"wrapper custom-block align-full    \" style='--background-color:var(--dark-blue-8)'>\n\n    <div class=\"gutenberg-block-background\"><\/div>\n    <div class=\"wrapper__inner inner-container\">\n        \n\n<p>Om du \u00e4r en ivrig onlinespelare vet du vikten av att ha en snabb och p\u00e5litlig internetanslutning. Men visste du att en gratis VPN f\u00f6r Warzone kan f\u00f6rb\u00e4ttra din spelupplevelse? Tro det eller ej, Planet VPN \u00e4r det b\u00e4sta valet f\u00f6r spelare, eftersom det alltid kan h\u00e4mta den b\u00e4sta VPN-platsen f\u00f6r Warzone och hj\u00e4lpa spelare att f\u00e5 ut det mesta av sina onlinespelsessioner med en VPN f\u00f6r Warzone.<\/p>\n\n\n\n<p>Crossfire: Warzone \u00e4r ett av de mest popul\u00e4ra onlinespelen som finns tillg\u00e4ngliga idag. Spelet st\u00e4ller tv\u00e5 lag mot varandra i en total kamp om att bli det sista laget som st\u00e5r. Men vad m\u00e5nga inte inser \u00e4r att spelet finns p\u00e5 servrar \u00f6ver hela v\u00e4rlden. Det betyder att spelare fr\u00e5n olika delar av v\u00e4rlden t\u00e4vlar mot varandra p\u00e5 oj\u00e4mlik grund.<\/p>\n\n\n\n<ul class=\"wp-block-list\">\n<li>Hundratals miljoner spelare njuter av det kostnadsfria taktiska First-person shooter-spelet CrossFire online.<\/li>\n\n\n\n<li>Men eftersom det inte \u00e4r tillg\u00e4ngligt \u00f6verallt anv\u00e4nder m\u00e5nga m\u00e4nniskor VPN f\u00f6r att spela det.<\/li>\n\n\n\n<li>Tyv\u00e4rr har inte alla VPN: er f\u00f6rm\u00e5gan att kringg\u00e5 platsblockering, minska f\u00f6rdr\u00f6jning eller f\u00f6rhindra paketf\u00f6rlust.<\/li>\n\n\n\n<li>Om du letar efter den b\u00e4sta VPN till Warzone, kolla in v\u00e5ra VPN-tj\u00e4nster och planer.<\/li>\n<\/ul>\n\n\n\n<p>Ett s\u00e4tt att j\u00e4mna ut spelplanen \u00e4r att anv\u00e4nda ett VPN eller ett virtuellt privat n\u00e4tverk. En VPN g\u00f6r det att du kan ansluta till en server i ett annat land och spela mot spelare som \u00e4r p\u00e5 lika villkor med dig. Detta kommer inte bara att ge dig en b\u00e4ttre spelupplevelse, utan det kommer ocks\u00e5 att skydda din identitet och personlig information medan du spelar.<\/p>\n\n\n\n<p>Planet VPN \u00e4r det b\u00e4sta valet f\u00f6r spelare som vill f\u00e5 ut det mesta av sina onlinespelsessioner. Med servrar i \u00f6ver 60 l\u00e4nder ger Planet VPN spelare den snabbaste och mest p\u00e5litliga anslutningen som m\u00f6jligt. Och eftersom Planet VPN krypterar all data som passerar genom dess servrar, kan spelare vara s\u00e4kra p\u00e5 att deras personliga information \u00e4r trygg och s\u00e4ker.<\/p>\n\n\n\n<section class=\"banner custom-block align-wide \">\n    <div class=\"banner__inner inner-container\">\n        <div class=\"banner__content\">\n                            <div class=\"banner__title\">\n                    <h3>Installera Planet VPN f\u00f6r WARZONE nu<\/h3>\n                <\/div>\n            \n                            <div class=\"banner__text\">\n                    <ul class=\"setup-advantages\">\n<li>Snabba servrar<\/li>\n<li>Inga annonser<\/li>\n<li>Teknisk support<\/li>\n<\/ul>\n<ul class=\"setup-advantages\">\n<li>Ingen registrering kr\u00e4vs<\/li>\n<li>Inga loggar eller insamling av personuppgifter<\/li>\n<li>Appar eller konfigurationsfiler f\u00f6r alla enheter<\/li>\n<\/ul>                <\/div>\n            \n                            <div class=\"banner__cta\">\n                                            <a href=\"\/sv\/plans\/\" target=\"_self\" id=\"qa-bunner-cta-btn\" class=\"cta download-by-platform cta--with-border cta-size--small cta-mt--initial has-icon icon-position--icon-right\" style=\"--button-background-color: var(--red);--button-background-color-hover: var(--red-hover);--button-background-color-pressed: var(--red-pressed);--border-radius:40px\"><svg width=\"23\" height=\"18\" viewBox=\"0 0 23 18\" fill=\"none\" xmlns=\"http:\/\/www.w3.org\/2000\/svg\">\n<path d=\"M17.7836 6.6595C17.7398 3.68266 15.1238 1.27338 11.9145 1.27338C10.4869 1.27338 9.11155 1.75662 8.04185 2.6341C7.08715 3.4172 6.43407 4.4637 6.17544 5.61266C6.15654 5.61247 6.13782 5.61232 6.11913 5.61232C3.37727 5.61236 1.14648 7.68815 1.14648 10.2396C1.14648 12.7911 3.37727 14.8668 6.11917 14.8668H7.94424C8.19131 14.8668 8.39171 14.6804 8.39171 14.4505C8.39171 14.2205 8.19131 14.0341 7.94424 14.0341H6.11917C3.87068 14.0341 2.04144 12.3319 2.04144 10.2396C2.04144 8.14733 3.87068 6.44515 6.11917 6.44515C6.23896 6.44515 6.36559 6.45114 6.50636 6.46345C6.74496 6.48405 6.95917 6.32632 6.99166 6.10514C7.1528 5.00609 7.73593 3.99525 8.63367 3.25883C9.53981 2.5155 10.7049 2.10617 11.9145 2.10617C14.6576 2.10617 16.8892 4.1828 16.8892 6.73532C16.8892 6.82722 16.8708 7.06488 16.8708 7.06488C16.8615 7.18737 16.9107 7.30745 17.0055 7.39299C17.1001 7.47853 17.2304 7.5207 17.3619 7.50854C17.4809 7.49736 17.601 7.49176 17.7188 7.49176C19.6571 7.49176 21.2341 8.95919 21.2341 10.7629C21.2341 12.5666 19.6571 14.034 17.7188 14.034H15.7147C15.4676 14.034 15.2672 14.2204 15.2672 14.4504C15.2672 14.6804 15.4676 14.8668 15.7147 14.8668H17.7188C20.1506 14.8668 22.129 13.0258 22.129 10.7629C22.129 8.52026 20.1856 6.69192 17.7836 6.6595Z\" fill=\"white\"\/>\n<path d=\"M12.7449 4.39177C10.8737 4.39177 9.27203 5.69297 9.01909 7.41842C8.98569 7.64627 9.15724 7.85552 9.40198 7.88729C9.66295 7.92115 9.87523 7.73974 9.90585 7.53099C10.0985 6.21614 11.3191 5.2246 12.7449 5.2246C12.992 5.2246 13.1924 5.0382 13.1924 4.80821C13.1924 4.57818 12.992 4.39177 12.7449 4.39177Z\" fill=\"white\"\/>\n<path d=\"M13.9851 15.1566C13.8205 14.9851 13.5376 14.9702 13.3532 15.1235L12.2769 16.0182V10.8955C12.2769 10.6656 12.0765 10.4791 11.8294 10.4791C11.5822 10.4791 11.3819 10.6656 11.3819 10.8955V16.0182L10.3056 15.1234C10.1213 14.9702 9.83834 14.9851 9.67376 15.1565C9.5091 15.3281 9.525 15.5912 9.70934 15.7445L11.337 17.0976C11.4774 17.2144 11.6533 17.2727 11.8293 17.2727C12.0053 17.2727 12.1813 17.2143 12.3217 17.0977L13.9494 15.7445C14.1338 15.5914 14.1497 15.3281 13.9851 15.1566Z\" fill=\"white\"\/>\n<path d=\"M17.7836 6.6595C17.7398 3.68266 15.1238 1.27338 11.9145 1.27338C10.4869 1.27338 9.11155 1.75662 8.04185 2.6341C7.08715 3.4172 6.43407 4.4637 6.17544 5.61266C6.15654 5.61247 6.13782 5.61232 6.11913 5.61232C3.37727 5.61236 1.14648 7.68815 1.14648 10.2396C1.14648 12.7911 3.37727 14.8668 6.11917 14.8668H7.94424C8.19131 14.8668 8.39171 14.6804 8.39171 14.4505C8.39171 14.2205 8.19131 14.0341 7.94424 14.0341H6.11917C3.87068 14.0341 2.04144 12.3319 2.04144 10.2396C2.04144 8.14733 3.87068 6.44515 6.11917 6.44515C6.23896 6.44515 6.36559 6.45114 6.50636 6.46345C6.74496 6.48405 6.95917 6.32632 6.99166 6.10514C7.1528 5.00609 7.73593 3.99525 8.63367 3.25883C9.53981 2.5155 10.7049 2.10617 11.9145 2.10617C14.6576 2.10617 16.8892 4.1828 16.8892 6.73532C16.8892 6.82722 16.8708 7.06488 16.8708 7.06488C16.8615 7.18737 16.9107 7.30745 17.0055 7.39299C17.1001 7.47853 17.2304 7.5207 17.3619 7.50854C17.4809 7.49736 17.601 7.49176 17.7188 7.49176C19.6571 7.49176 21.2341 8.95919 21.2341 10.7629C21.2341 12.5666 19.6571 14.034 17.7188 14.034H15.7147C15.4676 14.034 15.2672 14.2204 15.2672 14.4504C15.2672 14.6804 15.4676 14.8668 15.7147 14.8668H17.7188C20.1506 14.8668 22.129 13.0258 22.129 10.7629C22.129 8.52026 20.1856 6.69192 17.7836 6.6595Z\" stroke=\"white\"\/>\n<path d=\"M12.7449 4.39177C10.8737 4.39177 9.27203 5.69297 9.01909 7.41842C8.98569 7.64627 9.15724 7.85552 9.40198 7.88729C9.66295 7.92115 9.87523 7.73974 9.90585 7.53099C10.0985 6.21614 11.3191 5.2246 12.7449 5.2246C12.992 5.2246 13.1924 5.0382 13.1924 4.80821C13.1924 4.57818 12.992 4.39177 12.7449 4.39177Z\" stroke=\"white\"\/>\n<path d=\"M13.9851 15.1566C13.8205 14.9851 13.5376 14.9702 13.3532 15.1235L12.2769 16.0182V10.8955C12.2769 10.6656 12.0765 10.4791 11.8294 10.4791C11.5822 10.4791 11.3819 10.6656 11.3819 10.8955V16.0182L10.3056 15.1234C10.1213 14.9702 9.83834 14.9851 9.67376 15.1565C9.5091 15.3281 9.525 15.5912 9.70934 15.7445L11.337 17.0976C11.4774 17.2144 11.6533 17.2727 11.8293 17.2727C12.0053 17.2727 12.1813 17.2143 12.3217 17.0977L13.9494 15.7445C14.1338 15.5914 14.1497 15.3281 13.9851 15.1566Z\" stroke=\"white\"\/>\n<\/svg>\n<span class=\"cta__name\">Gratis VPN f\u00f6r <span class=\"download-by-platform__platform-name\">Windows<\/span><\/span><\/a>                                    <\/div>\n                    <\/div>\n    <\/div>\n<\/section>\n\n    <\/div>\n\n<\/section>\n\n\n<section class=\"wrapper custom-block align-full    \" style=''>\n\n    <div class=\"gutenberg-block-background\"><\/div>\n    <div class=\"wrapper__inner inner-container\">\n        \n\n<h2 class=\"wp-block-heading\">Varf\u00f6r anv\u00e4nda ett VPN f\u00f6r att spela online-mobilspelet Warzone?<\/h2>\n\n\n\n<p>\u00c4r du tr\u00f6tt p\u00e5 sl\u00e4pa eller l\u00e5ghastigheter n\u00e4r du spelar dina favorit mobilspel online? D\u00e5 kan det vara dags att investera i ett VPN eller ett virtuellt privat n\u00e4tverk. En VPN kan f\u00f6rb\u00e4ttra din anslutning genom att dirigera din internettrafik genom s\u00e4kra servrar, vilket ger ett extra lager av s\u00e4kerhet och stabilitet f\u00f6r viktiga uppgifter som spel. Dessutom kan anv\u00e4ndning av en gratis eller betald VPN ocks\u00e5 ge dig tillg\u00e5ng till regioner d\u00e4r vissa spel kanske inte \u00e4r tillg\u00e4ngliga. Anv\u00e4ndare kan till exempel enkelt hitta gratis VPN-alternativ f\u00f6r det popul\u00e4ra spelet Warzone, vilket g\u00f6r att de kan avblockera och spela p\u00e5 servrar fr\u00e5n var som helst i v\u00e4rlden. S\u00e5 om f\u00f6rdr\u00f6jning eller begr\u00e4nsad \u00e5tkomst hindrar din spelupplevelse online, \u00f6verv\u00e4g att investera i en p\u00e5litlig VPN &#8211; det kan bara g\u00f6ra stor skillnad f\u00f6r att f\u00f6rb\u00e4ttra ditt spelande.<\/p>\n\n\n\n<h2 class=\"wp-block-heading\">Varf\u00f6r Planet VPN?<\/h2>\n\n\n\n<p>Om du inte vet \u00e4r ett VPN (Virtual Private Network) mjukvaror som krypterar all din internettrafik och dirigerar den genom en server p\u00e5 en annan plats. Detta har n\u00e5gra f\u00f6rdelar, som att d\u00f6lja din riktiga IP-adress fr\u00e5n webbplatser och internetleverant\u00f6rer, vilket g\u00f6r det sv\u00e5rare f\u00f6r dem att sp\u00e5ra din onlineaktivitet. Men \u00e4nnu viktigare f\u00f6r spelare, att anv\u00e4nda ett VPN kan hj\u00e4lpa till att minska f\u00f6rdr\u00f6jningen och f\u00f6rb\u00e4ttra anslutningshastigheterna.<\/p>\n\n\n\n<p>Det \u00e4r d\u00e4rf\u00f6r vi tror att Planet VPN \u00e4r det b\u00e4sta alternativet f\u00f6r Crossfire: Warzone spelare. H\u00e4r \u00e4r 5 sk\u00e4l till varf\u00f6r:<\/p>\n\n\n\n<ol class=\"wp-block-list\">\n<li>Planet VPN har servrar i \u00f6ver 60 l\u00e4nder, s\u00e5 du \u00e4r s\u00e4ker p\u00e5 att hitta en som \u00e4r n\u00e4ra din fysiska plats. Detta kommer att hj\u00e4lpa till att minska f\u00f6rdr\u00f6jningen och f\u00f6rb\u00e4ttra anslutningshastigheterna.<\/li>\n\n\n\n<li>Tj\u00e4nsten anv\u00e4nder den senaste krypteringstekniken f\u00f6r att h\u00e5lla din data trygg och s\u00e4ker.<\/li>\n\n\n\n<li>Den har 5 livstid gratis servrar utan registrering kr\u00e4vs, s\u00e5 du kan prova det utan risk.<\/li>\n\n\n\n<li>du f\u00e5r en anv\u00e4ndarv\u00e4nlig app f\u00f6r b\u00e5de Android- och iOS-enheter.<\/li>\n\n\n\n<li>Denna tj\u00e4nst erbjuder en av de mest prisv\u00e4rda VPN p\u00e5 marknaden.<\/li>\n<\/ol>\n\n\n\n<p>Oavsett om du \u00e4r en avslappnad onlinespelare eller en h\u00e5rd t\u00e4vlingsspelare, att anv\u00e4nda en VPN \u00e4r ett utm\u00e4rkt s\u00e4tt att f\u00f6rb\u00e4ttra din spelupplevelse. Och om du letar efter den b\u00e4sta VPN f\u00f6r onlinespel, leta inte l\u00e4ngre \u00e4n Planet VPN. Med servrar i \u00f6ver 60 l\u00e4nder ger Planet VPN spelare den snabbaste och mest p\u00e5litliga anslutningen som \u00e4r m\u00f6jlig med deras gratis VPN f\u00f6r Warzone. S\u00e5 om du \u00e4r redo att ta ditt spelande till n\u00e4sta niv\u00e5, ladda ner en av Planet VPN-apparna idag!<\/p>\n\n\n    <\/div>\n\n<\/section>","protected":false},"excerpt":{"rendered":"","protected":false},"author":13,"featured_media":0,"parent":0,"menu_order":0,"comment_status":"closed","ping_status":"closed","template":"landing-gaming.php","meta":{"_acf_changed":false,"inline_featured_image":false,"footnotes":""},"download_by_lite_tag":[],"class_list":["post-103066","page","type-page","status-publish","hentry"],"yoast_head":"<!-- This site is optimized with the Yoast SEO plugin v22.6 - https:\/\/yoast.com\/wordpress\/plugins\/seo\/ -->\n<title>Gratis VPN f\u00f6r Warzone - spela med l\u00e5g ping 2026 | Planet VPN<\/title>\n<meta name=\"description\" content=\"Spela Warzone utan lagg 2026 med gratis VPN fr\u00e5n Planet VPN. F\u00e5 snabb, s\u00e4ker och p\u00e5litlig anslutning f\u00f6r en b\u00e4ttre spelupplevelse utan dataintr\u00e5ng.\" \/>\n<meta name=\"robots\" content=\"index, follow, max-snippet:-1, max-image-preview:large, max-video-preview:-1\" \/>\n<link rel=\"canonical\" href=\"https:\/\/freevpnplanet.com\/sv\/warzone\/\" \/>\n<meta property=\"og:locale\" content=\"en_US\" \/>\n<meta property=\"og:type\" content=\"article\" \/>\n<meta property=\"og:title\" content=\"Gratis VPN f\u00f6r Warzone - spela med l\u00e5g ping 2026 | Planet VPN\" \/>\n<meta property=\"og:description\" content=\"Spela Warzone utan lagg 2026 med gratis VPN fr\u00e5n Planet VPN. F\u00e5 snabb, s\u00e4ker och p\u00e5litlig anslutning f\u00f6r en b\u00e4ttre spelupplevelse utan dataintr\u00e5ng.\" \/>\n<meta property=\"og:url\" content=\"https:\/\/freevpnplanet.com\/sv\/warzone\/\" \/>\n<meta property=\"og:site_name\" content=\"Planet VPN\" \/>\n<meta property=\"article:modified_time\" content=\"2026-01-20T13:12:23+00:00\" \/>\n<meta name=\"twitter:card\" content=\"summary_large_image\" \/>\n<meta name=\"twitter:label1\" content=\"Est. reading time\" \/>\n\t<meta name=\"twitter:data1\" content=\"4 minutes\" \/>\n<script type=\"application\/ld+json\" class=\"yoast-schema-graph\">{\"@context\":\"https:\/\/schema.org\",\"@graph\":[{\"@type\":\"WebPage\",\"@id\":\"https:\/\/freevpnplanet.com\/sv\/warzone\/\",\"url\":\"https:\/\/freevpnplanet.com\/sv\/warzone\/\",\"name\":\"Gratis VPN f\u00f6r Warzone - spela med l\u00e5g ping 2026 | Planet VPN\",\"isPartOf\":{\"@id\":\"https:\/\/freevpnplanet.com\/sv\/#website\"},\"datePublished\":\"2024-05-16T15:55:44+00:00\",\"dateModified\":\"2026-01-20T13:12:23+00:00\",\"description\":\"Spela Warzone utan lagg 2026 med gratis VPN fr\u00e5n Planet VPN. F\u00e5 snabb, s\u00e4ker och p\u00e5litlig anslutning f\u00f6r en b\u00e4ttre spelupplevelse utan dataintr\u00e5ng.\",\"breadcrumb\":{\"@id\":\"https:\/\/freevpnplanet.com\/sv\/warzone\/#breadcrumb\"},\"inLanguage\":\"sv\",\"potentialAction\":[{\"@type\":\"ReadAction\",\"target\":[\"https:\/\/freevpnplanet.com\/sv\/warzone\/\"]}]},{\"@type\":\"BreadcrumbList\",\"@id\":\"https:\/\/freevpnplanet.com\/sv\/warzone\/#breadcrumb\",\"itemListElement\":[{\"@type\":\"ListItem\",\"position\":1,\"name\":\"Home\",\"item\":\"https:\/\/freevpnplanet.com\/sv\/\"},{\"@type\":\"ListItem\",\"position\":2,\"name\":\"Warzone\"}]},{\"@type\":\"WebSite\",\"@id\":\"https:\/\/freevpnplanet.com\/sv\/#website\",\"url\":\"https:\/\/freevpnplanet.com\/sv\/\",\"name\":\"Planet VPN \ud83d\udee1\ufe0f\ud83c\udf10 Free VPN\",\"description\":\"Free VPN\",\"potentialAction\":[{\"@type\":\"SearchAction\",\"target\":{\"@type\":\"EntryPoint\",\"urlTemplate\":\"https:\/\/freevpnplanet.com\/sv\/?s={search_term_string}\"},\"query-input\":\"required name=search_term_string\"}],\"inLanguage\":\"sv\",\"publisher\":{\"@id\":\"https:\/\/freevpnplanet.com\/sv\/#organization\"}},{\"@context\":\"https:\/\/schema.org\/\",\"@type\":\"SoftwareApplication\",\"name\":\"Planet VPN \ud83d\udee1\ufe0f\ud83c\udf10 Free VPN\",\"operatingSystem\":\"Windows, macOS, iOS, Android, Linux, Chrome\",\"applicationCategory\":\"SecurityApplication\",\"offers\":{\"@type\":\"AggregateOffer\",\"priceCurrency\":\"USD\",\"price\":\"0\",\"lowPrice\":\"0\",\"availability\":\"https:\/\/schema.org\/InStock\"},\"aggregateRating\":{\"@type\":\"AggregateRating\",\"ratingValue\":\"4.8\",\"bestRating\":\"5\",\"ratingCount\":\"12476\"}},{\"@type\":\"Organization\",\"@id\":\"https:\/\/freevpnplanet.com\/sv\/#organization\",\"url\":\"https:\/\/freevpnplanet.com\/sv\/\",\"name\":\"Planet VPN \ud83d\udee1\ufe0f\ud83c\udf10 Free VPN\"}]}<\/script>\n<!-- \/ Yoast SEO plugin. -->","yoast_head_json":{"title":"Gratis VPN f\u00f6r Warzone - spela med l\u00e5g ping 2026 | Planet VPN","description":"Spela Warzone utan lagg 2026 med gratis VPN fr\u00e5n Planet VPN. F\u00e5 snabb, s\u00e4ker och p\u00e5litlig anslutning f\u00f6r en b\u00e4ttre spelupplevelse utan dataintr\u00e5ng.","robots":{"index":"index","follow":"follow","max-snippet":"max-snippet:-1","max-image-preview":"max-image-preview:large","max-video-preview":"max-video-preview:-1"},"canonical":"https:\/\/freevpnplanet.com\/sv\/warzone\/","og_locale":"en_US","og_type":"article","og_title":"Gratis VPN f\u00f6r Warzone - spela med l\u00e5g ping 2026 | Planet VPN","og_description":"Spela Warzone utan lagg 2026 med gratis VPN fr\u00e5n Planet VPN. F\u00e5 snabb, s\u00e4ker och p\u00e5litlig anslutning f\u00f6r en b\u00e4ttre spelupplevelse utan dataintr\u00e5ng.","og_url":"https:\/\/freevpnplanet.com\/sv\/warzone\/","og_site_name":"Planet VPN","article_modified_time":"2026-01-20T13:12:23+00:00","twitter_card":"summary_large_image","twitter_misc":{"Est. reading time":"4 minutes"},"schema":{"@context":"https:\/\/schema.org","@graph":[{"@type":"WebPage","@id":"https:\/\/freevpnplanet.com\/sv\/warzone\/","url":"https:\/\/freevpnplanet.com\/sv\/warzone\/","name":"Gratis VPN f\u00f6r Warzone - spela med l\u00e5g ping 2026 | Planet VPN","isPartOf":{"@id":"https:\/\/freevpnplanet.com\/sv\/#website"},"datePublished":"2024-05-16T15:55:44+00:00","dateModified":"2026-01-20T13:12:23+00:00","description":"Spela Warzone utan lagg 2026 med gratis VPN fr\u00e5n Planet VPN. F\u00e5 snabb, s\u00e4ker och p\u00e5litlig anslutning f\u00f6r en b\u00e4ttre spelupplevelse utan dataintr\u00e5ng.","breadcrumb":{"@id":"https:\/\/freevpnplanet.com\/sv\/warzone\/#breadcrumb"},"inLanguage":"sv","potentialAction":[{"@type":"ReadAction","target":["https:\/\/freevpnplanet.com\/sv\/warzone\/"]}]},{"@type":"BreadcrumbList","@id":"https:\/\/freevpnplanet.com\/sv\/warzone\/#breadcrumb","itemListElement":[{"@type":"ListItem","position":1,"name":"Home","item":"https:\/\/freevpnplanet.com\/sv\/"},{"@type":"ListItem","position":2,"name":"Warzone"}]},{"@type":"WebSite","@id":"https:\/\/freevpnplanet.com\/sv\/#website","url":"https:\/\/freevpnplanet.com\/sv\/","name":"Planet VPN \ud83d\udee1\ufe0f\ud83c\udf10 Free VPN","description":"Free VPN","potentialAction":[{"@type":"SearchAction","target":{"@type":"EntryPoint","urlTemplate":"https:\/\/freevpnplanet.com\/sv\/?s={search_term_string}"},"query-input":"required name=search_term_string"}],"inLanguage":"sv","publisher":{"@id":"https:\/\/freevpnplanet.com\/sv\/#organization"}},{"@context":"https:\/\/schema.org\/","@type":"SoftwareApplication","name":"Planet VPN \ud83d\udee1\ufe0f\ud83c\udf10 Free VPN","operatingSystem":"Windows, macOS, iOS, Android, Linux, Chrome","applicationCategory":"SecurityApplication","offers":{"@type":"AggregateOffer","priceCurrency":"USD","price":"0","lowPrice":"0","availability":"https:\/\/schema.org\/InStock"},"aggregateRating":{"@type":"AggregateRating","ratingValue":"4.8","bestRating":"5","ratingCount":"12476"}},{"@type":"Organization","@id":"https:\/\/freevpnplanet.com\/sv\/#organization","url":"https:\/\/freevpnplanet.com\/sv\/","name":"Planet VPN \ud83d\udee1\ufe0f\ud83c\udf10 Free VPN"}]}},"acf":[],"_links":{"self":[{"href":"https:\/\/freevpnplanet.com\/sv\/wp-json\/wp\/v2\/pages\/103066","targetHints":{"allow":["GET"]}}],"collection":[{"href":"https:\/\/freevpnplanet.com\/sv\/wp-json\/wp\/v2\/pages"}],"about":[{"href":"https:\/\/freevpnplanet.com\/sv\/wp-json\/wp\/v2\/types\/page"}],"author":[{"embeddable":true,"href":"https:\/\/freevpnplanet.com\/sv\/wp-json\/wp\/v2\/users\/13"}],"replies":[{"embeddable":true,"href":"https:\/\/freevpnplanet.com\/sv\/wp-json\/wp\/v2\/comments?post=103066"}],"version-history":[{"count":3,"href":"https:\/\/freevpnplanet.com\/sv\/wp-json\/wp\/v2\/pages\/103066\/revisions"}],"predecessor-version":[{"id":152303,"href":"https:\/\/freevpnplanet.com\/sv\/wp-json\/wp\/v2\/pages\/103066\/revisions\/152303"}],"wp:attachment":[{"href":"https:\/\/freevpnplanet.com\/sv\/wp-json\/wp\/v2\/media?parent=103066"}],"wp:term":[{"taxonomy":"download_by_lite_tag","embeddable":true,"href":"https:\/\/freevpnplanet.com\/sv\/wp-json\/wp\/v2\/download_by_lite_tag?post=103066"}],"curies":[{"name":"wp","href":"https:\/\/api.w.org\/{rel}","templated":true}]}}