{"id":96365,"date":"2024-07-01T10:13:33","date_gmt":"2024-07-01T07:13:33","guid":{"rendered":"https:\/\/help.freeplanetvpn.com\/cookies\/"},"modified":"2025-04-15T18:20:14","modified_gmt":"2025-04-15T15:20:14","slug":"cookies","status":"publish","type":"page","link":"https:\/\/freevpnplanet.com\/sv\/cookies\/","title":{"rendered":"Cookies"},"content":{"rendered":"\n<style>.entry-content{margin-bottom:100px}.entry-content,.entry-content p,.entry-content h1,.entry-content h4,.entry-content ul li{color:var(--black)}.entry-content h1{font-size:40px;font-weight:700;margin-bottom:50px}.entry-content h4{font-size:30px;font-weight:500;margin:40px 0 30px}.entry-content a{color:var(--green)}<\/style>\n\n\n\n<h1 class=\"wp-block-heading\">Cookiepolicy<\/h1>\n\n\n\n<p>En cookie \u00e4r en fil som inneh\u00e5ller en unik identifierare. Denna identifierare skickas av servern till webbl\u00e4saren och lagras d\u00e4refter i datahanteraren. Identifieraren \u00f6verf\u00f6rs allts\u00e5 till servern varje g\u00e5ng den tar emot en beg\u00e4ran fr\u00e5n servern till webbl\u00e4sarsidan.<\/p>\n\n\n\n<p>Dessa filer \u00e4r indelade i 2 olika kategorier:<\/p>\n\n\n\n<ul class=\"wp-block-list\">\n<li>Permanent<\/li>\n\n\n\n<li>Cookies f\u00f6r session<\/li>\n<\/ul>\n\n\n\n<p>Webbl\u00e4saren lagrar cookies fr\u00e5n den f\u00f6rsta kategorin tills de raderas (automatiskt eller manuellt).<\/p>\n\n\n\n<p>Sessionscookies raderas automatiskt i slutet av anv\u00e4ndarsessionen (efter att du st\u00e4ngt webbl\u00e4saren)<\/p>\n\n\n\n<p>Cookies som samlas in p\u00e5 Planet VPN inneh\u00e5ller inte n\u00e5gon konfidentiell eller personlig kundinformation.<\/p>\n\n\n\n<h4 class=\"wp-block-heading\">Hur Planet VPN anv\u00e4nder cookiefilerna<\/h4>\n\n\n\n<p>Planet VPN anv\u00e4nder cookien p\u00e5 sin webbplats (tillg\u00e4nglig p\u00e5: https:\/\/www.freevpnplanet.com). Beskrivning och f\u00f6reskrifter f\u00f6rklaras p\u00e5 den relaterade sidan.<\/p>\n\n\n\n<p>Genom att skapa ett konto p\u00e5 v\u00e5r plattform samtycker anv\u00e4ndarna till anv\u00e4ndningen av cookies f\u00f6r allm\u00e4n administration och registreringsprocessen i synnerhet. Anv\u00e4ndningen av cookies g\u00f6r att du kan f\u00f6renkla auktoriseringsprocessen genom att ta bort behovet av att logga in varje g\u00e5ng du bes\u00f6ker webbplatsen och spara dina preferenser n\u00e4r du anv\u00e4nder webbplatsen. I synnerhet raderas dessa cookies automatiskt efter att anv\u00e4ndaren har \u201dloggat ut\u201d.<\/p>\n\n\n\n<p>E-handel och betalningsmetoder presenteras p\u00e5 webbplatsen. Cookies \u00e4r n\u00f6dv\u00e4ndiga f\u00f6r att behandla betalningarna korrekt.<\/p>\n\n\n\n<p>Planet VPN erbjuder anv\u00e4ndare att fylla i formul\u00e4r eller delta i olika unders\u00f6kningar f\u00f6r att utbilda servicekunder, tillhandah\u00e5lla anv\u00e4ndbar information eller presentera anv\u00e4ndbara verktyg f\u00f6r att b\u00e4ttre interagera med anv\u00e4ndare. Dessa unders\u00f6kningar och studier kan anv\u00e4nda cookies f\u00f6r att undvika att samma person deltar i flera unders\u00f6kningar.<\/p>\n\n\n\n<p>N\u00e4r du skriver en kommentar p\u00e5 en blogg eller fyller i formul\u00e4r\/ans\u00f6kningar anv\u00e4nder Planet VPN cookies f\u00f6r att spara anv\u00e4ndarinformation f\u00f6r korrekt behandling i framtiden.<\/p>\n\n\n\n<p>N\u00e4r du anv\u00e4nder webbplatsen samlar Planet VPN in cookies f\u00f6r den b\u00e4sta anv\u00e4ndarupplevelsen p\u00e5 plattformen.<\/p>\n\n\n\n<h4 class=\"wp-block-heading\">Inaktivera cookies<\/h4>\n\n\n\n<p>Du kan inaktivera insamling och anv\u00e4ndning av cookies (f\u00f6r mer detaljerad information, bes\u00f6k sidan Inst\u00e4llningar i \u00f6nskad webbl\u00e4sare). Det b\u00f6r noteras att inaktivering av cookies kan p\u00e5verka den \u00f6vergripande funktionen f\u00f6r webbresurser. D\u00e4rf\u00f6r rekommenderas det inte att st\u00e4nga av cookies.<\/p>\n\n\n\n<p>S\u00e4tt att inaktivera cookies beror p\u00e5 de olika webbl\u00e4sarna, det \u00e4r d\u00e4rf\u00f6r Planet VPN presenterar listan \u00f6ver sidor f\u00f6r olika webbl\u00e4sare.<\/p>\n\n\n\n<ul class=\"wp-block-list\">\n<li>Chrome<br><a href=\"https:\/\/support.google.com\/chrome\/answer\/95647\">https:\/\/support.google.com\/chrome\/answer\/95647<\/a><\/li>\n\n\n\n<li>Safari<br><a href=\"https:\/\/support.apple.com\/en-gb\/guide\/safari\/manage-cookies-and-website-data-sfri11471\/mac\">https:\/\/support.apple.com\/en-gb\/guide\/safari\/manage-cookies-and-website-data-sfri11471\/mac<\/a><\/li>\n\n\n\n<li>Firefox<br><a href=\"https:\/\/support.mozilla.org\/en-US\/kb\/enable-and-disable-cookies-website-preferences\">https:\/\/support.mozilla.org\/en-US\/kb\/enable-and-disable-cookies-website-preferences<\/a><\/li>\n\n\n\n<li>Opera<br><a href=\"http:\/\/www.opera.com\/help\/tutorials\/security\/cookies\">http:\/\/www.opera.com\/help\/tutorials\/security\/cookies<\/a><\/li>\n\n\n\n<li>Internet Explorer<br><a href=\"https:\/\/support.microsoft.com\/en-gb\/help\/17442\/windows-internet-explorer-delete-manage-cookies\">https:\/\/support.microsoft.com\/en-gb\/help\/17442\/windows-internet-explorer-delete-manage-cookies<\/a><\/li>\n\n\n\n<li>Edge<br><a href=\"https:\/\/privacy.microsoft.com\/en-us\/windows-10-microsoft-edge-and-privacy\">https:\/\/privacy.microsoft.com\/en-us\/windows-10-microsoft-edge-and-privacy<\/a><\/li>\n<\/ul>\n\n\n\n<h4 class=\"wp-block-heading\">Lista \u00f6ver de cookies som anv\u00e4nds p\u00e5 Planet VPN<\/h4>\n\n\n\n<p>H\u00e4r listas de cookies som samlas in och tillhandah\u00e5lls av p\u00e5litliga tredje parter. De cookies som listas nedan \u00e4r de som du kommer att st\u00f6ta p\u00e5 n\u00e4r du anv\u00e4nder webbplatsen<\/p>\n\n\n\n<p>Google Analytics:<\/p>\n\n\n\n<p>Dessa filer \u00e4r en av de mest tillf\u00f6rlitliga. Anv\u00e4ndningen av dem hj\u00e4lper till att analysera hela webbplatsens funktion och rekommenderar hur den kan optimeras. Den information som samlas in omfattar anv\u00e4ndarens tid p\u00e5 sidan, webbplatsen och de \u00e5tg\u00e4rder som utf\u00f6rs p\u00e5 plattformen.<\/p>\n\n\n\n<p>F\u00f6r mer detaljerad information om Google Analytics, g\u00e5 till den officiella sidan.<\/p>\n\n\n\n<h4 class=\"wp-block-heading\">Matomo:<\/h4>\n\n\n\n<p>Dessa cookies \u00e4r en av de mest betrodda och p\u00e5litliga. Deras anv\u00e4ndning bidrar till att kvalitativt analysera verksamheten p\u00e5 webbplatsen och hur man korrekt optimerar dess anv\u00e4ndning f\u00f6r kunder och anv\u00e4ndare p\u00e5 plattformen. Den information som samlas in omfattar anv\u00e4ndarens tid p\u00e5 sidan, tid p\u00e5 webbplatsen i allm\u00e4nhet och de \u00e5tg\u00e4rder som utf\u00f6rs p\u00e5 plattformen.<\/p>\n\n\n\n<p>F\u00f6r att f\u00e5 mer detaljerad information om Matomo, bes\u00f6k den officiella sidan.<\/p>\n\n\n\n<p><strong>Zendesk:<\/strong><\/p>\n\n\n\n<p>F\u00f6r att ge dig n\u00f6dv\u00e4ndig hj\u00e4lp i onlinechattarna och formul\u00e4ret \u201dkunskapsbas\u201d anv\u00e4nder vi Zendesk. Zendesk kan placera vissa cookie-filer i din webbl\u00e4sare. De kallas prim\u00e4ra filer och \u00e4r viktiga f\u00f6r att lagra sessionsinformation. Vi anv\u00e4nder t.ex. cookies p\u00e5 v\u00e5ra webbplatser f\u00f6r att f\u00f6rst\u00e5 bes\u00f6karnas och anv\u00e4ndarnas preferenser, f\u00f6rb\u00e4ttra deras upplevelse, sp\u00e5ra och analysera anv\u00e4ndning, navigering och annan n\u00f6dv\u00e4ndig statistisk information.<\/p>\n\n\n\n<p>Integritetspolicyn finns tillg\u00e4nglig f\u00f6r granskning p\u00e5.<\/p>\n\n\n\n<h4 class=\"wp-block-heading\">Du kan kontakta oss<\/h4>\n\n\n\n<ul class=\"wp-block-list\">\n<li>Anv\u00e4nda v\u00e5r webbplats<br><a class=\"\" href=\"https:\/\/freevpnplanet.com\/sv\/contact-us\/\">Contact details<\/a><\/li>\n\n\n\n<li>Via e-post, med hj\u00e4lp av<br><a href=\"mailto:support@freevpnplanet.com\">support@freevpnplanet.com<\/a><\/li>\n<\/ul>\n","protected":false},"excerpt":{"rendered":"<p>Cookiepolicy En cookie \u00e4r en fil som inneh\u00e5ller en unik identifierare. Denna identifierare skickas av servern till webbl\u00e4saren och lagras d\u00e4refter i datahanteraren. Identifieraren \u00f6verf\u00f6rs allts\u00e5 till servern varje g\u00e5ng den tar emot en beg\u00e4ran fr\u00e5n servern till webbl\u00e4sarsidan. Dessa filer \u00e4r indelade i 2 olika kategorier: Webbl\u00e4saren lagrar cookies fr\u00e5n den f\u00f6rsta kategorin tills&#8230;<\/p>\n","protected":false},"author":13,"featured_media":0,"parent":0,"menu_order":0,"comment_status":"closed","ping_status":"closed","template":"templates\/page_template-basic_for_gutenberg.php","meta":{"_acf_changed":false,"inline_featured_image":false,"footnotes":""},"download_by_lite_tag":[],"class_list":["post-96365","page","type-page","status-publish","hentry"],"yoast_head":"<!-- This site is optimized with the Yoast SEO plugin v22.6 - https:\/\/yoast.com\/wordpress\/plugins\/seo\/ -->\n<title>Cookiepolicy - Planet VPN<\/title>\n<meta name=\"description\" content=\"V\u00e5ra cookie-regler: vilka cookies vi anv\u00e4nder f\u00f6r att leverera topprestanda. Oroa dig inte: alla uppgifter om anv\u00e4ndningen av tj\u00e4nsten \u00e4r anonyma.\" \/>\n<meta name=\"robots\" content=\"index, follow, max-snippet:-1, max-image-preview:large, max-video-preview:-1\" \/>\n<link rel=\"canonical\" href=\"https:\/\/freevpnplanet.com\/sv\/cookies\/\" \/>\n<meta property=\"og:locale\" content=\"en_US\" \/>\n<meta property=\"og:type\" content=\"article\" \/>\n<meta property=\"og:title\" content=\"Cookiepolicy - Planet VPN\" \/>\n<meta property=\"og:description\" content=\"V\u00e5ra cookie-regler: vilka cookies vi anv\u00e4nder f\u00f6r att leverera topprestanda. Oroa dig inte: alla uppgifter om anv\u00e4ndningen av tj\u00e4nsten \u00e4r anonyma.\" \/>\n<meta property=\"og:url\" content=\"https:\/\/freevpnplanet.com\/sv\/cookies\/\" \/>\n<meta property=\"og:site_name\" content=\"Planet VPN\" \/>\n<meta property=\"article:modified_time\" content=\"2025-04-15T15:20:14+00:00\" \/>\n<meta name=\"twitter:card\" content=\"summary_large_image\" \/>\n<meta name=\"twitter:label1\" content=\"Est. reading time\" \/>\n\t<meta name=\"twitter:data1\" content=\"3 minutes\" \/>\n<script type=\"application\/ld+json\" class=\"yoast-schema-graph\">{\"@context\":\"https:\/\/schema.org\",\"@graph\":[{\"@type\":\"WebPage\",\"@id\":\"https:\/\/freevpnplanet.com\/sv\/cookies\/\",\"url\":\"https:\/\/freevpnplanet.com\/sv\/cookies\/\",\"name\":\"Cookiepolicy - Planet VPN\",\"isPartOf\":{\"@id\":\"https:\/\/freevpnplanet.com\/sv\/#website\"},\"datePublished\":\"2024-07-01T07:13:33+00:00\",\"dateModified\":\"2025-04-15T15:20:14+00:00\",\"description\":\"V\u00e5ra cookie-regler: vilka cookies vi anv\u00e4nder f\u00f6r att leverera topprestanda. Oroa dig inte: alla uppgifter om anv\u00e4ndningen av tj\u00e4nsten \u00e4r anonyma.\",\"breadcrumb\":{\"@id\":\"https:\/\/freevpnplanet.com\/sv\/cookies\/#breadcrumb\"},\"inLanguage\":\"sv\",\"potentialAction\":[{\"@type\":\"ReadAction\",\"target\":[\"https:\/\/freevpnplanet.com\/sv\/cookies\/\"]}]},{\"@type\":\"BreadcrumbList\",\"@id\":\"https:\/\/freevpnplanet.com\/sv\/cookies\/#breadcrumb\",\"itemListElement\":[{\"@type\":\"ListItem\",\"position\":1,\"name\":\"Home\",\"item\":\"https:\/\/freevpnplanet.com\/sv\/\"},{\"@type\":\"ListItem\",\"position\":2,\"name\":\"Cookies\"}]},{\"@type\":\"WebSite\",\"@id\":\"https:\/\/freevpnplanet.com\/sv\/#website\",\"url\":\"https:\/\/freevpnplanet.com\/sv\/\",\"name\":\"Planet VPN \ud83d\udee1\ufe0f\ud83c\udf10 Free VPN\",\"description\":\"Free VPN\",\"potentialAction\":[{\"@type\":\"SearchAction\",\"target\":{\"@type\":\"EntryPoint\",\"urlTemplate\":\"https:\/\/freevpnplanet.com\/sv\/?s={search_term_string}\"},\"query-input\":\"required name=search_term_string\"}],\"inLanguage\":\"sv\",\"publisher\":{\"@id\":\"https:\/\/freevpnplanet.com\/sv\/#organization\"}},{\"@context\":\"https:\/\/schema.org\/\",\"@type\":\"SoftwareApplication\",\"name\":\"Planet VPN \ud83d\udee1\ufe0f\ud83c\udf10 Free VPN\",\"operatingSystem\":\"Windows, macOS, iOS, Android, Linux, Chrome\",\"applicationCategory\":\"SecurityApplication\",\"offers\":{\"@type\":\"AggregateOffer\",\"priceCurrency\":\"USD\",\"price\":\"0\",\"lowPrice\":\"0\",\"availability\":\"https:\/\/schema.org\/InStock\"},\"aggregateRating\":{\"@type\":\"AggregateRating\",\"ratingValue\":\"4.8\",\"bestRating\":\"5\",\"ratingCount\":\"12476\"}},{\"@type\":\"Organization\",\"@id\":\"https:\/\/freevpnplanet.com\/sv\/#organization\",\"url\":\"https:\/\/freevpnplanet.com\/sv\/\",\"name\":\"Planet VPN \ud83d\udee1\ufe0f\ud83c\udf10 Free VPN\"}]}<\/script>\n<!-- \/ Yoast SEO plugin. -->","yoast_head_json":{"title":"Cookiepolicy - Planet VPN","description":"V\u00e5ra cookie-regler: vilka cookies vi anv\u00e4nder f\u00f6r att leverera topprestanda. Oroa dig inte: alla uppgifter om anv\u00e4ndningen av tj\u00e4nsten \u00e4r anonyma.","robots":{"index":"index","follow":"follow","max-snippet":"max-snippet:-1","max-image-preview":"max-image-preview:large","max-video-preview":"max-video-preview:-1"},"canonical":"https:\/\/freevpnplanet.com\/sv\/cookies\/","og_locale":"en_US","og_type":"article","og_title":"Cookiepolicy - Planet VPN","og_description":"V\u00e5ra cookie-regler: vilka cookies vi anv\u00e4nder f\u00f6r att leverera topprestanda. Oroa dig inte: alla uppgifter om anv\u00e4ndningen av tj\u00e4nsten \u00e4r anonyma.","og_url":"https:\/\/freevpnplanet.com\/sv\/cookies\/","og_site_name":"Planet VPN","article_modified_time":"2025-04-15T15:20:14+00:00","twitter_card":"summary_large_image","twitter_misc":{"Est. reading time":"3 minutes"},"schema":{"@context":"https:\/\/schema.org","@graph":[{"@type":"WebPage","@id":"https:\/\/freevpnplanet.com\/sv\/cookies\/","url":"https:\/\/freevpnplanet.com\/sv\/cookies\/","name":"Cookiepolicy - Planet VPN","isPartOf":{"@id":"https:\/\/freevpnplanet.com\/sv\/#website"},"datePublished":"2024-07-01T07:13:33+00:00","dateModified":"2025-04-15T15:20:14+00:00","description":"V\u00e5ra cookie-regler: vilka cookies vi anv\u00e4nder f\u00f6r att leverera topprestanda. Oroa dig inte: alla uppgifter om anv\u00e4ndningen av tj\u00e4nsten \u00e4r anonyma.","breadcrumb":{"@id":"https:\/\/freevpnplanet.com\/sv\/cookies\/#breadcrumb"},"inLanguage":"sv","potentialAction":[{"@type":"ReadAction","target":["https:\/\/freevpnplanet.com\/sv\/cookies\/"]}]},{"@type":"BreadcrumbList","@id":"https:\/\/freevpnplanet.com\/sv\/cookies\/#breadcrumb","itemListElement":[{"@type":"ListItem","position":1,"name":"Home","item":"https:\/\/freevpnplanet.com\/sv\/"},{"@type":"ListItem","position":2,"name":"Cookies"}]},{"@type":"WebSite","@id":"https:\/\/freevpnplanet.com\/sv\/#website","url":"https:\/\/freevpnplanet.com\/sv\/","name":"Planet VPN \ud83d\udee1\ufe0f\ud83c\udf10 Free VPN","description":"Free VPN","potentialAction":[{"@type":"SearchAction","target":{"@type":"EntryPoint","urlTemplate":"https:\/\/freevpnplanet.com\/sv\/?s={search_term_string}"},"query-input":"required name=search_term_string"}],"inLanguage":"sv","publisher":{"@id":"https:\/\/freevpnplanet.com\/sv\/#organization"}},{"@context":"https:\/\/schema.org\/","@type":"SoftwareApplication","name":"Planet VPN \ud83d\udee1\ufe0f\ud83c\udf10 Free VPN","operatingSystem":"Windows, macOS, iOS, Android, Linux, Chrome","applicationCategory":"SecurityApplication","offers":{"@type":"AggregateOffer","priceCurrency":"USD","price":"0","lowPrice":"0","availability":"https:\/\/schema.org\/InStock"},"aggregateRating":{"@type":"AggregateRating","ratingValue":"4.8","bestRating":"5","ratingCount":"12476"}},{"@type":"Organization","@id":"https:\/\/freevpnplanet.com\/sv\/#organization","url":"https:\/\/freevpnplanet.com\/sv\/","name":"Planet VPN \ud83d\udee1\ufe0f\ud83c\udf10 Free VPN"}]}},"acf":[],"_links":{"self":[{"href":"https:\/\/freevpnplanet.com\/sv\/wp-json\/wp\/v2\/pages\/96365","targetHints":{"allow":["GET"]}}],"collection":[{"href":"https:\/\/freevpnplanet.com\/sv\/wp-json\/wp\/v2\/pages"}],"about":[{"href":"https:\/\/freevpnplanet.com\/sv\/wp-json\/wp\/v2\/types\/page"}],"author":[{"embeddable":true,"href":"https:\/\/freevpnplanet.com\/sv\/wp-json\/wp\/v2\/users\/13"}],"replies":[{"embeddable":true,"href":"https:\/\/freevpnplanet.com\/sv\/wp-json\/wp\/v2\/comments?post=96365"}],"version-history":[{"count":2,"href":"https:\/\/freevpnplanet.com\/sv\/wp-json\/wp\/v2\/pages\/96365\/revisions"}],"predecessor-version":[{"id":158534,"href":"https:\/\/freevpnplanet.com\/sv\/wp-json\/wp\/v2\/pages\/96365\/revisions\/158534"}],"wp:attachment":[{"href":"https:\/\/freevpnplanet.com\/sv\/wp-json\/wp\/v2\/media?parent=96365"}],"wp:term":[{"taxonomy":"download_by_lite_tag","embeddable":true,"href":"https:\/\/freevpnplanet.com\/sv\/wp-json\/wp\/v2\/download_by_lite_tag?post=96365"}],"curies":[{"name":"wp","href":"https:\/\/api.w.org\/{rel}","templated":true}]}}