{"id":97808,"date":"2024-05-13T20:27:17","date_gmt":"2024-05-13T17:27:17","guid":{"rendered":"https:\/\/help.freeplanetvpn.com\/dns-check\/"},"modified":"2025-03-25T18:20:52","modified_gmt":"2025-03-25T15:20:52","slug":"dns-check","status":"publish","type":"page","link":"https:\/\/freevpnplanet.com\/sv\/dns-check\/","title":{"rendered":"DNS check"},"content":{"rendered":"\n<section class=\"tools-hero\">\n  <div class=\"tools-hero__inner container\">\n\n          <h1 class=\"tools-hero__title\">Online DNS-propagation kontroll<\/h1>\n    \n    <div class=\"dns-propagation\">\n        <div class=\"dns-propagation__text\">\n                    <p>Your Internet service provider owns DNS servers to which you can connect and use services. Often, the owner monitors users to read data, track actions, and determine the applications used. The data is then used by the user, or by a third party, to create a digital portrait of the user.<\/p>\n<p>Do not allow self-tracking on the Internet &#8211; use Planet VPN DNS servers. Check the leak and protect your data.<\/p>        \n                        <a id=\"qa-avoid-dns\"\n               href=\"https:\/\/account.freevpnplanet.com\/sv\/order\/\"\n               target=\"\"\n              class=\"cta\">Avoid DNS leaks            <\/a>\n                  <\/div>\n\n      <div class=\"dns-propagation__context\">\n        <div class=\"dns-propagation__check\">\n          <div class=\"dns-propagation__status dns-propagation__status--undefined\" id=\"status-undefined\">\n            <img decoding=\"async\" src=\"https:\/\/freevpnplanet.com\/wp-content\/themes\/planetvpn\/assets\/images\/pages\/dns-check\/logo-unprotected.svg\" alt=\"Icon undefined\">\n            <span>Checking&#8230;<\/span>\n          <\/div>\n          <div class=\"dns-propagation__status dns-propagation__status--protected\" id=\"status-protected\">\n            <img decoding=\"async\" src=\"https:\/\/freevpnplanet.com\/wp-content\/themes\/planetvpn\/assets\/images\/pages\/dns-check\/logo-protected.svg\" alt=\"Icon Protected\">\n            <span>Your DNS queries are secure!<\/span>\n          <\/div>\n          <div class=\"dns-propagation__status dns-propagation__status--unprotected\" id=\"status-unprotected\">\n            <img decoding=\"async\" src=\"https:\/\/freevpnplanet.com\/wp-content\/themes\/planetvpn\/assets\/images\/pages\/dns-check\/logo-unprotected.svg\" alt=\"Icon Uprotected\">\n            <span>Your DNS queries could be leaked!<\/span>\n          <\/div>\n        <\/div>\n\n        <div class=\"dns-propagation__result\">\n          <span>Ip address:<\/span>\n          <span class=\"dns-propagation__ip\" id=\"dns-propagation-ip\">XXX.XXX.XX.XX<\/span>\n        <\/div>\n\n                  <div class=\"dns-propagation__final-text\">If you are using VPN, but you still see DNS-address of your provider&#8217;s server, the system is leaked. The owners of the DNS servers you use can see all the websites you visit.<\/div>\n        \n      <\/div>\n    <\/div>\n  <\/div>\n\n  <div class=\"tools-hero__menu\"><ul id=\"menu-tools-menu-swedish\" class=\"menu\"><li id=\"menu-item-117481\" class=\"menu-item\"><a id=\"qa-dns-leak-test\" href=\"https:\/\/freevpnplanet.com\/sv\/dns-check\/\">DNS-l\u00e4ckagetest<\/a><\/li>\n<li id=\"menu-item-117482\" class=\"menu-item\"><a id=\"qa-webrtc-leak-test\" href=\"https:\/\/freevpnplanet.com\/sv\/web-rtc\/\">WebRTC-l\u00e4ckagetest<\/a><\/li>\n<li id=\"menu-item-117513\" class=\"menu-item\"><a id=\"qa-virus-scan\" href=\"https:\/\/freevpnplanet.com\/sv\/virus-scan\/\">Viruss\u00f6kning<\/a><\/li>\n<li id=\"menu-item-117514\" class=\"menu-item\"><a id=\"qa-what-is-my-ip\" href=\"https:\/\/freevpnplanet.com\/sv\/ip-check\/\">Vad \u00e4r min IP?<\/a><\/li>\n<li id=\"menu-item-117515\" class=\"menu-item\"><a id=\"qa-generate-password\" href=\"https:\/\/freevpnplanet.com\/sv\/password-generator\/\">L\u00f6senordsgenerator<\/a><\/li>\n<\/ul><\/div>\n<\/section>\n\n<section class=\"two-col-content custom-block align-full  rtl ratio-normal image image-visible-on-mobile-yes\" style=''>\n\n    <div class=\"gutenberg-block-background\"><\/div>\n    <div class=\"two-col-content__container inner-container\">\n                    <h2 class=\"two-col-content__title\">VAD \u00c4R EN DNS-L\u00c4CKA?<\/h2>\n        \n                    <div class=\"two-col-content__description\"><p>\u00c4ven om du har den b\u00e4sta VPN ansluten, tyv\u00e4rr, kan inte dess tekniska kapacitet garantera skyddet av DNS-fr\u00e5gor fr\u00e5n din dator eller mobila enhet. Och denna faktor beror inte p\u00e5 trafikkrypteringens tillf\u00f6rlitlighet. Om det finns en DNS-l\u00e4cka betyder det att utomst\u00e5ende kommer att se webbresurserna du bes\u00f6ker, vilka \u00e5tg\u00e4rder du utf\u00f6r och vilka applikationer du \u00f6ppnar och anv\u00e4nder f\u00f6r personliga \u00e4ndam\u00e5l.<\/p>\n<p>DNS \u00e4r ett speciellt system med adressb\u00f6cker, som \u00e4r direkt relaterat till alla manipulationer som du g\u00f6r n\u00e4r du bes\u00f6ker Internet. Till exempel anv\u00e4nder en webbl\u00e4sare eller applikation DNS f\u00f6r att utf\u00f6ra en servers\u00f6kning f\u00f6r att skapa en efterf\u00f6ljande anslutning mellan tj\u00e4nster och webbplatser som klienten kr\u00e4ver. Enheten vidarebefordrar f\u00f6rfr\u00e5gningar och tar emot svaret med instruktioner f\u00f6r att s\u00f6ka efter m\u00e5ldata. F\u00f6ljaktligen \u00e4r det DNS-fr\u00e5gor som best\u00e4mmer den \u00f6vergripande konfidentialitetsniv\u00e5n f\u00f6r anv\u00e4ndardata och kan ocks\u00e5 utg\u00f6ra en s\u00e4kerhetsrisk. Det \u00e4r enkelt att kontrollera DNS &#8211; anslut Planet VPN och befria dig fr\u00e5n cyberhot.<\/p><\/div>\n        \n                    <img decoding=\"async\" width=\"436\" height=\"436\" src=\"https:\/\/freevpnplanet.com\/wp-content\/uploads\/2024\/05\/rvpn-dns.8814bf7-20240514_122744_989247.svg\" class=\"two-col-content__image\" alt=\"\" \/>        \n            <\/div>\n<\/section>\n\n\n<section class=\"cta-section custom-block align-full \" style=''>\n\n    <div class=\"gutenberg-block-background\"><\/div>\n    <div class=\"cta-section__inner\">\n                    <div class=\"cta-section__cta\">\n                                    <a href=\"\/sv\/plans\/\" target=\"_self\" id=\"qa-download-free-space\" class=\"cta download-by-platform cta--with-border cta-size--small icon-position--icon-left\" style=\"--button-background-color: var(--green);--button-background-color-hover: var(--green-hover);--button-background-color-pressed: var(--green-pressed);--border-radius:40px\"><span class=\"cta__name\">Gratis nedladdning<\/span><\/a>                            <\/div>\n            <\/div>\n<\/section>\n\n<section class=\"two-col-content custom-block align-full  rtl ratio-normal text image-visible-on-mobile-no\" style='--background-color:var(--background-blue)'>\n\n    <div class=\"gutenberg-block-background\"><\/div>\n    <div class=\"two-col-content__container inner-container\">\n        \n                    <div class=\"two-col-content__description\"><p>N\u00e4r VPN inte \u00e4r aktiverat p\u00e5 din persondator \u00e4r DNS-tj\u00e4nsten som tillhandah\u00e5lls av din internetleverant\u00f6r ansvarig f\u00f6r s\u00e4kerhetsl\u00e4get. Men n\u00e4r Planet VPN \u00e4r ansluten \u00e4r endast DNS-servrar f\u00f6r denna tj\u00e4nst aktiverade. Fullst\u00e4ndigt skydd garanteras och riskerna f\u00f6r informationsl\u00e4ckage minimeras. Anv\u00e4ndningen av Planet VPN DNS-servrar ger obestridliga f\u00f6rdelar:<\/p>\n<ul>\n<li>H\u00f6gpresterande DNS-servrar Planet VPN;<\/li>\n<li>Att spara aktivitets- och anslutningsloggar \u00e4r helt eliminerat;<\/li>\n<li>den s\u00e4kraste krypteringen av trafik.<\/li>\n<\/ul>\n<p>Arbetsprincipen best\u00e5r av f\u00f6ljande \u00e5tg\u00e4rder:<\/p>\n<ul>\n<li>N\u00e4r du beh\u00f6ver \u00f6ppna en sida p\u00e5 Internet anger du en specifik beg\u00e4ran och klickar sedan p\u00e5 m\u00e5ll\u00e4nken;<\/li>\n<li>den valda adressen skickas till en krypterad tunnel till DNS-servern, vilket bildar en \u00e5tkomst till resursen av intresse;<\/li>\n<li>servern f\u00e5r ett svar och det skickas till anv\u00e4ndaren f\u00f6r att \u00f6ppna webbplatsen.<\/li>\n<\/ul>\n<p>Alla dessa \u00e5tg\u00e4rder genereras i en s\u00e4ker kommunikationskanal, s\u00e5 det finns ingen risk f\u00f6r dataintr\u00e5ng eller l\u00e4ckage. Du kan kontrollera DNS-servern online p\u00e5 Planet VPN-webbplatsen.<\/p><\/div>\n        \n                                    <h2 class=\"two-col-content__text\">HUR MAN UNDVIKER DNS-L\u00c4CKAGE MED PLANET VPN-TJ\u00c4NST<\/h2>\n                    \n                    <div class=\"two-col-content__cta\">\n                            <\/div>\n            <\/div>\n<\/section>\n\n\n<section class=\"image-text-static-image custom-block align-none  mobile-image-bottom   header-size-small text-size-small  pb-0--desktop\" style=''>\n\n    <div class=\"gutenberg-block-background\"><\/div>\n    <div class=\"image-text-static-image__inner inner-container\">\n                    <div class=\"image-text-static-image__content content-left\" style='--content-width: 50%'>\n                \n                <h2>BEH\u00d6VER DU ALLTID KONTROLLERA DNS-L\u00c4CKAGE?<\/h2>\n<p>Att kontrollera DNS-servern \u00e4r en viktig s\u00e4kerhets\u00e5tg\u00e4rd som b\u00f6r utf\u00f6ras regelbundet. \u00c4ven om du redan anv\u00e4nder VPN-tj\u00e4nsten finns det en s\u00e4kerhetsrisk f\u00f6rknippad med DNS-s\u00e5rbarheten. Om en informationsl\u00e4cka intr\u00e4ffar \u00e5tf\u00f6ljs den av s\u00e5dana \u00e5tg\u00e4rder:<\/p>\n<ol>\n<li>Anv\u00e4ndarens dator kommer inte att skicka DNS-fr\u00e5gor till Planet VPN-tunneln, utan till det offentliga n\u00e4tverket;<\/li>\n<li>Anv\u00e4ndarens dator kommer att skicka DNS-f\u00f6rfr\u00e5gningar genom Planet VPN-tunneln, men de kommer till den externa servern ist\u00e4llet f\u00f6r till den skyddade v\u00e4rden.<\/li>\n<li>I b\u00e5da dessa fall kan \u00e5sk\u00e5dare se alla webbplatser som anv\u00e4ndaren kommer att bes\u00f6ka, s\u00e5v\u00e4l som alla applikationer och program som anv\u00e4nds i ditt arbete.<\/li>\n<\/ol>\n                \n                \n\n            <\/div>\n        \n                    <div class=\"bg-image-wrapper bg-image-wrapper--desktop  right image-align--center\" style='--image-max-width: 50%'>\n                <figure>\n                    <img width=\"436\" height=\"436\" src=\"https:\/\/freevpnplanet.com\/wp-content\/uploads\/2024\/05\/rvpn-zoom.0cb093a-20240514_130633_582621.svg\" class=\"attachment-full size-full\" alt=\"\" loading=\"lazy\" decoding=\"sync\" fetchpriority=\"low\" style=\"max-width:440px\" sizes=\"auto, (max-width: 440px) 100vw, 440px\" aria-hidden=\"true\" \/>                    <!-- <img decoding=\"async\" width=\"436\" height=\"436\" src=\"https:\/\/freevpnplanet.com\/wp-content\/uploads\/2024\/05\/rvpn-zoom.0cb093a-20240514_130633_582621.svg\" class=\"attachment-full size-full\" alt=\"\" style=\"max-width:440px\" \/> -->\n                <\/figure>\n            <\/div>\n        \n            <\/div>\n<\/section>\n\n\n<section class=\"image-text-static-image custom-block align-none  mobile-image-bottom   header-size-small text-size-small  pb-0--desktop\" style=''>\n\n    <div class=\"gutenberg-block-background\"><\/div>\n    <div class=\"image-text-static-image__inner inner-container\">\n                    <div class=\"image-text-static-image__content content-right\" style='--content-width: 50%'>\n                \n                <h2>VARF\u00d6R FINNS DET EN DNS-L\u00c4CKAGE N\u00c4R VPN \u00c4R AKTIVERAT?<\/h2>\n<p>\u00c4ven om du anv\u00e4nder VPN-tj\u00e4nsten hela tiden kan det finnas DNS-l\u00e4ckor. Markera f\u00f6ljande mest popul\u00e4ra orsaker till DNS-l\u00e4ckor:<\/p>\n<ol>\n<li>VPN-n\u00e4tverk konfigurerades manuellt &#8211; detta \u00f6kar avsev\u00e4rt risken f\u00f6r informationsl\u00e4ckage och privata data, och l\u00e4gger till en faktor som \u00e4r specifik f\u00f6r konfigurationen av operativsystemet p\u00e5 anv\u00e4ndardatorn. Om du ansluter Planet VPN \u00e4r s\u00e5dana problem uteslutna, du f\u00e5r fullt skydd;<\/li>\n<li>Angripare har f\u00e5ngat kontrollen \u00f6ver din router, som ett resultat av vilka f\u00f6rfr\u00e5gningar fr\u00e5n din dator skickas till det allm\u00e4nna n\u00e4tverket, snarare \u00e4n till en krypterad tunnel &#8211; denna situation uppst\u00e5r oftast n\u00e4r du anv\u00e4nder en Wi-Fi anslutning p\u00e5 offentliga platser (k\u00f6pcentrum, sportklubb, caf\u00e9, park, etc.). Det r\u00e4cker med att anv\u00e4nda Planet VPN-tj\u00e4nst f\u00f6r att eliminera alla risker och potentiella s\u00e5rbarheter;<\/li>\n<li>DNS har st\u00e4llts in manuellt och kommandot att inte anv\u00e4nda en anslutning via Planet VPN-servern har aktiverats &#8211; det \u00e4r b\u00e4st att undvika s\u00e5dana h\u00e4ndelser \u00e4ven om du \u00e4r en erfaren anv\u00e4ndare, eftersom det st\u00f6r din dators \u00f6vergripande cybers\u00e4kerhet.<\/li>\n<\/ol>\n                \n                \n\n            <\/div>\n        \n                    <div class=\"bg-image-wrapper bg-image-wrapper--desktop  left image-align--center\" style='--image-max-width: 50%'>\n                <figure>\n                    <img width=\"436\" height=\"436\" src=\"https:\/\/freevpnplanet.com\/wp-content\/uploads\/2024\/05\/rvpn-virus.9f94f39-20240514_130630_667594.svg\" class=\"attachment-full size-full\" alt=\"\" loading=\"lazy\" decoding=\"sync\" fetchpriority=\"low\" style=\"max-width:440px\" sizes=\"auto, (max-width: 440px) 100vw, 440px\" aria-hidden=\"true\" \/>                    <!-- <img decoding=\"async\" width=\"436\" height=\"436\" src=\"https:\/\/freevpnplanet.com\/wp-content\/uploads\/2024\/05\/rvpn-virus.9f94f39-20240514_130630_667594.svg\" class=\"attachment-full size-full\" alt=\"\" style=\"max-width:440px\" \/> -->\n                <\/figure>\n            <\/div>\n        \n            <\/div>\n<\/section>\n\n\n<section class=\"wrapper custom-block align-none    \" style=''>\n\n    <div class=\"gutenberg-block-background\"><\/div>\n    <div class=\"wrapper__inner inner-container\">\n        \n\n<div class=\"buttons custom-block align-center \">\n                        <a href=\"\/sv\/plans\/\" target=\"_self\" id=\"qa-download-free-info\" class=\"cta download-by-platform cta--with-border cta-size--small cta-mt--initial icon-position--icon-left\" style=\"--border-radius:40px\"><span class=\"cta__name\">Gratis nedladdning<\/span><\/a>            <\/div>\n\n    <\/div>\n\n<\/section>","protected":false},"excerpt":{"rendered":"","protected":false},"author":13,"featured_media":0,"parent":0,"menu_order":0,"comment_status":"closed","ping_status":"closed","template":"templates\/page_template-basic_for_gutenberg.php","meta":{"_acf_changed":false,"inline_featured_image":false,"footnotes":""},"download_by_lite_tag":[],"class_list":["post-97808","page","type-page","status-publish","hentry"],"yoast_head":"<!-- This site is optimized with the Yoast SEO plugin v22.6 - https:\/\/yoast.com\/wordpress\/plugins\/seo\/ -->\n<title>Kontrollera efter DNS-l\u00e4ckor och skydda dina data<\/title>\n<meta name=\"description\" content=\"Kontrollera DNS-l\u00e4ckor och skydda dina data med Planet VPN. S\u00e4kerst\u00e4ll fullst\u00e4ndig sekretess och undvik att din verkliga plats avsl\u00f6jas.\" \/>\n<meta name=\"robots\" content=\"index, follow, max-snippet:-1, max-image-preview:large, max-video-preview:-1\" \/>\n<link rel=\"canonical\" href=\"https:\/\/freevpnplanet.com\/sv\/dns-check\/\" \/>\n<meta property=\"og:locale\" content=\"en_US\" \/>\n<meta property=\"og:type\" content=\"article\" \/>\n<meta property=\"og:title\" content=\"Kontrollera efter DNS-l\u00e4ckor och skydda dina data\" \/>\n<meta property=\"og:description\" content=\"Kontrollera DNS-l\u00e4ckor och skydda dina data med Planet VPN. S\u00e4kerst\u00e4ll fullst\u00e4ndig sekretess och undvik att din verkliga plats avsl\u00f6jas.\" \/>\n<meta property=\"og:url\" content=\"https:\/\/freevpnplanet.com\/sv\/dns-check\/\" \/>\n<meta property=\"og:site_name\" content=\"Planet VPN\" \/>\n<meta property=\"article:modified_time\" content=\"2025-03-25T15:20:52+00:00\" \/>\n<meta name=\"twitter:card\" content=\"summary_large_image\" \/>\n<script type=\"application\/ld+json\" class=\"yoast-schema-graph\">{\"@context\":\"https:\/\/schema.org\",\"@graph\":[{\"@type\":\"WebPage\",\"@id\":\"https:\/\/freevpnplanet.com\/sv\/dns-check\/\",\"url\":\"https:\/\/freevpnplanet.com\/sv\/dns-check\/\",\"name\":\"Kontrollera efter DNS-l\u00e4ckor och skydda dina data\",\"isPartOf\":{\"@id\":\"https:\/\/freevpnplanet.com\/sv\/#website\"},\"datePublished\":\"2024-05-13T17:27:17+00:00\",\"dateModified\":\"2025-03-25T15:20:52+00:00\",\"description\":\"Kontrollera DNS-l\u00e4ckor och skydda dina data med Planet VPN. S\u00e4kerst\u00e4ll fullst\u00e4ndig sekretess och undvik att din verkliga plats avsl\u00f6jas.\",\"breadcrumb\":{\"@id\":\"https:\/\/freevpnplanet.com\/sv\/dns-check\/#breadcrumb\"},\"inLanguage\":\"sv\",\"potentialAction\":[{\"@type\":\"ReadAction\",\"target\":[\"https:\/\/freevpnplanet.com\/sv\/dns-check\/\"]}]},{\"@type\":\"BreadcrumbList\",\"@id\":\"https:\/\/freevpnplanet.com\/sv\/dns-check\/#breadcrumb\",\"itemListElement\":[{\"@type\":\"ListItem\",\"position\":1,\"name\":\"Home\",\"item\":\"https:\/\/freevpnplanet.com\/sv\/\"},{\"@type\":\"ListItem\",\"position\":2,\"name\":\"DNS check\"}]},{\"@type\":\"WebSite\",\"@id\":\"https:\/\/freevpnplanet.com\/sv\/#website\",\"url\":\"https:\/\/freevpnplanet.com\/sv\/\",\"name\":\"Planet VPN \ud83d\udee1\ufe0f\ud83c\udf10 Free VPN\",\"description\":\"Free VPN\",\"potentialAction\":[{\"@type\":\"SearchAction\",\"target\":{\"@type\":\"EntryPoint\",\"urlTemplate\":\"https:\/\/freevpnplanet.com\/sv\/?s={search_term_string}\"},\"query-input\":\"required name=search_term_string\"}],\"inLanguage\":\"sv\",\"publisher\":{\"@id\":\"https:\/\/freevpnplanet.com\/sv\/#organization\"}},{\"@context\":\"https:\/\/schema.org\/\",\"@type\":\"SoftwareApplication\",\"name\":\"Planet VPN \ud83d\udee1\ufe0f\ud83c\udf10 Free VPN\",\"operatingSystem\":\"Windows, macOS, iOS, Android, Linux, Chrome\",\"applicationCategory\":\"SecurityApplication\",\"offers\":{\"@type\":\"AggregateOffer\",\"priceCurrency\":\"USD\",\"price\":\"0\",\"lowPrice\":\"0\",\"availability\":\"https:\/\/schema.org\/InStock\"},\"aggregateRating\":{\"@type\":\"AggregateRating\",\"ratingValue\":\"4.8\",\"bestRating\":\"5\",\"ratingCount\":\"12476\"}},{\"@type\":\"Organization\",\"@id\":\"https:\/\/freevpnplanet.com\/sv\/#organization\",\"url\":\"https:\/\/freevpnplanet.com\/sv\/\",\"name\":\"Planet VPN \ud83d\udee1\ufe0f\ud83c\udf10 Free VPN\"}]}<\/script>\n<!-- \/ Yoast SEO plugin. -->","yoast_head_json":{"title":"Kontrollera efter DNS-l\u00e4ckor och skydda dina data","description":"Kontrollera DNS-l\u00e4ckor och skydda dina data med Planet VPN. S\u00e4kerst\u00e4ll fullst\u00e4ndig sekretess och undvik att din verkliga plats avsl\u00f6jas.","robots":{"index":"index","follow":"follow","max-snippet":"max-snippet:-1","max-image-preview":"max-image-preview:large","max-video-preview":"max-video-preview:-1"},"canonical":"https:\/\/freevpnplanet.com\/sv\/dns-check\/","og_locale":"en_US","og_type":"article","og_title":"Kontrollera efter DNS-l\u00e4ckor och skydda dina data","og_description":"Kontrollera DNS-l\u00e4ckor och skydda dina data med Planet VPN. S\u00e4kerst\u00e4ll fullst\u00e4ndig sekretess och undvik att din verkliga plats avsl\u00f6jas.","og_url":"https:\/\/freevpnplanet.com\/sv\/dns-check\/","og_site_name":"Planet VPN","article_modified_time":"2025-03-25T15:20:52+00:00","twitter_card":"summary_large_image","schema":{"@context":"https:\/\/schema.org","@graph":[{"@type":"WebPage","@id":"https:\/\/freevpnplanet.com\/sv\/dns-check\/","url":"https:\/\/freevpnplanet.com\/sv\/dns-check\/","name":"Kontrollera efter DNS-l\u00e4ckor och skydda dina data","isPartOf":{"@id":"https:\/\/freevpnplanet.com\/sv\/#website"},"datePublished":"2024-05-13T17:27:17+00:00","dateModified":"2025-03-25T15:20:52+00:00","description":"Kontrollera DNS-l\u00e4ckor och skydda dina data med Planet VPN. S\u00e4kerst\u00e4ll fullst\u00e4ndig sekretess och undvik att din verkliga plats avsl\u00f6jas.","breadcrumb":{"@id":"https:\/\/freevpnplanet.com\/sv\/dns-check\/#breadcrumb"},"inLanguage":"sv","potentialAction":[{"@type":"ReadAction","target":["https:\/\/freevpnplanet.com\/sv\/dns-check\/"]}]},{"@type":"BreadcrumbList","@id":"https:\/\/freevpnplanet.com\/sv\/dns-check\/#breadcrumb","itemListElement":[{"@type":"ListItem","position":1,"name":"Home","item":"https:\/\/freevpnplanet.com\/sv\/"},{"@type":"ListItem","position":2,"name":"DNS check"}]},{"@type":"WebSite","@id":"https:\/\/freevpnplanet.com\/sv\/#website","url":"https:\/\/freevpnplanet.com\/sv\/","name":"Planet VPN \ud83d\udee1\ufe0f\ud83c\udf10 Free VPN","description":"Free VPN","potentialAction":[{"@type":"SearchAction","target":{"@type":"EntryPoint","urlTemplate":"https:\/\/freevpnplanet.com\/sv\/?s={search_term_string}"},"query-input":"required name=search_term_string"}],"inLanguage":"sv","publisher":{"@id":"https:\/\/freevpnplanet.com\/sv\/#organization"}},{"@context":"https:\/\/schema.org\/","@type":"SoftwareApplication","name":"Planet VPN \ud83d\udee1\ufe0f\ud83c\udf10 Free VPN","operatingSystem":"Windows, macOS, iOS, Android, Linux, Chrome","applicationCategory":"SecurityApplication","offers":{"@type":"AggregateOffer","priceCurrency":"USD","price":"0","lowPrice":"0","availability":"https:\/\/schema.org\/InStock"},"aggregateRating":{"@type":"AggregateRating","ratingValue":"4.8","bestRating":"5","ratingCount":"12476"}},{"@type":"Organization","@id":"https:\/\/freevpnplanet.com\/sv\/#organization","url":"https:\/\/freevpnplanet.com\/sv\/","name":"Planet VPN \ud83d\udee1\ufe0f\ud83c\udf10 Free VPN"}]}},"acf":[],"_links":{"self":[{"href":"https:\/\/freevpnplanet.com\/sv\/wp-json\/wp\/v2\/pages\/97808","targetHints":{"allow":["GET"]}}],"collection":[{"href":"https:\/\/freevpnplanet.com\/sv\/wp-json\/wp\/v2\/pages"}],"about":[{"href":"https:\/\/freevpnplanet.com\/sv\/wp-json\/wp\/v2\/types\/page"}],"author":[{"embeddable":true,"href":"https:\/\/freevpnplanet.com\/sv\/wp-json\/wp\/v2\/users\/13"}],"replies":[{"embeddable":true,"href":"https:\/\/freevpnplanet.com\/sv\/wp-json\/wp\/v2\/comments?post=97808"}],"version-history":[{"count":2,"href":"https:\/\/freevpnplanet.com\/sv\/wp-json\/wp\/v2\/pages\/97808\/revisions"}],"predecessor-version":[{"id":150598,"href":"https:\/\/freevpnplanet.com\/sv\/wp-json\/wp\/v2\/pages\/97808\/revisions\/150598"}],"wp:attachment":[{"href":"https:\/\/freevpnplanet.com\/sv\/wp-json\/wp\/v2\/media?parent=97808"}],"wp:term":[{"taxonomy":"download_by_lite_tag","embeddable":true,"href":"https:\/\/freevpnplanet.com\/sv\/wp-json\/wp\/v2\/download_by_lite_tag?post=97808"}],"curies":[{"name":"wp","href":"https:\/\/api.w.org\/{rel}","templated":true}]}}