{"id":98510,"date":"2024-06-03T19:16:22","date_gmt":"2024-06-03T16:16:22","guid":{"rendered":"https:\/\/help.freeplanetvpn.com\/virus-scan\/"},"modified":"2026-02-11T15:39:42","modified_gmt":"2026-02-11T12:39:42","slug":"virus-scan","status":"publish","type":"page","link":"https:\/\/freevpnplanet.com\/sv\/virus-scan\/","title":{"rendered":"Virus scan"},"content":{"rendered":"\n<section class=\"virus-scan-hero\">\n  <div class=\"virus-scan-hero__inner container\">\n    <div class=\"virus-scan\">\n\n              <h1 class=\"virus-scan__title\">Online gratis viruss\u00f6kning \u2013 fil eller URL<\/h1>\n      \n              <div class=\"virus-scan__text\"><p>Planet VPN-tj\u00e4nsten \u00e4r en effektiv och l\u00f6nsam l\u00f6sning f\u00f6r att snabbt analysera alla misst\u00e4nkta filer och adressl\u00e4nkar, identifiera potentiella hot och f\u00f6rekomst av virus och skadliga objekt. Viruss\u00f6kning fr\u00e5n Planet VPN &#8211; tryggt, s\u00e4kert, snabbt.<\/p><\/div>\n      \n      <div class=\"virus-scan__content\">\n        <div class=\"virus-scan__tab\">\n\n          <button class=\"virus-scan__tab-button virus-scan__tab-button--selected\" id=\"qa-file-tab\" data-tab=\"file\">\n            <img decoding=\"async\" src=\"\/wp-content\/themes\/planetvpn\/assets\/images\/pages\/virus-scan\/doc.svg\" alt=\"document icon\" >\n            Fil          <\/button>\n\n          <button class=\"virus-scan__tab-button\" id=\"qa-url-tab\" data-tab=\"url\">\n            <img decoding=\"async\" src=\"\/wp-content\/themes\/planetvpn\/assets\/images\/pages\/virus-scan\/file.svg\" alt=\"file icon\" >\n            Url          <\/button>\n\n          <form name=\"virus-scan-file-form\" method=\"post\" class=\"virus-scan__form virus-scan__form--active\" data-target-tab=\"file\">\n            <div class=\"virus-scan__form-group\">\n              <label class=\"virus-scan__label\">\n                <span>V\u00e4lj fil<\/span>\n                <u class=\"virus-scan__filename-inner\">Inga filer valda<\/u>\n                <input type=\"file\" name=\"file_upload\" class=\"virus-scan__input-file\" id=\"qa-upload-field\" required \/>\n              <\/label>\n\n              <button type=\"submit\" class=\"virus-scan__submit-button\">\n                <img decoding=\"async\" src=\"\/wp-content\/themes\/planetvpn\/assets\/images\/pages\/virus-scan\/dow.svg\" alt=\"download icon\" >\n              <\/button>\n            <\/div>\n\n            <div class=\"virus-scan__results\"><\/div>\n\n            <button id=\"qa-scan-button\" type=\"submit\" class=\"cta CTA main-btn-file\">\n              <span>Kontrollera<\/span>\n            <\/button>\n          <\/form>\n\n          <form name=\"virus-scan-url-form\" method=\"post\" class=\"virus-scan__form\" data-target-tab=\"url\">\n            <div class=\"virus-scan__form-group\">\n              <label class=\"virus-scan__label\">\n                <span>Url<\/span>\n                <input type=\"url\" name=\"url_input\" class=\"virus-scan__input-url\" required \/>\n              <\/label>\n\n              <button type=\"submit\" class=\"virus-scan__submit-button\">\n                <img decoding=\"async\" src=\"\/wp-content\/themes\/planetvpn\/assets\/images\/pages\/virus-scan\/dow.svg\" alt=\"download icon\" >\n              <\/button>\n            <\/div>\n\n            <div class=\"virus-scan__results\"><\/div>\n\n            <button id=\"main-btn-url\" type=\"submit\" class=\"cta CTA\">\n              <span>Kontrollera<\/span>\n            <\/button>\n          <\/form>\n        <\/div>\n      <\/div>\n    <\/div>\n  <\/div>\n\n  <div class=\"virus-scan-hero__menu\"><ul id=\"menu-tools-menu-swedish\" class=\"menu\"><li id=\"menu-item-117481\" class=\"menu-item\"><a id=\"qa-dns-leak-test\" href=\"https:\/\/freevpnplanet.com\/sv\/dns-check\/\">DNS-l\u00e4ckagetest<\/a><\/li>\n<li id=\"menu-item-117482\" class=\"menu-item\"><a id=\"qa-webrtc-leak-test\" href=\"https:\/\/freevpnplanet.com\/sv\/web-rtc\/\">WebRTC-l\u00e4ckagetest<\/a><\/li>\n<li id=\"menu-item-117513\" class=\"menu-item\"><a id=\"qa-virus-scan\" href=\"https:\/\/freevpnplanet.com\/sv\/virus-scan\/\">Viruss\u00f6kning<\/a><\/li>\n<li id=\"menu-item-117514\" class=\"menu-item\"><a id=\"qa-what-is-my-ip\" href=\"https:\/\/freevpnplanet.com\/sv\/ip-check\/\">Vad \u00e4r min IP?<\/a><\/li>\n<li id=\"menu-item-117515\" class=\"menu-item\"><a id=\"qa-generate-password\" href=\"https:\/\/freevpnplanet.com\/sv\/password-generator\/\">L\u00f6senordsgenerator<\/a><\/li>\n<\/ul><\/div>\n<\/section>\n\n<section class=\"two-col-content custom-block align-full  rtl ratio-normal text image-visible-on-mobile-no\" style='--background-color:var(--background-blue)'>\n\n    <div class=\"gutenberg-block-background\"><\/div>\n    <div class=\"two-col-content__container inner-container\">\n        \n                    <div class=\"two-col-content__description\"><p>Det st\u00f6rsta antalet hot mot datoranv\u00e4ndare v\u00e4ntar p\u00e5 internet n\u00e4r vi g\u00e5r till webbplatser, \u00f6ppnar reklambanners eller klickar p\u00e5 ytterligare dialogrutor, eller laddar ned filer och arkiv. Du vet aldrig n\u00e4r ett skadligt objekt kommer att dyka upp p\u00e5 din dator, s\u00e4rskilt om antivirusskydd eller VPN inte \u00e4r aktivt p\u00e5 din enhet.<\/p>\n<p>Hittills, bland farorna med internet som hackare och andra hot mot systemet, har f\u00f6ljande lyfts fram:<\/p>\n<ul>\n<li>Trojanska virus;<\/li>\n<li>Laddande object;<\/li>\n<li>DNS-attacker och informationsl\u00e4ckor.<\/li>\n<\/ul>\n<p>Om du surfar p\u00e5 internet utan att ladda ned n\u00e5gra filer l\u00f6per du \u00e4nd\u00e5 stor risk &#8211; en h\u00f6g sannolikhet f\u00f6r ett s\u00e4kerhetsintr\u00e5ng p\u00e5 grund av:<\/p>\n<ul>\n<li>St\u00f6ld av data medan den s\u00e4nds \u00f6ver n\u00e4tverket;<\/li>\n<li>Blockader och restriktioner i ditt land eller din region;<\/li>\n<li>Spammare som f\u00f6rs\u00f6ker desorientera och lura dig.<\/li>\n<\/ul><\/div>\n        \n                                    <h2 class=\"two-col-content__text\">HUR VIKTIGT DET \u00c4R ATT KONTROLLERA DIN PC F\u00d6R VIRUS<\/h2>\n                    \n            <\/div>\n<\/section>\n\n\n<div class=\"container-box custom-block align-full \" style='--background-color:var(--dark-blue-0); --text-color:var(--white)'>\n\n    <div class=\"gutenberg-block-background\"><img decoding=\"async\" width=\"1366\" height=\"312\" src=\"https:\/\/freevpnplanet.com\/wp-content\/uploads\/2024\/05\/rvpn-galactic.8e29189-20240514_122917_086039.svg\" class=\"gutenberg-block-background__image-desktop background-image\" alt=\"bg-image-desktop\" title=\"bg-image-desktop\" \/><img decoding=\"async\" width=\"1366\" height=\"312\" src=\"https:\/\/freevpnplanet.com\/wp-content\/uploads\/2024\/05\/rvpn-galactic.8e29189-20240514_122917_086039.svg\" class=\"gutenberg-block-background__image-mobile background-image\" alt=\"bg-image-mobile\" title=\"bg-image-mobile\" \/><\/div>\n    <div class=\"container-box__inner inner-container\">\n        \n\n<div class=\"buttons custom-block align-center \">\n                        <a href=\"\/sv\/plans\/\" target=\"_self\" id=\"qa-download-free-space\" class=\"cta download-by-platform cta--with-border cta-size--small cta-mt--initial icon-position--icon-left\" style=\"--border-radius:40px\"><span class=\"cta__name\">Gratis nedladdning<\/span><\/a>            <\/div>\n\n    <\/div>\n\n<\/div>\n\n\n\n<section class=\"image-text custom-block align-none   mobile-image-bottom mobile-title-center  header-size-medium text-size-small   content-right\" style='overflow: hidden;;;--min-height-mobile:400px;--min-height-desktop:600px;--content-width:50%'>\n\n    <div class=\"gutenberg-block-background\"><\/div>\n    <div class=\"image-text__inner inner-container\">\n\n        \n                    <div class=\"image-text__content\">\n\n                <h2>VAR VIRUS KONTROLLERAS<\/h2>\n\n\n\n<p>S\u00e4kerheten f\u00f6r den webbplats du bes\u00f6ker \u00e4r en viktig faktor f\u00f6r varje anv\u00e4ndare som surfar p\u00e5 Internet. Men hur s\u00e4kerst\u00e4ller du att webbresursen du beh\u00f6ver g\u00e5 till och f\u00e5 den riktade informationen \u00e4r fri fr\u00e5n virus och inte utg\u00f6r n\u00e5got hot? F\u00f6r sj\u00e4lva sajten \u00e4r detta ocks\u00e5 viktigt, eftersom det p\u00e5verkar dess tillf\u00f6rlitlighet och betyg.<\/p>\n<ol>\n<li>Antiviruset har blockerat en potentiellt farlig webbplats;<\/li>\n<li>Det finns en omdirigering utan anledning;<\/li>\n<li>Webbplatstrafiken har rasat;<\/li>\n<li>En virusvarning har mottagits fr\u00e5n andra anv\u00e4ndare;<\/li>\n<li>Mailen blockeras av v\u00e4rdleverant\u00f6ren.<\/li>\n<\/ol>\n<p>Planet VPN-tj\u00e4nsten l\u00e5ter dig utf\u00f6ra en snabb online-viruss\u00f6kning av vilken webbresurs som helst f\u00f6r n\u00e4rvaro av:<\/p>\n<ol>\n<li>Skadliga koder;<\/li>\n<li>Maskar;<\/li>\n<li>Trojanprogram;<\/li>\n<li>Andra skadliga objekt.<\/li>\n<\/ol>\n<p>F\u00f6r att skydda anv\u00e4ndarens integritet efters\u00f6ker och eliminerar VPN f\u00f6ljande faror:<\/p>\n<p><a id=\"qa-dns-link\" class=\"\" href=\"https:\/\/freevpnplanet.com\/sv\/dns-check\/\">DNS-l\u00e4ckagetest<\/a><br \/><a id=\"qa-ip-address-link\" href=\"https:\/\/freevpnplanet.com\/sv\/ip-check\/\">Kontroll av IP-adress<\/a><\/p>\n                \n            <\/div>\n        \n                    <div class=\"bg-image-wrapper bg-image-wrapper--desktop left image-align--center\">\n                <figure style='--image-max-width:437px;--image-opacity:1.00;width: calc(50% - 20px)'>\n                    <img decoding=\"async\" width=\"436\" height=\"436\" src=\"https:\/\/freevpnplanet.com\/wp-content\/uploads\/2024\/05\/rvpn-virus.b86bc7a1-20240528_152401_495798.svg\" class=\"bg-image\" alt=\"Background Image for Desktop\" \/>                <\/figure>\n            <\/div>\n        \n                    <div class=\"bg-image-wrapper bg-image-wrapper--mobile regular-image\">\n                <figure style='width: 100%;max-width: 480px;opacity: 1.00;margin-top: 24px'>\n                    <img decoding=\"async\" width=\"436\" height=\"436\" src=\"https:\/\/freevpnplanet.com\/wp-content\/uploads\/2024\/05\/rvpn-virus.b86bc7a1-20240528_152401_495798.svg\" class=\"bg-image\" alt=\"Background Image for Mobile\" \/>                <\/figure>\n            <\/div>\n            <\/div>\n<\/section>\n\n<section class=\"two-col-content custom-block align-full  rtl ratio-normal text image-visible-on-mobile-no\" style='--background-color:var(--background-blue)'>\n\n    <div class=\"gutenberg-block-background\"><\/div>\n    <div class=\"two-col-content__container inner-container\">\n        \n                    <div class=\"two-col-content__description\"><p>N\u00e4r din dator eller mobila enhet \u00e4r skyddad \u00e4r inga fler attacker och risker f\u00f6r operativsystemet skr\u00e4mmande. Det r\u00e4cker dock inte att endast anv\u00e4nda antivirusprogram, som ansvarar f\u00f6r ytlig s\u00e4kerhet. Principen f\u00f6r Planet VPN-driften \u00e4r arrangerad p\u00e5 ett s\u00e5dant s\u00e4tt att inte bara anv\u00e4ndarens riktiga IP-adress d\u00f6ljs, utan \u00e4ven att informationstrafiken \u00e4r helt krypterad. Du kommer att kunna anv\u00e4nda viruss\u00f6kningsfunktionen eller viruss\u00f6knings-URL separat f\u00f6r att f\u00f6rhindra att misst\u00e4nkta eller farliga webbplatser bes\u00f6ks f\u00f6r att uppr\u00e4tth\u00e5lla din egen s\u00e4kerhet.<\/p>\n<p>Online viruss\u00f6kning fr\u00e5n Planet VPN ger ett fullst\u00e4ndigt skydd och integritet f\u00f6r anv\u00e4ndardata och enhet n\u00e4r du anv\u00e4nder Internet. Trafiken krypteras och dirigeras till en s\u00e4ker tunnel &#8211; en speciell teknik f\u00f6r att garantera s\u00e4kerheten f\u00f6r din data n\u00e4r den s\u00e4nds \u00f6ver n\u00e4tverket. N\u00e4r du har VPN aktiverat beh\u00f6ver du inte oroa dig f\u00f6r virusattacker och kan surfa bekv\u00e4mt n\u00e4r du bes\u00f6ker riktade webbplatser.<\/p>\n<p>Anv\u00e4nd ett virtuellt privat n\u00e4tverk f\u00f6r att skapa ett anonymt l\u00e4ge kombinerat med antivirusprogram f\u00f6r att ge multiskydd f\u00f6r din PC och inte beh\u00f6va oroa dig f\u00f6r cybers\u00e4kerhet i ditt n\u00e4tverk.<\/p><\/div>\n        \n                                    <h2 class=\"two-col-content__text\">HUR MAN G\u00d6R EN VIRUSS\u00d6KNING AV EN WEBBPLATS ONLINE VIA PLANET VPN<\/h2>\n                    \n            <\/div>\n<\/section>\n\n\n<section class=\"image-text custom-block align-full   mobile-image-bottom mobile-title-center  header-size-medium text-size-small   content-right\" style='overflow: hidden;;;--min-height-mobile:400px;--min-height-desktop:600px;--content-width:60%'>\n\n    <div class=\"gutenberg-block-background\"><\/div>\n    <div class=\"image-text__inner inner-container\">\n\n        \n                    <div class=\"image-text__content\">\n\n                <h2>HUR DU SKYDDAR DIN TELEFON FR\u00c5N VIRUS &#8211; S\u00c4KERHETS\u00c5TG\u00c4RDER<\/h2>\n\n\n\n<p>Smartphones \u00f6kar i popularitet och \u00f6verl\u00e4gsenhet j\u00e4mf\u00f6rt med station\u00e4ra datorer. Det \u00e4r s\u00e4rskilt bekv\u00e4mt att ansluta till Wi-Fi p\u00e5 en sportbar, kaf\u00e9, ett k\u00f6pcentrum och n\u00e5gon annan offentlig plats, om du snabbt beh\u00f6ver hitta viktig information eller kommunicera p\u00e5 sociala n\u00e4tverk. Kommunikationen sker dock genom en os\u00e4krad tunnel och obeh\u00f6riga personer kan enkelt f\u00e5nga upp din data, vilket drastiskt undergr\u00e4ver din integritet och datas\u00e4kerhet.<\/p>\n<p>N\u00e4r du ansluter till VPN genereras en s\u00e4ker anslutningstunnel s\u00e5 att data kan \u00f6verf\u00f6ras skyddad fr\u00e5n obeh\u00f6riga parter. Alla filer kommer att vara s\u00e4kra och det finns ingen risk f\u00f6r hackning eller st\u00f6ld.<\/p>\n<p>Planet VPN \u00e4r en unik l\u00f6sning f\u00f6r att samtidigt s\u00e4kra din data och ta hand om antivirusskydd p\u00e5 din mobila enhet. Du kommer att kunna ansluta till n\u00e4tet i anonymt l\u00e4ge och samtidigt s\u00f6ka efter virus och uppenbara eller potentiella hot.<\/p>\n                \n            <\/div>\n        \n                    <div class=\"bg-image-wrapper bg-image-wrapper--desktop left image-align--left\">\n                <figure style='--image-max-width:450px;--image-opacity:1.00;width: calc(40% - 20px)'>\n                    <img decoding=\"async\" width=\"451\" height=\"438\" src=\"https:\/\/freevpnplanet.com\/wp-content\/uploads\/2024\/06\/rvpn-phone-shild.af3491b-20240614_135258_408328.svg\" class=\"bg-image\" alt=\"Background Image for Desktop\" \/>                <\/figure>\n            <\/div>\n        \n                    <div class=\"bg-image-wrapper bg-image-wrapper--mobile regular-image\">\n                <figure style='width: 100%;max-width: 480px;opacity: 1.00;margin-top: 24px'>\n                    <img decoding=\"async\" width=\"451\" height=\"438\" src=\"https:\/\/freevpnplanet.com\/wp-content\/uploads\/2024\/06\/rvpn-phone-shild.af3491b-20240614_135258_408328.svg\" class=\"bg-image\" alt=\"Background Image for Mobile\" \/>                <\/figure>\n            <\/div>\n            <\/div>\n<\/section>\n\n<section class=\"two-col-content custom-block align-full  rtl ratio-normal text image-visible-on-mobile-no\" style='--background-color:var(--background-blue)'>\n\n    <div class=\"gutenberg-block-background\"><\/div>\n    <div class=\"two-col-content__container inner-container\">\n        \n                    <div class=\"two-col-content__description\"><p>\u00c4ven om smartphones \u00e4r tekniskt avancerade och \u00f6verl\u00e4gsna datorer, \u00e4r de fortfarande s\u00e5rbara f\u00f6r virus och farliga objekt som l\u00e4tt kan penetrera systemet fr\u00e5n n\u00e4tverket. Spionprogram och trojaner kan diskret l\u00e4sa anv\u00e4ndardata och skicka dem vidare till hackare f\u00f6r olagliga aktiviteter. Skadliga objekt syftar s\u00e4rskilt till att stj\u00e4la l\u00f6senord, \u00e5tkomstkoder, betalkort och e-postadresser. En infekterad enhet fungerar l\u00e5ngsammare och trafiken \u00f6kar avsev\u00e4rt.<\/p>\n<p>Virusskannern fr\u00e5n Planet VPN g\u00f6r det m\u00f6jligt att utf\u00f6ra snabb och kvalitativ kontroll &#8211; anslut bara din smartphone till din PC:<\/p>\n<p>Skapa en anslutning mellan din PC och smartphone via en USB-kabel och v\u00e4lj MTP\/ackumuleringsl\u00e4ge via inst\u00e4llningsmenyn;<\/p>\n<p>kopiera filen fr\u00e5n din telefon till din dator och skanna den p\u00e5 skanningssidan.<\/p><\/div>\n        \n                                    <h2 class=\"two-col-content__text\">HUR DU KONTROLLERAR DIN TELEFON F\u00d6R VIRUS GENOM DIN DATOR<\/h2>\n                    \n                    <div class=\"two-col-content__cta\">\n                            <\/div>\n            <\/div>\n<\/section>","protected":false},"excerpt":{"rendered":"","protected":false},"author":13,"featured_media":0,"parent":0,"menu_order":0,"comment_status":"closed","ping_status":"closed","template":"templates\/page_template-basic_for_gutenberg.php","meta":{"_acf_changed":false,"inline_featured_image":false,"footnotes":""},"download_by_lite_tag":[],"class_list":["post-98510","page","type-page","status-publish","hentry"],"yoast_head":"<!-- This site is optimized with the Yoast SEO plugin v22.6 - https:\/\/yoast.com\/wordpress\/plugins\/seo\/ -->\n<title>Gratis viruss\u00f6kning - s\u00f6k efter virus via fil eller webbadress<\/title>\n<meta name=\"description\" content=\"Kontrollera filer och l\u00e4nkar f\u00f6r virus online med gratis viruss\u00f6kning fr\u00e5n Planet VPN. Skydda dina enheter enkelt och snabbt.\" \/>\n<meta name=\"robots\" content=\"index, follow, max-snippet:-1, max-image-preview:large, max-video-preview:-1\" \/>\n<link rel=\"canonical\" href=\"https:\/\/freevpnplanet.com\/sv\/virus-scan\/\" \/>\n<meta property=\"og:locale\" content=\"en_US\" \/>\n<meta property=\"og:type\" content=\"article\" \/>\n<meta property=\"og:title\" content=\"Gratis viruss\u00f6kning - s\u00f6k efter virus via fil eller webbadress\" \/>\n<meta property=\"og:description\" content=\"Kontrollera filer och l\u00e4nkar f\u00f6r virus online med gratis viruss\u00f6kning fr\u00e5n Planet VPN. Skydda dina enheter enkelt och snabbt.\" \/>\n<meta property=\"og:url\" content=\"https:\/\/freevpnplanet.com\/sv\/virus-scan\/\" \/>\n<meta property=\"og:site_name\" content=\"Planet VPN\" \/>\n<meta property=\"article:modified_time\" content=\"2026-02-11T12:39:42+00:00\" \/>\n<meta name=\"twitter:card\" content=\"summary_large_image\" \/>\n<script type=\"application\/ld+json\" class=\"yoast-schema-graph\">{\"@context\":\"https:\/\/schema.org\",\"@graph\":[{\"@type\":\"WebPage\",\"@id\":\"https:\/\/freevpnplanet.com\/sv\/virus-scan\/\",\"url\":\"https:\/\/freevpnplanet.com\/sv\/virus-scan\/\",\"name\":\"Gratis viruss\u00f6kning - s\u00f6k efter virus via fil eller webbadress\",\"isPartOf\":{\"@id\":\"https:\/\/freevpnplanet.com\/sv\/#website\"},\"datePublished\":\"2024-06-03T16:16:22+00:00\",\"dateModified\":\"2026-02-11T12:39:42+00:00\",\"description\":\"Kontrollera filer och l\u00e4nkar f\u00f6r virus online med gratis viruss\u00f6kning fr\u00e5n Planet VPN. Skydda dina enheter enkelt och snabbt.\",\"breadcrumb\":{\"@id\":\"https:\/\/freevpnplanet.com\/sv\/virus-scan\/#breadcrumb\"},\"inLanguage\":\"sv\",\"potentialAction\":[{\"@type\":\"ReadAction\",\"target\":[\"https:\/\/freevpnplanet.com\/sv\/virus-scan\/\"]}]},{\"@type\":\"BreadcrumbList\",\"@id\":\"https:\/\/freevpnplanet.com\/sv\/virus-scan\/#breadcrumb\",\"itemListElement\":[{\"@type\":\"ListItem\",\"position\":1,\"name\":\"Home\",\"item\":\"https:\/\/freevpnplanet.com\/sv\/\"},{\"@type\":\"ListItem\",\"position\":2,\"name\":\"Virus scan\"}]},{\"@type\":\"WebSite\",\"@id\":\"https:\/\/freevpnplanet.com\/sv\/#website\",\"url\":\"https:\/\/freevpnplanet.com\/sv\/\",\"name\":\"Planet VPN \ud83d\udee1\ufe0f\ud83c\udf10 Free VPN\",\"description\":\"Free VPN\",\"potentialAction\":[{\"@type\":\"SearchAction\",\"target\":{\"@type\":\"EntryPoint\",\"urlTemplate\":\"https:\/\/freevpnplanet.com\/sv\/?s={search_term_string}\"},\"query-input\":\"required name=search_term_string\"}],\"inLanguage\":\"sv\",\"publisher\":{\"@id\":\"https:\/\/freevpnplanet.com\/sv\/#organization\"}},{\"@context\":\"https:\/\/schema.org\/\",\"@type\":\"SoftwareApplication\",\"name\":\"Planet VPN \ud83d\udee1\ufe0f\ud83c\udf10 Free VPN\",\"operatingSystem\":\"Windows, macOS, iOS, Android, Linux, Chrome\",\"applicationCategory\":\"SecurityApplication\",\"offers\":{\"@type\":\"AggregateOffer\",\"priceCurrency\":\"USD\",\"price\":\"0\",\"lowPrice\":\"0\",\"availability\":\"https:\/\/schema.org\/InStock\"},\"aggregateRating\":{\"@type\":\"AggregateRating\",\"ratingValue\":\"4.8\",\"bestRating\":\"5\",\"ratingCount\":\"12476\"}},{\"@type\":\"Organization\",\"@id\":\"https:\/\/freevpnplanet.com\/sv\/#organization\",\"url\":\"https:\/\/freevpnplanet.com\/sv\/\",\"name\":\"Planet VPN \ud83d\udee1\ufe0f\ud83c\udf10 Free VPN\"}]}<\/script>\n<!-- \/ Yoast SEO plugin. -->","yoast_head_json":{"title":"Gratis viruss\u00f6kning - s\u00f6k efter virus via fil eller webbadress","description":"Kontrollera filer och l\u00e4nkar f\u00f6r virus online med gratis viruss\u00f6kning fr\u00e5n Planet VPN. Skydda dina enheter enkelt och snabbt.","robots":{"index":"index","follow":"follow","max-snippet":"max-snippet:-1","max-image-preview":"max-image-preview:large","max-video-preview":"max-video-preview:-1"},"canonical":"https:\/\/freevpnplanet.com\/sv\/virus-scan\/","og_locale":"en_US","og_type":"article","og_title":"Gratis viruss\u00f6kning - s\u00f6k efter virus via fil eller webbadress","og_description":"Kontrollera filer och l\u00e4nkar f\u00f6r virus online med gratis viruss\u00f6kning fr\u00e5n Planet VPN. Skydda dina enheter enkelt och snabbt.","og_url":"https:\/\/freevpnplanet.com\/sv\/virus-scan\/","og_site_name":"Planet VPN","article_modified_time":"2026-02-11T12:39:42+00:00","twitter_card":"summary_large_image","schema":{"@context":"https:\/\/schema.org","@graph":[{"@type":"WebPage","@id":"https:\/\/freevpnplanet.com\/sv\/virus-scan\/","url":"https:\/\/freevpnplanet.com\/sv\/virus-scan\/","name":"Gratis viruss\u00f6kning - s\u00f6k efter virus via fil eller webbadress","isPartOf":{"@id":"https:\/\/freevpnplanet.com\/sv\/#website"},"datePublished":"2024-06-03T16:16:22+00:00","dateModified":"2026-02-11T12:39:42+00:00","description":"Kontrollera filer och l\u00e4nkar f\u00f6r virus online med gratis viruss\u00f6kning fr\u00e5n Planet VPN. Skydda dina enheter enkelt och snabbt.","breadcrumb":{"@id":"https:\/\/freevpnplanet.com\/sv\/virus-scan\/#breadcrumb"},"inLanguage":"sv","potentialAction":[{"@type":"ReadAction","target":["https:\/\/freevpnplanet.com\/sv\/virus-scan\/"]}]},{"@type":"BreadcrumbList","@id":"https:\/\/freevpnplanet.com\/sv\/virus-scan\/#breadcrumb","itemListElement":[{"@type":"ListItem","position":1,"name":"Home","item":"https:\/\/freevpnplanet.com\/sv\/"},{"@type":"ListItem","position":2,"name":"Virus scan"}]},{"@type":"WebSite","@id":"https:\/\/freevpnplanet.com\/sv\/#website","url":"https:\/\/freevpnplanet.com\/sv\/","name":"Planet VPN \ud83d\udee1\ufe0f\ud83c\udf10 Free VPN","description":"Free VPN","potentialAction":[{"@type":"SearchAction","target":{"@type":"EntryPoint","urlTemplate":"https:\/\/freevpnplanet.com\/sv\/?s={search_term_string}"},"query-input":"required name=search_term_string"}],"inLanguage":"sv","publisher":{"@id":"https:\/\/freevpnplanet.com\/sv\/#organization"}},{"@context":"https:\/\/schema.org\/","@type":"SoftwareApplication","name":"Planet VPN \ud83d\udee1\ufe0f\ud83c\udf10 Free VPN","operatingSystem":"Windows, macOS, iOS, Android, Linux, Chrome","applicationCategory":"SecurityApplication","offers":{"@type":"AggregateOffer","priceCurrency":"USD","price":"0","lowPrice":"0","availability":"https:\/\/schema.org\/InStock"},"aggregateRating":{"@type":"AggregateRating","ratingValue":"4.8","bestRating":"5","ratingCount":"12476"}},{"@type":"Organization","@id":"https:\/\/freevpnplanet.com\/sv\/#organization","url":"https:\/\/freevpnplanet.com\/sv\/","name":"Planet VPN \ud83d\udee1\ufe0f\ud83c\udf10 Free VPN"}]}},"acf":[],"_links":{"self":[{"href":"https:\/\/freevpnplanet.com\/sv\/wp-json\/wp\/v2\/pages\/98510","targetHints":{"allow":["GET"]}}],"collection":[{"href":"https:\/\/freevpnplanet.com\/sv\/wp-json\/wp\/v2\/pages"}],"about":[{"href":"https:\/\/freevpnplanet.com\/sv\/wp-json\/wp\/v2\/types\/page"}],"author":[{"embeddable":true,"href":"https:\/\/freevpnplanet.com\/sv\/wp-json\/wp\/v2\/users\/13"}],"replies":[{"embeddable":true,"href":"https:\/\/freevpnplanet.com\/sv\/wp-json\/wp\/v2\/comments?post=98510"}],"version-history":[{"count":2,"href":"https:\/\/freevpnplanet.com\/sv\/wp-json\/wp\/v2\/pages\/98510\/revisions"}],"predecessor-version":[{"id":190410,"href":"https:\/\/freevpnplanet.com\/sv\/wp-json\/wp\/v2\/pages\/98510\/revisions\/190410"}],"wp:attachment":[{"href":"https:\/\/freevpnplanet.com\/sv\/wp-json\/wp\/v2\/media?parent=98510"}],"wp:term":[{"taxonomy":"download_by_lite_tag","embeddable":true,"href":"https:\/\/freevpnplanet.com\/sv\/wp-json\/wp\/v2\/download_by_lite_tag?post=98510"}],"curies":[{"name":"wp","href":"https:\/\/api.w.org\/{rel}","templated":true}]}}