{"id":98590,"date":"2024-05-23T15:29:22","date_gmt":"2024-05-23T12:29:22","guid":{"rendered":"https:\/\/help.freeplanetvpn.com\/no-logs-vpn-policy\/"},"modified":"2026-02-11T14:48:36","modified_gmt":"2026-02-11T11:48:36","slug":"no-logs-vpn-policy","status":"publish","type":"page","link":"https:\/\/freevpnplanet.com\/sv\/no-logs-vpn-policy\/","title":{"rendered":"No logs VPN Policy"},"content":{"rendered":"\n<section class=\"jurisdiction custom-block align-none \" style='--background-color:var(--background-blue)'>\n\n    <div class=\"gutenberg-block-background\"><\/div>\n    <div class=\"jurisdiction__inner inner-container\">\n                    <div class=\"jurisdiction__content\">\n                                    <h1 class=\"jurisdiction__content-title\"> Ingen loggningspolicy f\u00f6r VPN <\/h1>\n                \n                <p class=\"jurisdiction__content-desc\"><p>Planet VPN \u00e4r registrerat under Rum\u00e4niens jurisdiktion, vilket g\u00f6r att vi inte beh\u00f6ver lagra loggar \u00f6ver anv\u00e4ndarnas onlineaktivitet, anslutningsdatum och IP-adresser, samt annan k\u00e4nslig information om v\u00e5ra anv\u00e4ndare.<\/p>\n<p>Rum\u00e4nien \u00e4r en del av Europeiska unionen och \u00e4r inte medlem i n\u00e5gon \u00f6vervakningsallians som 5 Eyes, 9 Eyes eller 14 Eyes allianserna. Den rum\u00e4nska senaten avslog enh\u00e4lligt ett lagf\u00f6rslag om datalagring redan 2011.<\/p>\n<p>N\u00e4r du anv\u00e4nder Planet VPN \u00e4r dina personuppgifter 100% s\u00e4kra. Enligt rum\u00e4nsk lag \u00e4r vi inte skyldiga att \u00f6vervaka v\u00e5ra anv\u00e4ndare.<\/p>\n<p>V\u00e5rt f\u00f6retag har ingen skyldighet att samarbeta med n\u00e5gra underr\u00e4ttelsetj\u00e4nster, vilket g\u00f6r att vi strikt kan f\u00f6lja v\u00e5ra anv\u00e4ndares integritetspolicy.<\/p><\/p>\n\n                                    <div class=\"image-text__cta\">\n                        <a href=\"\/sv\/plans\/\" target=\"_self\" id=\"qa-no-logs-policy-btn\" class=\"cta download-by-platform cta--with-border cta-size--small cta-mt--initial icon-position--icon-left\" style=\"--border-radius:40px\"><span class=\"cta__name\">Gratis nedladdning<\/span><\/a>                    <\/div>\n                            <\/div>\n                            <div class=\"jurisdiction__list\">\n                                    <div class=\"jurisdiction__item\">\n                                                    <figure>\n                                <img decoding=\"async\" width=\"100\" height=\"104\" src=\"https:\/\/freevpnplanet.com\/wp-content\/uploads\/2024\/09\/pasport_4847d96.svg\" class=\"jurisdiction__item-img\" alt=\"\" \/>                            <\/figure>\n                        \n                                                    <p class=\"jurisdiction__item-text\">Vi kommer aldrig att be dig att l\u00e4mna ytterligare information om anv\u00e4ndaren f\u00f6rutom E-POSTADRESSEN.<\/p>\n                                            <\/div>\n                                    <div class=\"jurisdiction__item\">\n                                                    <figure>\n                                <img decoding=\"async\" width=\"99\" height=\"104\" src=\"https:\/\/freevpnplanet.com\/wp-content\/uploads\/2024\/09\/anon_741e52b.svg\" class=\"jurisdiction__item-img\" alt=\"\" \/>                            <\/figure>\n                        \n                                                    <p class=\"jurisdiction__item-text\">Vi har flera alternativ f\u00f6r att ta emot betalning, inklusive ANONYMOUS (kryptovaluta)<\/p>\n                                            <\/div>\n                                    <div class=\"jurisdiction__item\">\n                                                    <figure>\n                                <img decoding=\"async\" width=\"104\" height=\"104\" src=\"https:\/\/freevpnplanet.com\/wp-content\/uploads\/2025\/03\/info.png\" class=\"jurisdiction__item-img\" alt=\"\" \/>                            <\/figure>\n                        \n                                                    <p class=\"jurisdiction__item-text\">Enligt rum\u00e4nsk lag \u00e4r vi inte skyldiga att \u00f6vervaka v\u00e5ra anv\u00e4ndare<\/p>\n                                            <\/div>\n                            <\/div>\n            <\/div>\n<\/section>\n\n\n<div class=\"wp-block-group alignfull has-background is-layout-constrained wp-block-group-is-layout-constrained\" style=\"background-color:#2f77d4\">\n<section class=\"image-text custom-block align-none   mobile-image-bottom mobile-title-center  header-size-medium text-size-small   content-right\" style='overflow: hidden;;--text-color:var(--white);--min-height-mobile:400px;--min-height-desktop:617px;--content-width:52%'>\n\n    <div class=\"gutenberg-block-background\"><\/div>\n    <div class=\"image-text__inner inner-container\">\n\n        \n                    <div class=\"image-text__content\">\n\n                <h2>Vad \u00e4r f\u00f6rdelarna f\u00f6r Planet VPN F\u00d6R ATT KOMMA \u00c5T BLOCKERADE WEBBPLATSER?<\/h2>\n\n\n<ul class=\"list-style\">\n<li>V\u00e5ra servrar \u00e4r placerade i m\u00e5nga olika l\u00e4nder: Australien, Bulgarien, Kanada, Dominikiska Republiken, Kina, Estland, Frankrike, Tyskland, Lettland, Litauen, Ryssland, Singapore, Sverige, Ukraina, England, USA.<\/li>\n<li>Varje VPN server har sin egna DNS i varje land, d\u00e4r den \u00e4r placerad<\/li>\n<li>Det finns m\u00f6jlighet f\u00f6r manuell inmatning av ligament<\/li>\n<li>Tillg\u00e4ngliga servrar v\u00e4xer hela tiden<\/li>\n<li>S\u00e4kra VPN-protokoll och krypterade servrar v\u00e4rlden \u00f6ver<\/li>\n<\/ul>\n                                    <div class=\"image-text__cta\">\n                        <a href=\"\/sv\/plans\/\" target=\"_self\" id=\"qa-banner-cta\" class=\"cta download-by-platform cta--with-border cta-size--small cta-mt--initial icon-position--icon-left\" style=\"--border-radius:40px\"><span class=\"cta__name\">Gratis nedladdning<\/span><\/a>                    <\/div>\n                \n            <\/div>\n        \n                    <div class=\"bg-image-wrapper bg-image-wrapper--desktop left image-align--center\">\n                <figure style='--image-max-width:1000px;--image-opacity:1.00;width: calc(46% - 20px)'>\n                    <img decoding=\"async\" width=\"620\" height=\"308\" src=\"https:\/\/freevpnplanet.com\/wp-content\/uploads\/2025\/02\/map.png\" class=\"bg-image\" alt=\"Background Image for Desktop\" srcset=\"https:\/\/freevpnplanet.com\/wp-content\/uploads\/2025\/02\/map.png 620w, https:\/\/freevpnplanet.com\/wp-content\/uploads\/2025\/02\/map-300x149.png 300w\" sizes=\"(max-width: 620px) 100vw, 620px\" \/>                <\/figure>\n            <\/div>\n        \n                    <div class=\"bg-image-wrapper bg-image-wrapper--mobile regular-image\">\n                <figure style='width: 100%;max-width: 480px;opacity: 1.00;margin-top: 24px'>\n                    <img decoding=\"async\" width=\"620\" height=\"308\" src=\"https:\/\/freevpnplanet.com\/wp-content\/uploads\/2025\/02\/map.png\" class=\"bg-image\" alt=\"Background Image for Mobile\" srcset=\"https:\/\/freevpnplanet.com\/wp-content\/uploads\/2025\/02\/map.png 620w, https:\/\/freevpnplanet.com\/wp-content\/uploads\/2025\/02\/map-300x149.png 300w\" sizes=\"(max-width: 620px) 100vw, 620px\" \/>                <\/figure>\n            <\/div>\n            <\/div>\n<\/section><\/div>\n","protected":false},"excerpt":{"rendered":"","protected":false},"author":39,"featured_media":0,"parent":0,"menu_order":0,"comment_status":"closed","ping_status":"closed","template":"templates\/page_template-basic_for_gutenberg.php","meta":{"_acf_changed":false,"inline_featured_image":false,"footnotes":""},"download_by_lite_tag":[],"class_list":["post-98590","page","type-page","status-publish","hentry"],"yoast_head":"<!-- This site is optimized with the Yoast SEO plugin v22.6 - https:\/\/yoast.com\/wordpress\/plugins\/seo\/ -->\n<title>B\u00e4sta no logs gratis VPN - gratis VPN utan loggar - Planet VPN<\/title>\n<meta name=\"description\" content=\"Anv\u00e4nd Planet VPN f\u00f6r no logs-skydd. Inget loggas, och all trafik krypteras b\u00e5de inkommande och utg\u00e5ende f\u00f6r maximal anonymitet och s\u00e4kerhet.\" \/>\n<meta name=\"robots\" content=\"index, follow, max-snippet:-1, max-image-preview:large, max-video-preview:-1\" \/>\n<link rel=\"canonical\" href=\"https:\/\/freevpnplanet.com\/sv\/no-logs-vpn-policy\/\" \/>\n<meta property=\"og:locale\" content=\"en_US\" \/>\n<meta property=\"og:type\" content=\"article\" \/>\n<meta property=\"og:title\" content=\"B\u00e4sta no logs gratis VPN - gratis VPN utan loggar - Planet VPN\" \/>\n<meta property=\"og:description\" content=\"Anv\u00e4nd Planet VPN f\u00f6r no logs-skydd. Inget loggas, och all trafik krypteras b\u00e5de inkommande och utg\u00e5ende f\u00f6r maximal anonymitet och s\u00e4kerhet.\" \/>\n<meta property=\"og:url\" content=\"https:\/\/freevpnplanet.com\/sv\/no-logs-vpn-policy\/\" \/>\n<meta property=\"og:site_name\" content=\"Planet VPN\" \/>\n<meta property=\"article:modified_time\" content=\"2026-02-11T11:48:36+00:00\" \/>\n<meta name=\"twitter:card\" content=\"summary_large_image\" \/>\n<script type=\"application\/ld+json\" class=\"yoast-schema-graph\">{\"@context\":\"https:\/\/schema.org\",\"@graph\":[{\"@type\":\"WebPage\",\"@id\":\"https:\/\/freevpnplanet.com\/sv\/no-logs-vpn-policy\/\",\"url\":\"https:\/\/freevpnplanet.com\/sv\/no-logs-vpn-policy\/\",\"name\":\"B\u00e4sta no logs gratis VPN - gratis VPN utan loggar - Planet VPN\",\"isPartOf\":{\"@id\":\"https:\/\/freevpnplanet.com\/sv\/#website\"},\"datePublished\":\"2024-05-23T12:29:22+00:00\",\"dateModified\":\"2026-02-11T11:48:36+00:00\",\"description\":\"Anv\u00e4nd Planet VPN f\u00f6r no logs-skydd. Inget loggas, och all trafik krypteras b\u00e5de inkommande och utg\u00e5ende f\u00f6r maximal anonymitet och s\u00e4kerhet.\",\"breadcrumb\":{\"@id\":\"https:\/\/freevpnplanet.com\/sv\/no-logs-vpn-policy\/#breadcrumb\"},\"inLanguage\":\"sv\",\"potentialAction\":[{\"@type\":\"ReadAction\",\"target\":[\"https:\/\/freevpnplanet.com\/sv\/no-logs-vpn-policy\/\"]}]},{\"@type\":\"BreadcrumbList\",\"@id\":\"https:\/\/freevpnplanet.com\/sv\/no-logs-vpn-policy\/#breadcrumb\",\"itemListElement\":[{\"@type\":\"ListItem\",\"position\":1,\"name\":\"Home\",\"item\":\"https:\/\/freevpnplanet.com\/sv\/\"},{\"@type\":\"ListItem\",\"position\":2,\"name\":\"No logs VPN Policy\"}]},{\"@type\":\"WebSite\",\"@id\":\"https:\/\/freevpnplanet.com\/sv\/#website\",\"url\":\"https:\/\/freevpnplanet.com\/sv\/\",\"name\":\"Planet VPN \ud83d\udee1\ufe0f\ud83c\udf10 Free VPN\",\"description\":\"Free VPN\",\"potentialAction\":[{\"@type\":\"SearchAction\",\"target\":{\"@type\":\"EntryPoint\",\"urlTemplate\":\"https:\/\/freevpnplanet.com\/sv\/?s={search_term_string}\"},\"query-input\":\"required name=search_term_string\"}],\"inLanguage\":\"sv\",\"publisher\":{\"@id\":\"https:\/\/freevpnplanet.com\/sv\/#organization\"}},{\"@context\":\"https:\/\/schema.org\/\",\"@type\":\"SoftwareApplication\",\"name\":\"Planet VPN \ud83d\udee1\ufe0f\ud83c\udf10 Free VPN\",\"operatingSystem\":\"Windows, macOS, iOS, Android, Linux, Chrome\",\"applicationCategory\":\"SecurityApplication\",\"offers\":{\"@type\":\"AggregateOffer\",\"priceCurrency\":\"USD\",\"price\":\"0\",\"lowPrice\":\"0\",\"availability\":\"https:\/\/schema.org\/InStock\"},\"aggregateRating\":{\"@type\":\"AggregateRating\",\"ratingValue\":\"4.8\",\"bestRating\":\"5\",\"ratingCount\":\"12476\"}},{\"@type\":\"Organization\",\"@id\":\"https:\/\/freevpnplanet.com\/sv\/#organization\",\"url\":\"https:\/\/freevpnplanet.com\/sv\/\",\"name\":\"Planet VPN \ud83d\udee1\ufe0f\ud83c\udf10 Free VPN\"}]}<\/script>\n<!-- \/ Yoast SEO plugin. -->","yoast_head_json":{"title":"B\u00e4sta no logs gratis VPN - gratis VPN utan loggar - Planet VPN","description":"Anv\u00e4nd Planet VPN f\u00f6r no logs-skydd. Inget loggas, och all trafik krypteras b\u00e5de inkommande och utg\u00e5ende f\u00f6r maximal anonymitet och s\u00e4kerhet.","robots":{"index":"index","follow":"follow","max-snippet":"max-snippet:-1","max-image-preview":"max-image-preview:large","max-video-preview":"max-video-preview:-1"},"canonical":"https:\/\/freevpnplanet.com\/sv\/no-logs-vpn-policy\/","og_locale":"en_US","og_type":"article","og_title":"B\u00e4sta no logs gratis VPN - gratis VPN utan loggar - Planet VPN","og_description":"Anv\u00e4nd Planet VPN f\u00f6r no logs-skydd. Inget loggas, och all trafik krypteras b\u00e5de inkommande och utg\u00e5ende f\u00f6r maximal anonymitet och s\u00e4kerhet.","og_url":"https:\/\/freevpnplanet.com\/sv\/no-logs-vpn-policy\/","og_site_name":"Planet VPN","article_modified_time":"2026-02-11T11:48:36+00:00","twitter_card":"summary_large_image","schema":{"@context":"https:\/\/schema.org","@graph":[{"@type":"WebPage","@id":"https:\/\/freevpnplanet.com\/sv\/no-logs-vpn-policy\/","url":"https:\/\/freevpnplanet.com\/sv\/no-logs-vpn-policy\/","name":"B\u00e4sta no logs gratis VPN - gratis VPN utan loggar - Planet VPN","isPartOf":{"@id":"https:\/\/freevpnplanet.com\/sv\/#website"},"datePublished":"2024-05-23T12:29:22+00:00","dateModified":"2026-02-11T11:48:36+00:00","description":"Anv\u00e4nd Planet VPN f\u00f6r no logs-skydd. Inget loggas, och all trafik krypteras b\u00e5de inkommande och utg\u00e5ende f\u00f6r maximal anonymitet och s\u00e4kerhet.","breadcrumb":{"@id":"https:\/\/freevpnplanet.com\/sv\/no-logs-vpn-policy\/#breadcrumb"},"inLanguage":"sv","potentialAction":[{"@type":"ReadAction","target":["https:\/\/freevpnplanet.com\/sv\/no-logs-vpn-policy\/"]}]},{"@type":"BreadcrumbList","@id":"https:\/\/freevpnplanet.com\/sv\/no-logs-vpn-policy\/#breadcrumb","itemListElement":[{"@type":"ListItem","position":1,"name":"Home","item":"https:\/\/freevpnplanet.com\/sv\/"},{"@type":"ListItem","position":2,"name":"No logs VPN Policy"}]},{"@type":"WebSite","@id":"https:\/\/freevpnplanet.com\/sv\/#website","url":"https:\/\/freevpnplanet.com\/sv\/","name":"Planet VPN \ud83d\udee1\ufe0f\ud83c\udf10 Free VPN","description":"Free VPN","potentialAction":[{"@type":"SearchAction","target":{"@type":"EntryPoint","urlTemplate":"https:\/\/freevpnplanet.com\/sv\/?s={search_term_string}"},"query-input":"required name=search_term_string"}],"inLanguage":"sv","publisher":{"@id":"https:\/\/freevpnplanet.com\/sv\/#organization"}},{"@context":"https:\/\/schema.org\/","@type":"SoftwareApplication","name":"Planet VPN \ud83d\udee1\ufe0f\ud83c\udf10 Free VPN","operatingSystem":"Windows, macOS, iOS, Android, Linux, Chrome","applicationCategory":"SecurityApplication","offers":{"@type":"AggregateOffer","priceCurrency":"USD","price":"0","lowPrice":"0","availability":"https:\/\/schema.org\/InStock"},"aggregateRating":{"@type":"AggregateRating","ratingValue":"4.8","bestRating":"5","ratingCount":"12476"}},{"@type":"Organization","@id":"https:\/\/freevpnplanet.com\/sv\/#organization","url":"https:\/\/freevpnplanet.com\/sv\/","name":"Planet VPN \ud83d\udee1\ufe0f\ud83c\udf10 Free VPN"}]}},"acf":[],"_links":{"self":[{"href":"https:\/\/freevpnplanet.com\/sv\/wp-json\/wp\/v2\/pages\/98590","targetHints":{"allow":["GET"]}}],"collection":[{"href":"https:\/\/freevpnplanet.com\/sv\/wp-json\/wp\/v2\/pages"}],"about":[{"href":"https:\/\/freevpnplanet.com\/sv\/wp-json\/wp\/v2\/types\/page"}],"author":[{"embeddable":true,"href":"https:\/\/freevpnplanet.com\/sv\/wp-json\/wp\/v2\/users\/39"}],"replies":[{"embeddable":true,"href":"https:\/\/freevpnplanet.com\/sv\/wp-json\/wp\/v2\/comments?post=98590"}],"version-history":[{"count":7,"href":"https:\/\/freevpnplanet.com\/sv\/wp-json\/wp\/v2\/pages\/98590\/revisions"}],"predecessor-version":[{"id":158701,"href":"https:\/\/freevpnplanet.com\/sv\/wp-json\/wp\/v2\/pages\/98590\/revisions\/158701"}],"wp:attachment":[{"href":"https:\/\/freevpnplanet.com\/sv\/wp-json\/wp\/v2\/media?parent=98590"}],"wp:term":[{"taxonomy":"download_by_lite_tag","embeddable":true,"href":"https:\/\/freevpnplanet.com\/sv\/wp-json\/wp\/v2\/download_by_lite_tag?post=98590"}],"curies":[{"name":"wp","href":"https:\/\/api.w.org\/{rel}","templated":true}]}}