{"id":99181,"date":"2024-06-13T13:55:50","date_gmt":"2024-06-13T10:55:50","guid":{"rendered":"https:\/\/help.freeplanetvpn.com\/policy\/"},"modified":"2025-11-07T15:26:38","modified_gmt":"2025-11-07T12:26:38","slug":"policy","status":"publish","type":"page","link":"https:\/\/freevpnplanet.com\/sv\/policy\/","title":{"rendered":"Sekretess"},"content":{"rendered":"\n<section style=\"padding-top:0;padding-bottom:0;padding-left:0;padding-right:0;margin-top:0;margin-bottom:0;margin-left:0;margin-right:0;\" class=\"section custom-blocks-section     alignfull wp-block-gutenberg-custom-blocks-section\">\n        <div class=\"container\">\n        \n\n<h1 class=\"wp-block-heading\">Sekretesspolicy<\/h1>\n\n\n\n<p class=\"\">FREE PLANET VPN S.R.L. (nedan kallat \u201dF\u00f6retaget\u201d, \u201dvi\u201d eller \u2019v\u00e5r\u2019) \u00e4r \u00e4gare och operat\u00f6r av VPN-tj\u00e4nsten som \u00e4r k\u00e4nd under varum\u00e4rket FREE PLANET VPN (nedan kallat \u201dFREE PLANET VPN\u201d eller \u201dTj\u00e4nsten\u201d).<\/p>\n\n\n\n<p style=\"margin-top:0;margin-bottom:0\" class=\"\">H\u00e4danefter kan termen \u201dFREE PLANET VPN\u201d f\u00f6r tydlighetens och konsekvensens skull avse antingen varum\u00e4rket eller f\u00f6retaget som driver tj\u00e4nsten.<\/p>\n\n\n\n<h3 class=\"wp-block-heading title title--h4\">Ikrafttr\u00e4dandedatum:<\/h3>\n\n\n\n<p class=\"\">Hos FREE PLANET VPN betraktas integritet som en grundl\u00e4ggande princip f\u00f6r alla tj\u00e4nster och verksamheter. Denna integritetspolicy beskriver de metoder som FREE PLANET VPN anv\u00e4nder f\u00f6r hantering av information n\u00e4r anv\u00e4ndare bes\u00f6ker FREE PLANET VPN:s webbplatser (freeplanetvpn.com och dess anslutna dom\u00e4ner), applikationer och relaterade tj\u00e4nster (tillsammans kallade \u201dtj\u00e4nsterna\u201d).<\/p>\n\n\n\n<p class=\"\">Den grundl\u00e4ggande principen f\u00f6r detta tillv\u00e4gag\u00e5ngss\u00e4tt \u00e4r enkel: datainsamlingen begr\u00e4nsas till det minimum som kr\u00e4vs f\u00f6r att s\u00e4kerst\u00e4lla en s\u00e4ker och effektiv drift av FREE PLANET VPN. Denna organisation l\u00e4mnar inte ut personlig information till tredje part. Dessutom \u00e4r anv\u00e4ndningen av s\u00e5dan information strikt begr\u00e4nsad till tillhandah\u00e5llandet av tj\u00e4nster som beskrivs h\u00e4r.<\/p>\n\n\n\n<p style=\"margin-top:0;margin-bottom:0\" class=\"\">Genom att bes\u00f6ka eller anv\u00e4nda FREE PLANET VPN bekr\u00e4ftar du uttryckligen att du har l\u00e4st, f\u00f6rst\u00e5tt och godk\u00e4nt denna integritetspolicy. Om du inte samtycker till n\u00e5gon best\u00e4mmelse h\u00e4r, ombeds du omedelbart upph\u00f6ra med att anv\u00e4nda v\u00e5ra tj\u00e4nster.<\/p>\n\n\n\n<h3 class=\"wp-block-heading\">1. Information vi samlar in<\/h3>\n\n\n\n<p class=\"\">FREE PLANET VPN till\u00e4mpar en strikt policy om noll loggning, vilket inneb\u00e4r att vi inte sparar n\u00e5gra uppgifter om anv\u00e4ndarnas aktiviteter. F\u00f6ljaktligen sp\u00e5ras eller lagras inga aktivitetsloggar, inklusive webbl\u00e4sarhistorik, trafikdata, inneh\u00e5ll eller DNS-f\u00f6rfr\u00e5gningar. F\u00f6r att s\u00e4kerst\u00e4lla att tj\u00e4nsterna fungerar korrekt och \u00e4r drifts\u00e4kra kan det dock i vissa begr\u00e4nsade fall h\u00e4nda att vissa kategorier av information samlas in.<\/p>\n\n\n\n<h4 class=\"wp-block-heading\">a) Teknisk information och anv\u00e4ndningsinformation (anonym insamling)<\/h4>\n\n\n\n<ul class=\"wp-block-list\">\n<li><strong>VPN-anslutningsstatus (lyckad eller misslyckad).<\/strong><\/li>\n\n\n\n<li><strong>Platsen f\u00f6r den VPN-server du ansluter till.<\/strong><\/li>\n\n\n\n<li><strong>Allm\u00e4n plats (endast land) och din internetleverant\u00f6r.<\/strong><\/li>\n\n\n\n<li><strong>Enhetsinformation s\u00e5som modell, OS-version, appversion.<\/strong><\/li>\n\n\n\n<li><strong>Diagnostik- och prestandadata (t.ex. hastighetstester, krasch-\/felrapporter).<\/strong><\/li>\n<\/ul>\n\n\n\n<h5 class=\"wp-block-heading\">Viktigt:<\/h5>\n\n\n\n<p class=\"\">All s\u00e5dan data anonymiseras omedelbart efter insamlingen och kan inte kopplas till n\u00e5gon enskild anv\u00e4ndare eller specifik VPN-session.<\/p>\n\n\n\n<h4 class=\"wp-block-heading\">b) Valfria kontouppgifter<\/h4>\n\n\n\n<p style=\"margin-top:0;margin-bottom:0\" class=\"\">Det \u00e4r inte obligatoriskt att skapa ett konto f\u00f6r att anv\u00e4nda FREE PLANET VPN, men om du v\u00e4ljer att g\u00f6ra det kan vi beg\u00e4ra en e-postadress. Denna information anv\u00e4nds f\u00f6r f\u00f6ljande \u00e4ndam\u00e5l:<\/p>\n\n\n\n<ul class=\"wp-block-list\">\n<li><strong>Inloggning och \u00e5terst\u00e4llning av konto.<\/strong><\/li>\n\n\n\n<li><strong>Hantering av prenumerationer.<\/strong><\/li>\n\n\n\n<li><strong>Kundsupport.<\/strong><\/li>\n\n\n\n<li><strong>Servicemeddelanden eller valfria marknadsf\u00f6ringsuppdateringar (du kan n\u00e4r som helst v\u00e4lja att avregistrera dig).<\/strong><\/li>\n<\/ul>\n\n\n\n<h4 class=\"wp-block-heading\">c) Abonnemangs- och betalningsdata<\/h4>\n\n\n\n<p style=\"margin-top:0;margin-bottom:0\" class=\"\">N\u00e4r du tecknar ett betalt FREE PLANET VPN-abonnemang kan vi samla in viss begr\u00e4nsad information, inklusive men inte begr\u00e4nsat till:<\/p>\n\n\n\n<ul class=\"wp-block-list\">\n<li><strong>Transaktionsrelaterad information (t.ex. valuta, f\u00f6rnyelsestatus, faktura-ID).<\/strong><\/li>\n\n\n\n<li><strong>Transaction-related information (e.g., currency, renewal status, invoice ID).<\/strong><\/li>\n<\/ul>\n\n\n\n<p style=\"margin-top:0;margin-bottom:0\" class=\"\">Det \u00e4r viktigt att FREE PLANET VPN inte behandlar eller lagrar betalningskortsinformation. Alla finansiella transaktioner hanteras s\u00e4kert av betrodda tredjepartsleverant\u00f6rer, inklusive Stripe, Airwallex, Payssion och v5pay.<\/p>\n\n\n\n<h4 class=\"wp-block-heading\">d) Cookies och j\u00e4mf\u00f6rbara tekniker<\/h4>\n\n\n\n<p style=\"margin-top:0;margin-bottom:0\" class=\"\">V\u00e5ra webbplatser kan anv\u00e4nda cookies f\u00f6r f\u00f6ljande \u00e4ndam\u00e5l:<\/p>\n\n\n\n<ul class=\"wp-block-list\">\n<li><strong>Komma ih\u00e5g dina inst\u00e4llningar och preferenser.<\/strong><\/li>\n\n\n\n<li><strong>F\u00f6rb\u00e4ttra prestanda och navigering.<\/strong><\/li>\n\n\n\n<li><strong>St\u00f6dja analys och v\u00e4sentlig funktionalitet.<\/strong><\/li>\n<\/ul>\n\n\n\n<p style=\"margin-top:0;margin-bottom:0\" class=\"\">F\u00f6r mer information, se v\u00e5r [Cookiepolicy].<\/p>\n\n\n\n<h4 class=\"wp-block-heading\">e) Kommunikationsdata<\/h4>\n\n\n\n<p style=\"margin-top:0;margin-bottom:0\" class=\"\">Om ovann\u00e4mnda part kontaktar oss kan vi samla in namn, e-postadress och inneh\u00e5llet i meddelandet. S\u00e5dan information anv\u00e4nds enbart i syfte att svara och ge hj\u00e4lp.<\/p>\n\n\n\n<h3 class=\"wp-block-heading\">2. Anv\u00e4ndning av insamlade data<\/h3>\n\n\n\n<p style=\"margin-bottom:0\" class=\"\">Vi behandlar den insamlade informationen enbart f\u00f6r f\u00f6ljande \u00e4ndam\u00e5l:<\/p>\n\n\n\n<ul class=\"wp-block-list\">\n<li><strong>S\u00e4kerhet och autentisering<\/strong> \u2013 verifiera prenumerationsstatus, f\u00f6rhindra bedr\u00e4geri, blockera missbruk.<\/li>\n\n\n\n<li><strong>Diagnostik och optimering<\/strong> \u2013 \u00f6vervaka prestanda, fels\u00f6ka och f\u00f6rb\u00e4ttra appens stabilitet.<\/li>\n\n\n\n<li><strong>Kundsupport <\/strong>\u2013 svara p\u00e5 fr\u00e5gor, l\u00f6sa problem och tillhandah\u00e5lla relevanta uppdateringar.<\/li>\n\n\n\n<li><strong>Forskning och utveckling<\/strong> \u2013 analysera anonymiserade trender f\u00f6r att skapa b\u00e4ttre funktioner och nya tj\u00e4nster.<\/li>\n\n\n\n<li><strong>Laglig efterlevnad<\/strong> \u2013 uppfylla lagkrav, f\u00f6rhindra missbruk och s\u00e4kerst\u00e4lla laglig anv\u00e4ndning.<\/li>\n<\/ul>\n\n\n\n<p style=\"margin-bottom:0\" class=\"\">Anv\u00e4ndning av insamlade data f\u00f6r anv\u00e4ndarprofilering eller \u00f6vervakning av surfaktivitet \u00e4r str\u00e4ngt f\u00f6rbjudet av v\u00e5rt f\u00f6retag.<\/p>\n\n\n\n<h3 class=\"wp-block-heading\">3. Delning och \u00f6verf\u00f6ring av data<\/h3>\n\n\n\n<p style=\"margin-bottom:0\" class=\"\">FREE PLANET VPN ska inte s\u00e4lja eller hyra ut personlig information. I vissa fall kan dock delning av begr\u00e4nsad data till\u00e5tas.<\/p>\n\n\n\n<ul class=\"wp-block-list\">\n<li><strong>Tj\u00e4nsteleverant\u00f6rer<\/strong>: F\u00f6r att s\u00e4kerst\u00e4lla en smidig leverans och fortsatt underh\u00e5ll av v\u00e5ra tj\u00e4nster samarbetar vi med betrodda tredjepartspartner, inklusive betalningshanterare, analysleverant\u00f6rer och supportplattformar.<\/li>\n\n\n\n<li><strong>Aggregerade eller anonyma rapporter<\/strong>: Anonyma statistiska data kan delas p\u00e5 ett s\u00e4tt som garanterar fullst\u00e4ndig anonymitet f\u00f6r enskilda personer.<\/li>\n\n\n\n<li><strong>F\u00f6retags\u00f6verl\u00e5telser<\/strong>: I h\u00e4ndelse av fusion, f\u00f6rv\u00e4rv eller omstrukturering av f\u00f6retaget kan relevanta uppgifter \u00f6verf\u00f6ras, med f\u00f6rbeh\u00e5ll f\u00f6r strikta sekretesskydds\u00e5tg\u00e4rder.<\/li>\n\n\n\n<li><strong>R\u00e4ttsliga beg\u00e4randen<\/strong>: Om utl\u00e4mnande av begr\u00e4nsade uppgifter kr\u00e4vs enligt till\u00e4mplig lag eller \u00e4r n\u00f6dv\u00e4ndigt f\u00f6r att skydda anv\u00e4ndarnas s\u00e4kerhet, kan s\u00e5dant utl\u00e4mnande ske i enlighet med r\u00e4ttsliga skyldigheter.<\/li>\n<\/ul>\n\n\n\n<p style=\"margin-bottom:0\" class=\"\">Det b\u00f6r noteras att data kan behandlas utanf\u00f6r individens bos\u00e4ttningsland. I s\u00e5dana fall implementerar FREE PLANET VPN l\u00e4mpliga skydds\u00e5tg\u00e4rder f\u00f6r att s\u00e4kerst\u00e4lla konfidentialitet, integritet och tillg\u00e4nglighet f\u00f6r anv\u00e4ndarnas information.<\/p>\n\n\n\n<h3 class=\"wp-block-heading\">4. Dataskydd<\/h3>\n\n\n\n<p style=\"margin-bottom:0\" class=\"\">Ett strikt protokoll implementeras f\u00f6r att s\u00e4kerst\u00e4lla s\u00e4kerheten f\u00f6r all insamlad data, inklusive f\u00f6ljande \u00e5tg\u00e4rder:<\/p>\n\n\n\n<ul class=\"wp-block-list\">\n<li><strong>Kryptering och \u00e5tkomstkontroller<\/strong> f\u00f6r att skydda dataintegritet och konfidentialitet.<\/li>\n\n\n\n<li><strong>Isolerade lagringssystem med begr\u00e4nsad \u00e5tkomst<\/strong> f\u00f6r att f\u00f6rhindra obeh\u00f6rig \u00e5tkomst.<\/li>\n\n\n\n<li><strong>Regelbundna granskningar och kontinuerlig \u00f6vervakning<\/strong> f\u00f6r att uppt\u00e4cka och minska potentiella s\u00e4kerhetsrisker.<\/li>\n<\/ul>\n\n\n\n<p style=\"margin-bottom:0\" class=\"\">\u00c5tkomst till data \u00e4r strikt begr\u00e4nsad till beh\u00f6rig personal p\u00e5 en \u201dbehovsbasis\u201d. I h\u00e4ndelse av ett s\u00e4kerhetsbrott ska ber\u00f6rda anv\u00e4ndare och relevanta tillsynsmyndigheter omedelbart underr\u00e4ttas i enlighet med till\u00e4mplig lag.<\/p>\n\n\n\n<h3 class=\"wp-block-heading\">5. Lagring och radering av data<\/h3>\n\n\n\n<p style=\"margin-bottom:0\" class=\"\">Anv\u00e4ndardata ska lagras endast under den tid som \u00e4r n\u00f6dv\u00e4ndig f\u00f6r att tillhandah\u00e5lla de tj\u00e4nster som beskrivs h\u00e4r. N\u00e4r detta behov upph\u00f6r ska all information raderas p\u00e5 ett s\u00e4kert s\u00e4tt eller anonymiseras.<\/p>\n\n\n\n<ul class=\"wp-block-list\">\n<li>Om ett anv\u00e4ndarkonto raderas ska alla tillh\u00f6rande data ocks\u00e5 raderas, utom i den utstr\u00e4ckning som lagring kr\u00e4vs enligt till\u00e4mplig lag (inklusive, men inte begr\u00e4nsat till, skyldigheter avseende skatt, redovisning eller efterlevnad av regler).<\/li>\n\n\n\n<li>I situationer d\u00e4r omedelbar radering inte \u00e4r m\u00f6jlig, till exempel under s\u00e4kerhetskopiering eller arkivering, ska uppgifterna isoleras p\u00e5 ett s\u00e4kert s\u00e4tt och bevaras tills en metod som s\u00e4kerst\u00e4ller fullst\u00e4ndig och s\u00e4ker radering kan genomf\u00f6ras.<\/li>\n<\/ul>\n\n\n\n<h3 class=\"wp-block-heading\">6. Tredjepartstj\u00e4nster som vi anv\u00e4nder<\/h3>\n\n\n\n<p style=\"margin-bottom:0\" class=\"\">F\u00f6r att s\u00e4kerst\u00e4lla s\u00e4kerheten och tillf\u00f6rlitligheten hos FREE PLANET VPN samarbetar vi med noggrant utvalda tredjepartsleverant\u00f6rer, inklusive men inte begr\u00e4nsat till:<\/p>\n\n\n\n<ul class=\"wp-block-list\">\n<li><strong>Google Firebase<\/strong> \u2013 kraschrapporter och diagnostik.<\/li>\n\n\n\n<li><strong>Adjust <\/strong>\u2013 appanalys och prestationssp\u00e5rning.<\/li>\n\n\n\n<li><strong>Zendesk <\/strong>\u2013 kundsupportsystem.<\/li>\n\n\n\n<li><strong>Stripe, Airwallex, Payssion, v5pay<\/strong> \u2013 betalningshantering.<\/li>\n\n\n\n<li><strong>Forter, Rebilly<\/strong> \u2013 bedr\u00e4geridetektering och riskhantering.<\/li>\n\n\n\n<li><strong>Admob, Liftoff, InMobi, Unity, Bigo Ads<\/strong> \u2013 reklampartners (f\u00f6r gratis VPN-version).<\/li>\n<\/ul>\n\n\n\n<p style=\"margin-bottom:0\" class=\"\">Dessa partners kan anv\u00e4nda cookies eller j\u00e4mf\u00f6rbara tekniker. De f\u00e5r inte tillg\u00e5ng till FREE PLANET VPN:s trafikloggar eller k\u00e4nsliga personuppgifter.<\/p>\n\n\n\n<h3 class=\"wp-block-heading\">7. Anv\u00e4ndarr\u00e4ttigheter<\/h3>\n\n\n\n<p style=\"margin-bottom:0\" class=\"\">I enlighet med till\u00e4mplig lagstiftning i din region kan du ha r\u00e4tt till specifika r\u00e4ttigheter avseende dina personuppgifter:<\/p>\n\n\n\n<ul class=\"wp-block-list\">\n<li><strong>\u00c5tkomst <\/strong>\u2013 beg\u00e4ra en kopia av de uppgifter vi har om dig.<\/li>\n\n\n\n<li><strong>Korrigering <\/strong>\u2013 uppdatera eller korrigera felaktig information.<\/li>\n\n\n\n<li><strong>Radering <\/strong>\u2013 beg\u00e4ra permanent radering av ditt konto och relaterade uppgifter.<\/li>\n\n\n\n<li><strong>Begr\u00e4nsning\/inv\u00e4ndning<\/strong> \u2013 begr\u00e4nsa eller inv\u00e4nda mot viss behandling.<\/li>\n\n\n\n<li><strong>\u00c5terkalla samtycke<\/strong> \u2013 sluta ta emot marknadsf\u00f6ring eller \u00e5terkalla valfria anv\u00e4ndningar av data.<\/li>\n<\/ul>\n\n\n\n<h5 class=\"wp-block-heading\">F\u00f6r anv\u00e4ndare i EES\/Storbritannien (GDPR):<\/h5>\n\n\n\n<p style=\"margin-bottom:0\" class=\"\">Du kan ut\u00f6va dina r\u00e4ttigheter n\u00e4r som helst. Identitetsverifiering kan kr\u00e4vas f\u00f6r att behandla s\u00e5dana f\u00f6rfr\u00e5gningar.<\/p>\n\n\n\n<h5 class=\"wp-block-heading\">F\u00f6r anv\u00e4ndare i Kalifornien (CCPA):<\/h5>\n\n\n\n<p style=\"margin-bottom:0\" class=\"\">Du kan beg\u00e4ra information om de personuppgifter vi samlar in eller l\u00e4mnar ut. FREE PLANET VPN s\u00e4ljer under inga omst\u00e4ndigheter personuppgifter.<\/p>\n\n\n\n<h3 class=\"wp-block-heading\">8. Integritet f\u00f6r minder\u00e5riga<\/h3>\n\n\n\n<p class=\"\">FREE PLANET VPN \u00e4r inte avsett f\u00f6r personer under 13 \u00e5r eller under den lagstadgade minimi\u00e5ldern i anv\u00e4ndarens bos\u00e4ttningsland. Vi samlar inte medvetet in personuppgifter fr\u00e5n barn.<\/p>\n\n\n\n<p style=\"margin-bottom:0\" class=\"\">Om en f\u00f6r\u00e4lder eller v\u00e5rdnadshavare tror att deras barn har l\u00e4mnat personuppgifter till oss, ombeds de att kontakta oss omedelbart. S\u00e5dan information kommer att raderas p\u00e5 ett s\u00e4kert s\u00e4tt efter mottagandet av beg\u00e4ran.<\/p>\n\n\n\n<h3 class=\"wp-block-heading\">9. \u00c4ndringar av denna integritetspolicy<\/h3>\n\n\n\n<p class=\"\">Denna policy kan uppdateras fr\u00e5n tid till annan f\u00f6r att \u00e5terspegla \u00e4ndringar i till\u00e4mplig lagstiftning, teknisk utveckling eller modifieringar av de tj\u00e4nster som tillhandah\u00e5lls. \u201dIkrafttr\u00e4dandedatum\u201d anger alltid den senaste versionen.<\/p>\n\n\n\n<p style=\"margin-bottom:0\" class=\"\">Anv\u00e4ndarna kommer att underr\u00e4ttas om alla viktiga uppdateringar via f\u00f6retagets applikationer, webbplatser eller via e-post.<\/p>\n\n\n\n<h3 class=\"wp-block-heading\">10. Kontakta oss<\/h3>\n\n\n\n<p class=\"\">Om du har fr\u00e5gor, funderingar eller \u00f6nskem\u00e5l ang\u00e5ende denna integritetspolicy \u00e4r du v\u00e4lkommen att kontakta den avdelning som anges nedan: <a href=\"mailto:support@freevpnplanet.com\" target=\"_blank\" rel=\"noreferrer noopener\">support@freevpnplanet.com<\/a><\/p>\n\n    <\/div>\n<\/section>\n","protected":false},"excerpt":{"rendered":"","protected":false},"author":13,"featured_media":0,"parent":0,"menu_order":0,"comment_status":"closed","ping_status":"closed","template":"templates\/page-policy.php","meta":{"_acf_changed":false,"inline_featured_image":false,"footnotes":""},"download_by_lite_tag":[],"class_list":["post-99181","page","type-page","status-publish","hentry"],"yoast_head":"<!-- This site is optimized with the Yoast SEO plugin v22.6 - https:\/\/yoast.com\/wordpress\/plugins\/seo\/ -->\n<title>Sekretesspolicy | Planet VPN<\/title>\n<meta name=\"description\" content=\"L\u00e4s sekretesspolicyn f\u00f6r Planet VPN. Vi skyddar din integritet och f\u00f6rklarar hur vi hanterar dina uppgifter f\u00f6r att s\u00e4kerst\u00e4lla din online-s\u00e4kerhet.\" \/>\n<meta name=\"robots\" content=\"index, follow, max-snippet:-1, max-image-preview:large, max-video-preview:-1\" \/>\n<link rel=\"canonical\" href=\"https:\/\/freevpnplanet.com\/sv\/policy\/\" \/>\n<meta property=\"og:locale\" content=\"en_US\" \/>\n<meta property=\"og:type\" content=\"article\" \/>\n<meta property=\"og:title\" content=\"Sekretesspolicy | Planet VPN\" \/>\n<meta property=\"og:description\" content=\"L\u00e4s sekretesspolicyn f\u00f6r Planet VPN. Vi skyddar din integritet och f\u00f6rklarar hur vi hanterar dina uppgifter f\u00f6r att s\u00e4kerst\u00e4lla din online-s\u00e4kerhet.\" \/>\n<meta property=\"og:url\" content=\"https:\/\/freevpnplanet.com\/sv\/policy\/\" \/>\n<meta property=\"og:site_name\" content=\"Planet VPN\" \/>\n<meta property=\"article:modified_time\" content=\"2025-11-07T12:26:38+00:00\" \/>\n<meta name=\"twitter:card\" content=\"summary_large_image\" \/>\n<meta name=\"twitter:label1\" content=\"Est. reading time\" \/>\n\t<meta name=\"twitter:data1\" content=\"6 minutes\" \/>\n<script type=\"application\/ld+json\" class=\"yoast-schema-graph\">{\"@context\":\"https:\/\/schema.org\",\"@graph\":[{\"@type\":\"WebPage\",\"@id\":\"https:\/\/freevpnplanet.com\/sv\/policy\/\",\"url\":\"https:\/\/freevpnplanet.com\/sv\/policy\/\",\"name\":\"Sekretesspolicy | Planet VPN\",\"isPartOf\":{\"@id\":\"https:\/\/freevpnplanet.com\/sv\/#website\"},\"datePublished\":\"2024-06-13T10:55:50+00:00\",\"dateModified\":\"2025-11-07T12:26:38+00:00\",\"description\":\"L\u00e4s sekretesspolicyn f\u00f6r Planet VPN. Vi skyddar din integritet och f\u00f6rklarar hur vi hanterar dina uppgifter f\u00f6r att s\u00e4kerst\u00e4lla din online-s\u00e4kerhet.\",\"breadcrumb\":{\"@id\":\"https:\/\/freevpnplanet.com\/sv\/policy\/#breadcrumb\"},\"inLanguage\":\"sv\",\"potentialAction\":[{\"@type\":\"ReadAction\",\"target\":[\"https:\/\/freevpnplanet.com\/sv\/policy\/\"]}]},{\"@type\":\"BreadcrumbList\",\"@id\":\"https:\/\/freevpnplanet.com\/sv\/policy\/#breadcrumb\",\"itemListElement\":[{\"@type\":\"ListItem\",\"position\":1,\"name\":\"Home\",\"item\":\"https:\/\/freevpnplanet.com\/sv\/\"},{\"@type\":\"ListItem\",\"position\":2,\"name\":\"Sekretess\"}]},{\"@type\":\"WebSite\",\"@id\":\"https:\/\/freevpnplanet.com\/sv\/#website\",\"url\":\"https:\/\/freevpnplanet.com\/sv\/\",\"name\":\"Planet VPN \ud83d\udee1\ufe0f\ud83c\udf10 Free VPN\",\"description\":\"Free VPN\",\"potentialAction\":[{\"@type\":\"SearchAction\",\"target\":{\"@type\":\"EntryPoint\",\"urlTemplate\":\"https:\/\/freevpnplanet.com\/sv\/?s={search_term_string}\"},\"query-input\":\"required name=search_term_string\"}],\"inLanguage\":\"sv\",\"publisher\":{\"@id\":\"https:\/\/freevpnplanet.com\/sv\/#organization\"}},{\"@context\":\"https:\/\/schema.org\/\",\"@type\":\"SoftwareApplication\",\"name\":\"Planet VPN \ud83d\udee1\ufe0f\ud83c\udf10 Free VPN\",\"operatingSystem\":\"Windows, macOS, iOS, Android, Linux, Chrome\",\"applicationCategory\":\"SecurityApplication\",\"offers\":{\"@type\":\"AggregateOffer\",\"priceCurrency\":\"USD\",\"price\":\"0\",\"lowPrice\":\"0\",\"availability\":\"https:\/\/schema.org\/InStock\"},\"aggregateRating\":{\"@type\":\"AggregateRating\",\"ratingValue\":\"4.8\",\"bestRating\":\"5\",\"ratingCount\":\"12476\"}},{\"@type\":\"Organization\",\"@id\":\"https:\/\/freevpnplanet.com\/sv\/#organization\",\"url\":\"https:\/\/freevpnplanet.com\/sv\/\",\"name\":\"Planet VPN \ud83d\udee1\ufe0f\ud83c\udf10 Free VPN\"}]}<\/script>\n<!-- \/ Yoast SEO plugin. -->","yoast_head_json":{"title":"Sekretesspolicy | Planet VPN","description":"L\u00e4s sekretesspolicyn f\u00f6r Planet VPN. Vi skyddar din integritet och f\u00f6rklarar hur vi hanterar dina uppgifter f\u00f6r att s\u00e4kerst\u00e4lla din online-s\u00e4kerhet.","robots":{"index":"index","follow":"follow","max-snippet":"max-snippet:-1","max-image-preview":"max-image-preview:large","max-video-preview":"max-video-preview:-1"},"canonical":"https:\/\/freevpnplanet.com\/sv\/policy\/","og_locale":"en_US","og_type":"article","og_title":"Sekretesspolicy | Planet VPN","og_description":"L\u00e4s sekretesspolicyn f\u00f6r Planet VPN. Vi skyddar din integritet och f\u00f6rklarar hur vi hanterar dina uppgifter f\u00f6r att s\u00e4kerst\u00e4lla din online-s\u00e4kerhet.","og_url":"https:\/\/freevpnplanet.com\/sv\/policy\/","og_site_name":"Planet VPN","article_modified_time":"2025-11-07T12:26:38+00:00","twitter_card":"summary_large_image","twitter_misc":{"Est. reading time":"6 minutes"},"schema":{"@context":"https:\/\/schema.org","@graph":[{"@type":"WebPage","@id":"https:\/\/freevpnplanet.com\/sv\/policy\/","url":"https:\/\/freevpnplanet.com\/sv\/policy\/","name":"Sekretesspolicy | Planet VPN","isPartOf":{"@id":"https:\/\/freevpnplanet.com\/sv\/#website"},"datePublished":"2024-06-13T10:55:50+00:00","dateModified":"2025-11-07T12:26:38+00:00","description":"L\u00e4s sekretesspolicyn f\u00f6r Planet VPN. Vi skyddar din integritet och f\u00f6rklarar hur vi hanterar dina uppgifter f\u00f6r att s\u00e4kerst\u00e4lla din online-s\u00e4kerhet.","breadcrumb":{"@id":"https:\/\/freevpnplanet.com\/sv\/policy\/#breadcrumb"},"inLanguage":"sv","potentialAction":[{"@type":"ReadAction","target":["https:\/\/freevpnplanet.com\/sv\/policy\/"]}]},{"@type":"BreadcrumbList","@id":"https:\/\/freevpnplanet.com\/sv\/policy\/#breadcrumb","itemListElement":[{"@type":"ListItem","position":1,"name":"Home","item":"https:\/\/freevpnplanet.com\/sv\/"},{"@type":"ListItem","position":2,"name":"Sekretess"}]},{"@type":"WebSite","@id":"https:\/\/freevpnplanet.com\/sv\/#website","url":"https:\/\/freevpnplanet.com\/sv\/","name":"Planet VPN \ud83d\udee1\ufe0f\ud83c\udf10 Free VPN","description":"Free VPN","potentialAction":[{"@type":"SearchAction","target":{"@type":"EntryPoint","urlTemplate":"https:\/\/freevpnplanet.com\/sv\/?s={search_term_string}"},"query-input":"required name=search_term_string"}],"inLanguage":"sv","publisher":{"@id":"https:\/\/freevpnplanet.com\/sv\/#organization"}},{"@context":"https:\/\/schema.org\/","@type":"SoftwareApplication","name":"Planet VPN \ud83d\udee1\ufe0f\ud83c\udf10 Free VPN","operatingSystem":"Windows, macOS, iOS, Android, Linux, Chrome","applicationCategory":"SecurityApplication","offers":{"@type":"AggregateOffer","priceCurrency":"USD","price":"0","lowPrice":"0","availability":"https:\/\/schema.org\/InStock"},"aggregateRating":{"@type":"AggregateRating","ratingValue":"4.8","bestRating":"5","ratingCount":"12476"}},{"@type":"Organization","@id":"https:\/\/freevpnplanet.com\/sv\/#organization","url":"https:\/\/freevpnplanet.com\/sv\/","name":"Planet VPN \ud83d\udee1\ufe0f\ud83c\udf10 Free VPN"}]}},"acf":[],"_links":{"self":[{"href":"https:\/\/freevpnplanet.com\/sv\/wp-json\/wp\/v2\/pages\/99181","targetHints":{"allow":["GET"]}}],"collection":[{"href":"https:\/\/freevpnplanet.com\/sv\/wp-json\/wp\/v2\/pages"}],"about":[{"href":"https:\/\/freevpnplanet.com\/sv\/wp-json\/wp\/v2\/types\/page"}],"author":[{"embeddable":true,"href":"https:\/\/freevpnplanet.com\/sv\/wp-json\/wp\/v2\/users\/13"}],"replies":[{"embeddable":true,"href":"https:\/\/freevpnplanet.com\/sv\/wp-json\/wp\/v2\/comments?post=99181"}],"version-history":[{"count":5,"href":"https:\/\/freevpnplanet.com\/sv\/wp-json\/wp\/v2\/pages\/99181\/revisions"}],"predecessor-version":[{"id":187521,"href":"https:\/\/freevpnplanet.com\/sv\/wp-json\/wp\/v2\/pages\/99181\/revisions\/187521"}],"wp:attachment":[{"href":"https:\/\/freevpnplanet.com\/sv\/wp-json\/wp\/v2\/media?parent=99181"}],"wp:term":[{"taxonomy":"download_by_lite_tag","embeddable":true,"href":"https:\/\/freevpnplanet.com\/sv\/wp-json\/wp\/v2\/download_by_lite_tag?post=99181"}],"curies":[{"name":"wp","href":"https:\/\/api.w.org\/{rel}","templated":true}]}}