{"id":99296,"date":"2024-05-31T15:55:49","date_gmt":"2024-05-31T12:55:49","guid":{"rendered":"https:\/\/help.freeplanetvpn.com\/password-generator\/"},"modified":"2026-01-20T15:57:21","modified_gmt":"2026-01-20T12:57:21","slug":"password-generator","status":"publish","type":"page","link":"https:\/\/freevpnplanet.com\/sv\/password-generator\/","title":{"rendered":"Password generator"},"content":{"rendered":"\n<section class=\"tools-hero\">\n  <div class=\"tools-hero__inner container\">\n\n    <div class=\"password-generator__wrapper\">\n      <div class=\"password-generator\">\n                  <div class=\"password-generator__text\"><h1 class=\"passGen-title\">Online l\u00f6senordsgenerator &#8211; s\u00e4ker, slumpm\u00e4ssig och stark<\/h1>\n<p class=\"passGen-description\">F\u00e5 ett s\u00e4kert och slumpm\u00e4ssigt l\u00f6senord. Alla l\u00f6senord \u00e4r skapade s\u00e4kert p\u00e5 endast din enhet och har aldrig s\u00e4nts \u00f6ver internet.<\/p><\/div>\n        \n        <div class=\"password-generator__result\">\n          <div class=\"password-generator__password\">\n            <input id=\"password\" type=\"text\" class=\"password-generator__input\" readonly>\n            <button id=\"qa-generate-password\" type=\"button\" class=\"password-generator__generate\" aria-label=\"Generera\"><\/button>\n            <button id=\"qa-copy-password\" type=\"button\" class=\"password-generator__copy\" aria-label=\"Kopiera\"><\/button>\n          <\/div>\n\n          <div id=\"qa-copied-message\" class=\"password-generator__msg\"><\/div>\n          <script>\n            window.success_copied_message = '';\n            window.error_copied_message = '';\n          <\/script>\n          <div class=\"password-generator__power\">\n            <span>Svag<\/span>\n            <span>Stark<\/span>\n            <b class=\"password-generator__power-line\" style=\"--width:0\"><\/b>\n          <\/div>\n        <\/div>\n\n        <form name=\"passwordGenerator\" method=\"post\" action=\"\" class=\"password-generator__form\">\n          <h2>Konfigurationer<\/h2>\n          <div class=\"password-generator__characters\">\n            <b>Teckentyp<\/b>\n            <label>\n              <input id=\"upperCaseCheckBox\" type=\"checkbox\" name=\"lettersUppercase\" checked \/>\n              <span>Versaler<\/span>\n            <\/label>\n            <label>\n              <input id=\"lowerCaseCheckBox\" type=\"checkbox\" name=\"lettersLowercase\" checked \/>\n              <span>Gemener<\/span>\n            <\/label>\n          <\/div>\n\n          <div class=\"password-generator__slider\">\n            <b>L\u00e4ngd <span class=\"password-generator__lengthValue-span\">12<\/span><\/b>\n            <label>\n              <input id=\"qa-length\" type=\"range\" min=\"6\" max=\"20\" value=\"12\" name=\"lengthValue\" \/>\n            <\/label>\n          <\/div>\n\n          <div class=\"password-generator__slider\">\n            <b>Siffror <span class=\"password-generator__digitsValue-span\">4<\/span><\/b>\n            <label>\n              <input id=\"qa-digits\" type=\"range\" min=\"0\" max=\"20\" value=\"4\" name=\"digitsValue\" \/>\n            <\/label>\n          <\/div>\n\n          <div class=\"password-generator__slider\">\n            <b>Symboler <span class=\"password-generator__symbolsValue-span\">2<\/span><\/b>\n            <label>\n              <input id=\"qa-symbols\" type=\"range\" min=\"0\" max=\"20\" value=\"2\" name=\"symbolsValue\" \/>\n            <\/label>\n          <\/div>\n\n        <\/form>\n      <\/div>\n\n    <\/div>\n  <\/div>\n\n  <div class=\"tools-hero__menu\"><ul id=\"menu-tools-menu-swedish\" class=\"menu\"><li id=\"menu-item-117481\" class=\"menu-item menu-item-type-post_type menu-item-object-page menu-item-117481\"><a href=\"https:\/\/freevpnplanet.com\/sv\/dns-check\/\">DNS-l\u00e4ckagetest<\/a><\/li>\n<li id=\"menu-item-117482\" class=\"menu-item menu-item-type-post_type menu-item-object-page menu-item-117482\"><a href=\"https:\/\/freevpnplanet.com\/sv\/web-rtc\/\">WebRTC-l\u00e4ckagetest<\/a><\/li>\n<li id=\"menu-item-117513\" class=\"menu-item menu-item-type-post_type menu-item-object-page menu-item-117513\"><a href=\"https:\/\/freevpnplanet.com\/sv\/virus-scan\/\">Viruss\u00f6kning<\/a><\/li>\n<li id=\"menu-item-117514\" class=\"menu-item menu-item-type-post_type menu-item-object-page menu-item-117514\"><a href=\"https:\/\/freevpnplanet.com\/sv\/ip-check\/\">Vad \u00e4r min IP?<\/a><\/li>\n<li id=\"menu-item-117515\" class=\"menu-item menu-item-type-post_type menu-item-object-page menu-item-117515\"><a href=\"https:\/\/freevpnplanet.com\/sv\/password-generator\/\">L\u00f6senordsgenerator<\/a><\/li>\n<\/ul><\/div>\n<\/section>\n\n<section class=\"two-col-content custom-block align-full  rtl ratio-normal text image-visible-on-mobile-no\" style='--background-color:var(--background-blue)'>\n\n    <div class=\"gutenberg-block-background\"><\/div>\n    <div class=\"two-col-content__container inner-container\">\n        \n                    <div class=\"two-col-content__description\"><p>L\u00f6senordgenerator online \u00e4r ett gratis verktyg f\u00f6r att skapa unika och sv\u00e5ra l\u00f6senord. Perfekt f\u00f6r de som vill ha ett sv\u00e5rt l\u00f6senord f\u00f6r att registrera sig p\u00e5 webbplatsen, i onlinebutiken eller p\u00e5 olika onlinetj\u00e4nster.<\/p>\n<p>Du kan ocks\u00e5 spara l\u00f6senordet bara f\u00f6r dig sj\u00e4lv, med olika inst\u00e4llningar. Alla l\u00f6senord genereras slumpm\u00e4ssigt, vilket garanterar h\u00f6g s\u00e4kerhet.<\/p>\n<p>Anv\u00e4nd v\u00e5r generator f\u00f6r att skapa ett starkt l\u00f6senord. St\u00e4ll f\u00f6rst in l\u00f6senordsl\u00e4ngden (vi rekommenderar minst 8 tecken) och v\u00e4lj sedan l\u00f6senordssv\u00e5righeten. Kontrollera om endast stora eler sm\u00e5 bokst\u00e4ver beh\u00f6ver anv\u00e4ndas. Ange hur m\u00e5nga siffror som ska finnas i l\u00f6senordet och hur m\u00e5nga andra tecken du beh\u00f6ver. V\u00e5r online-l\u00f6senordsgenerator genererar automatiskt ett l\u00f6senord slumpm\u00e4ssigt enligt dina parametrar och du beh\u00f6ver enbart kopiera.<\/p>\n<p>Om l\u00f6senordet verkar f\u00f6r sv\u00e5rt att komma ih\u00e5g eller helt enkelt inte passar dig, kan du alltid klicka igen p\u00e5 knappen f\u00f6r l\u00f6senordsgenerering eller \u00e4ndra inst\u00e4llningarna.<\/p>\n<blockquote>\n<p>Observera: l\u00f6senordet genereras p\u00e5 din enhet, s\u00e5 inte ens vi kan se det. Och s\u00e5 ingen i n\u00e4tverket ska kunna f\u00e5 ditt starka l\u00f6senord n\u00e4r du anger det p\u00e5 n\u00e5gon webbplats, anv\u00e4nd v\u00e5r VPN-tj\u00e4nst med stark kryptering<\/p>\n<\/blockquote><\/div>\n        \n                                    <h2 class=\"two-col-content__text\">HUR SKAPAR JAG ETT STARKT L\u00d6SENORD?<\/h2>\n                    \n            <\/div>\n<\/section>","protected":false},"excerpt":{"rendered":"","protected":false},"author":13,"featured_media":0,"parent":0,"menu_order":0,"comment_status":"closed","ping_status":"closed","template":"templates\/page_template-basic_for_gutenberg.php","meta":{"_acf_changed":false,"inline_featured_image":false,"footnotes":""},"download_by_lite_tag":[],"class_list":["post-99296","page","type-page","status-publish","hentry"],"yoast_head":"<!-- This site is optimized with the Yoast SEO plugin v22.6 - https:\/\/yoast.com\/wordpress\/plugins\/seo\/ -->\n<title>L\u00f6senordsgenerator - slumpm\u00e4ssigt och starkt l\u00f6senord<\/title>\n<meta name=\"description\" content=\"Skapa starka och s\u00e4kra l\u00f6senord med v\u00e5r l\u00f6senordsgenerator. Alla l\u00f6senord genereras lokalt p\u00e5 din enhet, utan att skickas \u00f6ver internet.\" \/>\n<meta name=\"robots\" content=\"index, follow, max-snippet:-1, max-image-preview:large, max-video-preview:-1\" \/>\n<link rel=\"canonical\" href=\"https:\/\/freevpnplanet.com\/sv\/password-generator\/\" \/>\n<meta property=\"og:locale\" content=\"en_US\" \/>\n<meta property=\"og:type\" content=\"article\" \/>\n<meta property=\"og:title\" content=\"L\u00f6senordsgenerator - slumpm\u00e4ssigt och starkt l\u00f6senord\" \/>\n<meta property=\"og:description\" content=\"Skapa starka och s\u00e4kra l\u00f6senord med v\u00e5r l\u00f6senordsgenerator. Alla l\u00f6senord genereras lokalt p\u00e5 din enhet, utan att skickas \u00f6ver internet.\" \/>\n<meta property=\"og:url\" content=\"https:\/\/freevpnplanet.com\/sv\/password-generator\/\" \/>\n<meta property=\"og:site_name\" content=\"Planet VPN\" \/>\n<meta property=\"article:modified_time\" content=\"2026-01-20T12:57:21+00:00\" \/>\n<meta name=\"twitter:card\" content=\"summary_large_image\" \/>\n<script type=\"application\/ld+json\" class=\"yoast-schema-graph\">{\"@context\":\"https:\/\/schema.org\",\"@graph\":[{\"@type\":\"WebPage\",\"@id\":\"https:\/\/freevpnplanet.com\/sv\/password-generator\/\",\"url\":\"https:\/\/freevpnplanet.com\/sv\/password-generator\/\",\"name\":\"L\u00f6senordsgenerator - slumpm\u00e4ssigt och starkt l\u00f6senord\",\"isPartOf\":{\"@id\":\"https:\/\/freevpnplanet.com\/sv\/#website\"},\"datePublished\":\"2024-05-31T12:55:49+00:00\",\"dateModified\":\"2026-01-20T12:57:21+00:00\",\"description\":\"Skapa starka och s\u00e4kra l\u00f6senord med v\u00e5r l\u00f6senordsgenerator. Alla l\u00f6senord genereras lokalt p\u00e5 din enhet, utan att skickas \u00f6ver internet.\",\"breadcrumb\":{\"@id\":\"https:\/\/freevpnplanet.com\/sv\/password-generator\/#breadcrumb\"},\"inLanguage\":\"sv\",\"potentialAction\":[{\"@type\":\"ReadAction\",\"target\":[\"https:\/\/freevpnplanet.com\/sv\/password-generator\/\"]}]},{\"@type\":\"BreadcrumbList\",\"@id\":\"https:\/\/freevpnplanet.com\/sv\/password-generator\/#breadcrumb\",\"itemListElement\":[{\"@type\":\"ListItem\",\"position\":1,\"name\":\"Home\",\"item\":\"https:\/\/freevpnplanet.com\/sv\/\"},{\"@type\":\"ListItem\",\"position\":2,\"name\":\"Password generator\"}]},{\"@type\":\"WebSite\",\"@id\":\"https:\/\/freevpnplanet.com\/sv\/#website\",\"url\":\"https:\/\/freevpnplanet.com\/sv\/\",\"name\":\"Planet VPN \ud83d\udee1\ufe0f\ud83c\udf10 Free VPN\",\"description\":\"Free VPN\",\"potentialAction\":[{\"@type\":\"SearchAction\",\"target\":{\"@type\":\"EntryPoint\",\"urlTemplate\":\"https:\/\/freevpnplanet.com\/sv\/?s={search_term_string}\"},\"query-input\":\"required name=search_term_string\"}],\"inLanguage\":\"sv\",\"publisher\":{\"@id\":\"https:\/\/freevpnplanet.com\/sv\/#organization\"}},{\"@context\":\"https:\/\/schema.org\/\",\"@type\":\"SoftwareApplication\",\"name\":\"Planet VPN \ud83d\udee1\ufe0f\ud83c\udf10 Free VPN\",\"operatingSystem\":\"Windows, macOS, iOS, Android, Linux, Chrome\",\"applicationCategory\":\"SecurityApplication\",\"offers\":{\"@type\":\"AggregateOffer\",\"priceCurrency\":\"USD\",\"price\":\"0\",\"lowPrice\":\"0\",\"availability\":\"https:\/\/schema.org\/InStock\"},\"aggregateRating\":{\"@type\":\"AggregateRating\",\"ratingValue\":\"4.8\",\"bestRating\":\"5\",\"ratingCount\":\"12476\"}},{\"@type\":\"Organization\",\"@id\":\"https:\/\/freevpnplanet.com\/sv\/#organization\",\"url\":\"https:\/\/freevpnplanet.com\/sv\/\",\"name\":\"Planet VPN \ud83d\udee1\ufe0f\ud83c\udf10 Free VPN\"}]}<\/script>\n<!-- \/ Yoast SEO plugin. -->","yoast_head_json":{"title":"L\u00f6senordsgenerator - slumpm\u00e4ssigt och starkt l\u00f6senord","description":"Skapa starka och s\u00e4kra l\u00f6senord med v\u00e5r l\u00f6senordsgenerator. Alla l\u00f6senord genereras lokalt p\u00e5 din enhet, utan att skickas \u00f6ver internet.","robots":{"index":"index","follow":"follow","max-snippet":"max-snippet:-1","max-image-preview":"max-image-preview:large","max-video-preview":"max-video-preview:-1"},"canonical":"https:\/\/freevpnplanet.com\/sv\/password-generator\/","og_locale":"en_US","og_type":"article","og_title":"L\u00f6senordsgenerator - slumpm\u00e4ssigt och starkt l\u00f6senord","og_description":"Skapa starka och s\u00e4kra l\u00f6senord med v\u00e5r l\u00f6senordsgenerator. Alla l\u00f6senord genereras lokalt p\u00e5 din enhet, utan att skickas \u00f6ver internet.","og_url":"https:\/\/freevpnplanet.com\/sv\/password-generator\/","og_site_name":"Planet VPN","article_modified_time":"2026-01-20T12:57:21+00:00","twitter_card":"summary_large_image","schema":{"@context":"https:\/\/schema.org","@graph":[{"@type":"WebPage","@id":"https:\/\/freevpnplanet.com\/sv\/password-generator\/","url":"https:\/\/freevpnplanet.com\/sv\/password-generator\/","name":"L\u00f6senordsgenerator - slumpm\u00e4ssigt och starkt l\u00f6senord","isPartOf":{"@id":"https:\/\/freevpnplanet.com\/sv\/#website"},"datePublished":"2024-05-31T12:55:49+00:00","dateModified":"2026-01-20T12:57:21+00:00","description":"Skapa starka och s\u00e4kra l\u00f6senord med v\u00e5r l\u00f6senordsgenerator. Alla l\u00f6senord genereras lokalt p\u00e5 din enhet, utan att skickas \u00f6ver internet.","breadcrumb":{"@id":"https:\/\/freevpnplanet.com\/sv\/password-generator\/#breadcrumb"},"inLanguage":"sv","potentialAction":[{"@type":"ReadAction","target":["https:\/\/freevpnplanet.com\/sv\/password-generator\/"]}]},{"@type":"BreadcrumbList","@id":"https:\/\/freevpnplanet.com\/sv\/password-generator\/#breadcrumb","itemListElement":[{"@type":"ListItem","position":1,"name":"Home","item":"https:\/\/freevpnplanet.com\/sv\/"},{"@type":"ListItem","position":2,"name":"Password generator"}]},{"@type":"WebSite","@id":"https:\/\/freevpnplanet.com\/sv\/#website","url":"https:\/\/freevpnplanet.com\/sv\/","name":"Planet VPN \ud83d\udee1\ufe0f\ud83c\udf10 Free VPN","description":"Free VPN","potentialAction":[{"@type":"SearchAction","target":{"@type":"EntryPoint","urlTemplate":"https:\/\/freevpnplanet.com\/sv\/?s={search_term_string}"},"query-input":"required name=search_term_string"}],"inLanguage":"sv","publisher":{"@id":"https:\/\/freevpnplanet.com\/sv\/#organization"}},{"@context":"https:\/\/schema.org\/","@type":"SoftwareApplication","name":"Planet VPN \ud83d\udee1\ufe0f\ud83c\udf10 Free VPN","operatingSystem":"Windows, macOS, iOS, Android, Linux, Chrome","applicationCategory":"SecurityApplication","offers":{"@type":"AggregateOffer","priceCurrency":"USD","price":"0","lowPrice":"0","availability":"https:\/\/schema.org\/InStock"},"aggregateRating":{"@type":"AggregateRating","ratingValue":"4.8","bestRating":"5","ratingCount":"12476"}},{"@type":"Organization","@id":"https:\/\/freevpnplanet.com\/sv\/#organization","url":"https:\/\/freevpnplanet.com\/sv\/","name":"Planet VPN \ud83d\udee1\ufe0f\ud83c\udf10 Free VPN"}]}},"acf":[],"_links":{"self":[{"href":"https:\/\/freevpnplanet.com\/sv\/wp-json\/wp\/v2\/pages\/99296","targetHints":{"allow":["GET"]}}],"collection":[{"href":"https:\/\/freevpnplanet.com\/sv\/wp-json\/wp\/v2\/pages"}],"about":[{"href":"https:\/\/freevpnplanet.com\/sv\/wp-json\/wp\/v2\/types\/page"}],"author":[{"embeddable":true,"href":"https:\/\/freevpnplanet.com\/sv\/wp-json\/wp\/v2\/users\/13"}],"replies":[{"embeddable":true,"href":"https:\/\/freevpnplanet.com\/sv\/wp-json\/wp\/v2\/comments?post=99296"}],"version-history":[{"count":1,"href":"https:\/\/freevpnplanet.com\/sv\/wp-json\/wp\/v2\/pages\/99296\/revisions"}],"predecessor-version":[{"id":156319,"href":"https:\/\/freevpnplanet.com\/sv\/wp-json\/wp\/v2\/pages\/99296\/revisions\/156319"}],"wp:attachment":[{"href":"https:\/\/freevpnplanet.com\/sv\/wp-json\/wp\/v2\/media?parent=99296"}],"wp:term":[{"taxonomy":"download_by_lite_tag","embeddable":true,"href":"https:\/\/freevpnplanet.com\/sv\/wp-json\/wp\/v2\/download_by_lite_tag?post=99296"}],"curies":[{"name":"wp","href":"https:\/\/api.w.org\/{rel}","templated":true}]}}