{"id":100027,"date":"2024-06-14T10:33:16","date_gmt":"2024-06-14T07:33:16","guid":{"rendered":"https:\/\/help.freeplanetvpn.com\/contact-us\/"},"modified":"2025-10-27T14:19:06","modified_gmt":"2025-10-27T11:19:06","slug":"contact-us","status":"publish","type":"page","link":"https:\/\/freevpnplanet.com\/tr\/contact-us\/","title":{"rendered":"Contact us"},"content":{"rendered":"\n<section class=\"hero-contact-us custom-block align-none \" style='--text-color:var(--white)'>\n\n    <div class=\"gutenberg-block-background\"><img decoding=\"async\" width=\"1920\" height=\"568\" src=\"https:\/\/freevpnplanet.com\/wp-content\/uploads\/2024\/09\/rvpn-bg.405430a1-20240614_114129_966776.jpg\" class=\"gutenberg-block-background__image-desktop background-image\" alt=\"bg-image-desktop\" title=\"bg-image-desktop\" \/><img decoding=\"async\" width=\"375\" height=\"400\" src=\"https:\/\/freevpnplanet.com\/wp-content\/uploads\/2024\/09\/bg-375.jpg\" class=\"gutenberg-block-background__image-mobile background-image\" alt=\"bg-image-mobile\" title=\"bg-image-mobile\" \/><\/div>\n    <div class=\"hero-contact-us__inner inner-container\">\n                    <div class=\"hero-contact-us__content\">\n                <h1 class=\"hero-contact-us__title\">Planet VPN Ekibi ile \u0130leti\u015fime Ge\u00e7in<\/h1>\n\n                                    <p class=\"hero-contact-us__description\">YARDIMA I\u0307HTI\u0307YACINIZ VAR MI?<\/p>\n                \n                <div class=\"hero-contact-us__buttons\">\n                                            <button id=\"qa-btn-contact\" class=\"hero-contact-us__cta hero-contact-us__cta-support cta support-btn\">Destek<\/button>\n                    \n                    <a href=\"mailto:support@freevpnplanet.com\" id=\"qa-btn-contact-default\" target=\"_blank\" class=\"cta hero-contact-us__cta hero-contact-us__cta--style-default\">E-posta<\/a><a href=\"https:\/\/t.me\/PlanetVPN_bot\" id=\"qa-btn-contact-telegram\" target=\"_blank\" class=\"cta hero-contact-us__cta hero-contact-us__cta--style-telegram\">Telegram<\/a><a href=\"https:\/\/wa.me\/447706813210?text=\" id=\"qa-btn-contact-whatsapp\" target=\"_blank\" class=\"cta hero-contact-us__cta hero-contact-us__cta--style-whatsapp\">WhatsApp<\/a>                <\/div>\n\n            <\/div>\n            <\/div>\n<\/section>\n\n\n\n<section class=\"columns-list custom-block align-full  image-desktop-left image-mobile-left text-desktop-left text-mobile-left column-shadow text-sm fw-500 two-columns\" style=''>\n\n    <div class=\"gutenberg-block-background\"><\/div>\n    <div class=\"columns-list__inner inner-container\">\n\n                    <div class=\"columns-list__header\">\n                <h2 class=\"content__title\">DEPARTMANLARIMIZIN \u0130LET\u0130\u015e\u0130M B\u0130LG\u0130LER\u0130N\u0130 M\u0130 ARIYORSUNUZ?<\/h2>            <\/div>\n        \n        <div class=\"columns-list__items\" style='--grid-gap:40px'>\n                            <div class=\"list-item\">\n                                                                <div class=\"list-item__text\">\n                            <h4 class=\"content__caption\">Genel Sorular<\/h4>\n<p class=\"content__text\">VPN&#8217;ler hakk\u0131nda sormak istedi\u011finiz bir konu mu var? L\u00fctfen \u015fu adrese e-posta g\u00f6nderin: <a class=\"content__link\" href=\"mailto:support@freevpnplanet.com\">support@freevpnplanet.com<\/a><\/p>\n<p>&nbsp;<\/p>                        <\/div>\n                                    <\/div>\n                            <div class=\"list-item\">\n                                                                <div class=\"list-item__text\">\n                            <h4 class=\"content__caption\">Ortakl\u0131k<\/h4>\n<p class=\"content__text\">\u00dcr\u00fcn\u00fcm\u00fcz\u00fc be\u011fendiniz ve tan\u0131tmak m\u0131 istiyorsunuz? Ortakl\u0131k i\u00e7in t\u00fcm ara\u00e7lar\u0131, en y\u00fcksek komisyon \u00fccretlerini ve \u00f6zel destek sa\u011fl\u0131yoruz. Bize \u015fu e-posta adresinden ula\u015fabilirsiniz: <a class=\"content__link\" href=\"mailto:affiliates@planetfreevpn.com\">affiliates@planetfreevpn.com<\/a><\/p>\n<p>&nbsp;<\/p>                        <\/div>\n                                    <\/div>\n                            <div class=\"list-item\">\n                                                                <div class=\"list-item__text\">\n                            <h4 class=\"content__caption\">Reklam<\/h4>\n<p class=\"content__text\">Reklamc\u0131l\u0131k \u00fczerine \u00e7al\u0131\u015f\u0131yor ya da bu alanda i\u00e7erik mi yarat\u0131yorsunuz? Detaylar\u0131 g\u00f6r\u00fc\u015fmek i\u00e7in l\u00fctfen \u015fu adrese e-posta g\u00f6nderin: <a class=\"content__link\" href=\"mailto:adv@freevpnplanet.com\">adv@freevpnplanet.com<\/a><\/p>                        <\/div>\n                                    <\/div>\n                            <div class=\"list-item\">\n                                                                <div class=\"list-item__text\">\n                            <h4 class=\"content__text\">Hukuki<\/h4>\n<p>Hukuki konular, hizmet \u015fartlar\u0131 veya uyumluluk ile ilgili sorular\u0131n\u0131z i\u00e7in l\u00fctfen hukuk ekibimizle ileti\u015fime ge\u00e7in: <a class=\"decorated-link cursor-pointer\" href=\"mailto:legal@freevpnplanet.com\" rel=\"noopener\" data-start=\"222\" data-end=\"245\">legal@freevpnplanet.com<\/a><\/p>\n<p class=\"content__text\">                        <\/div>\n                                    <\/div>\n                    <\/div>\n\n        \n    <\/div>\n<\/section>\n","protected":false},"excerpt":{"rendered":"","protected":false},"author":39,"featured_media":0,"parent":0,"menu_order":0,"comment_status":"closed","ping_status":"closed","template":"templates\/page_template-basic_for_gutenberg.php","meta":{"_acf_changed":false,"inline_featured_image":false,"footnotes":""},"download_by_lite_tag":[],"class_list":["post-100027","page","type-page","status-publish","hentry"],"yoast_head":"<!-- This site is optimized with the Yoast SEO plugin v22.6 - https:\/\/yoast.com\/wordpress\/plugins\/seo\/ -->\n<title>Contact us - Planet VPN<\/title>\n<meta name=\"description\" content=\"Planet VPN ile \u0130leti\u015fim: i\u015fbirli\u011fi, \u00fcyelik, VPN hizmeti hakk\u0131nda s\u0131k sorulan sorular.\" \/>\n<meta name=\"robots\" content=\"index, follow, max-snippet:-1, max-image-preview:large, max-video-preview:-1\" \/>\n<link rel=\"canonical\" href=\"https:\/\/freevpnplanet.com\/tr\/contact-us\/\" \/>\n<meta property=\"og:locale\" content=\"tr_TR\" \/>\n<meta property=\"og:type\" content=\"article\" \/>\n<meta property=\"og:title\" content=\"Contact us - Planet VPN\" \/>\n<meta property=\"og:description\" content=\"Planet VPN ile \u0130leti\u015fim: i\u015fbirli\u011fi, \u00fcyelik, VPN hizmeti hakk\u0131nda s\u0131k sorulan sorular.\" \/>\n<meta property=\"og:url\" content=\"https:\/\/freevpnplanet.com\/tr\/contact-us\/\" \/>\n<meta property=\"og:site_name\" content=\"Planet VPN\" \/>\n<meta property=\"article:modified_time\" content=\"2025-10-27T11:19:06+00:00\" \/>\n<meta name=\"twitter:card\" content=\"summary_large_image\" \/>\n<script type=\"application\/ld+json\" class=\"yoast-schema-graph\">{\"@context\":\"https:\/\/schema.org\",\"@graph\":[{\"@type\":\"WebPage\",\"@id\":\"https:\/\/freevpnplanet.com\/tr\/contact-us\/\",\"url\":\"https:\/\/freevpnplanet.com\/tr\/contact-us\/\",\"name\":\"Contact us - Planet VPN\",\"isPartOf\":{\"@id\":\"https:\/\/freevpnplanet.com\/tr\/#website\"},\"datePublished\":\"2024-06-14T07:33:16+00:00\",\"dateModified\":\"2025-10-27T11:19:06+00:00\",\"description\":\"Planet VPN ile \u0130leti\u015fim: i\u015fbirli\u011fi, \u00fcyelik, VPN hizmeti hakk\u0131nda s\u0131k sorulan sorular.\",\"breadcrumb\":{\"@id\":\"https:\/\/freevpnplanet.com\/tr\/contact-us\/#breadcrumb\"},\"inLanguage\":\"tr\",\"potentialAction\":[{\"@type\":\"ReadAction\",\"target\":[\"https:\/\/freevpnplanet.com\/tr\/contact-us\/\"]}]},{\"@type\":\"BreadcrumbList\",\"@id\":\"https:\/\/freevpnplanet.com\/tr\/contact-us\/#breadcrumb\",\"itemListElement\":[{\"@type\":\"ListItem\",\"position\":1,\"name\":\"Home\",\"item\":\"https:\/\/freevpnplanet.com\/tr\/\"},{\"@type\":\"ListItem\",\"position\":2,\"name\":\"Contact us\"}]},{\"@type\":\"WebSite\",\"@id\":\"https:\/\/freevpnplanet.com\/tr\/#website\",\"url\":\"https:\/\/freevpnplanet.com\/tr\/\",\"name\":\"Planet VPN \ud83d\udee1\ufe0f\ud83c\udf10 Free VPN\",\"description\":\"Free VPN\",\"potentialAction\":[{\"@type\":\"SearchAction\",\"target\":{\"@type\":\"EntryPoint\",\"urlTemplate\":\"https:\/\/freevpnplanet.com\/tr\/?s={search_term_string}\"},\"query-input\":\"required name=search_term_string\"}],\"inLanguage\":\"tr\",\"publisher\":{\"@id\":\"https:\/\/freevpnplanet.com\/tr\/#organization\"}},{\"@context\":\"https:\/\/schema.org\/\",\"@type\":\"SoftwareApplication\",\"name\":\"Planet VPN \ud83d\udee1\ufe0f\ud83c\udf10 Free VPN\",\"operatingSystem\":\"Windows, macOS, iOS, Android, Linux, Chrome\",\"applicationCategory\":\"SecurityApplication\",\"offers\":{\"@type\":\"AggregateOffer\",\"priceCurrency\":\"USD\",\"price\":\"0\",\"lowPrice\":\"0\",\"availability\":\"https:\/\/schema.org\/InStock\"},\"aggregateRating\":{\"@type\":\"AggregateRating\",\"ratingValue\":\"4.8\",\"bestRating\":\"5\",\"ratingCount\":\"12476\"}},{\"@type\":\"Organization\",\"@id\":\"https:\/\/freevpnplanet.com\/tr\/#organization\",\"url\":\"https:\/\/freevpnplanet.com\/tr\/\",\"name\":\"Planet VPN \ud83d\udee1\ufe0f\ud83c\udf10 Free VPN\"}]}<\/script>\n<!-- \/ Yoast SEO plugin. -->","yoast_head_json":{"title":"Contact us - Planet VPN","description":"Planet VPN ile \u0130leti\u015fim: i\u015fbirli\u011fi, \u00fcyelik, VPN hizmeti hakk\u0131nda s\u0131k sorulan sorular.","robots":{"index":"index","follow":"follow","max-snippet":"max-snippet:-1","max-image-preview":"max-image-preview:large","max-video-preview":"max-video-preview:-1"},"canonical":"https:\/\/freevpnplanet.com\/tr\/contact-us\/","og_locale":"tr_TR","og_type":"article","og_title":"Contact us - Planet VPN","og_description":"Planet VPN ile \u0130leti\u015fim: i\u015fbirli\u011fi, \u00fcyelik, VPN hizmeti hakk\u0131nda s\u0131k sorulan sorular.","og_url":"https:\/\/freevpnplanet.com\/tr\/contact-us\/","og_site_name":"Planet VPN","article_modified_time":"2025-10-27T11:19:06+00:00","twitter_card":"summary_large_image","schema":{"@context":"https:\/\/schema.org","@graph":[{"@type":"WebPage","@id":"https:\/\/freevpnplanet.com\/tr\/contact-us\/","url":"https:\/\/freevpnplanet.com\/tr\/contact-us\/","name":"Contact us - Planet VPN","isPartOf":{"@id":"https:\/\/freevpnplanet.com\/tr\/#website"},"datePublished":"2024-06-14T07:33:16+00:00","dateModified":"2025-10-27T11:19:06+00:00","description":"Planet VPN ile \u0130leti\u015fim: i\u015fbirli\u011fi, \u00fcyelik, VPN hizmeti hakk\u0131nda s\u0131k sorulan sorular.","breadcrumb":{"@id":"https:\/\/freevpnplanet.com\/tr\/contact-us\/#breadcrumb"},"inLanguage":"tr","potentialAction":[{"@type":"ReadAction","target":["https:\/\/freevpnplanet.com\/tr\/contact-us\/"]}]},{"@type":"BreadcrumbList","@id":"https:\/\/freevpnplanet.com\/tr\/contact-us\/#breadcrumb","itemListElement":[{"@type":"ListItem","position":1,"name":"Home","item":"https:\/\/freevpnplanet.com\/tr\/"},{"@type":"ListItem","position":2,"name":"Contact us"}]},{"@type":"WebSite","@id":"https:\/\/freevpnplanet.com\/tr\/#website","url":"https:\/\/freevpnplanet.com\/tr\/","name":"Planet VPN \ud83d\udee1\ufe0f\ud83c\udf10 Free VPN","description":"Free VPN","potentialAction":[{"@type":"SearchAction","target":{"@type":"EntryPoint","urlTemplate":"https:\/\/freevpnplanet.com\/tr\/?s={search_term_string}"},"query-input":"required name=search_term_string"}],"inLanguage":"tr","publisher":{"@id":"https:\/\/freevpnplanet.com\/tr\/#organization"}},{"@context":"https:\/\/schema.org\/","@type":"SoftwareApplication","name":"Planet VPN \ud83d\udee1\ufe0f\ud83c\udf10 Free VPN","operatingSystem":"Windows, macOS, iOS, Android, Linux, Chrome","applicationCategory":"SecurityApplication","offers":{"@type":"AggregateOffer","priceCurrency":"USD","price":"0","lowPrice":"0","availability":"https:\/\/schema.org\/InStock"},"aggregateRating":{"@type":"AggregateRating","ratingValue":"4.8","bestRating":"5","ratingCount":"12476"}},{"@type":"Organization","@id":"https:\/\/freevpnplanet.com\/tr\/#organization","url":"https:\/\/freevpnplanet.com\/tr\/","name":"Planet VPN \ud83d\udee1\ufe0f\ud83c\udf10 Free VPN"}]}},"acf":[],"_links":{"self":[{"href":"https:\/\/freevpnplanet.com\/tr\/wp-json\/wp\/v2\/pages\/100027","targetHints":{"allow":["GET"]}}],"collection":[{"href":"https:\/\/freevpnplanet.com\/tr\/wp-json\/wp\/v2\/pages"}],"about":[{"href":"https:\/\/freevpnplanet.com\/tr\/wp-json\/wp\/v2\/types\/page"}],"author":[{"embeddable":true,"href":"https:\/\/freevpnplanet.com\/tr\/wp-json\/wp\/v2\/users\/39"}],"replies":[{"embeddable":true,"href":"https:\/\/freevpnplanet.com\/tr\/wp-json\/wp\/v2\/comments?post=100027"}],"version-history":[{"count":9,"href":"https:\/\/freevpnplanet.com\/tr\/wp-json\/wp\/v2\/pages\/100027\/revisions"}],"predecessor-version":[{"id":186791,"href":"https:\/\/freevpnplanet.com\/tr\/wp-json\/wp\/v2\/pages\/100027\/revisions\/186791"}],"wp:attachment":[{"href":"https:\/\/freevpnplanet.com\/tr\/wp-json\/wp\/v2\/media?parent=100027"}],"wp:term":[{"taxonomy":"download_by_lite_tag","embeddable":true,"href":"https:\/\/freevpnplanet.com\/tr\/wp-json\/wp\/v2\/download_by_lite_tag?post=100027"}],"curies":[{"name":"wp","href":"https:\/\/api.w.org\/{rel}","templated":true}]}}