{"id":100044,"date":"2024-06-11T18:14:08","date_gmt":"2024-06-11T15:14:08","guid":{"rendered":"https:\/\/help.freeplanetvpn.com\/about-us\/"},"modified":"2025-02-04T19:27:03","modified_gmt":"2025-02-04T16:27:03","slug":"about-us","status":"publish","type":"page","link":"https:\/\/freevpnplanet.com\/tr\/about-us\/","title":{"rendered":"About us"},"content":{"rendered":"\n<section class=\"image-text custom-block align-full   mobile-image-bottom mobile-title-center  header-size-medium text-size-small   content-left\" style='overflow: hidden;;;--min-height-mobile:400px;--min-height-desktop:507px;--content-width:36%'>\n\n    <div class=\"gutenberg-block-background\"><\/div>\n    <div class=\"image-text__inner inner-container\">\n\n        \n                    <div class=\"image-text__content\">\n\n                <h1><span data-sheets-root=\"1\">Herkes i\u00e7in \u00d6zg\u00fcr \u0130nternet!<\/span><\/h1>\n<p class=\"header__descr\"><span data-sheets-root=\"1\">Planet VPN, kullan\u0131c\u0131lar i\u00e7in kalite, gizlilik ve eri\u015filebilirlik ilkelerine dayanan bir hizmettir. \u0130nterneti daha iyi hale getirmek, sizi tehlikelerden korumak ve internette gezinirken kendinizi \u00f6zg\u00fcr hissetmenizi sa\u011flamak i\u00e7in \u00e7al\u0131\u015f\u0131yoruz.<\/span><\/p>\n                \n            <\/div>\n        \n                    <div class=\"bg-image-wrapper bg-image-wrapper--desktop custom image-align--center\">\n                <figure style='--image-max-width:2000px;--image-opacity:1.00;width: calc(90% - 20px);left:34%;top:50%'>\n                    <img decoding=\"async\" width=\"1239\" height=\"588\" src=\"https:\/\/freevpnplanet.com\/wp-content\/uploads\/2024\/06\/rvpn-bg.844f66c1-20240611_181533_011207.png\" class=\"bg-image\" alt=\"Background Image for Desktop\" \/>                <\/figure>\n            <\/div>\n        \n                    <div class=\"bg-image-wrapper bg-image-wrapper--mobile regular-image\">\n                <figure style='width: 100%;max-width: 700px;opacity: 1.00;margin-top: 24px'>\n                    <img decoding=\"async\" width=\"1239\" height=\"588\" src=\"https:\/\/freevpnplanet.com\/wp-content\/uploads\/2024\/06\/rvpn-bg.844f66c1-20240611_181533_011207.png\" class=\"bg-image\" alt=\"Background Image for Mobile\" \/>                <\/figure>\n            <\/div>\n            <\/div>\n<\/section>\n\n\n<section class=\"wrapper custom-block align-full    \" style='--background-color:var(--dark-blue-8)'>\n\n    <div class=\"gutenberg-block-background\"><\/div>\n    <div class=\"wrapper__inner inner-container\">\n        \n\n<h3 class=\"wp-block-heading has-text-align-center\" style=\"font-size:25px\">M\u0130SYONUMUZ<\/h3>\n\n\n\n<p style=\"font-size:18px\">Her insan\u0131n kaliteli internet kullanma hakk\u0131na sahip oldu\u011funa inan\u0131yoruz. Planet VPN ile t\u00fcm verileriniz y\u00fcksek d\u00fczeyde korunur ve g\u00fcvenli sanal t\u00fcneller arac\u0131l\u0131\u011f\u0131yla aktar\u0131l\u0131r, b\u00f6ylece anonim kalman\u0131z m\u00fcmk\u00fcn olur. OpenVPN 256-bit 2048 RSA teknolojilerini kullan\u0131yoruz. G\u00fcvenilirli\u011fi, y\u00fcksek iletim h\u0131z\u0131 ve y\u00fcksek d\u00fczeyde veri korumas\u0131 ile tan\u0131nan IPSec (IKEv1 + IKEv2) \u00fczerinden ba\u011flant\u0131y\u0131 destekliyoruz. Ayn\u0131 zamanda PPTP ve L2TP protokollerimiz de mevcut. Planet VPN ile filmler, m\u00fczik, spor yay\u0131nlar\u0131 ve \u00f6zg\u00fcr ileti\u015fim hizmetinizde!<\/p>\n\n\n    <\/div>\n\n<\/section>\n\n\n<section class=\"image-text custom-block align-wide   mobile-image-top mobile-title-center  header-size-medium text-size-medium   content-right\" style='overflow: hidden;;;--min-height-mobile:400px;--min-height-desktop:500px;--content-width:62%'>\n\n    <div class=\"gutenberg-block-background\"><\/div>\n    <div class=\"image-text__inner inner-container\">\n\n        \n                    <div class=\"image-text__content\">\n\n                <h2><span data-sheets-root=\"1\">KI\u0307\u015eI\u0307SEL \u00d6ZG\u00dcRL\u00dcK<\/span><\/h2>\n<p class=\"features__descr\"><span data-sheets-root=\"1\">Sans\u00fcr uygulamalar\u0131n\u0131n artt\u0131\u011f\u0131 bu d\u00f6nemde, amac\u0131m\u0131z size internette ki\u015fisel \u00f6zg\u00fcrl\u00fck ve g\u00fcvende olma hissi sa\u011flamakt\u0131r. Ki\u015fisel verilerinizi g\u00fcvende ve gizli tutan, isteklerinizi koruyan ve faaliyetlerinizi gizleyen \u00e7\u00f6z\u00fcmler geli\u015ftirmek i\u00e7in durmadan \u00e7al\u0131\u015f\u0131yoruz. Size internetteki t\u00fcm bilgilere tam eri\u015fim ve interneti anonim ve g\u00fcvenli olarak kullanma f\u0131rsat\u0131 sunuyoruz.<\/span><\/p>\n                \n            <\/div>\n        \n                    <div class=\"bg-image-wrapper bg-image-wrapper--desktop left image-align--center\">\n                <figure style='--image-max-width:407px;--image-opacity:1.00;width: calc(35% - 20px)'>\n                    <img decoding=\"async\" width=\"407\" height=\"288\" src=\"https:\/\/freevpnplanet.com\/wp-content\/uploads\/2024\/06\/rvpn-pic-1.0efc1381-20240611_182759_024047.png\" class=\"bg-image\" alt=\"Background Image for Desktop\" \/>                <\/figure>\n            <\/div>\n        \n                    <div class=\"bg-image-wrapper bg-image-wrapper--mobile regular-image\">\n                <figure style='width: 100%;max-width: 407px;opacity: 1.00;margin-top: 24px'>\n                    <img decoding=\"async\" width=\"407\" height=\"288\" src=\"https:\/\/freevpnplanet.com\/wp-content\/uploads\/2024\/06\/rvpn-pic-1.0efc1381-20240611_182759_024047.png\" class=\"bg-image\" alt=\"Background Image for Mobile\" \/>                <\/figure>\n            <\/div>\n            <\/div>\n<\/section>\n\n\n<section class=\"image-text custom-block align-wide   mobile-image-top mobile-title-center  header-size-medium text-size-medium   content-left\" style='overflow: hidden;;;--min-height-mobile:400px;--min-height-desktop:400px;--content-width:65%'>\n\n    <div class=\"gutenberg-block-background\"><\/div>\n    <div class=\"image-text__inner inner-container\">\n\n        \n                    <div class=\"image-text__content\">\n\n                <h2><span data-sheets-root=\"1\">G\u0130ZL\u0130L\u0130K KORUMASI<\/span><\/h2>\n<p class=\"features__descr\"><span data-sheets-root=\"1\">Veri trafi\u011finizin g\u00fcvenilir bir \u015fekilde \u015fifrelenmesini ve g\u00fcvenli bir ba\u011flant\u0131 \u00fczerinden aktar\u0131lmas\u0131n\u0131 garanti ediyoruz. B\u00fct\u00fcn \u00e7evrimi\u00e7i etkinlikleriniz g\u00fcvenilir koruma alt\u0131ndad\u0131r. Gizlili\u011finizi korumak i\u00e7in 7\/24 \u00e7al\u0131\u015f\u0131yoruz. Gizlilik politikam\u0131z \u015feffaf ve a\u00e7\u0131kt\u0131r. Her kullan\u0131c\u0131y\u0131 herhangi bir de\u011fi\u015fiklik hakk\u0131nda derhal bilgilendiririz.<\/span><\/p>\n                \n            <\/div>\n        \n                    <div class=\"bg-image-wrapper bg-image-wrapper--desktop right image-align--center\">\n                <figure style='--image-max-width:304px;--image-opacity:1.00;width: calc(35% - 20px)'>\n                    <img decoding=\"async\" width=\"304\" height=\"305\" src=\"https:\/\/freevpnplanet.com\/wp-content\/uploads\/2024\/06\/rvpn-pic-2.e55aedf1-20240611_191503_396014.png\" class=\"bg-image\" alt=\"Background Image for Desktop\" \/>                <\/figure>\n            <\/div>\n        \n                    <div class=\"bg-image-wrapper bg-image-wrapper--mobile regular-image\">\n                <figure style='width: 100%;max-width: 304px;opacity: 1.00;margin-top: 24px'>\n                    <img decoding=\"async\" width=\"304\" height=\"305\" src=\"https:\/\/freevpnplanet.com\/wp-content\/uploads\/2024\/06\/rvpn-pic-2.e55aedf1-20240611_191503_396014.png\" class=\"bg-image\" alt=\"Background Image for Mobile\" \/>                <\/figure>\n            <\/div>\n            <\/div>\n<\/section>\n\n\n<section class=\"image-text custom-block align-wide   mobile-image-top mobile-title-center  header-size-medium text-size-medium   content-right\" style='overflow: hidden;;;--min-height-mobile:400px;--min-height-desktop:400px;--content-width:65%'>\n\n    <div class=\"gutenberg-block-background\"><\/div>\n    <div class=\"image-text__inner inner-container\">\n\n        \n                    <div class=\"image-text__content\">\n\n                <h2><span data-sheets-root=\"1\">D\u0130J\u0130TAL HAKLAR<\/span><\/h2>\n<p class=\"features__descr\"><span data-sheets-root=\"1\">M\u00fc\u015fterilerin a\u011f faaliyetlerine ili\u015fkin herhangi bir kay\u0131t tutmuyoruz. Sizden kendiniz hakk\u0131nda herhangi bir ek bilgi vermenizi istemiyoruz. Size hizmetimiz i\u00e7in anonim \u00f6deme se\u00e7enekleri sunuyoruz. Planet VPN hizmetini kullanman\u0131z ile ilgili t\u00fcm bilgiler gizli kal\u0131r ve ger\u00e7ek IP adresinize ba\u011fl\u0131 de\u011fildir.<\/span><\/p>\n                \n            <\/div>\n        \n                    <div class=\"bg-image-wrapper bg-image-wrapper--desktop left image-align--center\">\n                <figure style='--image-max-width:397px;--image-opacity:1.00;width: calc(35% - 20px)'>\n                    <img decoding=\"async\" width=\"397\" height=\"260\" src=\"https:\/\/freevpnplanet.com\/wp-content\/uploads\/2024\/06\/rvpn-pic-3.cbf2ef01-20240611_191648_160765.png\" class=\"bg-image\" alt=\"Background Image for Desktop\" \/>                <\/figure>\n            <\/div>\n        \n                    <div class=\"bg-image-wrapper bg-image-wrapper--mobile regular-image\">\n                <figure style='width: 100%;max-width: 397px;opacity: 1.00;margin-top: 24px'>\n                    <img decoding=\"async\" width=\"397\" height=\"260\" src=\"https:\/\/freevpnplanet.com\/wp-content\/uploads\/2024\/06\/rvpn-pic-3.cbf2ef01-20240611_191648_160765.png\" class=\"bg-image\" alt=\"Background Image for Mobile\" \/>                <\/figure>\n            <\/div>\n            <\/div>\n<\/section>\n\n\n<section class=\"wrapper custom-block align-full    \" style='--background-color:var(--dark-blue-8)'>\n\n    <div class=\"gutenberg-block-background\"><\/div>\n    <div class=\"wrapper__inner inner-container\">\n        \n\n<h3 class=\"wp-block-heading has-text-align-center\" style=\"font-size:25px\">TAR\u0130H\u00c7EM\u0130Z<\/h3>\n\n\n\n<p style=\"font-size:18px\">Planet VPN&#8217;i 2017 y\u0131l\u0131nda her internet kullan\u0131c\u0131s\u0131na dijital g\u00fcvenlik ve ki\u015fisel \u00f6zg\u00fcrl\u00fck sa\u011flamak i\u00e7in kurduk. Aktif internet kullan\u0131c\u0131lar\u0131 olarak, g\u00fcvenlik hissinin her birimiz i\u00e7in ne kadar \u00f6nemli oldu\u011funu biliyoruz. Ne yaz\u0131k ki internette can s\u0131k\u0131c\u0131 reklamlar, doland\u0131r\u0131c\u0131lar ve hatta kullan\u0131c\u0131lar\u0131n ki\u015fisel bilgilerini ele ge\u00e7irmek isteyen devlet kurumlar\u0131 da dahil olmak \u00fczere bir \u00e7ok tehdit mevcut.<\/p>\n\n\n\n<p style=\"font-size:18px\">B\u00f6ylece, benzer d\u00fc\u015f\u00fcnen insanlardan olu\u015fan dostane bir topluluk olu\u015fturma fikri ortaya \u00e7\u0131kt\u0131 ve \u015fu anda 5 k\u0131tada 60&#8217;tan fazla \u00fclkede VPN sunucular\u0131na sahibiz. \u00dcstelik binlerce kullan\u0131c\u0131 \u00e7evrimi\u00e7i g\u00fcvenliklerini bize emanet ediyor.<\/p>\n\n\n    <\/div>\n\n<\/section>\n\n\n<section class=\"image-text custom-block align-full   mobile-image-top mobile-title-center  header-size-medium text-size-medium   content-right\" style='overflow: hidden;;;--min-height-mobile:400px;--min-height-desktop:500px;--content-width:67%'>\n\n    <div class=\"gutenberg-block-background\"><\/div>\n    <div class=\"image-text__inner inner-container\">\n\n        \n                    <div class=\"image-text__content\">\n\n                <h2><span data-sheets-root=\"1\">DE\u011eERLER\u0130M\u0130Z<\/span><\/h2>\n<p class=\"features__descr\"><span data-sheets-root=\"1\">Planet VPN ki\u015fisel \u00f6zg\u00fcrl\u00fck, \u00e7evrimi\u00e7i g\u00fcvenlik ve se\u00e7me hakk\u0131n\u0131n korunmas\u0131 fikrini destekliyor. Bu hem \u00f6zel kullan\u0131m hem de ticari ama\u00e7lar i\u00e7in ge\u00e7erlidir. E\u015fitli\u011fi savunuyoruz ve herkesin internette \u00f6zg\u00fcr eri\u015fim ve g\u00fcvenli kullan\u0131m hakk\u0131na sahip olmas\u0131 gerekti\u011fine inan\u0131yoruz. \u00dcstelik fiyat ayr\u0131mc\u0131l\u0131\u011f\u0131ndan ve pazarlamac\u0131lar\u0131n hilelerinden ka\u00e7\u0131nmak i\u00e7in bir f\u0131rsat sa\u011fl\u0131yoruz.<\/span><\/p>\n                                    <div class=\"image-text__cta\">\n                        <a href=\"\/tr\/plans\/\" target=\"_self\" id=\"qa-download-button-values\" class=\"cta download-by-platform cta--with-border cta-size--small cta-mt--initial icon-position--icon-left\" style=\"--border-radius:40px\"><span class=\"cta__name\">\u00dccretsiz indirin<\/span><\/a>                    <\/div>\n                \n            <\/div>\n        \n                    <div class=\"bg-image-wrapper bg-image-wrapper--desktop left image-align--left\">\n                <figure style='--image-max-width:390px;--image-opacity:1.00;width: calc(35% - 20px)'>\n                    <img decoding=\"async\" width=\"393\" height=\"288\" src=\"https:\/\/freevpnplanet.com\/wp-content\/uploads\/2024\/06\/rvpn-pic-4.d8c3f2a1-20240611_192429_140366.png\" class=\"bg-image\" alt=\"Background Image for Desktop\" \/>                <\/figure>\n            <\/div>\n        \n                    <div class=\"bg-image-wrapper bg-image-wrapper--mobile regular-image\">\n                <figure style='width: 100%;max-width: 393px;opacity: 1.00;margin-top: 24px'>\n                    <img decoding=\"async\" width=\"393\" height=\"288\" src=\"https:\/\/freevpnplanet.com\/wp-content\/uploads\/2024\/06\/rvpn-pic-4.d8c3f2a1-20240611_192429_140366.png\" class=\"bg-image\" alt=\"Background Image for Mobile\" \/>                <\/figure>\n            <\/div>\n            <\/div>\n<\/section>","protected":false},"excerpt":{"rendered":"","protected":false},"author":39,"featured_media":0,"parent":0,"menu_order":0,"comment_status":"closed","ping_status":"closed","template":"templates\/page_template-basic_for_gutenberg.php","meta":{"_acf_changed":false,"inline_featured_image":false,"footnotes":""},"download_by_lite_tag":[],"class_list":["post-100044","page","type-page","status-publish","hentry"],"yoast_head":"<!-- This site is optimized with the Yoast SEO plugin v22.6 - https:\/\/yoast.com\/wordpress\/plugins\/seo\/ -->\n<title>Hakk\u0131m\u0131zda | Planet VPN<\/title>\n<meta name=\"description\" content=\"Planet VPN, internette g\u00fcvenli ve anonim bir gezinme deneyimi sa\u011flamay\u0131 ilke edinmi\u015ftir. Siz de Planet VPN&#039;e kat\u0131l\u0131n!\" \/>\n<meta name=\"robots\" content=\"index, follow, max-snippet:-1, max-image-preview:large, max-video-preview:-1\" \/>\n<link rel=\"canonical\" href=\"https:\/\/freevpnplanet.com\/tr\/about-us\/\" \/>\n<meta property=\"og:locale\" content=\"tr_TR\" \/>\n<meta property=\"og:type\" content=\"article\" \/>\n<meta property=\"og:title\" content=\"Hakk\u0131m\u0131zda | Planet VPN\" \/>\n<meta property=\"og:description\" content=\"Planet VPN, internette g\u00fcvenli ve anonim bir gezinme deneyimi sa\u011flamay\u0131 ilke edinmi\u015ftir. Siz de Planet VPN&#039;e kat\u0131l\u0131n!\" \/>\n<meta property=\"og:url\" content=\"https:\/\/freevpnplanet.com\/tr\/about-us\/\" \/>\n<meta property=\"og:site_name\" content=\"Planet VPN\" \/>\n<meta property=\"article:modified_time\" content=\"2025-02-04T16:27:03+00:00\" \/>\n<meta name=\"twitter:card\" content=\"summary_large_image\" \/>\n<meta name=\"twitter:label1\" content=\"Est. reading time\" \/>\n\t<meta name=\"twitter:data1\" content=\"1 minute\" \/>\n<script type=\"application\/ld+json\" class=\"yoast-schema-graph\">{\"@context\":\"https:\/\/schema.org\",\"@graph\":[{\"@type\":\"WebPage\",\"@id\":\"https:\/\/freevpnplanet.com\/tr\/about-us\/\",\"url\":\"https:\/\/freevpnplanet.com\/tr\/about-us\/\",\"name\":\"Hakk\u0131m\u0131zda | Planet VPN\",\"isPartOf\":{\"@id\":\"https:\/\/freevpnplanet.com\/tr\/#website\"},\"datePublished\":\"2024-06-11T15:14:08+00:00\",\"dateModified\":\"2025-02-04T16:27:03+00:00\",\"description\":\"Planet VPN, internette g\u00fcvenli ve anonim bir gezinme deneyimi sa\u011flamay\u0131 ilke edinmi\u015ftir. Siz de Planet VPN'e kat\u0131l\u0131n!\",\"breadcrumb\":{\"@id\":\"https:\/\/freevpnplanet.com\/tr\/about-us\/#breadcrumb\"},\"inLanguage\":\"tr\",\"potentialAction\":[{\"@type\":\"ReadAction\",\"target\":[\"https:\/\/freevpnplanet.com\/tr\/about-us\/\"]}]},{\"@type\":\"BreadcrumbList\",\"@id\":\"https:\/\/freevpnplanet.com\/tr\/about-us\/#breadcrumb\",\"itemListElement\":[{\"@type\":\"ListItem\",\"position\":1,\"name\":\"Home\",\"item\":\"https:\/\/freevpnplanet.com\/tr\/\"},{\"@type\":\"ListItem\",\"position\":2,\"name\":\"About us\"}]},{\"@type\":\"WebSite\",\"@id\":\"https:\/\/freevpnplanet.com\/tr\/#website\",\"url\":\"https:\/\/freevpnplanet.com\/tr\/\",\"name\":\"Planet VPN \ud83d\udee1\ufe0f\ud83c\udf10 Free VPN\",\"description\":\"Free VPN\",\"potentialAction\":[{\"@type\":\"SearchAction\",\"target\":{\"@type\":\"EntryPoint\",\"urlTemplate\":\"https:\/\/freevpnplanet.com\/tr\/?s={search_term_string}\"},\"query-input\":\"required name=search_term_string\"}],\"inLanguage\":\"tr\",\"publisher\":{\"@id\":\"https:\/\/freevpnplanet.com\/tr\/#organization\"}},{\"@context\":\"https:\/\/schema.org\/\",\"@type\":\"SoftwareApplication\",\"name\":\"Planet VPN \ud83d\udee1\ufe0f\ud83c\udf10 Free VPN\",\"operatingSystem\":\"Windows, macOS, iOS, Android, Linux, Chrome\",\"applicationCategory\":\"SecurityApplication\",\"offers\":{\"@type\":\"AggregateOffer\",\"priceCurrency\":\"USD\",\"price\":\"0\",\"lowPrice\":\"0\",\"availability\":\"https:\/\/schema.org\/InStock\"},\"aggregateRating\":{\"@type\":\"AggregateRating\",\"ratingValue\":\"4.8\",\"bestRating\":\"5\",\"ratingCount\":\"12476\"}},{\"@type\":\"Organization\",\"@id\":\"https:\/\/freevpnplanet.com\/tr\/#organization\",\"url\":\"https:\/\/freevpnplanet.com\/tr\/\",\"name\":\"Planet VPN \ud83d\udee1\ufe0f\ud83c\udf10 Free VPN\"}]}<\/script>\n<!-- \/ Yoast SEO plugin. -->","yoast_head_json":{"title":"Hakk\u0131m\u0131zda | Planet VPN","description":"Planet VPN, internette g\u00fcvenli ve anonim bir gezinme deneyimi sa\u011flamay\u0131 ilke edinmi\u015ftir. Siz de Planet VPN'e kat\u0131l\u0131n!","robots":{"index":"index","follow":"follow","max-snippet":"max-snippet:-1","max-image-preview":"max-image-preview:large","max-video-preview":"max-video-preview:-1"},"canonical":"https:\/\/freevpnplanet.com\/tr\/about-us\/","og_locale":"tr_TR","og_type":"article","og_title":"Hakk\u0131m\u0131zda | Planet VPN","og_description":"Planet VPN, internette g\u00fcvenli ve anonim bir gezinme deneyimi sa\u011flamay\u0131 ilke edinmi\u015ftir. Siz de Planet VPN'e kat\u0131l\u0131n!","og_url":"https:\/\/freevpnplanet.com\/tr\/about-us\/","og_site_name":"Planet VPN","article_modified_time":"2025-02-04T16:27:03+00:00","twitter_card":"summary_large_image","twitter_misc":{"Est. reading time":"1 minute"},"schema":{"@context":"https:\/\/schema.org","@graph":[{"@type":"WebPage","@id":"https:\/\/freevpnplanet.com\/tr\/about-us\/","url":"https:\/\/freevpnplanet.com\/tr\/about-us\/","name":"Hakk\u0131m\u0131zda | Planet VPN","isPartOf":{"@id":"https:\/\/freevpnplanet.com\/tr\/#website"},"datePublished":"2024-06-11T15:14:08+00:00","dateModified":"2025-02-04T16:27:03+00:00","description":"Planet VPN, internette g\u00fcvenli ve anonim bir gezinme deneyimi sa\u011flamay\u0131 ilke edinmi\u015ftir. Siz de Planet VPN'e kat\u0131l\u0131n!","breadcrumb":{"@id":"https:\/\/freevpnplanet.com\/tr\/about-us\/#breadcrumb"},"inLanguage":"tr","potentialAction":[{"@type":"ReadAction","target":["https:\/\/freevpnplanet.com\/tr\/about-us\/"]}]},{"@type":"BreadcrumbList","@id":"https:\/\/freevpnplanet.com\/tr\/about-us\/#breadcrumb","itemListElement":[{"@type":"ListItem","position":1,"name":"Home","item":"https:\/\/freevpnplanet.com\/tr\/"},{"@type":"ListItem","position":2,"name":"About us"}]},{"@type":"WebSite","@id":"https:\/\/freevpnplanet.com\/tr\/#website","url":"https:\/\/freevpnplanet.com\/tr\/","name":"Planet VPN \ud83d\udee1\ufe0f\ud83c\udf10 Free VPN","description":"Free VPN","potentialAction":[{"@type":"SearchAction","target":{"@type":"EntryPoint","urlTemplate":"https:\/\/freevpnplanet.com\/tr\/?s={search_term_string}"},"query-input":"required name=search_term_string"}],"inLanguage":"tr","publisher":{"@id":"https:\/\/freevpnplanet.com\/tr\/#organization"}},{"@context":"https:\/\/schema.org\/","@type":"SoftwareApplication","name":"Planet VPN \ud83d\udee1\ufe0f\ud83c\udf10 Free VPN","operatingSystem":"Windows, macOS, iOS, Android, Linux, Chrome","applicationCategory":"SecurityApplication","offers":{"@type":"AggregateOffer","priceCurrency":"USD","price":"0","lowPrice":"0","availability":"https:\/\/schema.org\/InStock"},"aggregateRating":{"@type":"AggregateRating","ratingValue":"4.8","bestRating":"5","ratingCount":"12476"}},{"@type":"Organization","@id":"https:\/\/freevpnplanet.com\/tr\/#organization","url":"https:\/\/freevpnplanet.com\/tr\/","name":"Planet VPN \ud83d\udee1\ufe0f\ud83c\udf10 Free VPN"}]}},"acf":[],"_links":{"self":[{"href":"https:\/\/freevpnplanet.com\/tr\/wp-json\/wp\/v2\/pages\/100044","targetHints":{"allow":["GET"]}}],"collection":[{"href":"https:\/\/freevpnplanet.com\/tr\/wp-json\/wp\/v2\/pages"}],"about":[{"href":"https:\/\/freevpnplanet.com\/tr\/wp-json\/wp\/v2\/types\/page"}],"author":[{"embeddable":true,"href":"https:\/\/freevpnplanet.com\/tr\/wp-json\/wp\/v2\/users\/39"}],"replies":[{"embeddable":true,"href":"https:\/\/freevpnplanet.com\/tr\/wp-json\/wp\/v2\/comments?post=100044"}],"version-history":[{"count":1,"href":"https:\/\/freevpnplanet.com\/tr\/wp-json\/wp\/v2\/pages\/100044\/revisions"}],"predecessor-version":[{"id":150645,"href":"https:\/\/freevpnplanet.com\/tr\/wp-json\/wp\/v2\/pages\/100044\/revisions\/150645"}],"wp:attachment":[{"href":"https:\/\/freevpnplanet.com\/tr\/wp-json\/wp\/v2\/media?parent=100044"}],"wp:term":[{"taxonomy":"download_by_lite_tag","embeddable":true,"href":"https:\/\/freevpnplanet.com\/tr\/wp-json\/wp\/v2\/download_by_lite_tag?post=100044"}],"curies":[{"name":"wp","href":"https:\/\/api.w.org\/{rel}","templated":true}]}}