{"id":101829,"date":"2024-07-04T14:07:25","date_gmt":"2024-07-04T11:07:25","guid":{"rendered":"https:\/\/help.freeplanetvpn.com\/anonymous-browsing\/"},"modified":"2025-07-18T11:19:17","modified_gmt":"2025-07-18T08:19:17","slug":"anonymous-browsing","status":"publish","type":"page","link":"https:\/\/freevpnplanet.com\/tr\/anonymous-browsing\/","title":{"rendered":"Anonymous Browsing"},"content":{"rendered":"\n<div class=\"wp-block-group alignfull has-background is-layout-constrained wp-block-group-is-layout-constrained\" style=\"background:linear-gradient(135deg,rgb(16,33,84) 0%,rgb(3,7,17) 100%)\">\n<section class=\"image-text custom-block align-full bg-circle anonymous-browsing__banner  mobile-image-bottom mobile-title-center  header-size-medium text-size-small   content-left\" style='overflow: hidden;;--background-color:var(--none); --text-color:var(--white);--min-height-mobile:400px;--min-height-desktop:676px;--content-width:50%'>\n\n    <div class=\"gutenberg-block-background\"><img decoding=\"async\" width=\"1366\" height=\"684\" src=\"https:\/\/freevpnplanet.com\/wp-content\/uploads\/2024\/07\/rvpn-rays.d1295b71-20240714_163037_604254.svg\" class=\"gutenberg-block-background__image-desktop background-image\" alt=\"bg-image-desktop\" title=\"bg-image-desktop\" \/><\/div>\n    <div class=\"image-text__inner inner-container\">\n\n        \n                    <div class=\"image-text__content\">\n\n                <h1>\u00dccretsiz VPN ile internette anonim gezinti<\/h1>\n\n\n\n<p>Planet VPN ile web sitelerine anonim olarak g\u00f6z at\u0131n. Planet VPN sayesinde internetteki etkinli\u011finiz izlenemez ve gizlili\u011finiz korunur!<\/p>\n                                    <div class=\"image-text__cta\">\n                        <a href=\"\/tr\/plans\/\" target=\"_self\" id=\"qa-hero-cta-btn\" class=\"cta download-by-platform cta--with-border cta-size--small cta-mt--initial icon-position--icon-left\" style=\"--border-radius:40px\"><span class=\"cta__name\">\u00dccretsiz indirin<\/span><\/a>                    <\/div>\n                \n            <\/div>\n        \n                    <div class=\"bg-image-wrapper bg-image-wrapper--desktop custom image-align--right\">\n                <figure style='--image-max-width:1293px;--image-opacity:1.00;width: calc(100% - 20px);left:5%;top:53%'>\n                    <img decoding=\"async\" width=\"1293\" height=\"636\" src=\"https:\/\/freevpnplanet.com\/wp-content\/uploads\/2024\/07\/rvpn-illustration.7b55dbd1-20240704_160606_363858.svg\" class=\"bg-image\" alt=\"Background Image for Desktop\" \/>                <\/figure>\n            <\/div>\n        \n                    <div class=\"bg-image-wrapper bg-image-wrapper--mobile regular-image\">\n                <figure style='width: 150%;max-width: 570px;opacity: 1.00;margin-top: 24px'>\n                    <img decoding=\"async\" width=\"1293\" height=\"636\" src=\"https:\/\/freevpnplanet.com\/wp-content\/uploads\/2024\/07\/rvpn-illustration.7b55dbd1-20240704_160606_363858.svg\" class=\"bg-image\" alt=\"Background Image for Mobile\" \/>                <\/figure>\n            <\/div>\n            <\/div>\n<\/section><\/div>\n\n\n\n<section class=\"image-text-static-image custom-block align-none  mobile-image-bottom   header-size-small text-size-small  \" style=''>\n\n    <div class=\"gutenberg-block-background\"><\/div>\n    <div class=\"image-text-static-image__inner inner-container\">\n                    <div class=\"image-text-static-image__content content-right\" style='--content-width: 50%'>\n                                    <div class=\"image-text-static-image__title\">\n                        <h2 >\u0130nternette Gezerken Neden Anonimli\u011fe \u0130htiyac\u0131m\u0131z Var?<\/h2>                    <\/div>\n                \n                <p>Di\u011ferlim ki \u00e7evrimi\u00e7i bir ma\u011fazadan bir \u015fey sat\u0131n almaya karar verdiniz ve kredi\/banka kart\u0131 bilgilerinizi girdiniz. Hem sa\u011flay\u0131c\u0131n\u0131z hem de siber sald\u0131rganlar verilerinizi kolayca ele ge\u00e7irerek kendi ama\u00e7lar\u0131 i\u00e7in kullanabilirler. Ayn\u0131 durum ki\u015fisel bilgilerinizi i\u00e7eren formlar\u0131 doldururken de ge\u00e7erlidir.<\/p>\n<p>Arkada\u015fl\u0131k siteleri veya sosyal a\u011flardaki basit \u00e7evrimi\u00e7i mesajlar bile, siz ve web hizmeti aras\u0131ndaki ba\u011flant\u0131 g\u00fcvenli bir \u015fekilde \u015fifrelenmemi\u015fse herkese a\u00e7\u0131k hale gelebilir.<\/p>\n                                    <div class=\"image-text-static-image__cta\">\n                                                    <a href=\"\/tr\/plans\/\" target=\"_self\" id=\"qa-cta-btn-why\" class=\"cta download-by-platform cta--with-border cta-size--small cta-mt--initial icon-position--icon-left\" style=\"--border-radius:40px\"><span class=\"cta__name\">\u00dccretsiz indirin<\/span><\/a>                                            <\/div>\n                \n                \n\n            <\/div>\n        \n                    <div class=\"bg-image-wrapper bg-image-wrapper--desktop  left image-align--center\" style='--image-max-width: 50%'>\n                <figure>\n                    <img width=\"436\" height=\"449\" src=\"https:\/\/freevpnplanet.com\/wp-content\/uploads\/2024\/07\/rvpn-anon.610c0fb1-20240704_161721_585357.svg\" class=\"attachment-full size-full\" alt=\"\" loading=\"lazy\" decoding=\"sync\" fetchpriority=\"low\" style=\"max-width:436px\" sizes=\"auto, (max-width: 436px) 100vw, 436px\" aria-hidden=\"true\" \/>                    <!-- <img decoding=\"async\" width=\"436\" height=\"449\" src=\"https:\/\/freevpnplanet.com\/wp-content\/uploads\/2024\/07\/rvpn-anon.610c0fb1-20240704_161721_585357.svg\" class=\"attachment-full size-full\" alt=\"\" style=\"max-width:436px\" \/> -->\n                <\/figure>\n            <\/div>\n        \n            <\/div>\n<\/section>\n\n\n<div class=\"wp-block-group alignfull has-background is-layout-constrained wp-block-group-is-layout-constrained\" style=\"background-color:#2f77d4\">\n<section class=\"image-text custom-block align-full   mobile-image-bottom mobile-title-center  header-size-medium text-size-small   content-left\" style='overflow: hidden;;--background-color:var(--none); --text-color:var(--white);--min-height-mobile:400px;--min-height-desktop:650px;--content-width:52%'>\n\n    <div class=\"gutenberg-block-background\"><\/div>\n    <div class=\"image-text__inner inner-container\">\n\n        \n                    <div class=\"image-text__content\">\n\n                <h2><span data-sheets-root=\"1\">PLANET VPN &#8211; EN \u0130Y\u0130 ANON\u0130M VPN H\u0130ZMET\u0130<\/span><\/h2>\n\n\n<p><span data-sheets-root=\"1\">H\u0131zl\u0131 sunucular ve g\u00fc\u00e7l\u00fc veri \u015fifrelemesi ile geli\u015fmi\u015f bir VPN servisi olu\u015fturduk. D\u00fcnyan\u0131n farkl\u0131 \u00fclkelerinde bir\u00e7ok sunucumuz bulunuyor. H\u0131zl\u0131 ve geni\u015f kanallar sa\u011fl\u0131yor, hi\u00e7bir bilgi kayd\u0131 tutmuyoruz. \u00dcstelik \u00f6demeler bile anonim &#8211; Planet VPN&#8217;i di\u011fer rakiplerinden ay\u0131ran budur.<\/span><br \/>\u0130nternet trafi\u011finizi hi\u00e7bir \u015fekilde kaydetmeyiz. Bu sayede sizi IP adresinizden ya da zaman damgas\u0131 ile tan\u0131mlamak imkans\u0131z hale gelir.<\/p>\n<p>Planet VPN bilgilerinizi kimseyle payla\u015fmaz. Dahas\u0131, hi\u00e7bir veri ya da sistem g\u00fcnl\u00fc\u011f\u00fc tutmad\u0131\u011f\u0131m\u0131z i\u00e7in hi\u00e7 kimse verilerinize ula\u015famaz.<\/p>\n                                    <div class=\"image-text__cta\">\n                        <a href=\"\/tr\/download\/\" target=\"\" id=\"qa-cta-does-vpn-btn\" class=\"cta cta-size--small cta-mt--initial icon-position--icon-left\" style=\"--border-radius:25px;--border-width:3px;--button-width:320px\"><span class=\"cta__name\">\u00dccretsiz indirin<\/span><\/a>                    <\/div>\n                \n            <\/div>\n        \n                    <div class=\"bg-image-wrapper bg-image-wrapper--desktop custom image-align--left\">\n                <figure style='--image-max-width:1500px;--image-opacity:1.00;width: calc(70% - 20px);left:42%;top:50%'>\n                    <img decoding=\"async\" width=\"1140\" height=\"1140\" src=\"https:\/\/freevpnplanet.com\/wp-content\/uploads\/2024\/05\/rvpn-rvpn-map-20240410-114426-568830-20240507_185226_366905.png\" class=\"bg-image\" alt=\"Background Image for Desktop\" \/>                <\/figure>\n            <\/div>\n        \n                    <div class=\"bg-image-wrapper bg-image-wrapper--mobile background-image\">\n                <figure style='width: 140%;max-width: 1000px;opacity: 0.20;margin-top: 24px'>\n                    <img decoding=\"async\" width=\"1140\" height=\"1140\" src=\"https:\/\/freevpnplanet.com\/wp-content\/uploads\/2024\/05\/rvpn-rvpn-map-20240410-114426-568830-20240507_185226_366905.png\" class=\"bg-image\" alt=\"Background Image for Mobile\" \/>                <\/figure>\n            <\/div>\n            <\/div>\n<\/section><\/div>\n\n\n\n<div class=\"wp-block-group alignfull has-background-blue-background-color has-background is-content-justification-center is-nowrap is-layout-flex wp-container-core-group-is-layout-3 wp-block-group-is-layout-flex\">\n<div class=\"wp-block-columns wp-container-content-1 is-layout-flex wp-container-core-columns-is-layout-1 wp-block-columns-is-layout-flex row-gap--20 stack-breakpoint--768\">\n<div class=\"wp-block-column is-layout-flow wp-block-column-is-layout-flow\">\n<section class=\"advanced-steps custom-block align-none  align-desktop-left align-mobile-left font-normal three-columns title-small image-shadow\" style='--background-color:var(--dark-blue-8)'>\n\n    <div class=\"gutenberg-block-background\"><\/div>\n    <div class=\"advanced-steps__container inner-container\">\n                    <div class=\"advanced-steps__intro\">\n                <h2 style=\"text-align: center;\">ANON\u0130M OLARAK GEZ\u0130NT\u0130YE NASIL BA\u015eLARIM?<\/h2>            <\/div>\n        \n        <ul class=\"advanced-steps__list advanced-steps__list--download-steps\" style='--columns-gap:50px'>\n                            <li style='--max-width:px'>\n                                            <h2 class=\"step-title\">1. \u0130ndir<\/h2>\n                    \n                                            <div class=\"image-wrapper\">\n                            <img decoding=\"async\" width=\"219\" height=\"170\" src=\"https:\/\/freevpnplanet.com\/wp-content\/uploads\/2024\/05\/rvpn-download.df91dd21-20240524_114147_333777.svg\" class=\"attachment-full size-full\" alt=\"Step 1\" \/>                        <\/div>\n\n                                                    <p><a href=\"https:\/\/freevpnplanet.com\/tr\/download\/\" id=\"qa-advanced-step-content-link\">VPN uygulamas\u0131n\u0131 <\/a>cihaz\u0131n\u0131za indirin ve kurun<\/p>                                                            <\/li>\n                                <li style='--max-width:px'>\n                                            <h2 class=\"step-title\">2. Ba\u011flan<\/h2>\n                    \n                                            <div class=\"image-wrapper\">\n                            <img decoding=\"async\" width=\"220\" height=\"171\" src=\"https:\/\/freevpnplanet.com\/wp-content\/uploads\/2024\/05\/rvpn-login.60a645a1-20240524_114327_062578.svg\" class=\"attachment-full size-full\" alt=\"Step 1\" \/>                        <\/div>\n\n                                                    <p><span data-sheets-root=\"1\">Sunucular\u0131m\u0131zdan birine ba\u011flan\u0131n.<\/span><\/p>                                                            <\/li>\n                                <li style='--max-width:px'>\n                                            <h2 class=\"step-title\">3. Ziyaret Et<\/h2>\n                    \n                                            <div class=\"image-wrapper\">\n                            <img decoding=\"async\" width=\"219\" height=\"170\" src=\"https:\/\/freevpnplanet.com\/wp-content\/uploads\/2024\/05\/rvpn-connect.12ef9ce1-20240524_114733_838401.svg\" class=\"attachment-full size-full\" alt=\"Step 3\" \/>                        <\/div>\n\n                                                    <p><span data-sheets-root=\"1\">T\u00fcm websitelerini k\u0131s\u0131tlama olmadan ziyaret edin.<\/span><\/p>                                                            <\/li>\n                        <\/ul>\n\n                    <div class=\"advanced-steps__cta\">\n                <a href=\"\/tr\/plans\/\" target=\"_self\" id=\"qa-steps-btn-cta\" class=\"cta download-by-platform cta--with-border cta-size--small cta-mt--initial icon-position--icon-left\" style=\"--border-radius:40px\"><span class=\"cta__name\">\u00dccretsiz indirin<\/span><\/a>            <\/div>\n        \n        \n        \n\n    <\/div>\n<\/section>\n<\/div>\n<\/div>\n<\/div>\n\n\n\n<section class=\"wrapper custom-block align-none    \" style=''>\n\n    <div class=\"gutenberg-block-background\"><\/div>\n    <div class=\"wrapper__inner inner-container\">\n        \n\n<section class=\"image-text-static-image custom-block align-none  mobile-image-bottom   header-size-small text-size-small  pb-0--desktop\" style=''>\n\n    <div class=\"gutenberg-block-background\"><\/div>\n    <div class=\"image-text-static-image__inner inner-container\">\n                    <div class=\"image-text-static-image__content content-right\" style='--content-width: 50%'>\n                                    <div class=\"image-text-static-image__title\">\n                        <h2 >K\u0130\u015e\u0130SEL VER\u0130LER\u0130N\u0130Z\u0130 DAVETS\u0130Z M\u0130SAF\u0130RLERDEN KORUYUN<\/h2>                    <\/div>\n                \n                <p>VPN kullanm\u0131yorsan\u0131z verilerinizi izlemek ve ele ge\u00e7irmek \u00e7ok kolayd\u0131r. \u0130nternet sa\u011flay\u0131c\u0131lar etkinli\u011finizi izler, kaydeder ve bu bilgileri ba\u015fka kurulu\u015flarla payla\u015f\u0131r.<\/p>\n<p>Bu kurulu\u015flar verilerinizi belirli i\u00e7eriklere eri\u015fiminizi k\u0131s\u0131tlamak veya analizlere ba\u011fl\u0131 olarak size \u015fi\u015firilmi\u015f fiyatlar g\u00f6stermek i\u00e7in kullanabilirler. \u00dcstelik, \u00f6zellikle halka a\u00e7\u0131k Wi-Fi a\u011flar\u0131na ba\u011fland\u0131\u011f\u0131n\u0131zda ortaya \u00e7\u0131kan siber su\u00e7lara ve g\u00f6zetime kar\u015f\u0131 savunmas\u0131zl\u0131ktan s\u00f6z etmeye bile gerek yoktur.<\/p>\n<p>\u0130nternette anonim olarak gezinmek i\u00e7in Planet VPN kullan\u0131n ve kimsenin ki\u015fisel i\u015finize kar\u0131\u015fmas\u0131na izin vermeyin.<\/p>\n                \n                \n\n            <\/div>\n        \n                    <div class=\"bg-image-wrapper bg-image-wrapper--desktop  left image-align--center\" style='--image-max-width: 50%'>\n                <figure>\n                    <img width=\"491\" height=\"436\" src=\"https:\/\/freevpnplanet.com\/wp-content\/uploads\/2024\/07\/rvpn-prot.d6581c71-20240704_192646_132779.svg\" class=\"attachment-full size-full\" alt=\"\" loading=\"lazy\" decoding=\"sync\" fetchpriority=\"low\" style=\"max-width:491px\" sizes=\"auto, (max-width: 491px) 100vw, 491px\" aria-hidden=\"true\" \/>                    <!-- <img decoding=\"async\" width=\"491\" height=\"436\" src=\"https:\/\/freevpnplanet.com\/wp-content\/uploads\/2024\/07\/rvpn-prot.d6581c71-20240704_192646_132779.svg\" class=\"attachment-full size-full\" alt=\"\" style=\"max-width:491px\" \/> -->\n                <\/figure>\n            <\/div>\n        \n            <\/div>\n<\/section>\n\n\n<section class=\"image-text-static-image custom-block align-none  mobile-image-bottom   header-size-small text-size-small  \" style=''>\n\n    <div class=\"gutenberg-block-background\"><\/div>\n    <div class=\"image-text-static-image__inner inner-container\">\n                    <div class=\"image-text-static-image__content content-left\" style='--content-width: 52%'>\n                                    <div class=\"image-text-static-image__title\">\n                        <h2 >Konumunuzu gizleyin ve web sitelerine anonim olarak g\u00f6z at\u0131n.<\/h2>                    <\/div>\n                \n                <p>Hem b\u00fcy\u00fck hem de k\u00fc\u00e7\u00fck \u015firketler, a\u011f kaynaklar\u0131n\u0131n ve internet ba\u011flant\u0131lar\u0131n\u0131n amac\u0131na uygun \u015fekilde kullan\u0131lmas\u0131n\u0131 sa\u011flamak i\u00e7in b\u00fcy\u00fck paralar harcamaktad\u0131rlar.<\/p>\n<p>\u015eirketler en iyi BT uzmanlar\u0131n\u0131 i\u015fe al\u0131rlar, ancak teknik a\u00e7\u0131dan en bilgisiz kullan\u0131c\u0131lar bile Planet VPN ile g\u00fcvenlik duvarlar\u0131n\u0131 a\u015fabilir, konumlar\u0131n\u0131 gizleyebilir, internete ve engelli web sitelerine anonim olarak eri\u015fim sa\u011flayabilirler.<\/p>\n                \n                \n\n            <\/div>\n        \n                    <div class=\"bg-image-wrapper bg-image-wrapper--desktop  right image-align--center\" style='--image-max-width: 48%'>\n                <figure>\n                    <img width=\"436\" height=\"449\" src=\"https:\/\/freevpnplanet.com\/wp-content\/uploads\/2024\/07\/rvpn-anon.610c0fb1-20240704_161721_585357.svg\" class=\"attachment-full size-full\" alt=\"\" loading=\"lazy\" decoding=\"sync\" fetchpriority=\"low\" style=\"max-width:436px\" sizes=\"auto, (max-width: 436px) 100vw, 436px\" aria-hidden=\"true\" \/>                    <!-- <img decoding=\"async\" width=\"436\" height=\"449\" src=\"https:\/\/freevpnplanet.com\/wp-content\/uploads\/2024\/07\/rvpn-anon.610c0fb1-20240704_161721_585357.svg\" class=\"attachment-full size-full\" alt=\"\" style=\"max-width:436px\" \/> -->\n                <\/figure>\n            <\/div>\n        \n            <\/div>\n<\/section>\n\n\n<div class=\"buttons custom-block align-center \">\n                        <a href=\"\/tr\/plans\/\" target=\"_self\" id=\"qa-btn-why-bottom-cta\" class=\"cta download-by-platform cta--with-border cta-size--small cta-mt--initial icon-position--icon-left\" style=\"--border-radius:40px\"><span class=\"cta__name\">\u00dccretsiz indirin<\/span><\/a>            <\/div>\n\n    <\/div>\n\n<\/section>","protected":false},"excerpt":{"rendered":"","protected":false},"author":39,"featured_media":0,"parent":0,"menu_order":0,"comment_status":"closed","ping_status":"closed","template":"templates\/page_template-basic_for_gutenberg.php","meta":{"_acf_changed":false,"inline_featured_image":false,"footnotes":""},"download_by_lite_tag":[],"class_list":["post-101829","page","type-page","status-publish","hentry"],"yoast_head":"<!-- This site is optimized with the Yoast SEO plugin v22.6 - https:\/\/yoast.com\/wordpress\/plugins\/seo\/ -->\n<title>\u0130nternette anonim gezinti i\u00e7in \u00dccretsiz VPN | Planet VPN<\/title>\n<meta name=\"description\" content=\"VPN ile internet trafi\u011finizi g\u00fcvenli bir \u015fekilde \u015fifreleyin ve ger\u00e7ek IP adresinizi gizleyin. \u00c7evrimi\u00e7i etkinli\u011finizi Planet VPN ile gizleyin.\" \/>\n<meta name=\"robots\" content=\"index, follow, max-snippet:-1, max-image-preview:large, max-video-preview:-1\" \/>\n<link rel=\"canonical\" href=\"https:\/\/freevpnplanet.com\/tr\/anonymous-browsing\/\" \/>\n<meta property=\"og:locale\" content=\"tr_TR\" \/>\n<meta property=\"og:type\" content=\"article\" \/>\n<meta property=\"og:title\" content=\"\u0130nternette anonim gezinti i\u00e7in \u00dccretsiz VPN | Planet VPN\" \/>\n<meta property=\"og:description\" content=\"VPN ile internet trafi\u011finizi g\u00fcvenli bir \u015fekilde \u015fifreleyin ve ger\u00e7ek IP adresinizi gizleyin. \u00c7evrimi\u00e7i etkinli\u011finizi Planet VPN ile gizleyin.\" \/>\n<meta property=\"og:url\" content=\"https:\/\/freevpnplanet.com\/tr\/anonymous-browsing\/\" \/>\n<meta property=\"og:site_name\" content=\"Planet VPN\" \/>\n<meta property=\"article:modified_time\" content=\"2025-07-18T08:19:17+00:00\" \/>\n<meta name=\"twitter:card\" content=\"summary_large_image\" \/>\n<script type=\"application\/ld+json\" class=\"yoast-schema-graph\">{\"@context\":\"https:\/\/schema.org\",\"@graph\":[{\"@type\":\"WebPage\",\"@id\":\"https:\/\/freevpnplanet.com\/tr\/anonymous-browsing\/\",\"url\":\"https:\/\/freevpnplanet.com\/tr\/anonymous-browsing\/\",\"name\":\"\u0130nternette anonim gezinti i\u00e7in \u00dccretsiz VPN | Planet VPN\",\"isPartOf\":{\"@id\":\"https:\/\/freevpnplanet.com\/tr\/#website\"},\"datePublished\":\"2024-07-04T11:07:25+00:00\",\"dateModified\":\"2025-07-18T08:19:17+00:00\",\"description\":\"VPN ile internet trafi\u011finizi g\u00fcvenli bir \u015fekilde \u015fifreleyin ve ger\u00e7ek IP adresinizi gizleyin. \u00c7evrimi\u00e7i etkinli\u011finizi Planet VPN ile gizleyin.\",\"breadcrumb\":{\"@id\":\"https:\/\/freevpnplanet.com\/tr\/anonymous-browsing\/#breadcrumb\"},\"inLanguage\":\"tr\",\"potentialAction\":[{\"@type\":\"ReadAction\",\"target\":[\"https:\/\/freevpnplanet.com\/tr\/anonymous-browsing\/\"]}]},{\"@type\":\"BreadcrumbList\",\"@id\":\"https:\/\/freevpnplanet.com\/tr\/anonymous-browsing\/#breadcrumb\",\"itemListElement\":[{\"@type\":\"ListItem\",\"position\":1,\"name\":\"Home\",\"item\":\"https:\/\/freevpnplanet.com\/tr\/\"},{\"@type\":\"ListItem\",\"position\":2,\"name\":\"Anonymous Browsing\"}]},{\"@type\":\"WebSite\",\"@id\":\"https:\/\/freevpnplanet.com\/tr\/#website\",\"url\":\"https:\/\/freevpnplanet.com\/tr\/\",\"name\":\"Planet VPN \ud83d\udee1\ufe0f\ud83c\udf10 Free VPN\",\"description\":\"Free VPN\",\"potentialAction\":[{\"@type\":\"SearchAction\",\"target\":{\"@type\":\"EntryPoint\",\"urlTemplate\":\"https:\/\/freevpnplanet.com\/tr\/?s={search_term_string}\"},\"query-input\":\"required name=search_term_string\"}],\"inLanguage\":\"tr\",\"publisher\":{\"@id\":\"https:\/\/freevpnplanet.com\/tr\/#organization\"}},{\"@context\":\"https:\/\/schema.org\/\",\"@type\":\"SoftwareApplication\",\"name\":\"Planet VPN \ud83d\udee1\ufe0f\ud83c\udf10 Free VPN\",\"operatingSystem\":\"Windows, macOS, iOS, Android, Linux, Chrome\",\"applicationCategory\":\"SecurityApplication\",\"offers\":{\"@type\":\"AggregateOffer\",\"priceCurrency\":\"USD\",\"price\":\"0\",\"lowPrice\":\"0\",\"availability\":\"https:\/\/schema.org\/InStock\"},\"aggregateRating\":{\"@type\":\"AggregateRating\",\"ratingValue\":\"4.8\",\"bestRating\":\"5\",\"ratingCount\":\"12476\"}},{\"@type\":\"Organization\",\"@id\":\"https:\/\/freevpnplanet.com\/tr\/#organization\",\"url\":\"https:\/\/freevpnplanet.com\/tr\/\",\"name\":\"Planet VPN \ud83d\udee1\ufe0f\ud83c\udf10 Free VPN\"}]}<\/script>\n<!-- \/ Yoast SEO plugin. -->","yoast_head_json":{"title":"\u0130nternette anonim gezinti i\u00e7in \u00dccretsiz VPN | Planet VPN","description":"VPN ile internet trafi\u011finizi g\u00fcvenli bir \u015fekilde \u015fifreleyin ve ger\u00e7ek IP adresinizi gizleyin. \u00c7evrimi\u00e7i etkinli\u011finizi Planet VPN ile gizleyin.","robots":{"index":"index","follow":"follow","max-snippet":"max-snippet:-1","max-image-preview":"max-image-preview:large","max-video-preview":"max-video-preview:-1"},"canonical":"https:\/\/freevpnplanet.com\/tr\/anonymous-browsing\/","og_locale":"tr_TR","og_type":"article","og_title":"\u0130nternette anonim gezinti i\u00e7in \u00dccretsiz VPN | Planet VPN","og_description":"VPN ile internet trafi\u011finizi g\u00fcvenli bir \u015fekilde \u015fifreleyin ve ger\u00e7ek IP adresinizi gizleyin. \u00c7evrimi\u00e7i etkinli\u011finizi Planet VPN ile gizleyin.","og_url":"https:\/\/freevpnplanet.com\/tr\/anonymous-browsing\/","og_site_name":"Planet VPN","article_modified_time":"2025-07-18T08:19:17+00:00","twitter_card":"summary_large_image","schema":{"@context":"https:\/\/schema.org","@graph":[{"@type":"WebPage","@id":"https:\/\/freevpnplanet.com\/tr\/anonymous-browsing\/","url":"https:\/\/freevpnplanet.com\/tr\/anonymous-browsing\/","name":"\u0130nternette anonim gezinti i\u00e7in \u00dccretsiz VPN | Planet VPN","isPartOf":{"@id":"https:\/\/freevpnplanet.com\/tr\/#website"},"datePublished":"2024-07-04T11:07:25+00:00","dateModified":"2025-07-18T08:19:17+00:00","description":"VPN ile internet trafi\u011finizi g\u00fcvenli bir \u015fekilde \u015fifreleyin ve ger\u00e7ek IP adresinizi gizleyin. \u00c7evrimi\u00e7i etkinli\u011finizi Planet VPN ile gizleyin.","breadcrumb":{"@id":"https:\/\/freevpnplanet.com\/tr\/anonymous-browsing\/#breadcrumb"},"inLanguage":"tr","potentialAction":[{"@type":"ReadAction","target":["https:\/\/freevpnplanet.com\/tr\/anonymous-browsing\/"]}]},{"@type":"BreadcrumbList","@id":"https:\/\/freevpnplanet.com\/tr\/anonymous-browsing\/#breadcrumb","itemListElement":[{"@type":"ListItem","position":1,"name":"Home","item":"https:\/\/freevpnplanet.com\/tr\/"},{"@type":"ListItem","position":2,"name":"Anonymous Browsing"}]},{"@type":"WebSite","@id":"https:\/\/freevpnplanet.com\/tr\/#website","url":"https:\/\/freevpnplanet.com\/tr\/","name":"Planet VPN \ud83d\udee1\ufe0f\ud83c\udf10 Free VPN","description":"Free VPN","potentialAction":[{"@type":"SearchAction","target":{"@type":"EntryPoint","urlTemplate":"https:\/\/freevpnplanet.com\/tr\/?s={search_term_string}"},"query-input":"required name=search_term_string"}],"inLanguage":"tr","publisher":{"@id":"https:\/\/freevpnplanet.com\/tr\/#organization"}},{"@context":"https:\/\/schema.org\/","@type":"SoftwareApplication","name":"Planet VPN \ud83d\udee1\ufe0f\ud83c\udf10 Free VPN","operatingSystem":"Windows, macOS, iOS, Android, Linux, Chrome","applicationCategory":"SecurityApplication","offers":{"@type":"AggregateOffer","priceCurrency":"USD","price":"0","lowPrice":"0","availability":"https:\/\/schema.org\/InStock"},"aggregateRating":{"@type":"AggregateRating","ratingValue":"4.8","bestRating":"5","ratingCount":"12476"}},{"@type":"Organization","@id":"https:\/\/freevpnplanet.com\/tr\/#organization","url":"https:\/\/freevpnplanet.com\/tr\/","name":"Planet VPN \ud83d\udee1\ufe0f\ud83c\udf10 Free VPN"}]}},"acf":[],"_links":{"self":[{"href":"https:\/\/freevpnplanet.com\/tr\/wp-json\/wp\/v2\/pages\/101829","targetHints":{"allow":["GET"]}}],"collection":[{"href":"https:\/\/freevpnplanet.com\/tr\/wp-json\/wp\/v2\/pages"}],"about":[{"href":"https:\/\/freevpnplanet.com\/tr\/wp-json\/wp\/v2\/types\/page"}],"author":[{"embeddable":true,"href":"https:\/\/freevpnplanet.com\/tr\/wp-json\/wp\/v2\/users\/39"}],"replies":[{"embeddable":true,"href":"https:\/\/freevpnplanet.com\/tr\/wp-json\/wp\/v2\/comments?post=101829"}],"version-history":[{"count":7,"href":"https:\/\/freevpnplanet.com\/tr\/wp-json\/wp\/v2\/pages\/101829\/revisions"}],"predecessor-version":[{"id":171414,"href":"https:\/\/freevpnplanet.com\/tr\/wp-json\/wp\/v2\/pages\/101829\/revisions\/171414"}],"wp:attachment":[{"href":"https:\/\/freevpnplanet.com\/tr\/wp-json\/wp\/v2\/media?parent=101829"}],"wp:term":[{"taxonomy":"download_by_lite_tag","embeddable":true,"href":"https:\/\/freevpnplanet.com\/tr\/wp-json\/wp\/v2\/download_by_lite_tag?post=101829"}],"curies":[{"name":"wp","href":"https:\/\/api.w.org\/{rel}","templated":true}]}}