{"id":102002,"date":"2024-06-28T17:47:49","date_gmt":"2024-06-28T14:47:49","guid":{"rendered":"https:\/\/help.freeplanetvpn.com\/data-protection-security\/"},"modified":"2026-02-12T18:00:23","modified_gmt":"2026-02-12T15:00:23","slug":"data-protection-security","status":"publish","type":"page","link":"https:\/\/freevpnplanet.com\/tr\/data-protection-security\/","title":{"rendered":"Data Protection Security"},"content":{"rendered":"\n<section class=\"image-text-static-image custom-block align-none data-protection-security__banner mobile-image-bottom   header-size-small text-size-small  \" style='--background-color:var(--dark-blue-0); --text-color:var(--white)'>\n\n    <div class=\"gutenberg-block-background\"><\/div>\n    <div class=\"image-text-static-image__inner inner-container\">\n                    <div class=\"image-text-static-image__content content-left\" style='--content-width: 39%'>\n                                    <div class=\"image-text-static-image__title\">\n                        <h1 >\u0130nternet Korumas\u0131 i\u00e7in \u00dccretsiz VPN<\/h1>                    <\/div>\n                \n                <p>Sizi izlenmekten endi\u015felendiriyor mu? Sorun de\u011fil! Planet VPN ile kimse verilerinizi takip edemez veya engelleyemez!<\/p>\n                                    <div class=\"image-text-static-image__cta\">\n                                                    <a href=\"\/tr\/plans\/\" target=\"_self\" id=\"qa-hero-cta-btn\" class=\"cta download-by-platform cta--with-border cta-size--small cta-mt--initial icon-position--icon-left\" style=\"--border-radius:40px\"><span class=\"cta__name\">\u00dccretsiz \u0130ndir<\/span><\/a>                                            <\/div>\n                \n                \n\n            <\/div>\n        \n                    <div class=\"bg-image-wrapper bg-image-wrapper--desktop  right image-align--center\" style='--image-max-width: 61%'>\n                <figure>\n                    <img width=\"783\" height=\"734\" src=\"https:\/\/freevpnplanet.com\/wp-content\/uploads\/2024\/06\/rvpn-illustration.626d9081-20240628_175014_032621.svg\" class=\"attachment-full size-full\" alt=\"\" loading=\"lazy\" decoding=\"sync\" fetchpriority=\"low\" style=\"max-width:784px\" sizes=\"auto, (max-width: 784px) 100vw, 784px\" aria-hidden=\"true\" \/>                    <!-- <img decoding=\"async\" width=\"783\" height=\"734\" src=\"https:\/\/freevpnplanet.com\/wp-content\/uploads\/2024\/06\/rvpn-illustration.626d9081-20240628_175014_032621.svg\" class=\"attachment-full size-full\" alt=\"\" style=\"max-width:784px\" \/> -->\n                <\/figure>\n            <\/div>\n        \n            <\/div>\n<\/section>\n\n\n<section class=\"image-text-static-image custom-block align-none  mobile-image-bottom   header-size-small text-size-small  pb-0--desktop\" style=''>\n\n    <div class=\"gutenberg-block-background\"><\/div>\n    <div class=\"image-text-static-image__inner inner-container\">\n                    <div class=\"image-text-static-image__content content-right\" style='--content-width: 49%'>\n                                    <div class=\"image-text-static-image__title\">\n                        <h2 >\u0130NTERNETTE S\u0130Z\u0130 K\u0130M \u0130ZL\u0130YOR?<\/h2>                    <\/div>\n                \n                <p>Herhangi bir internet servis sa\u011flay\u0131c\u0131s\u0131 (ISP), internette yapt\u0131\u011f\u0131n\u0131z her \u015feyi, ziyaret etti\u011finiz web sitelerini ve g\u00f6nderdi\u011finiz mesajlar\u0131 kaydeder ve bu bilgileri \u00f6zel depolama alanlar\u0131na g\u00f6nderir. E\u011fer genel bir Wi-Fi a\u011f\u0131na ba\u011fl\u0131ysan\u0131z, g\u00f6nderdi\u011finiz ve ald\u0131\u011f\u0131n\u0131z t\u00fcm veriler a\u011f sahiplerinin eri\u015fimine a\u00e7\u0131kt\u0131r.<\/p>\n<p>Ofislerde, i\u015fverenler her zaman internet etkinli\u011finizi izler.<\/p>\n                \n                \n\n            <\/div>\n        \n                    <div class=\"bg-image-wrapper bg-image-wrapper--desktop  left image-align--center\" style='--image-max-width: 51%'>\n                <figure>\n                    <img width=\"472\" height=\"436\" src=\"https:\/\/freevpnplanet.com\/wp-content\/uploads\/2024\/06\/rvpn-surv.6d002b11-20240628_175357_751526.svg\" class=\"attachment-full size-full\" alt=\"\" loading=\"lazy\" decoding=\"sync\" fetchpriority=\"low\" style=\"max-width:472px\" sizes=\"auto, (max-width: 472px) 100vw, 472px\" aria-hidden=\"true\" \/>                    <!-- <img decoding=\"async\" width=\"472\" height=\"436\" src=\"https:\/\/freevpnplanet.com\/wp-content\/uploads\/2024\/06\/rvpn-surv.6d002b11-20240628_175357_751526.svg\" class=\"attachment-full size-full\" alt=\"\" style=\"max-width:472px\" \/> -->\n                <\/figure>\n            <\/div>\n        \n            <\/div>\n<\/section>\n\n\n<section class=\"image-text-static-image custom-block align-none  mobile-image-bottom   header-size-small text-size-small  \" style=''>\n\n    <div class=\"gutenberg-block-background\"><\/div>\n    <div class=\"image-text-static-image__inner inner-container\">\n                    <div class=\"image-text-static-image__content content-left\" style='--content-width: 49%'>\n                \n                <p>Web sitesi sahipleri, web sitelerine hangi IP adresinden eri\u015fildi\u011fini izler. Ayr\u0131ca, arama motorlar\u0131 ve \u00e7e\u015fitli istatistik hizmetleri sizinle ilgili olabilecek t\u00fcm bilgileri toplar. Kredi kart\u0131 bilgileri, ki\u015fisel veriler veya mesajlar gibi gizli bilgilere ula\u015fmaya \u00e7al\u0131\u015fan su\u00e7lular\u0131n say\u0131s\u0131n\u0131 da unutmamak gerekir.<\/p>\n<p>Sizinle ilgili bilgi toplayan herhangi bir ki\u015fi, ho\u015f olmayan ve kabul edilemez \u015feyler yapabilir. Ancak bir \u00e7\u00f6z\u00fcm var &#8211; Planet VPN! G\u00fcvenilir \u015fifrelemelerimiz sayesinde bilginizi \u00e7evrimi\u00e7i olarak \u00e7\u0131karmak imkans\u0131zd\u0131r. Geni\u015f kanal se\u00e7eneklerimiz ve son derece h\u0131zl\u0131 sunucular\u0131m\u0131z, internetinizi sadece g\u00fcvenli de\u011fil, ayn\u0131 zamanda kullan\u0131m\u0131 rahat hale getirir.<\/p>\n                \n                \n\n            <\/div>\n        \n                    <div class=\"bg-image-wrapper bg-image-wrapper--desktop  right image-align--center\" style='--image-max-width: 51%'>\n                <figure>\n                    <img width=\"436\" height=\"436\" src=\"https:\/\/freevpnplanet.com\/wp-content\/uploads\/2024\/06\/rvpn-watch.c8e51db1-20240628_175545_400134.svg\" class=\"attachment-full size-full\" alt=\"\" loading=\"lazy\" decoding=\"sync\" fetchpriority=\"low\" style=\"max-width:472px\" sizes=\"auto, (max-width: 472px) 100vw, 472px\" aria-hidden=\"true\" \/>                    <!-- <img decoding=\"async\" width=\"436\" height=\"436\" src=\"https:\/\/freevpnplanet.com\/wp-content\/uploads\/2024\/06\/rvpn-watch.c8e51db1-20240628_175545_400134.svg\" class=\"attachment-full size-full\" alt=\"\" style=\"max-width:472px\" \/> -->\n                <\/figure>\n            <\/div>\n        \n            <\/div>\n<\/section>\n\n\n<div class=\"wp-block-group alignfull has-background-blue-background-color has-background is-content-justification-center is-nowrap is-layout-flex wp-container-core-group-is-layout-1 wp-block-group-is-layout-flex\">\n<div class=\"wp-block-columns wp-container-content-1 is-layout-flex wp-container-core-columns-is-layout-1 wp-block-columns-is-layout-flex row-gap--20 stack-breakpoint--768\">\n<div class=\"wp-block-column is-layout-flow wp-block-column-is-layout-flow\" style=\"padding-right:var(--wp--preset--spacing--50);padding-left:var(--wp--preset--spacing--50)\">\n<section class=\"advanced-steps custom-block align-center  align-desktop-left align-mobile-left font-normal three-columns title-small image-shadow\" style=''>\n\n    <div class=\"gutenberg-block-background\"><\/div>\n    <div class=\"advanced-steps__container inner-container\">\n                    <div class=\"advanced-steps__intro\">\n                <h2 style=\"text-align: center;\">\u0130NTERNET G\u00d6ZET\u0130M\u0130NDEN KEND\u0130N\u0130Z\u0130 NASIL KORURSUNUZ?<\/h2>            <\/div>\n        \n        <ul class=\"advanced-steps__list advanced-steps__list--download-steps\" style='--columns-gap:50px'>\n                            <li style='--max-width:px'>\n                                            <h2 class=\"step-title\">1. \u0130ndir<\/h2>\n                    \n                                            <div class=\"image-wrapper\">\n                            <img decoding=\"async\" width=\"219\" height=\"170\" src=\"https:\/\/freevpnplanet.com\/wp-content\/uploads\/2024\/05\/rvpn-download.df91dd21-20240524_114147_333777.svg\" class=\"attachment-full size-full\" alt=\"Step 1\" \/>                        <\/div>\n\n                                                    <p><a href=\"https:\/\/freevpnplanet.com\/tr\/download\/\" target=\"_blank\" rel=\"noopener\" id=\"qa-advanced-step-content-link\">\u0130ndir<\/a> ve uygulamay\u0131 cihaz\u0131n\u0131za y\u00fckleyin<\/p>                                                            <\/li>\n                                <li style='--max-width:px'>\n                                            <h2 class=\"step-title\">2. Ba\u011flan<\/h2>\n                    \n                                            <div class=\"image-wrapper\">\n                            <img decoding=\"async\" width=\"220\" height=\"171\" src=\"https:\/\/freevpnplanet.com\/wp-content\/uploads\/2024\/05\/rvpn-login.60a645a1-20240524_114327_062578.svg\" class=\"attachment-full size-full\" alt=\"Step 1\" \/>                        <\/div>\n\n                                                    <p>Bir sunucumuza ba\u011flan\u0131n<\/p>                                                            <\/li>\n                                <li style='--max-width:px'>\n                                            <h2 class=\"step-title\">3. Ziyaret et<\/h2>\n                    \n                                            <div class=\"image-wrapper\">\n                            <img decoding=\"async\" width=\"219\" height=\"170\" src=\"https:\/\/freevpnplanet.com\/wp-content\/uploads\/2024\/05\/rvpn-connect.12ef9ce1-20240524_114733_838401.svg\" class=\"attachment-full size-full\" alt=\"Step 3\" \/>                        <\/div>\n\n                                                    <p>Herhangi bir web sitesini k\u0131s\u0131tlamas\u0131z ziyaret edin<\/p>                                                            <\/li>\n                        <\/ul>\n\n                    <div class=\"advanced-steps__cta\">\n                <a href=\"\/tr\/plans\/\" target=\"_self\" id=\"qa-cta-steps-btn\" class=\"cta download-by-platform cta--with-border cta-size--small cta-mt--initial icon-position--icon-left\" style=\"--border-radius:40px\"><span class=\"cta__name\">\u00dccretsiz \u0130ndir<\/span><\/a>            <\/div>\n        \n        \n        \n\n    <\/div>\n<\/section>\n<\/div>\n<\/div>\n<\/div>\n\n\n\n<section class=\"image-text-static-image custom-block align-none  mobile-image-bottom   header-size-small text-size-small  pb-0--desktop\" style=''>\n\n    <div class=\"gutenberg-block-background\"><\/div>\n    <div class=\"image-text-static-image__inner inner-container\">\n                    <div class=\"image-text-static-image__content content-left\" style='--content-width: 49%'>\n                                    <div class=\"image-text-static-image__title\">\n                        <h2 >\u00c7EVR\u0130M\u0130\u00c7\u0130 OLARAK NASIL \u0130ZLEN\u0130YORSUNUZ?<\/h2>                    <\/div>\n                \n                <p>A\u011fdaki her cihaz\u0131n kendi IP adresi vard\u0131r; hatta genel bir a\u011f \u00fczerinden internete eri\u015fseniz bile, d\u0131\u015f IP adresiniz benzersiz olmayabilir. A\u011f i\u00e7inde ayr\u0131ca bir yerel adres de vard\u0131r. Sa\u011flay\u0131c\u0131 veya a\u011f sahibi, yerel ve d\u0131\u015f IP adreslerini kolayca e\u015fle\u015ftirerek hareketlerinizi takip eder.<\/p>\n<p>A\u011f \u00fczerindeki t\u00fcm \u015fifrelenmemi\u015f eylemleriniz ve mesajlar\u0131n\u0131z kaydedilir, i\u015flenir ve birka\u00e7 aydan birka\u00e7 y\u0131la kadar saklan\u0131r.<\/p>\n                \n                \n\n            <\/div>\n        \n                    <div class=\"bg-image-wrapper bg-image-wrapper--desktop  right image-align--center\" style='--image-max-width: 51%'>\n                <figure>\n                    <img width=\"436\" height=\"436\" src=\"https:\/\/freevpnplanet.com\/wp-content\/uploads\/2024\/06\/rvpn-zoom.97114291-20240628_180539_548832.svg\" class=\"attachment-full size-full\" alt=\"\" loading=\"lazy\" decoding=\"sync\" fetchpriority=\"low\" style=\"max-width:472px\" sizes=\"auto, (max-width: 472px) 100vw, 472px\" aria-hidden=\"true\" \/>                    <!-- <img decoding=\"async\" width=\"436\" height=\"436\" src=\"https:\/\/freevpnplanet.com\/wp-content\/uploads\/2024\/06\/rvpn-zoom.97114291-20240628_180539_548832.svg\" class=\"attachment-full size-full\" alt=\"\" style=\"max-width:472px\" \/> -->\n                <\/figure>\n            <\/div>\n        \n            <\/div>\n<\/section>\n\n\n<section class=\"image-text-static-image custom-block align-none  mobile-image-bottom   header-size-small text-size-small  \" style=''>\n\n    <div class=\"gutenberg-block-background\"><\/div>\n    <div class=\"image-text-static-image__inner inner-container\">\n                    <div class=\"image-text-static-image__content content-right\" style='--content-width: 49%'>\n                \n                <p>A\u011fda daha bir\u00e7ok izleme teknolojisi bulunmaktad\u0131r, ancak bunlar\u0131n hepsi, sizinle sunucu aras\u0131nda \u015fifrelenmi\u015f bir t\u00fcnel olu\u015fturan VPN teknolojisi kar\u015f\u0131s\u0131nda etkisizdir. Bu t\u00fcnel, internet etkinli\u011finizi kesintiye u\u011fratmay\u0131 imk\u00e2ns\u0131z hale getirir.<\/p>\n<p>Bu nedenle, kimse bilgilerinizi herhangi bir ama\u00e7 i\u00e7in kullanamaz. Planet VPN, g\u00fc\u00e7l\u00fc \u015fifreleme, veri ve sunucu aras\u0131nda h\u0131zl\u0131 transfer kanallar\u0131 sa\u011flar ve veri kayd\u0131 ile depolaman\u0131n tamamen olmamas\u0131n\u0131 garanti eder.<\/p>\n                \n                \n\n            <\/div>\n        \n                    <div class=\"bg-image-wrapper bg-image-wrapper--desktop  left image-align--center\" style='--image-max-width: 51%'>\n                <figure>\n                    <img width=\"436\" height=\"436\" src=\"https:\/\/freevpnplanet.com\/wp-content\/uploads\/2024\/06\/rvpn-tech.7ca10ed1-20240628_180601_644317.svg\" class=\"attachment-full size-full\" alt=\"\" loading=\"lazy\" decoding=\"sync\" fetchpriority=\"low\" style=\"max-width:472px\" sizes=\"auto, (max-width: 472px) 100vw, 472px\" aria-hidden=\"true\" \/>                    <!-- <img decoding=\"async\" width=\"436\" height=\"436\" src=\"https:\/\/freevpnplanet.com\/wp-content\/uploads\/2024\/06\/rvpn-tech.7ca10ed1-20240628_180601_644317.svg\" class=\"attachment-full size-full\" alt=\"\" style=\"max-width:472px\" \/> -->\n                <\/figure>\n            <\/div>\n        \n            <\/div>\n<\/section>\n\n\n<section class=\"image-text-static-image custom-block align-none  mobile-image-bottom   header-size-small text-size-small  \" style='--background-color:var(--dark-blue-0); --text-color:var(--white)'>\n\n    <div class=\"gutenberg-block-background\"><\/div>\n    <div class=\"image-text-static-image__inner inner-container\">\n                    <div class=\"image-text-static-image__content content-right\" style='--content-width: 51%'>\n                                    <div class=\"image-text-static-image__title\">\n                        <h2 >ARTIK \u0130ZLENM\u0130YORSUNUZ<\/h2>                    <\/div>\n                \n                <p>Bug\u00fcn, arama motorlar\u0131, sa\u011flay\u0131c\u0131lar ve web siteleri, her kullan\u0131c\u0131 hakk\u0131nda farkl\u0131 ama\u00e7larla veri okuma f\u0131rsat\u0131na sahiptir. Bunlar\u0131n en zarars\u0131z\u0131 sinir bozucu reklamlar\u0131n da\u011f\u0131t\u0131lmas\u0131d\u0131r. Ancak, bu bilgiler doland\u0131r\u0131c\u0131lardan birinin eline ge\u00e7erse, ki\u015fisel ve finansal verilerin \u00e7al\u0131nmas\u0131 ka\u00e7\u0131n\u0131lmazd\u0131r.<\/p>\n<p>Sizi herhangi bir s\u0131z\u0131nt\u0131 ve\/veya internet etkinli\u011finizin izlenmesinden korumak i\u00e7in g\u00fc\u00e7l\u00fc, 256-bit \u015fifreleme kullan\u0131yoruz. Planet VPN kullanarak IP adresinizi gizler ve gezintinizi tamamen anonim hale getirirsiniz.<\/p>\n<p>\u0130nternetteki etkinliklerinizi kaydetmiyoruz. Bu nedenle, t\u00fcm eylemleriniz tamamen anonim kalacakt\u0131r. Anonim gezinti, banka hesab\u0131 ve kredi kart\u0131 verilerini, ki\u015fisel ve i\u015f bilgilerini, herhangi bir t\u00fcr \u00e7evrimi\u00e7i mesaj\u0131 ve \u00e7ok daha fazlas\u0131n\u0131 s\u0131zd\u0131r\u0131c\u0131lardan koruman\u0131za olanak tan\u0131r.<\/p>\n                                    <div class=\"image-text-static-image__cta\">\n                                                    <a href=\"\/tr\/plans\/\" target=\"_self\" id=\"qa-cta-ready-btn\" class=\"cta download-by-platform cta--with-border cta-size--small cta-mt--initial icon-position--icon-left\" style=\"--border-radius:40px\"><span class=\"cta__name\">\u00dccretsiz \u0130ndir<\/span><\/a>                                            <\/div>\n                \n                \n\n            <\/div>\n        \n                    <div class=\"bg-image-wrapper bg-image-wrapper--desktop  left image-align--center\" style='--image-max-width: 49%'>\n                <figure>\n                    <img width=\"444\" height=\"444\" src=\"https:\/\/freevpnplanet.com\/wp-content\/uploads\/2024\/07\/rvpn-no-spy.345c7111-20240701_151227_904235.svg\" class=\"attachment-full size-full\" alt=\"\" loading=\"lazy\" decoding=\"sync\" fetchpriority=\"low\" style=\"max-width:444px\" sizes=\"auto, (max-width: 444px) 100vw, 444px\" aria-hidden=\"true\" \/>                    <!-- <img decoding=\"async\" width=\"444\" height=\"444\" src=\"https:\/\/freevpnplanet.com\/wp-content\/uploads\/2024\/07\/rvpn-no-spy.345c7111-20240701_151227_904235.svg\" class=\"attachment-full size-full\" alt=\"\" style=\"max-width:444px\" \/> -->\n                <\/figure>\n            <\/div>\n        \n            <\/div>\n<\/section>","protected":false},"excerpt":{"rendered":"","protected":false},"author":39,"featured_media":0,"parent":0,"menu_order":0,"comment_status":"closed","ping_status":"closed","template":"templates\/page_template-basic_for_gutenberg.php","meta":{"_acf_changed":false,"inline_featured_image":false,"footnotes":""},"download_by_lite_tag":[],"class_list":["post-102002","page","type-page","status-publish","hentry"],"yoast_head":"<!-- This site is optimized with the Yoast SEO plugin v22.6 - https:\/\/yoast.com\/wordpress\/plugins\/seo\/ -->\n<title>\u0130nternet Korumas\u0131 i\u00e7in \u00dccretsiz VPN - \u00c7evrimi\u00e7i verilerinizi koruyun<\/title>\n<meta name=\"description\" content=\"Kendinizi \u00e7evrimi\u00e7i g\u00f6zetimden koruyun. Planet VPN&#039;in g\u00fcvenilir korumas\u0131yla \u00e7evrimi\u00e7i etkinli\u011finizi yetkisiz ki\u015filerden gizleyin.\" \/>\n<meta name=\"robots\" content=\"index, follow, max-snippet:-1, max-image-preview:large, max-video-preview:-1\" \/>\n<link rel=\"canonical\" href=\"https:\/\/freevpnplanet.com\/tr\/data-protection-security\/\" \/>\n<meta property=\"og:locale\" content=\"tr_TR\" \/>\n<meta property=\"og:type\" content=\"article\" \/>\n<meta property=\"og:title\" content=\"\u0130nternet Korumas\u0131 i\u00e7in \u00dccretsiz VPN - \u00c7evrimi\u00e7i verilerinizi koruyun\" \/>\n<meta property=\"og:description\" content=\"Kendinizi \u00e7evrimi\u00e7i g\u00f6zetimden koruyun. Planet VPN&#039;in g\u00fcvenilir korumas\u0131yla \u00e7evrimi\u00e7i etkinli\u011finizi yetkisiz ki\u015filerden gizleyin.\" \/>\n<meta property=\"og:url\" content=\"https:\/\/freevpnplanet.com\/tr\/data-protection-security\/\" \/>\n<meta property=\"og:site_name\" content=\"Planet VPN\" \/>\n<meta property=\"article:modified_time\" content=\"2026-02-12T15:00:23+00:00\" \/>\n<meta name=\"twitter:card\" content=\"summary_large_image\" \/>\n<script type=\"application\/ld+json\" class=\"yoast-schema-graph\">{\"@context\":\"https:\/\/schema.org\",\"@graph\":[{\"@type\":\"WebPage\",\"@id\":\"https:\/\/freevpnplanet.com\/tr\/data-protection-security\/\",\"url\":\"https:\/\/freevpnplanet.com\/tr\/data-protection-security\/\",\"name\":\"\u0130nternet Korumas\u0131 i\u00e7in \u00dccretsiz VPN - \u00c7evrimi\u00e7i verilerinizi koruyun\",\"isPartOf\":{\"@id\":\"https:\/\/freevpnplanet.com\/tr\/#website\"},\"datePublished\":\"2024-06-28T14:47:49+00:00\",\"dateModified\":\"2026-02-12T15:00:23+00:00\",\"description\":\"Kendinizi \u00e7evrimi\u00e7i g\u00f6zetimden koruyun. Planet VPN'in g\u00fcvenilir korumas\u0131yla \u00e7evrimi\u00e7i etkinli\u011finizi yetkisiz ki\u015filerden gizleyin.\",\"breadcrumb\":{\"@id\":\"https:\/\/freevpnplanet.com\/tr\/data-protection-security\/#breadcrumb\"},\"inLanguage\":\"tr\",\"potentialAction\":[{\"@type\":\"ReadAction\",\"target\":[\"https:\/\/freevpnplanet.com\/tr\/data-protection-security\/\"]}]},{\"@type\":\"BreadcrumbList\",\"@id\":\"https:\/\/freevpnplanet.com\/tr\/data-protection-security\/#breadcrumb\",\"itemListElement\":[{\"@type\":\"ListItem\",\"position\":1,\"name\":\"Home\",\"item\":\"https:\/\/freevpnplanet.com\/tr\/\"},{\"@type\":\"ListItem\",\"position\":2,\"name\":\"Data Protection Security\"}]},{\"@type\":\"WebSite\",\"@id\":\"https:\/\/freevpnplanet.com\/tr\/#website\",\"url\":\"https:\/\/freevpnplanet.com\/tr\/\",\"name\":\"Planet VPN \ud83d\udee1\ufe0f\ud83c\udf10 Free VPN\",\"description\":\"Free VPN\",\"potentialAction\":[{\"@type\":\"SearchAction\",\"target\":{\"@type\":\"EntryPoint\",\"urlTemplate\":\"https:\/\/freevpnplanet.com\/tr\/?s={search_term_string}\"},\"query-input\":\"required name=search_term_string\"}],\"inLanguage\":\"tr\",\"publisher\":{\"@id\":\"https:\/\/freevpnplanet.com\/tr\/#organization\"}},{\"@context\":\"https:\/\/schema.org\/\",\"@type\":\"SoftwareApplication\",\"name\":\"Planet VPN \ud83d\udee1\ufe0f\ud83c\udf10 Free VPN\",\"operatingSystem\":\"Windows, macOS, iOS, Android, Linux, Chrome\",\"applicationCategory\":\"SecurityApplication\",\"offers\":{\"@type\":\"AggregateOffer\",\"priceCurrency\":\"USD\",\"price\":\"0\",\"lowPrice\":\"0\",\"availability\":\"https:\/\/schema.org\/InStock\"},\"aggregateRating\":{\"@type\":\"AggregateRating\",\"ratingValue\":\"4.8\",\"bestRating\":\"5\",\"ratingCount\":\"12476\"}},{\"@type\":\"Organization\",\"@id\":\"https:\/\/freevpnplanet.com\/tr\/#organization\",\"url\":\"https:\/\/freevpnplanet.com\/tr\/\",\"name\":\"Planet VPN \ud83d\udee1\ufe0f\ud83c\udf10 Free VPN\"}]}<\/script>\n<!-- \/ Yoast SEO plugin. -->","yoast_head_json":{"title":"\u0130nternet Korumas\u0131 i\u00e7in \u00dccretsiz VPN - \u00c7evrimi\u00e7i verilerinizi koruyun","description":"Kendinizi \u00e7evrimi\u00e7i g\u00f6zetimden koruyun. Planet VPN'in g\u00fcvenilir korumas\u0131yla \u00e7evrimi\u00e7i etkinli\u011finizi yetkisiz ki\u015filerden gizleyin.","robots":{"index":"index","follow":"follow","max-snippet":"max-snippet:-1","max-image-preview":"max-image-preview:large","max-video-preview":"max-video-preview:-1"},"canonical":"https:\/\/freevpnplanet.com\/tr\/data-protection-security\/","og_locale":"tr_TR","og_type":"article","og_title":"\u0130nternet Korumas\u0131 i\u00e7in \u00dccretsiz VPN - \u00c7evrimi\u00e7i verilerinizi koruyun","og_description":"Kendinizi \u00e7evrimi\u00e7i g\u00f6zetimden koruyun. Planet VPN'in g\u00fcvenilir korumas\u0131yla \u00e7evrimi\u00e7i etkinli\u011finizi yetkisiz ki\u015filerden gizleyin.","og_url":"https:\/\/freevpnplanet.com\/tr\/data-protection-security\/","og_site_name":"Planet VPN","article_modified_time":"2026-02-12T15:00:23+00:00","twitter_card":"summary_large_image","schema":{"@context":"https:\/\/schema.org","@graph":[{"@type":"WebPage","@id":"https:\/\/freevpnplanet.com\/tr\/data-protection-security\/","url":"https:\/\/freevpnplanet.com\/tr\/data-protection-security\/","name":"\u0130nternet Korumas\u0131 i\u00e7in \u00dccretsiz VPN - \u00c7evrimi\u00e7i verilerinizi koruyun","isPartOf":{"@id":"https:\/\/freevpnplanet.com\/tr\/#website"},"datePublished":"2024-06-28T14:47:49+00:00","dateModified":"2026-02-12T15:00:23+00:00","description":"Kendinizi \u00e7evrimi\u00e7i g\u00f6zetimden koruyun. Planet VPN'in g\u00fcvenilir korumas\u0131yla \u00e7evrimi\u00e7i etkinli\u011finizi yetkisiz ki\u015filerden gizleyin.","breadcrumb":{"@id":"https:\/\/freevpnplanet.com\/tr\/data-protection-security\/#breadcrumb"},"inLanguage":"tr","potentialAction":[{"@type":"ReadAction","target":["https:\/\/freevpnplanet.com\/tr\/data-protection-security\/"]}]},{"@type":"BreadcrumbList","@id":"https:\/\/freevpnplanet.com\/tr\/data-protection-security\/#breadcrumb","itemListElement":[{"@type":"ListItem","position":1,"name":"Home","item":"https:\/\/freevpnplanet.com\/tr\/"},{"@type":"ListItem","position":2,"name":"Data Protection Security"}]},{"@type":"WebSite","@id":"https:\/\/freevpnplanet.com\/tr\/#website","url":"https:\/\/freevpnplanet.com\/tr\/","name":"Planet VPN \ud83d\udee1\ufe0f\ud83c\udf10 Free VPN","description":"Free VPN","potentialAction":[{"@type":"SearchAction","target":{"@type":"EntryPoint","urlTemplate":"https:\/\/freevpnplanet.com\/tr\/?s={search_term_string}"},"query-input":"required name=search_term_string"}],"inLanguage":"tr","publisher":{"@id":"https:\/\/freevpnplanet.com\/tr\/#organization"}},{"@context":"https:\/\/schema.org\/","@type":"SoftwareApplication","name":"Planet VPN \ud83d\udee1\ufe0f\ud83c\udf10 Free VPN","operatingSystem":"Windows, macOS, iOS, Android, Linux, Chrome","applicationCategory":"SecurityApplication","offers":{"@type":"AggregateOffer","priceCurrency":"USD","price":"0","lowPrice":"0","availability":"https:\/\/schema.org\/InStock"},"aggregateRating":{"@type":"AggregateRating","ratingValue":"4.8","bestRating":"5","ratingCount":"12476"}},{"@type":"Organization","@id":"https:\/\/freevpnplanet.com\/tr\/#organization","url":"https:\/\/freevpnplanet.com\/tr\/","name":"Planet VPN \ud83d\udee1\ufe0f\ud83c\udf10 Free VPN"}]}},"acf":[],"_links":{"self":[{"href":"https:\/\/freevpnplanet.com\/tr\/wp-json\/wp\/v2\/pages\/102002","targetHints":{"allow":["GET"]}}],"collection":[{"href":"https:\/\/freevpnplanet.com\/tr\/wp-json\/wp\/v2\/pages"}],"about":[{"href":"https:\/\/freevpnplanet.com\/tr\/wp-json\/wp\/v2\/types\/page"}],"author":[{"embeddable":true,"href":"https:\/\/freevpnplanet.com\/tr\/wp-json\/wp\/v2\/users\/39"}],"replies":[{"embeddable":true,"href":"https:\/\/freevpnplanet.com\/tr\/wp-json\/wp\/v2\/comments?post=102002"}],"version-history":[{"count":7,"href":"https:\/\/freevpnplanet.com\/tr\/wp-json\/wp\/v2\/pages\/102002\/revisions"}],"predecessor-version":[{"id":190473,"href":"https:\/\/freevpnplanet.com\/tr\/wp-json\/wp\/v2\/pages\/102002\/revisions\/190473"}],"wp:attachment":[{"href":"https:\/\/freevpnplanet.com\/tr\/wp-json\/wp\/v2\/media?parent=102002"}],"wp:term":[{"taxonomy":"download_by_lite_tag","embeddable":true,"href":"https:\/\/freevpnplanet.com\/tr\/wp-json\/wp\/v2\/download_by_lite_tag?post=102002"}],"curies":[{"name":"wp","href":"https:\/\/api.w.org\/{rel}","templated":true}]}}