{"id":102375,"date":"2024-07-01T18:45:04","date_gmt":"2024-07-01T15:45:04","guid":{"rendered":"https:\/\/help.freeplanetvpn.com\/encryption-of-internet-connection\/"},"modified":"2026-02-12T17:27:00","modified_gmt":"2026-02-12T14:27:00","slug":"encryption-of-internet-connection","status":"publish","type":"page","link":"https:\/\/freevpnplanet.com\/tr\/encryption-of-internet-connection\/","title":{"rendered":"Encryption of internet connection"},"content":{"rendered":"\n<section class=\"image-text-static-image custom-block align-none  mobile-image-bottom   header-size-small text-size-small  \" style='--background-color:var(--dark-blue-0); --text-color:var(--white)'>\n\n    <div class=\"gutenberg-block-background\"><\/div>\n    <div class=\"image-text-static-image__inner inner-container\">\n                    <div class=\"image-text-static-image__content content-left\" style='--content-width: 50%'>\n                                    <div class=\"image-text-static-image__title\">\n                        <h1 >\u00dccretsiz VPN ile veri \u015fifreleme ve g\u00fcvenlik<\/h1>                    <\/div>\n                \n                <p>Planet VPN sadece ger\u00e7ek IP&#8217;nizi gizlemekla kalmaz, ayn\u0131 zamanda t\u00fcm internet trafi\u011finizi g\u00fcvenli bir \u015fekilde \u015fifreler. Sa\u011flay\u0131c\u0131n\u0131z ya da ba\u011fland\u0131\u011f\u0131n\u0131z halka a\u00e7\u0131k Wi-Fi a\u011f\u0131n\u0131n sunucusu bile g\u00f6nderdi\u011finiz ve ald\u0131\u011f\u0131n\u0131z verilere eri\u015femez.<\/p>\n                                    <div class=\"image-text-static-image__cta\">\n                                                    <a href=\"\/tr\/plans\/\" target=\"_self\" id=\"qa-hero-cta-btn\" class=\"cta download-by-platform cta--with-border cta-size--small cta-mt--initial icon-position--icon-left\" style=\"--border-radius:40px\"><span class=\"cta__name\">\u00dccretsiz indirin<\/span><\/a>                                            <\/div>\n                \n                \n\n            <\/div>\n        \n                    <div class=\"bg-image-wrapper bg-image-wrapper--desktop  right image-align--center\" style='--image-max-width: 50%'>\n                <figure>\n                    <img width=\"581\" height=\"581\" src=\"https:\/\/freevpnplanet.com\/wp-content\/uploads\/2024\/07\/rvpn-illustration.96354e01-20240701_184724_295398.svg\" class=\"attachment-full size-full\" alt=\"\" loading=\"lazy\" decoding=\"sync\" fetchpriority=\"low\" style=\"max-width:600px\" sizes=\"auto, (max-width: 600px) 100vw, 600px\" aria-hidden=\"true\" \/>                    <!-- <img decoding=\"async\" width=\"581\" height=\"581\" src=\"https:\/\/freevpnplanet.com\/wp-content\/uploads\/2024\/07\/rvpn-illustration.96354e01-20240701_184724_295398.svg\" class=\"attachment-full size-full\" alt=\"\" style=\"max-width:600px\" \/> -->\n                <\/figure>\n            <\/div>\n        \n            <\/div>\n<\/section>\n\n\n<section class=\"image-text-static-image custom-block align-none  mobile-image-bottom  pb-0 header-size-small text-size-small  pb-0--desktop\" style=''>\n\n    <div class=\"gutenberg-block-background\"><\/div>\n    <div class=\"image-text-static-image__inner inner-container\">\n                    <div class=\"image-text-static-image__content content-right\" style='--content-width: 59%'>\n                \n                <h2>VPN \u015fifrelemesi nas\u0131l \u00e7al\u0131\u015f\u0131r?<\/h2>\n<p>Cihaz\u0131n\u0131z Planet VPN&#8217;e ba\u011fland\u0131\u011f\u0131nda, internet \u00fczerinden iletti\u011finiz t\u00fcm veriler g\u00fcvenilir 256-bit \u015fifreleme ile \u015fifrelenir ve bu \u015fifreleme yaln\u0131zca VPN sunucular\u0131nda \u00e7\u00f6z\u00fcl\u00fcr. Bu \u015fifreleme bi\u00e7imi internet \u00fczerinden veri iletiminin gizli kalmas\u0131n\u0131 sa\u011flar.<\/p>\n<p>\u015eifreleme, verilerin yaln\u0131zca \u015fifreyi \u00e7\u00f6zmek i\u00e7in gereken uygun ara\u00e7lara sahip yetkili al\u0131c\u0131 taraf\u0131ndan okunup kullan\u0131labilecek \u015fekilde kodlanmas\u0131 i\u015flemidir.<\/p>\n                \n                \n\n            <\/div>\n        \n                    <div class=\"bg-image-wrapper bg-image-wrapper--desktop  left image-align--left\" style='--image-max-width: 41%'>\n                <figure>\n                    <img width=\"436\" height=\"436\" src=\"https:\/\/freevpnplanet.com\/wp-content\/uploads\/2024\/06\/rvpn-zoom.97114291-20240628_180539_548832.svg\" class=\"attachment-full size-full\" alt=\"\" loading=\"lazy\" decoding=\"sync\" fetchpriority=\"low\" style=\"max-width:440px\" sizes=\"auto, (max-width: 440px) 100vw, 440px\" aria-hidden=\"true\" \/>                    <!-- <img decoding=\"async\" width=\"436\" height=\"436\" src=\"https:\/\/freevpnplanet.com\/wp-content\/uploads\/2024\/06\/rvpn-zoom.97114291-20240628_180539_548832.svg\" class=\"attachment-full size-full\" alt=\"\" style=\"max-width:440px\" \/> -->\n                <\/figure>\n            <\/div>\n        \n            <\/div>\n<\/section>\n\n\n<section class=\"image-text-static-image custom-block align-none  mobile-image-bottom   header-size-small text-size-small  \" style=''>\n\n    <div class=\"gutenberg-block-background\"><\/div>\n    <div class=\"image-text-static-image__inner inner-container\">\n                    <div class=\"image-text-static-image__content content-left\" style='--content-width: 59%'>\n                \n                <p>Aktif bir VPN ba\u011flant\u0131s\u0131 boru i\u00e7indeki bir boru gibidir; d\u0131\u015far\u0131dan hi\u00e7 kimse i\u00e7eri giremez ve orada ne oldu\u011funu \u00f6\u011frenemez. Herhangi biri bir \u015fekilde veri paketlerinizi ele ge\u00e7irse bile, cihaz\u0131n\u0131z ve VPN sunucusu aras\u0131ndaki veri al\u0131\u015fveri\u015fi s\u0131ras\u0131nda olu\u015fturulan benzersiz anahtara sahip olmadan onlarla hi\u00e7bir \u015fey yapamaz.<\/p>\n<p>Bu, Planet VPN hizmetini kullanarak \u0130nternet \u00fczerinden g\u00f6nderdi\u011finiz ve ald\u0131\u011f\u0131n\u0131z verilerin tam anonimli\u011fini, g\u00fcvenli\u011fini ve b\u00fct\u00fcnl\u00fc\u011f\u00fcn\u00fc garanti eder.<\/p>\n                \n                \n\n            <\/div>\n        \n                    <div class=\"bg-image-wrapper bg-image-wrapper--desktop  right image-align--center\" style='--image-max-width: 41%'>\n                <figure>\n                    <img width=\"328\" height=\"400\" src=\"https:\/\/freevpnplanet.com\/wp-content\/uploads\/2024\/07\/rvpn-crypt.b03ccf11-20240701_185224_014234.svg\" class=\"attachment-full size-full\" alt=\"\" loading=\"lazy\" decoding=\"sync\" fetchpriority=\"low\" style=\"max-width:330px\" sizes=\"auto, (max-width: 330px) 100vw, 330px\" aria-hidden=\"true\" \/>                    <!-- <img decoding=\"async\" width=\"328\" height=\"400\" src=\"https:\/\/freevpnplanet.com\/wp-content\/uploads\/2024\/07\/rvpn-crypt.b03ccf11-20240701_185224_014234.svg\" class=\"attachment-full size-full\" alt=\"\" style=\"max-width:330px\" \/> -->\n                <\/figure>\n            <\/div>\n        \n            <\/div>\n<\/section>\n\n\n<div class=\"wp-block-group alignfull has-background-blue-background-color has-background is-content-justification-center is-nowrap is-layout-flex wp-container-core-group-is-layout-1 wp-block-group-is-layout-flex\" style=\"padding-right:0;padding-left:0\">\n<div class=\"wp-block-columns wp-container-content-1 is-layout-flex wp-container-core-columns-is-layout-1 wp-block-columns-is-layout-flex row-gap--20 stack-breakpoint--768\" style=\"padding-right:var(--wp--preset--spacing--40);padding-left:var(--wp--preset--spacing--40)\">\n<div class=\"wp-block-column is-layout-flow wp-block-column-is-layout-flow\">\n<section class=\"advanced-steps custom-block align-center  align-desktop-left align-mobile-left font-normal three-columns title-small image-shadow\" style=''>\n\n    <div class=\"gutenberg-block-background\"><\/div>\n    <div class=\"advanced-steps__container inner-container\">\n                    <div class=\"advanced-steps__intro\">\n                <h2 style=\"text-align: center;\">\u0130NTERNET TRAF\u0130\u011e\u0130 NASIL \u015e\u0130FRELEN\u0130R?<\/h2>            <\/div>\n        \n        <ul class=\"advanced-steps__list advanced-steps__list--download-steps\" style='--columns-gap:50px'>\n                            <li style='--max-width:px'>\n                                            <h2 class=\"step-title\">\u0130ndir<\/h2>\n                    \n                                            <div class=\"image-wrapper\">\n                            <img decoding=\"async\" width=\"219\" height=\"170\" src=\"https:\/\/freevpnplanet.com\/wp-content\/uploads\/2024\/05\/rvpn-download.df91dd21-20240524_114147_333777.svg\" class=\"attachment-full size-full\" alt=\"Step 1\" \/>                        <\/div>\n\n                                                    <p>VPN uygulamas\u0131n\u0131 cihaz\u0131n\u0131za <a href=\"https:\/\/freevpnplanet.com\/tr\/download\/\" id=\"qa-advanced-step-content-link\">indirin<\/a> ve kurun.<\/p>                                                            <\/li>\n                                <li style='--max-width:px'>\n                                            <h2 class=\"step-title\">Ba\u011flan<\/h2>\n                    \n                                            <div class=\"image-wrapper\">\n                            <img decoding=\"async\" width=\"220\" height=\"171\" src=\"https:\/\/freevpnplanet.com\/wp-content\/uploads\/2024\/05\/rvpn-login.60a645a1-20240524_114327_062578.svg\" class=\"attachment-full size-full\" alt=\"Step 1\" \/>                        <\/div>\n\n                                                    <p>Sunucular\u0131m\u0131zdan birine ba\u011flan\u0131n.<\/p>                                                            <\/li>\n                                <li style='--max-width:px'>\n                                            <h2 class=\"step-title\">Ziyaret Et<\/h2>\n                    \n                                            <div class=\"image-wrapper\">\n                            <img decoding=\"async\" width=\"219\" height=\"170\" src=\"https:\/\/freevpnplanet.com\/wp-content\/uploads\/2024\/05\/rvpn-connect.12ef9ce1-20240524_114733_838401.svg\" class=\"attachment-full size-full\" alt=\"Step 3\" \/>                        <\/div>\n\n                                                    <p>T\u00fcm websitelerini k\u0131s\u0131tlama olmadan ziyaret edin.<\/p>                                                            <\/li>\n                        <\/ul>\n\n                    <div class=\"advanced-steps__cta\">\n                <a href=\"\/tr\/plans\/\" target=\"_self\" id=\"qa-steps-btn-cta\" class=\"cta download-by-platform cta--with-border cta-size--small cta-mt--initial icon-position--icon-left\" style=\"--border-radius:40px\"><span class=\"cta__name\">\u00dccretsiz indirin<\/span><\/a>            <\/div>\n        \n        \n        \n\n    <\/div>\n<\/section>\n<\/div>\n<\/div>\n<\/div>\n\n\n\n<section class=\"image-text-static-image custom-block align-none  mobile-image-top   header-size-small text-size-small  \" style=''>\n\n    <div class=\"gutenberg-block-background\"><\/div>\n    <div class=\"image-text-static-image__inner inner-container\">\n                    <div class=\"image-text-static-image__content content-left\" style='--content-width: 50%'>\n                                    <div class=\"image-text-static-image__title\">\n                        <h2 >VPN \u015eifrelemesinin \u00d6nemi<\/h2>                    <\/div>\n                \n                <p>\u0130nternet sa\u011flay\u0131c\u0131lar, i\u015fverenler, halka a\u00e7\u0131k Wi-Fi a\u011flar\u0131n\u0131n sahipleri, site sahipleri &#8211; bunlar internet trafi\u011fini \u00e7e\u015fitli ama\u00e7larla ve s\u00fcrekli olarak g\u00f6zetleyenlerin k\u0131sa bir listesidir.<\/p>\n<p>Baz\u0131lar\u0131 ziyaret edilen kaynaklar\u0131 sans\u00fcrlemek ister. Di\u011ferleri \u00e7al\u0131\u015fanlar\u0131n\u0131n hangi i\u015fleri tamamlad\u0131\u011f\u0131n\u0131 takip eder ve baz\u0131lar\u0131 da ba\u011flant\u0131lar\u0131 tamamen meraktan g\u00f6zetler. \u0130nsanlar\u0131n internet \u00fczerinden yap\u0131lan aramalar\u0131 izlemesinin en yayg\u0131n nedeni, bu verilerin daha sonra en y\u00fcksek teklifi verene sat\u0131labilecek olmas\u0131d\u0131r.<\/p>\n<p>Planet VPN, g\u00fcn\u00fcm\u00fcz\u00fcn modern VPN teknolojileri ve 256-bit \u015fifreleme sayesinde sizi g\u00f6zetlenmekten ve verilerinizin ele ge\u00e7irilmesiyle ilgili di\u011fer sorunlardan korur.<\/p>\n                                    <div class=\"image-text-static-image__cta\">\n                                                    <a href=\"\/tr\/plans\/\" target=\"_self\" id=\"qa-cta-content-btn\" class=\"cta download-by-platform cta--with-border cta-size--small cta-mt--initial icon-position--icon-left\" style=\"--border-radius:40px\"><span class=\"cta__name\">\u00dccretsiz indirin<\/span><\/a>                                            <\/div>\n                \n                \n\n            <\/div>\n        \n                    <div class=\"bg-image-wrapper bg-image-wrapper--desktop  right image-align--center\" style='--image-max-width: 50%'>\n                <figure>\n                    <img width=\"434\" height=\"484\" src=\"https:\/\/freevpnplanet.com\/wp-content\/uploads\/2024\/07\/rvpn-crackmen.cda31d31-20240701_190109_785249.svg\" class=\"attachment-full size-full\" alt=\"\" loading=\"lazy\" decoding=\"sync\" fetchpriority=\"low\" style=\"max-width:440px\" sizes=\"auto, (max-width: 440px) 100vw, 440px\" aria-hidden=\"true\" \/>                    <!-- <img decoding=\"async\" width=\"434\" height=\"484\" src=\"https:\/\/freevpnplanet.com\/wp-content\/uploads\/2024\/07\/rvpn-crackmen.cda31d31-20240701_190109_785249.svg\" class=\"attachment-full size-full\" alt=\"\" style=\"max-width:440px\" \/> -->\n                <\/figure>\n            <\/div>\n        \n            <\/div>\n<\/section>","protected":false},"excerpt":{"rendered":"","protected":false},"author":39,"featured_media":0,"parent":0,"menu_order":0,"comment_status":"closed","ping_status":"closed","template":"templates\/page_template-basic_for_gutenberg.php","meta":{"_acf_changed":false,"inline_featured_image":false,"footnotes":""},"download_by_lite_tag":[],"class_list":["post-102375","page","type-page","status-publish","hentry"],"yoast_head":"<!-- This site is optimized with the Yoast SEO plugin v22.6 - https:\/\/yoast.com\/wordpress\/plugins\/seo\/ -->\n<title>\u00dccretsiz VPN ile veri \u015fifreleme - Planet VPN<\/title>\n<meta name=\"description\" content=\"Planet VPN sadece ger\u00e7ek IP&#039;nizi gizlemekla kalmaz, ayn\u0131 zamanda t\u00fcm internet trafi\u011finizi g\u00fcvenli bir \u015fekilde \u015fifreler. Planet VPN ile \u015fifrelemeyi deneyin, verilerinizi doland\u0131r\u0131c\u0131lardan koruyun.\" \/>\n<meta name=\"robots\" content=\"index, follow, max-snippet:-1, max-image-preview:large, max-video-preview:-1\" \/>\n<link rel=\"canonical\" href=\"https:\/\/freevpnplanet.com\/tr\/encryption-of-internet-connection\/\" \/>\n<meta property=\"og:locale\" content=\"tr_TR\" \/>\n<meta property=\"og:type\" content=\"article\" \/>\n<meta property=\"og:title\" content=\"\u00dccretsiz VPN ile veri \u015fifreleme - Planet VPN\" \/>\n<meta property=\"og:description\" content=\"Planet VPN sadece ger\u00e7ek IP&#039;nizi gizlemekla kalmaz, ayn\u0131 zamanda t\u00fcm internet trafi\u011finizi g\u00fcvenli bir \u015fekilde \u015fifreler. Planet VPN ile \u015fifrelemeyi deneyin, verilerinizi doland\u0131r\u0131c\u0131lardan koruyun.\" \/>\n<meta property=\"og:url\" content=\"https:\/\/freevpnplanet.com\/tr\/encryption-of-internet-connection\/\" \/>\n<meta property=\"og:site_name\" content=\"Planet VPN\" \/>\n<meta property=\"article:modified_time\" content=\"2026-02-12T14:27:00+00:00\" \/>\n<meta name=\"twitter:card\" content=\"summary_large_image\" \/>\n<script type=\"application\/ld+json\" class=\"yoast-schema-graph\">{\"@context\":\"https:\/\/schema.org\",\"@graph\":[{\"@type\":\"WebPage\",\"@id\":\"https:\/\/freevpnplanet.com\/tr\/encryption-of-internet-connection\/\",\"url\":\"https:\/\/freevpnplanet.com\/tr\/encryption-of-internet-connection\/\",\"name\":\"\u00dccretsiz VPN ile veri \u015fifreleme - Planet VPN\",\"isPartOf\":{\"@id\":\"https:\/\/freevpnplanet.com\/tr\/#website\"},\"datePublished\":\"2024-07-01T15:45:04+00:00\",\"dateModified\":\"2026-02-12T14:27:00+00:00\",\"description\":\"Planet VPN sadece ger\u00e7ek IP'nizi gizlemekla kalmaz, ayn\u0131 zamanda t\u00fcm internet trafi\u011finizi g\u00fcvenli bir \u015fekilde \u015fifreler. Planet VPN ile \u015fifrelemeyi deneyin, verilerinizi doland\u0131r\u0131c\u0131lardan koruyun.\",\"breadcrumb\":{\"@id\":\"https:\/\/freevpnplanet.com\/tr\/encryption-of-internet-connection\/#breadcrumb\"},\"inLanguage\":\"tr\",\"potentialAction\":[{\"@type\":\"ReadAction\",\"target\":[\"https:\/\/freevpnplanet.com\/tr\/encryption-of-internet-connection\/\"]}]},{\"@type\":\"BreadcrumbList\",\"@id\":\"https:\/\/freevpnplanet.com\/tr\/encryption-of-internet-connection\/#breadcrumb\",\"itemListElement\":[{\"@type\":\"ListItem\",\"position\":1,\"name\":\"Home\",\"item\":\"https:\/\/freevpnplanet.com\/tr\/\"},{\"@type\":\"ListItem\",\"position\":2,\"name\":\"Encryption of internet connection\"}]},{\"@type\":\"WebSite\",\"@id\":\"https:\/\/freevpnplanet.com\/tr\/#website\",\"url\":\"https:\/\/freevpnplanet.com\/tr\/\",\"name\":\"Planet VPN \ud83d\udee1\ufe0f\ud83c\udf10 Free VPN\",\"description\":\"Free VPN\",\"potentialAction\":[{\"@type\":\"SearchAction\",\"target\":{\"@type\":\"EntryPoint\",\"urlTemplate\":\"https:\/\/freevpnplanet.com\/tr\/?s={search_term_string}\"},\"query-input\":\"required name=search_term_string\"}],\"inLanguage\":\"tr\",\"publisher\":{\"@id\":\"https:\/\/freevpnplanet.com\/tr\/#organization\"}},{\"@context\":\"https:\/\/schema.org\/\",\"@type\":\"SoftwareApplication\",\"name\":\"Planet VPN \ud83d\udee1\ufe0f\ud83c\udf10 Free VPN\",\"operatingSystem\":\"Windows, macOS, iOS, Android, Linux, Chrome\",\"applicationCategory\":\"SecurityApplication\",\"offers\":{\"@type\":\"AggregateOffer\",\"priceCurrency\":\"USD\",\"price\":\"0\",\"lowPrice\":\"0\",\"availability\":\"https:\/\/schema.org\/InStock\"},\"aggregateRating\":{\"@type\":\"AggregateRating\",\"ratingValue\":\"4.8\",\"bestRating\":\"5\",\"ratingCount\":\"12476\"}},{\"@type\":\"Organization\",\"@id\":\"https:\/\/freevpnplanet.com\/tr\/#organization\",\"url\":\"https:\/\/freevpnplanet.com\/tr\/\",\"name\":\"Planet VPN \ud83d\udee1\ufe0f\ud83c\udf10 Free VPN\"}]}<\/script>\n<!-- \/ Yoast SEO plugin. -->","yoast_head_json":{"title":"\u00dccretsiz VPN ile veri \u015fifreleme - Planet VPN","description":"Planet VPN sadece ger\u00e7ek IP'nizi gizlemekla kalmaz, ayn\u0131 zamanda t\u00fcm internet trafi\u011finizi g\u00fcvenli bir \u015fekilde \u015fifreler. Planet VPN ile \u015fifrelemeyi deneyin, verilerinizi doland\u0131r\u0131c\u0131lardan koruyun.","robots":{"index":"index","follow":"follow","max-snippet":"max-snippet:-1","max-image-preview":"max-image-preview:large","max-video-preview":"max-video-preview:-1"},"canonical":"https:\/\/freevpnplanet.com\/tr\/encryption-of-internet-connection\/","og_locale":"tr_TR","og_type":"article","og_title":"\u00dccretsiz VPN ile veri \u015fifreleme - Planet VPN","og_description":"Planet VPN sadece ger\u00e7ek IP'nizi gizlemekla kalmaz, ayn\u0131 zamanda t\u00fcm internet trafi\u011finizi g\u00fcvenli bir \u015fekilde \u015fifreler. Planet VPN ile \u015fifrelemeyi deneyin, verilerinizi doland\u0131r\u0131c\u0131lardan koruyun.","og_url":"https:\/\/freevpnplanet.com\/tr\/encryption-of-internet-connection\/","og_site_name":"Planet VPN","article_modified_time":"2026-02-12T14:27:00+00:00","twitter_card":"summary_large_image","schema":{"@context":"https:\/\/schema.org","@graph":[{"@type":"WebPage","@id":"https:\/\/freevpnplanet.com\/tr\/encryption-of-internet-connection\/","url":"https:\/\/freevpnplanet.com\/tr\/encryption-of-internet-connection\/","name":"\u00dccretsiz VPN ile veri \u015fifreleme - Planet VPN","isPartOf":{"@id":"https:\/\/freevpnplanet.com\/tr\/#website"},"datePublished":"2024-07-01T15:45:04+00:00","dateModified":"2026-02-12T14:27:00+00:00","description":"Planet VPN sadece ger\u00e7ek IP'nizi gizlemekla kalmaz, ayn\u0131 zamanda t\u00fcm internet trafi\u011finizi g\u00fcvenli bir \u015fekilde \u015fifreler. Planet VPN ile \u015fifrelemeyi deneyin, verilerinizi doland\u0131r\u0131c\u0131lardan koruyun.","breadcrumb":{"@id":"https:\/\/freevpnplanet.com\/tr\/encryption-of-internet-connection\/#breadcrumb"},"inLanguage":"tr","potentialAction":[{"@type":"ReadAction","target":["https:\/\/freevpnplanet.com\/tr\/encryption-of-internet-connection\/"]}]},{"@type":"BreadcrumbList","@id":"https:\/\/freevpnplanet.com\/tr\/encryption-of-internet-connection\/#breadcrumb","itemListElement":[{"@type":"ListItem","position":1,"name":"Home","item":"https:\/\/freevpnplanet.com\/tr\/"},{"@type":"ListItem","position":2,"name":"Encryption of internet connection"}]},{"@type":"WebSite","@id":"https:\/\/freevpnplanet.com\/tr\/#website","url":"https:\/\/freevpnplanet.com\/tr\/","name":"Planet VPN \ud83d\udee1\ufe0f\ud83c\udf10 Free VPN","description":"Free VPN","potentialAction":[{"@type":"SearchAction","target":{"@type":"EntryPoint","urlTemplate":"https:\/\/freevpnplanet.com\/tr\/?s={search_term_string}"},"query-input":"required name=search_term_string"}],"inLanguage":"tr","publisher":{"@id":"https:\/\/freevpnplanet.com\/tr\/#organization"}},{"@context":"https:\/\/schema.org\/","@type":"SoftwareApplication","name":"Planet VPN \ud83d\udee1\ufe0f\ud83c\udf10 Free VPN","operatingSystem":"Windows, macOS, iOS, Android, Linux, Chrome","applicationCategory":"SecurityApplication","offers":{"@type":"AggregateOffer","priceCurrency":"USD","price":"0","lowPrice":"0","availability":"https:\/\/schema.org\/InStock"},"aggregateRating":{"@type":"AggregateRating","ratingValue":"4.8","bestRating":"5","ratingCount":"12476"}},{"@type":"Organization","@id":"https:\/\/freevpnplanet.com\/tr\/#organization","url":"https:\/\/freevpnplanet.com\/tr\/","name":"Planet VPN \ud83d\udee1\ufe0f\ud83c\udf10 Free VPN"}]}},"acf":[],"_links":{"self":[{"href":"https:\/\/freevpnplanet.com\/tr\/wp-json\/wp\/v2\/pages\/102375","targetHints":{"allow":["GET"]}}],"collection":[{"href":"https:\/\/freevpnplanet.com\/tr\/wp-json\/wp\/v2\/pages"}],"about":[{"href":"https:\/\/freevpnplanet.com\/tr\/wp-json\/wp\/v2\/types\/page"}],"author":[{"embeddable":true,"href":"https:\/\/freevpnplanet.com\/tr\/wp-json\/wp\/v2\/users\/39"}],"replies":[{"embeddable":true,"href":"https:\/\/freevpnplanet.com\/tr\/wp-json\/wp\/v2\/comments?post=102375"}],"version-history":[{"count":6,"href":"https:\/\/freevpnplanet.com\/tr\/wp-json\/wp\/v2\/pages\/102375\/revisions"}],"predecessor-version":[{"id":190458,"href":"https:\/\/freevpnplanet.com\/tr\/wp-json\/wp\/v2\/pages\/102375\/revisions\/190458"}],"wp:attachment":[{"href":"https:\/\/freevpnplanet.com\/tr\/wp-json\/wp\/v2\/media?parent=102375"}],"wp:term":[{"taxonomy":"download_by_lite_tag","embeddable":true,"href":"https:\/\/freevpnplanet.com\/tr\/wp-json\/wp\/v2\/download_by_lite_tag?post=102375"}],"curies":[{"name":"wp","href":"https:\/\/api.w.org\/{rel}","templated":true}]}}